{"id":1070,"date":"2019-03-28T10:33:21","date_gmt":"2019-03-28T09:33:21","guid":{"rendered":"https:\/\/re-preprod-entreprendre.fr\/occitanie-mediterranee\/?page_id=1070"},"modified":"2021-10-26T16:47:43","modified_gmt":"2021-10-26T14:47:43","slug":"coming-web","status":"publish","type":"page","link":"https:\/\/www.reseau-entreprendre.org\/occitanie-mediterranee\/coming-web\/","title":{"rendered":"Coming Web"},"content":{"rendered":"\n<div class=\"wp-block-image\"><figure class=\"alignleft\"><img loading=\"lazy\" decoding=\"async\" width=\"300\" height=\"121\" src=\"https:\/\/www.reseau-entreprendre.org\/occitanie-mediterranee\/wp-content\/uploads\/sites\/14\/2018\/10\/coming-web-300x121.jpg\" alt=\"\" class=\"wp-image-574\" srcset=\"https:\/\/www.reseau-entreprendre.org\/occitanie-mediterranee\/wp-content\/uploads\/sites\/14\/2018\/10\/coming-web-300x121.jpg 300w, https:\/\/www.reseau-entreprendre.org\/occitanie-mediterranee\/wp-content\/uploads\/sites\/14\/2018\/10\/coming-web.jpg 301w\" sizes=\"auto, (max-width: 300px) 100vw, 300px\" \/><\/figure><\/div>\n\n\n\n<p><br><em>&#8220;<\/em>Coming-web\u00ae est une soci\u00e9t\u00e9 tourn\u00e9e vers le web 3.0.<em> C&#8217;<\/em>est une agence de cr\u00e9ation de site internet et de d\u00e9veloppement web sur mesure pour les professionnels, ainsi qu&#8217;une agence de webmarketing&#8221;<\/p>\n","protected":false},"excerpt":{"rendered":"<p>&#8220;Coming-web\u00ae est une soci\u00e9t\u00e9 tourn\u00e9e vers le web 3.0. C&#8217;est<\/p>\n","protected":false},"author":14,"featured_media":0,"parent":0,"menu_order":0,"comment_status":"closed","ping_status":"closed","template":"","meta":{"_acf_changed":false,"_monsterinsights_skip_tracking":false,"_monsterinsights_sitenote_active":false,"_monsterinsights_sitenote_note":"","_monsterinsights_sitenote_category":0,"footnotes":""},"class_list":["post-1070","page","type-page","status-publish","hentry"],"acf":[],"yoast_head":"<!-- This site is optimized with the Yoast SEO plugin v27.4 - https:\/\/yoast.com\/product\/yoast-seo-wordpress\/ -->\n<title>Coming Web - R\u00e9seau Entreprendre Occitanie M\u00e9diterran\u00e9e<\/title>\n<meta name=\"robots\" content=\"index, follow, max-snippet:-1, max-image-preview:large, max-video-preview:-1\" \/>\n<link rel=\"canonical\" href=\"https:\/\/www.reseau-entreprendre.org\/occitanie-mediterranee\/coming-web\/\" \/>\n<meta property=\"og:locale\" content=\"fr_FR\" \/>\n<meta property=\"og:type\" content=\"article\" \/>\n<meta property=\"og:title\" content=\"Coming Web - R\u00e9seau Entreprendre Occitanie M\u00e9diterran\u00e9e\" \/>\n<meta property=\"og:description\" content=\"&#8220;Coming-web\u00ae est une soci\u00e9t\u00e9 tourn\u00e9e vers le web 3.0. C&#8217;est\" \/>\n<meta property=\"og:url\" content=\"https:\/\/www.reseau-entreprendre.org\/occitanie-mediterranee\/coming-web\/\" \/>\n<meta property=\"og:site_name\" content=\"R\u00e9seau Entreprendre Occitanie M\u00e9diterran\u00e9e\" \/>\n<meta property=\"article:modified_time\" content=\"2021-10-26T14:47:43+00:00\" \/>\n<meta property=\"og:image\" content=\"https:\/\/www.reseau-entreprendre.org\/occitanie-mediterranee\/wp-content\/uploads\/sites\/14\/2018\/10\/coming-web-300x121.jpg\" \/>\n<meta name=\"twitter:card\" content=\"summary_large_image\" \/>\n<meta name=\"twitter:label1\" content=\"Dur\u00e9e de lecture estim\u00e9e\" \/>\n\t<meta name=\"twitter:data1\" content=\"1 minute\" \/>\n<script type=\"application\/ld+json\" class=\"yoast-schema-graph\">{\"@context\":\"https:\\\/\\\/schema.org\",\"@graph\":[{\"@type\":\"WebPage\",\"@id\":\"https:\\\/\\\/www.reseau-entreprendre.org\\\/occitanie-mediterranee\\\/coming-web\\\/\",\"url\":\"https:\\\/\\\/www.reseau-entreprendre.org\\\/occitanie-mediterranee\\\/coming-web\\\/\",\"name\":\"Coming Web - R\u00e9seau Entreprendre Occitanie M\u00e9diterran\u00e9e\",\"isPartOf\":{\"@id\":\"https:\\\/\\\/www.reseau-entreprendre.org\\\/occitanie-mediterranee\\\/#website\"},\"primaryImageOfPage\":{\"@id\":\"https:\\\/\\\/www.reseau-entreprendre.org\\\/occitanie-mediterranee\\\/coming-web\\\/#primaryimage\"},\"image\":{\"@id\":\"https:\\\/\\\/www.reseau-entreprendre.org\\\/occitanie-mediterranee\\\/coming-web\\\/#primaryimage\"},\"thumbnailUrl\":\"https:\\\/\\\/www.reseau-entreprendre.org\\\/occitanie-mediterranee\\\/wp-content\\\/uploads\\\/sites\\\/14\\\/2018\\\/10\\\/coming-web-300x121.jpg\",\"datePublished\":\"2019-03-28T09:33:21+00:00\",\"dateModified\":\"2021-10-26T14:47:43+00:00\",\"breadcrumb\":{\"@id\":\"https:\\\/\\\/www.reseau-entreprendre.org\\\/occitanie-mediterranee\\\/coming-web\\\/#breadcrumb\"},\"inLanguage\":\"fr-FR\",\"potentialAction\":[{\"@type\":\"ReadAction\",\"target\":[\"https:\\\/\\\/www.reseau-entreprendre.org\\\/occitanie-mediterranee\\\/coming-web\\\/\"]}]},{\"@type\":\"ImageObject\",\"inLanguage\":\"fr-FR\",\"@id\":\"https:\\\/\\\/www.reseau-entreprendre.org\\\/occitanie-mediterranee\\\/coming-web\\\/#primaryimage\",\"url\":\"https:\\\/\\\/www.reseau-entreprendre.org\\\/occitanie-mediterranee\\\/wp-content\\\/uploads\\\/sites\\\/14\\\/2018\\\/10\\\/coming-web.jpg\",\"contentUrl\":\"https:\\\/\\\/www.reseau-entreprendre.org\\\/occitanie-mediterranee\\\/wp-content\\\/uploads\\\/sites\\\/14\\\/2018\\\/10\\\/coming-web.jpg\",\"width\":301,\"height\":121},{\"@type\":\"BreadcrumbList\",\"@id\":\"https:\\\/\\\/www.reseau-entreprendre.org\\\/occitanie-mediterranee\\\/coming-web\\\/#breadcrumb\",\"itemListElement\":[{\"@type\":\"ListItem\",\"position\":1,\"name\":\"Accueil\",\"item\":\"https:\\\/\\\/www.reseau-entreprendre.org\\\/occitanie-mediterranee\\\/\"},{\"@type\":\"ListItem\",\"position\":2,\"name\":\"Coming Web\"}]},{\"@type\":\"WebSite\",\"@id\":\"https:\\\/\\\/www.reseau-entreprendre.org\\\/occitanie-mediterranee\\\/#website\",\"url\":\"https:\\\/\\\/www.reseau-entreprendre.org\\\/occitanie-mediterranee\\\/\",\"name\":\"R\u00e9seau Entreprendre Occitanie M\u00e9diterran\u00e9e\",\"description\":\"Les sites de R\u00e9seau Entreprendre\",\"potentialAction\":[{\"@type\":\"SearchAction\",\"target\":{\"@type\":\"EntryPoint\",\"urlTemplate\":\"https:\\\/\\\/www.reseau-entreprendre.org\\\/occitanie-mediterranee\\\/?s={search_term_string}\"},\"query-input\":{\"@type\":\"PropertyValueSpecification\",\"valueRequired\":true,\"valueName\":\"search_term_string\"}}],\"inLanguage\":\"fr-FR\"}]}<\/script>\n<!-- \/ Yoast SEO plugin. -->","yoast_head_json":{"title":"Coming Web - R\u00e9seau Entreprendre Occitanie M\u00e9diterran\u00e9e","robots":{"index":"index","follow":"follow","max-snippet":"max-snippet:-1","max-image-preview":"max-image-preview:large","max-video-preview":"max-video-preview:-1"},"canonical":"https:\/\/www.reseau-entreprendre.org\/occitanie-mediterranee\/coming-web\/","og_locale":"fr_FR","og_type":"article","og_title":"Coming Web - R\u00e9seau Entreprendre Occitanie M\u00e9diterran\u00e9e","og_description":"&#8220;Coming-web\u00ae est une soci\u00e9t\u00e9 tourn\u00e9e vers le web 3.0. C&#8217;est","og_url":"https:\/\/www.reseau-entreprendre.org\/occitanie-mediterranee\/coming-web\/","og_site_name":"R\u00e9seau Entreprendre Occitanie M\u00e9diterran\u00e9e","article_modified_time":"2021-10-26T14:47:43+00:00","og_image":[{"url":"https:\/\/www.reseau-entreprendre.org\/occitanie-mediterranee\/wp-content\/uploads\/sites\/14\/2018\/10\/coming-web-300x121.jpg","type":"","width":"","height":""}],"twitter_card":"summary_large_image","twitter_misc":{"Dur\u00e9e de lecture estim\u00e9e":"1 minute"},"schema":{"@context":"https:\/\/schema.org","@graph":[{"@type":"WebPage","@id":"https:\/\/www.reseau-entreprendre.org\/occitanie-mediterranee\/coming-web\/","url":"https:\/\/www.reseau-entreprendre.org\/occitanie-mediterranee\/coming-web\/","name":"Coming Web - R\u00e9seau Entreprendre Occitanie M\u00e9diterran\u00e9e","isPartOf":{"@id":"https:\/\/www.reseau-entreprendre.org\/occitanie-mediterranee\/#website"},"primaryImageOfPage":{"@id":"https:\/\/www.reseau-entreprendre.org\/occitanie-mediterranee\/coming-web\/#primaryimage"},"image":{"@id":"https:\/\/www.reseau-entreprendre.org\/occitanie-mediterranee\/coming-web\/#primaryimage"},"thumbnailUrl":"https:\/\/www.reseau-entreprendre.org\/occitanie-mediterranee\/wp-content\/uploads\/sites\/14\/2018\/10\/coming-web-300x121.jpg","datePublished":"2019-03-28T09:33:21+00:00","dateModified":"2021-10-26T14:47:43+00:00","breadcrumb":{"@id":"https:\/\/www.reseau-entreprendre.org\/occitanie-mediterranee\/coming-web\/#breadcrumb"},"inLanguage":"fr-FR","potentialAction":[{"@type":"ReadAction","target":["https:\/\/www.reseau-entreprendre.org\/occitanie-mediterranee\/coming-web\/"]}]},{"@type":"ImageObject","inLanguage":"fr-FR","@id":"https:\/\/www.reseau-entreprendre.org\/occitanie-mediterranee\/coming-web\/#primaryimage","url":"https:\/\/www.reseau-entreprendre.org\/occitanie-mediterranee\/wp-content\/uploads\/sites\/14\/2018\/10\/coming-web.jpg","contentUrl":"https:\/\/www.reseau-entreprendre.org\/occitanie-mediterranee\/wp-content\/uploads\/sites\/14\/2018\/10\/coming-web.jpg","width":301,"height":121},{"@type":"BreadcrumbList","@id":"https:\/\/www.reseau-entreprendre.org\/occitanie-mediterranee\/coming-web\/#breadcrumb","itemListElement":[{"@type":"ListItem","position":1,"name":"Accueil","item":"https:\/\/www.reseau-entreprendre.org\/occitanie-mediterranee\/"},{"@type":"ListItem","position":2,"name":"Coming Web"}]},{"@type":"WebSite","@id":"https:\/\/www.reseau-entreprendre.org\/occitanie-mediterranee\/#website","url":"https:\/\/www.reseau-entreprendre.org\/occitanie-mediterranee\/","name":"R\u00e9seau Entreprendre Occitanie M\u00e9diterran\u00e9e","description":"Les sites de R\u00e9seau Entreprendre","potentialAction":[{"@type":"SearchAction","target":{"@type":"EntryPoint","urlTemplate":"https:\/\/www.reseau-entreprendre.org\/occitanie-mediterranee\/?s={search_term_string}"},"query-input":{"@type":"PropertyValueSpecification","valueRequired":true,"valueName":"search_term_string"}}],"inLanguage":"fr-FR"}]}},"_links":{"self":[{"href":"https:\/\/www.reseau-entreprendre.org\/occitanie-mediterranee\/wp-json\/wp\/v2\/pages\/1070","targetHints":{"allow":["GET"]}}],"collection":[{"href":"https:\/\/www.reseau-entreprendre.org\/occitanie-mediterranee\/wp-json\/wp\/v2\/pages"}],"about":[{"href":"https:\/\/www.reseau-entreprendre.org\/occitanie-mediterranee\/wp-json\/wp\/v2\/types\/page"}],"author":[{"embeddable":true,"href":"https:\/\/www.reseau-entreprendre.org\/occitanie-mediterranee\/wp-json\/wp\/v2\/users\/14"}],"replies":[{"embeddable":true,"href":"https:\/\/www.reseau-entreprendre.org\/occitanie-mediterranee\/wp-json\/wp\/v2\/comments?post=1070"}],"version-history":[{"count":0,"href":"https:\/\/www.reseau-entreprendre.org\/occitanie-mediterranee\/wp-json\/wp\/v2\/pages\/1070\/revisions"}],"wp:attachment":[{"href":"https:\/\/www.reseau-entreprendre.org\/occitanie-mediterranee\/wp-json\/wp\/v2\/media?parent=1070"}],"curies":[{"name":"wp","href":"https:\/\/api.w.org\/{rel}","templated":true}]}}