{"id":11,"date":"2017-04-28T12:33:20","date_gmt":"2017-04-28T10:33:20","guid":{"rendered":"https:\/\/re-preprod-entreprendre.fr\/languedoc-roussillon\/?page_id=11"},"modified":"2025-09-03T15:37:52","modified_gmt":"2025-09-03T13:37:52","slug":"qui-sommes-nous","status":"publish","type":"page","link":"https:\/\/www.reseau-entreprendre.org\/occitanie-mediterranee\/qui-sommes-nous\/","title":{"rendered":"Qui sommes-nous"},"content":{"rendered":"\n<blockquote class=\"wp-block-quote is-layout-flow wp-block-quote-is-layout-flow\">\n<p>R\u00e9seau Entreprendre est une association de chefs d\u2019entreprise fond\u00e9e en France, il y a 30 ans par Andr\u00e9 Mulliez, sous la devise : <strong>Pour cr\u00e9er des emplois, cr\u00e9ons des employeurs&nbsp;!<\/strong><\/p>\n<\/blockquote>\n\n\n\n<p>R\u00e9seau Entreprendre compte aujourd\u2019hui&nbsp;:<\/p>\n\n\n\n<ul class=\"wp-block-list\">\n<li>120 implantations dans 10 pays dont 83 en France,<\/li>\n\n\n\n<li>15&nbsp;000 chefs d\u2019entreprise dont 800 \u00e0 l\u2019international.<\/li>\n<\/ul>\n\n\n\n<p>Tous b\u00e9n\u00e9voles, les membres de l\u2019association partagent une m\u00eame conviction&nbsp;: il faut d\u2019abord faire grandir l\u2019Homme et son projet pour qu\u2019\u00e0 son tour, l\u2019entreprise cr\u00e9e de nouvelles richesses&nbsp;et de nouveaux emplois.<\/p>\n\n\n\n<h3 class=\"wp-block-heading has-re-red-color has-text-color\"><strong>Favoriser l\u2019\u00e9mergence de PME et ETI cr\u00e9atrices&nbsp; d\u2019emplois p\u00e9rennes<\/strong><br><strong>&nbsp;<\/strong><\/h3>\n\n\n\n<div class=\"wp-block-media-text alignwide is-stacked-on-mobile is-image-fill-element\" style=\"grid-template-columns:20% auto\"><figure class=\"wp-block-media-text__media\"><img loading=\"lazy\" decoding=\"async\" width=\"300\" height=\"300\" src=\"https:\/\/www.reseau-entreprendre.org\/occitanie-mediterranee\/wp-content\/uploads\/sites\/14\/2021\/10\/iStock-5-300x300-1.jpg\" alt=\"\" class=\"wp-image-1942 size-full\" style=\"object-position:50% 50%\" srcset=\"https:\/\/www.reseau-entreprendre.org\/occitanie-mediterranee\/wp-content\/uploads\/sites\/14\/2021\/10\/iStock-5-300x300-1.jpg 300w, https:\/\/www.reseau-entreprendre.org\/occitanie-mediterranee\/wp-content\/uploads\/sites\/14\/2021\/10\/iStock-5-300x300-1-150x150.jpg 150w\" sizes=\"auto, (max-width: 300px) 100vw, 300px\" \/><\/figure><div class=\"wp-block-media-text__content\">\n<p>R\u00e9seau Entreprendre Occitanie M\u00e9diterran\u00e9e<strong>&nbsp;<\/strong>a \u00e9t\u00e9 cr\u00e9\u00e9e en 2008 par un groupe de dirigeants d\u2019entreprises particuli\u00e8rement sensibles au d\u00e9veloppement \u00e9conomique par la <strong>cr\u00e9ation d\u2019emplois<\/strong> dans notre r\u00e9gion.<br>Reconnue d\u2019int\u00e9r\u00eat g\u00e9n\u00e9ral, l\u2019association a pour vocation de <strong>faire \u00e9merger les PME et ETI cr\u00e9atrices d\u2019emplois d\u2019emplois p\u00e9rennes sur le territoire. <\/strong>Ces entreprises doivent devenir, en quelques ann\u00e9es, des PME de plus de 10 salari\u00e9s.<\/p>\n<\/div><\/div>\n\n\n\n<h3 class=\"wp-block-heading has-re-red-color has-text-color\"><strong>Accompagner, connecter, financer&nbsp;: 3 axes pour soutenir les entrepreneurs<\/strong><\/h3>\n\n\n\n<div class=\"wp-block-media-text alignwide is-stacked-on-mobile is-image-fill-element\" style=\"grid-template-columns:23% auto\"><figure class=\"wp-block-media-text__media\"><img loading=\"lazy\" decoding=\"async\" width=\"300\" height=\"300\" src=\"https:\/\/www.reseau-entreprendre.org\/occitanie-mediterranee\/wp-content\/uploads\/sites\/14\/2021\/10\/iStock-2-300x300-1.jpg\" alt=\"\" class=\"wp-image-1945 size-full\" style=\"object-position:50% 50%\" srcset=\"https:\/\/www.reseau-entreprendre.org\/occitanie-mediterranee\/wp-content\/uploads\/sites\/14\/2021\/10\/iStock-2-300x300-1.jpg 300w, https:\/\/www.reseau-entreprendre.org\/occitanie-mediterranee\/wp-content\/uploads\/sites\/14\/2021\/10\/iStock-2-300x300-1-150x150.jpg 150w\" sizes=\"auto, (max-width: 300px) 100vw, 300px\" \/><\/figure><div class=\"wp-block-media-text__content\">\n<p>R\u00e9seau Entreprendre O<span style=\"font-size: 1rem\">Les adh\u00e9rents et partenaires de l\u2019association offrent aux nouveaux entrepreneurs \u00e0 fort potentiel&nbsp; :<\/span><br>&gt; du temps et des comp\u00e9tences pour <strong>un accompagnement adapt\u00e9 \u00e0 tous les stades&nbsp;&nbsp; des projets<\/strong> (d\u00e9marrage, d\u00e9veloppement, croissance)&nbsp;;<br>&gt; <strong>une mise en r\u00e9seau<\/strong> avec d\u2019autres chefs d\u2019entreprise pour favoriser les <strong>\u00e9changes entre pairs<\/strong>, l\u2019entraide et la <strong>mutualisation de comp\u00e9tences et d\u2019exp\u00e9riences<\/strong>&nbsp;;<br>&gt; <strong>un pr\u00eat d\u2019honneur de 15 \u00e0 90 K\u20ac<\/strong>, sans int\u00e9r\u00eat, particuli\u00e8rement int\u00e9ressant pour son <strong>effet de levier<\/strong> sur les autres financements.<br>Pour les <strong>projets \u00ab&nbsp;innovation&nbsp;\u00bb<\/strong>, un fond d\u00e9di\u00e9 peut \u00e9galement apporter un compl\u00e9ment au pr\u00eat d\u2019honneur.<\/p>\n<\/div><\/div>\n\n\n\n<p>Depuis 2008, <strong>R\u00e9seau Entreprendre Occitanie M\u00e9diterran\u00e9e<\/strong> intervient sur <strong>l\u2019H\u00e9rault, le Gard, les Pyr\u00e9n\u00e9es Orientales, l\u2019Aude et la Loz\u00e8re.&nbsp; <\/strong>Par son soutien (5,6 millions d\u2019euros de pr\u00eats d\u2019honneur octroy\u00e9s) et l\u2019accompagnement de projets, l\u2019association a contribu\u00e9 \u00e0 la cr\u00e9ation de <strong>pr\u00e8s de 2 200 emplois<\/strong>. Elle regroupe aujourd\u2019hui <strong>350 membres chefs d\u2019entreprise<\/strong>, qui sont investis \u00e0 100% dans l\u2019accompagnement.<\/p>\n\n\n\n<p><a href=\"https:\/\/dis-leur.fr\/patron-un-metier-qui-sapprend-aupres-des-patrons\/\" target=\"_blank\" rel=\"noopener noreferrer\"><u>Lire l&#8217;article &#8220;Patron, un m\u00e9tier qui s\u2019apprend aupr\u00e8s\u2026 des patrons&#8221;<\/u><\/a> diffus\u00e9 sur &#8220;Dis-leur&#8221;, le site d&#8217;infos en Occitanie.<\/p>\n\n\n\n<h3 class=\"wp-block-heading has-re-red-color has-text-color\"><strong>Notre conseil d&#8217;administration :<\/strong><br><strong>&nbsp;<\/strong><\/h3>\n\n\n\n<h3 class=\"wp-block-heading has-re-yellow-color has-text-color has-link-color wp-elements-a2a7e557c4c86feeee3af88b3c2c8e62\"><strong>Bureau :<\/strong><\/h3>\n\n\n\n<p><strong>PRESIDENT<\/strong>&nbsp; Julien Bosch &nbsp; (Cause \u00e0 Effet)<\/p>\n\n\n\n<p><strong>SECRETAIRE<\/strong> &nbsp; Roland Blondel&nbsp;<strong> <\/strong>(Cathro)<\/p>\n\n\n\n<p><strong>TRESORIER<\/strong> &nbsp; Loic Duffault<strong> &nbsp; <\/strong><\/p>\n\n\n\n<p><\/p>\n\n\n\n<p><\/p>\n\n\n\n<h3 class=\"wp-block-heading has-re-yellow-color has-text-color has-link-color wp-elements-6791fcbc18f137be0b31b9d2883c270e\"><strong>&nbsp;Administrateurs&nbsp;:&nbsp;&nbsp;<\/strong><\/h3>\n\n\n\n<div class=\"wp-block-columns is-layout-flex wp-container-core-columns-is-layout-9d6595d7 wp-block-columns-is-layout-flex\">\n<div class=\"wp-block-column is-layout-flow wp-block-column-is-layout-flow\">\n<p class=\"has-text-align-center\">Christophe Ordano<strong>&nbsp;<\/strong>(Keenly)<\/p>\n<\/div>\n\n\n\n<div class=\"wp-block-column is-layout-flow wp-block-column-is-layout-flow\">\n<p class=\"has-text-align-center\">Patrick Dueso (Burger King)<\/p>\n<\/div>\n\n\n\n<div class=\"wp-block-column is-layout-flow wp-block-column-is-layout-flow\">\n<p>Marc Aufort&nbsp; (Axylis)<\/p>\n<\/div>\n<\/div>\n\n\n\n<div class=\"wp-block-columns is-layout-flex wp-container-core-columns-is-layout-9d6595d7 wp-block-columns-is-layout-flex\">\n<div class=\"wp-block-column is-layout-flow wp-block-column-is-layout-flow\">\n<p class=\"has-text-align-center\">Arnaud Guigon<strong>&nbsp; <\/strong>(Delta B)<\/p>\n<\/div>\n\n\n\n<div class=\"wp-block-column is-layout-flow wp-block-column-is-layout-flow\">\n<p class=\"has-text-align-center\">Agn\u00e8s Passet (Experte Comptable)<\/p>\n<\/div>\n\n\n\n<div class=\"wp-block-column is-layout-flow wp-block-column-is-layout-flow\">\n<p>Guillaume Berthier (Horteo)&nbsp;<\/p>\n<\/div>\n<\/div>\n\n\n\n<div class=\"wp-block-columns is-layout-flex wp-container-core-columns-is-layout-9d6595d7 wp-block-columns-is-layout-flex\">\n<div class=\"wp-block-column is-layout-flow wp-block-column-is-layout-flow\">\n<p class=\"has-text-align-center\">Marion Danis&nbsp; (Avocate)<\/p>\n<\/div>\n\n\n\n<div class=\"wp-block-column is-layout-flow wp-block-column-is-layout-flow\">\n<p class=\"has-text-align-center\">Fran\u00e7ois Cayron (Gran Thornton)<\/p>\n<\/div>\n\n\n\n<div class=\"wp-block-column is-layout-flow wp-block-column-is-layout-flow\">\n<p> Ariane Treseler&nbsp; (Pdlmarket)<\/p>\n<\/div>\n<\/div>\n\n\n\n<div class=\"wp-block-columns is-layout-flex wp-container-core-columns-is-layout-9d6595d7 wp-block-columns-is-layout-flex\">\n<div class=\"wp-block-column is-layout-flow wp-block-column-is-layout-flow\">\n<p class=\"has-text-align-center\">Mathilde Ignatoff (Saint C\u00f4me avocats)<\/p>\n<\/div>\n<\/div>\n\n\n\n<div style=\"height:30px\" aria-hidden=\"true\" class=\"wp-block-spacer\"><\/div>\n\n\n\n<h3 class=\"wp-block-heading has-re-red-color has-text-color\"><strong>Notre \u00e9quipe :<\/strong> <\/h3>\n\n\n\n<div class=\"wp-block-columns is-layout-flex wp-container-core-columns-is-layout-9d6595d7 wp-block-columns-is-layout-flex\">\n<div class=\"wp-block-column is-layout-flow wp-block-column-is-layout-flow\">\n<p class=\"has-text-align-center has-re-yellow-color has-text-color has-link-color wp-elements-b9c1e9e871aca38994a513efc68cfbf1\"><strong>Aline REGNIER<\/strong><\/p>\n\n\n\n<p class=\"has-text-align-center\"><strong>Directrice de l&#8217;association<\/strong><\/p>\n\n\n\n<p class=\"has-text-align-center\"><a href=\"mailto:alineregnier@reseau-entreprendre.org\" target=\"_blank\" rel=\"noreferrer noopener\">alineregnier@reseau-entreprendre.org<\/a><br>07 67 47 29 56<\/p>\n<\/div>\n<\/div>\n\n\n\n<div class=\"wp-block-columns are-vertically-aligned-top is-layout-flex wp-container-core-columns-is-layout-9d6595d7 wp-block-columns-is-layout-flex\">\n<div class=\"wp-block-column is-vertically-aligned-top is-layout-flow wp-block-column-is-layout-flow\">\n<p class=\"has-re-yellow-color has-text-color has-link-color wp-elements-70f437648a9b7ef3ed9b6b5da77fa97f\"><strong>Emmanuelle LAYSSAC<\/strong><\/p>\n\n\n\n<p><strong>Charg\u00e9e de l\u2019accompagnement et du suivi des candidats et laur\u00e9ats.<\/strong><\/p>\n\n\n\n<p><a href=\"mailto:elayssac@reseau-entreprendre.org\">elayssac@reseau-entreprendre.org<\/a><br>06 51 67 04 01<\/p>\n<\/div>\n\n\n\n<div class=\"wp-block-column is-vertically-aligned-top is-layout-flow wp-block-column-is-layout-flow\">\n<p class=\"has-re-yellow-color has-text-color has-link-color wp-elements-6683aa8cf899c30397cbeb724a0379a7\"><strong>Amandine RENARD<\/strong><\/p>\n\n\n\n<p><strong>Support administratif \/communication\/\u00e9v\u00e8nementiel<\/strong><\/p>\n\n\n\n<p><a href=\"mailto:arenard@reseau-entreprendre.org\">arenard@reseau-entreprendre.org<\/a><br>06 51 55 89 61<\/p>\n<\/div>\n<\/div>\n\n\n\n<p>&nbsp;<\/p>\n\n\n\n<p><\/p>\n","protected":false},"excerpt":{"rendered":"<p>R\u00e9seau Entreprendre est une association de chefs d\u2019entreprise fond\u00e9e en<\/p>\n","protected":false},"author":14,"featured_media":0,"parent":0,"menu_order":0,"comment_status":"closed","ping_status":"closed","template":"","meta":{"_acf_changed":false,"_monsterinsights_skip_tracking":false,"_monsterinsights_sitenote_active":false,"_monsterinsights_sitenote_note":"","_monsterinsights_sitenote_category":0,"footnotes":""},"class_list":["post-11","page","type-page","status-publish","hentry"],"acf":[],"yoast_head":"<!-- This site is optimized with the Yoast SEO plugin v27.4 - https:\/\/yoast.com\/product\/yoast-seo-wordpress\/ -->\n<title>Qui sommes-nous ? | Reseau Entreprendre Occitanie Mediterran\u00e9e<\/title>\n<meta name=\"description\" content=\"R\u00e9seau Entreprendre Languedoc-Roussillon est l&#039;association de chefs d&#039;entreprise de votre r\u00e9gion.\" \/>\n<meta name=\"robots\" content=\"index, follow, max-snippet:-1, max-image-preview:large, max-video-preview:-1\" \/>\n<link rel=\"canonical\" href=\"https:\/\/www.reseau-entreprendre.org\/occitanie-mediterranee\/qui-sommes-nous\/\" \/>\n<meta property=\"og:locale\" content=\"fr_FR\" \/>\n<meta property=\"og:type\" content=\"article\" \/>\n<meta property=\"og:title\" content=\"Qui sommes-nous ? | Reseau Entreprendre Occitanie Mediterran\u00e9e\" \/>\n<meta property=\"og:description\" content=\"R\u00e9seau Entreprendre Languedoc-Roussillon est l&#039;association de chefs d&#039;entreprise de votre r\u00e9gion.\" \/>\n<meta property=\"og:url\" content=\"https:\/\/www.reseau-entreprendre.org\/occitanie-mediterranee\/qui-sommes-nous\/\" \/>\n<meta property=\"og:site_name\" content=\"R\u00e9seau Entreprendre Occitanie M\u00e9diterran\u00e9e\" \/>\n<meta property=\"article:modified_time\" content=\"2025-09-03T13:37:52+00:00\" \/>\n<meta property=\"og:image\" content=\"https:\/\/www.reseau-entreprendre.org\/occitanie-mediterranee\/wp-content\/uploads\/sites\/14\/2021\/10\/iStock-5-300x300-1.jpg\" \/>\n\t<meta property=\"og:image:width\" content=\"300\" \/>\n\t<meta property=\"og:image:height\" content=\"300\" \/>\n\t<meta property=\"og:image:type\" content=\"image\/jpeg\" \/>\n<meta name=\"twitter:card\" content=\"summary_large_image\" \/>\n<meta name=\"twitter:label1\" content=\"Dur\u00e9e de lecture estim\u00e9e\" \/>\n\t<meta name=\"twitter:data1\" content=\"3 minutes\" \/>\n<script type=\"application\/ld+json\" class=\"yoast-schema-graph\">{\"@context\":\"https:\\\/\\\/schema.org\",\"@graph\":[{\"@type\":\"WebPage\",\"@id\":\"https:\\\/\\\/www.reseau-entreprendre.org\\\/occitanie-mediterranee\\\/qui-sommes-nous\\\/\",\"url\":\"https:\\\/\\\/www.reseau-entreprendre.org\\\/occitanie-mediterranee\\\/qui-sommes-nous\\\/\",\"name\":\"Qui sommes-nous ? | Reseau Entreprendre Occitanie Mediterran\u00e9e\",\"isPartOf\":{\"@id\":\"https:\\\/\\\/www.reseau-entreprendre.org\\\/occitanie-mediterranee\\\/#website\"},\"primaryImageOfPage\":{\"@id\":\"https:\\\/\\\/www.reseau-entreprendre.org\\\/occitanie-mediterranee\\\/qui-sommes-nous\\\/#primaryimage\"},\"image\":{\"@id\":\"https:\\\/\\\/www.reseau-entreprendre.org\\\/occitanie-mediterranee\\\/qui-sommes-nous\\\/#primaryimage\"},\"thumbnailUrl\":\"https:\\\/\\\/www.reseau-entreprendre.org\\\/occitanie-mediterranee\\\/wp-content\\\/uploads\\\/sites\\\/14\\\/2021\\\/10\\\/iStock-5-300x300-1.jpg\",\"datePublished\":\"2017-04-28T10:33:20+00:00\",\"dateModified\":\"2025-09-03T13:37:52+00:00\",\"description\":\"R\u00e9seau Entreprendre Languedoc-Roussillon est l'association de chefs d'entreprise de votre r\u00e9gion.\",\"breadcrumb\":{\"@id\":\"https:\\\/\\\/www.reseau-entreprendre.org\\\/occitanie-mediterranee\\\/qui-sommes-nous\\\/#breadcrumb\"},\"inLanguage\":\"fr-FR\",\"potentialAction\":[{\"@type\":\"ReadAction\",\"target\":[\"https:\\\/\\\/www.reseau-entreprendre.org\\\/occitanie-mediterranee\\\/qui-sommes-nous\\\/\"]}]},{\"@type\":\"ImageObject\",\"inLanguage\":\"fr-FR\",\"@id\":\"https:\\\/\\\/www.reseau-entreprendre.org\\\/occitanie-mediterranee\\\/qui-sommes-nous\\\/#primaryimage\",\"url\":\"https:\\\/\\\/www.reseau-entreprendre.org\\\/occitanie-mediterranee\\\/wp-content\\\/uploads\\\/sites\\\/14\\\/2021\\\/10\\\/iStock-5-300x300-1.jpg\",\"contentUrl\":\"https:\\\/\\\/www.reseau-entreprendre.org\\\/occitanie-mediterranee\\\/wp-content\\\/uploads\\\/sites\\\/14\\\/2021\\\/10\\\/iStock-5-300x300-1.jpg\",\"width\":300,\"height\":300},{\"@type\":\"BreadcrumbList\",\"@id\":\"https:\\\/\\\/www.reseau-entreprendre.org\\\/occitanie-mediterranee\\\/qui-sommes-nous\\\/#breadcrumb\",\"itemListElement\":[{\"@type\":\"ListItem\",\"position\":1,\"name\":\"Accueil\",\"item\":\"https:\\\/\\\/www.reseau-entreprendre.org\\\/occitanie-mediterranee\\\/\"},{\"@type\":\"ListItem\",\"position\":2,\"name\":\"Qui sommes-nous\"}]},{\"@type\":\"WebSite\",\"@id\":\"https:\\\/\\\/www.reseau-entreprendre.org\\\/occitanie-mediterranee\\\/#website\",\"url\":\"https:\\\/\\\/www.reseau-entreprendre.org\\\/occitanie-mediterranee\\\/\",\"name\":\"R\u00e9seau Entreprendre Occitanie M\u00e9diterran\u00e9e\",\"description\":\"Les sites de R\u00e9seau Entreprendre\",\"potentialAction\":[{\"@type\":\"SearchAction\",\"target\":{\"@type\":\"EntryPoint\",\"urlTemplate\":\"https:\\\/\\\/www.reseau-entreprendre.org\\\/occitanie-mediterranee\\\/?s={search_term_string}\"},\"query-input\":{\"@type\":\"PropertyValueSpecification\",\"valueRequired\":true,\"valueName\":\"search_term_string\"}}],\"inLanguage\":\"fr-FR\"}]}<\/script>\n<!-- \/ Yoast SEO plugin. -->","yoast_head_json":{"title":"Qui sommes-nous ? | Reseau Entreprendre Occitanie Mediterran\u00e9e","description":"R\u00e9seau Entreprendre Languedoc-Roussillon est l'association de chefs d'entreprise de votre r\u00e9gion.","robots":{"index":"index","follow":"follow","max-snippet":"max-snippet:-1","max-image-preview":"max-image-preview:large","max-video-preview":"max-video-preview:-1"},"canonical":"https:\/\/www.reseau-entreprendre.org\/occitanie-mediterranee\/qui-sommes-nous\/","og_locale":"fr_FR","og_type":"article","og_title":"Qui sommes-nous ? | Reseau Entreprendre Occitanie Mediterran\u00e9e","og_description":"R\u00e9seau Entreprendre Languedoc-Roussillon est l'association de chefs d'entreprise de votre r\u00e9gion.","og_url":"https:\/\/www.reseau-entreprendre.org\/occitanie-mediterranee\/qui-sommes-nous\/","og_site_name":"R\u00e9seau Entreprendre Occitanie M\u00e9diterran\u00e9e","article_modified_time":"2025-09-03T13:37:52+00:00","og_image":[{"width":300,"height":300,"url":"https:\/\/www.reseau-entreprendre.org\/occitanie-mediterranee\/wp-content\/uploads\/sites\/14\/2021\/10\/iStock-5-300x300-1.jpg","type":"image\/jpeg"}],"twitter_card":"summary_large_image","twitter_misc":{"Dur\u00e9e de lecture estim\u00e9e":"3 minutes"},"schema":{"@context":"https:\/\/schema.org","@graph":[{"@type":"WebPage","@id":"https:\/\/www.reseau-entreprendre.org\/occitanie-mediterranee\/qui-sommes-nous\/","url":"https:\/\/www.reseau-entreprendre.org\/occitanie-mediterranee\/qui-sommes-nous\/","name":"Qui sommes-nous ? | Reseau Entreprendre Occitanie Mediterran\u00e9e","isPartOf":{"@id":"https:\/\/www.reseau-entreprendre.org\/occitanie-mediterranee\/#website"},"primaryImageOfPage":{"@id":"https:\/\/www.reseau-entreprendre.org\/occitanie-mediterranee\/qui-sommes-nous\/#primaryimage"},"image":{"@id":"https:\/\/www.reseau-entreprendre.org\/occitanie-mediterranee\/qui-sommes-nous\/#primaryimage"},"thumbnailUrl":"https:\/\/www.reseau-entreprendre.org\/occitanie-mediterranee\/wp-content\/uploads\/sites\/14\/2021\/10\/iStock-5-300x300-1.jpg","datePublished":"2017-04-28T10:33:20+00:00","dateModified":"2025-09-03T13:37:52+00:00","description":"R\u00e9seau Entreprendre Languedoc-Roussillon est l'association de chefs d'entreprise de votre r\u00e9gion.","breadcrumb":{"@id":"https:\/\/www.reseau-entreprendre.org\/occitanie-mediterranee\/qui-sommes-nous\/#breadcrumb"},"inLanguage":"fr-FR","potentialAction":[{"@type":"ReadAction","target":["https:\/\/www.reseau-entreprendre.org\/occitanie-mediterranee\/qui-sommes-nous\/"]}]},{"@type":"ImageObject","inLanguage":"fr-FR","@id":"https:\/\/www.reseau-entreprendre.org\/occitanie-mediterranee\/qui-sommes-nous\/#primaryimage","url":"https:\/\/www.reseau-entreprendre.org\/occitanie-mediterranee\/wp-content\/uploads\/sites\/14\/2021\/10\/iStock-5-300x300-1.jpg","contentUrl":"https:\/\/www.reseau-entreprendre.org\/occitanie-mediterranee\/wp-content\/uploads\/sites\/14\/2021\/10\/iStock-5-300x300-1.jpg","width":300,"height":300},{"@type":"BreadcrumbList","@id":"https:\/\/www.reseau-entreprendre.org\/occitanie-mediterranee\/qui-sommes-nous\/#breadcrumb","itemListElement":[{"@type":"ListItem","position":1,"name":"Accueil","item":"https:\/\/www.reseau-entreprendre.org\/occitanie-mediterranee\/"},{"@type":"ListItem","position":2,"name":"Qui sommes-nous"}]},{"@type":"WebSite","@id":"https:\/\/www.reseau-entreprendre.org\/occitanie-mediterranee\/#website","url":"https:\/\/www.reseau-entreprendre.org\/occitanie-mediterranee\/","name":"R\u00e9seau Entreprendre Occitanie M\u00e9diterran\u00e9e","description":"Les sites de R\u00e9seau Entreprendre","potentialAction":[{"@type":"SearchAction","target":{"@type":"EntryPoint","urlTemplate":"https:\/\/www.reseau-entreprendre.org\/occitanie-mediterranee\/?s={search_term_string}"},"query-input":{"@type":"PropertyValueSpecification","valueRequired":true,"valueName":"search_term_string"}}],"inLanguage":"fr-FR"}]}},"_links":{"self":[{"href":"https:\/\/www.reseau-entreprendre.org\/occitanie-mediterranee\/wp-json\/wp\/v2\/pages\/11","targetHints":{"allow":["GET"]}}],"collection":[{"href":"https:\/\/www.reseau-entreprendre.org\/occitanie-mediterranee\/wp-json\/wp\/v2\/pages"}],"about":[{"href":"https:\/\/www.reseau-entreprendre.org\/occitanie-mediterranee\/wp-json\/wp\/v2\/types\/page"}],"author":[{"embeddable":true,"href":"https:\/\/www.reseau-entreprendre.org\/occitanie-mediterranee\/wp-json\/wp\/v2\/users\/14"}],"replies":[{"embeddable":true,"href":"https:\/\/www.reseau-entreprendre.org\/occitanie-mediterranee\/wp-json\/wp\/v2\/comments?post=11"}],"version-history":[{"count":0,"href":"https:\/\/www.reseau-entreprendre.org\/occitanie-mediterranee\/wp-json\/wp\/v2\/pages\/11\/revisions"}],"wp:attachment":[{"href":"https:\/\/www.reseau-entreprendre.org\/occitanie-mediterranee\/wp-json\/wp\/v2\/media?parent=11"}],"curies":[{"name":"wp","href":"https:\/\/api.w.org\/{rel}","templated":true}]}}