{"id":13,"date":"2017-04-28T12:33:34","date_gmt":"2017-04-28T10:33:34","guid":{"rendered":"https:\/\/re-preprod-entreprendre.fr\/languedoc-roussillon\/?page_id=13"},"modified":"2026-04-01T12:23:15","modified_gmt":"2026-04-01T10:23:15","slug":"devenez-laureat","status":"publish","type":"page","link":"https:\/\/www.reseau-entreprendre.org\/occitanie-mediterranee\/devenez-laureat\/","title":{"rendered":"Devenez laur\u00e9at"},"content":{"rendered":"\n<div class=\"wp-block-buttons is-content-justification-center is-layout-flex wp-container-core-buttons-is-layout-16018d1d wp-block-buttons-is-layout-flex\">\n<div class=\"wp-block-button is-style-fill\"><a class=\"wp-block-button__link has-re-blue-background-color has-background wp-element-button\" href=\"https:\/\/www.reseau-entreprendre.org\/occitanie-mediterranee\/deposer-une-demande\/\" target=\"_blank\" rel=\"noreferrer noopener\">D\u00e9poser une demande<\/a><\/div>\n<\/div>\n\n\n\n<div style=\"height:45px\" aria-hidden=\"true\" class=\"wp-block-spacer\"><\/div>\n\n\n\n<div class=\"wp-block-columns is-layout-flex wp-container-core-columns-is-layout-9d6595d7 wp-block-columns-is-layout-flex\">\n<div class=\"wp-block-column is-layout-flow wp-block-column-is-layout-flow\">\n<figure class=\"wp-block-embed is-type-video is-provider-youtube wp-block-embed-youtube wp-embed-aspect-16-9 wp-has-aspect-ratio\"><div class=\"wp-block-embed__wrapper\">\n<iframe loading=\"lazy\" title=\"Pr\u00e9sentation laur\u00e9ats 2023 - GROUPE 1\" width=\"500\" height=\"281\" src=\"https:\/\/www.youtube.com\/embed\/uTcmf7cvKR4?feature=oembed\" frameborder=\"0\" allow=\"accelerometer; autoplay; clipboard-write; encrypted-media; gyroscope; picture-in-picture; web-share\" referrerpolicy=\"strict-origin-when-cross-origin\" allowfullscreen><\/iframe>\n<\/div><figcaption class=\"wp-element-caption\">Laur\u00e9ats 2023 Groupe 1<\/figcaption><\/figure>\n<\/div>\n\n\n\n<div class=\"wp-block-column is-layout-flow wp-block-column-is-layout-flow\">\n<figure class=\"wp-block-embed is-type-video is-provider-youtube wp-block-embed-youtube wp-embed-aspect-16-9 wp-has-aspect-ratio\"><div class=\"wp-block-embed__wrapper\">\n<iframe loading=\"lazy\" title=\"Pr\u00e9sentation laur\u00e9ats 2023 - GROUPE 2\" width=\"500\" height=\"281\" src=\"https:\/\/www.youtube.com\/embed\/BZrN4I-hrIc?feature=oembed\" frameborder=\"0\" allow=\"accelerometer; autoplay; clipboard-write; encrypted-media; gyroscope; picture-in-picture; web-share\" referrerpolicy=\"strict-origin-when-cross-origin\" allowfullscreen><\/iframe>\n<\/div><figcaption class=\"wp-element-caption\">Laur\u00e9ats 2023 Groupe 2<\/figcaption><\/figure>\n<\/div>\n\n\n\n<div class=\"wp-block-column is-layout-flow wp-block-column-is-layout-flow\">\n<figure class=\"wp-block-embed is-type-video is-provider-youtube wp-block-embed-youtube wp-embed-aspect-16-9 wp-has-aspect-ratio\"><div class=\"wp-block-embed__wrapper\">\n<iframe loading=\"lazy\" title=\"Pr\u00e9sentation laur\u00e9ats 2023 - GROUPE 3\" width=\"500\" height=\"281\" src=\"https:\/\/www.youtube.com\/embed\/00Wh9wulUsg?feature=oembed\" frameborder=\"0\" allow=\"accelerometer; autoplay; clipboard-write; encrypted-media; gyroscope; picture-in-picture; web-share\" referrerpolicy=\"strict-origin-when-cross-origin\" allowfullscreen><\/iframe>\n<\/div><figcaption class=\"wp-element-caption\">Laur\u00e9ats 2023 Groupe 3<\/figcaption><\/figure>\n<\/div>\n<\/div>\n\n\n\n<p>Vous avez un projet \u00e0 potentiel de&nbsp;<strong>cr\u00e9ation d\u2019emplois<\/strong>&nbsp;? Rejoignez l\u2019aventure !<\/p>\n\n\n\n<p><a href=\"https:\/\/www.reseau-entreprendre.org\/occitanie-mediterranee\/qui-sommes-nous\/\"><mark><strong>R\u00e9seau Entreprendre Occitanie M\u00e9diterran\u00e9e<\/strong><\/mark><\/a>&nbsp;accompagne tout&nbsp;<strong>cr\u00e9ateur, repreneur et chef&nbsp;d\u2019entreprise<\/strong> <strong>en d\u00e9veloppement<\/strong>.<\/p>\n\n\n\n<p>Nos membres adh\u00e9rents, tous entrepreneurs, sont engag\u00e9s dans la transmission de leur savoir-faire de&nbsp;<strong>chefs d\u2019entreprise&nbsp;<\/strong>exp\u00e9riment\u00e9s et en activit\u00e9, au travers d\u2019\u00e9changes constructifs et inspirants, de&nbsp;<strong>pairs \u00e0 pairs.<\/strong><\/p>\n\n\n\n<h3 class=\"wp-block-heading has-re-red-color has-text-color\"><strong>R\u00e9seau Entreprendre c&#8217;est 3 axes pour soutenir les entrepreneurs : <\/strong><\/h3>\n\n\n\n<div class=\"wp-block-columns alignwide is-layout-flex wp-container-core-columns-is-layout-9d6595d7 wp-block-columns-is-layout-flex\">\n<div class=\"wp-block-column is-layout-flow wp-block-column-is-layout-flow\" style=\"flex-basis:80%\">\n<ul class=\"wp-block-list\">\n<li><strong>ACCOMPAGNER<\/strong> : donner du temps et des comp\u00e9tences pour&nbsp;<strong>un accompagnement adapt\u00e9 \u00e0 tous les stades&nbsp;des projets<\/strong>&nbsp;(d\u00e9marrage, d\u00e9veloppement, croissance) pendant 2 ans.<\/li>\n\n\n\n<li><strong>CONNECTER<\/strong> : <strong>une mise en r\u00e9seau<\/strong>&nbsp;avec d\u2019autres chefs d\u2019entreprise pour favoriser les&nbsp;<strong>\u00e9changes entre pairs<\/strong>, l\u2019entraide et la&nbsp;<strong>mutualisation de comp\u00e9tences et d\u2019exp\u00e9riences<\/strong>.<\/li>\n\n\n\n<li><strong>FINANCER<\/strong> : <strong>un pr\u00eat d\u2019honneur de 10 \u00e0 90 K\u20ac<\/strong> (selon apport), sans int\u00e9r\u00eat, particuli\u00e8rement int\u00e9ressant pour son&nbsp;<strong>effet de levier<\/strong>&nbsp;sur les autres financements (soumit \u00e0 un cofinancement obligatoire).<br><\/li>\n<\/ul>\n<\/div>\n<\/div>\n\n\n\n<p><\/p>\n\n\n\n<figure class=\"wp-block-embed is-type-video is-provider-youtube wp-block-embed-youtube wp-embed-aspect-16-9 wp-has-aspect-ratio\"><div class=\"wp-block-embed__wrapper\">\n<iframe loading=\"lazy\" title=\"Lance-toi et fais grandir ton projet d&#039;entreprise |  R\u00e9seau Entreprendre\" width=\"500\" height=\"281\" src=\"https:\/\/www.youtube.com\/embed\/YwDA580qBC0?feature=oembed\" frameborder=\"0\" allow=\"accelerometer; autoplay; clipboard-write; encrypted-media; gyroscope; picture-in-picture; web-share\" referrerpolicy=\"strict-origin-when-cross-origin\" allowfullscreen><\/iframe>\n<\/div><\/figure>\n\n\n\n<h3 class=\"wp-block-heading has-re-red-color has-text-color\"><strong>Nos diff\u00e9rents programmes d&#8217;accompagnement :<\/strong><\/h3>\n\n\n\n<div class=\"wp-block-media-text alignwide is-stacked-on-mobile\"><figure class=\"wp-block-media-text__media\"><img loading=\"lazy\" decoding=\"async\" width=\"1024\" height=\"724\" src=\"https:\/\/www.reseau-entreprendre.org\/occitanie-mediterranee\/wp-content\/uploads\/sites\/14\/2024\/08\/COURBE-ACCOMPAGNEMENT-POUR-LAUREATS-1024x724-1.png\" alt=\"\" class=\"wp-image-4273 size-full\" srcset=\"https:\/\/www.reseau-entreprendre.org\/occitanie-mediterranee\/wp-content\/uploads\/sites\/14\/2024\/08\/COURBE-ACCOMPAGNEMENT-POUR-LAUREATS-1024x724-1.png 1024w, https:\/\/www.reseau-entreprendre.org\/occitanie-mediterranee\/wp-content\/uploads\/sites\/14\/2024\/08\/COURBE-ACCOMPAGNEMENT-POUR-LAUREATS-1024x724-1-300x212.png 300w, https:\/\/www.reseau-entreprendre.org\/occitanie-mediterranee\/wp-content\/uploads\/sites\/14\/2024\/08\/COURBE-ACCOMPAGNEMENT-POUR-LAUREATS-1024x724-1-768x543.png 768w, https:\/\/www.reseau-entreprendre.org\/occitanie-mediterranee\/wp-content\/uploads\/sites\/14\/2024\/08\/COURBE-ACCOMPAGNEMENT-POUR-LAUREATS-1024x724-1-184x130.png 184w, https:\/\/www.reseau-entreprendre.org\/occitanie-mediterranee\/wp-content\/uploads\/sites\/14\/2024\/08\/COURBE-ACCOMPAGNEMENT-POUR-LAUREATS-1024x724-1-100x71.png 100w\" sizes=\"auto, (max-width: 1024px) 100vw, 1024px\" \/><\/figure><div class=\"wp-block-media-text__content\">\n<p class=\"has-re-yellow-color has-text-color\"><strong>Une offre :<\/strong><\/p>\n\n\n\n<p><\/p>\n\n\n\n<p><strong>Adapt\u00e9e au stade de d\u00e9veloppement de l\u2019entreprise : <\/strong>finalisation du projet, d\u00e9marrage, d\u00e9veloppement, croissance.<\/p>\n<\/div><\/div>\n\n\n\n<div style=\"height:53px\" aria-hidden=\"true\" class=\"wp-block-spacer\"><\/div>\n\n\n\n<h4 class=\"wp-block-heading has-re-blue-color has-text-color has-link-color wp-elements-a3b2450b048a844fc2cf308676adec11\"><strong>2 programmes :<\/strong><\/h4>\n\n\n\n<div class=\"wp-block-group is-vertical is-layout-flex wp-container-core-group-is-layout-8cf370e7 wp-block-group-is-layout-flex\">\n<div class=\"wp-block-columns is-layout-flex wp-container-core-columns-is-layout-9d6595d7 wp-block-columns-is-layout-flex\">\n<div class=\"wp-block-column is-layout-flow wp-block-column-is-layout-flow\">\n<ul class=\"wp-block-list\">\n<li style=\"font-style:normal;font-weight:500\"><a href=\"#start\">PROGRAMME START<\/a><\/li>\n<\/ul>\n\n\n\n<ul class=\"wp-block-list\">\n<li style=\"font-style:normal;font-weight:500\"><a href=\"#booster\">PROGRAMME CROISSANCE<\/a><\/li>\n<\/ul>\n<\/div>\n<\/div>\n\n\n\n<div class=\"wp-block-buttons is-layout-flex wp-block-buttons-is-layout-flex\"><\/div>\n\n\n\n<div class=\"wp-block-buttons is-layout-flex wp-block-buttons-is-layout-flex\"><\/div>\n\n\n\n<div class=\"wp-block-buttons is-layout-flex wp-block-buttons-is-layout-flex\"><\/div>\n<\/div>\n\n\n\n<div style=\"height:23px\" aria-hidden=\"true\" id=\"start\" class=\"wp-block-spacer\"><\/div>\n\n\n\n<h4 class=\"wp-block-heading has-re-blue-color has-text-color\"><strong>Le Programme START<\/strong> (cr\u00e9ation ou reprise d&#8217;entreprise)<\/h4>\n\n\n\n<div class=\"wp-block-columns is-layout-flex wp-container-core-columns-is-layout-9d6595d7 wp-block-columns-is-layout-flex\">\n<div class=\"wp-block-column is-layout-flow wp-block-column-is-layout-flow\" style=\"flex-basis:100%\">\n<div class=\"wp-block-columns is-layout-flex wp-container-core-columns-is-layout-9d6595d7 wp-block-columns-is-layout-flex\">\n<div class=\"wp-block-column is-layout-flow wp-block-column-is-layout-flow\">\n<p class=\"has-re-yellow-color has-text-color\"><strong>PARCOURS :<\/strong><\/p>\n\n\n\n<p><strong>Accompagnement individuel par un chef d\u2019entreprise<\/strong><br>\u2192 de pair \u00e0 pair,<br>\u2192 chaque mois pendant 24 mois.<br><strong>Accompagnement collectif : club de laur\u00e9ats<\/strong> <br>\u2192 lieu de partage et de renforcement, en toute confiance<br>\u2192 pl\u00e9biscit\u00e9 par les laur\u00e9ats (94%)<br><strong>Pr\u00eat d\u2019honneur :<\/strong><br>\u2192 de 10 \u00e0 50 K\u20ac, sans int\u00e9r\u00eat remboursable sur 48 mensualit\u00e9s avec un diff\u00e9r\u00e9 de 12 mois pour la cr\u00e9ation et 47 mensualit\u00e9s avec un diff\u00e9r\u00e9 d&#8217;1 mois pour la reprise. (maximum 20% du financement)<br>\u2192 besoin financier global : 100 K\u20ac en cr\u00e9ation et 150 K\u20ac en reprise.                                                 <br><strong>Mise en r\u00e9seau<\/strong> locale, nationale<br>et internationale (15.000 chefs<br>d\u2019entreprise)<\/p>\n<\/div>\n\n\n\n<div class=\"wp-block-column is-layout-flow wp-block-column-is-layout-flow\">\n<p class=\"has-re-yellow-color has-text-color\"><strong>OBJECTIF ET BENEFICES :<\/strong><\/p>\n\n\n\n<p>\u2192 Cr\u00e9er ou sauvegarder au moins <strong>5 emplois \u00e0 3 ans<\/strong> en cr\u00e9ation et <strong>8 emplois \u00e0 3 ans<\/strong> en reprise.<\/p>\n\n\n\n<p>\u2192 <strong>S\u00e9curiser<\/strong> votre cr\u00e9ation\/reprise<\/p>\n\n\n\n<p>\u2192 <strong>P\u00e9renniser<\/strong> votre projet. Taux de p\u00e9rennit\u00e9 \u00e0 5 ans des laur\u00e9ats : 90%<\/p>\n<\/div>\n\n\n\n<div class=\"wp-block-column is-layout-flow wp-block-column-is-layout-flow\">\n<p class=\"has-re-yellow-color has-text-color\"><strong>CONDITIONS D\u2019ENTR\u00c9E<\/strong><\/p>\n\n\n\n<p>Ouvert \u00e0 tous les cr\u00e9ateurs, repreneurs, <strong>primo entrepreneurs<\/strong> <strong>ou non<\/strong>, avec un projet d&#8217;<strong>au moins 5 emplois cr\u00e9\u00e9s ou sauvegard\u00e9s \u00e0 3 ans<\/strong> en cr\u00e9ation et <strong>8 emplois \u00e0 3 ans<\/strong> en reprise..<\/p>\n<\/div>\n<\/div>\n<\/div>\n<\/div>\n\n\n\n<div style=\"height:12px\" aria-hidden=\"true\" id=\"booster\" class=\"wp-block-spacer\"><\/div>\n\n\n\n<h4 class=\"wp-block-heading has-re-blue-color has-text-color\"><strong>Le Programme D\u00e9veloppement\/Croissance<\/strong><\/h4>\n\n\n\n<div class=\"wp-block-columns is-layout-flex wp-container-core-columns-is-layout-9d6595d7 wp-block-columns-is-layout-flex\">\n<div class=\"wp-block-column is-layout-flow wp-block-column-is-layout-flow\" style=\"flex-basis:100%\">\n<div class=\"wp-block-columns is-layout-flex wp-container-core-columns-is-layout-9d6595d7 wp-block-columns-is-layout-flex\">\n<div class=\"wp-block-column is-layout-flow wp-block-column-is-layout-flow\">\n<p class=\"has-re-yellow-color has-text-color\"><strong>PARCOURS :<\/strong><\/p>\n\n\n\n<p><strong>Accompagnement focalis\u00e9<\/strong> sur les projets de d\u00e9veloppement structurant<br><strong>Accompagnement coll\u00e9gial et individuel<\/strong>, en mode projet, par 2 chefs d\u2019entreprise<br><strong>Bimestriel et\/ou mensuel<\/strong> si besoin pendant 18 \u00e0 24 mois<br><strong>Pr\u00eat d\u2019honneur :<\/strong><br>\u2192 de 30 \u00e0 90 K\u20ac sans int\u00e9r\u00eat, remboursable sur 47 mensualit\u00e9s avec un diff\u00e9r\u00e9 de 1 mois (maximum 20% du financement)  <br>\u2192 besoin financier global : 200 K\u20ac.      <br><strong>Mise en r\u00e9seau<\/strong> locale, nationale et internationale (15.000 chefs d\u2019entreprise)<\/p>\n<\/div>\n\n\n\n<div class=\"wp-block-column is-layout-flow wp-block-column-is-layout-flow\">\n<p class=\"has-re-yellow-color has-text-color\"><strong>OBJECTIF ET BENEFICES :<\/strong><\/p>\n\n\n\n<p>\u2192 <strong>D\u00e9velopper<\/strong> significativement le nombre d\u2019<strong>emplois<\/strong><br>\u2192 <strong>Aider<\/strong> \u00e0 structurer votre projet de d\u00e9veloppement<br>\u2192 <strong>Donner<\/strong> de la lisibilit\u00e9 sur la conduite de votre projet<br>\u2192 <strong>\u00c9viter<\/strong> les risques de d\u00e9rapage de votre projet<\/p>\n<\/div>\n\n\n\n<div class=\"wp-block-column is-layout-flow wp-block-column-is-layout-flow\">\n<p class=\"has-re-yellow-color has-text-color\"><strong>CONDITIONS D\u2019ENTR\u00c9E<\/strong><\/p>\n\n\n\n<p>\u2192 Chiffre d\u2019affaires <strong>d&#8217;environ 500 K\u20ac<\/strong><br>\u2192 avec un projet d&#8217;<strong>au moins 10 emplois cr\u00e9\u00e9s ou sauvegard\u00e9s \u00e0 3 ans<\/strong><br>\u2192 <strong>Ouvert \u00e0 tous<\/strong> les entrepreneurs (ayant b\u00e9n\u00e9fici\u00e9 ou non de START by R\u00e9seau Entreprendre)<\/p>\n<\/div>\n<\/div>\n<\/div>\n<\/div>\n\n\n\n<div class=\"wp-block-buttons is-content-justification-center is-layout-flex wp-container-core-buttons-is-layout-16018d1d wp-block-buttons-is-layout-flex\">\n<div class=\"wp-block-button is-style-fill\"><a class=\"wp-block-button__link has-re-blue-background-color has-background wp-element-button\" href=\"https:\/\/www.reseau-entreprendre.org\/occitanie-mediterranee\/deposer-une-demande\/\" target=\"_blank\" rel=\"noreferrer noopener\">D\u00e9poser une demande<\/a><\/div>\n<\/div>\n\n\n\n<p><\/p>\n","protected":false},"excerpt":{"rendered":"<p>Vous avez un projet \u00e0 potentiel de&nbsp;cr\u00e9ation d\u2019emplois&nbsp;? Rejoignez l\u2019aventure<\/p>\n","protected":false},"author":14,"featured_media":0,"parent":0,"menu_order":0,"comment_status":"closed","ping_status":"closed","template":"","meta":{"_acf_changed":false,"_monsterinsights_skip_tracking":false,"_monsterinsights_sitenote_active":false,"_monsterinsights_sitenote_note":"","_monsterinsights_sitenote_category":0,"footnotes":""},"class_list":["post-13","page","type-page","status-publish","hentry"],"acf":[],"yoast_head":"<!-- This site is optimized with the Yoast SEO plugin v27.4 - https:\/\/yoast.com\/product\/yoast-seo-wordpress\/ -->\n<title>Entreprendre | Reseau Entreprendre Languedoc-Roussillon<\/title>\n<meta name=\"description\" content=\"Vous avez un projet de cr\u00e9ation d&#039;entreprise ? R\u00e9seau Entreprendre Languedoc-Roussillon vous accompagne gratuitement et dans la dur\u00e9e\" \/>\n<meta name=\"robots\" content=\"index, follow, max-snippet:-1, max-image-preview:large, max-video-preview:-1\" \/>\n<link rel=\"canonical\" href=\"https:\/\/www.reseau-entreprendre.org\/occitanie-mediterranee\/devenez-laureat\/\" \/>\n<meta property=\"og:locale\" content=\"fr_FR\" \/>\n<meta property=\"og:type\" content=\"article\" \/>\n<meta property=\"og:title\" content=\"Entreprendre | Reseau Entreprendre Languedoc-Roussillon\" \/>\n<meta property=\"og:description\" content=\"Vous avez un projet de cr\u00e9ation d&#039;entreprise ? R\u00e9seau Entreprendre Languedoc-Roussillon vous accompagne gratuitement et dans la dur\u00e9e\" \/>\n<meta property=\"og:url\" content=\"https:\/\/www.reseau-entreprendre.org\/occitanie-mediterranee\/devenez-laureat\/\" \/>\n<meta property=\"og:site_name\" content=\"R\u00e9seau Entreprendre Occitanie M\u00e9diterran\u00e9e\" \/>\n<meta property=\"article:modified_time\" content=\"2026-04-01T10:23:15+00:00\" \/>\n<meta property=\"og:image\" content=\"https:\/\/www.reseau-entreprendre.org\/occitanie-mediterranee\/wp-content\/uploads\/sites\/14\/2024\/08\/COURBE-ACCOMPAGNEMENT-POUR-LAUREATS-1024x724-1.png\" \/>\n\t<meta property=\"og:image:width\" content=\"1024\" \/>\n\t<meta property=\"og:image:height\" content=\"724\" \/>\n\t<meta property=\"og:image:type\" content=\"image\/png\" \/>\n<meta name=\"twitter:card\" content=\"summary_large_image\" \/>\n<meta name=\"twitter:label1\" content=\"Dur\u00e9e de lecture estim\u00e9e\" \/>\n\t<meta name=\"twitter:data1\" content=\"3 minutes\" \/>\n<script type=\"application\/ld+json\" class=\"yoast-schema-graph\">{\"@context\":\"https:\\\/\\\/schema.org\",\"@graph\":[{\"@type\":\"WebPage\",\"@id\":\"https:\\\/\\\/www.reseau-entreprendre.org\\\/occitanie-mediterranee\\\/devenez-laureat\\\/\",\"url\":\"https:\\\/\\\/www.reseau-entreprendre.org\\\/occitanie-mediterranee\\\/devenez-laureat\\\/\",\"name\":\"Entreprendre | Reseau Entreprendre Languedoc-Roussillon\",\"isPartOf\":{\"@id\":\"https:\\\/\\\/www.reseau-entreprendre.org\\\/occitanie-mediterranee\\\/#website\"},\"primaryImageOfPage\":{\"@id\":\"https:\\\/\\\/www.reseau-entreprendre.org\\\/occitanie-mediterranee\\\/devenez-laureat\\\/#primaryimage\"},\"image\":{\"@id\":\"https:\\\/\\\/www.reseau-entreprendre.org\\\/occitanie-mediterranee\\\/devenez-laureat\\\/#primaryimage\"},\"thumbnailUrl\":\"https:\\\/\\\/www.reseau-entreprendre.org\\\/occitanie-mediterranee\\\/wp-content\\\/uploads\\\/sites\\\/14\\\/2024\\\/08\\\/COURBE-ACCOMPAGNEMENT-POUR-LAUREATS-1024x724-1.png\",\"datePublished\":\"2017-04-28T10:33:34+00:00\",\"dateModified\":\"2026-04-01T10:23:15+00:00\",\"description\":\"Vous avez un projet de cr\u00e9ation d'entreprise ? R\u00e9seau Entreprendre Languedoc-Roussillon vous accompagne gratuitement et dans la dur\u00e9e\",\"breadcrumb\":{\"@id\":\"https:\\\/\\\/www.reseau-entreprendre.org\\\/occitanie-mediterranee\\\/devenez-laureat\\\/#breadcrumb\"},\"inLanguage\":\"fr-FR\",\"potentialAction\":[{\"@type\":\"ReadAction\",\"target\":[\"https:\\\/\\\/www.reseau-entreprendre.org\\\/occitanie-mediterranee\\\/devenez-laureat\\\/\"]}]},{\"@type\":\"ImageObject\",\"inLanguage\":\"fr-FR\",\"@id\":\"https:\\\/\\\/www.reseau-entreprendre.org\\\/occitanie-mediterranee\\\/devenez-laureat\\\/#primaryimage\",\"url\":\"https:\\\/\\\/www.reseau-entreprendre.org\\\/occitanie-mediterranee\\\/wp-content\\\/uploads\\\/sites\\\/14\\\/2024\\\/08\\\/COURBE-ACCOMPAGNEMENT-POUR-LAUREATS-1024x724-1.png\",\"contentUrl\":\"https:\\\/\\\/www.reseau-entreprendre.org\\\/occitanie-mediterranee\\\/wp-content\\\/uploads\\\/sites\\\/14\\\/2024\\\/08\\\/COURBE-ACCOMPAGNEMENT-POUR-LAUREATS-1024x724-1.png\",\"width\":1024,\"height\":724},{\"@type\":\"BreadcrumbList\",\"@id\":\"https:\\\/\\\/www.reseau-entreprendre.org\\\/occitanie-mediterranee\\\/devenez-laureat\\\/#breadcrumb\",\"itemListElement\":[{\"@type\":\"ListItem\",\"position\":1,\"name\":\"Accueil\",\"item\":\"https:\\\/\\\/www.reseau-entreprendre.org\\\/occitanie-mediterranee\\\/\"},{\"@type\":\"ListItem\",\"position\":2,\"name\":\"Devenez laur\u00e9at\"}]},{\"@type\":\"WebSite\",\"@id\":\"https:\\\/\\\/www.reseau-entreprendre.org\\\/occitanie-mediterranee\\\/#website\",\"url\":\"https:\\\/\\\/www.reseau-entreprendre.org\\\/occitanie-mediterranee\\\/\",\"name\":\"R\u00e9seau Entreprendre Occitanie M\u00e9diterran\u00e9e\",\"description\":\"Les sites de R\u00e9seau Entreprendre\",\"potentialAction\":[{\"@type\":\"SearchAction\",\"target\":{\"@type\":\"EntryPoint\",\"urlTemplate\":\"https:\\\/\\\/www.reseau-entreprendre.org\\\/occitanie-mediterranee\\\/?s={search_term_string}\"},\"query-input\":{\"@type\":\"PropertyValueSpecification\",\"valueRequired\":true,\"valueName\":\"search_term_string\"}}],\"inLanguage\":\"fr-FR\"}]}<\/script>\n<!-- \/ Yoast SEO plugin. -->","yoast_head_json":{"title":"Entreprendre | Reseau Entreprendre Languedoc-Roussillon","description":"Vous avez un projet de cr\u00e9ation d'entreprise ? R\u00e9seau Entreprendre Languedoc-Roussillon vous accompagne gratuitement et dans la dur\u00e9e","robots":{"index":"index","follow":"follow","max-snippet":"max-snippet:-1","max-image-preview":"max-image-preview:large","max-video-preview":"max-video-preview:-1"},"canonical":"https:\/\/www.reseau-entreprendre.org\/occitanie-mediterranee\/devenez-laureat\/","og_locale":"fr_FR","og_type":"article","og_title":"Entreprendre | Reseau Entreprendre Languedoc-Roussillon","og_description":"Vous avez un projet de cr\u00e9ation d'entreprise ? R\u00e9seau Entreprendre Languedoc-Roussillon vous accompagne gratuitement et dans la dur\u00e9e","og_url":"https:\/\/www.reseau-entreprendre.org\/occitanie-mediterranee\/devenez-laureat\/","og_site_name":"R\u00e9seau Entreprendre Occitanie M\u00e9diterran\u00e9e","article_modified_time":"2026-04-01T10:23:15+00:00","og_image":[{"width":1024,"height":724,"url":"https:\/\/www.reseau-entreprendre.org\/occitanie-mediterranee\/wp-content\/uploads\/sites\/14\/2024\/08\/COURBE-ACCOMPAGNEMENT-POUR-LAUREATS-1024x724-1.png","type":"image\/png"}],"twitter_card":"summary_large_image","twitter_misc":{"Dur\u00e9e de lecture estim\u00e9e":"3 minutes"},"schema":{"@context":"https:\/\/schema.org","@graph":[{"@type":"WebPage","@id":"https:\/\/www.reseau-entreprendre.org\/occitanie-mediterranee\/devenez-laureat\/","url":"https:\/\/www.reseau-entreprendre.org\/occitanie-mediterranee\/devenez-laureat\/","name":"Entreprendre | Reseau Entreprendre Languedoc-Roussillon","isPartOf":{"@id":"https:\/\/www.reseau-entreprendre.org\/occitanie-mediterranee\/#website"},"primaryImageOfPage":{"@id":"https:\/\/www.reseau-entreprendre.org\/occitanie-mediterranee\/devenez-laureat\/#primaryimage"},"image":{"@id":"https:\/\/www.reseau-entreprendre.org\/occitanie-mediterranee\/devenez-laureat\/#primaryimage"},"thumbnailUrl":"https:\/\/www.reseau-entreprendre.org\/occitanie-mediterranee\/wp-content\/uploads\/sites\/14\/2024\/08\/COURBE-ACCOMPAGNEMENT-POUR-LAUREATS-1024x724-1.png","datePublished":"2017-04-28T10:33:34+00:00","dateModified":"2026-04-01T10:23:15+00:00","description":"Vous avez un projet de cr\u00e9ation d'entreprise ? R\u00e9seau Entreprendre Languedoc-Roussillon vous accompagne gratuitement et dans la dur\u00e9e","breadcrumb":{"@id":"https:\/\/www.reseau-entreprendre.org\/occitanie-mediterranee\/devenez-laureat\/#breadcrumb"},"inLanguage":"fr-FR","potentialAction":[{"@type":"ReadAction","target":["https:\/\/www.reseau-entreprendre.org\/occitanie-mediterranee\/devenez-laureat\/"]}]},{"@type":"ImageObject","inLanguage":"fr-FR","@id":"https:\/\/www.reseau-entreprendre.org\/occitanie-mediterranee\/devenez-laureat\/#primaryimage","url":"https:\/\/www.reseau-entreprendre.org\/occitanie-mediterranee\/wp-content\/uploads\/sites\/14\/2024\/08\/COURBE-ACCOMPAGNEMENT-POUR-LAUREATS-1024x724-1.png","contentUrl":"https:\/\/www.reseau-entreprendre.org\/occitanie-mediterranee\/wp-content\/uploads\/sites\/14\/2024\/08\/COURBE-ACCOMPAGNEMENT-POUR-LAUREATS-1024x724-1.png","width":1024,"height":724},{"@type":"BreadcrumbList","@id":"https:\/\/www.reseau-entreprendre.org\/occitanie-mediterranee\/devenez-laureat\/#breadcrumb","itemListElement":[{"@type":"ListItem","position":1,"name":"Accueil","item":"https:\/\/www.reseau-entreprendre.org\/occitanie-mediterranee\/"},{"@type":"ListItem","position":2,"name":"Devenez laur\u00e9at"}]},{"@type":"WebSite","@id":"https:\/\/www.reseau-entreprendre.org\/occitanie-mediterranee\/#website","url":"https:\/\/www.reseau-entreprendre.org\/occitanie-mediterranee\/","name":"R\u00e9seau Entreprendre Occitanie M\u00e9diterran\u00e9e","description":"Les sites de R\u00e9seau Entreprendre","potentialAction":[{"@type":"SearchAction","target":{"@type":"EntryPoint","urlTemplate":"https:\/\/www.reseau-entreprendre.org\/occitanie-mediterranee\/?s={search_term_string}"},"query-input":{"@type":"PropertyValueSpecification","valueRequired":true,"valueName":"search_term_string"}}],"inLanguage":"fr-FR"}]}},"_links":{"self":[{"href":"https:\/\/www.reseau-entreprendre.org\/occitanie-mediterranee\/wp-json\/wp\/v2\/pages\/13","targetHints":{"allow":["GET"]}}],"collection":[{"href":"https:\/\/www.reseau-entreprendre.org\/occitanie-mediterranee\/wp-json\/wp\/v2\/pages"}],"about":[{"href":"https:\/\/www.reseau-entreprendre.org\/occitanie-mediterranee\/wp-json\/wp\/v2\/types\/page"}],"author":[{"embeddable":true,"href":"https:\/\/www.reseau-entreprendre.org\/occitanie-mediterranee\/wp-json\/wp\/v2\/users\/14"}],"replies":[{"embeddable":true,"href":"https:\/\/www.reseau-entreprendre.org\/occitanie-mediterranee\/wp-json\/wp\/v2\/comments?post=13"}],"version-history":[{"count":0,"href":"https:\/\/www.reseau-entreprendre.org\/occitanie-mediterranee\/wp-json\/wp\/v2\/pages\/13\/revisions"}],"wp:attachment":[{"href":"https:\/\/www.reseau-entreprendre.org\/occitanie-mediterranee\/wp-json\/wp\/v2\/media?parent=13"}],"curies":[{"name":"wp","href":"https:\/\/api.w.org\/{rel}","templated":true}]}}