{"id":15,"date":"2017-04-28T12:33:47","date_gmt":"2017-04-28T10:33:47","guid":{"rendered":"https:\/\/re-preprod-entreprendre.fr\/languedoc-roussillon\/?page_id=15"},"modified":"2026-02-03T11:22:42","modified_gmt":"2026-02-03T10:22:42","slug":"devenez-accompagnateur","status":"publish","type":"page","link":"https:\/\/www.reseau-entreprendre.org\/occitanie-mediterranee\/devenez-accompagnateur\/","title":{"rendered":"DEVENEZ MEMBRE"},"content":{"rendered":"\n<p><strong>Vous \u00eates chef d\u2019entreprise&nbsp;? <\/strong>Nous sommes <strong>un r\u00e9seau unique d\u2019entraide entrepreneuriale, pr\u00e9sent partout en France et dans 10 autres pays. <\/strong>Comme plus de 250 membres de R\u00e9seau Entreprendre Occitanie M\u00e9diterran\u00e9e,<strong> rejoignez-nous&nbsp;!<\/strong><\/p>\n\n\n\n<p>&#8211;&nbsp;<strong>Contribuez au d\u00e9veloppement \u00e9conomique local<\/strong> : validez des projets et accompagnez de nouveaux entrepreneurs sur votre territoire,<\/p>\n\n\n\n<p>&#8211; Animez, t\u00e9moignez et <strong>transmettez votre passion d\u2019entreprendre<\/strong>,<\/p>\n\n\n\n<p>&#8211; Grandissez au contact de cr\u00e9ateurs et repreneurs d\u2019entreprise&nbsp;!<\/p>\n\n\n\n<p>D\u00e9couvrez la vid\u00e9o de notre fondateur Andr\u00e9 MULLIEZ :<\/p>\n\n\n\n<figure class=\"wp-block-video aligncenter\"><video height=\"360\" style=\"aspect-ratio: 480 \/ 360;\" width=\"480\" controls poster=\"https:\/\/www.reseau-entreprendre.org\/occitanie-mediterranee\/wp-content\/uploads\/sites\/14\/2024\/08\/andre-mulliez.jpg\" src=\"https:\/\/www.reseau-entreprendre.org\/occitanie-mediterranee\/wp-content\/uploads\/sites\/14\/2024\/08\/Andre-mulliez.mp4\"><\/video><\/figure>\n\n\n\n<div style=\"height:100px\" aria-hidden=\"true\" class=\"wp-block-spacer\"><\/div>\n\n\n\n<h3 class=\"wp-block-heading has-re-yellow-color has-text-color\"><strong>Choisissez vos actions pour contribuer au dynamisme \u00e9conomique du territoire<\/strong><\/h3>\n\n\n\n<p>Nos membres peuvent intervenir \u00e0 tous les niveaux de la vie de l\u2019association :<br>&#8211; participation aux <strong>comit\u00e9s de s\u00e9lection et d\u2019engagement<\/strong>,<br>&#8211; <strong>\u00e9tude et validation des projets<\/strong> de cr\u00e9ation ou de reprise d\u2019entreprise,<br>&#8211; <strong>accompagnement<\/strong> des entrepreneurs laur\u00e9ats,<br>&#8211; participation \u00e0 nos soir\u00e9es <strong>&#8220;d\u00e9couverte d&#8217;entreprise\/m\u00e9tier&#8221;<\/strong> organis\u00e9es tous les 2 mois dans chaque secteur<br>&#8211; participation \u00e0 nos deux gros \u00e9v\u00e9nements majeurs : <strong>F\u00eate des laur\u00e9ats et Assembl\u00e9e G\u00e9n\u00e9rale<\/strong><br>&#8211; participation \u00e0 nos diverses <strong>sorties et animations<\/strong><\/p>\n\n\n\n<div style=\"height:100px\" aria-hidden=\"true\" class=\"wp-block-spacer\"><\/div>\n\n\n\n<h3 class=\"wp-block-heading has-re-yellow-color has-text-color\"><strong>Pour nous d\u00e9couvrir<\/strong><\/h3>\n\n\n\n<p>Participez \u00e0 nos visioconf\u00e9rences de pr\u00e9sentation de notre association, toutes les deux semaines, de 11h45 \u00e0 12h15 en vous inscrivant gratuitement en <a href=\"https:\/\/www.helloasso.com\/associations\/reseau-entreprendre-occitanie-mediterranee\/evenements\/inscription-visio-de-presentation-reseau-entreprendre\">cliquant ici<\/a> :<\/p>\n\n\n\n<div class=\"wp-block-buttons is-content-justification-center is-layout-flex wp-container-core-buttons-is-layout-16018d1d wp-block-buttons-is-layout-flex\">\n<div class=\"wp-block-button\"><a class=\"wp-block-button__link has-re-yellow-background-color has-background has-text-align-center wp-element-button\" href=\"https:\/\/www.helloasso.com\/associations\/reseau-entreprendre-occitanie-mediterranee\/evenements\/inscription-visio-de-presentation-reseau-entreprendre\" target=\"_blank\" rel=\"noreferrer noopener\"><strong>Participer \u00e0 une visio de pr\u00e9sentation<\/strong><\/a><\/div>\n<\/div>\n\n\n\n<div style=\"height:100px\" aria-hidden=\"true\" class=\"wp-block-spacer\"><\/div>\n\n\n\n<h3 class=\"wp-block-heading has-re-yellow-color has-text-color\"><strong>Pour nous rejoindre<\/strong><\/h3>\n\n\n\n<p>Adh\u00e9rez \u00e0 notre association <a href=\"https:\/\/forms.gle\/jpyJxRok2gChk6NV9\" target=\"_blank\" rel=\"noreferrer noopener\">en cliquant ici<\/a><\/p>\n\n\n\n<div class=\"wp-block-buttons is-content-justification-center is-layout-flex wp-container-core-buttons-is-layout-16018d1d wp-block-buttons-is-layout-flex\">\n<div class=\"wp-block-button\"><a class=\"wp-block-button__link has-re-yellow-background-color has-background has-text-align-center wp-element-button\" href=\"https:\/\/forms.gle\/jpyJxRok2gChk6NV9\" target=\"_blank\" rel=\"noreferrer noopener\"><strong>Adh\u00e9rer en cliquant ici<\/strong><\/a><\/div>\n<\/div>\n\n\n\n<div style=\"height:10px\" aria-hidden=\"true\" class=\"wp-block-spacer\"><\/div>\n\n\n\n<div style=\"height:100px\" aria-hidden=\"true\" class=\"wp-block-spacer\"><\/div>\n\n\n\n<h2 class=\"wp-block-heading\">Nous contacter<\/h2>\n\n\n\n<div class=\"wp-block-media-text is-stacked-on-mobile\"><figure class=\"wp-block-media-text__media\"><img loading=\"lazy\" decoding=\"async\" width=\"400\" height=\"400\" src=\"https:\/\/www.reseau-entreprendre.org\/occitanie-mediterranee\/wp-content\/uploads\/sites\/14\/2025\/09\/REGNIER-Aline.jpg\" alt=\"\" class=\"wp-image-5485 size-full\" srcset=\"https:\/\/www.reseau-entreprendre.org\/occitanie-mediterranee\/wp-content\/uploads\/sites\/14\/2025\/09\/REGNIER-Aline.jpg 400w, https:\/\/www.reseau-entreprendre.org\/occitanie-mediterranee\/wp-content\/uploads\/sites\/14\/2025\/09\/REGNIER-Aline-300x300.jpg 300w, https:\/\/www.reseau-entreprendre.org\/occitanie-mediterranee\/wp-content\/uploads\/sites\/14\/2025\/09\/REGNIER-Aline-150x150.jpg 150w, https:\/\/www.reseau-entreprendre.org\/occitanie-mediterranee\/wp-content\/uploads\/sites\/14\/2025\/09\/REGNIER-Aline-130x130.jpg 130w, https:\/\/www.reseau-entreprendre.org\/occitanie-mediterranee\/wp-content\/uploads\/sites\/14\/2025\/09\/REGNIER-Aline-100x100.jpg 100w\" sizes=\"auto, (max-width: 400px) 100vw, 400px\" \/><\/figure><div class=\"wp-block-media-text__content\">\n<p class=\"has-re-blue-color has-text-color has-link-color has-medium-font-size wp-elements-d8e720c23c80517e4a4ccb400d265c56\"><strong>Aline REGNIER<\/strong><\/p>\n\n\n\n<p><strong>Directrice<\/strong><\/p>\n\n\n\n<p>07 67 47 29 56<\/p>\n\n\n\n<p><a href=\"mailto:alineregnier@reseau-entreprendre.org\" target=\"_blank\" rel=\"noreferrer noopener\">alineregnier@reseau-entreprendre.org<\/a><\/p>\n<\/div><\/div>\n","protected":false},"excerpt":{"rendered":"<p>Vous \u00eates chef d\u2019entreprise&nbsp;? Nous sommes un r\u00e9seau unique d\u2019entraide<\/p>\n","protected":false},"author":14,"featured_media":4262,"parent":0,"menu_order":0,"comment_status":"closed","ping_status":"closed","template":"","meta":{"_acf_changed":false,"_monsterinsights_skip_tracking":false,"_monsterinsights_sitenote_active":false,"_monsterinsights_sitenote_note":"","_monsterinsights_sitenote_category":0,"footnotes":""},"class_list":["post-15","page","type-page","status-publish","has-post-thumbnail","hentry"],"acf":[],"yoast_head":"<!-- This site is optimized with the Yoast SEO plugin v27.4 - https:\/\/yoast.com\/product\/yoast-seo-wordpress\/ -->\n<title>Accompagner| Reseau Entreprendre Languedoc-Roussillon<\/title>\n<meta name=\"description\" content=\"Vous \u00eates chef d&#039;entreprise et souhaitez accompagner de nouveaux entrepreneurs ? Devenez membre b\u00e9n\u00e9vole de R\u00e9seau Entreprendre Languedoc-Roussillon !\" \/>\n<meta name=\"robots\" content=\"index, follow, max-snippet:-1, max-image-preview:large, max-video-preview:-1\" \/>\n<link rel=\"canonical\" href=\"https:\/\/www.reseau-entreprendre.org\/occitanie-mediterranee\/devenez-accompagnateur\/\" \/>\n<meta property=\"og:locale\" content=\"fr_FR\" \/>\n<meta property=\"og:type\" content=\"article\" \/>\n<meta property=\"og:title\" content=\"Accompagner| Reseau Entreprendre Languedoc-Roussillon\" \/>\n<meta property=\"og:description\" content=\"Vous \u00eates chef d&#039;entreprise et souhaitez accompagner de nouveaux entrepreneurs ? Devenez membre b\u00e9n\u00e9vole de R\u00e9seau Entreprendre Languedoc-Roussillon !\" \/>\n<meta property=\"og:url\" content=\"https:\/\/www.reseau-entreprendre.org\/occitanie-mediterranee\/devenez-accompagnateur\/\" \/>\n<meta property=\"og:site_name\" content=\"R\u00e9seau Entreprendre Occitanie M\u00e9diterran\u00e9e\" \/>\n<meta property=\"article:modified_time\" content=\"2026-02-03T10:22:42+00:00\" \/>\n<meta property=\"og:image\" content=\"https:\/\/www.reseau-entreprendre.org\/occitanie-mediterranee\/wp-content\/uploads\/sites\/14\/2024\/08\/accompaganteur-1024x374.png\" \/>\n\t<meta property=\"og:image:width\" content=\"1024\" \/>\n\t<meta property=\"og:image:height\" content=\"374\" \/>\n\t<meta property=\"og:image:type\" content=\"image\/png\" \/>\n<meta name=\"twitter:card\" content=\"summary_large_image\" \/>\n<meta name=\"twitter:label1\" content=\"Dur\u00e9e de lecture estim\u00e9e\" \/>\n\t<meta name=\"twitter:data1\" content=\"2 minutes\" \/>\n<script type=\"application\/ld+json\" class=\"yoast-schema-graph\">{\"@context\":\"https:\\\/\\\/schema.org\",\"@graph\":[{\"@type\":\"WebPage\",\"@id\":\"https:\\\/\\\/www.reseau-entreprendre.org\\\/occitanie-mediterranee\\\/devenez-accompagnateur\\\/\",\"url\":\"https:\\\/\\\/www.reseau-entreprendre.org\\\/occitanie-mediterranee\\\/devenez-accompagnateur\\\/\",\"name\":\"Accompagner| Reseau Entreprendre Languedoc-Roussillon\",\"isPartOf\":{\"@id\":\"https:\\\/\\\/www.reseau-entreprendre.org\\\/occitanie-mediterranee\\\/#website\"},\"primaryImageOfPage\":{\"@id\":\"https:\\\/\\\/www.reseau-entreprendre.org\\\/occitanie-mediterranee\\\/devenez-accompagnateur\\\/#primaryimage\"},\"image\":{\"@id\":\"https:\\\/\\\/www.reseau-entreprendre.org\\\/occitanie-mediterranee\\\/devenez-accompagnateur\\\/#primaryimage\"},\"thumbnailUrl\":\"https:\\\/\\\/www.reseau-entreprendre.org\\\/occitanie-mediterranee\\\/wp-content\\\/uploads\\\/sites\\\/14\\\/2024\\\/08\\\/accompaganteur.png\",\"datePublished\":\"2017-04-28T10:33:47+00:00\",\"dateModified\":\"2026-02-03T10:22:42+00:00\",\"description\":\"Vous \u00eates chef d'entreprise et souhaitez accompagner de nouveaux entrepreneurs ? Devenez membre b\u00e9n\u00e9vole de R\u00e9seau Entreprendre Languedoc-Roussillon !\",\"breadcrumb\":{\"@id\":\"https:\\\/\\\/www.reseau-entreprendre.org\\\/occitanie-mediterranee\\\/devenez-accompagnateur\\\/#breadcrumb\"},\"inLanguage\":\"fr-FR\",\"potentialAction\":[{\"@type\":\"ReadAction\",\"target\":[\"https:\\\/\\\/www.reseau-entreprendre.org\\\/occitanie-mediterranee\\\/devenez-accompagnateur\\\/\"]}]},{\"@type\":\"ImageObject\",\"inLanguage\":\"fr-FR\",\"@id\":\"https:\\\/\\\/www.reseau-entreprendre.org\\\/occitanie-mediterranee\\\/devenez-accompagnateur\\\/#primaryimage\",\"url\":\"https:\\\/\\\/www.reseau-entreprendre.org\\\/occitanie-mediterranee\\\/wp-content\\\/uploads\\\/sites\\\/14\\\/2024\\\/08\\\/accompaganteur.png\",\"contentUrl\":\"https:\\\/\\\/www.reseau-entreprendre.org\\\/occitanie-mediterranee\\\/wp-content\\\/uploads\\\/sites\\\/14\\\/2024\\\/08\\\/accompaganteur.png\",\"width\":4345,\"height\":1585},{\"@type\":\"BreadcrumbList\",\"@id\":\"https:\\\/\\\/www.reseau-entreprendre.org\\\/occitanie-mediterranee\\\/devenez-accompagnateur\\\/#breadcrumb\",\"itemListElement\":[{\"@type\":\"ListItem\",\"position\":1,\"name\":\"Accueil\",\"item\":\"https:\\\/\\\/www.reseau-entreprendre.org\\\/occitanie-mediterranee\\\/\"},{\"@type\":\"ListItem\",\"position\":2,\"name\":\"DEVENEZ MEMBRE\"}]},{\"@type\":\"WebSite\",\"@id\":\"https:\\\/\\\/www.reseau-entreprendre.org\\\/occitanie-mediterranee\\\/#website\",\"url\":\"https:\\\/\\\/www.reseau-entreprendre.org\\\/occitanie-mediterranee\\\/\",\"name\":\"R\u00e9seau Entreprendre Occitanie M\u00e9diterran\u00e9e\",\"description\":\"Les sites de R\u00e9seau Entreprendre\",\"potentialAction\":[{\"@type\":\"SearchAction\",\"target\":{\"@type\":\"EntryPoint\",\"urlTemplate\":\"https:\\\/\\\/www.reseau-entreprendre.org\\\/occitanie-mediterranee\\\/?s={search_term_string}\"},\"query-input\":{\"@type\":\"PropertyValueSpecification\",\"valueRequired\":true,\"valueName\":\"search_term_string\"}}],\"inLanguage\":\"fr-FR\"}]}<\/script>\n<!-- \/ Yoast SEO plugin. -->","yoast_head_json":{"title":"Accompagner| Reseau Entreprendre Languedoc-Roussillon","description":"Vous \u00eates chef d'entreprise et souhaitez accompagner de nouveaux entrepreneurs ? Devenez membre b\u00e9n\u00e9vole de R\u00e9seau Entreprendre Languedoc-Roussillon !","robots":{"index":"index","follow":"follow","max-snippet":"max-snippet:-1","max-image-preview":"max-image-preview:large","max-video-preview":"max-video-preview:-1"},"canonical":"https:\/\/www.reseau-entreprendre.org\/occitanie-mediterranee\/devenez-accompagnateur\/","og_locale":"fr_FR","og_type":"article","og_title":"Accompagner| Reseau Entreprendre Languedoc-Roussillon","og_description":"Vous \u00eates chef d'entreprise et souhaitez accompagner de nouveaux entrepreneurs ? Devenez membre b\u00e9n\u00e9vole de R\u00e9seau Entreprendre Languedoc-Roussillon !","og_url":"https:\/\/www.reseau-entreprendre.org\/occitanie-mediterranee\/devenez-accompagnateur\/","og_site_name":"R\u00e9seau Entreprendre Occitanie M\u00e9diterran\u00e9e","article_modified_time":"2026-02-03T10:22:42+00:00","og_image":[{"width":1024,"height":374,"url":"https:\/\/www.reseau-entreprendre.org\/occitanie-mediterranee\/wp-content\/uploads\/sites\/14\/2024\/08\/accompaganteur-1024x374.png","type":"image\/png"}],"twitter_card":"summary_large_image","twitter_misc":{"Dur\u00e9e de lecture estim\u00e9e":"2 minutes"},"schema":{"@context":"https:\/\/schema.org","@graph":[{"@type":"WebPage","@id":"https:\/\/www.reseau-entreprendre.org\/occitanie-mediterranee\/devenez-accompagnateur\/","url":"https:\/\/www.reseau-entreprendre.org\/occitanie-mediterranee\/devenez-accompagnateur\/","name":"Accompagner| Reseau Entreprendre Languedoc-Roussillon","isPartOf":{"@id":"https:\/\/www.reseau-entreprendre.org\/occitanie-mediterranee\/#website"},"primaryImageOfPage":{"@id":"https:\/\/www.reseau-entreprendre.org\/occitanie-mediterranee\/devenez-accompagnateur\/#primaryimage"},"image":{"@id":"https:\/\/www.reseau-entreprendre.org\/occitanie-mediterranee\/devenez-accompagnateur\/#primaryimage"},"thumbnailUrl":"https:\/\/www.reseau-entreprendre.org\/occitanie-mediterranee\/wp-content\/uploads\/sites\/14\/2024\/08\/accompaganteur.png","datePublished":"2017-04-28T10:33:47+00:00","dateModified":"2026-02-03T10:22:42+00:00","description":"Vous \u00eates chef d'entreprise et souhaitez accompagner de nouveaux entrepreneurs ? Devenez membre b\u00e9n\u00e9vole de R\u00e9seau Entreprendre Languedoc-Roussillon !","breadcrumb":{"@id":"https:\/\/www.reseau-entreprendre.org\/occitanie-mediterranee\/devenez-accompagnateur\/#breadcrumb"},"inLanguage":"fr-FR","potentialAction":[{"@type":"ReadAction","target":["https:\/\/www.reseau-entreprendre.org\/occitanie-mediterranee\/devenez-accompagnateur\/"]}]},{"@type":"ImageObject","inLanguage":"fr-FR","@id":"https:\/\/www.reseau-entreprendre.org\/occitanie-mediterranee\/devenez-accompagnateur\/#primaryimage","url":"https:\/\/www.reseau-entreprendre.org\/occitanie-mediterranee\/wp-content\/uploads\/sites\/14\/2024\/08\/accompaganteur.png","contentUrl":"https:\/\/www.reseau-entreprendre.org\/occitanie-mediterranee\/wp-content\/uploads\/sites\/14\/2024\/08\/accompaganteur.png","width":4345,"height":1585},{"@type":"BreadcrumbList","@id":"https:\/\/www.reseau-entreprendre.org\/occitanie-mediterranee\/devenez-accompagnateur\/#breadcrumb","itemListElement":[{"@type":"ListItem","position":1,"name":"Accueil","item":"https:\/\/www.reseau-entreprendre.org\/occitanie-mediterranee\/"},{"@type":"ListItem","position":2,"name":"DEVENEZ MEMBRE"}]},{"@type":"WebSite","@id":"https:\/\/www.reseau-entreprendre.org\/occitanie-mediterranee\/#website","url":"https:\/\/www.reseau-entreprendre.org\/occitanie-mediterranee\/","name":"R\u00e9seau Entreprendre Occitanie M\u00e9diterran\u00e9e","description":"Les sites de R\u00e9seau Entreprendre","potentialAction":[{"@type":"SearchAction","target":{"@type":"EntryPoint","urlTemplate":"https:\/\/www.reseau-entreprendre.org\/occitanie-mediterranee\/?s={search_term_string}"},"query-input":{"@type":"PropertyValueSpecification","valueRequired":true,"valueName":"search_term_string"}}],"inLanguage":"fr-FR"}]}},"_links":{"self":[{"href":"https:\/\/www.reseau-entreprendre.org\/occitanie-mediterranee\/wp-json\/wp\/v2\/pages\/15","targetHints":{"allow":["GET"]}}],"collection":[{"href":"https:\/\/www.reseau-entreprendre.org\/occitanie-mediterranee\/wp-json\/wp\/v2\/pages"}],"about":[{"href":"https:\/\/www.reseau-entreprendre.org\/occitanie-mediterranee\/wp-json\/wp\/v2\/types\/page"}],"author":[{"embeddable":true,"href":"https:\/\/www.reseau-entreprendre.org\/occitanie-mediterranee\/wp-json\/wp\/v2\/users\/14"}],"replies":[{"embeddable":true,"href":"https:\/\/www.reseau-entreprendre.org\/occitanie-mediterranee\/wp-json\/wp\/v2\/comments?post=15"}],"version-history":[{"count":0,"href":"https:\/\/www.reseau-entreprendre.org\/occitanie-mediterranee\/wp-json\/wp\/v2\/pages\/15\/revisions"}],"wp:featuredmedia":[{"embeddable":true,"href":"https:\/\/www.reseau-entreprendre.org\/occitanie-mediterranee\/wp-json\/wp\/v2\/media\/4262"}],"wp:attachment":[{"href":"https:\/\/www.reseau-entreprendre.org\/occitanie-mediterranee\/wp-json\/wp\/v2\/media?parent=15"}],"curies":[{"name":"wp","href":"https:\/\/api.w.org\/{rel}","templated":true}]}}