{"id":17,"date":"2017-04-28T12:34:01","date_gmt":"2017-04-28T10:34:01","guid":{"rendered":"https:\/\/re-preprod-entreprendre.fr\/languedoc-roussillon\/?page_id=17"},"modified":"2025-04-17T14:34:38","modified_gmt":"2025-04-17T12:34:38","slug":"soutenez-nous","status":"publish","type":"page","link":"https:\/\/www.reseau-entreprendre.org\/occitanie-mediterranee\/soutenez-nous\/","title":{"rendered":"Devenez m\u00e9c\u00e8ne ou sponsor"},"content":{"rendered":"\n<p><strong>Vous \u00eates une entreprise ou une institution&nbsp;?<br>Soutenez notre action <\/strong>et<strong> devenez partenaire <\/strong>de R\u00e9seau Entreprendre Occitanie M\u00e9diterran\u00e9e !<\/p>\n\n\n\n<p><\/p>\n\n\n\n<h3 class=\"wp-block-heading has-re-red-color has-text-color\"><strong>Rejoignez un r\u00e9seau d\u2019entraide entrepreneuriale, pr\u00e9sent dans 10 pays et reconnu d\u2019Utilit\u00e9 Publique<\/strong><\/h3>\n\n\n\n<p>\u00catre partenaire de R\u00e9seau Entreprendre, c\u2019est :<\/p>\n\n\n\n<p>\u2013 <strong>participer \u00e0 un r\u00e9seau dynamique<\/strong> <strong>de<\/strong> <strong>plus de 350 chefs d\u2019entreprise locaux<\/strong> \u00e0 l\u2019engagement citoyen,<br>\u2013 <strong>soutenir la cr\u00e9ation d\u2019emplois durables<\/strong> dans nos territoires,<br>\u2013 <strong>faire vivre les valeurs entrepreneuriales<\/strong> \u00e0 vos \u00e9quipes,<br>\u2013 <strong>valoriser vos actions<\/strong> en faveur du d\u00e9veloppement \u00e9conomique local,<br>\u2013 c\u2019est aussi <strong>une multitude d\u2019actions<\/strong> que nous pouvons d\u00e9finir avec vous en fonction de vos attentes,<br>\u2013 <strong>soutenir nos \u00e9v\u00e9nements annuels majeurs : <\/strong>F\u00eate des laur\u00e9ats et Assembl\u00e9e G\u00e9n\u00e9rale.<br><\/p>\n\n\n\n<p>Alors n\u2019h\u00e9sitez pas, <u>contactez-nous<\/u> !&nbsp;&nbsp;<\/p>\n\n\n\n<div class=\"wp-block-buttons is-layout-flex wp-block-buttons-is-layout-flex\">\n<div class=\"wp-block-button is-style-fill\"><a class=\"wp-block-button__link has-re-red-background-color has-text-color has-background wp-element-button\" href=\"mailto:gcapella@reseau-entreprendre.org\" style=\"color:#ffffff\">CONTACT<\/a><\/div>\n<\/div>\n\n\n\n<p><\/p>\n\n\n\n<h3 class=\"wp-block-heading has-re-red-color has-text-color\"><strong>Favorisez l&#8217;\u00e9mergence de PME et ETI cr\u00e9atrices d&#8217;emplois<\/strong><\/h3>\n\n\n\n<div class=\"wp-block-media-text alignwide is-stacked-on-mobile\" style=\"grid-template-columns:30% auto\"><figure class=\"wp-block-media-text__media\"><img loading=\"lazy\" decoding=\"async\" width=\"1024\" height=\"1024\" src=\"https:\/\/www.reseau-entreprendre.org\/occitanie-mediterranee\/wp-content\/uploads\/sites\/14\/2024\/08\/developpement-dentreprises.jpg\" alt=\"\" class=\"wp-image-4326 size-full\" srcset=\"https:\/\/www.reseau-entreprendre.org\/occitanie-mediterranee\/wp-content\/uploads\/sites\/14\/2024\/08\/developpement-dentreprises.jpg 1024w, https:\/\/www.reseau-entreprendre.org\/occitanie-mediterranee\/wp-content\/uploads\/sites\/14\/2024\/08\/developpement-dentreprises-300x300.jpg 300w, https:\/\/www.reseau-entreprendre.org\/occitanie-mediterranee\/wp-content\/uploads\/sites\/14\/2024\/08\/developpement-dentreprises-150x150.jpg 150w, https:\/\/www.reseau-entreprendre.org\/occitanie-mediterranee\/wp-content\/uploads\/sites\/14\/2024\/08\/developpement-dentreprises-768x768.jpg 768w, https:\/\/www.reseau-entreprendre.org\/occitanie-mediterranee\/wp-content\/uploads\/sites\/14\/2024\/08\/developpement-dentreprises-130x130.jpg 130w, https:\/\/www.reseau-entreprendre.org\/occitanie-mediterranee\/wp-content\/uploads\/sites\/14\/2024\/08\/developpement-dentreprises-100x100.jpg 100w\" sizes=\"auto, (max-width: 1024px) 100vw, 1024px\" \/><\/figure><div class=\"wp-block-media-text__content\">\n<p>La mission de R\u00e9seau Entreprendre est de&nbsp;<strong>contribuer \u00e0 la r\u00e9ussite de nouveaux entrepreneurs \u2013 <\/strong>cr\u00e9ateur, repreneurs, ou en d\u00e9veloppement d&#8217;entreprise <strong>\u2013 significativement cr\u00e9ateurs ou conservateurs d\u2019emplois et de richesses<\/strong>.<\/p>\n\n\n\n<p>Le c\u0153ur de m\u00e9tier de notre association, c\u2019est&nbsp;<strong>l\u2019accompagnement de ces entrepreneurs \u00e0 fort potentiel, par des chefs d\u2019entreprise<\/strong>.<\/p>\n\n\n\n<p class=\"has-text-align-left\"><strong>Par leurs comp\u00e9tences, leur \u00e9nergie et leur apport financier<\/strong>, ces chefs d\u2019entreprise b\u00e9n\u00e9voles ainsi que nos partenaires <strong>contribuent au dynamisme \u00e9conomique des territoires. <\/strong><\/p>\n<\/div><\/div>\n","protected":false},"excerpt":{"rendered":"<p>Vous \u00eates une entreprise ou une institution&nbsp;?Soutenez notre action et<\/p>\n","protected":false},"author":14,"featured_media":0,"parent":0,"menu_order":0,"comment_status":"closed","ping_status":"closed","template":"","meta":{"_acf_changed":false,"_monsterinsights_skip_tracking":false,"_monsterinsights_sitenote_active":false,"_monsterinsights_sitenote_note":"","_monsterinsights_sitenote_category":0,"footnotes":""},"class_list":["post-17","page","type-page","status-publish","hentry"],"acf":[],"yoast_head":"<!-- This site is optimized with the Yoast SEO plugin v27.4 - https:\/\/yoast.com\/product\/yoast-seo-wordpress\/ -->\n<title>Soutenir | Reseau Entreprendre Languedoc-Roussillon<\/title>\n<meta name=\"description\" content=\"Partenaire, vous souhaitez soutenir un r\u00e9seau 100% chefs d&#039;entreprise ? Rejoignez R\u00e9seau Entreprendre Languedoc-Roussillon\" \/>\n<meta name=\"robots\" content=\"index, follow, max-snippet:-1, max-image-preview:large, max-video-preview:-1\" \/>\n<link rel=\"canonical\" href=\"https:\/\/www.reseau-entreprendre.org\/occitanie-mediterranee\/soutenez-nous\/\" \/>\n<meta property=\"og:locale\" content=\"fr_FR\" \/>\n<meta property=\"og:type\" content=\"article\" \/>\n<meta property=\"og:title\" content=\"Soutenir | Reseau Entreprendre Languedoc-Roussillon\" \/>\n<meta property=\"og:description\" content=\"Partenaire, vous souhaitez soutenir un r\u00e9seau 100% chefs d&#039;entreprise ? Rejoignez R\u00e9seau Entreprendre Languedoc-Roussillon\" \/>\n<meta property=\"og:url\" content=\"https:\/\/www.reseau-entreprendre.org\/occitanie-mediterranee\/soutenez-nous\/\" \/>\n<meta property=\"og:site_name\" content=\"R\u00e9seau Entreprendre Occitanie M\u00e9diterran\u00e9e\" \/>\n<meta property=\"article:modified_time\" content=\"2025-04-17T12:34:38+00:00\" \/>\n<meta property=\"og:image\" content=\"https:\/\/www.reseau-entreprendre.org\/occitanie-mediterranee\/wp-content\/uploads\/sites\/14\/2024\/08\/developpement-dentreprises.jpg\" \/>\n\t<meta property=\"og:image:width\" content=\"1024\" \/>\n\t<meta property=\"og:image:height\" content=\"1024\" \/>\n\t<meta property=\"og:image:type\" content=\"image\/jpeg\" \/>\n<meta name=\"twitter:card\" content=\"summary_large_image\" \/>\n<meta name=\"twitter:label1\" content=\"Dur\u00e9e de lecture estim\u00e9e\" \/>\n\t<meta name=\"twitter:data1\" content=\"2 minutes\" \/>\n<script type=\"application\/ld+json\" class=\"yoast-schema-graph\">{\"@context\":\"https:\\\/\\\/schema.org\",\"@graph\":[{\"@type\":\"WebPage\",\"@id\":\"https:\\\/\\\/www.reseau-entreprendre.org\\\/occitanie-mediterranee\\\/soutenez-nous\\\/\",\"url\":\"https:\\\/\\\/www.reseau-entreprendre.org\\\/occitanie-mediterranee\\\/soutenez-nous\\\/\",\"name\":\"Soutenir | Reseau Entreprendre Languedoc-Roussillon\",\"isPartOf\":{\"@id\":\"https:\\\/\\\/www.reseau-entreprendre.org\\\/occitanie-mediterranee\\\/#website\"},\"primaryImageOfPage\":{\"@id\":\"https:\\\/\\\/www.reseau-entreprendre.org\\\/occitanie-mediterranee\\\/soutenez-nous\\\/#primaryimage\"},\"image\":{\"@id\":\"https:\\\/\\\/www.reseau-entreprendre.org\\\/occitanie-mediterranee\\\/soutenez-nous\\\/#primaryimage\"},\"thumbnailUrl\":\"https:\\\/\\\/www.reseau-entreprendre.org\\\/occitanie-mediterranee\\\/wp-content\\\/uploads\\\/sites\\\/14\\\/2024\\\/08\\\/developpement-dentreprises.jpg\",\"datePublished\":\"2017-04-28T10:34:01+00:00\",\"dateModified\":\"2025-04-17T12:34:38+00:00\",\"description\":\"Partenaire, vous souhaitez soutenir un r\u00e9seau 100% chefs d'entreprise ? Rejoignez R\u00e9seau Entreprendre Languedoc-Roussillon\",\"breadcrumb\":{\"@id\":\"https:\\\/\\\/www.reseau-entreprendre.org\\\/occitanie-mediterranee\\\/soutenez-nous\\\/#breadcrumb\"},\"inLanguage\":\"fr-FR\",\"potentialAction\":[{\"@type\":\"ReadAction\",\"target\":[\"https:\\\/\\\/www.reseau-entreprendre.org\\\/occitanie-mediterranee\\\/soutenez-nous\\\/\"]}]},{\"@type\":\"ImageObject\",\"inLanguage\":\"fr-FR\",\"@id\":\"https:\\\/\\\/www.reseau-entreprendre.org\\\/occitanie-mediterranee\\\/soutenez-nous\\\/#primaryimage\",\"url\":\"https:\\\/\\\/www.reseau-entreprendre.org\\\/occitanie-mediterranee\\\/wp-content\\\/uploads\\\/sites\\\/14\\\/2024\\\/08\\\/developpement-dentreprises.jpg\",\"contentUrl\":\"https:\\\/\\\/www.reseau-entreprendre.org\\\/occitanie-mediterranee\\\/wp-content\\\/uploads\\\/sites\\\/14\\\/2024\\\/08\\\/developpement-dentreprises.jpg\",\"width\":1024,\"height\":1024},{\"@type\":\"BreadcrumbList\",\"@id\":\"https:\\\/\\\/www.reseau-entreprendre.org\\\/occitanie-mediterranee\\\/soutenez-nous\\\/#breadcrumb\",\"itemListElement\":[{\"@type\":\"ListItem\",\"position\":1,\"name\":\"Accueil\",\"item\":\"https:\\\/\\\/www.reseau-entreprendre.org\\\/occitanie-mediterranee\\\/\"},{\"@type\":\"ListItem\",\"position\":2,\"name\":\"Devenez m\u00e9c\u00e8ne ou sponsor\"}]},{\"@type\":\"WebSite\",\"@id\":\"https:\\\/\\\/www.reseau-entreprendre.org\\\/occitanie-mediterranee\\\/#website\",\"url\":\"https:\\\/\\\/www.reseau-entreprendre.org\\\/occitanie-mediterranee\\\/\",\"name\":\"R\u00e9seau Entreprendre Occitanie M\u00e9diterran\u00e9e\",\"description\":\"Les sites de R\u00e9seau Entreprendre\",\"potentialAction\":[{\"@type\":\"SearchAction\",\"target\":{\"@type\":\"EntryPoint\",\"urlTemplate\":\"https:\\\/\\\/www.reseau-entreprendre.org\\\/occitanie-mediterranee\\\/?s={search_term_string}\"},\"query-input\":{\"@type\":\"PropertyValueSpecification\",\"valueRequired\":true,\"valueName\":\"search_term_string\"}}],\"inLanguage\":\"fr-FR\"}]}<\/script>\n<!-- \/ Yoast SEO plugin. -->","yoast_head_json":{"title":"Soutenir | Reseau Entreprendre Languedoc-Roussillon","description":"Partenaire, vous souhaitez soutenir un r\u00e9seau 100% chefs d'entreprise ? Rejoignez R\u00e9seau Entreprendre Languedoc-Roussillon","robots":{"index":"index","follow":"follow","max-snippet":"max-snippet:-1","max-image-preview":"max-image-preview:large","max-video-preview":"max-video-preview:-1"},"canonical":"https:\/\/www.reseau-entreprendre.org\/occitanie-mediterranee\/soutenez-nous\/","og_locale":"fr_FR","og_type":"article","og_title":"Soutenir | Reseau Entreprendre Languedoc-Roussillon","og_description":"Partenaire, vous souhaitez soutenir un r\u00e9seau 100% chefs d'entreprise ? Rejoignez R\u00e9seau Entreprendre Languedoc-Roussillon","og_url":"https:\/\/www.reseau-entreprendre.org\/occitanie-mediterranee\/soutenez-nous\/","og_site_name":"R\u00e9seau Entreprendre Occitanie M\u00e9diterran\u00e9e","article_modified_time":"2025-04-17T12:34:38+00:00","og_image":[{"width":1024,"height":1024,"url":"https:\/\/www.reseau-entreprendre.org\/occitanie-mediterranee\/wp-content\/uploads\/sites\/14\/2024\/08\/developpement-dentreprises.jpg","type":"image\/jpeg"}],"twitter_card":"summary_large_image","twitter_misc":{"Dur\u00e9e de lecture estim\u00e9e":"2 minutes"},"schema":{"@context":"https:\/\/schema.org","@graph":[{"@type":"WebPage","@id":"https:\/\/www.reseau-entreprendre.org\/occitanie-mediterranee\/soutenez-nous\/","url":"https:\/\/www.reseau-entreprendre.org\/occitanie-mediterranee\/soutenez-nous\/","name":"Soutenir | Reseau Entreprendre Languedoc-Roussillon","isPartOf":{"@id":"https:\/\/www.reseau-entreprendre.org\/occitanie-mediterranee\/#website"},"primaryImageOfPage":{"@id":"https:\/\/www.reseau-entreprendre.org\/occitanie-mediterranee\/soutenez-nous\/#primaryimage"},"image":{"@id":"https:\/\/www.reseau-entreprendre.org\/occitanie-mediterranee\/soutenez-nous\/#primaryimage"},"thumbnailUrl":"https:\/\/www.reseau-entreprendre.org\/occitanie-mediterranee\/wp-content\/uploads\/sites\/14\/2024\/08\/developpement-dentreprises.jpg","datePublished":"2017-04-28T10:34:01+00:00","dateModified":"2025-04-17T12:34:38+00:00","description":"Partenaire, vous souhaitez soutenir un r\u00e9seau 100% chefs d'entreprise ? Rejoignez R\u00e9seau Entreprendre Languedoc-Roussillon","breadcrumb":{"@id":"https:\/\/www.reseau-entreprendre.org\/occitanie-mediterranee\/soutenez-nous\/#breadcrumb"},"inLanguage":"fr-FR","potentialAction":[{"@type":"ReadAction","target":["https:\/\/www.reseau-entreprendre.org\/occitanie-mediterranee\/soutenez-nous\/"]}]},{"@type":"ImageObject","inLanguage":"fr-FR","@id":"https:\/\/www.reseau-entreprendre.org\/occitanie-mediterranee\/soutenez-nous\/#primaryimage","url":"https:\/\/www.reseau-entreprendre.org\/occitanie-mediterranee\/wp-content\/uploads\/sites\/14\/2024\/08\/developpement-dentreprises.jpg","contentUrl":"https:\/\/www.reseau-entreprendre.org\/occitanie-mediterranee\/wp-content\/uploads\/sites\/14\/2024\/08\/developpement-dentreprises.jpg","width":1024,"height":1024},{"@type":"BreadcrumbList","@id":"https:\/\/www.reseau-entreprendre.org\/occitanie-mediterranee\/soutenez-nous\/#breadcrumb","itemListElement":[{"@type":"ListItem","position":1,"name":"Accueil","item":"https:\/\/www.reseau-entreprendre.org\/occitanie-mediterranee\/"},{"@type":"ListItem","position":2,"name":"Devenez m\u00e9c\u00e8ne ou sponsor"}]},{"@type":"WebSite","@id":"https:\/\/www.reseau-entreprendre.org\/occitanie-mediterranee\/#website","url":"https:\/\/www.reseau-entreprendre.org\/occitanie-mediterranee\/","name":"R\u00e9seau Entreprendre Occitanie M\u00e9diterran\u00e9e","description":"Les sites de R\u00e9seau Entreprendre","potentialAction":[{"@type":"SearchAction","target":{"@type":"EntryPoint","urlTemplate":"https:\/\/www.reseau-entreprendre.org\/occitanie-mediterranee\/?s={search_term_string}"},"query-input":{"@type":"PropertyValueSpecification","valueRequired":true,"valueName":"search_term_string"}}],"inLanguage":"fr-FR"}]}},"_links":{"self":[{"href":"https:\/\/www.reseau-entreprendre.org\/occitanie-mediterranee\/wp-json\/wp\/v2\/pages\/17","targetHints":{"allow":["GET"]}}],"collection":[{"href":"https:\/\/www.reseau-entreprendre.org\/occitanie-mediterranee\/wp-json\/wp\/v2\/pages"}],"about":[{"href":"https:\/\/www.reseau-entreprendre.org\/occitanie-mediterranee\/wp-json\/wp\/v2\/types\/page"}],"author":[{"embeddable":true,"href":"https:\/\/www.reseau-entreprendre.org\/occitanie-mediterranee\/wp-json\/wp\/v2\/users\/14"}],"replies":[{"embeddable":true,"href":"https:\/\/www.reseau-entreprendre.org\/occitanie-mediterranee\/wp-json\/wp\/v2\/comments?post=17"}],"version-history":[{"count":0,"href":"https:\/\/www.reseau-entreprendre.org\/occitanie-mediterranee\/wp-json\/wp\/v2\/pages\/17\/revisions"}],"wp:attachment":[{"href":"https:\/\/www.reseau-entreprendre.org\/occitanie-mediterranee\/wp-json\/wp\/v2\/media?parent=17"}],"curies":[{"name":"wp","href":"https:\/\/api.w.org\/{rel}","templated":true}]}}