{"id":899,"date":"2019-01-31T16:15:40","date_gmt":"2019-01-31T15:15:40","guid":{"rendered":"https:\/\/re-preprod-entreprendre.fr\/occitanie-mediterranee\/?page_id=899"},"modified":"2021-10-26T17:02:05","modified_gmt":"2021-10-26T15:02:05","slug":"nos-valeurs","status":"publish","type":"page","link":"https:\/\/www.reseau-entreprendre.org\/occitanie-mediterranee\/nos-valeurs\/","title":{"rendered":"Nos valeurs"},"content":{"rendered":"\n<h2 class=\"has-re-blue-color has-text-color wp-block-heading\">Nos valeurs fondatrices<\/h2>\n\n\n\n<h3 class=\"has-re-red-color has-text-color wp-block-heading\">L&#8217;important, c&#8217;est la personne<\/h3>\n\n\n\n<blockquote class=\"wp-block-quote is-layout-flow wp-block-quote-is-layout-flow\"><p>Avant la qualit\u00e9 du projet qu\u2019elle porte, c\u2019est la personne m\u00eame, son potentiel \u00e0 devenir entrepreneur, qui mobilise le soutien de nos membres.<\/p><\/blockquote>\n\n\n\n<h3 class=\"has-re-red-color has-text-color wp-block-heading\">Le principe, c&#8217;est la gratuit\u00e9<\/h3>\n\n\n\n<blockquote class=\"wp-block-quote is-layout-flow wp-block-quote-is-layout-flow\"><p>Les conseils et les accompagnements sont offerts aux nouveaux entrepreneurs dans un esprit de citoyennet\u00e9 \u00e9conomique et d\u00e9sint\u00e9ressement.<\/p><\/blockquote>\n\n\n\n<h3 class=\"has-re-red-color has-text-color wp-block-heading\">L&#8217;esprit c&#8217;est la r\u00e9ciprocit\u00e9<\/h3>\n\n\n\n<blockquote class=\"wp-block-quote is-layout-flow wp-block-quote-is-layout-flow\"><p>On ne donne pas, on \u00e9change. Un partage de comp\u00e9tences et d\u2019\u00e9nergie cr\u00e9ative dans la convivialit\u00e9.<\/p><\/blockquote>\n\n\n\n<h3 class=\"has-re-red-color has-text-color wp-block-heading\">Autres principes fondamentaux<\/h3>\n\n\n\n<p><strong>Le respect des r\u00e8gles de confidentialit\u00e9 : toute information communiqu\u00e9e dans le cadre de R\u00e9seau Entreprendre Occitanie M\u00e9diterran\u00e9e et concernant un projet de cr\u00e9ation<\/strong><strong>&nbsp;<\/strong>ou de reprise d\u2019entreprise doit \u00eatre trait\u00e9e comme confidentielle, par les membres et laur\u00e9ats.<\/p>\n\n\n\n<p><strong>Des relations commerciales saines<\/strong> : les relations commerciales sont admises et encourag\u00e9es, mais le d\u00e9marchage n\u2019est pas admis aupr\u00e8s des futurs laur\u00e9ats. Il appartient \u00e0 ces derniers de choisir dans l\u2019annuaire le prestataire qui lui convient. Entre les membres, les relations commerciales sont admises \u00e0 la condition qu\u2019elles soient initi\u00e9es par le futur client. Pas de d\u00e9marchage, de publicit\u00e9, d\u2019incitation\u2026<\/p>\n\n\n\n<p><strong>Pas de profit financier dans le cadre de l\u2019association<\/strong>&nbsp;: les membres s\u2019interdisent toute prise de participation dans le capital initial de la soci\u00e9t\u00e9 cr\u00e9\u00e9e ou reprise par un laur\u00e9at et ce directement ou indirectement. D\u2019une fa\u00e7on g\u00e9n\u00e9rale, membres et laur\u00e9ats retiennent les valeurs fondatrices de l\u2019association et s\u2019engagent \u00e0 les appliquer et \u00e0 ne pas en tirer un profit personnel et financier.<\/p>\n\n\n\n<p><strong>Des r\u00e8gles de fonctionnement interne<\/strong>&nbsp;: en ce qui concerne les validations de projet et les comit\u00e9s d\u2019engagement, les membres sont sollicit\u00e9s sur invitation afin d\u2019y participer.<\/p>\n","protected":false},"excerpt":{"rendered":"<p>Nos valeurs fondatrices L&#8217;important, c&#8217;est la personne Avant la qualit\u00e9<\/p>\n","protected":false},"author":14,"featured_media":0,"parent":0,"menu_order":0,"comment_status":"closed","ping_status":"closed","template":"","meta":{"_acf_changed":false,"_monsterinsights_skip_tracking":false,"_monsterinsights_sitenote_active":false,"_monsterinsights_sitenote_note":"","_monsterinsights_sitenote_category":0,"footnotes":""},"class_list":["post-899","page","type-page","status-publish","hentry"],"acf":[],"yoast_head":"<!-- This site is optimized with the Yoast SEO plugin v27.3 - https:\/\/yoast.com\/product\/yoast-seo-wordpress\/ -->\n<title>Nos valeurs - R\u00e9seau Entreprendre Occitanie M\u00e9diterran\u00e9e<\/title>\n<meta name=\"robots\" content=\"index, follow, max-snippet:-1, max-image-preview:large, max-video-preview:-1\" \/>\n<link rel=\"canonical\" href=\"https:\/\/www.reseau-entreprendre.org\/occitanie-mediterranee\/nos-valeurs\/\" \/>\n<meta property=\"og:locale\" content=\"fr_FR\" \/>\n<meta property=\"og:type\" content=\"article\" \/>\n<meta property=\"og:title\" content=\"Nos valeurs - R\u00e9seau Entreprendre Occitanie M\u00e9diterran\u00e9e\" \/>\n<meta property=\"og:description\" content=\"Nos valeurs fondatrices L&#8217;important, c&#8217;est la personne Avant la qualit\u00e9\" \/>\n<meta property=\"og:url\" content=\"https:\/\/www.reseau-entreprendre.org\/occitanie-mediterranee\/nos-valeurs\/\" \/>\n<meta property=\"og:site_name\" content=\"R\u00e9seau Entreprendre Occitanie M\u00e9diterran\u00e9e\" \/>\n<meta property=\"article:modified_time\" content=\"2021-10-26T15:02:05+00:00\" \/>\n<meta name=\"twitter:card\" content=\"summary_large_image\" \/>\n<meta name=\"twitter:label1\" content=\"Dur\u00e9e de lecture estim\u00e9e\" \/>\n\t<meta name=\"twitter:data1\" content=\"2 minutes\" \/>\n<script type=\"application\/ld+json\" class=\"yoast-schema-graph\">{\"@context\":\"https:\\\/\\\/schema.org\",\"@graph\":[{\"@type\":\"WebPage\",\"@id\":\"https:\\\/\\\/www.reseau-entreprendre.org\\\/occitanie-mediterranee\\\/nos-valeurs\\\/\",\"url\":\"https:\\\/\\\/www.reseau-entreprendre.org\\\/occitanie-mediterranee\\\/nos-valeurs\\\/\",\"name\":\"Nos valeurs - R\u00e9seau Entreprendre Occitanie M\u00e9diterran\u00e9e\",\"isPartOf\":{\"@id\":\"https:\\\/\\\/www.reseau-entreprendre.org\\\/occitanie-mediterranee\\\/#website\"},\"datePublished\":\"2019-01-31T15:15:40+00:00\",\"dateModified\":\"2021-10-26T15:02:05+00:00\",\"breadcrumb\":{\"@id\":\"https:\\\/\\\/www.reseau-entreprendre.org\\\/occitanie-mediterranee\\\/nos-valeurs\\\/#breadcrumb\"},\"inLanguage\":\"fr-FR\",\"potentialAction\":[{\"@type\":\"ReadAction\",\"target\":[\"https:\\\/\\\/www.reseau-entreprendre.org\\\/occitanie-mediterranee\\\/nos-valeurs\\\/\"]}]},{\"@type\":\"BreadcrumbList\",\"@id\":\"https:\\\/\\\/www.reseau-entreprendre.org\\\/occitanie-mediterranee\\\/nos-valeurs\\\/#breadcrumb\",\"itemListElement\":[{\"@type\":\"ListItem\",\"position\":1,\"name\":\"Accueil\",\"item\":\"https:\\\/\\\/www.reseau-entreprendre.org\\\/occitanie-mediterranee\\\/\"},{\"@type\":\"ListItem\",\"position\":2,\"name\":\"Nos valeurs\"}]},{\"@type\":\"WebSite\",\"@id\":\"https:\\\/\\\/www.reseau-entreprendre.org\\\/occitanie-mediterranee\\\/#website\",\"url\":\"https:\\\/\\\/www.reseau-entreprendre.org\\\/occitanie-mediterranee\\\/\",\"name\":\"R\u00e9seau Entreprendre Occitanie M\u00e9diterran\u00e9e\",\"description\":\"Les sites de R\u00e9seau Entreprendre\",\"potentialAction\":[{\"@type\":\"SearchAction\",\"target\":{\"@type\":\"EntryPoint\",\"urlTemplate\":\"https:\\\/\\\/www.reseau-entreprendre.org\\\/occitanie-mediterranee\\\/?s={search_term_string}\"},\"query-input\":{\"@type\":\"PropertyValueSpecification\",\"valueRequired\":true,\"valueName\":\"search_term_string\"}}],\"inLanguage\":\"fr-FR\"}]}<\/script>\n<!-- \/ Yoast SEO plugin. -->","yoast_head_json":{"title":"Nos valeurs - R\u00e9seau Entreprendre Occitanie M\u00e9diterran\u00e9e","robots":{"index":"index","follow":"follow","max-snippet":"max-snippet:-1","max-image-preview":"max-image-preview:large","max-video-preview":"max-video-preview:-1"},"canonical":"https:\/\/www.reseau-entreprendre.org\/occitanie-mediterranee\/nos-valeurs\/","og_locale":"fr_FR","og_type":"article","og_title":"Nos valeurs - R\u00e9seau Entreprendre Occitanie M\u00e9diterran\u00e9e","og_description":"Nos valeurs fondatrices L&#8217;important, c&#8217;est la personne Avant la qualit\u00e9","og_url":"https:\/\/www.reseau-entreprendre.org\/occitanie-mediterranee\/nos-valeurs\/","og_site_name":"R\u00e9seau Entreprendre Occitanie M\u00e9diterran\u00e9e","article_modified_time":"2021-10-26T15:02:05+00:00","twitter_card":"summary_large_image","twitter_misc":{"Dur\u00e9e de lecture estim\u00e9e":"2 minutes"},"schema":{"@context":"https:\/\/schema.org","@graph":[{"@type":"WebPage","@id":"https:\/\/www.reseau-entreprendre.org\/occitanie-mediterranee\/nos-valeurs\/","url":"https:\/\/www.reseau-entreprendre.org\/occitanie-mediterranee\/nos-valeurs\/","name":"Nos valeurs - R\u00e9seau Entreprendre Occitanie M\u00e9diterran\u00e9e","isPartOf":{"@id":"https:\/\/www.reseau-entreprendre.org\/occitanie-mediterranee\/#website"},"datePublished":"2019-01-31T15:15:40+00:00","dateModified":"2021-10-26T15:02:05+00:00","breadcrumb":{"@id":"https:\/\/www.reseau-entreprendre.org\/occitanie-mediterranee\/nos-valeurs\/#breadcrumb"},"inLanguage":"fr-FR","potentialAction":[{"@type":"ReadAction","target":["https:\/\/www.reseau-entreprendre.org\/occitanie-mediterranee\/nos-valeurs\/"]}]},{"@type":"BreadcrumbList","@id":"https:\/\/www.reseau-entreprendre.org\/occitanie-mediterranee\/nos-valeurs\/#breadcrumb","itemListElement":[{"@type":"ListItem","position":1,"name":"Accueil","item":"https:\/\/www.reseau-entreprendre.org\/occitanie-mediterranee\/"},{"@type":"ListItem","position":2,"name":"Nos valeurs"}]},{"@type":"WebSite","@id":"https:\/\/www.reseau-entreprendre.org\/occitanie-mediterranee\/#website","url":"https:\/\/www.reseau-entreprendre.org\/occitanie-mediterranee\/","name":"R\u00e9seau Entreprendre Occitanie M\u00e9diterran\u00e9e","description":"Les sites de R\u00e9seau Entreprendre","potentialAction":[{"@type":"SearchAction","target":{"@type":"EntryPoint","urlTemplate":"https:\/\/www.reseau-entreprendre.org\/occitanie-mediterranee\/?s={search_term_string}"},"query-input":{"@type":"PropertyValueSpecification","valueRequired":true,"valueName":"search_term_string"}}],"inLanguage":"fr-FR"}]}},"_links":{"self":[{"href":"https:\/\/www.reseau-entreprendre.org\/occitanie-mediterranee\/wp-json\/wp\/v2\/pages\/899","targetHints":{"allow":["GET"]}}],"collection":[{"href":"https:\/\/www.reseau-entreprendre.org\/occitanie-mediterranee\/wp-json\/wp\/v2\/pages"}],"about":[{"href":"https:\/\/www.reseau-entreprendre.org\/occitanie-mediterranee\/wp-json\/wp\/v2\/types\/page"}],"author":[{"embeddable":true,"href":"https:\/\/www.reseau-entreprendre.org\/occitanie-mediterranee\/wp-json\/wp\/v2\/users\/14"}],"replies":[{"embeddable":true,"href":"https:\/\/www.reseau-entreprendre.org\/occitanie-mediterranee\/wp-json\/wp\/v2\/comments?post=899"}],"version-history":[{"count":0,"href":"https:\/\/www.reseau-entreprendre.org\/occitanie-mediterranee\/wp-json\/wp\/v2\/pages\/899\/revisions"}],"wp:attachment":[{"href":"https:\/\/www.reseau-entreprendre.org\/occitanie-mediterranee\/wp-json\/wp\/v2\/media?parent=899"}],"curies":[{"name":"wp","href":"https:\/\/api.w.org\/{rel}","templated":true}]}}