{"id":15,"date":"2017-04-28T12:33:47","date_gmt":"2017-04-28T10:33:47","guid":{"rendered":"https:\/\/www.reseau-entreprendre.org\/paris\/?page_id=15"},"modified":"2026-03-03T18:24:43","modified_gmt":"2026-03-03T17:24:43","slug":"accompagner","status":"publish","type":"page","link":"https:\/\/www.reseau-entreprendre.org\/paris\/accompagner\/","title":{"rendered":"Accompagner"},"content":{"rendered":"\n<h1 class=\"wp-block-heading\"><strong>Chefs et cheffes d&#8217;entreprise,<\/strong><br><strong>pourquoi nous rejoindre ?<\/strong><\/h1>\n\n\n\n<div style=\"height:40px\" aria-hidden=\"true\" class=\"wp-block-spacer\"><\/div>\n\n\n\n<p class=\"has-text-align-left\"><strong>Rejoignez la communaut\u00e9 R\u00e9seau Entreprendre\u00ae Paris en devenant membre !<\/strong><\/p>\n\n\n\n<p class=\"has-text-align-left\" style=\"font-size:16px\">Gr\u00e2ce \u00e0 votre exp\u00e9rience d&#8217;entrepreneur ou de dirigeant, accompagnez nos entrepreneurs laur\u00e9ats vers la r\u00e9ussite en leur transmettant vos propres apprentissages et en leur faisant prendre de la hauteur.<\/p>\n\n\n\n<div style=\"height:40px\" aria-hidden=\"true\" class=\"wp-block-spacer\"><\/div>\n\n\n\n<div class=\"wp-block-group alignfull p-5 has-background\" style=\"background-color:#eff9ff\"><div class=\"wp-block-group__inner-container is-layout-flow wp-block-group-is-layout-flow\">\n<div class=\"wp-block-columns mb-0 is-layout-flex wp-container-core-columns-is-layout-9d6595d7 wp-block-columns-is-layout-flex\">\n<div class=\"wp-block-column is-layout-flow wp-block-column-is-layout-flow\">\n<p class=\"has-text-align-center has-re-red-color has-text-color has-medium-font-size\"><strong>Rejoignez un r\u00e9seau actif de dirigeants d&#8217;entreprises<\/strong><\/p>\n\n\n\n<p class=\"has-text-align-center\" style=\"font-size:16px\">800 chefs et cheffes d\u2019entreprise engag\u00e9s \u00e0 Paris qui favorisent la cr\u00e9ation d\u2019emplois<\/p>\n<\/div>\n\n\n\n<div class=\"wp-block-column is-layout-flow wp-block-column-is-layout-flow\">\n<p class=\"has-text-align-center has-re-yellow-color has-text-color has-medium-font-size\"><strong>Impliquez-vous dans l\u2019\u00e9cosyst\u00e8me entrepreneurial<\/strong><\/p>\n\n\n\n<p class=\"has-text-align-center\" style=\"font-size:16px\">gr\u00e2ce aux rencontres et \u00e9v\u00e8nements de R\u00e9seau Entreprendre\u00ae Paris<\/p>\n<\/div>\n\n\n\n<div class=\"wp-block-column is-layout-flow wp-block-column-is-layout-flow\">\n<p class=\"has-text-align-center has-re-blue-color has-text-color has-medium-font-size\"><strong>Apprenez au contact de nouveaux entrepreneurs<\/strong><\/p>\n\n\n\n<p class=\"has-text-align-center\" style=\"font-size:16px\">entretenez une veille sur les innovations port\u00e9es par ces jeunes entreprises prometteuses<\/p>\n<\/div>\n<\/div>\n<\/div><\/div>\n\n\n\n<div style=\"height:50px\" aria-hidden=\"true\" class=\"wp-block-spacer\"><\/div>\n\n\n\n<p class=\"has-text-align-left\"><strong>Une implication \u00e0 la carte<\/strong><\/p>\n\n\n\n<p>L\u2019implication \u00e0 R\u00e9seau Entreprendre\u00ae Paris est \u00e0 la carte et peut se faire de diff\u00e9rentes mani\u00e8res tout au long de l&#8217;ann\u00e9e, en fonction de vos expertises, envies et agendas. Participer \u00e0 la s\u00e9lection des projets candidats, accompagner un entrepreneur pendant 2 ans, booster des projets, intervenez sur des sujets op\u00e9rationnels, t\u00e9moignez aupr\u00e8s de vos pairs&#8230; La liste est longue !<\/p>\n\n\n\n<div style=\"height:50px\" aria-hidden=\"true\" class=\"wp-block-spacer\"><\/div>\n\n\n\n<p class=\"has-text-align-left\"><strong>Faites vivre l&#8217;association<\/strong><\/p>\n\n\n\n<p>En adh\u00e9rant en tant que membre, vous vous acquittez d&#8217;une cotisation qui permet de faire vivre l&#8217;association et de rendre gratuit l&#8217;accompagnement aux laur\u00e9ats. Ce soutien financier peut se faire \u00e0 titre individuel ou au titre de votre entreprise. En fonction, le r\u00e8glement de cette cotisation ouvre droit \u00e0 une r\u00e9duction d\u2019imp\u00f4t (IR) de 60 \u00e0 66% de leur montant.<\/p>\n\n\n\n<div style=\"height:50px\" aria-hidden=\"true\" class=\"wp-block-spacer\"><\/div>\n\n\n\n<h1 class=\"wp-block-heading\"><strong>Nos membres engag\u00e9s de l\u2019\u00e9conomie parisienne<\/strong><\/h1>\n\n\n\n<div style=\"height:51px\" aria-hidden=\"true\" id=\"formulaire-prospection\" class=\"wp-block-spacer\"><\/div>\n\n\n<div data-block_d8a6bd4ef6454d81e809b2709cd0a3f8 class=\"re-testimonials re-testimonials-acf-simple alignauto\">  \n    <div class=\"testimonials\">\n                                    <div class=\"testimonial\">\n                    <div class=\"row justify-content-between\">\n                        <div class=\"col-lg-4 col-image\">\n                            <div class=\"aspect-ratio\">\n                                                                    <img class=\"aspect-ratio-item\" data-aos=\"fade-right\" src='https:\/\/www.reseau-entreprendre.org\/paris\/wp-content\/uploads\/sites\/19\/2024\/08\/Raphael-Demnard-e1723124526481.jpeg'>\n                                                                <\/span>\n                            <\/div>\n                        <\/div>\n                        <div class=\"col-lg-8 my-auto col-info\" data-aos=\"fade-left\">\n                                                        <div class=\"description\">\n                                <p>Je suis tr\u00e8s heureux de faire parti du R\u00e9seau et d&#8217;<strong>accompagner \u00e0 mon tour de jeunes entrepreneurs<\/strong>. Ils sont plein d&#8217;envies et d&#8217;\u00e9nergie, et c&#8217;est un v\u00e9ritable coup de boost pour nous aussi !<\/p>\n\n                            <\/div>\n                            <div class=\"person\">\n                                <span class=\"author\">\n                                    Rapha\u00ebl Demnard, membre et laur\u00e9at 2013\n                                <\/span>\n                                <span class=\"company\">\n                                     Co-fondateur de Sampleo\n                                <\/span>\n                            <\/div>\n                                                    <\/div>\n                    <\/div>\n                <\/div>\n                            <div class=\"testimonial\">\n                    <div class=\"row justify-content-between\">\n                        <div class=\"col-lg-4 col-image\">\n                            <div class=\"aspect-ratio\">\n                                                                    <img class=\"aspect-ratio-item\" data-aos=\"fade-right\" src='https:\/\/www.reseau-entreprendre.org\/paris\/wp-content\/uploads\/sites\/19\/2024\/08\/Nathalie-Humbert-e1723124716996.png'>\n                                                                <\/span>\n                            <\/div>\n                        <\/div>\n                        <div class=\"col-lg-8 my-auto col-info\" data-aos=\"fade-left\">\n                                                        <div class=\"description\">\n                                <p>J\u2019aime l\u2019id\u00e9e de la transmission et de la dynamique que je re\u00e7ois. <strong>Je donne mais cela m\u2019enrichit aussi \u00e9norm\u00e9ment !<\/strong><\/p>\n\n                            <\/div>\n                            <div class=\"person\">\n                                <span class=\"author\">\n                                    Nathalie Humbert, membre\n                                <\/span>\n                                <span class=\"company\">\n                                     Directrice g\u00e9n\u00e9rale de Self Blanc Drug\n                                <\/span>\n                            <\/div>\n                                                    <\/div>\n                    <\/div>\n                <\/div>\n                            <div class=\"testimonial\">\n                    <div class=\"row justify-content-between\">\n                        <div class=\"col-lg-4 col-image\">\n                            <div class=\"aspect-ratio\">\n                                                                    <img class=\"aspect-ratio-item\" data-aos=\"fade-right\" src='https:\/\/www.reseau-entreprendre.org\/paris\/wp-content\/uploads\/sites\/19\/2024\/08\/Christophe-Lefort-e1723124684534.jpg'>\n                                                                <\/span>\n                            <\/div>\n                        <\/div>\n                        <div class=\"col-lg-8 my-auto col-info\" data-aos=\"fade-left\">\n                                                        <div class=\"description\">\n                                <p>En tant qu\u2019accompagnateur, j\u2019aide le laur\u00e9at \u00e0 prendre du recul et je r\u00e9alise que cela me fait prendre du recul sur mon propre business.<\/p>\n\n                            <\/div>\n                            <div class=\"person\">\n                                <span class=\"author\">\n                                    Christophe Lefort, membre\n                                <\/span>\n                                <span class=\"company\">\n                                     Directeur g\u00e9n\u00e9ral de Freshmile\n                                <\/span>\n                            <\/div>\n                                                    <\/div>\n                    <\/div>\n                <\/div>\n                            <div class=\"testimonial\">\n                    <div class=\"row justify-content-between\">\n                        <div class=\"col-lg-4 col-image\">\n                            <div class=\"aspect-ratio\">\n                                                                    <img class=\"aspect-ratio-item\" data-aos=\"fade-right\" src='https:\/\/www.reseau-entreprendre.org\/paris\/wp-content\/uploads\/sites\/19\/2024\/08\/Marie-Stoclet-Bardon.png'>\n                                                                <\/span>\n                            <\/div>\n                        <\/div>\n                        <div class=\"col-lg-8 my-auto col-info\" data-aos=\"fade-left\">\n                                                        <div class=\"description\">\n                                <p>M&#8217;investir au R\u00e9seau aupr\u00e8s de plus jeunes entrepreneurs m&#8217;apporte un souffle d&#8217;air frais qui m&#8217;est essentiel !<\/p>\n\n                            <\/div>\n                            <div class=\"person\">\n                                <span class=\"author\">\n                                    Marie Stoclet Bardon, membre et laur\u00e9ate 2026 et 2019\n                                <\/span>\n                                <span class=\"company\">\n                                     Co-fondatrice de La Meringaie\n                                <\/span>\n                            <\/div>\n                                                    <\/div>\n                    <\/div>\n                <\/div>\n                        <\/div>\n    <div class=\"testimonials-arrows\"><\/div>\n<\/div>\n\n\n\n<hr class=\"wp-block-separator has-alpha-channel-opacity\" \/>\n\n\n\n<div style=\"height:52px\" aria-hidden=\"true\" class=\"wp-block-spacer\"><\/div>\n\n\n\n<h2 class=\"wp-block-heading has-text-align-center\"><strong>Vous souhaitez devenir membre ?<\/strong><\/h2>\n\n\n\n<div style=\"height:21px\" aria-hidden=\"true\" class=\"wp-block-spacer\"><\/div>\n\n\n\n<h4 class=\"wp-block-heading\"><\/h4>\n\n\n\n<div class=\"wp-block-buttons is-content-justification-center is-layout-flex wp-container-core-buttons-is-layout-16018d1d wp-block-buttons-is-layout-flex\">\n<div class=\"wp-block-button is-style-outline is-style-outline--1\"><a class=\"wp-block-button__link has-re-blue-color has-text-color has-link-color has-text-align-center wp-element-button\" href=\"https:\/\/airtable.com\/app8fwzJldgH9C2ur\/pagNcbbQRPL3LO7Gb\/form\">Remplissez ce formulaire<\/a><\/div>\n<\/div>\n\n\n\n<div style=\"height:85px\" aria-hidden=\"true\" class=\"wp-block-spacer\"><\/div>\n\n\n\n<p><\/p>\n","protected":false},"excerpt":{"rendered":"<p>Chefs et cheffes d&#8217;entreprise,pourquoi nous rejoindre ? Rejoignez la communaut\u00e9<\/p>\n","protected":false},"author":19,"featured_media":6251,"parent":0,"menu_order":0,"comment_status":"closed","ping_status":"closed","template":"","meta":{"_acf_changed":false,"_monsterinsights_skip_tracking":false,"_monsterinsights_sitenote_active":false,"_monsterinsights_sitenote_note":"","_monsterinsights_sitenote_category":0,"_themeisle_gutenberg_block_has_review":false,"footnotes":""},"class_list":["post-15","page","type-page","status-publish","has-post-thumbnail","hentry"],"acf":[],"yoast_head":"<!-- This site is optimized with the Yoast SEO plugin v27.4 - https:\/\/yoast.com\/product\/yoast-seo-wordpress\/ -->\n<title>Accompagner| Reseau Entreprendre Paris<\/title>\n<meta name=\"description\" content=\"Vous \u00eates chef d&#039;entreprise et souhaitez accompagner de nouveaux entrepreneurs ? Devenez membre b\u00e9n\u00e9vole de R\u00e9seau Entreprendre Paris !\" \/>\n<meta name=\"robots\" content=\"index, follow, max-snippet:-1, max-image-preview:large, max-video-preview:-1\" \/>\n<link rel=\"canonical\" href=\"https:\/\/www.reseau-entreprendre.org\/paris\/accompagner\/\" \/>\n<meta property=\"og:locale\" content=\"fr_FR\" \/>\n<meta property=\"og:type\" content=\"article\" \/>\n<meta property=\"og:title\" content=\"Accompagner| Reseau Entreprendre Paris\" \/>\n<meta property=\"og:description\" content=\"Vous \u00eates chef d&#039;entreprise et souhaitez accompagner de nouveaux entrepreneurs ? Devenez membre b\u00e9n\u00e9vole de R\u00e9seau Entreprendre Paris !\" \/>\n<meta property=\"og:url\" content=\"https:\/\/www.reseau-entreprendre.org\/paris\/accompagner\/\" \/>\n<meta property=\"og:site_name\" content=\"R\u00e9seau Entreprendre Paris\" \/>\n<meta property=\"article:modified_time\" content=\"2026-03-03T17:24:43+00:00\" \/>\n<meta property=\"og:image\" content=\"https:\/\/www.reseau-entreprendre.org\/paris\/wp-content\/uploads\/sites\/19\/2021\/12\/Membre-et-Laureat.png\" \/>\n\t<meta property=\"og:image:width\" content=\"500\" \/>\n\t<meta property=\"og:image:height\" content=\"500\" \/>\n\t<meta property=\"og:image:type\" content=\"image\/png\" \/>\n<meta name=\"twitter:card\" content=\"summary_large_image\" \/>\n<meta name=\"twitter:label1\" content=\"Dur\u00e9e de lecture estim\u00e9e\" \/>\n\t<meta name=\"twitter:data1\" content=\"2 minutes\" \/>\n<script type=\"application\/ld+json\" class=\"yoast-schema-graph\">{\"@context\":\"https:\\\/\\\/schema.org\",\"@graph\":[{\"@type\":\"WebPage\",\"@id\":\"https:\\\/\\\/www.reseau-entreprendre.org\\\/paris\\\/accompagner\\\/\",\"url\":\"https:\\\/\\\/www.reseau-entreprendre.org\\\/paris\\\/accompagner\\\/\",\"name\":\"Accompagner| Reseau Entreprendre Paris\",\"isPartOf\":{\"@id\":\"https:\\\/\\\/www.reseau-entreprendre.org\\\/paris\\\/#website\"},\"primaryImageOfPage\":{\"@id\":\"https:\\\/\\\/www.reseau-entreprendre.org\\\/paris\\\/accompagner\\\/#primaryimage\"},\"image\":{\"@id\":\"https:\\\/\\\/www.reseau-entreprendre.org\\\/paris\\\/accompagner\\\/#primaryimage\"},\"thumbnailUrl\":\"https:\\\/\\\/www.reseau-entreprendre.org\\\/paris\\\/wp-content\\\/uploads\\\/sites\\\/19\\\/2021\\\/12\\\/Membre-et-Laureat.png\",\"datePublished\":\"2017-04-28T10:33:47+00:00\",\"dateModified\":\"2026-03-03T17:24:43+00:00\",\"description\":\"Vous \u00eates chef d'entreprise et souhaitez accompagner de nouveaux entrepreneurs ? Devenez membre b\u00e9n\u00e9vole de R\u00e9seau Entreprendre Paris !\",\"breadcrumb\":{\"@id\":\"https:\\\/\\\/www.reseau-entreprendre.org\\\/paris\\\/accompagner\\\/#breadcrumb\"},\"inLanguage\":\"fr-FR\",\"potentialAction\":[{\"@type\":\"ReadAction\",\"target\":[\"https:\\\/\\\/www.reseau-entreprendre.org\\\/paris\\\/accompagner\\\/\"]}]},{\"@type\":\"ImageObject\",\"inLanguage\":\"fr-FR\",\"@id\":\"https:\\\/\\\/www.reseau-entreprendre.org\\\/paris\\\/accompagner\\\/#primaryimage\",\"url\":\"https:\\\/\\\/www.reseau-entreprendre.org\\\/paris\\\/wp-content\\\/uploads\\\/sites\\\/19\\\/2021\\\/12\\\/Membre-et-Laureat.png\",\"contentUrl\":\"https:\\\/\\\/www.reseau-entreprendre.org\\\/paris\\\/wp-content\\\/uploads\\\/sites\\\/19\\\/2021\\\/12\\\/Membre-et-Laureat.png\",\"width\":500,\"height\":500},{\"@type\":\"BreadcrumbList\",\"@id\":\"https:\\\/\\\/www.reseau-entreprendre.org\\\/paris\\\/accompagner\\\/#breadcrumb\",\"itemListElement\":[{\"@type\":\"ListItem\",\"position\":1,\"name\":\"Accueil\",\"item\":\"https:\\\/\\\/www.reseau-entreprendre.org\\\/paris\\\/\"},{\"@type\":\"ListItem\",\"position\":2,\"name\":\"Accompagner\"}]},{\"@type\":\"WebSite\",\"@id\":\"https:\\\/\\\/www.reseau-entreprendre.org\\\/paris\\\/#website\",\"url\":\"https:\\\/\\\/www.reseau-entreprendre.org\\\/paris\\\/\",\"name\":\"R\u00e9seau Entreprendre Paris\",\"description\":\"Un site utilisant Les sites de R\u00e9seau Entreprendre\",\"potentialAction\":[{\"@type\":\"SearchAction\",\"target\":{\"@type\":\"EntryPoint\",\"urlTemplate\":\"https:\\\/\\\/www.reseau-entreprendre.org\\\/paris\\\/?s={search_term_string}\"},\"query-input\":{\"@type\":\"PropertyValueSpecification\",\"valueRequired\":true,\"valueName\":\"search_term_string\"}}],\"inLanguage\":\"fr-FR\"}]}<\/script>\n<!-- \/ Yoast SEO plugin. -->","yoast_head_json":{"title":"Accompagner| Reseau Entreprendre Paris","description":"Vous \u00eates chef d'entreprise et souhaitez accompagner de nouveaux entrepreneurs ? Devenez membre b\u00e9n\u00e9vole de R\u00e9seau Entreprendre Paris !","robots":{"index":"index","follow":"follow","max-snippet":"max-snippet:-1","max-image-preview":"max-image-preview:large","max-video-preview":"max-video-preview:-1"},"canonical":"https:\/\/www.reseau-entreprendre.org\/paris\/accompagner\/","og_locale":"fr_FR","og_type":"article","og_title":"Accompagner| Reseau Entreprendre Paris","og_description":"Vous \u00eates chef d'entreprise et souhaitez accompagner de nouveaux entrepreneurs ? Devenez membre b\u00e9n\u00e9vole de R\u00e9seau Entreprendre Paris !","og_url":"https:\/\/www.reseau-entreprendre.org\/paris\/accompagner\/","og_site_name":"R\u00e9seau Entreprendre Paris","article_modified_time":"2026-03-03T17:24:43+00:00","og_image":[{"width":500,"height":500,"url":"https:\/\/www.reseau-entreprendre.org\/paris\/wp-content\/uploads\/sites\/19\/2021\/12\/Membre-et-Laureat.png","type":"image\/png"}],"twitter_card":"summary_large_image","twitter_misc":{"Dur\u00e9e de lecture estim\u00e9e":"2 minutes"},"schema":{"@context":"https:\/\/schema.org","@graph":[{"@type":"WebPage","@id":"https:\/\/www.reseau-entreprendre.org\/paris\/accompagner\/","url":"https:\/\/www.reseau-entreprendre.org\/paris\/accompagner\/","name":"Accompagner| Reseau Entreprendre Paris","isPartOf":{"@id":"https:\/\/www.reseau-entreprendre.org\/paris\/#website"},"primaryImageOfPage":{"@id":"https:\/\/www.reseau-entreprendre.org\/paris\/accompagner\/#primaryimage"},"image":{"@id":"https:\/\/www.reseau-entreprendre.org\/paris\/accompagner\/#primaryimage"},"thumbnailUrl":"https:\/\/www.reseau-entreprendre.org\/paris\/wp-content\/uploads\/sites\/19\/2021\/12\/Membre-et-Laureat.png","datePublished":"2017-04-28T10:33:47+00:00","dateModified":"2026-03-03T17:24:43+00:00","description":"Vous \u00eates chef d'entreprise et souhaitez accompagner de nouveaux entrepreneurs ? Devenez membre b\u00e9n\u00e9vole de R\u00e9seau Entreprendre Paris !","breadcrumb":{"@id":"https:\/\/www.reseau-entreprendre.org\/paris\/accompagner\/#breadcrumb"},"inLanguage":"fr-FR","potentialAction":[{"@type":"ReadAction","target":["https:\/\/www.reseau-entreprendre.org\/paris\/accompagner\/"]}]},{"@type":"ImageObject","inLanguage":"fr-FR","@id":"https:\/\/www.reseau-entreprendre.org\/paris\/accompagner\/#primaryimage","url":"https:\/\/www.reseau-entreprendre.org\/paris\/wp-content\/uploads\/sites\/19\/2021\/12\/Membre-et-Laureat.png","contentUrl":"https:\/\/www.reseau-entreprendre.org\/paris\/wp-content\/uploads\/sites\/19\/2021\/12\/Membre-et-Laureat.png","width":500,"height":500},{"@type":"BreadcrumbList","@id":"https:\/\/www.reseau-entreprendre.org\/paris\/accompagner\/#breadcrumb","itemListElement":[{"@type":"ListItem","position":1,"name":"Accueil","item":"https:\/\/www.reseau-entreprendre.org\/paris\/"},{"@type":"ListItem","position":2,"name":"Accompagner"}]},{"@type":"WebSite","@id":"https:\/\/www.reseau-entreprendre.org\/paris\/#website","url":"https:\/\/www.reseau-entreprendre.org\/paris\/","name":"R\u00e9seau Entreprendre Paris","description":"Un site utilisant Les sites de R\u00e9seau Entreprendre","potentialAction":[{"@type":"SearchAction","target":{"@type":"EntryPoint","urlTemplate":"https:\/\/www.reseau-entreprendre.org\/paris\/?s={search_term_string}"},"query-input":{"@type":"PropertyValueSpecification","valueRequired":true,"valueName":"search_term_string"}}],"inLanguage":"fr-FR"}]}},"_links":{"self":[{"href":"https:\/\/www.reseau-entreprendre.org\/paris\/wp-json\/wp\/v2\/pages\/15","targetHints":{"allow":["GET"]}}],"collection":[{"href":"https:\/\/www.reseau-entreprendre.org\/paris\/wp-json\/wp\/v2\/pages"}],"about":[{"href":"https:\/\/www.reseau-entreprendre.org\/paris\/wp-json\/wp\/v2\/types\/page"}],"author":[{"embeddable":true,"href":"https:\/\/www.reseau-entreprendre.org\/paris\/wp-json\/wp\/v2\/users\/19"}],"replies":[{"embeddable":true,"href":"https:\/\/www.reseau-entreprendre.org\/paris\/wp-json\/wp\/v2\/comments?post=15"}],"version-history":[{"count":0,"href":"https:\/\/www.reseau-entreprendre.org\/paris\/wp-json\/wp\/v2\/pages\/15\/revisions"}],"wp:featuredmedia":[{"embeddable":true,"href":"https:\/\/www.reseau-entreprendre.org\/paris\/wp-json\/wp\/v2\/media\/6251"}],"wp:attachment":[{"href":"https:\/\/www.reseau-entreprendre.org\/paris\/wp-json\/wp\/v2\/media?parent=15"}],"curies":[{"name":"wp","href":"https:\/\/api.w.org\/{rel}","templated":true}]}}