{"id":17,"date":"2017-04-28T12:34:01","date_gmt":"2017-04-28T10:34:01","guid":{"rendered":"https:\/\/www.reseau-entreprendre.org\/paris\/?page_id=17"},"modified":"2024-09-26T14:20:52","modified_gmt":"2024-09-26T12:20:52","slug":"soutenir","status":"publish","type":"page","link":"https:\/\/www.reseau-entreprendre.org\/paris\/soutenir\/","title":{"rendered":"Soutenir"},"content":{"rendered":"\n<h2 class=\"wp-block-heading\"><strong>Vous souhaitez&#8230;<\/strong><\/h2>\n\n\n\n<div style=\"height:20px\" aria-hidden=\"true\" class=\"wp-block-spacer\"><\/div>\n\n\n\n<div class=\"wp-block-group is-content-justification-left is-nowrap is-layout-flex wp-container-core-group-is-layout-f56a869c wp-block-group-is-layout-flex\">\n<div class=\"wp-block-buttons is-layout-flex wp-block-buttons-is-layout-flex\">\n<div class=\"wp-block-button is-style-outline is-style-outline--1\"><a class=\"wp-block-button__link has-re-red-color has-text-color wp-element-button\" href=\"#soutenir-partenariat\" style=\"border-radius:4px\">\u00caTRE PARTENAIRE DU R\u00c9SEAU<\/a><\/div>\n<\/div>\n\n\n\n<div class=\"wp-block-buttons is-layout-flex wp-block-buttons-is-layout-flex\">\n<div class=\"wp-block-button has-custom-width wp-block-button__width-100 is-style-outline is-style-outline--2\"><a class=\"wp-block-button__link has-re-yellow-color has-text-color wp-element-button\" href=\"#soutenir-\u00e9v\u00e9nement\" style=\"border-radius:4px\">\u00caTRE VISIBLE LORS D&#8217;UN \u00c9V\u00c9NEMENT<\/a><\/div>\n<\/div>\n\n\n\n<div class=\"wp-block-buttons is-layout-flex wp-block-buttons-is-layout-flex\">\n<div class=\"wp-block-button is-style-outline is-style-outline--3\"><a class=\"wp-block-button__link has-re-blue-color has-text-color wp-element-button\" href=\"#soutenir-don\" style=\"border-radius:4px\"><strong>F<\/strong>AIRE UN DON<\/a><\/div>\n<\/div>\n<\/div>\n\n\n\n<div style=\"height:77px\" aria-hidden=\"true\" id=\"soutenir-partenariat\" class=\"wp-block-spacer\"><\/div>\n\n\n\n<hr class=\"wp-block-separator has-css-opacity\" \/>\n\n\n\n<div style=\"height:33px\" aria-hidden=\"true\" class=\"wp-block-spacer\"><\/div>\n\n\n\n<h2 class=\"wp-block-heading has-re-red-color has-text-color has-link-color wp-elements-0102f98b89961f21c57e475cfd5513b0\"><strong>Devenez partenaire R\u00e9seau Entreprendre Paris<\/strong><\/h2>\n\n\n\n<div style=\"height:16px\" aria-hidden=\"true\" class=\"wp-block-spacer\"><\/div>\n\n\n\n<p style=\"font-size:16px\">R\u00e9seau Entreprendre\u00ae Paris b\u00e9n\u00e9ficie du soutien fid\u00e8le de ses partenaires, d\u00e9sireux de promouvoir la cause de l\u2019entrepreneuriat, de faciliter l\u2019acte de cr\u00e9er ou reprendre et de contribuer au d\u00e9veloppement de l\u2019association.<\/p>\n\n\n\n<div style=\"height:33px\" aria-hidden=\"true\" class=\"wp-block-spacer\"><\/div>\n\n\n<div data-block_a34cdd784ee644a16f0a10ac8b657726 class=\"re-partners-home align\">\n  \n  <\/div>\n\n\n\n<div style=\"height:49px\" aria-hidden=\"true\" class=\"wp-block-spacer\"><\/div>\n\n\n\n<h4 class=\"wp-block-heading\"><strong>Vous souhaitez associer votre image \u00e0 notre action ? Vous souhaitez vous impliquer dans notre R\u00e9seau ?<\/strong> <strong>Vous souhaitez nous aider \u00e0 accompagner nos entrepreneurs vers la r\u00e9ussite ?<\/strong><\/h4>\n\n\n\n<div style=\"height:14px\" aria-hidden=\"true\" class=\"wp-block-spacer\"><\/div>\n\n\n\n<p style=\"font-size:16px\">Nous sommes toujours \u00e0 la recherche de synergies avec de nouvelles structures !<\/p>\n\n\n\n<p><em>R\u00e9seau Entreprendre Paris est une association reconnue d&#8217;utilit\u00e9 publique. Le r\u00e8glement de ce don ouvre droit \u00e0 une d\u00e9duction d\u2019imp\u00f4t (IS) de 60% de son montant\u200b.<\/em><\/p>\n\n\n\n<div style=\"height:17px\" aria-hidden=\"true\" class=\"wp-block-spacer\"><\/div>\n\n\n\n<div class=\"wp-block-buttons is-layout-flex wp-block-buttons-is-layout-flex\">\n<div class=\"wp-block-button is-style-outline is-style-outline--4\"><a class=\"wp-block-button__link has-re-red-color has-text-color has-link-color wp-element-button\" href=\"mailto:atoure@reseau-entreprendre.org\" style=\"border-radius:4px\">Contactez Aminata Tour\u00e9<\/a><\/div>\n<\/div>\n\n\n\n<p style=\"font-size:16px\"><\/p>\n\n\n\n<div style=\"height:29px\" aria-hidden=\"true\" id=\"soutenir-\u00e9v\u00e9nement\" class=\"wp-block-spacer\"><\/div>\n\n\n\n<hr class=\"wp-block-separator has-css-opacity\" \/>\n\n\n\n<div style=\"height:33px\" aria-hidden=\"true\" class=\"wp-block-spacer\"><\/div>\n\n\n\n<h2 class=\"wp-block-heading has-re-yellow-color has-text-color has-link-color wp-elements-ee0c65c4f042ac09c1dd176848afc7da\"><strong>Soyez visible lors d&#8217;un de nos \u00e9v\u00e9nements<\/strong><\/h2>\n\n\n\n<div style=\"height:17px\" aria-hidden=\"true\" class=\"wp-block-spacer\"><\/div>\n\n\n\n<p style=\"font-size:16px\">La Soir\u00e9e Annuelle R\u00e9seau Entreprendre Paris, le Boostercamp annuel, les tables rondes et les soir\u00e9es de networking&#8230; Les occasions pour r\u00e9unir la communaut\u00e9 ne manquent pas !<\/p>\n\n\n\n<div style=\"height:16px\" aria-hidden=\"true\" class=\"wp-block-spacer\"><\/div>\n\n\n\n<h4 class=\"wp-block-heading\"><strong>Vous souhaitez soutenir le R\u00e9seau \u00e0 travers un don en nature, une prestation offerte ou l&#8217;accueil d&#8217;un de nos \u00e9v\u00e9nements ?<\/strong><\/h4>\n\n\n\n<div style=\"height:11px\" aria-hidden=\"true\" class=\"wp-block-spacer\"><\/div>\n\n\n\n<p style=\"font-size:16px\">Tout au long de l&#8217;ann\u00e9e, nous r\u00e9unissons entre 50 et 600 entrepreneurs et chefs d&#8217;entreprise lors de nos \u00e9v\u00e9nements. <strong>L&#8217;occasion parfaite pour faire d\u00e9couvrir des nouveaux projets, concepts, lieux&#8230; Toutes vos id\u00e9es, m\u00eame les plus farfelues, sont les bienvenues !<\/strong><\/p>\n\n\n\n<div class=\"wp-block-buttons is-layout-flex wp-block-buttons-is-layout-flex\">\n<div class=\"wp-block-button is-style-outline is-style-outline--5\"><a class=\"wp-block-button__link has-re-yellow-color has-text-color has-link-color wp-element-button\" href=\"mailto:atoure@reseau-entreprendre.org\" style=\"border-radius:4px\">Contactez Aminata Tour\u00e9<\/a><\/div>\n<\/div>\n\n\n\n<div style=\"height:33px\" aria-hidden=\"true\" class=\"wp-block-spacer\"><\/div>\n\n\n\n<figure class=\"wp-block-gallery has-nested-images columns-default is-cropped wp-block-gallery-6 is-layout-flex wp-block-gallery-is-layout-flex\">\n<figure class=\"wp-block-image size-large\"><img loading=\"lazy\" decoding=\"async\" width=\"1024\" height=\"683\" data-id=\"9404\" src=\"https:\/\/www.reseau-entreprendre.org\/paris\/wp-content\/uploads\/sites\/19\/2024\/08\/Boostercamp-IDF-2023-121-1024x683.jpg\" alt=\"\" class=\"wp-image-9404\" srcset=\"https:\/\/www.reseau-entreprendre.org\/paris\/wp-content\/uploads\/sites\/19\/2024\/08\/Boostercamp-IDF-2023-121-1024x683.jpg 1024w, https:\/\/www.reseau-entreprendre.org\/paris\/wp-content\/uploads\/sites\/19\/2024\/08\/Boostercamp-IDF-2023-121-300x200.jpg 300w, https:\/\/www.reseau-entreprendre.org\/paris\/wp-content\/uploads\/sites\/19\/2024\/08\/Boostercamp-IDF-2023-121-768x512.jpg 768w, https:\/\/www.reseau-entreprendre.org\/paris\/wp-content\/uploads\/sites\/19\/2024\/08\/Boostercamp-IDF-2023-121-391x260.jpg 391w, https:\/\/www.reseau-entreprendre.org\/paris\/wp-content\/uploads\/sites\/19\/2024\/08\/Boostercamp-IDF-2023-121-1536x1024.jpg 1536w, https:\/\/www.reseau-entreprendre.org\/paris\/wp-content\/uploads\/sites\/19\/2024\/08\/Boostercamp-IDF-2023-121-2048x1365.jpg 2048w, https:\/\/www.reseau-entreprendre.org\/paris\/wp-content\/uploads\/sites\/19\/2024\/08\/Boostercamp-IDF-2023-121-195x130.jpg 195w, https:\/\/www.reseau-entreprendre.org\/paris\/wp-content\/uploads\/sites\/19\/2024\/08\/Boostercamp-IDF-2023-121-100x67.jpg 100w\" sizes=\"auto, (max-width: 1024px) 100vw, 1024px\" \/><\/figure>\n\n\n\n<figure class=\"wp-block-image size-large\"><img loading=\"lazy\" decoding=\"async\" width=\"1024\" height=\"682\" data-id=\"9402\" src=\"https:\/\/www.reseau-entreprendre.org\/paris\/wp-content\/uploads\/sites\/19\/2024\/08\/AG-RESEAUENTREPRENDRE-143-1024x682.jpg\" alt=\"\" class=\"wp-image-9402\" srcset=\"https:\/\/www.reseau-entreprendre.org\/paris\/wp-content\/uploads\/sites\/19\/2024\/08\/AG-RESEAUENTREPRENDRE-143-1024x682.jpg 1024w, https:\/\/www.reseau-entreprendre.org\/paris\/wp-content\/uploads\/sites\/19\/2024\/08\/AG-RESEAUENTREPRENDRE-143-300x200.jpg 300w, https:\/\/www.reseau-entreprendre.org\/paris\/wp-content\/uploads\/sites\/19\/2024\/08\/AG-RESEAUENTREPRENDRE-143-768x512.jpg 768w, https:\/\/www.reseau-entreprendre.org\/paris\/wp-content\/uploads\/sites\/19\/2024\/08\/AG-RESEAUENTREPRENDRE-143-391x260.jpg 391w, https:\/\/www.reseau-entreprendre.org\/paris\/wp-content\/uploads\/sites\/19\/2024\/08\/AG-RESEAUENTREPRENDRE-143-1536x1024.jpg 1536w, https:\/\/www.reseau-entreprendre.org\/paris\/wp-content\/uploads\/sites\/19\/2024\/08\/AG-RESEAUENTREPRENDRE-143-195x130.jpg 195w, https:\/\/www.reseau-entreprendre.org\/paris\/wp-content\/uploads\/sites\/19\/2024\/08\/AG-RESEAUENTREPRENDRE-143-100x67.jpg 100w, https:\/\/www.reseau-entreprendre.org\/paris\/wp-content\/uploads\/sites\/19\/2024\/08\/AG-RESEAUENTREPRENDRE-143.jpg 1772w\" sizes=\"auto, (max-width: 1024px) 100vw, 1024px\" \/><\/figure>\n\n\n\n<figure class=\"wp-block-image size-large\"><img loading=\"lazy\" decoding=\"async\" width=\"1024\" height=\"683\" data-id=\"9403\" src=\"https:\/\/www.reseau-entreprendre.org\/paris\/wp-content\/uploads\/sites\/19\/2024\/08\/Boostercamp-IDF-2023-117-1024x683.jpg\" alt=\"\" class=\"wp-image-9403\" srcset=\"https:\/\/www.reseau-entreprendre.org\/paris\/wp-content\/uploads\/sites\/19\/2024\/08\/Boostercamp-IDF-2023-117-1024x683.jpg 1024w, https:\/\/www.reseau-entreprendre.org\/paris\/wp-content\/uploads\/sites\/19\/2024\/08\/Boostercamp-IDF-2023-117-300x200.jpg 300w, https:\/\/www.reseau-entreprendre.org\/paris\/wp-content\/uploads\/sites\/19\/2024\/08\/Boostercamp-IDF-2023-117-768x512.jpg 768w, https:\/\/www.reseau-entreprendre.org\/paris\/wp-content\/uploads\/sites\/19\/2024\/08\/Boostercamp-IDF-2023-117-391x260.jpg 391w, https:\/\/www.reseau-entreprendre.org\/paris\/wp-content\/uploads\/sites\/19\/2024\/08\/Boostercamp-IDF-2023-117-1536x1024.jpg 1536w, https:\/\/www.reseau-entreprendre.org\/paris\/wp-content\/uploads\/sites\/19\/2024\/08\/Boostercamp-IDF-2023-117-2048x1365.jpg 2048w, https:\/\/www.reseau-entreprendre.org\/paris\/wp-content\/uploads\/sites\/19\/2024\/08\/Boostercamp-IDF-2023-117-195x130.jpg 195w, https:\/\/www.reseau-entreprendre.org\/paris\/wp-content\/uploads\/sites\/19\/2024\/08\/Boostercamp-IDF-2023-117-100x67.jpg 100w\" sizes=\"auto, (max-width: 1024px) 100vw, 1024px\" \/><\/figure>\n\n\n\n<figure class=\"wp-block-image size-large\"><img loading=\"lazy\" decoding=\"async\" width=\"1024\" height=\"683\" data-id=\"9400\" src=\"https:\/\/www.reseau-entreprendre.org\/paris\/wp-content\/uploads\/sites\/19\/2024\/08\/DSF0534-1024x683.jpeg\" alt=\"\" class=\"wp-image-9400\" srcset=\"https:\/\/www.reseau-entreprendre.org\/paris\/wp-content\/uploads\/sites\/19\/2024\/08\/DSF0534-1024x683.jpeg 1024w, https:\/\/www.reseau-entreprendre.org\/paris\/wp-content\/uploads\/sites\/19\/2024\/08\/DSF0534-300x200.jpeg 300w, https:\/\/www.reseau-entreprendre.org\/paris\/wp-content\/uploads\/sites\/19\/2024\/08\/DSF0534-768x512.jpeg 768w, https:\/\/www.reseau-entreprendre.org\/paris\/wp-content\/uploads\/sites\/19\/2024\/08\/DSF0534-391x260.jpeg 391w, https:\/\/www.reseau-entreprendre.org\/paris\/wp-content\/uploads\/sites\/19\/2024\/08\/DSF0534-1536x1024.jpeg 1536w, https:\/\/www.reseau-entreprendre.org\/paris\/wp-content\/uploads\/sites\/19\/2024\/08\/DSF0534-2048x1365.jpeg 2048w, https:\/\/www.reseau-entreprendre.org\/paris\/wp-content\/uploads\/sites\/19\/2024\/08\/DSF0534-195x130.jpeg 195w, https:\/\/www.reseau-entreprendre.org\/paris\/wp-content\/uploads\/sites\/19\/2024\/08\/DSF0534-100x67.jpeg 100w\" sizes=\"auto, (max-width: 1024px) 100vw, 1024px\" \/><\/figure>\n\n\n\n<figure class=\"wp-block-image size-large\"><img loading=\"lazy\" decoding=\"async\" width=\"1024\" height=\"955\" data-id=\"9401\" src=\"https:\/\/www.reseau-entreprendre.org\/paris\/wp-content\/uploads\/sites\/19\/2024\/08\/DSF0537-scaled-e1723048879359-1024x955.jpeg\" alt=\"\" class=\"wp-image-9401\" srcset=\"https:\/\/www.reseau-entreprendre.org\/paris\/wp-content\/uploads\/sites\/19\/2024\/08\/DSF0537-scaled-e1723048879359-1024x955.jpeg 1024w, https:\/\/www.reseau-entreprendre.org\/paris\/wp-content\/uploads\/sites\/19\/2024\/08\/DSF0537-scaled-e1723048879359-300x280.jpeg 300w, https:\/\/www.reseau-entreprendre.org\/paris\/wp-content\/uploads\/sites\/19\/2024\/08\/DSF0537-scaled-e1723048879359-768x716.jpeg 768w, https:\/\/www.reseau-entreprendre.org\/paris\/wp-content\/uploads\/sites\/19\/2024\/08\/DSF0537-scaled-e1723048879359-1536x1432.jpeg 1536w, https:\/\/www.reseau-entreprendre.org\/paris\/wp-content\/uploads\/sites\/19\/2024\/08\/DSF0537-scaled-e1723048879359-139x130.jpeg 139w, https:\/\/www.reseau-entreprendre.org\/paris\/wp-content\/uploads\/sites\/19\/2024\/08\/DSF0537-scaled-e1723048879359-100x93.jpeg 100w, https:\/\/www.reseau-entreprendre.org\/paris\/wp-content\/uploads\/sites\/19\/2024\/08\/DSF0537-scaled-e1723048879359.jpeg 1706w\" sizes=\"auto, (max-width: 1024px) 100vw, 1024px\" \/><\/figure>\n\n\n\n<figure class=\"wp-block-image size-large\"><img loading=\"lazy\" decoding=\"async\" width=\"1024\" height=\"909\" data-id=\"9399\" src=\"https:\/\/www.reseau-entreprendre.org\/paris\/wp-content\/uploads\/sites\/19\/2024\/08\/DSF0133-scaled-e1723048928353-1024x909.jpeg\" alt=\"\" class=\"wp-image-9399\" srcset=\"https:\/\/www.reseau-entreprendre.org\/paris\/wp-content\/uploads\/sites\/19\/2024\/08\/DSF0133-scaled-e1723048928353-1024x909.jpeg 1024w, https:\/\/www.reseau-entreprendre.org\/paris\/wp-content\/uploads\/sites\/19\/2024\/08\/DSF0133-scaled-e1723048928353-300x266.jpeg 300w, https:\/\/www.reseau-entreprendre.org\/paris\/wp-content\/uploads\/sites\/19\/2024\/08\/DSF0133-scaled-e1723048928353-768x682.jpeg 768w, https:\/\/www.reseau-entreprendre.org\/paris\/wp-content\/uploads\/sites\/19\/2024\/08\/DSF0133-scaled-e1723048928353-1536x1363.jpeg 1536w, https:\/\/www.reseau-entreprendre.org\/paris\/wp-content\/uploads\/sites\/19\/2024\/08\/DSF0133-scaled-e1723048928353-146x130.jpeg 146w, https:\/\/www.reseau-entreprendre.org\/paris\/wp-content\/uploads\/sites\/19\/2024\/08\/DSF0133-scaled-e1723048928353-100x89.jpeg 100w, https:\/\/www.reseau-entreprendre.org\/paris\/wp-content\/uploads\/sites\/19\/2024\/08\/DSF0133-scaled-e1723048928353.jpeg 1706w\" sizes=\"auto, (max-width: 1024px) 100vw, 1024px\" \/><\/figure>\n<\/figure>\n\n\n\n<div style=\"height:28px\" aria-hidden=\"true\" id=\"soutenir-don\" class=\"wp-block-spacer\"><\/div>\n\n\n\n<hr class=\"wp-block-separator has-css-opacity\" \/>\n\n\n\n<div style=\"height:33px\" aria-hidden=\"true\" class=\"wp-block-spacer\"><\/div>\n\n\n\n<h2 class=\"wp-block-heading has-re-blue-color has-text-color has-link-color wp-elements-42591f69719f431701fd4acc0bd5b950\"><strong>Faites un don \u00e0 l&#8217;association<\/strong><\/h2>\n\n\n\n<div style=\"height:21px\" aria-hidden=\"true\" class=\"wp-block-spacer\"><\/div>\n\n\n\n<h4 class=\"wp-block-heading\"><strong>Vous souhaitez soutenir l&#8217;association ? Merci infiniment pour votre g\u00e9n\u00e9rosit\u00e9.<\/strong><\/h4>\n\n\n\n<p style=\"font-size:16px\"><em>R\u00e9seau Entreprendre Paris est une association reconnue d&#8217;utilit\u00e9 publique. Le r\u00e8glement de ce don ouvre droit \u00e0 une d\u00e9duction d\u2019imp\u00f4t (IS) de 60% de son montant\u200b.<\/em><\/p>\n\n\n\n<div style=\"height:18px\" aria-hidden=\"true\" class=\"wp-block-spacer\"><\/div>\n\n\n\n<div class=\"wp-block-buttons is-layout-flex wp-block-buttons-is-layout-flex\">\n<div class=\"wp-block-button is-style-outline is-style-outline--7\"><a class=\"wp-block-button__link has-re-blue-color has-text-color has-link-color wp-element-button\" href=\"mailto:ptapie@reseau-entreprendre.org\" style=\"border-radius:4px\">Contactez Pauline Wolfrom<\/a><\/div>\n<\/div>\n","protected":false},"excerpt":{"rendered":"<p>Vous souhaitez&#8230; Devenez partenaire R\u00e9seau Entreprendre Paris R\u00e9seau Entreprendre\u00ae Paris<\/p>\n","protected":false},"author":1,"featured_media":0,"parent":0,"menu_order":0,"comment_status":"closed","ping_status":"closed","template":"","meta":{"_acf_changed":false,"_monsterinsights_skip_tracking":false,"_monsterinsights_sitenote_active":false,"_monsterinsights_sitenote_note":"","_monsterinsights_sitenote_category":0,"_themeisle_gutenberg_block_has_review":false,"footnotes":""},"class_list":["post-17","page","type-page","status-publish","hentry"],"acf":[],"yoast_head":"<!-- This site is optimized with the Yoast SEO plugin v27.4 - https:\/\/yoast.com\/product\/yoast-seo-wordpress\/ -->\n<title>Soutenir | Reseau Entreprendre Paris<\/title>\n<meta name=\"description\" content=\"Partenaire, vous souhaitez soutenir un r\u00e9seau 100% chefs d&#039;entreprise ? Rejoignez R\u00e9seau Entreprendre Paris\" \/>\n<meta name=\"robots\" content=\"index, follow, max-snippet:-1, max-image-preview:large, max-video-preview:-1\" \/>\n<link rel=\"canonical\" href=\"https:\/\/www.reseau-entreprendre.org\/paris\/soutenir\/\" \/>\n<meta property=\"og:locale\" content=\"fr_FR\" \/>\n<meta property=\"og:type\" content=\"article\" \/>\n<meta property=\"og:title\" content=\"Soutenir | Reseau Entreprendre Paris\" \/>\n<meta property=\"og:description\" content=\"Partenaire, vous souhaitez soutenir un r\u00e9seau 100% chefs d&#039;entreprise ? Rejoignez R\u00e9seau Entreprendre Paris\" \/>\n<meta property=\"og:url\" content=\"https:\/\/www.reseau-entreprendre.org\/paris\/soutenir\/\" \/>\n<meta property=\"og:site_name\" content=\"R\u00e9seau Entreprendre Paris\" \/>\n<meta property=\"article:modified_time\" content=\"2024-09-26T12:20:52+00:00\" \/>\n<meta property=\"og:image\" content=\"https:\/\/www.reseau-entreprendre.org\/paris\/wp-content\/uploads\/sites\/19\/2024\/08\/Boostercamp-IDF-2023-121-1024x683.jpg\" \/>\n<meta name=\"twitter:card\" content=\"summary_large_image\" \/>\n<meta name=\"twitter:label1\" content=\"Dur\u00e9e de lecture estim\u00e9e\" \/>\n\t<meta name=\"twitter:data1\" content=\"3 minutes\" \/>\n<script type=\"application\/ld+json\" class=\"yoast-schema-graph\">{\"@context\":\"https:\\\/\\\/schema.org\",\"@graph\":[{\"@type\":\"WebPage\",\"@id\":\"https:\\\/\\\/www.reseau-entreprendre.org\\\/paris\\\/soutenir\\\/\",\"url\":\"https:\\\/\\\/www.reseau-entreprendre.org\\\/paris\\\/soutenir\\\/\",\"name\":\"Soutenir | Reseau Entreprendre Paris\",\"isPartOf\":{\"@id\":\"https:\\\/\\\/www.reseau-entreprendre.org\\\/paris\\\/#website\"},\"primaryImageOfPage\":{\"@id\":\"https:\\\/\\\/www.reseau-entreprendre.org\\\/paris\\\/soutenir\\\/#primaryimage\"},\"image\":{\"@id\":\"https:\\\/\\\/www.reseau-entreprendre.org\\\/paris\\\/soutenir\\\/#primaryimage\"},\"thumbnailUrl\":\"https:\\\/\\\/www.reseau-entreprendre.org\\\/paris\\\/wp-content\\\/uploads\\\/sites\\\/19\\\/2024\\\/08\\\/Boostercamp-IDF-2023-121-1024x683.jpg\",\"datePublished\":\"2017-04-28T10:34:01+00:00\",\"dateModified\":\"2024-09-26T12:20:52+00:00\",\"description\":\"Partenaire, vous souhaitez soutenir un r\u00e9seau 100% chefs d'entreprise ? Rejoignez R\u00e9seau Entreprendre Paris\",\"breadcrumb\":{\"@id\":\"https:\\\/\\\/www.reseau-entreprendre.org\\\/paris\\\/soutenir\\\/#breadcrumb\"},\"inLanguage\":\"fr-FR\",\"potentialAction\":[{\"@type\":\"ReadAction\",\"target\":[\"https:\\\/\\\/www.reseau-entreprendre.org\\\/paris\\\/soutenir\\\/\"]}]},{\"@type\":\"ImageObject\",\"inLanguage\":\"fr-FR\",\"@id\":\"https:\\\/\\\/www.reseau-entreprendre.org\\\/paris\\\/soutenir\\\/#primaryimage\",\"url\":\"https:\\\/\\\/www.reseau-entreprendre.org\\\/paris\\\/wp-content\\\/uploads\\\/sites\\\/19\\\/2024\\\/08\\\/Boostercamp-IDF-2023-121-scaled.jpg\",\"contentUrl\":\"https:\\\/\\\/www.reseau-entreprendre.org\\\/paris\\\/wp-content\\\/uploads\\\/sites\\\/19\\\/2024\\\/08\\\/Boostercamp-IDF-2023-121-scaled.jpg\",\"width\":2560,\"height\":1707},{\"@type\":\"BreadcrumbList\",\"@id\":\"https:\\\/\\\/www.reseau-entreprendre.org\\\/paris\\\/soutenir\\\/#breadcrumb\",\"itemListElement\":[{\"@type\":\"ListItem\",\"position\":1,\"name\":\"Accueil\",\"item\":\"https:\\\/\\\/www.reseau-entreprendre.org\\\/paris\\\/\"},{\"@type\":\"ListItem\",\"position\":2,\"name\":\"Soutenir\"}]},{\"@type\":\"WebSite\",\"@id\":\"https:\\\/\\\/www.reseau-entreprendre.org\\\/paris\\\/#website\",\"url\":\"https:\\\/\\\/www.reseau-entreprendre.org\\\/paris\\\/\",\"name\":\"R\u00e9seau Entreprendre Paris\",\"description\":\"Un site utilisant Les sites de R\u00e9seau Entreprendre\",\"potentialAction\":[{\"@type\":\"SearchAction\",\"target\":{\"@type\":\"EntryPoint\",\"urlTemplate\":\"https:\\\/\\\/www.reseau-entreprendre.org\\\/paris\\\/?s={search_term_string}\"},\"query-input\":{\"@type\":\"PropertyValueSpecification\",\"valueRequired\":true,\"valueName\":\"search_term_string\"}}],\"inLanguage\":\"fr-FR\"}]}<\/script>\n<!-- \/ Yoast SEO plugin. -->","yoast_head_json":{"title":"Soutenir | Reseau Entreprendre Paris","description":"Partenaire, vous souhaitez soutenir un r\u00e9seau 100% chefs d'entreprise ? Rejoignez R\u00e9seau Entreprendre Paris","robots":{"index":"index","follow":"follow","max-snippet":"max-snippet:-1","max-image-preview":"max-image-preview:large","max-video-preview":"max-video-preview:-1"},"canonical":"https:\/\/www.reseau-entreprendre.org\/paris\/soutenir\/","og_locale":"fr_FR","og_type":"article","og_title":"Soutenir | Reseau Entreprendre Paris","og_description":"Partenaire, vous souhaitez soutenir un r\u00e9seau 100% chefs d'entreprise ? Rejoignez R\u00e9seau Entreprendre Paris","og_url":"https:\/\/www.reseau-entreprendre.org\/paris\/soutenir\/","og_site_name":"R\u00e9seau Entreprendre Paris","article_modified_time":"2024-09-26T12:20:52+00:00","og_image":[{"url":"https:\/\/www.reseau-entreprendre.org\/paris\/wp-content\/uploads\/sites\/19\/2024\/08\/Boostercamp-IDF-2023-121-1024x683.jpg","type":"","width":"","height":""}],"twitter_card":"summary_large_image","twitter_misc":{"Dur\u00e9e de lecture estim\u00e9e":"3 minutes"},"schema":{"@context":"https:\/\/schema.org","@graph":[{"@type":"WebPage","@id":"https:\/\/www.reseau-entreprendre.org\/paris\/soutenir\/","url":"https:\/\/www.reseau-entreprendre.org\/paris\/soutenir\/","name":"Soutenir | Reseau Entreprendre Paris","isPartOf":{"@id":"https:\/\/www.reseau-entreprendre.org\/paris\/#website"},"primaryImageOfPage":{"@id":"https:\/\/www.reseau-entreprendre.org\/paris\/soutenir\/#primaryimage"},"image":{"@id":"https:\/\/www.reseau-entreprendre.org\/paris\/soutenir\/#primaryimage"},"thumbnailUrl":"https:\/\/www.reseau-entreprendre.org\/paris\/wp-content\/uploads\/sites\/19\/2024\/08\/Boostercamp-IDF-2023-121-1024x683.jpg","datePublished":"2017-04-28T10:34:01+00:00","dateModified":"2024-09-26T12:20:52+00:00","description":"Partenaire, vous souhaitez soutenir un r\u00e9seau 100% chefs d'entreprise ? Rejoignez R\u00e9seau Entreprendre Paris","breadcrumb":{"@id":"https:\/\/www.reseau-entreprendre.org\/paris\/soutenir\/#breadcrumb"},"inLanguage":"fr-FR","potentialAction":[{"@type":"ReadAction","target":["https:\/\/www.reseau-entreprendre.org\/paris\/soutenir\/"]}]},{"@type":"ImageObject","inLanguage":"fr-FR","@id":"https:\/\/www.reseau-entreprendre.org\/paris\/soutenir\/#primaryimage","url":"https:\/\/www.reseau-entreprendre.org\/paris\/wp-content\/uploads\/sites\/19\/2024\/08\/Boostercamp-IDF-2023-121-scaled.jpg","contentUrl":"https:\/\/www.reseau-entreprendre.org\/paris\/wp-content\/uploads\/sites\/19\/2024\/08\/Boostercamp-IDF-2023-121-scaled.jpg","width":2560,"height":1707},{"@type":"BreadcrumbList","@id":"https:\/\/www.reseau-entreprendre.org\/paris\/soutenir\/#breadcrumb","itemListElement":[{"@type":"ListItem","position":1,"name":"Accueil","item":"https:\/\/www.reseau-entreprendre.org\/paris\/"},{"@type":"ListItem","position":2,"name":"Soutenir"}]},{"@type":"WebSite","@id":"https:\/\/www.reseau-entreprendre.org\/paris\/#website","url":"https:\/\/www.reseau-entreprendre.org\/paris\/","name":"R\u00e9seau Entreprendre Paris","description":"Un site utilisant Les sites de R\u00e9seau Entreprendre","potentialAction":[{"@type":"SearchAction","target":{"@type":"EntryPoint","urlTemplate":"https:\/\/www.reseau-entreprendre.org\/paris\/?s={search_term_string}"},"query-input":{"@type":"PropertyValueSpecification","valueRequired":true,"valueName":"search_term_string"}}],"inLanguage":"fr-FR"}]}},"_links":{"self":[{"href":"https:\/\/www.reseau-entreprendre.org\/paris\/wp-json\/wp\/v2\/pages\/17","targetHints":{"allow":["GET"]}}],"collection":[{"href":"https:\/\/www.reseau-entreprendre.org\/paris\/wp-json\/wp\/v2\/pages"}],"about":[{"href":"https:\/\/www.reseau-entreprendre.org\/paris\/wp-json\/wp\/v2\/types\/page"}],"author":[{"embeddable":true,"href":"https:\/\/www.reseau-entreprendre.org\/paris\/wp-json\/wp\/v2\/users\/1"}],"replies":[{"embeddable":true,"href":"https:\/\/www.reseau-entreprendre.org\/paris\/wp-json\/wp\/v2\/comments?post=17"}],"version-history":[{"count":0,"href":"https:\/\/www.reseau-entreprendre.org\/paris\/wp-json\/wp\/v2\/pages\/17\/revisions"}],"wp:attachment":[{"href":"https:\/\/www.reseau-entreprendre.org\/paris\/wp-json\/wp\/v2\/media?parent=17"}],"curies":[{"name":"wp","href":"https:\/\/api.w.org\/{rel}","templated":true}]}}