{"id":6367,"date":"2021-12-22T12:33:30","date_gmt":"2021-12-22T11:33:30","guid":{"rendered":"https:\/\/www.reseau-entreprendre.org\/paris\/?page_id=6367"},"modified":"2026-02-27T17:04:29","modified_gmt":"2026-02-27T16:04:29","slug":"ressources","status":"publish","type":"page","link":"https:\/\/www.reseau-entreprendre.org\/paris\/ressources\/","title":{"rendered":"Ressources"},"content":{"rendered":"\n<h2 class=\"wp-block-heading\">R\u00e9ussir votre projet entrepreneurial<\/h2>\n\n\n\n<p>Au sein d&#8217;un \u00e9cosyst\u00e8me entrepreneurial bouillonnant, R\u00e9seau Entreprendre Paris s&#8217;engage \u00e0 accompagner les cr\u00e9ateurs et repreneurs d&#8217;entreprise tout au long de leur projet. Cet engagement se concr\u00e9tise ici par la cr\u00e9ation d&#8217;outils et de ressources utiles pour vous aider dans votre quotidien d&#8217;entrepreneur. Bonne lecture !<\/p>\n\n\n\n<div style=\"height:69px\" aria-hidden=\"true\" class=\"wp-block-spacer\"><\/div>\n\n\n\n<p><\/p>\n\n\n\n<div class=\"wp-block-columns is-layout-flex wp-container-core-columns-is-layout-9d6595d7 wp-block-columns-is-layout-flex\">\n<div class=\"wp-block-column is-layout-flow wp-block-column-is-layout-flow\"><div class=\"wp-block-image is-style-default\">\n<figure class=\"aligncenter size-full\"><a href=\"https:\/\/reseau-entreprendre-paris.notion.site\/L-Entrepreneur-Starter-Pack-249b90f9d826808e834efc03d6fada37?pvs=74\"><img loading=\"lazy\" decoding=\"async\" width=\"400\" height=\"200\" src=\"https:\/\/www.reseau-entreprendre.org\/paris\/wp-content\/uploads\/sites\/19\/2021\/12\/Entrepreneur-starter-pack.png\" alt=\"\" class=\"wp-image-6389\" srcset=\"https:\/\/www.reseau-entreprendre.org\/paris\/wp-content\/uploads\/sites\/19\/2021\/12\/Entrepreneur-starter-pack.png 400w, https:\/\/www.reseau-entreprendre.org\/paris\/wp-content\/uploads\/sites\/19\/2021\/12\/Entrepreneur-starter-pack-300x150.png 300w, https:\/\/www.reseau-entreprendre.org\/paris\/wp-content\/uploads\/sites\/19\/2021\/12\/Entrepreneur-starter-pack-210x105.png 210w\" sizes=\"auto, (max-width: 400px) 100vw, 400px\" \/><\/a><\/figure>\n<\/div>\n\n\n<h2 class=\"wp-block-heading has-text-align-center has-normal-font-size\"><strong>L&#8217;entrepreneur Starter Pack<\/strong><\/h2>\n\n\n\n<p class=\"has-text-align-center has-small-font-size\">Vous trouverez ici des conseils, un annuaire de structures d&#8217;accompagnements, des listes de financeurs, et de nombreux outils et r\u00e9f\u00e9rences. En r\u00e9sum\u00e9&#8230; tout ce dont vous avez besoin pour r\u00e9ussir votre aventure entrepreneuriale parisienne !<\/p>\n\n\n\n<div class=\"wp-block-buttons is-horizontal is-content-justification-center is-layout-flex wp-container-core-buttons-is-layout-499968f5 wp-block-buttons-is-layout-flex\">\n<div class=\"wp-block-button is-style-outline is-style-outline--1\"><a class=\"wp-block-button__link has-re-yellow-color has-text-color has-small-font-size has-custom-font-size wp-element-button\" href=\"https:\/\/reseau-entreprendre-paris.notion.site\/L-Entrepreneur-Starter-Pack-249b90f9d826808e834efc03d6fada37\" target=\"_blank\" rel=\"noreferrer noopener\">D\u00c9COUVRIR L&#8217;OUTIL<\/a><\/div>\n<\/div>\n<\/div>\n\n\n\n<div class=\"wp-block-column is-layout-flow wp-block-column-is-layout-flow\"><div class=\"wp-block-image is-style-default\">\n<figure class=\"aligncenter size-full\"><a href=\"https:\/\/www.reseau-entreprendre.org\/paris\/livre-blanc\/\"><img loading=\"lazy\" decoding=\"async\" width=\"400\" height=\"200\" src=\"https:\/\/www.reseau-entreprendre.org\/paris\/wp-content\/uploads\/sites\/19\/2021\/12\/Livre-blanc-des-associes.png\" alt=\"\" class=\"wp-image-6411\" srcset=\"https:\/\/www.reseau-entreprendre.org\/paris\/wp-content\/uploads\/sites\/19\/2021\/12\/Livre-blanc-des-associes.png 400w, https:\/\/www.reseau-entreprendre.org\/paris\/wp-content\/uploads\/sites\/19\/2021\/12\/Livre-blanc-des-associes-300x150.png 300w, https:\/\/www.reseau-entreprendre.org\/paris\/wp-content\/uploads\/sites\/19\/2021\/12\/Livre-blanc-des-associes-210x105.png 210w\" sizes=\"auto, (max-width: 400px) 100vw, 400px\" \/><\/a><\/figure>\n<\/div>\n\n\n<h2 class=\"wp-block-heading has-text-align-center has-normal-font-size\"><strong>Le livre blanc des associ\u00e9s<\/strong><\/h2>\n\n\n\n<p class=\"has-text-align-center has-small-font-size\">Convaincu que l\u2019association entrepreneuriale est un enjeu strat\u00e9gique dans le d\u00e9veloppement d\u2019une entreprise et fort de son expertise de 15 ans d\u2019accompagnement d\u2019entrepreneurs, R\u00e9seau Entreprendre\u00ae Paris a d\u00e9cid\u00e9 de prendre la parole sur ce sujet trop peu adress\u00e9.<\/p>\n\n\n\n<div class=\"wp-block-buttons is-horizontal is-content-justification-center is-layout-flex wp-container-core-buttons-is-layout-499968f5 wp-block-buttons-is-layout-flex\">\n<div class=\"wp-block-button is-style-outline is-style-outline--2\"><a class=\"wp-block-button__link has-re-yellow-color has-text-color has-small-font-size has-custom-font-size wp-element-button\" href=\"https:\/\/www.reseau-entreprendre.org\/paris\/livre-blanc\/\">T\u00c9L\u00c9CHARGER LE LIVRE BLANC<\/a><\/div>\n<\/div>\n<\/div>\n\n\n\n<div class=\"wp-block-column is-layout-flow wp-block-column-is-layout-flow\"><div class=\"wp-block-image is-style-default\">\n<figure class=\"aligncenter size-full\"><a href=\"https:\/\/www.reseau-entreprendre.org\/paris\/2021\/11\/16\/conseils-pour-ceder-acquerir-ou-transmettre-mon-entreprise\/\"><img loading=\"lazy\" decoding=\"async\" width=\"400\" height=\"200\" src=\"https:\/\/www.reseau-entreprendre.org\/paris\/wp-content\/uploads\/sites\/19\/2021\/12\/cession-acquisition-transmission.png\" alt=\"\" class=\"wp-image-6412\" srcset=\"https:\/\/www.reseau-entreprendre.org\/paris\/wp-content\/uploads\/sites\/19\/2021\/12\/cession-acquisition-transmission.png 400w, https:\/\/www.reseau-entreprendre.org\/paris\/wp-content\/uploads\/sites\/19\/2021\/12\/cession-acquisition-transmission-300x150.png 300w, https:\/\/www.reseau-entreprendre.org\/paris\/wp-content\/uploads\/sites\/19\/2021\/12\/cession-acquisition-transmission-210x105.png 210w\" sizes=\"auto, (max-width: 400px) 100vw, 400px\" \/><\/a><\/figure>\n<\/div>\n\n\n<h2 class=\"wp-block-heading has-text-align-center has-normal-font-size\"><strong>Cession, acquisition, transmission <\/strong><\/h2>\n\n\n\n<p class=\"has-text-align-center has-small-font-size\">La clef, c\u2019est l\u2019anticipation ! Entrepreneurs, plus vous serez sensible et vigilant \u00e0 ces diff\u00e9rents enjeux, plus les chances de succ\u00e8s seront importantes. \u00c0 travers ce livre blanc, R\u00e9seau Entreprendre\u00ae Paris est heureux de vous adresser quelques conseils clefs et contacts utiles.<\/p>\n\n\n\n<div class=\"wp-block-buttons is-horizontal is-content-justification-center is-layout-flex wp-container-core-buttons-is-layout-499968f5 wp-block-buttons-is-layout-flex\">\n<div class=\"wp-block-button is-style-outline is-style-outline--3\"><a class=\"wp-block-button__link has-re-yellow-color has-text-color has-small-font-size has-custom-font-size wp-element-button\" href=\"https:\/\/www.reseau-entreprendre.org\/paris\/2021\/11\/16\/conseils-pour-ceder-acquerir-ou-transmettre-mon-entreprise\/\">T\u00c9L\u00c9CHARGER LE LIVRE BLANC<\/a><\/div>\n<\/div>\n<\/div>\n<\/div>\n\n\n\n<div class=\"wp-block-columns is-layout-flex wp-container-core-columns-is-layout-9d6595d7 wp-block-columns-is-layout-flex\">\n<div class=\"wp-block-column is-layout-flow wp-block-column-is-layout-flow\"><div class=\"wp-block-image is-style-default\">\n<figure class=\"aligncenter size-full\"><img loading=\"lazy\" decoding=\"async\" width=\"400\" height=\"200\" src=\"https:\/\/www.reseau-entreprendre.org\/paris\/wp-content\/uploads\/sites\/19\/2022\/03\/Mecanismes-dinteressement.png\" alt=\"\" class=\"wp-image-7065\" srcset=\"https:\/\/www.reseau-entreprendre.org\/paris\/wp-content\/uploads\/sites\/19\/2022\/03\/Mecanismes-dinteressement.png 400w, https:\/\/www.reseau-entreprendre.org\/paris\/wp-content\/uploads\/sites\/19\/2022\/03\/Mecanismes-dinteressement-300x150.png 300w, https:\/\/www.reseau-entreprendre.org\/paris\/wp-content\/uploads\/sites\/19\/2022\/03\/Mecanismes-dinteressement-210x105.png 210w\" sizes=\"auto, (max-width: 400px) 100vw, 400px\" \/><\/figure>\n<\/div>\n\n\n<h2 class=\"wp-block-heading has-text-align-center has-normal-font-size\"><strong>Les m\u00e9canismes d&#8217;int\u00e9ressement<\/strong><\/h2>\n\n\n\n<p class=\"has-text-align-center has-small-font-size\">Pour une jeune soci\u00e9t\u00e9,&nbsp;la mise en place de m\u00e9canismes d\u2019int\u00e9ressement&nbsp;constitue souvent l\u2019un des premiers actes forts \u00e0 l\u2019\u00e9gard de ses salari\u00e9s, ses partenaires et, plus g\u00e9n\u00e9ralement, ses parties prenantes. Gr\u00e2ce \u00e0 ce livre blanc, vous obtiendrez une vision plus nette des pratiques actuelles du march\u00e9 afin de proposer un package conforme et coh\u00e9rent.&nbsp;<\/p>\n\n\n\n<div class=\"wp-block-buttons is-horizontal is-content-justification-center is-layout-flex wp-container-core-buttons-is-layout-499968f5 wp-block-buttons-is-layout-flex\">\n<div class=\"wp-block-button is-style-outline is-style-outline--4\"><a class=\"wp-block-button__link has-re-yellow-color has-text-color has-small-font-size has-custom-font-size wp-element-button\" href=\"https:\/\/www.reseau-entreprendre.org\/paris\/2022\/03\/31\/telechargez-le-livre-blanc-les-mecanismes-dinteressement\/\">T\u00c9L\u00c9CHARGEZ LE LIVRE BLANC<\/a><\/div>\n<\/div>\n<\/div>\n\n\n\n<div class=\"wp-block-column is-layout-flow wp-block-column-is-layout-flow\"><\/div>\n\n\n\n<div class=\"wp-block-column is-layout-flow wp-block-column-is-layout-flow\"><\/div>\n<\/div>\n","protected":false},"excerpt":{"rendered":"<p>R\u00e9ussir votre projet entrepreneurial Au sein d&#8217;un \u00e9cosyst\u00e8me entrepreneurial bouillonnant,<\/p>\n","protected":false},"author":19,"featured_media":6423,"parent":0,"menu_order":0,"comment_status":"closed","ping_status":"closed","template":"","meta":{"_acf_changed":false,"_monsterinsights_skip_tracking":false,"_monsterinsights_sitenote_active":false,"_monsterinsights_sitenote_note":"","_monsterinsights_sitenote_category":0,"_themeisle_gutenberg_block_has_review":false,"footnotes":""},"class_list":["post-6367","page","type-page","status-publish","has-post-thumbnail","hentry"],"acf":[],"yoast_head":"<!-- This site is optimized with the Yoast SEO plugin v27.2 - https:\/\/yoast.com\/product\/yoast-seo-wordpress\/ -->\n<title>Ressources - R\u00e9seau Entreprendre Paris<\/title>\n<meta name=\"description\" content=\"Vous souhaitez entreprendre ? Livres blancs, starter pack, etc. Voici une s\u00e9lection d&#039;outils pour vous aider dans votre projet.\" \/>\n<meta name=\"robots\" content=\"index, follow, max-snippet:-1, max-image-preview:large, max-video-preview:-1\" \/>\n<link rel=\"canonical\" href=\"https:\/\/www.reseau-entreprendre.org\/paris\/ressources\/\" \/>\n<meta property=\"og:locale\" content=\"fr_FR\" \/>\n<meta property=\"og:type\" content=\"article\" \/>\n<meta property=\"og:title\" content=\"Ressources - R\u00e9seau Entreprendre Paris\" \/>\n<meta property=\"og:description\" content=\"Vous souhaitez entreprendre ? Livres blancs, starter pack, etc. Voici une s\u00e9lection d&#039;outils pour vous aider dans votre projet.\" \/>\n<meta property=\"og:url\" content=\"https:\/\/www.reseau-entreprendre.org\/paris\/ressources\/\" \/>\n<meta property=\"og:site_name\" content=\"R\u00e9seau Entreprendre Paris\" \/>\n<meta property=\"article:modified_time\" content=\"2026-02-27T16:04:29+00:00\" \/>\n<meta property=\"og:image\" content=\"https:\/\/www.reseau-entreprendre.org\/paris\/wp-content\/uploads\/sites\/19\/2021\/12\/Sans-titre-1.png\" \/>\n\t<meta property=\"og:image:width\" content=\"500\" \/>\n\t<meta property=\"og:image:height\" content=\"500\" \/>\n\t<meta property=\"og:image:type\" content=\"image\/png\" \/>\n<meta name=\"twitter:card\" content=\"summary_large_image\" \/>\n<meta name=\"twitter:label1\" content=\"Dur\u00e9e de lecture estim\u00e9e\" \/>\n\t<meta name=\"twitter:data1\" content=\"3 minutes\" \/>\n<script type=\"application\/ld+json\" class=\"yoast-schema-graph\">{\"@context\":\"https:\/\/schema.org\",\"@graph\":[{\"@type\":\"WebPage\",\"@id\":\"https:\/\/www.reseau-entreprendre.org\/paris\/ressources\/\",\"url\":\"https:\/\/www.reseau-entreprendre.org\/paris\/ressources\/\",\"name\":\"Ressources - R\u00e9seau Entreprendre Paris\",\"isPartOf\":{\"@id\":\"https:\/\/www.reseau-entreprendre.org\/paris\/#website\"},\"primaryImageOfPage\":{\"@id\":\"https:\/\/www.reseau-entreprendre.org\/paris\/ressources\/#primaryimage\"},\"image\":{\"@id\":\"https:\/\/www.reseau-entreprendre.org\/paris\/ressources\/#primaryimage\"},\"thumbnailUrl\":\"https:\/\/www.reseau-entreprendre.org\/paris\/wp-content\/uploads\/sites\/19\/2021\/12\/Sans-titre-1.png\",\"datePublished\":\"2021-12-22T11:33:30+00:00\",\"dateModified\":\"2026-02-27T16:04:29+00:00\",\"description\":\"Vous souhaitez entreprendre ? Livres blancs, starter pack, etc. Voici une s\u00e9lection d'outils pour vous aider dans votre projet.\",\"breadcrumb\":{\"@id\":\"https:\/\/www.reseau-entreprendre.org\/paris\/ressources\/#breadcrumb\"},\"inLanguage\":\"fr-FR\",\"potentialAction\":[{\"@type\":\"ReadAction\",\"target\":[\"https:\/\/www.reseau-entreprendre.org\/paris\/ressources\/\"]}]},{\"@type\":\"ImageObject\",\"inLanguage\":\"fr-FR\",\"@id\":\"https:\/\/www.reseau-entreprendre.org\/paris\/ressources\/#primaryimage\",\"url\":\"https:\/\/www.reseau-entreprendre.org\/paris\/wp-content\/uploads\/sites\/19\/2021\/12\/Sans-titre-1.png\",\"contentUrl\":\"https:\/\/www.reseau-entreprendre.org\/paris\/wp-content\/uploads\/sites\/19\/2021\/12\/Sans-titre-1.png\",\"width\":500,\"height\":500},{\"@type\":\"BreadcrumbList\",\"@id\":\"https:\/\/www.reseau-entreprendre.org\/paris\/ressources\/#breadcrumb\",\"itemListElement\":[{\"@type\":\"ListItem\",\"position\":1,\"name\":\"Accueil\",\"item\":\"https:\/\/www.reseau-entreprendre.org\/paris\/\"},{\"@type\":\"ListItem\",\"position\":2,\"name\":\"Ressources\"}]},{\"@type\":\"WebSite\",\"@id\":\"https:\/\/www.reseau-entreprendre.org\/paris\/#website\",\"url\":\"https:\/\/www.reseau-entreprendre.org\/paris\/\",\"name\":\"R\u00e9seau Entreprendre Paris\",\"description\":\"Un site utilisant Les sites de R\u00e9seau Entreprendre\",\"potentialAction\":[{\"@type\":\"SearchAction\",\"target\":{\"@type\":\"EntryPoint\",\"urlTemplate\":\"https:\/\/www.reseau-entreprendre.org\/paris\/?s={search_term_string}\"},\"query-input\":{\"@type\":\"PropertyValueSpecification\",\"valueRequired\":true,\"valueName\":\"search_term_string\"}}],\"inLanguage\":\"fr-FR\"}]}<\/script>\n<!-- \/ Yoast SEO plugin. -->","yoast_head_json":{"title":"Ressources - R\u00e9seau Entreprendre Paris","description":"Vous souhaitez entreprendre ? Livres blancs, starter pack, etc. Voici une s\u00e9lection d'outils pour vous aider dans votre projet.","robots":{"index":"index","follow":"follow","max-snippet":"max-snippet:-1","max-image-preview":"max-image-preview:large","max-video-preview":"max-video-preview:-1"},"canonical":"https:\/\/www.reseau-entreprendre.org\/paris\/ressources\/","og_locale":"fr_FR","og_type":"article","og_title":"Ressources - R\u00e9seau Entreprendre Paris","og_description":"Vous souhaitez entreprendre ? Livres blancs, starter pack, etc. Voici une s\u00e9lection d'outils pour vous aider dans votre projet.","og_url":"https:\/\/www.reseau-entreprendre.org\/paris\/ressources\/","og_site_name":"R\u00e9seau Entreprendre Paris","article_modified_time":"2026-02-27T16:04:29+00:00","og_image":[{"width":500,"height":500,"url":"https:\/\/www.reseau-entreprendre.org\/paris\/wp-content\/uploads\/sites\/19\/2021\/12\/Sans-titre-1.png","type":"image\/png"}],"twitter_card":"summary_large_image","twitter_misc":{"Dur\u00e9e de lecture estim\u00e9e":"3 minutes"},"schema":{"@context":"https:\/\/schema.org","@graph":[{"@type":"WebPage","@id":"https:\/\/www.reseau-entreprendre.org\/paris\/ressources\/","url":"https:\/\/www.reseau-entreprendre.org\/paris\/ressources\/","name":"Ressources - R\u00e9seau Entreprendre Paris","isPartOf":{"@id":"https:\/\/www.reseau-entreprendre.org\/paris\/#website"},"primaryImageOfPage":{"@id":"https:\/\/www.reseau-entreprendre.org\/paris\/ressources\/#primaryimage"},"image":{"@id":"https:\/\/www.reseau-entreprendre.org\/paris\/ressources\/#primaryimage"},"thumbnailUrl":"https:\/\/www.reseau-entreprendre.org\/paris\/wp-content\/uploads\/sites\/19\/2021\/12\/Sans-titre-1.png","datePublished":"2021-12-22T11:33:30+00:00","dateModified":"2026-02-27T16:04:29+00:00","description":"Vous souhaitez entreprendre ? Livres blancs, starter pack, etc. Voici une s\u00e9lection d'outils pour vous aider dans votre projet.","breadcrumb":{"@id":"https:\/\/www.reseau-entreprendre.org\/paris\/ressources\/#breadcrumb"},"inLanguage":"fr-FR","potentialAction":[{"@type":"ReadAction","target":["https:\/\/www.reseau-entreprendre.org\/paris\/ressources\/"]}]},{"@type":"ImageObject","inLanguage":"fr-FR","@id":"https:\/\/www.reseau-entreprendre.org\/paris\/ressources\/#primaryimage","url":"https:\/\/www.reseau-entreprendre.org\/paris\/wp-content\/uploads\/sites\/19\/2021\/12\/Sans-titre-1.png","contentUrl":"https:\/\/www.reseau-entreprendre.org\/paris\/wp-content\/uploads\/sites\/19\/2021\/12\/Sans-titre-1.png","width":500,"height":500},{"@type":"BreadcrumbList","@id":"https:\/\/www.reseau-entreprendre.org\/paris\/ressources\/#breadcrumb","itemListElement":[{"@type":"ListItem","position":1,"name":"Accueil","item":"https:\/\/www.reseau-entreprendre.org\/paris\/"},{"@type":"ListItem","position":2,"name":"Ressources"}]},{"@type":"WebSite","@id":"https:\/\/www.reseau-entreprendre.org\/paris\/#website","url":"https:\/\/www.reseau-entreprendre.org\/paris\/","name":"R\u00e9seau Entreprendre Paris","description":"Un site utilisant Les sites de R\u00e9seau Entreprendre","potentialAction":[{"@type":"SearchAction","target":{"@type":"EntryPoint","urlTemplate":"https:\/\/www.reseau-entreprendre.org\/paris\/?s={search_term_string}"},"query-input":{"@type":"PropertyValueSpecification","valueRequired":true,"valueName":"search_term_string"}}],"inLanguage":"fr-FR"}]}},"_links":{"self":[{"href":"https:\/\/www.reseau-entreprendre.org\/paris\/wp-json\/wp\/v2\/pages\/6367","targetHints":{"allow":["GET"]}}],"collection":[{"href":"https:\/\/www.reseau-entreprendre.org\/paris\/wp-json\/wp\/v2\/pages"}],"about":[{"href":"https:\/\/www.reseau-entreprendre.org\/paris\/wp-json\/wp\/v2\/types\/page"}],"author":[{"embeddable":true,"href":"https:\/\/www.reseau-entreprendre.org\/paris\/wp-json\/wp\/v2\/users\/19"}],"replies":[{"embeddable":true,"href":"https:\/\/www.reseau-entreprendre.org\/paris\/wp-json\/wp\/v2\/comments?post=6367"}],"version-history":[{"count":2,"href":"https:\/\/www.reseau-entreprendre.org\/paris\/wp-json\/wp\/v2\/pages\/6367\/revisions"}],"predecessor-version":[{"id":10370,"href":"https:\/\/www.reseau-entreprendre.org\/paris\/wp-json\/wp\/v2\/pages\/6367\/revisions\/10370"}],"wp:featuredmedia":[{"embeddable":true,"href":"https:\/\/www.reseau-entreprendre.org\/paris\/wp-json\/wp\/v2\/media\/6423"}],"wp:attachment":[{"href":"https:\/\/www.reseau-entreprendre.org\/paris\/wp-json\/wp\/v2\/media?parent=6367"}],"curies":[{"name":"wp","href":"https:\/\/api.w.org\/{rel}","templated":true}]}}