{"id":13,"date":"2017-04-28T12:33:34","date_gmt":"2017-04-28T10:33:34","guid":{"rendered":"http:\/\/re-preprod-entreprendre.fr\/picardie\/?page_id=13"},"modified":"2026-03-19T09:03:46","modified_gmt":"2026-03-19T08:03:46","slug":"entreprendre-2","status":"publish","type":"page","link":"https:\/\/www.reseau-entreprendre.org\/picardie\/entreprendre-2\/","title":{"rendered":"Devenir laur\u00e9at"},"content":{"rendered":"\n<h2 class=\"wp-block-heading\">Individuel et collectif, d\u2019une dur\u00e9e de 2 ans et totalement gratuit, cet accompagnement est unique en Picardie et unanimement reconnu !<\/h2>\n\n\n\n<div style=\"height:22px\" aria-hidden=\"true\" class=\"wp-block-spacer\"><\/div>\n\n\n\n<figure class=\"wp-block-embed aligncenter is-type-video is-provider-youtube wp-block-embed-youtube wp-embed-aspect-16-9 wp-has-aspect-ratio\"><div class=\"wp-block-embed__wrapper\">\n<iframe loading=\"lazy\" title=\"Lance-toi et fais grandir ton projet d&#039;entreprise |  R\u00e9seau Entreprendre\" width=\"500\" height=\"281\" src=\"https:\/\/www.youtube.com\/embed\/YwDA580qBC0?feature=oembed\" frameborder=\"0\" allow=\"accelerometer; autoplay; clipboard-write; encrypted-media; gyroscope; picture-in-picture; web-share\" referrerpolicy=\"strict-origin-when-cross-origin\" allowfullscreen><\/iframe>\n<\/div><\/figure>\n\n\n\n<div style=\"height:25px\" aria-hidden=\"true\" class=\"wp-block-spacer\"><\/div>\n\n\n\n<p><strong>Trois ingr\u00e9dients cl\u00e9s pour cette r\u00e9ussite&nbsp;<\/strong><\/p>\n\n\n\n<p class=\"has-re-red-color has-text-color has-medium-font-size\"> <strong>1) B\u00e9n\u00e9ficier d\u2019un accompagnement entrepreneurial unique en Picardie <\/strong><\/p>\n\n\n\n<p>Gratuitement, pendant 2 ans, vous \u00eates suivi, soutenu et conseill\u00e9 individuellement par un chef d\u2019entreprise, membre b\u00e9n\u00e9vole en activit\u00e9 engag\u00e9 dans la r\u00e9ussite de votre projet entrepreneurial<\/p>\n\n\n\n<p>Nous accompagnons les entrepreneurs \u00e0 chaque \u00e9tape de leur projet gr\u00e2ce \u00e0 quatre parcours compl\u00e9mentaires.<br>L\u2019objectif : vous aider \u00e0 structurer, s\u00e9curiser et d\u00e9velopper votre entreprise avec l\u2019appui de chefs d\u2019entreprise b\u00e9n\u00e9voles.<\/p>\n\n\n\n<p><\/p>\n\n\n\n<h3 class=\"wp-block-heading has-re-red-color has-text-color has-link-color has-medium-font-size wp-elements-5692148f23afe473e4839060f510050d\"><strong>Parcours Tremplin<\/strong><\/h3>\n\n\n\n<p>Un parcours court (2 \u00e0 6 mois) pour <strong>tester, renforcer et clarifier votre projet<\/strong> avant son passage en comit\u00e9 d\u2019engagement.<\/p>\n\n\n\n<h3 class=\"wp-block-heading has-re-red-color has-text-color has-link-color has-medium-font-size wp-elements-29ba47ad403c7f6617671973192f0a3f\"><strong>Parcours Cr\u00e9ation<\/strong><\/h3>\n\n\n\n<p>Pour les cr\u00e9ateurs qui lancent leur entreprise.<br>Accompagnement sur <strong>2 \u00e0 3 ans<\/strong>, avec l\u2019appui d\u2019un ou deux chefs d\u2019entreprise et, selon les besoins, un <strong>pr\u00eat d\u2019honneur<\/strong>.<\/p>\n\n\n\n<h3 class=\"wp-block-heading has-re-red-color has-text-color has-link-color has-medium-font-size wp-elements-5a333f68426fb3f20c25eeac3e9babfa\"><strong>Parcours Reprise<\/strong><\/h3>\n\n\n\n<p>Pour r\u00e9ussir la <strong>reprise d\u2019une entreprise<\/strong>.<br>Un accompagnement structur\u00e9 sur <strong>2 \u00e0 3 ans<\/strong>, avec l\u2019exp\u00e9rience d\u2019entrepreneurs aguerris \u00e0 vos c\u00f4t\u00e9s.<\/p>\n\n\n\n<h3 class=\"wp-block-heading has-re-red-color has-text-color has-link-color has-medium-font-size wp-elements-88679471912ef5acd462d3572c5853aa\"><strong>Parcours Croissance<\/strong><\/h3>\n\n\n\n<p>Pour les dirigeants qui souhaitent <strong>acc\u00e9l\u00e9rer<\/strong> et franchir un cap.<br>Accompagnement sur <strong>3 ans<\/strong>, avec possibilit\u00e9 d\u2019un pr\u00eat d\u2019honneur et de modules d\u2019expertise d\u00e9di\u00e9s.<\/p>\n\n\n\n<div class=\"wp-block-columns is-layout-flex wp-container-core-columns-is-layout-9d6595d7 wp-block-columns-is-layout-flex\">\n<div class=\"wp-block-column is-layout-flow wp-block-column-is-layout-flow\">\n<figure class=\"wp-block-image size-large\"><img loading=\"lazy\" decoding=\"async\" width=\"1024\" height=\"533\" src=\"https:\/\/www.reseau-entreprendre.org\/picardie\/wp-content\/uploads\/sites\/54\/2026\/03\/Capture-decran-2026-02-06-110758-1-1024x533.png\" alt=\"\" class=\"wp-image-5304\" srcset=\"https:\/\/www.reseau-entreprendre.org\/picardie\/wp-content\/uploads\/sites\/54\/2026\/03\/Capture-decran-2026-02-06-110758-1-1024x533.png 1024w, https:\/\/www.reseau-entreprendre.org\/picardie\/wp-content\/uploads\/sites\/54\/2026\/03\/Capture-decran-2026-02-06-110758-1-300x156.png 300w, https:\/\/www.reseau-entreprendre.org\/picardie\/wp-content\/uploads\/sites\/54\/2026\/03\/Capture-decran-2026-02-06-110758-1-768x399.png 768w, https:\/\/www.reseau-entreprendre.org\/picardie\/wp-content\/uploads\/sites\/54\/2026\/03\/Capture-decran-2026-02-06-110758-1-1536x799.png 1536w, https:\/\/www.reseau-entreprendre.org\/picardie\/wp-content\/uploads\/sites\/54\/2026\/03\/Capture-decran-2026-02-06-110758-1-210x109.png 210w, https:\/\/www.reseau-entreprendre.org\/picardie\/wp-content\/uploads\/sites\/54\/2026\/03\/Capture-decran-2026-02-06-110758-1-100x52.png 100w, https:\/\/www.reseau-entreprendre.org\/picardie\/wp-content\/uploads\/sites\/54\/2026\/03\/Capture-decran-2026-02-06-110758-1-scaled.png 1140w\" sizes=\"auto, (max-width: 1024px) 100vw, 1024px\" \/><\/figure>\n<\/div>\n<\/div>\n\n\n\n<p class=\"has-re-red-color has-text-color has-medium-font-size\"><strong>2) Obtenir un Pr\u00eat d\u2019Honneur<\/strong><\/p>\n\n\n\n<p>Le <strong>Pr\u00eat d\u2019Honneur \u00e0 la personne \u00e0 0% de 15 K\u20ac \u00e0 50 K\u20ac<\/strong>, selon les parcours d\u2019accompagnement, est destin\u00e9 \u00e0 renforcer les fonds propres de l\u2019entreprise. Il est rendu possible gr\u00e2ce aux banques partenaires du Fonds de Pr\u00eats.<\/p>\n\n\n\n<p class=\"has-re-red-color has-text-color has-medium-font-size\"><strong>3) Rejoindre une promotion de laur\u00e9ats pour ne plus \u00eatre seul !<\/strong><\/p>\n\n\n\n<p>Tous les mois, les laur\u00e9ats se retrouvent en club de promotion pour partager, \u00e9couter, se soutenir, le temps d\u2019une soir\u00e9e. Cette pause dans l\u2019agenda permet aux nouveaux dirigeants de prendre du recul et de s\u2019exprimer en toute sinc\u00e9rit\u00e9 et confidentialit\u00e9.<\/p>\n\n\n\n<p>Une fois l\u2019entrepreneur devenu laur\u00e9at, il participe aux \u00e9v\u00e8nements de l\u2019association, propos\u00e9s aux membres et laur\u00e9ats&nbsp;: soir\u00e9es conviviales, visites d\u2019usines, soir\u00e9e annuelle des laur\u00e9ats, conf\u00e9rences et Assembl\u00e9e G\u00e9n\u00e9rale<\/p>\n\n\n\n<h3 class=\"wp-block-heading has-re-red-color has-text-color has-medium-font-size\"><strong>C\u2019est \u00e7a aussi l\u2019effet R\u00e9seau !<\/strong><\/h3>\n\n\n<div class=\"wp-block-image\">\n<figure class=\"aligncenter size-large\"><img loading=\"lazy\" decoding=\"async\" width=\"1024\" height=\"187\" src=\"https:\/\/www.reseau-entreprendre.org\/picardie\/wp-content\/uploads\/sites\/54\/2024\/11\/bandeau-laureat-1024x187.jpg\" alt=\"\" class=\"wp-image-4080\" srcset=\"https:\/\/www.reseau-entreprendre.org\/picardie\/wp-content\/uploads\/sites\/54\/2024\/11\/bandeau-laureat-1024x187.jpg 1024w, https:\/\/www.reseau-entreprendre.org\/picardie\/wp-content\/uploads\/sites\/54\/2024\/11\/bandeau-laureat-300x55.jpg 300w, https:\/\/www.reseau-entreprendre.org\/picardie\/wp-content\/uploads\/sites\/54\/2024\/11\/bandeau-laureat-768x140.jpg 768w, https:\/\/www.reseau-entreprendre.org\/picardie\/wp-content\/uploads\/sites\/54\/2024\/11\/bandeau-laureat-1536x280.jpg 1536w, https:\/\/www.reseau-entreprendre.org\/picardie\/wp-content\/uploads\/sites\/54\/2024\/11\/bandeau-laureat-210x38.jpg 210w, https:\/\/www.reseau-entreprendre.org\/picardie\/wp-content\/uploads\/sites\/54\/2024\/11\/bandeau-laureat-100x18.jpg 100w, https:\/\/www.reseau-entreprendre.org\/picardie\/wp-content\/uploads\/sites\/54\/2024\/11\/bandeau-laureat-scaled.jpg 1140w\" sizes=\"auto, (max-width: 1024px) 100vw, 1024px\" \/><\/figure>\n<\/div>\n\n\n<div style=\"height:33px\" aria-hidden=\"true\" class=\"wp-block-spacer\"><\/div>\n\n\n\n<div class=\"wp-block-buttons is-content-justification-center is-layout-flex wp-container-core-buttons-is-layout-16018d1d wp-block-buttons-is-layout-flex\">\n<div class=\"wp-block-button has-custom-width wp-block-button__width-50 is-style-fill\"><a class=\"wp-block-button__link has-white-color has-re-red-background-color has-text-color has-background has-text-align-center wp-element-button\" href=\"https:\/\/www.reseau-entreprendre.org\/picardie\/deposer-une-demande\/\" style=\"border-radius:4px\">Devenir laur\u00e9at d\u00e9poser une demande<\/a><\/div>\n<\/div>\n\n\n\n<p><\/p>\n","protected":false},"excerpt":{"rendered":"<p>Individuel et collectif, d\u2019une dur\u00e9e de 2 ans et totalement<\/p>\n","protected":false},"author":55,"featured_media":0,"parent":0,"menu_order":0,"comment_status":"closed","ping_status":"closed","template":"","meta":{"_acf_changed":false,"_monsterinsights_skip_tracking":false,"_monsterinsights_sitenote_active":false,"_monsterinsights_sitenote_note":"","_monsterinsights_sitenote_category":0,"footnotes":""},"class_list":["post-13","page","type-page","status-publish","hentry"],"acf":[],"yoast_head":"<!-- This site is optimized with the Yoast SEO plugin v27.4 - https:\/\/yoast.com\/product\/yoast-seo-wordpress\/ -->\n<title>Entreprendre | Reseau Entreprendre Picardie<\/title>\n<meta name=\"description\" content=\"Vous avez un projet de cr\u00e9ation d&#039;entreprise ? R\u00e9seau Entreprendre Picardie vous accompagne gratuitement et dans la dur\u00e9e\" \/>\n<meta name=\"robots\" content=\"index, follow, max-snippet:-1, max-image-preview:large, max-video-preview:-1\" \/>\n<link rel=\"canonical\" href=\"https:\/\/www.reseau-entreprendre.org\/picardie\/entreprendre-2\/\" \/>\n<meta property=\"og:locale\" content=\"fr_FR\" \/>\n<meta property=\"og:type\" content=\"article\" \/>\n<meta property=\"og:title\" content=\"Entreprendre | Reseau Entreprendre Picardie\" \/>\n<meta property=\"og:description\" content=\"Vous avez un projet de cr\u00e9ation d&#039;entreprise ? R\u00e9seau Entreprendre Picardie vous accompagne gratuitement et dans la dur\u00e9e\" \/>\n<meta property=\"og:url\" content=\"https:\/\/www.reseau-entreprendre.org\/picardie\/entreprendre-2\/\" \/>\n<meta property=\"og:site_name\" content=\"R\u00e9seau Entreprendre Picardie\" \/>\n<meta property=\"article:modified_time\" content=\"2026-03-19T08:03:46+00:00\" \/>\n<meta property=\"og:image\" content=\"https:\/\/www.reseau-entreprendre.org\/picardie\/wp-content\/uploads\/sites\/54\/2026\/03\/Capture-decran-2026-02-06-110758-1-scaled.png\" \/>\n\t<meta property=\"og:image:width\" content=\"1140\" \/>\n\t<meta property=\"og:image:height\" content=\"593\" \/>\n\t<meta property=\"og:image:type\" content=\"image\/png\" \/>\n<meta name=\"twitter:card\" content=\"summary_large_image\" \/>\n<meta name=\"twitter:label1\" content=\"Dur\u00e9e de lecture estim\u00e9e\" \/>\n\t<meta name=\"twitter:data1\" content=\"3 minutes\" \/>\n<script type=\"application\/ld+json\" class=\"yoast-schema-graph\">{\"@context\":\"https:\\\/\\\/schema.org\",\"@graph\":[{\"@type\":\"WebPage\",\"@id\":\"https:\\\/\\\/www.reseau-entreprendre.org\\\/picardie\\\/entreprendre-2\\\/\",\"url\":\"https:\\\/\\\/www.reseau-entreprendre.org\\\/picardie\\\/entreprendre-2\\\/\",\"name\":\"Entreprendre | Reseau Entreprendre Picardie\",\"isPartOf\":{\"@id\":\"https:\\\/\\\/www.reseau-entreprendre.org\\\/picardie\\\/#website\"},\"primaryImageOfPage\":{\"@id\":\"https:\\\/\\\/www.reseau-entreprendre.org\\\/picardie\\\/entreprendre-2\\\/#primaryimage\"},\"image\":{\"@id\":\"https:\\\/\\\/www.reseau-entreprendre.org\\\/picardie\\\/entreprendre-2\\\/#primaryimage\"},\"thumbnailUrl\":\"https:\\\/\\\/www.reseau-entreprendre.org\\\/picardie\\\/wp-content\\\/uploads\\\/sites\\\/54\\\/2026\\\/03\\\/Capture-decran-2026-02-06-110758-1-1024x533.png\",\"datePublished\":\"2017-04-28T10:33:34+00:00\",\"dateModified\":\"2026-03-19T08:03:46+00:00\",\"description\":\"Vous avez un projet de cr\u00e9ation d'entreprise ? R\u00e9seau Entreprendre Picardie vous accompagne gratuitement et dans la dur\u00e9e\",\"breadcrumb\":{\"@id\":\"https:\\\/\\\/www.reseau-entreprendre.org\\\/picardie\\\/entreprendre-2\\\/#breadcrumb\"},\"inLanguage\":\"fr-FR\",\"potentialAction\":[{\"@type\":\"ReadAction\",\"target\":[\"https:\\\/\\\/www.reseau-entreprendre.org\\\/picardie\\\/entreprendre-2\\\/\"]}]},{\"@type\":\"ImageObject\",\"inLanguage\":\"fr-FR\",\"@id\":\"https:\\\/\\\/www.reseau-entreprendre.org\\\/picardie\\\/entreprendre-2\\\/#primaryimage\",\"url\":\"https:\\\/\\\/www.reseau-entreprendre.org\\\/picardie\\\/wp-content\\\/uploads\\\/sites\\\/54\\\/2026\\\/03\\\/Capture-decran-2026-02-06-110758-1-scaled.png\",\"contentUrl\":\"https:\\\/\\\/www.reseau-entreprendre.org\\\/picardie\\\/wp-content\\\/uploads\\\/sites\\\/54\\\/2026\\\/03\\\/Capture-decran-2026-02-06-110758-1-scaled.png\",\"width\":1140,\"height\":593},{\"@type\":\"BreadcrumbList\",\"@id\":\"https:\\\/\\\/www.reseau-entreprendre.org\\\/picardie\\\/entreprendre-2\\\/#breadcrumb\",\"itemListElement\":[{\"@type\":\"ListItem\",\"position\":1,\"name\":\"Accueil\",\"item\":\"https:\\\/\\\/www.reseau-entreprendre.org\\\/picardie\\\/\"},{\"@type\":\"ListItem\",\"position\":2,\"name\":\"Devenir laur\u00e9at\"}]},{\"@type\":\"WebSite\",\"@id\":\"https:\\\/\\\/www.reseau-entreprendre.org\\\/picardie\\\/#website\",\"url\":\"https:\\\/\\\/www.reseau-entreprendre.org\\\/picardie\\\/\",\"name\":\"R\u00e9seau Entreprendre Picardie\",\"description\":\"Un site utilisant Les sites de R\u00e9seau Entreprendre\",\"potentialAction\":[{\"@type\":\"SearchAction\",\"target\":{\"@type\":\"EntryPoint\",\"urlTemplate\":\"https:\\\/\\\/www.reseau-entreprendre.org\\\/picardie\\\/?s={search_term_string}\"},\"query-input\":{\"@type\":\"PropertyValueSpecification\",\"valueRequired\":true,\"valueName\":\"search_term_string\"}}],\"inLanguage\":\"fr-FR\"}]}<\/script>\n<!-- \/ Yoast SEO plugin. -->","yoast_head_json":{"title":"Entreprendre | Reseau Entreprendre Picardie","description":"Vous avez un projet de cr\u00e9ation d'entreprise ? R\u00e9seau Entreprendre Picardie vous accompagne gratuitement et dans la dur\u00e9e","robots":{"index":"index","follow":"follow","max-snippet":"max-snippet:-1","max-image-preview":"max-image-preview:large","max-video-preview":"max-video-preview:-1"},"canonical":"https:\/\/www.reseau-entreprendre.org\/picardie\/entreprendre-2\/","og_locale":"fr_FR","og_type":"article","og_title":"Entreprendre | Reseau Entreprendre Picardie","og_description":"Vous avez un projet de cr\u00e9ation d'entreprise ? R\u00e9seau Entreprendre Picardie vous accompagne gratuitement et dans la dur\u00e9e","og_url":"https:\/\/www.reseau-entreprendre.org\/picardie\/entreprendre-2\/","og_site_name":"R\u00e9seau Entreprendre Picardie","article_modified_time":"2026-03-19T08:03:46+00:00","og_image":[{"width":1140,"height":593,"url":"https:\/\/www.reseau-entreprendre.org\/picardie\/wp-content\/uploads\/sites\/54\/2026\/03\/Capture-decran-2026-02-06-110758-1-scaled.png","type":"image\/png"}],"twitter_card":"summary_large_image","twitter_misc":{"Dur\u00e9e de lecture estim\u00e9e":"3 minutes"},"schema":{"@context":"https:\/\/schema.org","@graph":[{"@type":"WebPage","@id":"https:\/\/www.reseau-entreprendre.org\/picardie\/entreprendre-2\/","url":"https:\/\/www.reseau-entreprendre.org\/picardie\/entreprendre-2\/","name":"Entreprendre | Reseau Entreprendre Picardie","isPartOf":{"@id":"https:\/\/www.reseau-entreprendre.org\/picardie\/#website"},"primaryImageOfPage":{"@id":"https:\/\/www.reseau-entreprendre.org\/picardie\/entreprendre-2\/#primaryimage"},"image":{"@id":"https:\/\/www.reseau-entreprendre.org\/picardie\/entreprendre-2\/#primaryimage"},"thumbnailUrl":"https:\/\/www.reseau-entreprendre.org\/picardie\/wp-content\/uploads\/sites\/54\/2026\/03\/Capture-decran-2026-02-06-110758-1-1024x533.png","datePublished":"2017-04-28T10:33:34+00:00","dateModified":"2026-03-19T08:03:46+00:00","description":"Vous avez un projet de cr\u00e9ation d'entreprise ? R\u00e9seau Entreprendre Picardie vous accompagne gratuitement et dans la dur\u00e9e","breadcrumb":{"@id":"https:\/\/www.reseau-entreprendre.org\/picardie\/entreprendre-2\/#breadcrumb"},"inLanguage":"fr-FR","potentialAction":[{"@type":"ReadAction","target":["https:\/\/www.reseau-entreprendre.org\/picardie\/entreprendre-2\/"]}]},{"@type":"ImageObject","inLanguage":"fr-FR","@id":"https:\/\/www.reseau-entreprendre.org\/picardie\/entreprendre-2\/#primaryimage","url":"https:\/\/www.reseau-entreprendre.org\/picardie\/wp-content\/uploads\/sites\/54\/2026\/03\/Capture-decran-2026-02-06-110758-1-scaled.png","contentUrl":"https:\/\/www.reseau-entreprendre.org\/picardie\/wp-content\/uploads\/sites\/54\/2026\/03\/Capture-decran-2026-02-06-110758-1-scaled.png","width":1140,"height":593},{"@type":"BreadcrumbList","@id":"https:\/\/www.reseau-entreprendre.org\/picardie\/entreprendre-2\/#breadcrumb","itemListElement":[{"@type":"ListItem","position":1,"name":"Accueil","item":"https:\/\/www.reseau-entreprendre.org\/picardie\/"},{"@type":"ListItem","position":2,"name":"Devenir laur\u00e9at"}]},{"@type":"WebSite","@id":"https:\/\/www.reseau-entreprendre.org\/picardie\/#website","url":"https:\/\/www.reseau-entreprendre.org\/picardie\/","name":"R\u00e9seau Entreprendre Picardie","description":"Un site utilisant Les sites de R\u00e9seau Entreprendre","potentialAction":[{"@type":"SearchAction","target":{"@type":"EntryPoint","urlTemplate":"https:\/\/www.reseau-entreprendre.org\/picardie\/?s={search_term_string}"},"query-input":{"@type":"PropertyValueSpecification","valueRequired":true,"valueName":"search_term_string"}}],"inLanguage":"fr-FR"}]}},"_links":{"self":[{"href":"https:\/\/www.reseau-entreprendre.org\/picardie\/wp-json\/wp\/v2\/pages\/13","targetHints":{"allow":["GET"]}}],"collection":[{"href":"https:\/\/www.reseau-entreprendre.org\/picardie\/wp-json\/wp\/v2\/pages"}],"about":[{"href":"https:\/\/www.reseau-entreprendre.org\/picardie\/wp-json\/wp\/v2\/types\/page"}],"author":[{"embeddable":true,"href":"https:\/\/www.reseau-entreprendre.org\/picardie\/wp-json\/wp\/v2\/users\/55"}],"replies":[{"embeddable":true,"href":"https:\/\/www.reseau-entreprendre.org\/picardie\/wp-json\/wp\/v2\/comments?post=13"}],"version-history":[{"count":0,"href":"https:\/\/www.reseau-entreprendre.org\/picardie\/wp-json\/wp\/v2\/pages\/13\/revisions"}],"wp:attachment":[{"href":"https:\/\/www.reseau-entreprendre.org\/picardie\/wp-json\/wp\/v2\/media?parent=13"}],"curies":[{"name":"wp","href":"https:\/\/api.w.org\/{rel}","templated":true}]}}