{"id":15,"date":"2017-04-28T12:33:47","date_gmt":"2017-04-28T10:33:47","guid":{"rendered":"http:\/\/re-preprod-entreprendre.fr\/picardie\/?page_id=15"},"modified":"2026-03-12T10:26:46","modified_gmt":"2026-03-12T09:26:46","slug":"accompagner","status":"publish","type":"page","link":"https:\/\/www.reseau-entreprendre.org\/picardie\/accompagner\/","title":{"rendered":"Devenir membre"},"content":{"rendered":"\n<div class=\"wp-block-buttons is-content-justification-left is-layout-flex wp-container-core-buttons-is-layout-fdcfc74e wp-block-buttons-is-layout-flex\">\n<div class=\"wp-block-button\"><a class=\"wp-block-button__link has-re-red-background-color has-background wp-element-button\" href=\"https:\/\/www.helloasso.com\/associations\/reseau-entreprendre-picardie\/adhesions\/adhesion-2025-re-picardie\" target=\"_blank\" rel=\"noreferrer noopener\">J&#8217;adh\u00e8re en ligne<\/a><\/div>\n<\/div>\n\n\n\n<div style=\"height:25px\" aria-hidden=\"true\" class=\"wp-block-spacer\"><\/div>\n\n\n\n<h2 class=\"wp-block-heading\">Chez R\u00e9seau Entreprendre Picardie, <br>les occasions de s&#8217;impliquer sont nombreuses et vari\u00e9es<\/h2>\n\n\n\n<div style=\"height:10px\" aria-hidden=\"true\" class=\"wp-block-spacer\"><\/div>\n\n\n\n<p class=\"has-re-red-color has-text-color has-medium-font-size\"><strong> <\/strong><\/p>\n\n\n<div class=\"wp-block-image\">\n<figure class=\"aligncenter size-large is-resized\"><img loading=\"lazy\" decoding=\"async\" width=\"1024\" height=\"187\" src=\"https:\/\/www.reseau-entreprendre.org\/picardie\/wp-content\/uploads\/sites\/54\/2024\/10\/bandeau-membre-1024x187.png\" alt=\"\" class=\"wp-image-3753\" style=\"width:1013px;height:auto\" srcset=\"https:\/\/www.reseau-entreprendre.org\/picardie\/wp-content\/uploads\/sites\/54\/2024\/10\/bandeau-membre-1024x187.png 1024w, https:\/\/www.reseau-entreprendre.org\/picardie\/wp-content\/uploads\/sites\/54\/2024\/10\/bandeau-membre-300x55.png 300w, https:\/\/www.reseau-entreprendre.org\/picardie\/wp-content\/uploads\/sites\/54\/2024\/10\/bandeau-membre-768x140.png 768w, https:\/\/www.reseau-entreprendre.org\/picardie\/wp-content\/uploads\/sites\/54\/2024\/10\/bandeau-membre-1536x280.png 1536w, https:\/\/www.reseau-entreprendre.org\/picardie\/wp-content\/uploads\/sites\/54\/2024\/10\/bandeau-membre-210x38.png 210w, https:\/\/www.reseau-entreprendre.org\/picardie\/wp-content\/uploads\/sites\/54\/2024\/10\/bandeau-membre-100x18.png 100w, https:\/\/www.reseau-entreprendre.org\/picardie\/wp-content\/uploads\/sites\/54\/2024\/10\/bandeau-membre.png 1140w\" sizes=\"auto, (max-width: 1024px) 100vw, 1024px\" \/><\/figure>\n<\/div>\n\n\n<div style=\"height:25px\" aria-hidden=\"true\" class=\"wp-block-spacer\"><\/div>\n\n\n\n<p><\/p>\n\n\n\n<p class=\"has-re-red-color has-text-color has-medium-font-size\">Selon ses envies, ses disponibilit\u00e9s et ses besoins&nbsp;<strong>devenir MEMBRE de R\u00e9seau Entreprendre Picardie, c\u2019est :<\/strong><\/p>\n\n\n\n<p class=\"has-re-red-color has-text-color has-medium-font-size\"><strong>1. Int\u00e9grer un r\u00e9seau PUISSANT et SOLIDAIRE<\/strong><\/p>\n\n\n\n<p>Compos\u00e9 de <strong>180 membres dirigeants d\u2019entreprise picards b\u00e9n\u00e9voles,<\/strong> engag\u00e9s dans la r\u00e9ussite de leur territoire.<\/p>\n\n\n\n<p class=\"has-re-red-color has-text-color has-medium-font-size\"><strong>2. PARTAGER et TRANSMETTRE son exp\u00e9rience de dirigeant<\/strong><\/p>\n\n\n\n<p>&#8211; Participer <strong>aux entretiens de validation<\/strong> <br>&#8211; Participer au <strong>Comit\u00e9 d\u2019Engagement<\/strong>&nbsp;d\u2019un laur\u00e9at<br>&#8211; Int\u00e9grer le groupe <strong>des charg\u00e9s de projet<\/strong> <br>&#8211; Devenir&nbsp;<strong>accompagnateur<\/strong><br>&#8211; S\u2019engager dans une commission ou groupe de travail, selon votre expertise :&nbsp;<strong>innovation, ambassadeur, comit\u00e9 d&#8217;engagement, croissance<\/strong><\/p>\n\n\n\n<p class=\"has-re-red-color has-text-color has-medium-font-size\"><strong>3. Se RENCONTRER et \u00c9CHANGER<\/strong><\/p>\n\n\n\n<p>Tout au long de l\u2019ann\u00e9e gr\u00e2ce \u00e0 une programmation d\u2019\u00e9v\u00e9nements et de rencontres toujours plac\u00e9s sous le signe de la CONVIVIALIT\u00c9.<\/p>\n\n\n\n<p><strong>Une grande soir\u00e9e annuelle o\u00f9 tout notre r\u00e9seau se retrouve avec plaisir et des rendez-vous r\u00e9guliers pr\u00e8s de chez vous pour rencontrer les membres et laur\u00e9ats de votre territoire<\/strong> : visites d&#8217;usines, conf\u00e9rences, soir\u00e9es de co-d\u00e9veloppement, afterwork&#8230;<\/p>\n\n\n\n<div style=\"height:17px\" aria-hidden=\"true\" class=\"wp-block-spacer\"><\/div>\n\n\n\n<p class=\"has-text-align-center has-re-red-color has-text-color has-link-color wp-elements-49e93dd6737033fc0be58759045b78ad\" style=\"font-size:30px\"><strong>Vous voulez partager, transmettre, recevoir ? <\/strong><br><strong>Rejoignez R\u00e9seau Entreprendre&nbsp;Picardie<\/strong><\/p>\n\n\n\n<div style=\"height:17px\" aria-hidden=\"true\" class=\"wp-block-spacer\"><\/div>\n\n\n\n<div class=\"wp-block-buttons is-content-justification-center is-layout-flex wp-container-core-buttons-is-layout-16018d1d wp-block-buttons-is-layout-flex\">\n<div class=\"wp-block-button\"><a class=\"wp-block-button__link has-re-red-background-color has-background wp-element-button\" href=\"https:\/\/www.helloasso.com\/associations\/reseau-entreprendre-picardie\/adhesions\/adhesion-2025-re-picardie\" target=\"_blank\" rel=\"noreferrer noopener\">J&#8217;adh\u00e8re en ligne<\/a><\/div>\n<\/div>\n\n\n\n<p><\/p>\n","protected":false},"excerpt":{"rendered":"<p>Chez R\u00e9seau Entreprendre Picardie, les occasions de s&#8217;impliquer sont nombreuses<\/p>\n","protected":false},"author":55,"featured_media":2437,"parent":0,"menu_order":0,"comment_status":"closed","ping_status":"closed","template":"","meta":{"_acf_changed":false,"_monsterinsights_skip_tracking":false,"_monsterinsights_sitenote_active":false,"_monsterinsights_sitenote_note":"","_monsterinsights_sitenote_category":0,"footnotes":""},"class_list":["post-15","page","type-page","status-publish","has-post-thumbnail","hentry"],"acf":[],"yoast_head":"<!-- This site is optimized with the Yoast SEO plugin v27.4 - https:\/\/yoast.com\/product\/yoast-seo-wordpress\/ -->\n<title>Accompagner | Reseau Entreprendre Picardie<\/title>\n<meta name=\"description\" content=\"Vous \u00eates chef d&#039;entreprise et souhaitez accompagner de nouveaux entrepreneurs ? Devenez membre b\u00e9n\u00e9vole de R\u00e9seau Entreprendre Picardie !\" \/>\n<meta name=\"robots\" content=\"index, follow, max-snippet:-1, max-image-preview:large, max-video-preview:-1\" \/>\n<link rel=\"canonical\" href=\"https:\/\/www.reseau-entreprendre.org\/picardie\/accompagner\/\" \/>\n<meta property=\"og:locale\" content=\"fr_FR\" \/>\n<meta property=\"og:type\" content=\"article\" \/>\n<meta property=\"og:title\" content=\"Accompagner | Reseau Entreprendre Picardie\" \/>\n<meta property=\"og:description\" content=\"Vous \u00eates chef d&#039;entreprise et souhaitez accompagner de nouveaux entrepreneurs ? Devenez membre b\u00e9n\u00e9vole de R\u00e9seau Entreprendre Picardie !\" \/>\n<meta property=\"og:url\" content=\"https:\/\/www.reseau-entreprendre.org\/picardie\/accompagner\/\" \/>\n<meta property=\"og:site_name\" content=\"R\u00e9seau Entreprendre Picardie\" \/>\n<meta property=\"article:modified_time\" content=\"2026-03-12T09:26:46+00:00\" \/>\n<meta property=\"og:image\" content=\"https:\/\/www.reseau-entreprendre.org\/picardie\/wp-content\/uploads\/sites\/54\/2022\/11\/Sengager-2.png\" \/>\n\t<meta property=\"og:image:width\" content=\"607\" \/>\n\t<meta property=\"og:image:height\" content=\"466\" \/>\n\t<meta property=\"og:image:type\" content=\"image\/png\" \/>\n<meta name=\"twitter:card\" content=\"summary_large_image\" \/>\n<meta name=\"twitter:label1\" content=\"Dur\u00e9e de lecture estim\u00e9e\" \/>\n\t<meta name=\"twitter:data1\" content=\"2 minutes\" \/>\n<script type=\"application\/ld+json\" class=\"yoast-schema-graph\">{\"@context\":\"https:\\\/\\\/schema.org\",\"@graph\":[{\"@type\":\"WebPage\",\"@id\":\"https:\\\/\\\/www.reseau-entreprendre.org\\\/picardie\\\/accompagner\\\/\",\"url\":\"https:\\\/\\\/www.reseau-entreprendre.org\\\/picardie\\\/accompagner\\\/\",\"name\":\"Accompagner | Reseau Entreprendre Picardie\",\"isPartOf\":{\"@id\":\"https:\\\/\\\/www.reseau-entreprendre.org\\\/picardie\\\/#website\"},\"primaryImageOfPage\":{\"@id\":\"https:\\\/\\\/www.reseau-entreprendre.org\\\/picardie\\\/accompagner\\\/#primaryimage\"},\"image\":{\"@id\":\"https:\\\/\\\/www.reseau-entreprendre.org\\\/picardie\\\/accompagner\\\/#primaryimage\"},\"thumbnailUrl\":\"https:\\\/\\\/www.reseau-entreprendre.org\\\/picardie\\\/wp-content\\\/uploads\\\/sites\\\/54\\\/2022\\\/11\\\/Sengager-2.png\",\"datePublished\":\"2017-04-28T10:33:47+00:00\",\"dateModified\":\"2026-03-12T09:26:46+00:00\",\"description\":\"Vous \u00eates chef d'entreprise et souhaitez accompagner de nouveaux entrepreneurs ? Devenez membre b\u00e9n\u00e9vole de R\u00e9seau Entreprendre Picardie !\",\"breadcrumb\":{\"@id\":\"https:\\\/\\\/www.reseau-entreprendre.org\\\/picardie\\\/accompagner\\\/#breadcrumb\"},\"inLanguage\":\"fr-FR\",\"potentialAction\":[{\"@type\":\"ReadAction\",\"target\":[\"https:\\\/\\\/www.reseau-entreprendre.org\\\/picardie\\\/accompagner\\\/\"]}]},{\"@type\":\"ImageObject\",\"inLanguage\":\"fr-FR\",\"@id\":\"https:\\\/\\\/www.reseau-entreprendre.org\\\/picardie\\\/accompagner\\\/#primaryimage\",\"url\":\"https:\\\/\\\/www.reseau-entreprendre.org\\\/picardie\\\/wp-content\\\/uploads\\\/sites\\\/54\\\/2022\\\/11\\\/Sengager-2.png\",\"contentUrl\":\"https:\\\/\\\/www.reseau-entreprendre.org\\\/picardie\\\/wp-content\\\/uploads\\\/sites\\\/54\\\/2022\\\/11\\\/Sengager-2.png\",\"width\":607,\"height\":466},{\"@type\":\"BreadcrumbList\",\"@id\":\"https:\\\/\\\/www.reseau-entreprendre.org\\\/picardie\\\/accompagner\\\/#breadcrumb\",\"itemListElement\":[{\"@type\":\"ListItem\",\"position\":1,\"name\":\"Accueil\",\"item\":\"https:\\\/\\\/www.reseau-entreprendre.org\\\/picardie\\\/\"},{\"@type\":\"ListItem\",\"position\":2,\"name\":\"Devenir membre\"}]},{\"@type\":\"WebSite\",\"@id\":\"https:\\\/\\\/www.reseau-entreprendre.org\\\/picardie\\\/#website\",\"url\":\"https:\\\/\\\/www.reseau-entreprendre.org\\\/picardie\\\/\",\"name\":\"R\u00e9seau Entreprendre Picardie\",\"description\":\"Un site utilisant Les sites de R\u00e9seau Entreprendre\",\"potentialAction\":[{\"@type\":\"SearchAction\",\"target\":{\"@type\":\"EntryPoint\",\"urlTemplate\":\"https:\\\/\\\/www.reseau-entreprendre.org\\\/picardie\\\/?s={search_term_string}\"},\"query-input\":{\"@type\":\"PropertyValueSpecification\",\"valueRequired\":true,\"valueName\":\"search_term_string\"}}],\"inLanguage\":\"fr-FR\"}]}<\/script>\n<!-- \/ Yoast SEO plugin. -->","yoast_head_json":{"title":"Accompagner | Reseau Entreprendre Picardie","description":"Vous \u00eates chef d'entreprise et souhaitez accompagner de nouveaux entrepreneurs ? Devenez membre b\u00e9n\u00e9vole de R\u00e9seau Entreprendre Picardie !","robots":{"index":"index","follow":"follow","max-snippet":"max-snippet:-1","max-image-preview":"max-image-preview:large","max-video-preview":"max-video-preview:-1"},"canonical":"https:\/\/www.reseau-entreprendre.org\/picardie\/accompagner\/","og_locale":"fr_FR","og_type":"article","og_title":"Accompagner | Reseau Entreprendre Picardie","og_description":"Vous \u00eates chef d'entreprise et souhaitez accompagner de nouveaux entrepreneurs ? Devenez membre b\u00e9n\u00e9vole de R\u00e9seau Entreprendre Picardie !","og_url":"https:\/\/www.reseau-entreprendre.org\/picardie\/accompagner\/","og_site_name":"R\u00e9seau Entreprendre Picardie","article_modified_time":"2026-03-12T09:26:46+00:00","og_image":[{"width":607,"height":466,"url":"https:\/\/www.reseau-entreprendre.org\/picardie\/wp-content\/uploads\/sites\/54\/2022\/11\/Sengager-2.png","type":"image\/png"}],"twitter_card":"summary_large_image","twitter_misc":{"Dur\u00e9e de lecture estim\u00e9e":"2 minutes"},"schema":{"@context":"https:\/\/schema.org","@graph":[{"@type":"WebPage","@id":"https:\/\/www.reseau-entreprendre.org\/picardie\/accompagner\/","url":"https:\/\/www.reseau-entreprendre.org\/picardie\/accompagner\/","name":"Accompagner | Reseau Entreprendre Picardie","isPartOf":{"@id":"https:\/\/www.reseau-entreprendre.org\/picardie\/#website"},"primaryImageOfPage":{"@id":"https:\/\/www.reseau-entreprendre.org\/picardie\/accompagner\/#primaryimage"},"image":{"@id":"https:\/\/www.reseau-entreprendre.org\/picardie\/accompagner\/#primaryimage"},"thumbnailUrl":"https:\/\/www.reseau-entreprendre.org\/picardie\/wp-content\/uploads\/sites\/54\/2022\/11\/Sengager-2.png","datePublished":"2017-04-28T10:33:47+00:00","dateModified":"2026-03-12T09:26:46+00:00","description":"Vous \u00eates chef d'entreprise et souhaitez accompagner de nouveaux entrepreneurs ? Devenez membre b\u00e9n\u00e9vole de R\u00e9seau Entreprendre Picardie !","breadcrumb":{"@id":"https:\/\/www.reseau-entreprendre.org\/picardie\/accompagner\/#breadcrumb"},"inLanguage":"fr-FR","potentialAction":[{"@type":"ReadAction","target":["https:\/\/www.reseau-entreprendre.org\/picardie\/accompagner\/"]}]},{"@type":"ImageObject","inLanguage":"fr-FR","@id":"https:\/\/www.reseau-entreprendre.org\/picardie\/accompagner\/#primaryimage","url":"https:\/\/www.reseau-entreprendre.org\/picardie\/wp-content\/uploads\/sites\/54\/2022\/11\/Sengager-2.png","contentUrl":"https:\/\/www.reseau-entreprendre.org\/picardie\/wp-content\/uploads\/sites\/54\/2022\/11\/Sengager-2.png","width":607,"height":466},{"@type":"BreadcrumbList","@id":"https:\/\/www.reseau-entreprendre.org\/picardie\/accompagner\/#breadcrumb","itemListElement":[{"@type":"ListItem","position":1,"name":"Accueil","item":"https:\/\/www.reseau-entreprendre.org\/picardie\/"},{"@type":"ListItem","position":2,"name":"Devenir membre"}]},{"@type":"WebSite","@id":"https:\/\/www.reseau-entreprendre.org\/picardie\/#website","url":"https:\/\/www.reseau-entreprendre.org\/picardie\/","name":"R\u00e9seau Entreprendre Picardie","description":"Un site utilisant Les sites de R\u00e9seau Entreprendre","potentialAction":[{"@type":"SearchAction","target":{"@type":"EntryPoint","urlTemplate":"https:\/\/www.reseau-entreprendre.org\/picardie\/?s={search_term_string}"},"query-input":{"@type":"PropertyValueSpecification","valueRequired":true,"valueName":"search_term_string"}}],"inLanguage":"fr-FR"}]}},"_links":{"self":[{"href":"https:\/\/www.reseau-entreprendre.org\/picardie\/wp-json\/wp\/v2\/pages\/15","targetHints":{"allow":["GET"]}}],"collection":[{"href":"https:\/\/www.reseau-entreprendre.org\/picardie\/wp-json\/wp\/v2\/pages"}],"about":[{"href":"https:\/\/www.reseau-entreprendre.org\/picardie\/wp-json\/wp\/v2\/types\/page"}],"author":[{"embeddable":true,"href":"https:\/\/www.reseau-entreprendre.org\/picardie\/wp-json\/wp\/v2\/users\/55"}],"replies":[{"embeddable":true,"href":"https:\/\/www.reseau-entreprendre.org\/picardie\/wp-json\/wp\/v2\/comments?post=15"}],"version-history":[{"count":0,"href":"https:\/\/www.reseau-entreprendre.org\/picardie\/wp-json\/wp\/v2\/pages\/15\/revisions"}],"wp:featuredmedia":[{"embeddable":true,"href":"https:\/\/www.reseau-entreprendre.org\/picardie\/wp-json\/wp\/v2\/media\/2437"}],"wp:attachment":[{"href":"https:\/\/www.reseau-entreprendre.org\/picardie\/wp-json\/wp\/v2\/media?parent=15"}],"curies":[{"name":"wp","href":"https:\/\/api.w.org\/{rel}","templated":true}]}}