{"id":6263,"date":"2021-10-07T14:53:20","date_gmt":"2021-10-07T12:53:20","guid":{"rendered":"https:\/\/re-preprod-entreprendre.fr\/piemonte\/?page_id=6263"},"modified":"2024-05-22T11:38:46","modified_gmt":"2024-05-22T09:38:46","slug":"loro-testimoniano","status":"publish","type":"page","link":"https:\/\/www.reseau-entreprendre.org\/piemonte\/loro-testimoniano\/","title":{"rendered":"Le testimonianze"},"content":{"rendered":"\n<h2 class=\"wp-block-heading\">Storie di successo e testimonianze<\/h2>\n\n\n\n<p>R\u00e9seau Entreprendre \u00e8 una vera fabbrica con storie di successo (qualche esempio di startup internazionale nata con R\u00e9seau: Michel &amp; amp; Augustin, Envie de Fraise, My Little Paris, 727Sailbags, Guest to Guest, Sushi Daily, G\u00e9olid, Good Go\u00fbt, Mano Mano \u2026). Dietro queste grandi storie ci sono gli imprenditori e professionisti volontari, impegnati ad aiutare i neo-imprenditori ad avere successo. Scopri le testimonianze delle nostre startup e dei nostri mentori.<\/p>\n","protected":false},"excerpt":{"rendered":"<p>Storie di successo e testimonianze R\u00e9seau Entreprendre \u00e8 una vera<\/p>\n","protected":false},"author":125,"featured_media":0,"parent":0,"menu_order":0,"comment_status":"closed","ping_status":"closed","template":"views\/testimonials.blade.php","meta":{"_acf_changed":false,"_monsterinsights_skip_tracking":false,"_monsterinsights_sitenote_active":false,"_monsterinsights_sitenote_note":"","_monsterinsights_sitenote_category":0,"footnotes":""},"class_list":["post-6263","page","type-page","status-publish","hentry"],"acf":[],"yoast_head":"<!-- This site is optimized with the Yoast SEO plugin v27.4 - https:\/\/yoast.com\/product\/yoast-seo-wordpress\/ -->\n<title>Le testimonianze - R\u00e9seau Entreprendre Piemonte<\/title>\n<meta name=\"robots\" content=\"index, follow, max-snippet:-1, max-image-preview:large, max-video-preview:-1\" \/>\n<link rel=\"canonical\" href=\"https:\/\/www.reseau-entreprendre.org\/piemonte\/loro-testimoniano\/\" \/>\n<meta property=\"og:locale\" content=\"it_IT\" \/>\n<meta property=\"og:type\" content=\"article\" \/>\n<meta property=\"og:title\" content=\"Le testimonianze - R\u00e9seau Entreprendre Piemonte\" \/>\n<meta property=\"og:description\" content=\"Storie di successo e testimonianze R\u00e9seau Entreprendre \u00e8 una vera\" \/>\n<meta property=\"og:url\" content=\"https:\/\/www.reseau-entreprendre.org\/piemonte\/loro-testimoniano\/\" \/>\n<meta property=\"og:site_name\" content=\"R\u00e9seau Entreprendre Piemonte\" \/>\n<meta property=\"article:publisher\" content=\"https:\/\/www.facebook.com\/RePiemonte\/\" \/>\n<meta property=\"article:modified_time\" content=\"2024-05-22T09:38:46+00:00\" \/>\n<meta name=\"twitter:card\" content=\"summary_large_image\" \/>\n<meta name=\"twitter:site\" content=\"@Re_Piemonte\" \/>\n<meta name=\"twitter:label1\" content=\"Tempo di lettura stimato\" \/>\n\t<meta name=\"twitter:data1\" content=\"1 minuto\" \/>\n<script type=\"application\/ld+json\" class=\"yoast-schema-graph\">{\"@context\":\"https:\\\/\\\/schema.org\",\"@graph\":[{\"@type\":\"WebPage\",\"@id\":\"https:\\\/\\\/www.reseau-entreprendre.org\\\/piemonte\\\/loro-testimoniano\\\/\",\"url\":\"https:\\\/\\\/www.reseau-entreprendre.org\\\/piemonte\\\/loro-testimoniano\\\/\",\"name\":\"Le testimonianze - R\u00e9seau Entreprendre Piemonte\",\"isPartOf\":{\"@id\":\"https:\\\/\\\/www.reseau-entreprendre.org\\\/piemonte\\\/#website\"},\"datePublished\":\"2021-10-07T12:53:20+00:00\",\"dateModified\":\"2024-05-22T09:38:46+00:00\",\"breadcrumb\":{\"@id\":\"https:\\\/\\\/www.reseau-entreprendre.org\\\/piemonte\\\/loro-testimoniano\\\/#breadcrumb\"},\"inLanguage\":\"it-IT\",\"potentialAction\":[{\"@type\":\"ReadAction\",\"target\":[\"https:\\\/\\\/www.reseau-entreprendre.org\\\/piemonte\\\/loro-testimoniano\\\/\"]}]},{\"@type\":\"BreadcrumbList\",\"@id\":\"https:\\\/\\\/www.reseau-entreprendre.org\\\/piemonte\\\/loro-testimoniano\\\/#breadcrumb\",\"itemListElement\":[{\"@type\":\"ListItem\",\"position\":1,\"name\":\"Accueil\",\"item\":\"https:\\\/\\\/www.reseau-entreprendre.org\\\/piemonte\\\/\"},{\"@type\":\"ListItem\",\"position\":2,\"name\":\"Le testimonianze\"}]},{\"@type\":\"WebSite\",\"@id\":\"https:\\\/\\\/www.reseau-entreprendre.org\\\/piemonte\\\/#website\",\"url\":\"https:\\\/\\\/www.reseau-entreprendre.org\\\/piemonte\\\/\",\"name\":\"R\u00e9seau Entreprendre Piemonte\",\"description\":\"Creiamo imprenditori per creare posti di lavoro\",\"publisher\":{\"@id\":\"https:\\\/\\\/www.reseau-entreprendre.org\\\/piemonte\\\/#organization\"},\"potentialAction\":[{\"@type\":\"SearchAction\",\"target\":{\"@type\":\"EntryPoint\",\"urlTemplate\":\"https:\\\/\\\/www.reseau-entreprendre.org\\\/piemonte\\\/?s={search_term_string}\"},\"query-input\":{\"@type\":\"PropertyValueSpecification\",\"valueRequired\":true,\"valueName\":\"search_term_string\"}}],\"inLanguage\":\"it-IT\"},{\"@type\":\"Organization\",\"@id\":\"https:\\\/\\\/www.reseau-entreprendre.org\\\/piemonte\\\/#organization\",\"name\":\"R\u00e9seau Entreprendre Piemonte\",\"url\":\"https:\\\/\\\/www.reseau-entreprendre.org\\\/piemonte\\\/\",\"logo\":{\"@type\":\"ImageObject\",\"inLanguage\":\"it-IT\",\"@id\":\"https:\\\/\\\/www.reseau-entreprendre.org\\\/piemonte\\\/#\\\/schema\\\/logo\\\/image\\\/\",\"url\":\"https:\\\/\\\/www.reseau-entreprendre.org\\\/piemonte\\\/wp-content\\\/uploads\\\/sites\\\/41\\\/2018\\\/02\\\/logo_horizontal_re_couleur_piemonte.png\",\"contentUrl\":\"https:\\\/\\\/www.reseau-entreprendre.org\\\/piemonte\\\/wp-content\\\/uploads\\\/sites\\\/41\\\/2018\\\/02\\\/logo_horizontal_re_couleur_piemonte.png\",\"width\":216,\"height\":56,\"caption\":\"R\u00e9seau Entreprendre Piemonte\"},\"image\":{\"@id\":\"https:\\\/\\\/www.reseau-entreprendre.org\\\/piemonte\\\/#\\\/schema\\\/logo\\\/image\\\/\"},\"sameAs\":[\"https:\\\/\\\/www.facebook.com\\\/RePiemonte\\\/\",\"https:\\\/\\\/x.com\\\/Re_Piemonte\",\"https:\\\/\\\/www.linkedin.com\\\/showcase\\\/reseauentreprendrepiemonte\"]}]}<\/script>\n<!-- \/ Yoast SEO plugin. -->","yoast_head_json":{"title":"Le testimonianze - R\u00e9seau Entreprendre Piemonte","robots":{"index":"index","follow":"follow","max-snippet":"max-snippet:-1","max-image-preview":"max-image-preview:large","max-video-preview":"max-video-preview:-1"},"canonical":"https:\/\/www.reseau-entreprendre.org\/piemonte\/loro-testimoniano\/","og_locale":"it_IT","og_type":"article","og_title":"Le testimonianze - R\u00e9seau Entreprendre Piemonte","og_description":"Storie di successo e testimonianze R\u00e9seau Entreprendre \u00e8 una vera","og_url":"https:\/\/www.reseau-entreprendre.org\/piemonte\/loro-testimoniano\/","og_site_name":"R\u00e9seau Entreprendre Piemonte","article_publisher":"https:\/\/www.facebook.com\/RePiemonte\/","article_modified_time":"2024-05-22T09:38:46+00:00","twitter_card":"summary_large_image","twitter_site":"@Re_Piemonte","twitter_misc":{"Tempo di lettura stimato":"1 minuto"},"schema":{"@context":"https:\/\/schema.org","@graph":[{"@type":"WebPage","@id":"https:\/\/www.reseau-entreprendre.org\/piemonte\/loro-testimoniano\/","url":"https:\/\/www.reseau-entreprendre.org\/piemonte\/loro-testimoniano\/","name":"Le testimonianze - R\u00e9seau Entreprendre Piemonte","isPartOf":{"@id":"https:\/\/www.reseau-entreprendre.org\/piemonte\/#website"},"datePublished":"2021-10-07T12:53:20+00:00","dateModified":"2024-05-22T09:38:46+00:00","breadcrumb":{"@id":"https:\/\/www.reseau-entreprendre.org\/piemonte\/loro-testimoniano\/#breadcrumb"},"inLanguage":"it-IT","potentialAction":[{"@type":"ReadAction","target":["https:\/\/www.reseau-entreprendre.org\/piemonte\/loro-testimoniano\/"]}]},{"@type":"BreadcrumbList","@id":"https:\/\/www.reseau-entreprendre.org\/piemonte\/loro-testimoniano\/#breadcrumb","itemListElement":[{"@type":"ListItem","position":1,"name":"Accueil","item":"https:\/\/www.reseau-entreprendre.org\/piemonte\/"},{"@type":"ListItem","position":2,"name":"Le testimonianze"}]},{"@type":"WebSite","@id":"https:\/\/www.reseau-entreprendre.org\/piemonte\/#website","url":"https:\/\/www.reseau-entreprendre.org\/piemonte\/","name":"R\u00e9seau Entreprendre Piemonte","description":"Creiamo imprenditori per creare posti di lavoro","publisher":{"@id":"https:\/\/www.reseau-entreprendre.org\/piemonte\/#organization"},"potentialAction":[{"@type":"SearchAction","target":{"@type":"EntryPoint","urlTemplate":"https:\/\/www.reseau-entreprendre.org\/piemonte\/?s={search_term_string}"},"query-input":{"@type":"PropertyValueSpecification","valueRequired":true,"valueName":"search_term_string"}}],"inLanguage":"it-IT"},{"@type":"Organization","@id":"https:\/\/www.reseau-entreprendre.org\/piemonte\/#organization","name":"R\u00e9seau Entreprendre Piemonte","url":"https:\/\/www.reseau-entreprendre.org\/piemonte\/","logo":{"@type":"ImageObject","inLanguage":"it-IT","@id":"https:\/\/www.reseau-entreprendre.org\/piemonte\/#\/schema\/logo\/image\/","url":"https:\/\/www.reseau-entreprendre.org\/piemonte\/wp-content\/uploads\/sites\/41\/2018\/02\/logo_horizontal_re_couleur_piemonte.png","contentUrl":"https:\/\/www.reseau-entreprendre.org\/piemonte\/wp-content\/uploads\/sites\/41\/2018\/02\/logo_horizontal_re_couleur_piemonte.png","width":216,"height":56,"caption":"R\u00e9seau Entreprendre Piemonte"},"image":{"@id":"https:\/\/www.reseau-entreprendre.org\/piemonte\/#\/schema\/logo\/image\/"},"sameAs":["https:\/\/www.facebook.com\/RePiemonte\/","https:\/\/x.com\/Re_Piemonte","https:\/\/www.linkedin.com\/showcase\/reseauentreprendrepiemonte"]}]}},"_links":{"self":[{"href":"https:\/\/www.reseau-entreprendre.org\/piemonte\/wp-json\/wp\/v2\/pages\/6263","targetHints":{"allow":["GET"]}}],"collection":[{"href":"https:\/\/www.reseau-entreprendre.org\/piemonte\/wp-json\/wp\/v2\/pages"}],"about":[{"href":"https:\/\/www.reseau-entreprendre.org\/piemonte\/wp-json\/wp\/v2\/types\/page"}],"author":[{"embeddable":true,"href":"https:\/\/www.reseau-entreprendre.org\/piemonte\/wp-json\/wp\/v2\/users\/125"}],"replies":[{"embeddable":true,"href":"https:\/\/www.reseau-entreprendre.org\/piemonte\/wp-json\/wp\/v2\/comments?post=6263"}],"version-history":[{"count":0,"href":"https:\/\/www.reseau-entreprendre.org\/piemonte\/wp-json\/wp\/v2\/pages\/6263\/revisions"}],"wp:attachment":[{"href":"https:\/\/www.reseau-entreprendre.org\/piemonte\/wp-json\/wp\/v2\/media?parent=6263"}],"curies":[{"name":"wp","href":"https:\/\/api.w.org\/{rel}","templated":true}]}}