{"id":17,"date":"2017-04-28T12:34:01","date_gmt":"2017-04-28T10:34:01","guid":{"rendered":"https:\/\/www.reseau-entreprendre.org\/poitou-charentes\/?page_id=17"},"modified":"2021-12-31T13:45:31","modified_gmt":"2021-12-31T12:45:31","slug":"soutenir","status":"publish","type":"page","link":"https:\/\/www.reseau-entreprendre.org\/poitou-charentes\/soutenir\/","title":{"rendered":"Soutenir"},"content":{"rendered":"\n<div class=\"wp-block-group\"><div class=\"wp-block-group__inner-container is-layout-flow wp-block-group-is-layout-flow\">\n<p>Nos entrepreneurs ont besoin d\u2019\u00eatre accompagn\u00e9s et soutenus pour r\u00e9ussir.<\/p>\n\n\n\n<p class=\"has-text-color\" style=\"color:#000000\">Pour mener \u00e0 bien notre mission d\u2019int\u00e9r\u00eat g\u00e9n\u00e9ral, nous nous appuyons sur de nombreux partenaires, principalement priv\u00e9s mais \u00e9galement public. Nous sommes tous engag\u00e9s pour la r\u00e9ussite des entrepreneurs de demain. Cet \u00e9cosyst\u00e8me solide et diversifi\u00e9 nous permet, chez&nbsp;<a href=\"https:\/\/www.reseau-entreprendre.org\/fr\/qui-sommes-nous\/\"><strong>R\u00e9seau Entreprendre<\/strong><\/a>, de r\u00e9pondre au plus pr\u00e8s \u00e0 leurs besoins, tout en renfor\u00e7ant notre maillage territorial.<\/p>\n\n\n\n<p>Vous avez un r\u00f4le primordial \u00e0 jouer pour soutenir les PME et ETI. Elles dynamisent nos territoires, et participent pleinement \u00e0 l\u2019essor \u00e9conomique, en France et \u00e0 l\u2019international.<\/p>\n\n\n\n<div style=\"height:32px\" aria-hidden=\"true\" class=\"wp-block-spacer\"><\/div>\n\n\n\n<div class=\"wp-block-columns is-layout-flex wp-container-core-columns-is-layout-9d6595d7 wp-block-columns-is-layout-flex\">\n<div class=\"wp-block-column is-layout-flow wp-block-column-is-layout-flow\" style=\"flex-basis:66.66%\">\n<h5 class=\"wp-block-heading\"><span class=\"has-inline-color has-re-red-color\">POURQUOI VOUS ENGAGER \u00c0 NOS C\u00d4T\u00c9 ?<\/span><\/h5>\n\n\n\n<div style=\"height:14px\" aria-hidden=\"true\" class=\"wp-block-spacer\"><\/div>\n\n\n\n<ul class=\"wp-block-list\"><li>Soutenez la&nbsp;<strong>cr\u00e9ation d\u2019emplois<\/strong>&nbsp;durables dans les territoires.<\/li><li>Associez directement votre image \u00e0 la vie de nos territoires.<\/li><li>Accompagnez la&nbsp;<strong>cr\u00e9ation<\/strong>&nbsp;et la&nbsp;<strong>croissance d\u2019entreprises \u00e0 impact<\/strong>, respectueuses des enjeux de d\u00e9veloppement durable de l\u2019ONU (sociaux, environnementaux, \u00e9galit\u00e9 hommes-femmes\u2026).\u200b\u200b\u200b<\/li><li>Favorisez les valeurs de&nbsp;<strong>partage<\/strong>&nbsp;et de g\u00e9n\u00e9rosit\u00e9.\u200b<\/li><\/ul>\n\n\n\n<div style=\"height:21px\" aria-hidden=\"true\" class=\"wp-block-spacer\"><\/div>\n\n\n\n<h5 class=\"wp-block-heading\"><span class=\"has-inline-color has-re-red-color\">EN SOUTENANT R\u00c9SEAU ENTREPRENDRE, VOUS&#8230;<\/span><\/h5>\n\n\n\n<div style=\"height:23px\" aria-hidden=\"true\" class=\"wp-block-spacer\"><\/div>\n\n\n\n<ul class=\"wp-block-list\"><li>Encouragez&nbsp;<a href=\"https:\/\/www.reseau-entreprendre.org\/fr\/soutenir\/#france\"><span class=\"has-inline-color has-re-red-color\">le made in France\u200b<\/span><\/a><\/li><li>Soutenez la transition&nbsp;<a href=\"https:\/\/www.reseau-entreprendre.org\/fr\/soutenir\/#transition\"><span class=\"has-inline-color has-re-red-color\">\u00e9cologique et soci\u00e9tale\u200b<\/span><\/a>\u200b<\/li><li>Contribuez \u00e0 la&nbsp;<a href=\"https:\/\/www.reseau-entreprendre.org\/fr\/soutenir\/#revitalisation\"><span class=\"has-inline-color has-re-red-color\">revitalisation<\/span><\/a>&nbsp;\u00e9conomique<\/li><\/ul>\n<\/div>\n\n\n\n<div class=\"wp-block-column is-layout-flow wp-block-column-is-layout-flow\" style=\"flex-basis:33.33%\">\n<div style=\"height:51px\" aria-hidden=\"true\" class=\"wp-block-spacer\"><\/div>\n\n\n\n<div class=\"wp-block-image is-style-default\"><figure class=\"aligncenter size-full is-resized\"><img loading=\"lazy\" decoding=\"async\" src=\"https:\/\/www.reseau-entreprendre.org\/poitou-charentes\/wp-content\/uploads\/sites\/63\/2021\/12\/soutenir-illust2.png\" alt=\"\" class=\"wp-image-8744\" width=\"346\" height=\"363\" srcset=\"https:\/\/www.reseau-entreprendre.org\/poitou-charentes\/wp-content\/uploads\/sites\/63\/2021\/12\/soutenir-illust2.png 429w, https:\/\/www.reseau-entreprendre.org\/poitou-charentes\/wp-content\/uploads\/sites\/63\/2021\/12\/soutenir-illust2-286x300.png 286w, https:\/\/www.reseau-entreprendre.org\/poitou-charentes\/wp-content\/uploads\/sites\/63\/2021\/12\/soutenir-illust2-124x130.png 124w\" sizes=\"auto, (max-width: 346px) 100vw, 346px\" \/><\/figure><\/div>\n<\/div>\n<\/div>\n\n\n\n<div style=\"height:26px\" aria-hidden=\"true\" class=\"wp-block-spacer\"><\/div>\n<\/div><\/div>\n\n\n\n<div class=\"wp-block-group\"><div class=\"wp-block-group__inner-container is-layout-flow wp-block-group-is-layout-flow\">\n<hr class=\"wp-block-separator\"\/>\n\n\n\n<div style=\"height:39px\" aria-hidden=\"true\" class=\"wp-block-spacer\"><\/div>\n\n\n\n<h2 class=\"has-text-align-center wp-block-heading\">ILS NOUS SOUTIENNENT POUR ACCOMPAGNER<\/h2>\n\n\n<div data-block_61cef87590f53 class=\"re-partners align\">\n  <\/div>\n\n\n\n<h2 class=\"has-text-align-center wp-block-heading\"><strong><strong><span class=\"has-inline-color has-re-red-color\">la r\u00e9ussite des entreprises de demain<\/span><\/strong><\/strong><\/h2>\n\n\n\n<div style=\"height:47px\" aria-hidden=\"true\" class=\"wp-block-spacer\"><\/div>\n\n\n<div data-block_61cef88f90f54 class=\"re-partners-home align\">\n  \n  <\/div>\n\n\n\n<div style=\"height:34px\" aria-hidden=\"true\" class=\"wp-block-spacer\"><\/div>\n<\/div><\/div>\n\n\n\n<div class=\"wp-block-group\"><div class=\"wp-block-group__inner-container is-layout-flow wp-block-group-is-layout-flow\">\n<hr class=\"wp-block-separator\"\/>\n\n\n\n<div style=\"height:44px\" aria-hidden=\"true\" class=\"wp-block-spacer\"><\/div>\n<\/div><\/div>\n","protected":false},"excerpt":{"rendered":"<p>Nos entrepreneurs ont besoin d\u2019\u00eatre accompagn\u00e9s et soutenus pour r\u00e9ussir.<\/p>\n","protected":false},"author":64,"featured_media":0,"parent":0,"menu_order":0,"comment_status":"closed","ping_status":"closed","template":"","meta":{"_acf_changed":false,"_monsterinsights_skip_tracking":false,"_monsterinsights_sitenote_active":false,"_monsterinsights_sitenote_note":"","_monsterinsights_sitenote_category":0,"footnotes":""},"class_list":["post-17","page","type-page","status-publish","hentry"],"acf":[],"yoast_head":"<!-- This site is optimized with the Yoast SEO plugin v27.4 - https:\/\/yoast.com\/product\/yoast-seo-wordpress\/ -->\n<title>Soutenir | Reseau Entreprendre Poitou-Charentes<\/title>\n<meta name=\"description\" content=\"Partenaire, vous souhaitez soutenir un r\u00e9seau 100% chefs d&#039;entreprise ? Rejoignez R\u00e9seau Entreprendre Poitou-Charentes\" \/>\n<meta name=\"robots\" content=\"index, follow, max-snippet:-1, max-image-preview:large, max-video-preview:-1\" \/>\n<link rel=\"canonical\" href=\"https:\/\/www.reseau-entreprendre.org\/poitou-charentes\/soutenir\/\" \/>\n<meta property=\"og:locale\" content=\"fr_FR\" \/>\n<meta property=\"og:type\" content=\"article\" \/>\n<meta property=\"og:title\" content=\"Soutenir | Reseau Entreprendre Poitou-Charentes\" \/>\n<meta property=\"og:description\" content=\"Partenaire, vous souhaitez soutenir un r\u00e9seau 100% chefs d&#039;entreprise ? Rejoignez R\u00e9seau Entreprendre Poitou-Charentes\" \/>\n<meta property=\"og:url\" content=\"https:\/\/www.reseau-entreprendre.org\/poitou-charentes\/soutenir\/\" \/>\n<meta property=\"og:site_name\" content=\"R\u00e9seau Entreprendre Poitou-Charentes\" \/>\n<meta property=\"article:modified_time\" content=\"2021-12-31T12:45:31+00:00\" \/>\n<meta property=\"og:image\" content=\"https:\/\/www.reseau-entreprendre.org\/poitou-charentes\/wp-content\/uploads\/sites\/63\/2021\/12\/soutenir-illust2.png\" \/>\n<meta name=\"twitter:card\" content=\"summary_large_image\" \/>\n<meta name=\"twitter:label1\" content=\"Dur\u00e9e de lecture estim\u00e9e\" \/>\n\t<meta name=\"twitter:data1\" content=\"1 minute\" \/>\n<script type=\"application\/ld+json\" class=\"yoast-schema-graph\">{\"@context\":\"https:\\\/\\\/schema.org\",\"@graph\":[{\"@type\":\"WebPage\",\"@id\":\"https:\\\/\\\/www.reseau-entreprendre.org\\\/poitou-charentes\\\/soutenir\\\/\",\"url\":\"https:\\\/\\\/www.reseau-entreprendre.org\\\/poitou-charentes\\\/soutenir\\\/\",\"name\":\"Soutenir | Reseau Entreprendre Poitou-Charentes\",\"isPartOf\":{\"@id\":\"https:\\\/\\\/www.reseau-entreprendre.org\\\/poitou-charentes\\\/#website\"},\"primaryImageOfPage\":{\"@id\":\"https:\\\/\\\/www.reseau-entreprendre.org\\\/poitou-charentes\\\/soutenir\\\/#primaryimage\"},\"image\":{\"@id\":\"https:\\\/\\\/www.reseau-entreprendre.org\\\/poitou-charentes\\\/soutenir\\\/#primaryimage\"},\"thumbnailUrl\":\"https:\\\/\\\/www.reseau-entreprendre.org\\\/poitou-charentes\\\/wp-content\\\/uploads\\\/sites\\\/63\\\/2021\\\/12\\\/soutenir-illust2.png\",\"datePublished\":\"2017-04-28T10:34:01+00:00\",\"dateModified\":\"2021-12-31T12:45:31+00:00\",\"description\":\"Partenaire, vous souhaitez soutenir un r\u00e9seau 100% chefs d'entreprise ? Rejoignez R\u00e9seau Entreprendre Poitou-Charentes\",\"breadcrumb\":{\"@id\":\"https:\\\/\\\/www.reseau-entreprendre.org\\\/poitou-charentes\\\/soutenir\\\/#breadcrumb\"},\"inLanguage\":\"fr-FR\",\"potentialAction\":[{\"@type\":\"ReadAction\",\"target\":[\"https:\\\/\\\/www.reseau-entreprendre.org\\\/poitou-charentes\\\/soutenir\\\/\"]}]},{\"@type\":\"ImageObject\",\"inLanguage\":\"fr-FR\",\"@id\":\"https:\\\/\\\/www.reseau-entreprendre.org\\\/poitou-charentes\\\/soutenir\\\/#primaryimage\",\"url\":\"https:\\\/\\\/www.reseau-entreprendre.org\\\/poitou-charentes\\\/wp-content\\\/uploads\\\/sites\\\/63\\\/2021\\\/12\\\/soutenir-illust2.png\",\"contentUrl\":\"https:\\\/\\\/www.reseau-entreprendre.org\\\/poitou-charentes\\\/wp-content\\\/uploads\\\/sites\\\/63\\\/2021\\\/12\\\/soutenir-illust2.png\",\"width\":429,\"height\":450},{\"@type\":\"BreadcrumbList\",\"@id\":\"https:\\\/\\\/www.reseau-entreprendre.org\\\/poitou-charentes\\\/soutenir\\\/#breadcrumb\",\"itemListElement\":[{\"@type\":\"ListItem\",\"position\":1,\"name\":\"Accueil\",\"item\":\"https:\\\/\\\/www.reseau-entreprendre.org\\\/poitou-charentes\\\/\"},{\"@type\":\"ListItem\",\"position\":2,\"name\":\"Soutenir\"}]},{\"@type\":\"WebSite\",\"@id\":\"https:\\\/\\\/www.reseau-entreprendre.org\\\/poitou-charentes\\\/#website\",\"url\":\"https:\\\/\\\/www.reseau-entreprendre.org\\\/poitou-charentes\\\/\",\"name\":\"R\u00e9seau Entreprendre Poitou-Charentes\",\"description\":\"Un site utilisant Les sites de R\u00e9seau Entreprendre\",\"potentialAction\":[{\"@type\":\"SearchAction\",\"target\":{\"@type\":\"EntryPoint\",\"urlTemplate\":\"https:\\\/\\\/www.reseau-entreprendre.org\\\/poitou-charentes\\\/?s={search_term_string}\"},\"query-input\":{\"@type\":\"PropertyValueSpecification\",\"valueRequired\":true,\"valueName\":\"search_term_string\"}}],\"inLanguage\":\"fr-FR\"}]}<\/script>\n<!-- \/ Yoast SEO plugin. -->","yoast_head_json":{"title":"Soutenir | Reseau Entreprendre Poitou-Charentes","description":"Partenaire, vous souhaitez soutenir un r\u00e9seau 100% chefs d'entreprise ? Rejoignez R\u00e9seau Entreprendre Poitou-Charentes","robots":{"index":"index","follow":"follow","max-snippet":"max-snippet:-1","max-image-preview":"max-image-preview:large","max-video-preview":"max-video-preview:-1"},"canonical":"https:\/\/www.reseau-entreprendre.org\/poitou-charentes\/soutenir\/","og_locale":"fr_FR","og_type":"article","og_title":"Soutenir | Reseau Entreprendre Poitou-Charentes","og_description":"Partenaire, vous souhaitez soutenir un r\u00e9seau 100% chefs d'entreprise ? Rejoignez R\u00e9seau Entreprendre Poitou-Charentes","og_url":"https:\/\/www.reseau-entreprendre.org\/poitou-charentes\/soutenir\/","og_site_name":"R\u00e9seau Entreprendre Poitou-Charentes","article_modified_time":"2021-12-31T12:45:31+00:00","og_image":[{"url":"https:\/\/www.reseau-entreprendre.org\/poitou-charentes\/wp-content\/uploads\/sites\/63\/2021\/12\/soutenir-illust2.png","type":"","width":"","height":""}],"twitter_card":"summary_large_image","twitter_misc":{"Dur\u00e9e de lecture estim\u00e9e":"1 minute"},"schema":{"@context":"https:\/\/schema.org","@graph":[{"@type":"WebPage","@id":"https:\/\/www.reseau-entreprendre.org\/poitou-charentes\/soutenir\/","url":"https:\/\/www.reseau-entreprendre.org\/poitou-charentes\/soutenir\/","name":"Soutenir | Reseau Entreprendre Poitou-Charentes","isPartOf":{"@id":"https:\/\/www.reseau-entreprendre.org\/poitou-charentes\/#website"},"primaryImageOfPage":{"@id":"https:\/\/www.reseau-entreprendre.org\/poitou-charentes\/soutenir\/#primaryimage"},"image":{"@id":"https:\/\/www.reseau-entreprendre.org\/poitou-charentes\/soutenir\/#primaryimage"},"thumbnailUrl":"https:\/\/www.reseau-entreprendre.org\/poitou-charentes\/wp-content\/uploads\/sites\/63\/2021\/12\/soutenir-illust2.png","datePublished":"2017-04-28T10:34:01+00:00","dateModified":"2021-12-31T12:45:31+00:00","description":"Partenaire, vous souhaitez soutenir un r\u00e9seau 100% chefs d'entreprise ? Rejoignez R\u00e9seau Entreprendre Poitou-Charentes","breadcrumb":{"@id":"https:\/\/www.reseau-entreprendre.org\/poitou-charentes\/soutenir\/#breadcrumb"},"inLanguage":"fr-FR","potentialAction":[{"@type":"ReadAction","target":["https:\/\/www.reseau-entreprendre.org\/poitou-charentes\/soutenir\/"]}]},{"@type":"ImageObject","inLanguage":"fr-FR","@id":"https:\/\/www.reseau-entreprendre.org\/poitou-charentes\/soutenir\/#primaryimage","url":"https:\/\/www.reseau-entreprendre.org\/poitou-charentes\/wp-content\/uploads\/sites\/63\/2021\/12\/soutenir-illust2.png","contentUrl":"https:\/\/www.reseau-entreprendre.org\/poitou-charentes\/wp-content\/uploads\/sites\/63\/2021\/12\/soutenir-illust2.png","width":429,"height":450},{"@type":"BreadcrumbList","@id":"https:\/\/www.reseau-entreprendre.org\/poitou-charentes\/soutenir\/#breadcrumb","itemListElement":[{"@type":"ListItem","position":1,"name":"Accueil","item":"https:\/\/www.reseau-entreprendre.org\/poitou-charentes\/"},{"@type":"ListItem","position":2,"name":"Soutenir"}]},{"@type":"WebSite","@id":"https:\/\/www.reseau-entreprendre.org\/poitou-charentes\/#website","url":"https:\/\/www.reseau-entreprendre.org\/poitou-charentes\/","name":"R\u00e9seau Entreprendre Poitou-Charentes","description":"Un site utilisant Les sites de R\u00e9seau Entreprendre","potentialAction":[{"@type":"SearchAction","target":{"@type":"EntryPoint","urlTemplate":"https:\/\/www.reseau-entreprendre.org\/poitou-charentes\/?s={search_term_string}"},"query-input":{"@type":"PropertyValueSpecification","valueRequired":true,"valueName":"search_term_string"}}],"inLanguage":"fr-FR"}]}},"_links":{"self":[{"href":"https:\/\/www.reseau-entreprendre.org\/poitou-charentes\/wp-json\/wp\/v2\/pages\/17","targetHints":{"allow":["GET"]}}],"collection":[{"href":"https:\/\/www.reseau-entreprendre.org\/poitou-charentes\/wp-json\/wp\/v2\/pages"}],"about":[{"href":"https:\/\/www.reseau-entreprendre.org\/poitou-charentes\/wp-json\/wp\/v2\/types\/page"}],"author":[{"embeddable":true,"href":"https:\/\/www.reseau-entreprendre.org\/poitou-charentes\/wp-json\/wp\/v2\/users\/64"}],"replies":[{"embeddable":true,"href":"https:\/\/www.reseau-entreprendre.org\/poitou-charentes\/wp-json\/wp\/v2\/comments?post=17"}],"version-history":[{"count":0,"href":"https:\/\/www.reseau-entreprendre.org\/poitou-charentes\/wp-json\/wp\/v2\/pages\/17\/revisions"}],"wp:attachment":[{"href":"https:\/\/www.reseau-entreprendre.org\/poitou-charentes\/wp-json\/wp\/v2\/media?parent=17"}],"curies":[{"name":"wp","href":"https:\/\/api.w.org\/{rel}","templated":true}]}}