{"id":8666,"date":"2021-12-31T11:01:03","date_gmt":"2021-12-31T10:01:03","guid":{"rendered":"https:\/\/www.reseau-entreprendre.org\/poitou-charentes\/?page_id=8666"},"modified":"2026-03-12T11:54:54","modified_gmt":"2026-03-12T10:54:54","slug":"accompagner","status":"publish","type":"page","link":"https:\/\/www.reseau-entreprendre.org\/poitou-charentes\/accompagner\/","title":{"rendered":"Accompagner"},"content":{"rendered":"\n<p>L\u2019engagement de nos membres est aliment\u00e9 par leur passion de l\u2019entrepreneuriat et leur envie de la transmettre leur savoir \u00e0 de nouveaux entrepreneurs dans un esprit de citoyennet\u00e9 \u00e9conomique. Dirigeants d\u2019entreprise exp\u00e9riment\u00e9s ou experts, nos membres sont des&nbsp;<strong><span class=\"has-inline-color has-re-blue-color\">b\u00e9n\u00e9voles<\/span><\/strong>&nbsp;qui proposent de donner de leur temps pour aider de futurs entrepreneurs \u00e0 grandir dans leur projet.<\/p>\n\n\n\n<div style=\"height:32px\" aria-hidden=\"true\" class=\"wp-block-spacer\"><\/div>\n\n\n\n<h5 class=\"wp-block-heading\"><span class=\"has-inline-color has-re-blue-color\">CHEFS D&#8217;ENTREPRISE, POURQUOI NOUS REJOINDRE ?<\/span><\/h5>\n\n\n\n<ul class=\"wp-block-list\">\n<li>Contribuez au d\u00e9veloppement \u00e9conomique local en favorisant la p\u00e9rennit\u00e9 des entreprises et la cr\u00e9ation d\u2019emplois sur le territoire poitou-charentais,<\/li>\n\n\n\n<li>Animez, t\u00e9moignez et transmettez votre passion d\u2019entreprendre,<\/li>\n\n\n\n<li>Grandissez au contact de cr\u00e9ateurs, repreneurs et d\u00e9veloppeurs d\u2019entreprise,<\/li>\n\n\n\n<li>\u00c9changez avec vos pairs et profitez d\u2019un r\u00e9seau de plus de 14 000 chefs d\u2019entreprise partageant les m\u00eames valeurs.<\/li>\n<\/ul>\n\n\n\n<div style=\"height:43px\" aria-hidden=\"true\" class=\"wp-block-spacer\"><\/div>\n\n\n\n<hr class=\"wp-block-separator has-css-opacity\" \/>\n\n\n\n<div style=\"height:43px\" aria-hidden=\"true\" class=\"wp-block-spacer\"><\/div>\n\n\n\n<div class=\"wp-block-group\"><div class=\"wp-block-group__inner-container is-layout-flow wp-block-group-is-layout-flow\">\n<h2 class=\"wp-block-heading has-text-align-center\"><strong><span class=\"has-inline-color has-re-blue-color\">Un engagement \u00e0 la carte<\/span><\/strong><\/h2>\n\n\n\n<div style=\"height:39px\" aria-hidden=\"true\" class=\"wp-block-spacer\"><\/div>\n\n\n\n<div class=\"wp-block-group has-background\" style=\"background-color:#ededed\"><div class=\"wp-block-group__inner-container is-layout-flow wp-block-group-is-layout-flow\">\n<div class=\"wp-block-columns is-layout-flex wp-container-core-columns-is-layout-9d6595d7 wp-block-columns-is-layout-flex\">\n<div class=\"wp-block-column is-layout-flow wp-block-column-is-layout-flow\">\n<div style=\"height:62px\" aria-hidden=\"true\" class=\"wp-block-spacer\"><\/div>\n\n\n\n<h4 class=\"wp-block-heading has-text-align-center\"><span class=\"has-inline-color has-re-blue-color\"><strong>Valider et enrichir<\/strong><\/span> <span class=\"has-inline-color has-re-yellow-color\"><strong>un projet<\/strong><\/span><\/h4>\n\n\n\n<p class=\"has-text-align-center\">En aidant \u00e0 la construction du business plan<\/p>\n<\/div>\n\n\n\n<div class=\"wp-block-column is-layout-flow wp-block-column-is-layout-flow\">\n<div style=\"height:63px\" aria-hidden=\"true\" class=\"wp-block-spacer\"><\/div>\n\n\n\n<h4 class=\"wp-block-heading has-text-align-center\"><strong><strong><span class=\"has-inline-color has-re-blue-color\">Participer<\/span> <span class=\"has-inline-color has-re-yellow-color\">aux d\u00e9cisions<\/span><\/strong><\/strong><\/h4>\n\n\n\n<p class=\"has-text-align-center\">En votant lors d\u2019un comit\u00e9 d\u2019engagement<\/p>\n<\/div>\n<\/div>\n\n\n\n<div class=\"wp-block-columns is-layout-flex wp-container-core-columns-is-layout-9d6595d7 wp-block-columns-is-layout-flex\">\n<div class=\"wp-block-column is-layout-flow wp-block-column-is-layout-flow\">\n<h4 class=\"wp-block-heading has-text-align-center\"><strong><strong><span class=\"has-inline-color has-re-blue-color\">Accompagner <\/span><span class=\"has-inline-color has-re-yellow-color\">un laur\u00e9at<\/span><\/strong><\/strong><\/h4>\n\n\n\n<p class=\"has-text-align-center\">En devenant accompagnateur un laur\u00e9at<\/p>\n<\/div>\n\n\n\n<div class=\"wp-block-column is-layout-flow wp-block-column-is-layout-flow\">\n<h4 class=\"wp-block-heading has-text-align-center\"><strong><span class=\"has-inline-color has-re-blue-color\">Partager<\/span> <span class=\"has-inline-color has-re-yellow-color\">une exp\u00e9rience<\/span><\/strong><\/h4>\n\n\n\n<p class=\"has-text-align-center\">En intervenant en club ou en participant aux groupes de travail et aux groupes d\u2019aide \u00e0 la d\u00e9cision<\/p>\n<\/div>\n<\/div>\n\n\n\n<div style=\"height:22px\" aria-hidden=\"true\" class=\"wp-block-spacer\"><\/div>\n<\/div><\/div>\n\n\n\n<div style=\"height:42px\" aria-hidden=\"true\" class=\"wp-block-spacer\"><\/div>\n\n\n\n<div class=\"wp-block-buttons is-horizontal is-content-justification-center is-layout-flex wp-container-core-buttons-is-layout-499968f5 wp-block-buttons-is-layout-flex\">\n<div class=\"wp-block-button\"><a class=\"wp-block-button__link wp-element-button\" href=\"https:\/\/www.reseau-entreprendre.org\/poitou-charentes\/formulaire-benevole\/\">Rejoingnez-nous<\/a><\/div>\n<\/div>\n<\/div><\/div>\n\n\n\n<hr class=\"wp-block-separator has-css-opacity\" \/>\n\n\n\n<div class=\"wp-block-group\"><div class=\"wp-block-group__inner-container is-layout-flow wp-block-group-is-layout-flow\">\n<div style=\"height:41px\" aria-hidden=\"true\" class=\"wp-block-spacer\"><\/div>\n\n\n\n<h2 class=\"wp-block-heading has-text-align-center has-re-blue-color has-text-color\"><strong>Ils sont membres<\/strong><\/h2>\n\n\n\n<div style=\"height:36px\" aria-hidden=\"true\" class=\"wp-block-spacer\"><\/div>\n\n\n\n<div class=\"wp-block-columns is-layout-flex wp-container-core-columns-is-layout-9d6595d7 wp-block-columns-is-layout-flex\">\n<div class=\"wp-block-column is-layout-flow wp-block-column-is-layout-flow\"><\/div>\n\n\n\n<div class=\"wp-block-column is-layout-flow wp-block-column-is-layout-flow\"><\/div>\n\n\n\n<div class=\"wp-block-column is-layout-flow wp-block-column-is-layout-flow\"><\/div>\n\n\n\n<div class=\"wp-block-column is-layout-flow wp-block-column-is-layout-flow\"><\/div>\n\n\n\n<div class=\"wp-block-column is-layout-flow wp-block-column-is-layout-flow\"><\/div>\n<\/div>\n\n\n\n<!--more-->\n\n\n\n<div style=\"height:43px\" aria-hidden=\"true\" class=\"wp-block-spacer\"><\/div>\n<\/div><\/div>\n\n\n\n<hr class=\"wp-block-separator has-css-opacity\" \/>\n\n\n\n<div class=\"wp-block-group\"><div class=\"wp-block-group__inner-container is-layout-flow wp-block-group-is-layout-flow\">\n<div style=\"height:42px\" aria-hidden=\"true\" class=\"wp-block-spacer\"><\/div>\n\n\n\n<p class=\"has-text-align-center\">Vous voulez vous engager pour faire r\u00e9ussir de nouveaux entrepreneurs ?<\/p>\n\n\n\n<div style=\"height:24px\" aria-hidden=\"true\" class=\"wp-block-spacer\"><\/div>\n\n\n\n<div class=\"wp-block-buttons is-horizontal is-content-justification-center is-layout-flex wp-container-core-buttons-is-layout-499968f5 wp-block-buttons-is-layout-flex\">\n<div class=\"wp-block-button\"><a class=\"wp-block-button__link has-re-blue-background-color has-text-color has-background wp-element-button\" style=\"border-radius:11px;color:#ffffff\">Rejoignez-nous<\/a><\/div>\n<\/div>\n<\/div><\/div>\n\n\n\n<p><\/p>\n","protected":false},"excerpt":{"rendered":"<p>L\u2019engagement de nos membres est aliment\u00e9 par leur passion de<\/p>\n","protected":false},"author":64,"featured_media":0,"parent":0,"menu_order":0,"comment_status":"closed","ping_status":"closed","template":"","meta":{"_acf_changed":false,"_monsterinsights_skip_tracking":false,"_monsterinsights_sitenote_active":false,"_monsterinsights_sitenote_note":"","_monsterinsights_sitenote_category":0,"footnotes":""},"class_list":["post-8666","page","type-page","status-publish","hentry"],"acf":[],"yoast_head":"<!-- This site is optimized with the Yoast SEO plugin v27.4 - https:\/\/yoast.com\/product\/yoast-seo-wordpress\/ -->\n<title>Accompagner | Reseau\u00ae Entreprendre Poitou-Charentes<\/title>\n<meta name=\"description\" content=\"Vous \u00eates chef d&#039;entreprise et souhaitez accompagner de nouveaux entrepreneurs ? Devenez membre b\u00e9n\u00e9vole de R\u00e9seau Entreprendre\u00ae Poitou-Charentes !\" \/>\n<meta name=\"robots\" content=\"index, follow, max-snippet:-1, max-image-preview:large, max-video-preview:-1\" \/>\n<link rel=\"canonical\" href=\"https:\/\/www.reseau-entreprendre.org\/poitou-charentes\/accompagner\/\" \/>\n<meta property=\"og:locale\" content=\"fr_FR\" \/>\n<meta property=\"og:type\" content=\"article\" \/>\n<meta property=\"og:title\" content=\"Accompagner | Reseau\u00ae Entreprendre Poitou-Charentes\" \/>\n<meta property=\"og:description\" content=\"Vous \u00eates chef d&#039;entreprise et souhaitez accompagner de nouveaux entrepreneurs ? Devenez membre b\u00e9n\u00e9vole de R\u00e9seau Entreprendre\u00ae Poitou-Charentes !\" \/>\n<meta property=\"og:url\" content=\"https:\/\/www.reseau-entreprendre.org\/poitou-charentes\/accompagner\/\" \/>\n<meta property=\"og:site_name\" content=\"R\u00e9seau Entreprendre Poitou-Charentes\" \/>\n<meta property=\"article:modified_time\" content=\"2026-03-12T10:54:54+00:00\" \/>\n<meta name=\"twitter:card\" content=\"summary_large_image\" \/>\n<meta name=\"twitter:label1\" content=\"Dur\u00e9e de lecture estim\u00e9e\" \/>\n\t<meta name=\"twitter:data1\" content=\"1 minute\" \/>\n<script type=\"application\/ld+json\" class=\"yoast-schema-graph\">{\"@context\":\"https:\\\/\\\/schema.org\",\"@graph\":[{\"@type\":\"WebPage\",\"@id\":\"https:\\\/\\\/www.reseau-entreprendre.org\\\/poitou-charentes\\\/accompagner\\\/\",\"url\":\"https:\\\/\\\/www.reseau-entreprendre.org\\\/poitou-charentes\\\/accompagner\\\/\",\"name\":\"Accompagner | Reseau\u00ae Entreprendre Poitou-Charentes\",\"isPartOf\":{\"@id\":\"https:\\\/\\\/www.reseau-entreprendre.org\\\/poitou-charentes\\\/#website\"},\"datePublished\":\"2021-12-31T10:01:03+00:00\",\"dateModified\":\"2026-03-12T10:54:54+00:00\",\"description\":\"Vous \u00eates chef d'entreprise et souhaitez accompagner de nouveaux entrepreneurs ? Devenez membre b\u00e9n\u00e9vole de R\u00e9seau Entreprendre\u00ae Poitou-Charentes !\",\"breadcrumb\":{\"@id\":\"https:\\\/\\\/www.reseau-entreprendre.org\\\/poitou-charentes\\\/accompagner\\\/#breadcrumb\"},\"inLanguage\":\"fr-FR\",\"potentialAction\":[{\"@type\":\"ReadAction\",\"target\":[\"https:\\\/\\\/www.reseau-entreprendre.org\\\/poitou-charentes\\\/accompagner\\\/\"]}]},{\"@type\":\"BreadcrumbList\",\"@id\":\"https:\\\/\\\/www.reseau-entreprendre.org\\\/poitou-charentes\\\/accompagner\\\/#breadcrumb\",\"itemListElement\":[{\"@type\":\"ListItem\",\"position\":1,\"name\":\"Accueil\",\"item\":\"https:\\\/\\\/www.reseau-entreprendre.org\\\/poitou-charentes\\\/\"},{\"@type\":\"ListItem\",\"position\":2,\"name\":\"Accompagner\"}]},{\"@type\":\"WebSite\",\"@id\":\"https:\\\/\\\/www.reseau-entreprendre.org\\\/poitou-charentes\\\/#website\",\"url\":\"https:\\\/\\\/www.reseau-entreprendre.org\\\/poitou-charentes\\\/\",\"name\":\"R\u00e9seau Entreprendre Poitou-Charentes\",\"description\":\"Un site utilisant Les sites de R\u00e9seau Entreprendre\",\"potentialAction\":[{\"@type\":\"SearchAction\",\"target\":{\"@type\":\"EntryPoint\",\"urlTemplate\":\"https:\\\/\\\/www.reseau-entreprendre.org\\\/poitou-charentes\\\/?s={search_term_string}\"},\"query-input\":{\"@type\":\"PropertyValueSpecification\",\"valueRequired\":true,\"valueName\":\"search_term_string\"}}],\"inLanguage\":\"fr-FR\"}]}<\/script>\n<!-- \/ Yoast SEO plugin. -->","yoast_head_json":{"title":"Accompagner | Reseau\u00ae Entreprendre Poitou-Charentes","description":"Vous \u00eates chef d'entreprise et souhaitez accompagner de nouveaux entrepreneurs ? Devenez membre b\u00e9n\u00e9vole de R\u00e9seau Entreprendre\u00ae Poitou-Charentes !","robots":{"index":"index","follow":"follow","max-snippet":"max-snippet:-1","max-image-preview":"max-image-preview:large","max-video-preview":"max-video-preview:-1"},"canonical":"https:\/\/www.reseau-entreprendre.org\/poitou-charentes\/accompagner\/","og_locale":"fr_FR","og_type":"article","og_title":"Accompagner | Reseau\u00ae Entreprendre Poitou-Charentes","og_description":"Vous \u00eates chef d'entreprise et souhaitez accompagner de nouveaux entrepreneurs ? Devenez membre b\u00e9n\u00e9vole de R\u00e9seau Entreprendre\u00ae Poitou-Charentes !","og_url":"https:\/\/www.reseau-entreprendre.org\/poitou-charentes\/accompagner\/","og_site_name":"R\u00e9seau Entreprendre Poitou-Charentes","article_modified_time":"2026-03-12T10:54:54+00:00","twitter_card":"summary_large_image","twitter_misc":{"Dur\u00e9e de lecture estim\u00e9e":"1 minute"},"schema":{"@context":"https:\/\/schema.org","@graph":[{"@type":"WebPage","@id":"https:\/\/www.reseau-entreprendre.org\/poitou-charentes\/accompagner\/","url":"https:\/\/www.reseau-entreprendre.org\/poitou-charentes\/accompagner\/","name":"Accompagner | Reseau\u00ae Entreprendre Poitou-Charentes","isPartOf":{"@id":"https:\/\/www.reseau-entreprendre.org\/poitou-charentes\/#website"},"datePublished":"2021-12-31T10:01:03+00:00","dateModified":"2026-03-12T10:54:54+00:00","description":"Vous \u00eates chef d'entreprise et souhaitez accompagner de nouveaux entrepreneurs ? Devenez membre b\u00e9n\u00e9vole de R\u00e9seau Entreprendre\u00ae Poitou-Charentes !","breadcrumb":{"@id":"https:\/\/www.reseau-entreprendre.org\/poitou-charentes\/accompagner\/#breadcrumb"},"inLanguage":"fr-FR","potentialAction":[{"@type":"ReadAction","target":["https:\/\/www.reseau-entreprendre.org\/poitou-charentes\/accompagner\/"]}]},{"@type":"BreadcrumbList","@id":"https:\/\/www.reseau-entreprendre.org\/poitou-charentes\/accompagner\/#breadcrumb","itemListElement":[{"@type":"ListItem","position":1,"name":"Accueil","item":"https:\/\/www.reseau-entreprendre.org\/poitou-charentes\/"},{"@type":"ListItem","position":2,"name":"Accompagner"}]},{"@type":"WebSite","@id":"https:\/\/www.reseau-entreprendre.org\/poitou-charentes\/#website","url":"https:\/\/www.reseau-entreprendre.org\/poitou-charentes\/","name":"R\u00e9seau Entreprendre Poitou-Charentes","description":"Un site utilisant Les sites de R\u00e9seau Entreprendre","potentialAction":[{"@type":"SearchAction","target":{"@type":"EntryPoint","urlTemplate":"https:\/\/www.reseau-entreprendre.org\/poitou-charentes\/?s={search_term_string}"},"query-input":{"@type":"PropertyValueSpecification","valueRequired":true,"valueName":"search_term_string"}}],"inLanguage":"fr-FR"}]}},"_links":{"self":[{"href":"https:\/\/www.reseau-entreprendre.org\/poitou-charentes\/wp-json\/wp\/v2\/pages\/8666","targetHints":{"allow":["GET"]}}],"collection":[{"href":"https:\/\/www.reseau-entreprendre.org\/poitou-charentes\/wp-json\/wp\/v2\/pages"}],"about":[{"href":"https:\/\/www.reseau-entreprendre.org\/poitou-charentes\/wp-json\/wp\/v2\/types\/page"}],"author":[{"embeddable":true,"href":"https:\/\/www.reseau-entreprendre.org\/poitou-charentes\/wp-json\/wp\/v2\/users\/64"}],"replies":[{"embeddable":true,"href":"https:\/\/www.reseau-entreprendre.org\/poitou-charentes\/wp-json\/wp\/v2\/comments?post=8666"}],"version-history":[{"count":0,"href":"https:\/\/www.reseau-entreprendre.org\/poitou-charentes\/wp-json\/wp\/v2\/pages\/8666\/revisions"}],"wp:attachment":[{"href":"https:\/\/www.reseau-entreprendre.org\/poitou-charentes\/wp-json\/wp\/v2\/media?parent=8666"}],"curies":[{"name":"wp","href":"https:\/\/api.w.org\/{rel}","templated":true}]}}