{"id":11,"date":"2017-04-28T12:33:20","date_gmt":"2017-04-28T10:33:20","guid":{"rendered":"http:\/\/re-dev-entreprendre.fr\/provence\/?page_id=11"},"modified":"2024-06-03T10:58:51","modified_gmt":"2024-06-03T08:58:51","slug":"qui-sommes-nous","status":"publish","type":"page","link":"https:\/\/www.reseau-entreprendre.org\/provence\/qui-sommes-nous\/","title":{"rendered":"Qui sommes-nous"},"content":{"rendered":"\n<h3 class=\"wp-block-heading has-re-red-color has-text-color\">R\u00e9seau Entreprendre Provence contribue \u00e0 la cr\u00e9ation d&#8217;emplois et \u00e0 l&#8217;\u00e9mergence de PME<\/h3>\n\n\n\n<div style=\"height:25px\" aria-hidden=\"true\" class=\"wp-block-spacer\"><\/div>\n\n\n\n<p>R\u00e9seau Entreprendre Provence a pour finalit\u00e9 la cr\u00e9ation de PME et d\u2019ETI sur son territoire d&#8217;action (13). Ce principe est d\u00e9clin\u00e9 sur l&#8217;ensemble du territoire national par la <a href=\"https:\/\/www.reseau-entreprendre.org\/provence\/qui-sommes-nous\/\">F\u00e9d\u00e9ration R\u00e9seau Entreprendre<\/a>.<\/p>\n\n\n\n<p>R\u00e9seau de chefs d\u2019entreprise b\u00e9n\u00e9voles, R\u00e9seau Entreprendre Provence accompagne des entrepreneurs \u00e0 potentiel de cr\u00e9ation d\u2019emplois pour les aider \u00e0 r\u00e9ussir leur cr\u00e9ation, reprise ou croissance d\u2019entreprise.<\/p>\n\n\n\n<p>L\u2019histoire de R\u00e9seau Entreprendre d\u00e9bute en 1986 lorsqu\u2019Andr\u00e9 Mulliez, industriel du Nord de la France confront\u00e9 \u00e0 des licenciements massifs dans son entreprise Phildar, lance cette maxime visionnaire et pleine de bon sens : \u00ab <strong>Pour cr\u00e9er des emplois, cr\u00e9ons des employeurs <\/strong>\u00bb. Son id\u00e9e : faire r\u00e9ussir des entrepreneurs \u00e0 potentiel de cr\u00e9ation d\u2019emplois en leur transmettant le savoir-\u00eatre et l\u2019exp\u00e9rience de chefs d\u2019entreprise en activit\u00e9, au travers d\u2019\u00e9changes de pairs \u00e0 pairs. Le concept d\u2019accompagnement entrepreneurial \u00e9tait n\u00e9 !<\/p>\n\n\n\n<p>R\u00e9seau Entreprendre ce sont des milliers de success stories (Michel &amp; Augustin, Envie de Fraise, 727Sailsbag, Guest to Guest, Sushi Daily, G\u00e9olid, My Little Paris, Good Go\u00fbt, Mano Mano, OoGarden\u2026).<\/p>\n\n\n\n<div style=\"height:0px\" aria-hidden=\"true\" class=\"wp-block-spacer\"><\/div>\n\n\n\n<figure class=\"wp-block-embed alignwide is-type-video is-provider-youtube wp-block-embed-youtube wp-embed-aspect-16-9 wp-has-aspect-ratio\"><div class=\"wp-block-embed__wrapper\">\n<iframe loading=\"lazy\" title=\"Film Entreprendre sa vie avec R\u00e9seau Entreprendre\u00ae 2022\" width=\"500\" height=\"281\" src=\"https:\/\/www.youtube.com\/embed\/ytRZBog1o9Y?list=PLs7vMpyd3HQ1K4uPAvb2hSsnbG5qjeXkd\" frameborder=\"0\" allow=\"accelerometer; autoplay; clipboard-write; encrypted-media; gyroscope; picture-in-picture; web-share\" referrerpolicy=\"strict-origin-when-cross-origin\" allowfullscreen><\/iframe>\n<\/div><\/figure>\n\n\n\n<p><strong>CONTACT<\/strong><br>Vous \u00eates cr\u00e9ateur, repreneur ou chef d&#8217;entreprise en croissance : <a href=\"https:\/\/www.reseau-entreprendre.org\/provence\/entreprendre\/\">+ d&#8217;infos ici<\/a><br>Vous \u00eates entrepreneurs et d\u00e9sirez partager votre exp\u00e9rience en devenant Membre b\u00e9n\u00e9vole : <a href=\"https:\/\/www.reseau-entreprendre.org\/provence\/accompagner\/\">+ d&#8217;infos ici<\/a><\/p>\n\n\n\n<div style=\"height:40px\" aria-hidden=\"true\" class=\"wp-block-spacer\"><\/div>\n\n\n\n<h3 class=\"wp-block-heading\">Notre principe d\u2019action<\/h3>\n\n\n\n<div style=\"height:25px\" aria-hidden=\"true\" class=\"wp-block-spacer\"><\/div>\n\n\n\n<p>Les m\u00e9thodes d\u2019entreprise au c\u0153ur de notre action.<\/p>\n\n\n\n<p>Nous sommes un groupe de dirigeants d\u2019entreprise qui aidons de nouveaux chefs d\u2019entreprise avec des m\u00e9thodes d\u2019entreprise.<br>Ceci implique une exigence de professionnalisme et d\u2019efficience dans l\u2019action, une ambition pour chaque association, une attitude responsable et entrepreneuriale, et une attention particuli\u00e8re \u00e0 la gouvernance.<\/p>\n\n\n\n<div style=\"height:40px\" aria-hidden=\"true\" class=\"wp-block-spacer\"><\/div>\n\n\n\n<h3 class=\"wp-block-heading\">Nos Valeurs<\/h3>\n\n\n\n<div style=\"height:25px\" aria-hidden=\"true\" class=\"wp-block-spacer\"><\/div>\n\n\n\n<p>L\u2019action de R\u00e9seau Entreprendre est fond\u00e9e sur 5 valeurs fondamentales.<\/p>\n\n\n\n<div style=\"height:25px\" aria-hidden=\"true\" class=\"wp-block-spacer\"><\/div>\n\n\n<div class=\"wp-block-image\">\n<figure class=\"aligncenter\"><img loading=\"lazy\" decoding=\"async\" width=\"1053\" height=\"698\" src=\"https:\/\/www.reseau-entreprendre.org\/provence\/wp-content\/uploads\/sites\/37\/2020\/09\/VALEURS-RE.png\" alt=\"\" class=\"wp-image-1002\" srcset=\"https:\/\/www.reseau-entreprendre.org\/provence\/wp-content\/uploads\/sites\/37\/2020\/09\/VALEURS-RE.png 1053w, https:\/\/www.reseau-entreprendre.org\/provence\/wp-content\/uploads\/sites\/37\/2020\/09\/VALEURS-RE-300x199.png 300w, https:\/\/www.reseau-entreprendre.org\/provence\/wp-content\/uploads\/sites\/37\/2020\/09\/VALEURS-RE-1024x679.png 1024w, https:\/\/www.reseau-entreprendre.org\/provence\/wp-content\/uploads\/sites\/37\/2020\/09\/VALEURS-RE-768x509.png 768w\" sizes=\"auto, (max-width: 1053px) 100vw, 1053px\" \/><\/figure>\n<\/div>","protected":false},"excerpt":{"rendered":"<p>R\u00e9seau Entreprendre Provence contribue \u00e0 la cr\u00e9ation d&#8217;emplois et \u00e0<\/p>\n","protected":false},"author":39,"featured_media":0,"parent":0,"menu_order":0,"comment_status":"closed","ping_status":"closed","template":"","meta":{"_acf_changed":false,"_monsterinsights_skip_tracking":false,"_monsterinsights_sitenote_active":false,"_monsterinsights_sitenote_note":"","_monsterinsights_sitenote_category":0,"footnotes":""},"class_list":["post-11","page","type-page","status-publish","hentry"],"acf":[],"yoast_head":"<!-- This site is optimized with the Yoast SEO plugin v27.4 - https:\/\/yoast.com\/product\/yoast-seo-wordpress\/ -->\n<title>Qui sommes-nous ? | Reseau Entreprendre Provence<\/title>\n<meta name=\"description\" content=\"R\u00e9seau Entreprendre Provence est l&#039;association de chefs d&#039;entreprise de votre r\u00e9gion.\" \/>\n<meta name=\"robots\" content=\"index, follow, max-snippet:-1, max-image-preview:large, max-video-preview:-1\" \/>\n<link rel=\"canonical\" href=\"https:\/\/www.reseau-entreprendre.org\/provence\/qui-sommes-nous\/\" \/>\n<meta property=\"og:locale\" content=\"fr_FR\" \/>\n<meta property=\"og:type\" content=\"article\" \/>\n<meta property=\"og:title\" content=\"Qui sommes-nous ? | Reseau Entreprendre Provence\" \/>\n<meta property=\"og:description\" content=\"R\u00e9seau Entreprendre Provence est l&#039;association de chefs d&#039;entreprise de votre r\u00e9gion.\" \/>\n<meta property=\"og:url\" content=\"https:\/\/www.reseau-entreprendre.org\/provence\/qui-sommes-nous\/\" \/>\n<meta property=\"og:site_name\" content=\"R\u00e9seau Entreprendre Provence\" \/>\n<meta property=\"article:modified_time\" content=\"2024-06-03T08:58:51+00:00\" \/>\n<meta property=\"og:image\" content=\"https:\/\/www.reseau-entreprendre.org\/provence\/wp-content\/uploads\/sites\/37\/2020\/09\/VALEURS-RE.png\" \/>\n<meta name=\"twitter:card\" content=\"summary_large_image\" \/>\n<meta name=\"twitter:label1\" content=\"Dur\u00e9e de lecture estim\u00e9e\" \/>\n\t<meta name=\"twitter:data1\" content=\"2 minutes\" \/>\n<script type=\"application\/ld+json\" class=\"yoast-schema-graph\">{\"@context\":\"https:\\\/\\\/schema.org\",\"@graph\":[{\"@type\":\"WebPage\",\"@id\":\"https:\\\/\\\/www.reseau-entreprendre.org\\\/provence\\\/qui-sommes-nous\\\/\",\"url\":\"https:\\\/\\\/www.reseau-entreprendre.org\\\/provence\\\/qui-sommes-nous\\\/\",\"name\":\"Qui sommes-nous ? | Reseau Entreprendre Provence\",\"isPartOf\":{\"@id\":\"https:\\\/\\\/www.reseau-entreprendre.org\\\/provence\\\/#website\"},\"primaryImageOfPage\":{\"@id\":\"https:\\\/\\\/www.reseau-entreprendre.org\\\/provence\\\/qui-sommes-nous\\\/#primaryimage\"},\"image\":{\"@id\":\"https:\\\/\\\/www.reseau-entreprendre.org\\\/provence\\\/qui-sommes-nous\\\/#primaryimage\"},\"thumbnailUrl\":\"https:\\\/\\\/www.reseau-entreprendre.org\\\/provence\\\/wp-content\\\/uploads\\\/sites\\\/37\\\/2020\\\/09\\\/VALEURS-RE.png\",\"datePublished\":\"2017-04-28T10:33:20+00:00\",\"dateModified\":\"2024-06-03T08:58:51+00:00\",\"description\":\"R\u00e9seau Entreprendre Provence est l'association de chefs d'entreprise de votre r\u00e9gion.\",\"breadcrumb\":{\"@id\":\"https:\\\/\\\/www.reseau-entreprendre.org\\\/provence\\\/qui-sommes-nous\\\/#breadcrumb\"},\"inLanguage\":\"fr-FR\",\"potentialAction\":[{\"@type\":\"ReadAction\",\"target\":[\"https:\\\/\\\/www.reseau-entreprendre.org\\\/provence\\\/qui-sommes-nous\\\/\"]}]},{\"@type\":\"ImageObject\",\"inLanguage\":\"fr-FR\",\"@id\":\"https:\\\/\\\/www.reseau-entreprendre.org\\\/provence\\\/qui-sommes-nous\\\/#primaryimage\",\"url\":\"https:\\\/\\\/www.reseau-entreprendre.org\\\/provence\\\/wp-content\\\/uploads\\\/sites\\\/37\\\/2020\\\/09\\\/VALEURS-RE.png\",\"contentUrl\":\"https:\\\/\\\/www.reseau-entreprendre.org\\\/provence\\\/wp-content\\\/uploads\\\/sites\\\/37\\\/2020\\\/09\\\/VALEURS-RE.png\",\"width\":1053,\"height\":698},{\"@type\":\"BreadcrumbList\",\"@id\":\"https:\\\/\\\/www.reseau-entreprendre.org\\\/provence\\\/qui-sommes-nous\\\/#breadcrumb\",\"itemListElement\":[{\"@type\":\"ListItem\",\"position\":1,\"name\":\"Accueil\",\"item\":\"https:\\\/\\\/www.reseau-entreprendre.org\\\/provence\\\/\"},{\"@type\":\"ListItem\",\"position\":2,\"name\":\"Qui sommes-nous\"}]},{\"@type\":\"WebSite\",\"@id\":\"https:\\\/\\\/www.reseau-entreprendre.org\\\/provence\\\/#website\",\"url\":\"https:\\\/\\\/www.reseau-entreprendre.org\\\/provence\\\/\",\"name\":\"R\u00e9seau Entreprendre Provence\",\"description\":\"Pour cr\u00e9er des emplois durables, cr\u00e9ons des employeurs responsables\",\"potentialAction\":[{\"@type\":\"SearchAction\",\"target\":{\"@type\":\"EntryPoint\",\"urlTemplate\":\"https:\\\/\\\/www.reseau-entreprendre.org\\\/provence\\\/?s={search_term_string}\"},\"query-input\":{\"@type\":\"PropertyValueSpecification\",\"valueRequired\":true,\"valueName\":\"search_term_string\"}}],\"inLanguage\":\"fr-FR\"}]}<\/script>\n<!-- \/ Yoast SEO plugin. -->","yoast_head_json":{"title":"Qui sommes-nous ? | Reseau Entreprendre Provence","description":"R\u00e9seau Entreprendre Provence est l'association de chefs d'entreprise de votre r\u00e9gion.","robots":{"index":"index","follow":"follow","max-snippet":"max-snippet:-1","max-image-preview":"max-image-preview:large","max-video-preview":"max-video-preview:-1"},"canonical":"https:\/\/www.reseau-entreprendre.org\/provence\/qui-sommes-nous\/","og_locale":"fr_FR","og_type":"article","og_title":"Qui sommes-nous ? | Reseau Entreprendre Provence","og_description":"R\u00e9seau Entreprendre Provence est l'association de chefs d'entreprise de votre r\u00e9gion.","og_url":"https:\/\/www.reseau-entreprendre.org\/provence\/qui-sommes-nous\/","og_site_name":"R\u00e9seau Entreprendre Provence","article_modified_time":"2024-06-03T08:58:51+00:00","og_image":[{"url":"https:\/\/www.reseau-entreprendre.org\/provence\/wp-content\/uploads\/sites\/37\/2020\/09\/VALEURS-RE.png","type":"","width":"","height":""}],"twitter_card":"summary_large_image","twitter_misc":{"Dur\u00e9e de lecture estim\u00e9e":"2 minutes"},"schema":{"@context":"https:\/\/schema.org","@graph":[{"@type":"WebPage","@id":"https:\/\/www.reseau-entreprendre.org\/provence\/qui-sommes-nous\/","url":"https:\/\/www.reseau-entreprendre.org\/provence\/qui-sommes-nous\/","name":"Qui sommes-nous ? | Reseau Entreprendre Provence","isPartOf":{"@id":"https:\/\/www.reseau-entreprendre.org\/provence\/#website"},"primaryImageOfPage":{"@id":"https:\/\/www.reseau-entreprendre.org\/provence\/qui-sommes-nous\/#primaryimage"},"image":{"@id":"https:\/\/www.reseau-entreprendre.org\/provence\/qui-sommes-nous\/#primaryimage"},"thumbnailUrl":"https:\/\/www.reseau-entreprendre.org\/provence\/wp-content\/uploads\/sites\/37\/2020\/09\/VALEURS-RE.png","datePublished":"2017-04-28T10:33:20+00:00","dateModified":"2024-06-03T08:58:51+00:00","description":"R\u00e9seau Entreprendre Provence est l'association de chefs d'entreprise de votre r\u00e9gion.","breadcrumb":{"@id":"https:\/\/www.reseau-entreprendre.org\/provence\/qui-sommes-nous\/#breadcrumb"},"inLanguage":"fr-FR","potentialAction":[{"@type":"ReadAction","target":["https:\/\/www.reseau-entreprendre.org\/provence\/qui-sommes-nous\/"]}]},{"@type":"ImageObject","inLanguage":"fr-FR","@id":"https:\/\/www.reseau-entreprendre.org\/provence\/qui-sommes-nous\/#primaryimage","url":"https:\/\/www.reseau-entreprendre.org\/provence\/wp-content\/uploads\/sites\/37\/2020\/09\/VALEURS-RE.png","contentUrl":"https:\/\/www.reseau-entreprendre.org\/provence\/wp-content\/uploads\/sites\/37\/2020\/09\/VALEURS-RE.png","width":1053,"height":698},{"@type":"BreadcrumbList","@id":"https:\/\/www.reseau-entreprendre.org\/provence\/qui-sommes-nous\/#breadcrumb","itemListElement":[{"@type":"ListItem","position":1,"name":"Accueil","item":"https:\/\/www.reseau-entreprendre.org\/provence\/"},{"@type":"ListItem","position":2,"name":"Qui sommes-nous"}]},{"@type":"WebSite","@id":"https:\/\/www.reseau-entreprendre.org\/provence\/#website","url":"https:\/\/www.reseau-entreprendre.org\/provence\/","name":"R\u00e9seau Entreprendre Provence","description":"Pour cr\u00e9er des emplois durables, cr\u00e9ons des employeurs responsables","potentialAction":[{"@type":"SearchAction","target":{"@type":"EntryPoint","urlTemplate":"https:\/\/www.reseau-entreprendre.org\/provence\/?s={search_term_string}"},"query-input":{"@type":"PropertyValueSpecification","valueRequired":true,"valueName":"search_term_string"}}],"inLanguage":"fr-FR"}]}},"_links":{"self":[{"href":"https:\/\/www.reseau-entreprendre.org\/provence\/wp-json\/wp\/v2\/pages\/11","targetHints":{"allow":["GET"]}}],"collection":[{"href":"https:\/\/www.reseau-entreprendre.org\/provence\/wp-json\/wp\/v2\/pages"}],"about":[{"href":"https:\/\/www.reseau-entreprendre.org\/provence\/wp-json\/wp\/v2\/types\/page"}],"author":[{"embeddable":true,"href":"https:\/\/www.reseau-entreprendre.org\/provence\/wp-json\/wp\/v2\/users\/39"}],"replies":[{"embeddable":true,"href":"https:\/\/www.reseau-entreprendre.org\/provence\/wp-json\/wp\/v2\/comments?post=11"}],"version-history":[{"count":0,"href":"https:\/\/www.reseau-entreprendre.org\/provence\/wp-json\/wp\/v2\/pages\/11\/revisions"}],"wp:attachment":[{"href":"https:\/\/www.reseau-entreprendre.org\/provence\/wp-json\/wp\/v2\/media?parent=11"}],"curies":[{"name":"wp","href":"https:\/\/api.w.org\/{rel}","templated":true}]}}