{"id":1249,"date":"2021-12-09T16:28:03","date_gmt":"2021-12-09T15:28:03","guid":{"rendered":"https:\/\/www.reseau-entreprendre.org\/provence\/?page_id=1249"},"modified":"2021-12-09T16:46:36","modified_gmt":"2021-12-09T15:46:36","slug":"laureats","status":"publish","type":"page","link":"https:\/\/www.reseau-entreprendre.org\/provence\/laureats\/","title":{"rendered":"Laur\u00e9ats"},"content":{"rendered":"\n<h2 class=\"wp-block-heading\">Promotion 2021<\/h2>\n\n\n\n<div class=\"wp-block-columns is-layout-flex wp-container-core-columns-is-layout-9d6595d7 wp-block-columns-is-layout-flex\">\n<div class=\"wp-block-column is-layout-flow wp-block-column-is-layout-flow\">\n<div class=\"wp-block-columns is-layout-flex wp-container-core-columns-is-layout-9d6595d7 wp-block-columns-is-layout-flex\">\n<div class=\"wp-block-column is-layout-flow wp-block-column-is-layout-flow\">\n<div class=\"wp-block-columns is-layout-flex wp-container-core-columns-is-layout-9d6595d7 wp-block-columns-is-layout-flex\">\n<div class=\"wp-block-column is-layout-flow wp-block-column-is-layout-flow\">\n<figure class=\"wp-block-image size-full\"><img loading=\"lazy\" decoding=\"async\" width=\"398\" height=\"394\" src=\"https:\/\/www.reseau-entreprendre.org\/provence\/wp-content\/uploads\/sites\/37\/2020\/12\/JLB.png\" alt=\"\" class=\"wp-image-1010\" srcset=\"https:\/\/www.reseau-entreprendre.org\/provence\/wp-content\/uploads\/sites\/37\/2020\/12\/JLB.png 398w, https:\/\/www.reseau-entreprendre.org\/provence\/wp-content\/uploads\/sites\/37\/2020\/12\/JLB-300x297.png 300w\" sizes=\"auto, (max-width: 398px) 100vw, 398px\" \/><figcaption><a href=\"https:\/\/www.reseau-entreprendre.org\/provence\/2020\/12\/12\/smart-tales-games-charles-sebastien-martini-jonathan-marin-2-2-2-2-2-2-3-2-3-2-2-2-2-2-4-2-2-2-2\/\" target=\"_blank\" rel=\"noreferrer noopener\">Jean Loup Barrere &#8211; WINTUAL<\/a><\/figcaption><\/figure>\n<\/div>\n\n\n\n<div class=\"wp-block-column is-layout-flow wp-block-column-is-layout-flow\">\n<figure class=\"wp-block-image size-full is-resized\"><img loading=\"lazy\" decoding=\"async\" src=\"https:\/\/www.reseau-entreprendre.org\/provence\/wp-content\/uploads\/sites\/37\/2021\/01\/JB.png\" alt=\"\" class=\"wp-image-1038\" width=\"376\" height=\"253\" srcset=\"https:\/\/www.reseau-entreprendre.org\/provence\/wp-content\/uploads\/sites\/37\/2021\/01\/JB.png 370w, https:\/\/www.reseau-entreprendre.org\/provence\/wp-content\/uploads\/sites\/37\/2021\/01\/JB-300x203.png 300w\" sizes=\"auto, (max-width: 376px) 100vw, 376px\" \/><figcaption>Jane Bourgninaud &#8211; B.MIND<\/figcaption><\/figure>\n\n\n\n<p><\/p>\n<\/div>\n<\/div>\n<\/div>\n\n\n\n<div class=\"wp-block-column is-layout-flow wp-block-column-is-layout-flow\">\n<div class=\"wp-block-columns is-layout-flex wp-container-core-columns-is-layout-9d6595d7 wp-block-columns-is-layout-flex\">\n<div class=\"wp-block-column is-layout-flow wp-block-column-is-layout-flow\">\n<figure class=\"wp-block-image size-full is-resized\"><img loading=\"lazy\" decoding=\"async\" src=\"https:\/\/www.reseau-entreprendre.org\/provence\/wp-content\/uploads\/sites\/37\/2020\/12\/DB.jpg\" alt=\"\" class=\"wp-image-1013\" width=\"282\" height=\"255\" srcset=\"https:\/\/www.reseau-entreprendre.org\/provence\/wp-content\/uploads\/sites\/37\/2020\/12\/DB.jpg 400w, https:\/\/www.reseau-entreprendre.org\/provence\/wp-content\/uploads\/sites\/37\/2020\/12\/DB-300x272.jpg 300w\" sizes=\"auto, (max-width: 282px) 100vw, 282px\" \/><figcaption>David Bensoussan &#8211; ROFIM<\/figcaption><\/figure>\n<\/div>\n\n\n\n<div class=\"wp-block-column is-layout-flow wp-block-column-is-layout-flow\">\n<figure class=\"wp-block-image size-full is-resized\"><img loading=\"lazy\" decoding=\"async\" src=\"https:\/\/www.reseau-entreprendre.org\/provence\/wp-content\/uploads\/sites\/37\/2020\/12\/MB.png\" alt=\"\" class=\"wp-image-1007\" width=\"341\" height=\"258\" srcset=\"https:\/\/www.reseau-entreprendre.org\/provence\/wp-content\/uploads\/sites\/37\/2020\/12\/MB.png 402w, https:\/\/www.reseau-entreprendre.org\/provence\/wp-content\/uploads\/sites\/37\/2020\/12\/MB-300x227.png 300w\" sizes=\"auto, (max-width: 341px) 100vw, 341px\" \/><figcaption>Marc Beaucourt &#8211; Kiss &amp; Fly<\/figcaption><\/figure>\n<\/div>\n<\/div>\n<\/div>\n<\/div>\n<\/div>\n<\/div>\n","protected":false},"excerpt":{"rendered":"<p>Promotion 2021<\/p>\n","protected":false},"author":39,"featured_media":0,"parent":0,"menu_order":0,"comment_status":"closed","ping_status":"closed","template":"","meta":{"_acf_changed":false,"_monsterinsights_skip_tracking":false,"_monsterinsights_sitenote_active":false,"_monsterinsights_sitenote_note":"","_monsterinsights_sitenote_category":0,"footnotes":""},"class_list":["post-1249","page","type-page","status-publish","hentry"],"acf":[],"yoast_head":"<!-- This site is optimized with the Yoast SEO plugin v27.2 - https:\/\/yoast.com\/product\/yoast-seo-wordpress\/ -->\n<title>Laur\u00e9ats - R\u00e9seau Entreprendre Provence<\/title>\n<meta name=\"robots\" content=\"index, follow, max-snippet:-1, max-image-preview:large, max-video-preview:-1\" \/>\n<link rel=\"canonical\" href=\"https:\/\/www.reseau-entreprendre.org\/provence\/laureats\/\" \/>\n<meta property=\"og:locale\" content=\"fr_FR\" \/>\n<meta property=\"og:type\" content=\"article\" \/>\n<meta property=\"og:title\" content=\"Laur\u00e9ats - R\u00e9seau Entreprendre Provence\" \/>\n<meta property=\"og:description\" content=\"Promotion 2021\" \/>\n<meta property=\"og:url\" content=\"https:\/\/www.reseau-entreprendre.org\/provence\/laureats\/\" \/>\n<meta property=\"og:site_name\" content=\"R\u00e9seau Entreprendre Provence\" \/>\n<meta property=\"article:modified_time\" content=\"2021-12-09T15:46:36+00:00\" \/>\n<meta property=\"og:image\" content=\"https:\/\/www.reseau-entreprendre.org\/provence\/wp-content\/uploads\/sites\/37\/2020\/12\/JLB.png\" \/>\n<meta name=\"twitter:card\" content=\"summary_large_image\" \/>\n<meta name=\"twitter:label1\" content=\"Dur\u00e9e de lecture estim\u00e9e\" \/>\n\t<meta name=\"twitter:data1\" content=\"1 minute\" \/>\n<script type=\"application\/ld+json\" class=\"yoast-schema-graph\">{\"@context\":\"https:\/\/schema.org\",\"@graph\":[{\"@type\":\"WebPage\",\"@id\":\"https:\/\/www.reseau-entreprendre.org\/provence\/laureats\/\",\"url\":\"https:\/\/www.reseau-entreprendre.org\/provence\/laureats\/\",\"name\":\"Laur\u00e9ats - R\u00e9seau Entreprendre Provence\",\"isPartOf\":{\"@id\":\"https:\/\/www.reseau-entreprendre.org\/provence\/#website\"},\"primaryImageOfPage\":{\"@id\":\"https:\/\/www.reseau-entreprendre.org\/provence\/laureats\/#primaryimage\"},\"image\":{\"@id\":\"https:\/\/www.reseau-entreprendre.org\/provence\/laureats\/#primaryimage\"},\"thumbnailUrl\":\"https:\/\/www.reseau-entreprendre.org\/provence\/wp-content\/uploads\/sites\/37\/2020\/12\/JLB.png\",\"datePublished\":\"2021-12-09T15:28:03+00:00\",\"dateModified\":\"2021-12-09T15:46:36+00:00\",\"breadcrumb\":{\"@id\":\"https:\/\/www.reseau-entreprendre.org\/provence\/laureats\/#breadcrumb\"},\"inLanguage\":\"fr-FR\",\"potentialAction\":[{\"@type\":\"ReadAction\",\"target\":[\"https:\/\/www.reseau-entreprendre.org\/provence\/laureats\/\"]}]},{\"@type\":\"ImageObject\",\"inLanguage\":\"fr-FR\",\"@id\":\"https:\/\/www.reseau-entreprendre.org\/provence\/laureats\/#primaryimage\",\"url\":\"https:\/\/www.reseau-entreprendre.org\/provence\/wp-content\/uploads\/sites\/37\/2020\/12\/JLB.png\",\"contentUrl\":\"https:\/\/www.reseau-entreprendre.org\/provence\/wp-content\/uploads\/sites\/37\/2020\/12\/JLB.png\",\"width\":398,\"height\":394},{\"@type\":\"BreadcrumbList\",\"@id\":\"https:\/\/www.reseau-entreprendre.org\/provence\/laureats\/#breadcrumb\",\"itemListElement\":[{\"@type\":\"ListItem\",\"position\":1,\"name\":\"Accueil\",\"item\":\"https:\/\/www.reseau-entreprendre.org\/provence\/\"},{\"@type\":\"ListItem\",\"position\":2,\"name\":\"Laur\u00e9ats\"}]},{\"@type\":\"WebSite\",\"@id\":\"https:\/\/www.reseau-entreprendre.org\/provence\/#website\",\"url\":\"https:\/\/www.reseau-entreprendre.org\/provence\/\",\"name\":\"R\u00e9seau Entreprendre Provence\",\"description\":\"Pour cr\u00e9er des emplois durables, cr\u00e9ons des employeurs responsables\",\"potentialAction\":[{\"@type\":\"SearchAction\",\"target\":{\"@type\":\"EntryPoint\",\"urlTemplate\":\"https:\/\/www.reseau-entreprendre.org\/provence\/?s={search_term_string}\"},\"query-input\":{\"@type\":\"PropertyValueSpecification\",\"valueRequired\":true,\"valueName\":\"search_term_string\"}}],\"inLanguage\":\"fr-FR\"}]}<\/script>\n<!-- \/ Yoast SEO plugin. -->","yoast_head_json":{"title":"Laur\u00e9ats - R\u00e9seau Entreprendre Provence","robots":{"index":"index","follow":"follow","max-snippet":"max-snippet:-1","max-image-preview":"max-image-preview:large","max-video-preview":"max-video-preview:-1"},"canonical":"https:\/\/www.reseau-entreprendre.org\/provence\/laureats\/","og_locale":"fr_FR","og_type":"article","og_title":"Laur\u00e9ats - R\u00e9seau Entreprendre Provence","og_description":"Promotion 2021","og_url":"https:\/\/www.reseau-entreprendre.org\/provence\/laureats\/","og_site_name":"R\u00e9seau Entreprendre Provence","article_modified_time":"2021-12-09T15:46:36+00:00","og_image":[{"url":"https:\/\/www.reseau-entreprendre.org\/provence\/wp-content\/uploads\/sites\/37\/2020\/12\/JLB.png","type":"","width":"","height":""}],"twitter_card":"summary_large_image","twitter_misc":{"Dur\u00e9e de lecture estim\u00e9e":"1 minute"},"schema":{"@context":"https:\/\/schema.org","@graph":[{"@type":"WebPage","@id":"https:\/\/www.reseau-entreprendre.org\/provence\/laureats\/","url":"https:\/\/www.reseau-entreprendre.org\/provence\/laureats\/","name":"Laur\u00e9ats - R\u00e9seau Entreprendre Provence","isPartOf":{"@id":"https:\/\/www.reseau-entreprendre.org\/provence\/#website"},"primaryImageOfPage":{"@id":"https:\/\/www.reseau-entreprendre.org\/provence\/laureats\/#primaryimage"},"image":{"@id":"https:\/\/www.reseau-entreprendre.org\/provence\/laureats\/#primaryimage"},"thumbnailUrl":"https:\/\/www.reseau-entreprendre.org\/provence\/wp-content\/uploads\/sites\/37\/2020\/12\/JLB.png","datePublished":"2021-12-09T15:28:03+00:00","dateModified":"2021-12-09T15:46:36+00:00","breadcrumb":{"@id":"https:\/\/www.reseau-entreprendre.org\/provence\/laureats\/#breadcrumb"},"inLanguage":"fr-FR","potentialAction":[{"@type":"ReadAction","target":["https:\/\/www.reseau-entreprendre.org\/provence\/laureats\/"]}]},{"@type":"ImageObject","inLanguage":"fr-FR","@id":"https:\/\/www.reseau-entreprendre.org\/provence\/laureats\/#primaryimage","url":"https:\/\/www.reseau-entreprendre.org\/provence\/wp-content\/uploads\/sites\/37\/2020\/12\/JLB.png","contentUrl":"https:\/\/www.reseau-entreprendre.org\/provence\/wp-content\/uploads\/sites\/37\/2020\/12\/JLB.png","width":398,"height":394},{"@type":"BreadcrumbList","@id":"https:\/\/www.reseau-entreprendre.org\/provence\/laureats\/#breadcrumb","itemListElement":[{"@type":"ListItem","position":1,"name":"Accueil","item":"https:\/\/www.reseau-entreprendre.org\/provence\/"},{"@type":"ListItem","position":2,"name":"Laur\u00e9ats"}]},{"@type":"WebSite","@id":"https:\/\/www.reseau-entreprendre.org\/provence\/#website","url":"https:\/\/www.reseau-entreprendre.org\/provence\/","name":"R\u00e9seau Entreprendre Provence","description":"Pour cr\u00e9er des emplois durables, cr\u00e9ons des employeurs responsables","potentialAction":[{"@type":"SearchAction","target":{"@type":"EntryPoint","urlTemplate":"https:\/\/www.reseau-entreprendre.org\/provence\/?s={search_term_string}"},"query-input":{"@type":"PropertyValueSpecification","valueRequired":true,"valueName":"search_term_string"}}],"inLanguage":"fr-FR"}]}},"_links":{"self":[{"href":"https:\/\/www.reseau-entreprendre.org\/provence\/wp-json\/wp\/v2\/pages\/1249","targetHints":{"allow":["GET"]}}],"collection":[{"href":"https:\/\/www.reseau-entreprendre.org\/provence\/wp-json\/wp\/v2\/pages"}],"about":[{"href":"https:\/\/www.reseau-entreprendre.org\/provence\/wp-json\/wp\/v2\/types\/page"}],"author":[{"embeddable":true,"href":"https:\/\/www.reseau-entreprendre.org\/provence\/wp-json\/wp\/v2\/users\/39"}],"replies":[{"embeddable":true,"href":"https:\/\/www.reseau-entreprendre.org\/provence\/wp-json\/wp\/v2\/comments?post=1249"}],"version-history":[{"count":0,"href":"https:\/\/www.reseau-entreprendre.org\/provence\/wp-json\/wp\/v2\/pages\/1249\/revisions"}],"wp:attachment":[{"href":"https:\/\/www.reseau-entreprendre.org\/provence\/wp-json\/wp\/v2\/media?parent=1249"}],"curies":[{"name":"wp","href":"https:\/\/api.w.org\/{rel}","templated":true}]}}