{"id":15,"date":"2017-04-28T12:33:47","date_gmt":"2017-04-28T10:33:47","guid":{"rendered":"http:\/\/re-dev-entreprendre.fr\/provence\/?page_id=15"},"modified":"2024-06-03T11:56:50","modified_gmt":"2024-06-03T09:56:50","slug":"accompagner","status":"publish","type":"page","link":"https:\/\/www.reseau-entreprendre.org\/provence\/accompagner\/","title":{"rendered":"Accompagner"},"content":{"rendered":"\n<h2 class=\"wp-block-heading\">Chef d&#8217;entreprise, devenez accompagnateur<br>et aidez les entrepreneurs \u00e0 r\u00e9ussir leur Cr\u00e9ation, Reprise ou Croissance !<\/h2>\n\n\n\n<div style=\"height:25px\" aria-hidden=\"true\" class=\"wp-block-spacer\"><\/div>\n\n\n\n<p>Depuis 1986, les entrepreneurs Membres de R\u00e9seau Entreprendre sont au coeur d&#8217;un dispositif d&#8217;accompagnement qui allie exp\u00e9rience, bienveillance et m\u00e9thodes d&#8217;entreprise.<\/p>\n\n\n\n<p>Notre m\u00e9tier, c&#8217;est d&#8217;accompagner des entrepreneurs significativement cr\u00e9ateurs d&#8217;emplois et de richesses.<\/p>\n\n\n\n<p>Les entrepreneurs Laur\u00e9ats de R\u00e9seau Entreprendre (cr\u00e9ateurs, repreneurs ou chef d&#8217;entreprise en croissance), b\u00e9n\u00e9ficient ainsi d&#8217;un accompagnement gratuit, \u00e0 la fois individuel et collectif, au sein d&#8217;une communaut\u00e9 d&#8217;entrepreneurs b\u00e9n\u00e9voles, durant une p\u00e9riode deux \u00e0 trois ans.<br>Le lien de confiance qui s\u2019installe entre le Membre b\u00e9n\u00e9vole et la personne accompagn\u00e9e (Laur\u00e9at-e) permet de partager son exp\u00e9rience et d\u2019accompagner vers la r\u00e9ussite des pairs Cr\u00e9ateurs et Repreneurs d&#8217;entreprise ou connaissant une p\u00e9riode de forte Croissance n\u00e9cessitant une restructuration de l&#8217;entreprise.<\/p>\n\n\n\n<p>Devenir Membre R\u00e9seau Entreprendre, c&#8217;est aussi rejoindre plus de 13 000 chefs d&#8217;entreprises b\u00e9n\u00e9voles pr\u00e9sents en France et \u00e0 l&#8217;international, tous unis autour des m\u00eames valeurs humaines, soci\u00e9tales et entrepreneuriales.<\/p>\n\n\n\n<p><a href=\"https:\/\/www.reseau-entreprendre.org\/provence\/contact\/\">Contactez notre \u00e9quipe pour en savoir +<\/a><\/p>\n\n\n\n<figure class=\"wp-block-embed aligncenter is-type-video is-provider-youtube wp-block-embed-youtube wp-embed-aspect-16-9 wp-has-aspect-ratio\"><div class=\"wp-block-embed__wrapper\">\n<iframe loading=\"lazy\" title=\"S&#039;engager avec R\u00e9seau Entreprendre\" width=\"500\" height=\"281\" src=\"https:\/\/www.youtube.com\/embed\/NUJCI0vCPuU?feature=oembed\" frameborder=\"0\" allow=\"accelerometer; autoplay; clipboard-write; encrypted-media; gyroscope; picture-in-picture; web-share\" referrerpolicy=\"strict-origin-when-cross-origin\" allowfullscreen><\/iframe>\n<\/div><\/figure>\n\n\n<div class=\"wp-block-image\">\n<figure class=\"aligncenter\"><img loading=\"lazy\" decoding=\"async\" width=\"817\" height=\"534\" src=\"https:\/\/www.reseau-entreprendre.org\/wp-content\/uploads\/sites\/37\/2017\/04\/acco.jpg\" alt=\"\" class=\"wp-image-721\" srcset=\"https:\/\/www.reseau-entreprendre.org\/provence\/wp-content\/uploads\/sites\/37\/2017\/04\/acco.jpg 817w, https:\/\/www.reseau-entreprendre.org\/provence\/wp-content\/uploads\/sites\/37\/2017\/04\/acco-300x196.jpg 300w, https:\/\/www.reseau-entreprendre.org\/provence\/wp-content\/uploads\/sites\/37\/2017\/04\/acco-768x502.jpg 768w\" sizes=\"auto, (max-width: 817px) 100vw, 817px\" \/><\/figure>\n<\/div>\n\n\n<figure class=\"wp-block-image alignwide size-large\"><img loading=\"lazy\" decoding=\"async\" width=\"1024\" height=\"447\" src=\"https:\/\/www.reseau-entreprendre.org\/provence\/wp-content\/uploads\/sites\/37\/2024\/05\/mentoratReseauEntreprendre-1024x447.gif\" alt=\"Nous c'est le mentorat !\" class=\"wp-image-2414\" srcset=\"https:\/\/www.reseau-entreprendre.org\/provence\/wp-content\/uploads\/sites\/37\/2024\/05\/mentoratReseauEntreprendre-1024x447.gif 1024w, https:\/\/www.reseau-entreprendre.org\/provence\/wp-content\/uploads\/sites\/37\/2024\/05\/mentoratReseauEntreprendre-300x131.gif 300w, https:\/\/www.reseau-entreprendre.org\/provence\/wp-content\/uploads\/sites\/37\/2024\/05\/mentoratReseauEntreprendre-768x335.gif 768w, https:\/\/www.reseau-entreprendre.org\/provence\/wp-content\/uploads\/sites\/37\/2024\/05\/mentoratReseauEntreprendre-1536x670.gif 1536w, https:\/\/www.reseau-entreprendre.org\/provence\/wp-content\/uploads\/sites\/37\/2024\/05\/mentoratReseauEntreprendre-210x92.gif 210w, https:\/\/www.reseau-entreprendre.org\/provence\/wp-content\/uploads\/sites\/37\/2024\/05\/mentoratReseauEntreprendre-100x44.gif 100w\" sizes=\"auto, (max-width: 1024px) 100vw, 1024px\" \/><\/figure>\n\n\n\n<div class=\"wp-block-group alignwide pb-0 padded bg-light\"><div class=\"wp-block-group__inner-container is-layout-constrained wp-block-group-is-layout-constrained\">\n<div class=\"wp-block-columns mb-5 is-layout-flex wp-container-core-columns-is-layout-9d6595d7 wp-block-columns-is-layout-flex\">\n<div class=\"wp-block-column is-vertically-aligned-center is-layout-flow wp-block-column-is-layout-flow\">\n<h3 class=\"wp-block-heading has-text-align-center has-large-font-size\" id=\"rencontrez-des-chefs-d-entreprise-pour-booster-votre-projet\"><strong>Transmettez votre experience en rejoignant R\u00e9seau Entreprendre !<\/strong><\/h3>\n\n\n\n<div style=\"height:40px\" aria-hidden=\"true\" class=\"wp-block-spacer\"><\/div>\n\n\n\n<div class=\"wp-block-buttons alignwide has-custom-font-size has-medium-font-size is-horizontal is-content-justification-center is-layout-flex wp-container-core-buttons-is-layout-769315fb wp-block-buttons-is-layout-flex\">\n<div class=\"wp-block-button has-custom-width wp-block-button__width-25 is-style-fill\"><a class=\"wp-block-button__link has-re-red-background-color has-text-color has-background has-text-align-center wp-element-button\" href=\"https:\/\/www.reseau-entreprendre.org\/provence\/formulaire-benevole\/\" style=\"color:#ffffff\">S&#8217;engager<\/a><\/div>\n<\/div>\n<\/div>\n<\/div>\n<\/div><\/div>\n","protected":false},"excerpt":{"rendered":"<p>Chef d&#8217;entreprise, devenez accompagnateuret aidez les entrepreneurs \u00e0 r\u00e9ussir leur<\/p>\n","protected":false},"author":39,"featured_media":0,"parent":0,"menu_order":0,"comment_status":"closed","ping_status":"closed","template":"","meta":{"_acf_changed":false,"_monsterinsights_skip_tracking":false,"_monsterinsights_sitenote_active":false,"_monsterinsights_sitenote_note":"","_monsterinsights_sitenote_category":0,"footnotes":""},"class_list":["post-15","page","type-page","status-publish","hentry"],"acf":[],"yoast_head":"<!-- This site is optimized with the Yoast SEO plugin v27.4 - https:\/\/yoast.com\/product\/yoast-seo-wordpress\/ -->\n<title>Accompagner| Reseau Entreprendre Provence<\/title>\n<meta name=\"description\" content=\"Vous \u00eates chef d&#039;entreprise et souhaitez accompagner de nouveaux entrepreneurs ? Devenez membre b\u00e9n\u00e9vole de R\u00e9seau Entreprendre Provence !\" \/>\n<meta name=\"robots\" content=\"index, follow, max-snippet:-1, max-image-preview:large, max-video-preview:-1\" \/>\n<link rel=\"canonical\" href=\"https:\/\/www.reseau-entreprendre.org\/provence\/accompagner\/\" \/>\n<meta property=\"og:locale\" content=\"fr_FR\" \/>\n<meta property=\"og:type\" content=\"article\" \/>\n<meta property=\"og:title\" content=\"Accompagner| Reseau Entreprendre Provence\" \/>\n<meta property=\"og:description\" content=\"Vous \u00eates chef d&#039;entreprise et souhaitez accompagner de nouveaux entrepreneurs ? Devenez membre b\u00e9n\u00e9vole de R\u00e9seau Entreprendre Provence !\" \/>\n<meta property=\"og:url\" content=\"https:\/\/www.reseau-entreprendre.org\/provence\/accompagner\/\" \/>\n<meta property=\"og:site_name\" content=\"R\u00e9seau Entreprendre Provence\" \/>\n<meta property=\"article:modified_time\" content=\"2024-06-03T09:56:50+00:00\" \/>\n<meta property=\"og:image\" content=\"https:\/\/www.reseau-entreprendre.org\/wp-content\/uploads\/sites\/37\/2017\/04\/acco.jpg\" \/>\n<meta name=\"twitter:card\" content=\"summary_large_image\" \/>\n<meta name=\"twitter:label1\" content=\"Dur\u00e9e de lecture estim\u00e9e\" \/>\n\t<meta name=\"twitter:data1\" content=\"2 minutes\" \/>\n<script type=\"application\/ld+json\" class=\"yoast-schema-graph\">{\"@context\":\"https:\\\/\\\/schema.org\",\"@graph\":[{\"@type\":\"WebPage\",\"@id\":\"https:\\\/\\\/www.reseau-entreprendre.org\\\/provence\\\/accompagner\\\/\",\"url\":\"https:\\\/\\\/www.reseau-entreprendre.org\\\/provence\\\/accompagner\\\/\",\"name\":\"Accompagner| Reseau Entreprendre Provence\",\"isPartOf\":{\"@id\":\"https:\\\/\\\/www.reseau-entreprendre.org\\\/provence\\\/#website\"},\"primaryImageOfPage\":{\"@id\":\"https:\\\/\\\/www.reseau-entreprendre.org\\\/provence\\\/accompagner\\\/#primaryimage\"},\"image\":{\"@id\":\"https:\\\/\\\/www.reseau-entreprendre.org\\\/provence\\\/accompagner\\\/#primaryimage\"},\"thumbnailUrl\":\"https:\\\/\\\/www.reseau-entreprendre.org\\\/wp-content\\\/uploads\\\/sites\\\/37\\\/2017\\\/04\\\/acco.jpg\",\"datePublished\":\"2017-04-28T10:33:47+00:00\",\"dateModified\":\"2024-06-03T09:56:50+00:00\",\"description\":\"Vous \u00eates chef d'entreprise et souhaitez accompagner de nouveaux entrepreneurs ? Devenez membre b\u00e9n\u00e9vole de R\u00e9seau Entreprendre Provence !\",\"breadcrumb\":{\"@id\":\"https:\\\/\\\/www.reseau-entreprendre.org\\\/provence\\\/accompagner\\\/#breadcrumb\"},\"inLanguage\":\"fr-FR\",\"potentialAction\":[{\"@type\":\"ReadAction\",\"target\":[\"https:\\\/\\\/www.reseau-entreprendre.org\\\/provence\\\/accompagner\\\/\"]}]},{\"@type\":\"ImageObject\",\"inLanguage\":\"fr-FR\",\"@id\":\"https:\\\/\\\/www.reseau-entreprendre.org\\\/provence\\\/accompagner\\\/#primaryimage\",\"url\":\"https:\\\/\\\/www.reseau-entreprendre.org\\\/wp-content\\\/uploads\\\/sites\\\/37\\\/2017\\\/04\\\/acco.jpg\",\"contentUrl\":\"https:\\\/\\\/www.reseau-entreprendre.org\\\/wp-content\\\/uploads\\\/sites\\\/37\\\/2017\\\/04\\\/acco.jpg\"},{\"@type\":\"BreadcrumbList\",\"@id\":\"https:\\\/\\\/www.reseau-entreprendre.org\\\/provence\\\/accompagner\\\/#breadcrumb\",\"itemListElement\":[{\"@type\":\"ListItem\",\"position\":1,\"name\":\"Accueil\",\"item\":\"https:\\\/\\\/www.reseau-entreprendre.org\\\/provence\\\/\"},{\"@type\":\"ListItem\",\"position\":2,\"name\":\"Accompagner\"}]},{\"@type\":\"WebSite\",\"@id\":\"https:\\\/\\\/www.reseau-entreprendre.org\\\/provence\\\/#website\",\"url\":\"https:\\\/\\\/www.reseau-entreprendre.org\\\/provence\\\/\",\"name\":\"R\u00e9seau Entreprendre Provence\",\"description\":\"Pour cr\u00e9er des emplois durables, cr\u00e9ons des employeurs responsables\",\"potentialAction\":[{\"@type\":\"SearchAction\",\"target\":{\"@type\":\"EntryPoint\",\"urlTemplate\":\"https:\\\/\\\/www.reseau-entreprendre.org\\\/provence\\\/?s={search_term_string}\"},\"query-input\":{\"@type\":\"PropertyValueSpecification\",\"valueRequired\":true,\"valueName\":\"search_term_string\"}}],\"inLanguage\":\"fr-FR\"}]}<\/script>\n<!-- \/ Yoast SEO plugin. -->","yoast_head_json":{"title":"Accompagner| Reseau Entreprendre Provence","description":"Vous \u00eates chef d'entreprise et souhaitez accompagner de nouveaux entrepreneurs ? Devenez membre b\u00e9n\u00e9vole de R\u00e9seau Entreprendre Provence !","robots":{"index":"index","follow":"follow","max-snippet":"max-snippet:-1","max-image-preview":"max-image-preview:large","max-video-preview":"max-video-preview:-1"},"canonical":"https:\/\/www.reseau-entreprendre.org\/provence\/accompagner\/","og_locale":"fr_FR","og_type":"article","og_title":"Accompagner| Reseau Entreprendre Provence","og_description":"Vous \u00eates chef d'entreprise et souhaitez accompagner de nouveaux entrepreneurs ? Devenez membre b\u00e9n\u00e9vole de R\u00e9seau Entreprendre Provence !","og_url":"https:\/\/www.reseau-entreprendre.org\/provence\/accompagner\/","og_site_name":"R\u00e9seau Entreprendre Provence","article_modified_time":"2024-06-03T09:56:50+00:00","og_image":[{"url":"https:\/\/www.reseau-entreprendre.org\/wp-content\/uploads\/sites\/37\/2017\/04\/acco.jpg","type":"","width":"","height":""}],"twitter_card":"summary_large_image","twitter_misc":{"Dur\u00e9e de lecture estim\u00e9e":"2 minutes"},"schema":{"@context":"https:\/\/schema.org","@graph":[{"@type":"WebPage","@id":"https:\/\/www.reseau-entreprendre.org\/provence\/accompagner\/","url":"https:\/\/www.reseau-entreprendre.org\/provence\/accompagner\/","name":"Accompagner| Reseau Entreprendre Provence","isPartOf":{"@id":"https:\/\/www.reseau-entreprendre.org\/provence\/#website"},"primaryImageOfPage":{"@id":"https:\/\/www.reseau-entreprendre.org\/provence\/accompagner\/#primaryimage"},"image":{"@id":"https:\/\/www.reseau-entreprendre.org\/provence\/accompagner\/#primaryimage"},"thumbnailUrl":"https:\/\/www.reseau-entreprendre.org\/wp-content\/uploads\/sites\/37\/2017\/04\/acco.jpg","datePublished":"2017-04-28T10:33:47+00:00","dateModified":"2024-06-03T09:56:50+00:00","description":"Vous \u00eates chef d'entreprise et souhaitez accompagner de nouveaux entrepreneurs ? Devenez membre b\u00e9n\u00e9vole de R\u00e9seau Entreprendre Provence !","breadcrumb":{"@id":"https:\/\/www.reseau-entreprendre.org\/provence\/accompagner\/#breadcrumb"},"inLanguage":"fr-FR","potentialAction":[{"@type":"ReadAction","target":["https:\/\/www.reseau-entreprendre.org\/provence\/accompagner\/"]}]},{"@type":"ImageObject","inLanguage":"fr-FR","@id":"https:\/\/www.reseau-entreprendre.org\/provence\/accompagner\/#primaryimage","url":"https:\/\/www.reseau-entreprendre.org\/wp-content\/uploads\/sites\/37\/2017\/04\/acco.jpg","contentUrl":"https:\/\/www.reseau-entreprendre.org\/wp-content\/uploads\/sites\/37\/2017\/04\/acco.jpg"},{"@type":"BreadcrumbList","@id":"https:\/\/www.reseau-entreprendre.org\/provence\/accompagner\/#breadcrumb","itemListElement":[{"@type":"ListItem","position":1,"name":"Accueil","item":"https:\/\/www.reseau-entreprendre.org\/provence\/"},{"@type":"ListItem","position":2,"name":"Accompagner"}]},{"@type":"WebSite","@id":"https:\/\/www.reseau-entreprendre.org\/provence\/#website","url":"https:\/\/www.reseau-entreprendre.org\/provence\/","name":"R\u00e9seau Entreprendre Provence","description":"Pour cr\u00e9er des emplois durables, cr\u00e9ons des employeurs responsables","potentialAction":[{"@type":"SearchAction","target":{"@type":"EntryPoint","urlTemplate":"https:\/\/www.reseau-entreprendre.org\/provence\/?s={search_term_string}"},"query-input":{"@type":"PropertyValueSpecification","valueRequired":true,"valueName":"search_term_string"}}],"inLanguage":"fr-FR"}]}},"_links":{"self":[{"href":"https:\/\/www.reseau-entreprendre.org\/provence\/wp-json\/wp\/v2\/pages\/15","targetHints":{"allow":["GET"]}}],"collection":[{"href":"https:\/\/www.reseau-entreprendre.org\/provence\/wp-json\/wp\/v2\/pages"}],"about":[{"href":"https:\/\/www.reseau-entreprendre.org\/provence\/wp-json\/wp\/v2\/types\/page"}],"author":[{"embeddable":true,"href":"https:\/\/www.reseau-entreprendre.org\/provence\/wp-json\/wp\/v2\/users\/39"}],"replies":[{"embeddable":true,"href":"https:\/\/www.reseau-entreprendre.org\/provence\/wp-json\/wp\/v2\/comments?post=15"}],"version-history":[{"count":0,"href":"https:\/\/www.reseau-entreprendre.org\/provence\/wp-json\/wp\/v2\/pages\/15\/revisions"}],"wp:attachment":[{"href":"https:\/\/www.reseau-entreprendre.org\/provence\/wp-json\/wp\/v2\/media?parent=15"}],"curies":[{"name":"wp","href":"https:\/\/api.w.org\/{rel}","templated":true}]}}