{"id":17,"date":"2017-04-28T12:34:01","date_gmt":"2017-04-28T10:34:01","guid":{"rendered":"http:\/\/re-dev-entreprendre.fr\/provence\/?page_id=17"},"modified":"2021-10-14T14:06:45","modified_gmt":"2021-10-14T12:06:45","slug":"soutenir","status":"publish","type":"page","link":"https:\/\/www.reseau-entreprendre.org\/provence\/soutenir\/","title":{"rendered":"Nous Soutenir"},"content":{"rendered":"\n<h2 class=\"has-re-blue-color has-text-color wp-block-heading\">Soutenir notre action en faveur des entrepreneurs<\/h2>\n\n\n\n<div style=\"height:25px\" aria-hidden=\"true\" class=\"wp-block-spacer\"><\/div>\n\n\n\n<h3 class=\"has-re-red-color has-text-color wp-block-heading\">Pourquoi soutenir R\u00e9seau Entreprendre Provence ?<\/h3>\n\n\n\n<p>Apporter votre appui \u00e0 R\u00e9seau Entreprendre Provence vous permet d&#8217;\u00eatre invit\u00e9 \u00e0 tous nos \u00e9v\u00e9nements : les F\u00eates des Laur\u00e9ats, les Conviviales ou encore les Clubs et Comit\u00e9s d&#8217;engagement. C\u2019est aussi la possibilit\u00e9 d\u2019intervenir lors de r\u00e9unions ou d&#8217;\u00e9v\u00e9nements et ainsi vous sensibiliser aux sp\u00e9cificit\u00e9s de la vie associative dans le monde \u00e9conomique.<\/p>\n\n\n\n<p>La diffusion des supports de communication est vaste. Elle touche aussi bien les membres, les laur\u00e9ats, les personnes qui nous soutiennent, que l\u2019ensemble des acteurs \u00e9conomiques locaux. Et ce par le biais des r\u00e9seaux sociaux, de la newsletter, du rapport d&#8217;activit\u00e9 annuel ou encore des retours de presse.<\/p>\n\n\n\n<p>Soutenir R\u00e9seau Entreprendre c&#8217;est, enfin et surtout, \u00eatre engag\u00e9 aupr\u00e8s de chefs d&#8217;entreprises qui \u0153uvrent pour la cr\u00e9ation d&#8217;emplois dans nos territoires et aupr\u00e8s desquels nos valeurs fondatrices pr\u00e9valent : l&#8217;importance donn\u00e9e \u00e0 la personne, la gratuit\u00e9, la r\u00e9ciprocit\u00e9, la solidarit\u00e9 et la bienveillance.<\/p>\n","protected":false},"excerpt":{"rendered":"<p>Soutenir notre action en faveur des entrepreneurs Pourquoi soutenir R\u00e9seau<\/p>\n","protected":false},"author":39,"featured_media":0,"parent":0,"menu_order":0,"comment_status":"closed","ping_status":"closed","template":"","meta":{"_acf_changed":false,"_monsterinsights_skip_tracking":false,"_monsterinsights_sitenote_active":false,"_monsterinsights_sitenote_note":"","_monsterinsights_sitenote_category":0,"footnotes":""},"class_list":["post-17","page","type-page","status-publish","hentry"],"acf":[],"yoast_head":"<!-- This site is optimized with the Yoast SEO plugin v27.4 - https:\/\/yoast.com\/product\/yoast-seo-wordpress\/ -->\n<title>Soutenir | Reseau Entreprendre Provence<\/title>\n<meta name=\"description\" content=\"Partenaire, vous souhaitez soutenir un r\u00e9seau 100% chefs d&#039;entreprise ? Rejoignez R\u00e9seau Entreprendre Provence\" \/>\n<meta name=\"robots\" content=\"index, follow, max-snippet:-1, max-image-preview:large, max-video-preview:-1\" \/>\n<link rel=\"canonical\" href=\"https:\/\/www.reseau-entreprendre.org\/provence\/soutenir\/\" \/>\n<meta property=\"og:locale\" content=\"fr_FR\" \/>\n<meta property=\"og:type\" content=\"article\" \/>\n<meta property=\"og:title\" content=\"Soutenir | Reseau Entreprendre Provence\" \/>\n<meta property=\"og:description\" content=\"Partenaire, vous souhaitez soutenir un r\u00e9seau 100% chefs d&#039;entreprise ? Rejoignez R\u00e9seau Entreprendre Provence\" \/>\n<meta property=\"og:url\" content=\"https:\/\/www.reseau-entreprendre.org\/provence\/soutenir\/\" \/>\n<meta property=\"og:site_name\" content=\"R\u00e9seau Entreprendre Provence\" \/>\n<meta property=\"article:modified_time\" content=\"2021-10-14T12:06:45+00:00\" \/>\n<meta name=\"twitter:card\" content=\"summary_large_image\" \/>\n<meta name=\"twitter:label1\" content=\"Dur\u00e9e de lecture estim\u00e9e\" \/>\n\t<meta name=\"twitter:data1\" content=\"1 minute\" \/>\n<script type=\"application\/ld+json\" class=\"yoast-schema-graph\">{\"@context\":\"https:\\\/\\\/schema.org\",\"@graph\":[{\"@type\":\"WebPage\",\"@id\":\"https:\\\/\\\/www.reseau-entreprendre.org\\\/provence\\\/soutenir\\\/\",\"url\":\"https:\\\/\\\/www.reseau-entreprendre.org\\\/provence\\\/soutenir\\\/\",\"name\":\"Soutenir | Reseau Entreprendre Provence\",\"isPartOf\":{\"@id\":\"https:\\\/\\\/www.reseau-entreprendre.org\\\/provence\\\/#website\"},\"datePublished\":\"2017-04-28T10:34:01+00:00\",\"dateModified\":\"2021-10-14T12:06:45+00:00\",\"description\":\"Partenaire, vous souhaitez soutenir un r\u00e9seau 100% chefs d'entreprise ? Rejoignez R\u00e9seau Entreprendre Provence\",\"breadcrumb\":{\"@id\":\"https:\\\/\\\/www.reseau-entreprendre.org\\\/provence\\\/soutenir\\\/#breadcrumb\"},\"inLanguage\":\"fr-FR\",\"potentialAction\":[{\"@type\":\"ReadAction\",\"target\":[\"https:\\\/\\\/www.reseau-entreprendre.org\\\/provence\\\/soutenir\\\/\"]}]},{\"@type\":\"BreadcrumbList\",\"@id\":\"https:\\\/\\\/www.reseau-entreprendre.org\\\/provence\\\/soutenir\\\/#breadcrumb\",\"itemListElement\":[{\"@type\":\"ListItem\",\"position\":1,\"name\":\"Accueil\",\"item\":\"https:\\\/\\\/www.reseau-entreprendre.org\\\/provence\\\/\"},{\"@type\":\"ListItem\",\"position\":2,\"name\":\"Nous Soutenir\"}]},{\"@type\":\"WebSite\",\"@id\":\"https:\\\/\\\/www.reseau-entreprendre.org\\\/provence\\\/#website\",\"url\":\"https:\\\/\\\/www.reseau-entreprendre.org\\\/provence\\\/\",\"name\":\"R\u00e9seau Entreprendre Provence\",\"description\":\"Pour cr\u00e9er des emplois durables, cr\u00e9ons des employeurs responsables\",\"potentialAction\":[{\"@type\":\"SearchAction\",\"target\":{\"@type\":\"EntryPoint\",\"urlTemplate\":\"https:\\\/\\\/www.reseau-entreprendre.org\\\/provence\\\/?s={search_term_string}\"},\"query-input\":{\"@type\":\"PropertyValueSpecification\",\"valueRequired\":true,\"valueName\":\"search_term_string\"}}],\"inLanguage\":\"fr-FR\"}]}<\/script>\n<!-- \/ Yoast SEO plugin. -->","yoast_head_json":{"title":"Soutenir | Reseau Entreprendre Provence","description":"Partenaire, vous souhaitez soutenir un r\u00e9seau 100% chefs d'entreprise ? Rejoignez R\u00e9seau Entreprendre Provence","robots":{"index":"index","follow":"follow","max-snippet":"max-snippet:-1","max-image-preview":"max-image-preview:large","max-video-preview":"max-video-preview:-1"},"canonical":"https:\/\/www.reseau-entreprendre.org\/provence\/soutenir\/","og_locale":"fr_FR","og_type":"article","og_title":"Soutenir | Reseau Entreprendre Provence","og_description":"Partenaire, vous souhaitez soutenir un r\u00e9seau 100% chefs d'entreprise ? Rejoignez R\u00e9seau Entreprendre Provence","og_url":"https:\/\/www.reseau-entreprendre.org\/provence\/soutenir\/","og_site_name":"R\u00e9seau Entreprendre Provence","article_modified_time":"2021-10-14T12:06:45+00:00","twitter_card":"summary_large_image","twitter_misc":{"Dur\u00e9e de lecture estim\u00e9e":"1 minute"},"schema":{"@context":"https:\/\/schema.org","@graph":[{"@type":"WebPage","@id":"https:\/\/www.reseau-entreprendre.org\/provence\/soutenir\/","url":"https:\/\/www.reseau-entreprendre.org\/provence\/soutenir\/","name":"Soutenir | Reseau Entreprendre Provence","isPartOf":{"@id":"https:\/\/www.reseau-entreprendre.org\/provence\/#website"},"datePublished":"2017-04-28T10:34:01+00:00","dateModified":"2021-10-14T12:06:45+00:00","description":"Partenaire, vous souhaitez soutenir un r\u00e9seau 100% chefs d'entreprise ? Rejoignez R\u00e9seau Entreprendre Provence","breadcrumb":{"@id":"https:\/\/www.reseau-entreprendre.org\/provence\/soutenir\/#breadcrumb"},"inLanguage":"fr-FR","potentialAction":[{"@type":"ReadAction","target":["https:\/\/www.reseau-entreprendre.org\/provence\/soutenir\/"]}]},{"@type":"BreadcrumbList","@id":"https:\/\/www.reseau-entreprendre.org\/provence\/soutenir\/#breadcrumb","itemListElement":[{"@type":"ListItem","position":1,"name":"Accueil","item":"https:\/\/www.reseau-entreprendre.org\/provence\/"},{"@type":"ListItem","position":2,"name":"Nous Soutenir"}]},{"@type":"WebSite","@id":"https:\/\/www.reseau-entreprendre.org\/provence\/#website","url":"https:\/\/www.reseau-entreprendre.org\/provence\/","name":"R\u00e9seau Entreprendre Provence","description":"Pour cr\u00e9er des emplois durables, cr\u00e9ons des employeurs responsables","potentialAction":[{"@type":"SearchAction","target":{"@type":"EntryPoint","urlTemplate":"https:\/\/www.reseau-entreprendre.org\/provence\/?s={search_term_string}"},"query-input":{"@type":"PropertyValueSpecification","valueRequired":true,"valueName":"search_term_string"}}],"inLanguage":"fr-FR"}]}},"_links":{"self":[{"href":"https:\/\/www.reseau-entreprendre.org\/provence\/wp-json\/wp\/v2\/pages\/17","targetHints":{"allow":["GET"]}}],"collection":[{"href":"https:\/\/www.reseau-entreprendre.org\/provence\/wp-json\/wp\/v2\/pages"}],"about":[{"href":"https:\/\/www.reseau-entreprendre.org\/provence\/wp-json\/wp\/v2\/types\/page"}],"author":[{"embeddable":true,"href":"https:\/\/www.reseau-entreprendre.org\/provence\/wp-json\/wp\/v2\/users\/39"}],"replies":[{"embeddable":true,"href":"https:\/\/www.reseau-entreprendre.org\/provence\/wp-json\/wp\/v2\/comments?post=17"}],"version-history":[{"count":0,"href":"https:\/\/www.reseau-entreprendre.org\/provence\/wp-json\/wp\/v2\/pages\/17\/revisions"}],"wp:attachment":[{"href":"https:\/\/www.reseau-entreprendre.org\/provence\/wp-json\/wp\/v2\/media?parent=17"}],"curies":[{"name":"wp","href":"https:\/\/api.w.org\/{rel}","templated":true}]}}