{"id":11,"date":"2017-04-28T12:33:20","date_gmt":"2017-04-28T10:33:20","guid":{"rendered":"https:\/\/www.reseau-entreprendre.org\/rhone-durance\/?page_id=11"},"modified":"2025-11-20T12:25:41","modified_gmt":"2025-11-20T11:25:41","slug":"qui-sommes-nous","status":"publish","type":"page","link":"https:\/\/www.reseau-entreprendre.org\/rhone-durance\/qui-sommes-nous\/","title":{"rendered":"Qui sommes-nous"},"content":{"rendered":"\n<h2 class=\"wp-block-heading\"><\/h2>\n\n\n\n<p><\/p>\n\n\n\n<p><strong>R\u00e9seau Entreprendre Rh\u00f4ne-Durance : 20 ans d\u2019engagement entrepreneurial sur notre territoire<\/strong><\/p>\n\n\n\n<p>R\u00e9seau Entreprendre PACA a \u00e9t\u00e9 fond\u00e9 \u00e0 Marseille en 1999 par trois figures embl\u00e9matiques du monde \u00e9conomique :<\/p>\n\n\n\n<ul class=\"wp-block-list\">\n<li><strong>Christian CARASSOU-MAILLAN<\/strong> (Pr\u00e9sident du Directoire de Vacances Bleues),<\/li>\n\n\n\n<li><strong>Bernard MAUREL<\/strong> (Pr\u00e9sident de la Banque Martin Maurel),<\/li>\n\n\n\n<li><strong>Raymond VIDIL<\/strong> (PDG de MARFRET).<\/li>\n<\/ul>\n\n\n\n<p>La section Vaucluse a vu le jour en 2003, port\u00e9e par un groupe d\u2019entrepreneurs vauclusiens convaincus par la force du mod\u00e8le R\u00e9seau Entreprendre et d\u00e9sireux d\u2019implanter cette dynamique d\u2019entraide sur leur territoire.<\/p>\n\n\n\n<p>En 2013, les quatre sections de R\u00e9seau Entreprendre PACA (Bouches-du-Rh\u00f4ne, Var, C\u00f4te d\u2019Azur et Vaucluse) deviennent des associations autonomes. C\u2019est ainsi que <strong>R\u00e9seau Entreprendre Rh\u00f4ne-Durance<\/strong> prend officiellement son envol.<\/p>\n\n\n\n<hr class=\"wp-block-separator has-alpha-channel-opacity\" \/>\n\n\n\n<p><strong>Notre mission<\/strong><\/p>\n\n\n\n<p>R\u00e9seau Entreprendre Rh\u00f4ne-Durance est une association de <strong>chefs d\u2019entreprise en activit\u00e9<\/strong> qui accompagnent des porteurs de projets dans la cr\u00e9ation, la reprise ou le d\u00e9veloppement de PME \u00e0 fort potentiel.<br>Au-del\u00e0 du financement, notre ADN repose sur un accompagnement humain exigeant, durable et bienveillant.<br>Chaque projet soutenu doit avoir une ambition forte : <strong>cr\u00e9er au moins 5 emplois \u00e0 3 ans<\/strong>.<\/p>\n\n\n\n<p>Nous intervenons sur un territoire large :<br>&#x1f4cd; le Vaucluse<br>&#x1f4cd; le nord des Bouches-du-Rh\u00f4ne<br>&#x1f4cd; l\u2019est du Gard rhodanien<\/p>\n\n\n\n<hr class=\"wp-block-separator has-alpha-channel-opacity\" \/>\n\n\n\n<p><strong>Une communaut\u00e9 engag\u00e9e<\/strong><\/p>\n\n\n\n<p>Plus d\u2019une <strong>centaine de chefs d\u2019entreprise<\/strong> du territoire donnent b\u00e9n\u00e9volement de leur temps pour accompagner les entrepreneurs. Ils cotisent, s\u2019impliquent, \u00e9coutent, questionnent, conseillent\u2026 parce qu\u2019ils savent qu\u2019un entrepreneur accompagn\u00e9 a 2 \u00e0 3 fois plus de chances de r\u00e9ussir.<\/p>\n\n\n\n<p>Depuis 2003, <strong>+ de 200 laur\u00e9ats<\/strong> ont \u00e9t\u00e9 soutenus par R\u00e9seau Entreprendre Rh\u00f4ne-Durance.<br>La plupart deviennent \u00e0 leur tour membres du r\u00e9seau \u2014 un cercle vertueux qui illustre parfaitement notre valeur phare : <strong>\u00ab Pour entreprendre, il faut \u00eatre accompagn\u00e9 ; pour accompagner, il faut avoir entrepris. \u00bb<\/strong><\/p>\n\n\n\n<hr class=\"wp-block-separator has-alpha-channel-opacity\" \/>\n\n\n\n<p><strong>Une \u00e9quipe engag\u00e9e au quotidien<\/strong><\/p>\n\n\n\n<p>Derri\u00e8re la dynamique du r\u00e9seau, une \u00e9quipe op\u00e9rationnelle passionn\u00e9e \u0153uvre chaque jour pour faire vivre les valeurs de l\u2019association :<\/p>\n\n\n\n<p><strong>Brigitte BOREL, Directrice<\/strong><br>V\u00e9ritable cheffe d\u2019orchestre du r\u00e9seau, elle impulse l\u2019\u00e9nergie, structure les actions, anime les membres et veille \u00e0 la qualit\u00e9 de l\u2019accompagnement. Vision, exigence et humanit\u00e9 : elle porte haut les couleurs de RERD.<\/p>\n\n\n\n<p><strong>Amandine CHAFER, Assistante de direction<\/strong><br>Le pilier organisationnel. Amandine assure la coordination, le suivi des dossiers, l\u2019appui administratif et la fluidit\u00e9 du quotidien. Une pr\u00e9sence pr\u00e9cieuse, rigoureuse et essentielle.<\/p>\n\n\n\n<p><strong>Julie Shearn, Charg\u00e9e de communication<\/strong><br>La voix du r\u00e9seau. Elle valorise les laur\u00e9ats, dynamise les communaut\u00e9s, renforce notre visibilit\u00e9 et porte notre image avec fra\u00eecheur et enthousiasme.<\/p>\n\n\n<div class=\"wp-block-image\">\n<figure class=\"aligncenter size-full\"><img loading=\"lazy\" decoding=\"async\" width=\"1024\" height=\"683\" src=\"https:\/\/www.reseau-entreprendre.org\/rhone-durance\/wp-content\/uploads\/sites\/33\/2024\/06\/Credit-photo_Elodie-Torre\u00a9-173.jpg\" alt=\"\" class=\"wp-image-3661\" srcset=\"https:\/\/www.reseau-entreprendre.org\/rhone-durance\/wp-content\/uploads\/sites\/33\/2024\/06\/Credit-photo_Elodie-Torre\u00a9-173.jpg 1024w, https:\/\/www.reseau-entreprendre.org\/rhone-durance\/wp-content\/uploads\/sites\/33\/2024\/06\/Credit-photo_Elodie-Torre\u00a9-173-300x200.jpg 300w, https:\/\/www.reseau-entreprendre.org\/rhone-durance\/wp-content\/uploads\/sites\/33\/2024\/06\/Credit-photo_Elodie-Torre\u00a9-173-768x512.jpg 768w, https:\/\/www.reseau-entreprendre.org\/rhone-durance\/wp-content\/uploads\/sites\/33\/2024\/06\/Credit-photo_Elodie-Torre\u00a9-173-391x260.jpg 391w, https:\/\/www.reseau-entreprendre.org\/rhone-durance\/wp-content\/uploads\/sites\/33\/2024\/06\/Credit-photo_Elodie-Torre\u00a9-173-195x130.jpg 195w, https:\/\/www.reseau-entreprendre.org\/rhone-durance\/wp-content\/uploads\/sites\/33\/2024\/06\/Credit-photo_Elodie-Torre\u00a9-173-100x67.jpg 100w\" sizes=\"auto, (max-width: 1024px) 100vw, 1024px\" \/><figcaption class=\"wp-element-caption\">Assembl\u00e9e G\u00e9n\u00e9rale, 22 mai 2024 &#8211; Au domaine du  &#8220;Petit Roulet&#8221; \u00e0 Cavaillon<\/figcaption><\/figure>\n<\/div>","protected":false},"excerpt":{"rendered":"<p>R\u00e9seau Entreprendre Rh\u00f4ne-Durance : 20 ans d\u2019engagement entrepreneurial sur notre<\/p>\n","protected":false},"author":1,"featured_media":0,"parent":0,"menu_order":0,"comment_status":"closed","ping_status":"closed","template":"","meta":{"_acf_changed":false,"_monsterinsights_skip_tracking":false,"_monsterinsights_sitenote_active":false,"_monsterinsights_sitenote_note":"","_monsterinsights_sitenote_category":0,"footnotes":""},"class_list":["post-11","page","type-page","status-publish","hentry"],"acf":[],"yoast_head":"<!-- This site is optimized with the Yoast SEO plugin v27.4 - https:\/\/yoast.com\/product\/yoast-seo-wordpress\/ -->\n<title>Qui sommes-nous ? | Reseau Entreprendre Rh\u00f4ne-Durance<\/title>\n<meta name=\"description\" content=\"R\u00e9seau Entreprendre Rh\u00f4ne-Durance est l&#039;association de chefs d&#039;entreprise de votre r\u00e9gion.\" \/>\n<meta name=\"robots\" content=\"index, follow, max-snippet:-1, max-image-preview:large, max-video-preview:-1\" \/>\n<link rel=\"canonical\" href=\"https:\/\/www.reseau-entreprendre.org\/rhone-durance\/qui-sommes-nous\/\" \/>\n<meta property=\"og:locale\" content=\"fr_FR\" \/>\n<meta property=\"og:type\" content=\"article\" \/>\n<meta property=\"og:title\" content=\"Qui sommes-nous ? | Reseau Entreprendre Rh\u00f4ne-Durance\" \/>\n<meta property=\"og:description\" content=\"R\u00e9seau Entreprendre Rh\u00f4ne-Durance est l&#039;association de chefs d&#039;entreprise de votre r\u00e9gion.\" \/>\n<meta property=\"og:url\" content=\"https:\/\/www.reseau-entreprendre.org\/rhone-durance\/qui-sommes-nous\/\" \/>\n<meta property=\"og:site_name\" content=\"R\u00e9seau Entreprendre Rh\u00f4ne-Durance\" \/>\n<meta property=\"article:modified_time\" content=\"2025-11-20T11:25:41+00:00\" \/>\n<meta name=\"twitter:card\" content=\"summary_large_image\" \/>\n<meta name=\"twitter:label1\" content=\"Dur\u00e9e de lecture estim\u00e9e\" \/>\n\t<meta name=\"twitter:data1\" content=\"3 minutes\" \/>\n<script type=\"application\/ld+json\" class=\"yoast-schema-graph\">{\"@context\":\"https:\\\/\\\/schema.org\",\"@graph\":[{\"@type\":\"WebPage\",\"@id\":\"https:\\\/\\\/www.reseau-entreprendre.org\\\/rhone-durance\\\/qui-sommes-nous\\\/\",\"url\":\"https:\\\/\\\/www.reseau-entreprendre.org\\\/rhone-durance\\\/qui-sommes-nous\\\/\",\"name\":\"Qui sommes-nous ? | Reseau Entreprendre Rh\u00f4ne-Durance\",\"isPartOf\":{\"@id\":\"https:\\\/\\\/www.reseau-entreprendre.org\\\/rhone-durance\\\/#website\"},\"datePublished\":\"2017-04-28T10:33:20+00:00\",\"dateModified\":\"2025-11-20T11:25:41+00:00\",\"description\":\"R\u00e9seau Entreprendre Rh\u00f4ne-Durance est l'association de chefs d'entreprise de votre r\u00e9gion.\",\"breadcrumb\":{\"@id\":\"https:\\\/\\\/www.reseau-entreprendre.org\\\/rhone-durance\\\/qui-sommes-nous\\\/#breadcrumb\"},\"inLanguage\":\"fr-FR\",\"potentialAction\":[{\"@type\":\"ReadAction\",\"target\":[\"https:\\\/\\\/www.reseau-entreprendre.org\\\/rhone-durance\\\/qui-sommes-nous\\\/\"]}]},{\"@type\":\"BreadcrumbList\",\"@id\":\"https:\\\/\\\/www.reseau-entreprendre.org\\\/rhone-durance\\\/qui-sommes-nous\\\/#breadcrumb\",\"itemListElement\":[{\"@type\":\"ListItem\",\"position\":1,\"name\":\"Accueil\",\"item\":\"https:\\\/\\\/www.reseau-entreprendre.org\\\/rhone-durance\\\/\"},{\"@type\":\"ListItem\",\"position\":2,\"name\":\"Qui sommes-nous\"}]},{\"@type\":\"WebSite\",\"@id\":\"https:\\\/\\\/www.reseau-entreprendre.org\\\/rhone-durance\\\/#website\",\"url\":\"https:\\\/\\\/www.reseau-entreprendre.org\\\/rhone-durance\\\/\",\"name\":\"R\u00e9seau Entreprendre Rh\u00f4ne-Durance\",\"description\":\"Un site utilisant Les sites de R\u00e9seau Entreprendre\",\"potentialAction\":[{\"@type\":\"SearchAction\",\"target\":{\"@type\":\"EntryPoint\",\"urlTemplate\":\"https:\\\/\\\/www.reseau-entreprendre.org\\\/rhone-durance\\\/?s={search_term_string}\"},\"query-input\":{\"@type\":\"PropertyValueSpecification\",\"valueRequired\":true,\"valueName\":\"search_term_string\"}}],\"inLanguage\":\"fr-FR\"}]}<\/script>\n<!-- \/ Yoast SEO plugin. -->","yoast_head_json":{"title":"Qui sommes-nous ? | Reseau Entreprendre Rh\u00f4ne-Durance","description":"R\u00e9seau Entreprendre Rh\u00f4ne-Durance est l'association de chefs d'entreprise de votre r\u00e9gion.","robots":{"index":"index","follow":"follow","max-snippet":"max-snippet:-1","max-image-preview":"max-image-preview:large","max-video-preview":"max-video-preview:-1"},"canonical":"https:\/\/www.reseau-entreprendre.org\/rhone-durance\/qui-sommes-nous\/","og_locale":"fr_FR","og_type":"article","og_title":"Qui sommes-nous ? | Reseau Entreprendre Rh\u00f4ne-Durance","og_description":"R\u00e9seau Entreprendre Rh\u00f4ne-Durance est l'association de chefs d'entreprise de votre r\u00e9gion.","og_url":"https:\/\/www.reseau-entreprendre.org\/rhone-durance\/qui-sommes-nous\/","og_site_name":"R\u00e9seau Entreprendre Rh\u00f4ne-Durance","article_modified_time":"2025-11-20T11:25:41+00:00","twitter_card":"summary_large_image","twitter_misc":{"Dur\u00e9e de lecture estim\u00e9e":"3 minutes"},"schema":{"@context":"https:\/\/schema.org","@graph":[{"@type":"WebPage","@id":"https:\/\/www.reseau-entreprendre.org\/rhone-durance\/qui-sommes-nous\/","url":"https:\/\/www.reseau-entreprendre.org\/rhone-durance\/qui-sommes-nous\/","name":"Qui sommes-nous ? | Reseau Entreprendre Rh\u00f4ne-Durance","isPartOf":{"@id":"https:\/\/www.reseau-entreprendre.org\/rhone-durance\/#website"},"datePublished":"2017-04-28T10:33:20+00:00","dateModified":"2025-11-20T11:25:41+00:00","description":"R\u00e9seau Entreprendre Rh\u00f4ne-Durance est l'association de chefs d'entreprise de votre r\u00e9gion.","breadcrumb":{"@id":"https:\/\/www.reseau-entreprendre.org\/rhone-durance\/qui-sommes-nous\/#breadcrumb"},"inLanguage":"fr-FR","potentialAction":[{"@type":"ReadAction","target":["https:\/\/www.reseau-entreprendre.org\/rhone-durance\/qui-sommes-nous\/"]}]},{"@type":"BreadcrumbList","@id":"https:\/\/www.reseau-entreprendre.org\/rhone-durance\/qui-sommes-nous\/#breadcrumb","itemListElement":[{"@type":"ListItem","position":1,"name":"Accueil","item":"https:\/\/www.reseau-entreprendre.org\/rhone-durance\/"},{"@type":"ListItem","position":2,"name":"Qui sommes-nous"}]},{"@type":"WebSite","@id":"https:\/\/www.reseau-entreprendre.org\/rhone-durance\/#website","url":"https:\/\/www.reseau-entreprendre.org\/rhone-durance\/","name":"R\u00e9seau Entreprendre Rh\u00f4ne-Durance","description":"Un site utilisant Les sites de R\u00e9seau Entreprendre","potentialAction":[{"@type":"SearchAction","target":{"@type":"EntryPoint","urlTemplate":"https:\/\/www.reseau-entreprendre.org\/rhone-durance\/?s={search_term_string}"},"query-input":{"@type":"PropertyValueSpecification","valueRequired":true,"valueName":"search_term_string"}}],"inLanguage":"fr-FR"}]}},"_links":{"self":[{"href":"https:\/\/www.reseau-entreprendre.org\/rhone-durance\/wp-json\/wp\/v2\/pages\/11","targetHints":{"allow":["GET"]}}],"collection":[{"href":"https:\/\/www.reseau-entreprendre.org\/rhone-durance\/wp-json\/wp\/v2\/pages"}],"about":[{"href":"https:\/\/www.reseau-entreprendre.org\/rhone-durance\/wp-json\/wp\/v2\/types\/page"}],"author":[{"embeddable":true,"href":"https:\/\/www.reseau-entreprendre.org\/rhone-durance\/wp-json\/wp\/v2\/users\/1"}],"replies":[{"embeddable":true,"href":"https:\/\/www.reseau-entreprendre.org\/rhone-durance\/wp-json\/wp\/v2\/comments?post=11"}],"version-history":[{"count":0,"href":"https:\/\/www.reseau-entreprendre.org\/rhone-durance\/wp-json\/wp\/v2\/pages\/11\/revisions"}],"wp:attachment":[{"href":"https:\/\/www.reseau-entreprendre.org\/rhone-durance\/wp-json\/wp\/v2\/media?parent=11"}],"curies":[{"name":"wp","href":"https:\/\/api.w.org\/{rel}","templated":true}]}}