{"id":17,"date":"2017-04-28T12:34:01","date_gmt":"2017-04-28T10:34:01","guid":{"rendered":"https:\/\/www.reseau-entreprendre.org\/rhone-durance\/?page_id=17"},"modified":"2021-09-20T16:53:46","modified_gmt":"2021-09-20T14:53:46","slug":"soutenir","status":"publish","type":"page","link":"https:\/\/www.reseau-entreprendre.org\/rhone-durance\/soutenir\/","title":{"rendered":"Soutenir"},"content":{"rendered":"\n<h2 class=\"wp-block-heading\">Soutenir<\/h2>\n\n\n\n<p><span style=\"color: #268597;\">Vous \u00eates une entreprise ou une institution : soutenez notre action !<\/span><\/p>\n\n\n\n<h3 class=\"wp-block-heading\">Pourquoi soutenir R\u00e9seau Entreprendre ?<\/h3>\n\n\n\n<p>POUR ETRE AU CONTACT D\u2019UNE COMMUNAUTE DE CHEFS D\u2019ENTREPRISE<\/p>\n\n\n\n<ul class=\"wp-block-list\"><li>R\u00e9seau Entreprendre est la plus importante association de chefs d\u2019entreprise du Vaucluse : avec ses membres et laur\u00e9ats, ce sont 200 chefs d\u2019entreprise que vous serez amen\u00e9 \u00e0 c\u00f4toyer.<\/li><li>Au niveau national et international, ce sont 14 000 chefs d\u2019entreprise qui sont en lien gr\u00e2ce \u00e0 notre r\u00e9seau social interne WORKPLACE.<\/li><\/ul>\n\n\n\n<p>POUR ENGAGER VOTRE ENTREPRISE<\/p>\n\n\n\n<ul class=\"wp-block-list\"><li>Une association qui d\u00e9veloppe la 1\u00e8re richesse de l\u2019entreprise : l\u2019Homme<\/li><li>Un engagement fort d\u2019entrepreneur : contribuer et aider \u00e0 cr\u00e9er des emplois<\/li><li>Une association apolitique : aucune appartenance, ni ob\u00e9dience (syndicale, politique\u2026)<\/li><li>Un enrichissement personnel au contact des nouveaux cr\u00e9ateurs ou repreneurs<\/li><\/ul>\n\n\n\n<p><span style=\"color: #268597;\">Participer \u00e0 R\u00e9seau Entreprendre Rh\u00f4ne-Durance, c&#8217;est :<\/span><\/p>\n\n\n\n<ul class=\"wp-block-list\"><li><span style=\"color: #268597;\">Participer \u00e0 un <strong>r\u00e9seau dynamique de plus de 14.000 chefs d&#8217;entreprises<\/strong> engag\u00e9s citoyens.<\/span><\/li><li><span style=\"color: #268597;\">Soutenir la <strong>cr\u00e9ation d&#8217;emplois durables<\/strong> dans les territoires.<\/span><\/li><li><span style=\"color: #268597;\">Faire vivre les <strong>valeurs entrepreneuriales<\/strong> \u00e0 vos \u00e9quipes.<\/span><\/li><li><span style=\"color: #268597;\">Valoriser vos <strong>actions en faveur du d\u00e9veloppement \u00e9conomique local<\/strong>.<\/span><\/li><\/ul>\n\n\n\n<h3 class=\"wp-block-heading\">DES MOMENTS CONVIVIAUX<\/h3>\n\n\n\n<p>NOS EVENEMENTS FORTS (participation \u00e0 la carte en fonction de votre disponibilit\u00e9)<\/p>\n\n\n\n<p>Chaque ann\u00e9e, R\u00e9seau Entreprendre Rh\u00f4ne-Durance organise son <strong>Assembl\u00e9e G\u00e9n\u00e9rale<\/strong> o\u00f9 membres, laur\u00e9ats, partenaires et sympathisants se r\u00e9unissent autour d\u2019un \u00e9v\u00e8nement mettant en valeur les nouveaux projets accompagn\u00e9s. Cet \u00e9v\u00e8nement rassemble une centaine de personnes.<\/p>\n\n\n\n<p><strong>La soir\u00e9e des v\u0153ux<\/strong> est un \u00e9v\u00e8nement convivial destin\u00e9 aux membres et laur\u00e9ats rassembl\u00e9es autour d\u2019une manifestation culturelle. Cette soir\u00e9e permet de faire le point sur l\u2019ann\u00e9e pass\u00e9e et sur les objectifs de l\u2019ann\u00e9e \u00e0 venir<\/p>\n\n\n\n<p><strong>Les clubs des laur\u00e9ats<\/strong> permettent \u00e0 nos \u00ab n\u00e9o-entrepreneurs \u00bb de se retrouver une fois par mois lors de rencontres th\u00e9matiques dans l\u2019entreprise d\u2019un des laur\u00e9ats. Ils ont ainsi l\u2019occasion de partager leurs exp\u00e9riences de chefs d\u2019entreprises et de compl\u00e9ter leur \u00ab boite \u00e0 outils \u00bb gr\u00e2ce \u00e0 des th\u00e9matiques abord\u00e9es.<\/p>\n\n\n\n<p><strong>Nos d\u00eeners trimestriels<\/strong> permettent de rassembler laur\u00e9ats &amp; membres dans un cadre convivial autour de conf\u00e9rences\/spectacles culturels dans des lieux d\u2019exception (environ 50\/60 personnes.)<\/p>\n\n\n\n<p><strong>Nos Mardi R\u00e9seaux<\/strong> o\u00f9 chaque mois membres et laur\u00e9ats se r\u00e9unissent autour d\u2019une th\u00e9matique ou d\u2019une visite d\u2019entreprise (environ 15 \u00e0 20 personnes.)<\/p>\n\n\n\n<h3 class=\"wp-block-heading\">NOS VALEURS<\/h3>\n\n\n\n<p><strong>L\u2019important, c\u2019est la personne<\/strong><\/p>\n\n\n\n<p>Servir l\u2019Homme au travers l\u2019entreprise<\/p>\n\n\n\n<p>Un engagement personnel de chacun<\/p>\n\n\n\n<p>Une confiance partag\u00e9e<\/p>\n\n\n\n<p><strong>L\u2019\u00e9thique, c\u2019est la gratuit\u00e9<\/strong><\/p>\n\n\n\n<p>Des conseils et un accompagnement gratuit<\/p>\n\n\n\n<p>Un pr\u00eat d\u2019honneur \u00e0 taux z\u00e9ro financ\u00e9 par l\u2019association<\/p>\n\n\n\n<p>Pas de prise de participation des membres dans les entreprises laur\u00e9ates<\/p>\n\n\n\n<p><strong>L\u2019esprit, c\u2019est la r\u00e9ciprocit\u00e9<\/strong><\/p>\n\n\n\n<p>On donne, on \u00e9change, on re\u00e7oit<\/p>\n\n\n\n<p>Un partage de comp\u00e9tences et d\u2019\u00e9nergie cr\u00e9atrice dans la convivialit\u00e9<\/p>\n","protected":false},"excerpt":{"rendered":"<p>Soutenir Vous \u00eates une entreprise ou une institution : soutenez<\/p>\n","protected":false},"author":34,"featured_media":0,"parent":0,"menu_order":0,"comment_status":"closed","ping_status":"closed","template":"","meta":{"_acf_changed":false,"_monsterinsights_skip_tracking":false,"_monsterinsights_sitenote_active":false,"_monsterinsights_sitenote_note":"","_monsterinsights_sitenote_category":0,"footnotes":""},"class_list":["post-17","page","type-page","status-publish","hentry"],"acf":[],"yoast_head":"<!-- This site is optimized with the Yoast SEO plugin v27.4 - https:\/\/yoast.com\/product\/yoast-seo-wordpress\/ -->\n<title>Soutenir | Reseau Entreprendre Rh\u00f4ne-Durance<\/title>\n<meta name=\"description\" content=\"Partenaire, vous souhaitez soutenir un r\u00e9seau 100% chefs d&#039;entreprise ? Rejoignez R\u00e9seau Entreprendre Rh\u00f4ne-Durance\" \/>\n<meta name=\"robots\" content=\"index, follow, max-snippet:-1, max-image-preview:large, max-video-preview:-1\" \/>\n<link rel=\"canonical\" href=\"https:\/\/www.reseau-entreprendre.org\/rhone-durance\/soutenir\/\" \/>\n<meta property=\"og:locale\" content=\"fr_FR\" \/>\n<meta property=\"og:type\" content=\"article\" \/>\n<meta property=\"og:title\" content=\"Soutenir | Reseau Entreprendre Rh\u00f4ne-Durance\" \/>\n<meta property=\"og:description\" content=\"Partenaire, vous souhaitez soutenir un r\u00e9seau 100% chefs d&#039;entreprise ? Rejoignez R\u00e9seau Entreprendre Rh\u00f4ne-Durance\" \/>\n<meta property=\"og:url\" content=\"https:\/\/www.reseau-entreprendre.org\/rhone-durance\/soutenir\/\" \/>\n<meta property=\"og:site_name\" content=\"R\u00e9seau Entreprendre Rh\u00f4ne-Durance\" \/>\n<meta property=\"article:modified_time\" content=\"2021-09-20T14:53:46+00:00\" \/>\n<meta name=\"twitter:card\" content=\"summary_large_image\" \/>\n<meta name=\"twitter:label1\" content=\"Dur\u00e9e de lecture estim\u00e9e\" \/>\n\t<meta name=\"twitter:data1\" content=\"2 minutes\" \/>\n<script type=\"application\/ld+json\" class=\"yoast-schema-graph\">{\"@context\":\"https:\\\/\\\/schema.org\",\"@graph\":[{\"@type\":\"WebPage\",\"@id\":\"https:\\\/\\\/www.reseau-entreprendre.org\\\/rhone-durance\\\/soutenir\\\/\",\"url\":\"https:\\\/\\\/www.reseau-entreprendre.org\\\/rhone-durance\\\/soutenir\\\/\",\"name\":\"Soutenir | Reseau Entreprendre Rh\u00f4ne-Durance\",\"isPartOf\":{\"@id\":\"https:\\\/\\\/www.reseau-entreprendre.org\\\/rhone-durance\\\/#website\"},\"datePublished\":\"2017-04-28T10:34:01+00:00\",\"dateModified\":\"2021-09-20T14:53:46+00:00\",\"description\":\"Partenaire, vous souhaitez soutenir un r\u00e9seau 100% chefs d'entreprise ? Rejoignez R\u00e9seau Entreprendre Rh\u00f4ne-Durance\",\"breadcrumb\":{\"@id\":\"https:\\\/\\\/www.reseau-entreprendre.org\\\/rhone-durance\\\/soutenir\\\/#breadcrumb\"},\"inLanguage\":\"fr-FR\",\"potentialAction\":[{\"@type\":\"ReadAction\",\"target\":[\"https:\\\/\\\/www.reseau-entreprendre.org\\\/rhone-durance\\\/soutenir\\\/\"]}]},{\"@type\":\"BreadcrumbList\",\"@id\":\"https:\\\/\\\/www.reseau-entreprendre.org\\\/rhone-durance\\\/soutenir\\\/#breadcrumb\",\"itemListElement\":[{\"@type\":\"ListItem\",\"position\":1,\"name\":\"Accueil\",\"item\":\"https:\\\/\\\/www.reseau-entreprendre.org\\\/rhone-durance\\\/\"},{\"@type\":\"ListItem\",\"position\":2,\"name\":\"Soutenir\"}]},{\"@type\":\"WebSite\",\"@id\":\"https:\\\/\\\/www.reseau-entreprendre.org\\\/rhone-durance\\\/#website\",\"url\":\"https:\\\/\\\/www.reseau-entreprendre.org\\\/rhone-durance\\\/\",\"name\":\"R\u00e9seau Entreprendre Rh\u00f4ne-Durance\",\"description\":\"Un site utilisant Les sites de R\u00e9seau Entreprendre\",\"potentialAction\":[{\"@type\":\"SearchAction\",\"target\":{\"@type\":\"EntryPoint\",\"urlTemplate\":\"https:\\\/\\\/www.reseau-entreprendre.org\\\/rhone-durance\\\/?s={search_term_string}\"},\"query-input\":{\"@type\":\"PropertyValueSpecification\",\"valueRequired\":true,\"valueName\":\"search_term_string\"}}],\"inLanguage\":\"fr-FR\"}]}<\/script>\n<!-- \/ Yoast SEO plugin. -->","yoast_head_json":{"title":"Soutenir | Reseau Entreprendre Rh\u00f4ne-Durance","description":"Partenaire, vous souhaitez soutenir un r\u00e9seau 100% chefs d'entreprise ? Rejoignez R\u00e9seau Entreprendre Rh\u00f4ne-Durance","robots":{"index":"index","follow":"follow","max-snippet":"max-snippet:-1","max-image-preview":"max-image-preview:large","max-video-preview":"max-video-preview:-1"},"canonical":"https:\/\/www.reseau-entreprendre.org\/rhone-durance\/soutenir\/","og_locale":"fr_FR","og_type":"article","og_title":"Soutenir | Reseau Entreprendre Rh\u00f4ne-Durance","og_description":"Partenaire, vous souhaitez soutenir un r\u00e9seau 100% chefs d'entreprise ? Rejoignez R\u00e9seau Entreprendre Rh\u00f4ne-Durance","og_url":"https:\/\/www.reseau-entreprendre.org\/rhone-durance\/soutenir\/","og_site_name":"R\u00e9seau Entreprendre Rh\u00f4ne-Durance","article_modified_time":"2021-09-20T14:53:46+00:00","twitter_card":"summary_large_image","twitter_misc":{"Dur\u00e9e de lecture estim\u00e9e":"2 minutes"},"schema":{"@context":"https:\/\/schema.org","@graph":[{"@type":"WebPage","@id":"https:\/\/www.reseau-entreprendre.org\/rhone-durance\/soutenir\/","url":"https:\/\/www.reseau-entreprendre.org\/rhone-durance\/soutenir\/","name":"Soutenir | Reseau Entreprendre Rh\u00f4ne-Durance","isPartOf":{"@id":"https:\/\/www.reseau-entreprendre.org\/rhone-durance\/#website"},"datePublished":"2017-04-28T10:34:01+00:00","dateModified":"2021-09-20T14:53:46+00:00","description":"Partenaire, vous souhaitez soutenir un r\u00e9seau 100% chefs d'entreprise ? Rejoignez R\u00e9seau Entreprendre Rh\u00f4ne-Durance","breadcrumb":{"@id":"https:\/\/www.reseau-entreprendre.org\/rhone-durance\/soutenir\/#breadcrumb"},"inLanguage":"fr-FR","potentialAction":[{"@type":"ReadAction","target":["https:\/\/www.reseau-entreprendre.org\/rhone-durance\/soutenir\/"]}]},{"@type":"BreadcrumbList","@id":"https:\/\/www.reseau-entreprendre.org\/rhone-durance\/soutenir\/#breadcrumb","itemListElement":[{"@type":"ListItem","position":1,"name":"Accueil","item":"https:\/\/www.reseau-entreprendre.org\/rhone-durance\/"},{"@type":"ListItem","position":2,"name":"Soutenir"}]},{"@type":"WebSite","@id":"https:\/\/www.reseau-entreprendre.org\/rhone-durance\/#website","url":"https:\/\/www.reseau-entreprendre.org\/rhone-durance\/","name":"R\u00e9seau Entreprendre Rh\u00f4ne-Durance","description":"Un site utilisant Les sites de R\u00e9seau Entreprendre","potentialAction":[{"@type":"SearchAction","target":{"@type":"EntryPoint","urlTemplate":"https:\/\/www.reseau-entreprendre.org\/rhone-durance\/?s={search_term_string}"},"query-input":{"@type":"PropertyValueSpecification","valueRequired":true,"valueName":"search_term_string"}}],"inLanguage":"fr-FR"}]}},"_links":{"self":[{"href":"https:\/\/www.reseau-entreprendre.org\/rhone-durance\/wp-json\/wp\/v2\/pages\/17","targetHints":{"allow":["GET"]}}],"collection":[{"href":"https:\/\/www.reseau-entreprendre.org\/rhone-durance\/wp-json\/wp\/v2\/pages"}],"about":[{"href":"https:\/\/www.reseau-entreprendre.org\/rhone-durance\/wp-json\/wp\/v2\/types\/page"}],"author":[{"embeddable":true,"href":"https:\/\/www.reseau-entreprendre.org\/rhone-durance\/wp-json\/wp\/v2\/users\/34"}],"replies":[{"embeddable":true,"href":"https:\/\/www.reseau-entreprendre.org\/rhone-durance\/wp-json\/wp\/v2\/comments?post=17"}],"version-history":[{"count":0,"href":"https:\/\/www.reseau-entreprendre.org\/rhone-durance\/wp-json\/wp\/v2\/pages\/17\/revisions"}],"wp:attachment":[{"href":"https:\/\/www.reseau-entreprendre.org\/rhone-durance\/wp-json\/wp\/v2\/media?parent=17"}],"curies":[{"name":"wp","href":"https:\/\/api.w.org\/{rel}","templated":true}]}}