{"id":2377,"date":"2019-09-25T14:04:30","date_gmt":"2019-09-25T12:04:30","guid":{"rendered":"https:\/\/re-preprod-entreprendre.fr\/rhone\/?page_id=2377"},"modified":"2021-10-08T20:49:52","modified_gmt":"2021-10-08T18:49:52","slug":"entreprendre-start","status":"publish","type":"page","link":"https:\/\/www.reseau-entreprendre.org\/rhone\/entreprendre-start\/","title":{"rendered":"Start"},"content":{"rendered":"\n<div class=\"wp-block-image\"><figure class=\"aligncenter size-full\"><img loading=\"lazy\" decoding=\"async\" width=\"566\" height=\"302\" src=\"https:\/\/www.reseau-entreprendre.org\/rhone\/wp-content\/uploads\/sites\/32\/2019\/10\/Header-site-START.png\" alt=\"\" class=\"wp-image-2716\" srcset=\"https:\/\/www.reseau-entreprendre.org\/rhone\/wp-content\/uploads\/sites\/32\/2019\/10\/Header-site-START.png 566w, https:\/\/www.reseau-entreprendre.org\/rhone\/wp-content\/uploads\/sites\/32\/2019\/10\/Header-site-START-300x160.png 300w\" sizes=\"auto, (max-width: 566px) 100vw, 566px\" \/><\/figure><\/div>\n\n\n\n<div style=\"height:37px\" aria-hidden=\"true\" class=\"wp-block-spacer\"><\/div>\n\n\n\n<h3 class=\"has-text-align-center wp-block-heading\">Vous souhaitez vous renforcer et r\u00e9ussir votre d\u00e9marrage d&#8217;activit\u00e9 :<\/h3>\n\n\n\n<div style=\"height:26px\" aria-hidden=\"true\" class=\"wp-block-spacer\"><\/div>\n\n\n\n<div class=\"wp-block-columns is-layout-flex wp-container-core-columns-is-layout-9d6595d7 wp-block-columns-is-layout-flex\">\n<div class=\"wp-block-column is-layout-flow wp-block-column-is-layout-flow\" style=\"flex-basis:15%\"><\/div>\n\n\n\n<div class=\"wp-block-column is-layout-flow wp-block-column-is-layout-flow\">\n<ul class=\"wp-block-list\"><li>Vous avez une preuve de concept ? un produit ou un service ? un business plan et un pr\u00e9visionnel financier d\u00e9j\u00e0 \u00e9labor\u00e9s ?<\/li><li>Votre entreprise a moins de 3 ans ?<\/li><li>Vous pr\u00e9voyez la cr\u00e9ation 5 emplois ? Dans le cas d\u2019une reprise, la cible doit compter au minimum 5 emplois.<\/li><li>Vous \u00eates majoritaire au capital de l\u2019entreprise et non franchis\u00e9 et vous \u00eates impliqu\u00e9s \u00e0 100% dans votre projet entrepreneurial ?<\/li><\/ul>\n<\/div>\n\n\n\n<div class=\"wp-block-column is-layout-flow wp-block-column-is-layout-flow\" style=\"flex-basis:15%\"><\/div>\n<\/div>\n\n\n\n<div style=\"height:39px\" aria-hidden=\"true\" class=\"wp-block-spacer\"><\/div>\n\n\n\n<div class=\"wp-block-group p-5 has-background\" style=\"background-color:#f8f8fc\"><div class=\"wp-block-group__inner-container is-layout-flow wp-block-group-is-layout-flow\">\n<div style=\"height:19px\" aria-hidden=\"true\" class=\"wp-block-spacer\"><\/div>\n\n\n\n<h3 class=\"has-text-align-center has-re-blue-color has-text-color wp-block-heading\"><strong>Notre accompagnement<\/strong><\/h3>\n\n\n\n<div style=\"height:17px\" aria-hidden=\"true\" class=\"wp-block-spacer\"><\/div>\n\n\n\n<div class=\"wp-block-columns is-layout-flex wp-container-core-columns-is-layout-9d6595d7 wp-block-columns-is-layout-flex\">\n<div class=\"wp-block-column is-layout-flow wp-block-column-is-layout-flow\">\n<div class=\"wp-block-image\"><figure class=\"aligncenter size-full is-resized\"><img decoding=\"async\" src=\"https:\/\/www.reseau-entreprendre.org\/rhone\/wp-content\/uploads\/sites\/32\/2019\/08\/couple.png\" alt=\"\" class=\"wp-image-2383\" width=\"79\" height=\"NaN\"\/><\/figure><\/div>\n\n\n\n<p class=\"has-text-align-center has-medium-font-size\"><strong>Mentorat individuel<\/strong><\/p>\n\n\n\n<ul class=\"has-normal-font-size wp-block-list\"><li>Par un chef d\u2019entreprise (profil senior), \u00e9changez de pair \u00e0 pair chaque mois pendant 3 ann\u00e9es<\/li><\/ul>\n<\/div>\n\n\n\n<div class=\"wp-block-column is-layout-flow wp-block-column-is-layout-flow\">\n<div class=\"wp-block-image\"><figure class=\"aligncenter size-full is-resized\"><img decoding=\"async\" src=\"https:\/\/www.reseau-entreprendre.org\/rhone\/wp-content\/uploads\/sites\/32\/2019\/08\/pouce.png\" alt=\"\" class=\"wp-image-2382\" width=\"68\" height=\"NaN\"\/><\/figure><\/div>\n\n\n\n<p class=\"has-text-align-center has-medium-font-size\"><strong>\u00c9voluer collectivement<\/strong><\/p>\n\n\n\n<ul class=\"has-normal-font-size wp-block-list\"><li>En vous int\u00e9grant \u00e0 un club de laur\u00e9at vivant les m\u00eames phases de d\u00e9veloppement que vous<\/li><li>En participant \u00e0 nos 6 conf\u00e9rences th\u00e9matiques annuelles sur des sujets essentiels \u00e0 votre d\u00e9veloppement<\/li><\/ul>\n<\/div>\n<\/div>\n\n\n\n<div class=\"wp-block-columns are-vertically-aligned-top is-layout-flex wp-container-core-columns-is-layout-9d6595d7 wp-block-columns-is-layout-flex\">\n<div class=\"wp-block-column is-vertically-aligned-top is-layout-flow wp-block-column-is-layout-flow\">\n<div class=\"wp-block-image\"><figure class=\"aligncenter size-full is-resized\"><img decoding=\"async\" src=\"https:\/\/www.reseau-entreprendre.org\/rhone\/wp-content\/uploads\/sites\/32\/2019\/08\/tirelire-rouge.png\" alt=\"\" class=\"wp-image-2318\" width=\"60\" height=\"NaN\"\/><\/figure><\/div>\n\n\n\n<p class=\"has-text-align-center has-medium-font-size\"><strong>Financier<\/strong><\/p>\n\n\n\n<ul class=\"has-normal-font-size wp-block-list\"><li>Par l\u2019octroi d\u2019un pr\u00eat d\u2019honneur jusqu\u2019\u00e0 30k\u20ac ou jusqu\u2019\u00e0 60k\u20ac pour les projets b\u00e9n\u00e9ficiant du dipositif Start\u2019Up &amp; Go, \u00e0 taux 0%, sans int\u00e9r\u00eat, ni caution personnelle<\/li><\/ul>\n<\/div>\n\n\n\n<div class=\"wp-block-column is-vertically-aligned-top is-layout-flow wp-block-column-is-layout-flow\">\n<div class=\"wp-block-image\"><figure class=\"aligncenter size-full is-resized\"><img decoding=\"async\" src=\"https:\/\/www.reseau-entreprendre.org\/rhone\/wp-content\/uploads\/sites\/32\/2019\/08\/t\u00e9moignages.png\" alt=\"\" class=\"wp-image-2317\" width=\"94\" height=\"NaN\"\/><\/figure><\/div>\n\n\n\n<p class=\"has-text-align-center has-medium-font-size\"><strong>Connecter<\/strong><\/p>\n\n\n\n<ul class=\"has-normal-font-size wp-block-list\"><li>Vous donner acc\u00e8s \u00e0 un r\u00e9seau de 14 000 chefs d\u2019entreprise<\/li><li>Convivialit\u00e9 et \u00e9changes lors de nos \u00e9v\u00e9nements annuels<\/li><\/ul>\n<\/div>\n<\/div>\n\n\n\n<div class=\"wp-block-buttons is-content-justification-center is-layout-flex wp-block-buttons-is-layout-flex\">\n<div class=\"wp-block-button is-style-fill\"><a class=\"wp-block-button__link has-re-blue-background-color has-background\" href=\"https:\/\/www.reseau-entreprendre.org\/fr\/entreprendre\/formulaire-porteur-projet\/\">Je candidate<\/a><\/div>\n<\/div>\n<\/div><\/div>\n","protected":false},"excerpt":{"rendered":"<p>Vous souhaitez vous renforcer et r\u00e9ussir votre d\u00e9marrage d&#8217;activit\u00e9 :<\/p>\n","protected":false},"author":33,"featured_media":0,"parent":0,"menu_order":0,"comment_status":"closed","ping_status":"closed","template":"","meta":{"_acf_changed":false,"_monsterinsights_skip_tracking":false,"_monsterinsights_sitenote_active":false,"_monsterinsights_sitenote_note":"","_monsterinsights_sitenote_category":0,"footnotes":""},"class_list":["post-2377","page","type-page","status-publish","hentry"],"acf":[],"yoast_head":"<!-- This site is optimized with the Yoast SEO plugin v27.4 - https:\/\/yoast.com\/product\/yoast-seo-wordpress\/ -->\n<title>Entreprendre : vous accompagner dans votre d\u00e9marrage<\/title>\n<meta name=\"description\" content=\"Vous voulez renforcer votre projet et r\u00e9ussir votre projet de cr\u00e9ation ou reprise ? Entreprendre n&#039;est pas une ligne droite, on est l\u00e0 pour vous accompagner\" \/>\n<meta name=\"robots\" content=\"index, follow, max-snippet:-1, max-image-preview:large, max-video-preview:-1\" \/>\n<link rel=\"canonical\" href=\"https:\/\/www.reseau-entreprendre.org\/rhone\/entreprendre-start\/\" \/>\n<meta property=\"og:locale\" content=\"fr_FR\" \/>\n<meta property=\"og:type\" content=\"article\" \/>\n<meta property=\"og:title\" content=\"Entreprendre : vous accompagner dans votre d\u00e9marrage\" \/>\n<meta property=\"og:description\" content=\"Vous voulez renforcer votre projet et r\u00e9ussir votre projet de cr\u00e9ation ou reprise ? Entreprendre n&#039;est pas une ligne droite, on est l\u00e0 pour vous accompagner\" \/>\n<meta property=\"og:url\" content=\"https:\/\/www.reseau-entreprendre.org\/rhone\/entreprendre-start\/\" \/>\n<meta property=\"og:site_name\" content=\"R\u00e9seau Entreprendre Rh\u00f4ne\" \/>\n<meta property=\"article:publisher\" content=\"https:\/\/www.facebook.com\/R%c3%a9seau-Entreprendre-Rh%c3%b4ne-1929780440581177\/?ref=bookmarks\" \/>\n<meta property=\"article:modified_time\" content=\"2021-10-08T18:49:52+00:00\" \/>\n<meta property=\"og:image\" content=\"https:\/\/www.reseau-entreprendre.org\/rhone\/wp-content\/uploads\/sites\/32\/2019\/10\/Header-site-START.png\" \/>\n<meta name=\"twitter:card\" content=\"summary_large_image\" \/>\n<meta name=\"twitter:label1\" content=\"Dur\u00e9e de lecture estim\u00e9e\" \/>\n\t<meta name=\"twitter:data1\" content=\"2 minutes\" \/>\n<script type=\"application\/ld+json\" class=\"yoast-schema-graph\">{\"@context\":\"https:\\\/\\\/schema.org\",\"@graph\":[{\"@type\":\"WebPage\",\"@id\":\"https:\\\/\\\/www.reseau-entreprendre.org\\\/rhone\\\/entreprendre-start\\\/\",\"url\":\"https:\\\/\\\/www.reseau-entreprendre.org\\\/rhone\\\/entreprendre-start\\\/\",\"name\":\"Entreprendre : vous accompagner dans votre d\u00e9marrage\",\"isPartOf\":{\"@id\":\"https:\\\/\\\/www.reseau-entreprendre.org\\\/rhone\\\/#website\"},\"primaryImageOfPage\":{\"@id\":\"https:\\\/\\\/www.reseau-entreprendre.org\\\/rhone\\\/entreprendre-start\\\/#primaryimage\"},\"image\":{\"@id\":\"https:\\\/\\\/www.reseau-entreprendre.org\\\/rhone\\\/entreprendre-start\\\/#primaryimage\"},\"thumbnailUrl\":\"https:\\\/\\\/www.reseau-entreprendre.org\\\/rhone\\\/wp-content\\\/uploads\\\/sites\\\/32\\\/2019\\\/10\\\/Header-site-START.png\",\"datePublished\":\"2019-09-25T12:04:30+00:00\",\"dateModified\":\"2021-10-08T18:49:52+00:00\",\"description\":\"Vous voulez renforcer votre projet et r\u00e9ussir votre projet de cr\u00e9ation ou reprise ? Entreprendre n'est pas une ligne droite, on est l\u00e0 pour vous accompagner\",\"breadcrumb\":{\"@id\":\"https:\\\/\\\/www.reseau-entreprendre.org\\\/rhone\\\/entreprendre-start\\\/#breadcrumb\"},\"inLanguage\":\"fr-FR\",\"potentialAction\":[{\"@type\":\"ReadAction\",\"target\":[\"https:\\\/\\\/www.reseau-entreprendre.org\\\/rhone\\\/entreprendre-start\\\/\"]}]},{\"@type\":\"ImageObject\",\"inLanguage\":\"fr-FR\",\"@id\":\"https:\\\/\\\/www.reseau-entreprendre.org\\\/rhone\\\/entreprendre-start\\\/#primaryimage\",\"url\":\"https:\\\/\\\/www.reseau-entreprendre.org\\\/rhone\\\/wp-content\\\/uploads\\\/sites\\\/32\\\/2019\\\/10\\\/Header-site-START.png\",\"contentUrl\":\"https:\\\/\\\/www.reseau-entreprendre.org\\\/rhone\\\/wp-content\\\/uploads\\\/sites\\\/32\\\/2019\\\/10\\\/Header-site-START.png\",\"width\":566,\"height\":302},{\"@type\":\"BreadcrumbList\",\"@id\":\"https:\\\/\\\/www.reseau-entreprendre.org\\\/rhone\\\/entreprendre-start\\\/#breadcrumb\",\"itemListElement\":[{\"@type\":\"ListItem\",\"position\":1,\"name\":\"Accueil\",\"item\":\"https:\\\/\\\/www.reseau-entreprendre.org\\\/rhone\\\/\"},{\"@type\":\"ListItem\",\"position\":2,\"name\":\"Start\"}]},{\"@type\":\"WebSite\",\"@id\":\"https:\\\/\\\/www.reseau-entreprendre.org\\\/rhone\\\/#website\",\"url\":\"https:\\\/\\\/www.reseau-entreprendre.org\\\/rhone\\\/\",\"name\":\"R\u00e9seau Entreprendre Rh\u00f4ne\",\"description\":\"Un site utilisant Les sites de R\u00e9seau Entreprendre\",\"publisher\":{\"@id\":\"https:\\\/\\\/www.reseau-entreprendre.org\\\/rhone\\\/#organization\"},\"potentialAction\":[{\"@type\":\"SearchAction\",\"target\":{\"@type\":\"EntryPoint\",\"urlTemplate\":\"https:\\\/\\\/www.reseau-entreprendre.org\\\/rhone\\\/?s={search_term_string}\"},\"query-input\":{\"@type\":\"PropertyValueSpecification\",\"valueRequired\":true,\"valueName\":\"search_term_string\"}}],\"inLanguage\":\"fr-FR\"},{\"@type\":\"Organization\",\"@id\":\"https:\\\/\\\/www.reseau-entreprendre.org\\\/rhone\\\/#organization\",\"name\":\"R\u00e9seau Entreprendre Rh\u00f4ne\",\"url\":\"https:\\\/\\\/www.reseau-entreprendre.org\\\/rhone\\\/\",\"logo\":{\"@type\":\"ImageObject\",\"inLanguage\":\"fr-FR\",\"@id\":\"https:\\\/\\\/www.reseau-entreprendre.org\\\/rhone\\\/#\\\/schema\\\/logo\\\/image\\\/\",\"url\":\"https:\\\/\\\/www.reseau-entreprendre.org\\\/rhone\\\/wp-content\\\/uploads\\\/sites\\\/32\\\/2018\\\/11\\\/logo_horizontal_re_couleur_rhone-Copie.png\",\"contentUrl\":\"https:\\\/\\\/www.reseau-entreprendre.org\\\/rhone\\\/wp-content\\\/uploads\\\/sites\\\/32\\\/2018\\\/11\\\/logo_horizontal_re_couleur_rhone-Copie.png\",\"width\":1446,\"height\":376,\"caption\":\"R\u00e9seau Entreprendre Rh\u00f4ne\"},\"image\":{\"@id\":\"https:\\\/\\\/www.reseau-entreprendre.org\\\/rhone\\\/#\\\/schema\\\/logo\\\/image\\\/\"},\"sameAs\":[\"https:\\\/\\\/www.facebook.com\\\/R\u00e9seau-Entreprendre-Rh\u00f4ne-1929780440581177\\\/?ref=bookmarks\",\"https:\\\/\\\/www.linkedin.com\\\/in\\\/reseau-entreprendre-rhone\\\/\"]}]}<\/script>\n<!-- \/ Yoast SEO plugin. -->","yoast_head_json":{"title":"Entreprendre : vous accompagner dans votre d\u00e9marrage","description":"Vous voulez renforcer votre projet et r\u00e9ussir votre projet de cr\u00e9ation ou reprise ? Entreprendre n'est pas une ligne droite, on est l\u00e0 pour vous accompagner","robots":{"index":"index","follow":"follow","max-snippet":"max-snippet:-1","max-image-preview":"max-image-preview:large","max-video-preview":"max-video-preview:-1"},"canonical":"https:\/\/www.reseau-entreprendre.org\/rhone\/entreprendre-start\/","og_locale":"fr_FR","og_type":"article","og_title":"Entreprendre : vous accompagner dans votre d\u00e9marrage","og_description":"Vous voulez renforcer votre projet et r\u00e9ussir votre projet de cr\u00e9ation ou reprise ? Entreprendre n'est pas une ligne droite, on est l\u00e0 pour vous accompagner","og_url":"https:\/\/www.reseau-entreprendre.org\/rhone\/entreprendre-start\/","og_site_name":"R\u00e9seau Entreprendre Rh\u00f4ne","article_publisher":"https:\/\/www.facebook.com\/R%c3%a9seau-Entreprendre-Rh%c3%b4ne-1929780440581177\/?ref=bookmarks","article_modified_time":"2021-10-08T18:49:52+00:00","og_image":[{"url":"https:\/\/www.reseau-entreprendre.org\/rhone\/wp-content\/uploads\/sites\/32\/2019\/10\/Header-site-START.png","type":"","width":"","height":""}],"twitter_card":"summary_large_image","twitter_misc":{"Dur\u00e9e de lecture estim\u00e9e":"2 minutes"},"schema":{"@context":"https:\/\/schema.org","@graph":[{"@type":"WebPage","@id":"https:\/\/www.reseau-entreprendre.org\/rhone\/entreprendre-start\/","url":"https:\/\/www.reseau-entreprendre.org\/rhone\/entreprendre-start\/","name":"Entreprendre : vous accompagner dans votre d\u00e9marrage","isPartOf":{"@id":"https:\/\/www.reseau-entreprendre.org\/rhone\/#website"},"primaryImageOfPage":{"@id":"https:\/\/www.reseau-entreprendre.org\/rhone\/entreprendre-start\/#primaryimage"},"image":{"@id":"https:\/\/www.reseau-entreprendre.org\/rhone\/entreprendre-start\/#primaryimage"},"thumbnailUrl":"https:\/\/www.reseau-entreprendre.org\/rhone\/wp-content\/uploads\/sites\/32\/2019\/10\/Header-site-START.png","datePublished":"2019-09-25T12:04:30+00:00","dateModified":"2021-10-08T18:49:52+00:00","description":"Vous voulez renforcer votre projet et r\u00e9ussir votre projet de cr\u00e9ation ou reprise ? Entreprendre n'est pas une ligne droite, on est l\u00e0 pour vous accompagner","breadcrumb":{"@id":"https:\/\/www.reseau-entreprendre.org\/rhone\/entreprendre-start\/#breadcrumb"},"inLanguage":"fr-FR","potentialAction":[{"@type":"ReadAction","target":["https:\/\/www.reseau-entreprendre.org\/rhone\/entreprendre-start\/"]}]},{"@type":"ImageObject","inLanguage":"fr-FR","@id":"https:\/\/www.reseau-entreprendre.org\/rhone\/entreprendre-start\/#primaryimage","url":"https:\/\/www.reseau-entreprendre.org\/rhone\/wp-content\/uploads\/sites\/32\/2019\/10\/Header-site-START.png","contentUrl":"https:\/\/www.reseau-entreprendre.org\/rhone\/wp-content\/uploads\/sites\/32\/2019\/10\/Header-site-START.png","width":566,"height":302},{"@type":"BreadcrumbList","@id":"https:\/\/www.reseau-entreprendre.org\/rhone\/entreprendre-start\/#breadcrumb","itemListElement":[{"@type":"ListItem","position":1,"name":"Accueil","item":"https:\/\/www.reseau-entreprendre.org\/rhone\/"},{"@type":"ListItem","position":2,"name":"Start"}]},{"@type":"WebSite","@id":"https:\/\/www.reseau-entreprendre.org\/rhone\/#website","url":"https:\/\/www.reseau-entreprendre.org\/rhone\/","name":"R\u00e9seau Entreprendre Rh\u00f4ne","description":"Un site utilisant Les sites de R\u00e9seau Entreprendre","publisher":{"@id":"https:\/\/www.reseau-entreprendre.org\/rhone\/#organization"},"potentialAction":[{"@type":"SearchAction","target":{"@type":"EntryPoint","urlTemplate":"https:\/\/www.reseau-entreprendre.org\/rhone\/?s={search_term_string}"},"query-input":{"@type":"PropertyValueSpecification","valueRequired":true,"valueName":"search_term_string"}}],"inLanguage":"fr-FR"},{"@type":"Organization","@id":"https:\/\/www.reseau-entreprendre.org\/rhone\/#organization","name":"R\u00e9seau Entreprendre Rh\u00f4ne","url":"https:\/\/www.reseau-entreprendre.org\/rhone\/","logo":{"@type":"ImageObject","inLanguage":"fr-FR","@id":"https:\/\/www.reseau-entreprendre.org\/rhone\/#\/schema\/logo\/image\/","url":"https:\/\/www.reseau-entreprendre.org\/rhone\/wp-content\/uploads\/sites\/32\/2018\/11\/logo_horizontal_re_couleur_rhone-Copie.png","contentUrl":"https:\/\/www.reseau-entreprendre.org\/rhone\/wp-content\/uploads\/sites\/32\/2018\/11\/logo_horizontal_re_couleur_rhone-Copie.png","width":1446,"height":376,"caption":"R\u00e9seau Entreprendre Rh\u00f4ne"},"image":{"@id":"https:\/\/www.reseau-entreprendre.org\/rhone\/#\/schema\/logo\/image\/"},"sameAs":["https:\/\/www.facebook.com\/R\u00e9seau-Entreprendre-Rh\u00f4ne-1929780440581177\/?ref=bookmarks","https:\/\/www.linkedin.com\/in\/reseau-entreprendre-rhone\/"]}]}},"_links":{"self":[{"href":"https:\/\/www.reseau-entreprendre.org\/rhone\/wp-json\/wp\/v2\/pages\/2377","targetHints":{"allow":["GET"]}}],"collection":[{"href":"https:\/\/www.reseau-entreprendre.org\/rhone\/wp-json\/wp\/v2\/pages"}],"about":[{"href":"https:\/\/www.reseau-entreprendre.org\/rhone\/wp-json\/wp\/v2\/types\/page"}],"author":[{"embeddable":true,"href":"https:\/\/www.reseau-entreprendre.org\/rhone\/wp-json\/wp\/v2\/users\/33"}],"replies":[{"embeddable":true,"href":"https:\/\/www.reseau-entreprendre.org\/rhone\/wp-json\/wp\/v2\/comments?post=2377"}],"version-history":[{"count":0,"href":"https:\/\/www.reseau-entreprendre.org\/rhone\/wp-json\/wp\/v2\/pages\/2377\/revisions"}],"wp:attachment":[{"href":"https:\/\/www.reseau-entreprendre.org\/rhone\/wp-json\/wp\/v2\/media?parent=2377"}],"curies":[{"name":"wp","href":"https:\/\/api.w.org\/{rel}","templated":true}]}}