{"id":2409,"date":"2019-08-08T14:35:45","date_gmt":"2019-08-08T12:35:45","guid":{"rendered":"https:\/\/re-preprod-entreprendre.fr\/rhone\/?page_id=2409"},"modified":"2026-04-30T09:22:30","modified_gmt":"2026-04-30T07:22:30","slug":"nous-connaitre","status":"publish","type":"page","link":"https:\/\/www.reseau-entreprendre.org\/rhone\/nous-connaitre\/","title":{"rendered":"Nous conna\u00eetre"},"content":{"rendered":"\n<h2 class=\"wp-block-heading has-text-align-center has-re-blue-color has-text-color has-x-large-font-size\"><strong>Un r\u00e9seau au service de l&#8217;entrepreneuriat et de la cr\u00e9ation d&#8217;emplois depuis plus 30 ans !<\/strong><\/h2>\n\n\n\n<div style=\"height:56px\" aria-hidden=\"true\" class=\"wp-block-spacer\"><\/div>\n\n\n\n<div class=\"wp-block-columns is-layout-flex wp-container-core-columns-is-layout-9d6595d7 wp-block-columns-is-layout-flex\">\n<div class=\"wp-block-column is-layout-flow wp-block-column-is-layout-flow\" style=\"flex-basis:33.33%\"><div class=\"wp-block-image is-resized is-style-rounded\">\n<figure class=\"alignright size-full\"><img loading=\"lazy\" decoding=\"async\" width=\"291\" height=\"299\" src=\"https:\/\/www.reseau-entreprendre.org\/rhone\/wp-content\/uploads\/sites\/32\/2025\/07\/Andre-Mulliez.jpg\" alt=\"\" class=\"wp-image-8780\" style=\"aspect-ratio:1;object-fit:cover\" srcset=\"https:\/\/www.reseau-entreprendre.org\/rhone\/wp-content\/uploads\/sites\/32\/2025\/07\/Andre-Mulliez.jpg 291w, https:\/\/www.reseau-entreprendre.org\/rhone\/wp-content\/uploads\/sites\/32\/2025\/07\/Andre-Mulliez-127x130.jpg 127w, https:\/\/www.reseau-entreprendre.org\/rhone\/wp-content\/uploads\/sites\/32\/2025\/07\/Andre-Mulliez-97x100.jpg 97w\" sizes=\"auto, (max-width: 291px) 100vw, 291px\" \/><\/figure>\n<\/div><\/div>\n\n\n\n<div class=\"wp-block-column is-layout-flow wp-block-column-is-layout-flow\" style=\"flex-basis:66.66%\">\n<figure class=\"wp-block-pullquote alignwide has-medium-font-size\"><blockquote><p><strong><em>&#8220;Pour cr\u00e9er des emplois, cr\u00e9ons des employeurs&#8221;<\/em><\/strong><\/p><cite>Andr\u00e9 Mulliez<\/cite><\/blockquote><\/figure>\n<\/div>\n<\/div>\n\n\n\n<p>Une phrase riche de sens prononc\u00e9e par Andr\u00e9 Mulliez en 1986 et qui r\u00e9sume parfaitement l\u2019id\u00e9e fondatrice de R\u00e9seau Entreprendre.<\/p>\n\n\n\n<p><span style=\"color: #268597\">Aujourd&#8217;hui R\u00e9seau Entreprendre est une association unique dans le paysage \u00e9conomique. Nous sommes pr\u00e9sent dans 10 pays, au travers de 125 implantations et nous sommes fort d&#8217;un r\u00e9seau de 14 000 chef d&#8217;entreprises.<\/span><\/p>\n\n\n\n<p>Cr\u00e9\u00e9 en 1992, R\u00e9seau Entreprendre Rh\u00f4ne est une association \u00e0 but non lucratif, reconnue d\u2019int\u00e9r\u00eat public, s\u2019adressant aux cr\u00e9ateurs et repreneurs du d\u00e9partement qui, par leur ambition, leur potentiel entrepreneurial, leur m\u00e9tier et leur march\u00e9, peuvent faire de leur entreprise une PME apte \u00e0 se d\u00e9velopper.<\/p>\n\n\n\n<p>R\u00e9seau Entreprendre Rh\u00f4ne est compos\u00e9e d\u2019une \u00e9quipe op\u00e9rationnelle de 7 salari\u00e9s, d\u2019un pr\u00e9sident, Gilles CHAUFFERIN et d\u2019un conseil d\u2019administration compos\u00e9 de 16 personnes.<\/p>\n\n\n\n<div style=\"height:40px\" aria-hidden=\"true\" class=\"wp-block-spacer\"><\/div>\n\n\n\n<div class=\"wp-block-group has-background\" style=\"background-color:#f8f8fc\"><div class=\"wp-block-group__inner-container is-layout-flow wp-block-group-is-layout-flow\">\n<div style=\"height:38px\" aria-hidden=\"true\" class=\"wp-block-spacer\"><\/div>\n\n\n\n<h3 class=\"wp-block-heading has-text-align-center has-re-red-color has-text-color\"><strong>Nos valeurs :<\/strong><\/h3>\n\n\n\n<div style=\"height:20px\" aria-hidden=\"true\" class=\"wp-block-spacer\"><\/div>\n\n\n\n<div class=\"wp-block-columns is-layout-flex wp-container-core-columns-is-layout-9d6595d7 wp-block-columns-is-layout-flex\">\n<div class=\"wp-block-column is-layout-flow wp-block-column-is-layout-flow\"><div class=\"wp-block-image is-resized\">\n<figure class=\"aligncenter size-full\"><img loading=\"lazy\" decoding=\"async\" width=\"136\" height=\"136\" src=\"https:\/\/www.reseau-entreprendre.org\/rhone\/wp-content\/uploads\/sites\/32\/2025\/07\/picto__bienveillance.png\" alt=\"\" class=\"wp-image-8781\" style=\"width:150px;height:auto\" srcset=\"https:\/\/www.reseau-entreprendre.org\/rhone\/wp-content\/uploads\/sites\/32\/2025\/07\/picto__bienveillance.png 136w, https:\/\/www.reseau-entreprendre.org\/rhone\/wp-content\/uploads\/sites\/32\/2025\/07\/picto__bienveillance-130x130.png 130w, https:\/\/www.reseau-entreprendre.org\/rhone\/wp-content\/uploads\/sites\/32\/2025\/07\/picto__bienveillance-100x100.png 100w\" sizes=\"auto, (max-width: 136px) 100vw, 136px\" \/><\/figure>\n<\/div>\n\n\n<p class=\"has-text-align-center\"><strong>L\u2019important c\u2019est la personne<\/strong><\/p>\n\n\n\n<p class=\"has-text-align-center has-normal-font-size\">L\u2019Homme est au c\u0153ur du projet<\/p>\n<\/div>\n\n\n\n<div class=\"wp-block-column is-layout-flow wp-block-column-is-layout-flow\"><div class=\"wp-block-image is-resized\">\n<figure class=\"aligncenter size-full\"><img loading=\"lazy\" decoding=\"async\" width=\"136\" height=\"136\" src=\"https:\/\/www.reseau-entreprendre.org\/rhone\/wp-content\/uploads\/sites\/32\/2025\/07\/picto__financier.png\" alt=\"\" class=\"wp-image-8782\" style=\"width:150px;height:auto\" srcset=\"https:\/\/www.reseau-entreprendre.org\/rhone\/wp-content\/uploads\/sites\/32\/2025\/07\/picto__financier.png 136w, https:\/\/www.reseau-entreprendre.org\/rhone\/wp-content\/uploads\/sites\/32\/2025\/07\/picto__financier-130x130.png 130w, https:\/\/www.reseau-entreprendre.org\/rhone\/wp-content\/uploads\/sites\/32\/2025\/07\/picto__financier-100x100.png 100w\" sizes=\"auto, (max-width: 136px) 100vw, 136px\" \/><\/figure>\n<\/div>\n\n\n<p class=\"has-text-align-center\"><strong>Le principe c\u2019est la gratuit\u00e9<\/strong><\/p>\n\n\n\n<p class=\"has-text-align-center has-normal-font-size\">L\u2019accompagnement est totalement gratuit pour les laur\u00e9ats et sans contrepartie pour les membres<\/p>\n<\/div>\n\n\n\n<div class=\"wp-block-column is-layout-flow wp-block-column-is-layout-flow\"><div class=\"wp-block-image is-resized\">\n<figure class=\"aligncenter size-full\"><img loading=\"lazy\" decoding=\"async\" width=\"136\" height=\"135\" src=\"https:\/\/www.reseau-entreprendre.org\/rhone\/wp-content\/uploads\/sites\/32\/2025\/07\/picto__solidarite.png\" alt=\"\" class=\"wp-image-8783\" style=\"width:154px;height:auto\" srcset=\"https:\/\/www.reseau-entreprendre.org\/rhone\/wp-content\/uploads\/sites\/32\/2025\/07\/picto__solidarite.png 136w, https:\/\/www.reseau-entreprendre.org\/rhone\/wp-content\/uploads\/sites\/32\/2025\/07\/picto__solidarite-131x130.png 131w, https:\/\/www.reseau-entreprendre.org\/rhone\/wp-content\/uploads\/sites\/32\/2025\/07\/picto__solidarite-100x100.png 100w\" sizes=\"auto, (max-width: 136px) 100vw, 136px\" \/><\/figure>\n<\/div>\n\n\n<p class=\"has-text-align-center\"><strong>L\u2019esprit c\u2019est la r\u00e9ciprocit\u00e9<\/strong><\/p>\n\n\n\n<p class=\"has-text-align-center has-normal-font-size\">Les laur\u00e9ats sont invit\u00e9s a\u0300 s\u2019investir a\u0300 leur tour comme membre<\/p>\n<\/div>\n<\/div>\n\n\n\n<div style=\"height:4px\" aria-hidden=\"true\" class=\"wp-block-spacer\"><\/div>\n<\/div><\/div>\n\n\n\n<div style=\"height:29px\" aria-hidden=\"true\" class=\"wp-block-spacer\"><\/div>\n\n\n\n<div style=\"height:38px\" aria-hidden=\"true\" class=\"wp-block-spacer\"><\/div>\n\n\n\n<h3 class=\"wp-block-heading has-text-align-center has-re-red-color has-text-color\"><strong>Vous voulez nous rejoindre ?<\/strong><\/h3>\n\n\n\n<div style=\"height:35px\" aria-hidden=\"true\" class=\"wp-block-spacer\"><\/div>\n\n\n\n<div class=\"wp-block-columns is-layout-flex wp-container-core-columns-is-layout-9d6595d7 wp-block-columns-is-layout-flex\">\n<div class=\"wp-block-column is-layout-flow wp-block-column-is-layout-flow\">\n<p class=\"has-text-align-center has-re-blue-color has-text-color\"><strong>Se faire accompagner<\/strong><\/p>\n\n\n\n<p class=\"has-text-align-center has-normal-font-size\">D\u00e9couvrez nos programmes d\u2019accompagnement et b\u00e9n\u00e9ficiez de l\u2019offre adapt\u00e9e \u00e0 votre niveau de d\u00e9veloppement.<\/p>\n\n\n\n<div style=\"height:19px\" aria-hidden=\"true\" class=\"wp-block-spacer\"><\/div>\n\n\n\n<div class=\"wp-block-buttons is-horizontal is-content-justification-center is-layout-flex wp-container-core-buttons-is-layout-499968f5 wp-block-buttons-is-layout-flex\">\n<div class=\"wp-block-button is-style-outline is-style-outline--1\"><a class=\"wp-block-button__link has-re-blue-color has-text-color wp-element-button\" href=\"https:\/\/www.reseau-entreprendre.org\/rhone\/entreprendre\/\">Candidater<\/a><\/div>\n<\/div>\n<\/div>\n\n\n\n<div class=\"wp-block-column is-layout-flow wp-block-column-is-layout-flow\">\n<p class=\"has-text-align-center has-re-blue-color has-text-color\"><strong>Devenir accompagnateur<\/strong><\/p>\n\n\n\n<p class=\"has-text-align-center has-normal-font-size\">Engagez-vous dans un r\u00e9seau actif de chefs d\u2019entreprise et impliquez-vous dans l\u2019\u00e9cosyst\u00e8me entrepreneurial en accompagnant des entrepreneurs.<\/p>\n\n\n\n<div style=\"height:19px\" aria-hidden=\"true\" class=\"wp-block-spacer\"><\/div>\n\n\n\n<div class=\"wp-block-buttons is-horizontal is-content-justification-center is-layout-flex wp-container-core-buttons-is-layout-499968f5 wp-block-buttons-is-layout-flex\">\n<div class=\"wp-block-button is-style-outline is-style-outline--2\"><a class=\"wp-block-button__link has-re-blue-color has-text-color wp-element-button\" href=\"https:\/\/www.reseau-entreprendre.org\/rhone\/accompagner\/\">Nous rejoindre<\/a><\/div>\n<\/div>\n<\/div>\n<\/div>\n\n\n\n<p><\/p>\n","protected":false},"excerpt":{"rendered":"<p>Un r\u00e9seau au service de l&#8217;entrepreneuriat et de la cr\u00e9ation<\/p>\n","protected":false},"author":33,"featured_media":0,"parent":0,"menu_order":0,"comment_status":"closed","ping_status":"closed","template":"","meta":{"_acf_changed":false,"_monsterinsights_skip_tracking":false,"_monsterinsights_sitenote_active":false,"_monsterinsights_sitenote_note":"","_monsterinsights_sitenote_category":0,"footnotes":""},"class_list":["post-2409","page","type-page","status-publish","hentry"],"acf":[],"yoast_head":"<!-- This site is optimized with the Yoast SEO plugin v27.4 - https:\/\/yoast.com\/product\/yoast-seo-wordpress\/ -->\n<title>Qui sommes-nous ? | Reseau Entreprendre Rh\u00f4ne<\/title>\n<meta name=\"description\" content=\"R\u00e9seau Entreprendre Rh\u00f4ne est l&#039;association de chefs d&#039;entreprise engag\u00e9 de votre r\u00e9gion.\" \/>\n<meta name=\"robots\" content=\"index, follow, max-snippet:-1, max-image-preview:large, max-video-preview:-1\" \/>\n<link rel=\"canonical\" href=\"https:\/\/www.reseau-entreprendre.org\/rhone\/nous-connaitre\/\" \/>\n<meta property=\"og:locale\" content=\"fr_FR\" \/>\n<meta property=\"og:type\" content=\"article\" \/>\n<meta property=\"og:title\" content=\"Qui sommes-nous ? | Reseau Entreprendre Rh\u00f4ne\" \/>\n<meta property=\"og:description\" content=\"R\u00e9seau Entreprendre Rh\u00f4ne est l&#039;association de chefs d&#039;entreprise engag\u00e9 de votre r\u00e9gion.\" \/>\n<meta property=\"og:url\" content=\"https:\/\/www.reseau-entreprendre.org\/rhone\/nous-connaitre\/\" \/>\n<meta property=\"og:site_name\" content=\"R\u00e9seau Entreprendre Rh\u00f4ne\" \/>\n<meta property=\"article:publisher\" content=\"https:\/\/www.facebook.com\/R%c3%a9seau-Entreprendre-Rh%c3%b4ne-1929780440581177\/?ref=bookmarks\" \/>\n<meta property=\"article:modified_time\" content=\"2026-04-30T07:22:30+00:00\" \/>\n<meta property=\"og:image\" content=\"https:\/\/www.reseau-entreprendre.org\/rhone\/wp-content\/uploads\/sites\/32\/2025\/07\/Andre-Mulliez.jpg\" \/>\n\t<meta property=\"og:image:width\" content=\"291\" \/>\n\t<meta property=\"og:image:height\" content=\"299\" \/>\n\t<meta property=\"og:image:type\" content=\"image\/jpeg\" \/>\n<meta name=\"twitter:card\" content=\"summary_large_image\" \/>\n<meta name=\"twitter:label1\" content=\"Dur\u00e9e de lecture estim\u00e9e\" \/>\n\t<meta name=\"twitter:data1\" content=\"2 minutes\" \/>\n<script type=\"application\/ld+json\" class=\"yoast-schema-graph\">{\"@context\":\"https:\\\/\\\/schema.org\",\"@graph\":[{\"@type\":\"WebPage\",\"@id\":\"https:\\\/\\\/www.reseau-entreprendre.org\\\/rhone\\\/nous-connaitre\\\/\",\"url\":\"https:\\\/\\\/www.reseau-entreprendre.org\\\/rhone\\\/nous-connaitre\\\/\",\"name\":\"Qui sommes-nous ? | Reseau Entreprendre Rh\u00f4ne\",\"isPartOf\":{\"@id\":\"https:\\\/\\\/www.reseau-entreprendre.org\\\/rhone\\\/#website\"},\"primaryImageOfPage\":{\"@id\":\"https:\\\/\\\/www.reseau-entreprendre.org\\\/rhone\\\/nous-connaitre\\\/#primaryimage\"},\"image\":{\"@id\":\"https:\\\/\\\/www.reseau-entreprendre.org\\\/rhone\\\/nous-connaitre\\\/#primaryimage\"},\"thumbnailUrl\":\"https:\\\/\\\/www.reseau-entreprendre.org\\\/rhone\\\/wp-content\\\/uploads\\\/sites\\\/32\\\/2025\\\/07\\\/Andre-Mulliez.jpg\",\"datePublished\":\"2019-08-08T12:35:45+00:00\",\"dateModified\":\"2026-04-30T07:22:30+00:00\",\"description\":\"R\u00e9seau Entreprendre Rh\u00f4ne est l'association de chefs d'entreprise engag\u00e9 de votre r\u00e9gion.\",\"breadcrumb\":{\"@id\":\"https:\\\/\\\/www.reseau-entreprendre.org\\\/rhone\\\/nous-connaitre\\\/#breadcrumb\"},\"inLanguage\":\"fr-FR\",\"potentialAction\":[{\"@type\":\"ReadAction\",\"target\":[\"https:\\\/\\\/www.reseau-entreprendre.org\\\/rhone\\\/nous-connaitre\\\/\"]}]},{\"@type\":\"ImageObject\",\"inLanguage\":\"fr-FR\",\"@id\":\"https:\\\/\\\/www.reseau-entreprendre.org\\\/rhone\\\/nous-connaitre\\\/#primaryimage\",\"url\":\"https:\\\/\\\/www.reseau-entreprendre.org\\\/rhone\\\/wp-content\\\/uploads\\\/sites\\\/32\\\/2025\\\/07\\\/Andre-Mulliez.jpg\",\"contentUrl\":\"https:\\\/\\\/www.reseau-entreprendre.org\\\/rhone\\\/wp-content\\\/uploads\\\/sites\\\/32\\\/2025\\\/07\\\/Andre-Mulliez.jpg\",\"width\":291,\"height\":299},{\"@type\":\"BreadcrumbList\",\"@id\":\"https:\\\/\\\/www.reseau-entreprendre.org\\\/rhone\\\/nous-connaitre\\\/#breadcrumb\",\"itemListElement\":[{\"@type\":\"ListItem\",\"position\":1,\"name\":\"Accueil\",\"item\":\"https:\\\/\\\/www.reseau-entreprendre.org\\\/rhone\\\/\"},{\"@type\":\"ListItem\",\"position\":2,\"name\":\"Nous conna\u00eetre\"}]},{\"@type\":\"WebSite\",\"@id\":\"https:\\\/\\\/www.reseau-entreprendre.org\\\/rhone\\\/#website\",\"url\":\"https:\\\/\\\/www.reseau-entreprendre.org\\\/rhone\\\/\",\"name\":\"R\u00e9seau Entreprendre Rh\u00f4ne\",\"description\":\"Un site utilisant Les sites de R\u00e9seau Entreprendre\",\"publisher\":{\"@id\":\"https:\\\/\\\/www.reseau-entreprendre.org\\\/rhone\\\/#organization\"},\"potentialAction\":[{\"@type\":\"SearchAction\",\"target\":{\"@type\":\"EntryPoint\",\"urlTemplate\":\"https:\\\/\\\/www.reseau-entreprendre.org\\\/rhone\\\/?s={search_term_string}\"},\"query-input\":{\"@type\":\"PropertyValueSpecification\",\"valueRequired\":true,\"valueName\":\"search_term_string\"}}],\"inLanguage\":\"fr-FR\"},{\"@type\":\"Organization\",\"@id\":\"https:\\\/\\\/www.reseau-entreprendre.org\\\/rhone\\\/#organization\",\"name\":\"R\u00e9seau Entreprendre Rh\u00f4ne\",\"url\":\"https:\\\/\\\/www.reseau-entreprendre.org\\\/rhone\\\/\",\"logo\":{\"@type\":\"ImageObject\",\"inLanguage\":\"fr-FR\",\"@id\":\"https:\\\/\\\/www.reseau-entreprendre.org\\\/rhone\\\/#\\\/schema\\\/logo\\\/image\\\/\",\"url\":\"https:\\\/\\\/www.reseau-entreprendre.org\\\/rhone\\\/wp-content\\\/uploads\\\/sites\\\/32\\\/2018\\\/11\\\/logo_horizontal_re_couleur_rhone-Copie.png\",\"contentUrl\":\"https:\\\/\\\/www.reseau-entreprendre.org\\\/rhone\\\/wp-content\\\/uploads\\\/sites\\\/32\\\/2018\\\/11\\\/logo_horizontal_re_couleur_rhone-Copie.png\",\"width\":1446,\"height\":376,\"caption\":\"R\u00e9seau Entreprendre Rh\u00f4ne\"},\"image\":{\"@id\":\"https:\\\/\\\/www.reseau-entreprendre.org\\\/rhone\\\/#\\\/schema\\\/logo\\\/image\\\/\"},\"sameAs\":[\"https:\\\/\\\/www.facebook.com\\\/R\u00e9seau-Entreprendre-Rh\u00f4ne-1929780440581177\\\/?ref=bookmarks\",\"https:\\\/\\\/www.linkedin.com\\\/in\\\/reseau-entreprendre-rhone\\\/\"]}]}<\/script>\n<!-- \/ Yoast SEO plugin. -->","yoast_head_json":{"title":"Qui sommes-nous ? | Reseau Entreprendre Rh\u00f4ne","description":"R\u00e9seau Entreprendre Rh\u00f4ne est l'association de chefs d'entreprise engag\u00e9 de votre r\u00e9gion.","robots":{"index":"index","follow":"follow","max-snippet":"max-snippet:-1","max-image-preview":"max-image-preview:large","max-video-preview":"max-video-preview:-1"},"canonical":"https:\/\/www.reseau-entreprendre.org\/rhone\/nous-connaitre\/","og_locale":"fr_FR","og_type":"article","og_title":"Qui sommes-nous ? | Reseau Entreprendre Rh\u00f4ne","og_description":"R\u00e9seau Entreprendre Rh\u00f4ne est l'association de chefs d'entreprise engag\u00e9 de votre r\u00e9gion.","og_url":"https:\/\/www.reseau-entreprendre.org\/rhone\/nous-connaitre\/","og_site_name":"R\u00e9seau Entreprendre Rh\u00f4ne","article_publisher":"https:\/\/www.facebook.com\/R%c3%a9seau-Entreprendre-Rh%c3%b4ne-1929780440581177\/?ref=bookmarks","article_modified_time":"2026-04-30T07:22:30+00:00","og_image":[{"width":291,"height":299,"url":"https:\/\/www.reseau-entreprendre.org\/rhone\/wp-content\/uploads\/sites\/32\/2025\/07\/Andre-Mulliez.jpg","type":"image\/jpeg"}],"twitter_card":"summary_large_image","twitter_misc":{"Dur\u00e9e de lecture estim\u00e9e":"2 minutes"},"schema":{"@context":"https:\/\/schema.org","@graph":[{"@type":"WebPage","@id":"https:\/\/www.reseau-entreprendre.org\/rhone\/nous-connaitre\/","url":"https:\/\/www.reseau-entreprendre.org\/rhone\/nous-connaitre\/","name":"Qui sommes-nous ? | Reseau Entreprendre Rh\u00f4ne","isPartOf":{"@id":"https:\/\/www.reseau-entreprendre.org\/rhone\/#website"},"primaryImageOfPage":{"@id":"https:\/\/www.reseau-entreprendre.org\/rhone\/nous-connaitre\/#primaryimage"},"image":{"@id":"https:\/\/www.reseau-entreprendre.org\/rhone\/nous-connaitre\/#primaryimage"},"thumbnailUrl":"https:\/\/www.reseau-entreprendre.org\/rhone\/wp-content\/uploads\/sites\/32\/2025\/07\/Andre-Mulliez.jpg","datePublished":"2019-08-08T12:35:45+00:00","dateModified":"2026-04-30T07:22:30+00:00","description":"R\u00e9seau Entreprendre Rh\u00f4ne est l'association de chefs d'entreprise engag\u00e9 de votre r\u00e9gion.","breadcrumb":{"@id":"https:\/\/www.reseau-entreprendre.org\/rhone\/nous-connaitre\/#breadcrumb"},"inLanguage":"fr-FR","potentialAction":[{"@type":"ReadAction","target":["https:\/\/www.reseau-entreprendre.org\/rhone\/nous-connaitre\/"]}]},{"@type":"ImageObject","inLanguage":"fr-FR","@id":"https:\/\/www.reseau-entreprendre.org\/rhone\/nous-connaitre\/#primaryimage","url":"https:\/\/www.reseau-entreprendre.org\/rhone\/wp-content\/uploads\/sites\/32\/2025\/07\/Andre-Mulliez.jpg","contentUrl":"https:\/\/www.reseau-entreprendre.org\/rhone\/wp-content\/uploads\/sites\/32\/2025\/07\/Andre-Mulliez.jpg","width":291,"height":299},{"@type":"BreadcrumbList","@id":"https:\/\/www.reseau-entreprendre.org\/rhone\/nous-connaitre\/#breadcrumb","itemListElement":[{"@type":"ListItem","position":1,"name":"Accueil","item":"https:\/\/www.reseau-entreprendre.org\/rhone\/"},{"@type":"ListItem","position":2,"name":"Nous conna\u00eetre"}]},{"@type":"WebSite","@id":"https:\/\/www.reseau-entreprendre.org\/rhone\/#website","url":"https:\/\/www.reseau-entreprendre.org\/rhone\/","name":"R\u00e9seau Entreprendre Rh\u00f4ne","description":"Un site utilisant Les sites de R\u00e9seau Entreprendre","publisher":{"@id":"https:\/\/www.reseau-entreprendre.org\/rhone\/#organization"},"potentialAction":[{"@type":"SearchAction","target":{"@type":"EntryPoint","urlTemplate":"https:\/\/www.reseau-entreprendre.org\/rhone\/?s={search_term_string}"},"query-input":{"@type":"PropertyValueSpecification","valueRequired":true,"valueName":"search_term_string"}}],"inLanguage":"fr-FR"},{"@type":"Organization","@id":"https:\/\/www.reseau-entreprendre.org\/rhone\/#organization","name":"R\u00e9seau Entreprendre Rh\u00f4ne","url":"https:\/\/www.reseau-entreprendre.org\/rhone\/","logo":{"@type":"ImageObject","inLanguage":"fr-FR","@id":"https:\/\/www.reseau-entreprendre.org\/rhone\/#\/schema\/logo\/image\/","url":"https:\/\/www.reseau-entreprendre.org\/rhone\/wp-content\/uploads\/sites\/32\/2018\/11\/logo_horizontal_re_couleur_rhone-Copie.png","contentUrl":"https:\/\/www.reseau-entreprendre.org\/rhone\/wp-content\/uploads\/sites\/32\/2018\/11\/logo_horizontal_re_couleur_rhone-Copie.png","width":1446,"height":376,"caption":"R\u00e9seau Entreprendre Rh\u00f4ne"},"image":{"@id":"https:\/\/www.reseau-entreprendre.org\/rhone\/#\/schema\/logo\/image\/"},"sameAs":["https:\/\/www.facebook.com\/R\u00e9seau-Entreprendre-Rh\u00f4ne-1929780440581177\/?ref=bookmarks","https:\/\/www.linkedin.com\/in\/reseau-entreprendre-rhone\/"]}]}},"_links":{"self":[{"href":"https:\/\/www.reseau-entreprendre.org\/rhone\/wp-json\/wp\/v2\/pages\/2409","targetHints":{"allow":["GET"]}}],"collection":[{"href":"https:\/\/www.reseau-entreprendre.org\/rhone\/wp-json\/wp\/v2\/pages"}],"about":[{"href":"https:\/\/www.reseau-entreprendre.org\/rhone\/wp-json\/wp\/v2\/types\/page"}],"author":[{"embeddable":true,"href":"https:\/\/www.reseau-entreprendre.org\/rhone\/wp-json\/wp\/v2\/users\/33"}],"replies":[{"embeddable":true,"href":"https:\/\/www.reseau-entreprendre.org\/rhone\/wp-json\/wp\/v2\/comments?post=2409"}],"version-history":[{"count":1,"href":"https:\/\/www.reseau-entreprendre.org\/rhone\/wp-json\/wp\/v2\/pages\/2409\/revisions"}],"predecessor-version":[{"id":8933,"href":"https:\/\/www.reseau-entreprendre.org\/rhone\/wp-json\/wp\/v2\/pages\/2409\/revisions\/8933"}],"wp:attachment":[{"href":"https:\/\/www.reseau-entreprendre.org\/rhone\/wp-json\/wp\/v2\/media?parent=2409"}],"curies":[{"name":"wp","href":"https:\/\/api.w.org\/{rel}","templated":true}]}}