{"id":4031,"date":"2021-10-07T18:22:54","date_gmt":"2021-10-07T16:22:54","guid":{"rendered":"https:\/\/re-preprod-entreprendre.fr\/rhone\/?page_id=4031"},"modified":"2022-02-22T09:31:47","modified_gmt":"2022-02-22T08:31:47","slug":"ils-temoignent","status":"publish","type":"page","link":"https:\/\/www.reseau-entreprendre.org\/rhone\/ils-temoignent\/","title":{"rendered":"Ils t\u00e9moignent"},"content":{"rendered":"\n<h2 class=\"wp-block-heading\" id=\"success-stories-et-temoignages\">Success stories et t\u00e9moignages<\/h2>\n\n\n\n<p>R\u00e9seau Entreprendre est une v\u00e9ritable fabrique \u00e0 success stories. Derri\u00e8re ces belles histoires, des chefs d&#8217;entreprise b\u00e9n\u00e9voles, engag\u00e9s pour les accompagner \u00e0 r\u00e9ussir. D\u00e9couvrez les t\u00e9moignages de nos laur\u00e9ats et des chefs d&#8217;entreprise qui les accompagnent.<\/p>\n","protected":false},"excerpt":{"rendered":"<p>Success stories et t\u00e9moignages R\u00e9seau Entreprendre est une v\u00e9ritable fabrique<\/p>\n","protected":false},"author":98,"featured_media":0,"parent":0,"menu_order":0,"comment_status":"closed","ping_status":"closed","template":"views\/testimonials.blade.php","meta":{"_acf_changed":false,"_monsterinsights_skip_tracking":false,"_monsterinsights_sitenote_active":false,"_monsterinsights_sitenote_note":"","_monsterinsights_sitenote_category":0,"footnotes":""},"class_list":["post-4031","page","type-page","status-publish","hentry"],"acf":[],"yoast_head":"<!-- This site is optimized with the Yoast SEO plugin v27.4 - https:\/\/yoast.com\/product\/yoast-seo-wordpress\/ -->\n<title>Ils t\u00e9moignent - R\u00e9seau Entreprendre Rh\u00f4ne<\/title>\n<meta name=\"robots\" content=\"index, follow, max-snippet:-1, max-image-preview:large, max-video-preview:-1\" \/>\n<link rel=\"canonical\" href=\"https:\/\/www.reseau-entreprendre.org\/rhone\/ils-temoignent\/\" \/>\n<meta property=\"og:locale\" content=\"fr_FR\" \/>\n<meta property=\"og:type\" content=\"article\" \/>\n<meta property=\"og:title\" content=\"Ils t\u00e9moignent - R\u00e9seau Entreprendre Rh\u00f4ne\" \/>\n<meta property=\"og:description\" content=\"Success stories et t\u00e9moignages R\u00e9seau Entreprendre est une v\u00e9ritable fabrique\" \/>\n<meta property=\"og:url\" content=\"https:\/\/www.reseau-entreprendre.org\/rhone\/ils-temoignent\/\" \/>\n<meta property=\"og:site_name\" content=\"R\u00e9seau Entreprendre Rh\u00f4ne\" \/>\n<meta property=\"article:publisher\" content=\"https:\/\/www.facebook.com\/R%c3%a9seau-Entreprendre-Rh%c3%b4ne-1929780440581177\/?ref=bookmarks\" \/>\n<meta property=\"article:modified_time\" content=\"2022-02-22T08:31:47+00:00\" \/>\n<meta name=\"twitter:card\" content=\"summary_large_image\" \/>\n<meta name=\"twitter:label1\" content=\"Dur\u00e9e de lecture estim\u00e9e\" \/>\n\t<meta name=\"twitter:data1\" content=\"1 minute\" \/>\n<script type=\"application\/ld+json\" class=\"yoast-schema-graph\">{\"@context\":\"https:\\\/\\\/schema.org\",\"@graph\":[{\"@type\":\"WebPage\",\"@id\":\"https:\\\/\\\/www.reseau-entreprendre.org\\\/rhone\\\/ils-temoignent\\\/\",\"url\":\"https:\\\/\\\/www.reseau-entreprendre.org\\\/rhone\\\/ils-temoignent\\\/\",\"name\":\"Ils t\u00e9moignent - R\u00e9seau Entreprendre Rh\u00f4ne\",\"isPartOf\":{\"@id\":\"https:\\\/\\\/www.reseau-entreprendre.org\\\/rhone\\\/#website\"},\"datePublished\":\"2021-10-07T16:22:54+00:00\",\"dateModified\":\"2022-02-22T08:31:47+00:00\",\"breadcrumb\":{\"@id\":\"https:\\\/\\\/www.reseau-entreprendre.org\\\/rhone\\\/ils-temoignent\\\/#breadcrumb\"},\"inLanguage\":\"fr-FR\",\"potentialAction\":[{\"@type\":\"ReadAction\",\"target\":[\"https:\\\/\\\/www.reseau-entreprendre.org\\\/rhone\\\/ils-temoignent\\\/\"]}]},{\"@type\":\"BreadcrumbList\",\"@id\":\"https:\\\/\\\/www.reseau-entreprendre.org\\\/rhone\\\/ils-temoignent\\\/#breadcrumb\",\"itemListElement\":[{\"@type\":\"ListItem\",\"position\":1,\"name\":\"Accueil\",\"item\":\"https:\\\/\\\/www.reseau-entreprendre.org\\\/rhone\\\/\"},{\"@type\":\"ListItem\",\"position\":2,\"name\":\"Ils t\u00e9moignent\"}]},{\"@type\":\"WebSite\",\"@id\":\"https:\\\/\\\/www.reseau-entreprendre.org\\\/rhone\\\/#website\",\"url\":\"https:\\\/\\\/www.reseau-entreprendre.org\\\/rhone\\\/\",\"name\":\"R\u00e9seau Entreprendre Rh\u00f4ne\",\"description\":\"Un site utilisant Les sites de R\u00e9seau Entreprendre\",\"publisher\":{\"@id\":\"https:\\\/\\\/www.reseau-entreprendre.org\\\/rhone\\\/#organization\"},\"potentialAction\":[{\"@type\":\"SearchAction\",\"target\":{\"@type\":\"EntryPoint\",\"urlTemplate\":\"https:\\\/\\\/www.reseau-entreprendre.org\\\/rhone\\\/?s={search_term_string}\"},\"query-input\":{\"@type\":\"PropertyValueSpecification\",\"valueRequired\":true,\"valueName\":\"search_term_string\"}}],\"inLanguage\":\"fr-FR\"},{\"@type\":\"Organization\",\"@id\":\"https:\\\/\\\/www.reseau-entreprendre.org\\\/rhone\\\/#organization\",\"name\":\"R\u00e9seau Entreprendre Rh\u00f4ne\",\"url\":\"https:\\\/\\\/www.reseau-entreprendre.org\\\/rhone\\\/\",\"logo\":{\"@type\":\"ImageObject\",\"inLanguage\":\"fr-FR\",\"@id\":\"https:\\\/\\\/www.reseau-entreprendre.org\\\/rhone\\\/#\\\/schema\\\/logo\\\/image\\\/\",\"url\":\"https:\\\/\\\/www.reseau-entreprendre.org\\\/rhone\\\/wp-content\\\/uploads\\\/sites\\\/32\\\/2018\\\/11\\\/logo_horizontal_re_couleur_rhone-Copie.png\",\"contentUrl\":\"https:\\\/\\\/www.reseau-entreprendre.org\\\/rhone\\\/wp-content\\\/uploads\\\/sites\\\/32\\\/2018\\\/11\\\/logo_horizontal_re_couleur_rhone-Copie.png\",\"width\":1446,\"height\":376,\"caption\":\"R\u00e9seau Entreprendre Rh\u00f4ne\"},\"image\":{\"@id\":\"https:\\\/\\\/www.reseau-entreprendre.org\\\/rhone\\\/#\\\/schema\\\/logo\\\/image\\\/\"},\"sameAs\":[\"https:\\\/\\\/www.facebook.com\\\/R\u00e9seau-Entreprendre-Rh\u00f4ne-1929780440581177\\\/?ref=bookmarks\",\"https:\\\/\\\/www.linkedin.com\\\/in\\\/reseau-entreprendre-rhone\\\/\"]}]}<\/script>\n<!-- \/ Yoast SEO plugin. -->","yoast_head_json":{"title":"Ils t\u00e9moignent - R\u00e9seau Entreprendre Rh\u00f4ne","robots":{"index":"index","follow":"follow","max-snippet":"max-snippet:-1","max-image-preview":"max-image-preview:large","max-video-preview":"max-video-preview:-1"},"canonical":"https:\/\/www.reseau-entreprendre.org\/rhone\/ils-temoignent\/","og_locale":"fr_FR","og_type":"article","og_title":"Ils t\u00e9moignent - R\u00e9seau Entreprendre Rh\u00f4ne","og_description":"Success stories et t\u00e9moignages R\u00e9seau Entreprendre est une v\u00e9ritable fabrique","og_url":"https:\/\/www.reseau-entreprendre.org\/rhone\/ils-temoignent\/","og_site_name":"R\u00e9seau Entreprendre Rh\u00f4ne","article_publisher":"https:\/\/www.facebook.com\/R%c3%a9seau-Entreprendre-Rh%c3%b4ne-1929780440581177\/?ref=bookmarks","article_modified_time":"2022-02-22T08:31:47+00:00","twitter_card":"summary_large_image","twitter_misc":{"Dur\u00e9e de lecture estim\u00e9e":"1 minute"},"schema":{"@context":"https:\/\/schema.org","@graph":[{"@type":"WebPage","@id":"https:\/\/www.reseau-entreprendre.org\/rhone\/ils-temoignent\/","url":"https:\/\/www.reseau-entreprendre.org\/rhone\/ils-temoignent\/","name":"Ils t\u00e9moignent - R\u00e9seau Entreprendre Rh\u00f4ne","isPartOf":{"@id":"https:\/\/www.reseau-entreprendre.org\/rhone\/#website"},"datePublished":"2021-10-07T16:22:54+00:00","dateModified":"2022-02-22T08:31:47+00:00","breadcrumb":{"@id":"https:\/\/www.reseau-entreprendre.org\/rhone\/ils-temoignent\/#breadcrumb"},"inLanguage":"fr-FR","potentialAction":[{"@type":"ReadAction","target":["https:\/\/www.reseau-entreprendre.org\/rhone\/ils-temoignent\/"]}]},{"@type":"BreadcrumbList","@id":"https:\/\/www.reseau-entreprendre.org\/rhone\/ils-temoignent\/#breadcrumb","itemListElement":[{"@type":"ListItem","position":1,"name":"Accueil","item":"https:\/\/www.reseau-entreprendre.org\/rhone\/"},{"@type":"ListItem","position":2,"name":"Ils t\u00e9moignent"}]},{"@type":"WebSite","@id":"https:\/\/www.reseau-entreprendre.org\/rhone\/#website","url":"https:\/\/www.reseau-entreprendre.org\/rhone\/","name":"R\u00e9seau Entreprendre Rh\u00f4ne","description":"Un site utilisant Les sites de R\u00e9seau Entreprendre","publisher":{"@id":"https:\/\/www.reseau-entreprendre.org\/rhone\/#organization"},"potentialAction":[{"@type":"SearchAction","target":{"@type":"EntryPoint","urlTemplate":"https:\/\/www.reseau-entreprendre.org\/rhone\/?s={search_term_string}"},"query-input":{"@type":"PropertyValueSpecification","valueRequired":true,"valueName":"search_term_string"}}],"inLanguage":"fr-FR"},{"@type":"Organization","@id":"https:\/\/www.reseau-entreprendre.org\/rhone\/#organization","name":"R\u00e9seau Entreprendre Rh\u00f4ne","url":"https:\/\/www.reseau-entreprendre.org\/rhone\/","logo":{"@type":"ImageObject","inLanguage":"fr-FR","@id":"https:\/\/www.reseau-entreprendre.org\/rhone\/#\/schema\/logo\/image\/","url":"https:\/\/www.reseau-entreprendre.org\/rhone\/wp-content\/uploads\/sites\/32\/2018\/11\/logo_horizontal_re_couleur_rhone-Copie.png","contentUrl":"https:\/\/www.reseau-entreprendre.org\/rhone\/wp-content\/uploads\/sites\/32\/2018\/11\/logo_horizontal_re_couleur_rhone-Copie.png","width":1446,"height":376,"caption":"R\u00e9seau Entreprendre Rh\u00f4ne"},"image":{"@id":"https:\/\/www.reseau-entreprendre.org\/rhone\/#\/schema\/logo\/image\/"},"sameAs":["https:\/\/www.facebook.com\/R\u00e9seau-Entreprendre-Rh\u00f4ne-1929780440581177\/?ref=bookmarks","https:\/\/www.linkedin.com\/in\/reseau-entreprendre-rhone\/"]}]}},"_links":{"self":[{"href":"https:\/\/www.reseau-entreprendre.org\/rhone\/wp-json\/wp\/v2\/pages\/4031","targetHints":{"allow":["GET"]}}],"collection":[{"href":"https:\/\/www.reseau-entreprendre.org\/rhone\/wp-json\/wp\/v2\/pages"}],"about":[{"href":"https:\/\/www.reseau-entreprendre.org\/rhone\/wp-json\/wp\/v2\/types\/page"}],"author":[{"embeddable":true,"href":"https:\/\/www.reseau-entreprendre.org\/rhone\/wp-json\/wp\/v2\/users\/98"}],"replies":[{"embeddable":true,"href":"https:\/\/www.reseau-entreprendre.org\/rhone\/wp-json\/wp\/v2\/comments?post=4031"}],"version-history":[{"count":0,"href":"https:\/\/www.reseau-entreprendre.org\/rhone\/wp-json\/wp\/v2\/pages\/4031\/revisions"}],"wp:attachment":[{"href":"https:\/\/www.reseau-entreprendre.org\/rhone\/wp-json\/wp\/v2\/media?parent=4031"}],"curies":[{"name":"wp","href":"https:\/\/api.w.org\/{rel}","templated":true}]}}