{"id":11,"date":"2017-04-28T12:33:20","date_gmt":"2017-04-28T10:33:20","guid":{"rendered":"http:\/\/re-preprod-entreprendre.fr\/bretagne\/?page_id=11"},"modified":"2025-02-25T17:40:37","modified_gmt":"2025-02-25T16:40:37","slug":"qui-sommes-nous","status":"publish","type":"page","link":"https:\/\/www.reseau-entreprendre.org\/sarthe\/qui-sommes-nous\/","title":{"rendered":"Qui sommes-nous"},"content":{"rendered":"\n<div style=\"height:36px\" aria-hidden=\"true\" class=\"wp-block-spacer\"><\/div>\n\n\n\n<div class=\"wp-block-group has-background\" style=\"background-color:#f8f8f8\"><div class=\"wp-block-group__inner-container is-layout-constrained wp-block-group-is-layout-constrained\">\n<h2 class=\"wp-block-heading has-text-align-center\" style=\"text-transform:uppercase\"><strong>Nos valeurs<\/strong><\/h2>\n\n\n\n<div class=\"wp-block-columns is-layout-flex wp-container-core-columns-is-layout-9d6595d7 wp-block-columns-is-layout-flex\">\n<div class=\"wp-block-column is-layout-flow wp-block-column-is-layout-flow\"><div class=\"wp-block-image\">\n<figure class=\"aligncenter size-full\"><img loading=\"lazy\" decoding=\"async\" width=\"130\" height=\"130\" src=\"https:\/\/www.reseau-entreprendre.org\/sarthe\/wp-content\/uploads\/sites\/81\/2023\/01\/picto__bienveillance-130x130-3.png\" alt=\"\" class=\"wp-image-2531\" \/><\/figure>\n<\/div>\n\n\n<div class=\"wp-block-columns is-layout-flex wp-container-core-columns-is-layout-9d6595d7 wp-block-columns-is-layout-flex\">\n<div class=\"wp-block-column is-layout-flow wp-block-column-is-layout-flow\">\n<h4 class=\"wp-block-heading has-text-align-center has-re-blue-color has-text-color has-medium-font-size\"><strong>L&#8217;important, c&#8217;est la personne<\/strong><\/h4>\n\n\n\n<p class=\"has-text-align-center\">Avant la qualit\u00e9 du projet qu&#8217;elle porte, c&#8217;est la personne m\u00eame, son potentiel \u00e0 devenir entrepreneur, qui mobilise le soutien des chefs d&#8217;entreprise. <\/p>\n<\/div>\n<\/div>\n<\/div>\n\n\n\n<div class=\"wp-block-column is-layout-flow wp-block-column-is-layout-flow\"><div class=\"wp-block-image\">\n<figure class=\"aligncenter size-full\"><img loading=\"lazy\" decoding=\"async\" width=\"130\" height=\"130\" src=\"https:\/\/www.reseau-entreprendre.org\/sarthe\/wp-content\/uploads\/sites\/81\/2023\/01\/picto__financier-130x130-1.png\" alt=\"\" class=\"wp-image-2532\" \/><\/figure>\n<\/div>\n\n\n<h2 class=\"wp-block-heading has-text-align-center has-re-red-color has-text-color has-medium-font-size\"><strong>Le principe, c&#8217;est la gratuit\u00e9<\/strong><\/h2>\n\n\n\n<p class=\"has-text-align-center\">La gratuit\u00e9 de l&#8217;offre aux cr\u00e9ateurs et repreneurs pour que toutes leurs ressources contribuent \u00e0 la r\u00e9ussite de leur projet. <\/p>\n<\/div>\n\n\n\n<div class=\"wp-block-column is-layout-flow wp-block-column-is-layout-flow\"><div class=\"wp-block-image\">\n<figure class=\"aligncenter size-full\"><img loading=\"lazy\" decoding=\"async\" width=\"131\" height=\"130\" src=\"https:\/\/www.reseau-entreprendre.org\/sarthe\/wp-content\/uploads\/sites\/81\/2023\/01\/picto__solidarite-1-131x130-1.png\" alt=\"\" class=\"wp-image-2533\" \/><\/figure>\n<\/div>\n\n\n<h2 class=\"wp-block-heading has-text-align-center has-re-yellow-color has-text-color has-medium-font-size\"><strong>L&#8217;esprit, c&#8217;est la r\u00e9ciprocit\u00e9<\/strong><\/h2>\n\n\n\n<p class=\"has-text-align-center\">Les b\u00e9n\u00e9ficiaire sont invit\u00e9s \u00e0 rendre demain \u00e0 d&#8217;autres, ce qu&#8217;ils re\u00e7oivent aujourd&#8217;hui, devenant ainsi le maillon d&#8217;une cha\u00eene d&#8217;entraide entre chefs d&#8217;entreprise. <\/p>\n<\/div>\n<\/div>\n<\/div><\/div>\n\n\n\n<p class=\"has-text-align-center has-large-font-size\">Le mot du Vice-Pr\u00e9sident<\/p>\n\n\n\n<div class=\"wp-block-media-text alignwide has-media-on-the-right is-stacked-on-mobile is-vertically-aligned-center is-style-default\" style=\"grid-template-columns:auto 47%\"><div class=\"wp-block-media-text__content\">\n<h2 class=\"wp-block-heading has-text-color\" style=\"color:#000000\"><strong>Jean Marie PETRAUD<\/strong><\/h2>\n\n\n\n<p class=\"has-text-align-left\">En tant que <strong>Vice-Pr\u00e9sident de R\u00e9seau Entreprendre Sarthe<\/strong>, je suis fier de faire partie d\u2019un r\u00e9seau o\u00f9 <strong>solidarit\u00e9, accompagnement et engagement<\/strong> sont au c\u0153ur de notre mission.<\/p>\n\n\n\n<p class=\"has-text-align-left\">Chez <strong>R\u00e9seau Entreprendre Sarthe<\/strong>, nous croyons que <strong>la r\u00e9ussite entrepreneuriale passe par l\u2019entraide et le partage d\u2019exp\u00e9rience<\/strong>. Gr\u00e2ce \u00e0 nos membres et accompagnateurs, nous soutenons des cr\u00e9ateurs et repreneurs d\u2019entreprise en leur offrant <strong>un accompagnement humain et un pr\u00eat d\u2019honneur<\/strong> pour renforcer leur projet. <\/p>\n\n\n\n<p class=\"has-text-align-left\"><strong>Parce qu\u2019entreprendre ne doit jamais \u00eatre un chemin solitaire, nous sommes l\u00e0 pour accompagner et faire grandir les entrepreneurs de demain !<\/strong><\/p>\n<\/div><figure class=\"wp-block-media-text__media\"><img loading=\"lazy\" decoding=\"async\" width=\"1024\" height=\"1024\" src=\"https:\/\/www.reseau-entreprendre.org\/sarthe\/wp-content\/uploads\/sites\/81\/2025\/02\/Design-sans-titre-2-1024x1024.png\" alt=\"\" class=\"wp-image-2921 size-full\" srcset=\"https:\/\/www.reseau-entreprendre.org\/sarthe\/wp-content\/uploads\/sites\/81\/2025\/02\/Design-sans-titre-2-1024x1024.png 1024w, https:\/\/www.reseau-entreprendre.org\/sarthe\/wp-content\/uploads\/sites\/81\/2025\/02\/Design-sans-titre-2-300x300.png 300w, https:\/\/www.reseau-entreprendre.org\/sarthe\/wp-content\/uploads\/sites\/81\/2025\/02\/Design-sans-titre-2-150x150.png 150w, https:\/\/www.reseau-entreprendre.org\/sarthe\/wp-content\/uploads\/sites\/81\/2025\/02\/Design-sans-titre-2-768x768.png 768w, https:\/\/www.reseau-entreprendre.org\/sarthe\/wp-content\/uploads\/sites\/81\/2025\/02\/Design-sans-titre-2-500x500.png 500w, https:\/\/www.reseau-entreprendre.org\/sarthe\/wp-content\/uploads\/sites\/81\/2025\/02\/Design-sans-titre-2-1536x1536.png 1536w, https:\/\/www.reseau-entreprendre.org\/sarthe\/wp-content\/uploads\/sites\/81\/2025\/02\/Design-sans-titre-2-130x130.png 130w, https:\/\/www.reseau-entreprendre.org\/sarthe\/wp-content\/uploads\/sites\/81\/2025\/02\/Design-sans-titre-2-100x100.png 100w, https:\/\/www.reseau-entreprendre.org\/sarthe\/wp-content\/uploads\/sites\/81\/2025\/02\/Design-sans-titre-2.png 2048w\" sizes=\"auto, (max-width: 1024px) 100vw, 1024px\" \/><\/figure><\/div>\n\n\n\n<h2 class=\"wp-block-heading has-text-align-center\"><strong>L&#8217;\u00e9quipe<\/strong><\/h2>\n\n\n\n<hr class=\"wp-block-separator has-alpha-channel-opacity\" \/>\n\n\n\n<p>             <\/p>\n\n\n\n<div class=\"wp-block-media-text alignwide is-stacked-on-mobile is-vertically-aligned-center\" style=\"grid-template-columns:26% auto\"><figure class=\"wp-block-media-text__media\"><img loading=\"lazy\" decoding=\"async\" width=\"1024\" height=\"1024\" src=\"https:\/\/www.reseau-entreprendre.org\/sarthe\/wp-content\/uploads\/sites\/81\/2025\/02\/Design-sans-titre-1024x1024.png\" alt=\"\" class=\"wp-image-2916 size-full\" srcset=\"https:\/\/www.reseau-entreprendre.org\/sarthe\/wp-content\/uploads\/sites\/81\/2025\/02\/Design-sans-titre-1024x1024.png 1024w, https:\/\/www.reseau-entreprendre.org\/sarthe\/wp-content\/uploads\/sites\/81\/2025\/02\/Design-sans-titre-300x300.png 300w, https:\/\/www.reseau-entreprendre.org\/sarthe\/wp-content\/uploads\/sites\/81\/2025\/02\/Design-sans-titre-150x150.png 150w, https:\/\/www.reseau-entreprendre.org\/sarthe\/wp-content\/uploads\/sites\/81\/2025\/02\/Design-sans-titre-768x768.png 768w, https:\/\/www.reseau-entreprendre.org\/sarthe\/wp-content\/uploads\/sites\/81\/2025\/02\/Design-sans-titre-500x500.png 500w, https:\/\/www.reseau-entreprendre.org\/sarthe\/wp-content\/uploads\/sites\/81\/2025\/02\/Design-sans-titre-1536x1536.png 1536w, https:\/\/www.reseau-entreprendre.org\/sarthe\/wp-content\/uploads\/sites\/81\/2025\/02\/Design-sans-titre-130x130.png 130w, https:\/\/www.reseau-entreprendre.org\/sarthe\/wp-content\/uploads\/sites\/81\/2025\/02\/Design-sans-titre-100x100.png 100w, https:\/\/www.reseau-entreprendre.org\/sarthe\/wp-content\/uploads\/sites\/81\/2025\/02\/Design-sans-titre.png 2048w\" sizes=\"auto, (max-width: 1024px) 100vw, 1024px\" \/><\/figure><div class=\"wp-block-media-text__content\">\n<p><strong>Laura GAUTIER<\/strong><\/p>\n\n\n\n<p>Directrice<\/p>\n<\/div><\/div>\n\n\n\n<div style=\"height:36px\" aria-hidden=\"true\" class=\"wp-block-spacer\"><\/div>\n\n\n\n<h2 class=\"wp-block-heading has-text-align-center\"><strong>Ils nous soutiennent <\/strong><\/h2>\n\n\n<div data-block_b4a13b448b35f357235f821ea79994c4 class=\"re-partners-home alignwide\">\n  \n  <\/div>\n","protected":false},"excerpt":{"rendered":"<p>Nos valeurs L&#8217;important, c&#8217;est la personne Avant la qualit\u00e9 du<\/p>\n","protected":false},"author":3,"featured_media":0,"parent":0,"menu_order":0,"comment_status":"closed","ping_status":"closed","template":"","meta":{"_acf_changed":false,"_monsterinsights_skip_tracking":false,"_monsterinsights_sitenote_active":false,"_monsterinsights_sitenote_note":"","_monsterinsights_sitenote_category":0,"footnotes":""},"class_list":["post-11","page","type-page","status-publish","hentry"],"acf":[],"yoast_head":"<!-- This site is optimized with the Yoast SEO plugin v27.4 - https:\/\/yoast.com\/product\/yoast-seo-wordpress\/ -->\n<title>Qui sommes-nous ? | R\u00e9seau Entreprendre Sarthe<\/title>\n<meta name=\"description\" content=\"Apprenez-en plus sur R\u00e9seau Entreprendre et notre r\u00f4le dans la r\u00e9ussite des entrepreneurs locaux. Rejoignez-nous ! R\u00e9seau Entreprendre Sarthe\" \/>\n<meta name=\"robots\" content=\"index, follow, max-snippet:-1, max-image-preview:large, max-video-preview:-1\" \/>\n<link rel=\"canonical\" href=\"https:\/\/www.reseau-entreprendre.org\/sarthe\/qui-sommes-nous\/\" \/>\n<meta property=\"og:locale\" content=\"fr_FR\" \/>\n<meta property=\"og:type\" content=\"article\" \/>\n<meta property=\"og:title\" content=\"Qui sommes-nous ? | R\u00e9seau Entreprendre Sarthe\" \/>\n<meta property=\"og:description\" content=\"Apprenez-en plus sur R\u00e9seau Entreprendre et notre r\u00f4le dans la r\u00e9ussite des entrepreneurs locaux. Rejoignez-nous ! R\u00e9seau Entreprendre Sarthe\" \/>\n<meta property=\"og:url\" content=\"https:\/\/www.reseau-entreprendre.org\/sarthe\/qui-sommes-nous\/\" \/>\n<meta property=\"og:site_name\" content=\"R\u00e9seau Entreprendre Sarthe\" \/>\n<meta property=\"article:publisher\" content=\"https:\/\/www.facebook.com\/reseauentreprendrebretagne\/\" \/>\n<meta property=\"article:modified_time\" content=\"2025-02-25T16:40:37+00:00\" \/>\n<meta property=\"og:image\" content=\"https:\/\/www.reseau-entreprendre.org\/sarthe\/wp-content\/uploads\/sites\/81\/2023\/01\/picto__bienveillance-130x130-3.png\" \/>\n\t<meta property=\"og:image:width\" content=\"130\" \/>\n\t<meta property=\"og:image:height\" content=\"130\" \/>\n\t<meta property=\"og:image:type\" content=\"image\/png\" \/>\n<meta name=\"twitter:card\" content=\"summary_large_image\" \/>\n<meta name=\"twitter:site\" content=\"@RE_Bretagne\" \/>\n<meta name=\"twitter:label1\" content=\"Dur\u00e9e de lecture estim\u00e9e\" \/>\n\t<meta name=\"twitter:data1\" content=\"2 minutes\" \/>\n<script type=\"application\/ld+json\" class=\"yoast-schema-graph\">{\"@context\":\"https:\\\/\\\/schema.org\",\"@graph\":[{\"@type\":\"WebPage\",\"@id\":\"https:\\\/\\\/www.reseau-entreprendre.org\\\/sarthe\\\/qui-sommes-nous\\\/\",\"url\":\"https:\\\/\\\/www.reseau-entreprendre.org\\\/sarthe\\\/qui-sommes-nous\\\/\",\"name\":\"Qui sommes-nous ? | R\u00e9seau Entreprendre Sarthe\",\"isPartOf\":{\"@id\":\"https:\\\/\\\/www.reseau-entreprendre.org\\\/sarthe\\\/#website\"},\"primaryImageOfPage\":{\"@id\":\"https:\\\/\\\/www.reseau-entreprendre.org\\\/sarthe\\\/qui-sommes-nous\\\/#primaryimage\"},\"image\":{\"@id\":\"https:\\\/\\\/www.reseau-entreprendre.org\\\/sarthe\\\/qui-sommes-nous\\\/#primaryimage\"},\"thumbnailUrl\":\"https:\\\/\\\/www.reseau-entreprendre.org\\\/sarthe\\\/wp-content\\\/uploads\\\/sites\\\/81\\\/2023\\\/01\\\/picto__bienveillance-130x130-3.png\",\"datePublished\":\"2017-04-28T10:33:20+00:00\",\"dateModified\":\"2025-02-25T16:40:37+00:00\",\"description\":\"Apprenez-en plus sur R\u00e9seau Entreprendre et notre r\u00f4le dans la r\u00e9ussite des entrepreneurs locaux. Rejoignez-nous ! R\u00e9seau Entreprendre Sarthe\",\"breadcrumb\":{\"@id\":\"https:\\\/\\\/www.reseau-entreprendre.org\\\/sarthe\\\/qui-sommes-nous\\\/#breadcrumb\"},\"inLanguage\":\"fr-FR\",\"potentialAction\":[{\"@type\":\"ReadAction\",\"target\":[\"https:\\\/\\\/www.reseau-entreprendre.org\\\/sarthe\\\/qui-sommes-nous\\\/\"]}]},{\"@type\":\"ImageObject\",\"inLanguage\":\"fr-FR\",\"@id\":\"https:\\\/\\\/www.reseau-entreprendre.org\\\/sarthe\\\/qui-sommes-nous\\\/#primaryimage\",\"url\":\"https:\\\/\\\/www.reseau-entreprendre.org\\\/sarthe\\\/wp-content\\\/uploads\\\/sites\\\/81\\\/2023\\\/01\\\/picto__bienveillance-130x130-3.png\",\"contentUrl\":\"https:\\\/\\\/www.reseau-entreprendre.org\\\/sarthe\\\/wp-content\\\/uploads\\\/sites\\\/81\\\/2023\\\/01\\\/picto__bienveillance-130x130-3.png\",\"width\":130,\"height\":130},{\"@type\":\"BreadcrumbList\",\"@id\":\"https:\\\/\\\/www.reseau-entreprendre.org\\\/sarthe\\\/qui-sommes-nous\\\/#breadcrumb\",\"itemListElement\":[{\"@type\":\"ListItem\",\"position\":1,\"name\":\"Accueil\",\"item\":\"https:\\\/\\\/www.reseau-entreprendre.org\\\/sarthe\\\/\"},{\"@type\":\"ListItem\",\"position\":2,\"name\":\"Qui sommes-nous\"}]},{\"@type\":\"WebSite\",\"@id\":\"https:\\\/\\\/www.reseau-entreprendre.org\\\/sarthe\\\/#website\",\"url\":\"https:\\\/\\\/www.reseau-entreprendre.org\\\/sarthe\\\/\",\"name\":\"R\u00e9seau Entreprendre Sarthe\",\"description\":\"Un site utilisant Les sites de R\u00e9seau Entreprendre\",\"potentialAction\":[{\"@type\":\"SearchAction\",\"target\":{\"@type\":\"EntryPoint\",\"urlTemplate\":\"https:\\\/\\\/www.reseau-entreprendre.org\\\/sarthe\\\/?s={search_term_string}\"},\"query-input\":{\"@type\":\"PropertyValueSpecification\",\"valueRequired\":true,\"valueName\":\"search_term_string\"}}],\"inLanguage\":\"fr-FR\"}]}<\/script>\n<!-- \/ Yoast SEO plugin. -->","yoast_head_json":{"title":"Qui sommes-nous ? | R\u00e9seau Entreprendre Sarthe","description":"Apprenez-en plus sur R\u00e9seau Entreprendre et notre r\u00f4le dans la r\u00e9ussite des entrepreneurs locaux. Rejoignez-nous ! R\u00e9seau Entreprendre Sarthe","robots":{"index":"index","follow":"follow","max-snippet":"max-snippet:-1","max-image-preview":"max-image-preview:large","max-video-preview":"max-video-preview:-1"},"canonical":"https:\/\/www.reseau-entreprendre.org\/sarthe\/qui-sommes-nous\/","og_locale":"fr_FR","og_type":"article","og_title":"Qui sommes-nous ? | R\u00e9seau Entreprendre Sarthe","og_description":"Apprenez-en plus sur R\u00e9seau Entreprendre et notre r\u00f4le dans la r\u00e9ussite des entrepreneurs locaux. Rejoignez-nous ! R\u00e9seau Entreprendre Sarthe","og_url":"https:\/\/www.reseau-entreprendre.org\/sarthe\/qui-sommes-nous\/","og_site_name":"R\u00e9seau Entreprendre Sarthe","article_publisher":"https:\/\/www.facebook.com\/reseauentreprendrebretagne\/","article_modified_time":"2025-02-25T16:40:37+00:00","og_image":[{"width":130,"height":130,"url":"https:\/\/www.reseau-entreprendre.org\/sarthe\/wp-content\/uploads\/sites\/81\/2023\/01\/picto__bienveillance-130x130-3.png","type":"image\/png"}],"twitter_card":"summary_large_image","twitter_site":"@RE_Bretagne","twitter_misc":{"Dur\u00e9e de lecture estim\u00e9e":"2 minutes"},"schema":{"@context":"https:\/\/schema.org","@graph":[{"@type":"WebPage","@id":"https:\/\/www.reseau-entreprendre.org\/sarthe\/qui-sommes-nous\/","url":"https:\/\/www.reseau-entreprendre.org\/sarthe\/qui-sommes-nous\/","name":"Qui sommes-nous ? | R\u00e9seau Entreprendre Sarthe","isPartOf":{"@id":"https:\/\/www.reseau-entreprendre.org\/sarthe\/#website"},"primaryImageOfPage":{"@id":"https:\/\/www.reseau-entreprendre.org\/sarthe\/qui-sommes-nous\/#primaryimage"},"image":{"@id":"https:\/\/www.reseau-entreprendre.org\/sarthe\/qui-sommes-nous\/#primaryimage"},"thumbnailUrl":"https:\/\/www.reseau-entreprendre.org\/sarthe\/wp-content\/uploads\/sites\/81\/2023\/01\/picto__bienveillance-130x130-3.png","datePublished":"2017-04-28T10:33:20+00:00","dateModified":"2025-02-25T16:40:37+00:00","description":"Apprenez-en plus sur R\u00e9seau Entreprendre et notre r\u00f4le dans la r\u00e9ussite des entrepreneurs locaux. Rejoignez-nous ! R\u00e9seau Entreprendre Sarthe","breadcrumb":{"@id":"https:\/\/www.reseau-entreprendre.org\/sarthe\/qui-sommes-nous\/#breadcrumb"},"inLanguage":"fr-FR","potentialAction":[{"@type":"ReadAction","target":["https:\/\/www.reseau-entreprendre.org\/sarthe\/qui-sommes-nous\/"]}]},{"@type":"ImageObject","inLanguage":"fr-FR","@id":"https:\/\/www.reseau-entreprendre.org\/sarthe\/qui-sommes-nous\/#primaryimage","url":"https:\/\/www.reseau-entreprendre.org\/sarthe\/wp-content\/uploads\/sites\/81\/2023\/01\/picto__bienveillance-130x130-3.png","contentUrl":"https:\/\/www.reseau-entreprendre.org\/sarthe\/wp-content\/uploads\/sites\/81\/2023\/01\/picto__bienveillance-130x130-3.png","width":130,"height":130},{"@type":"BreadcrumbList","@id":"https:\/\/www.reseau-entreprendre.org\/sarthe\/qui-sommes-nous\/#breadcrumb","itemListElement":[{"@type":"ListItem","position":1,"name":"Accueil","item":"https:\/\/www.reseau-entreprendre.org\/sarthe\/"},{"@type":"ListItem","position":2,"name":"Qui sommes-nous"}]},{"@type":"WebSite","@id":"https:\/\/www.reseau-entreprendre.org\/sarthe\/#website","url":"https:\/\/www.reseau-entreprendre.org\/sarthe\/","name":"R\u00e9seau Entreprendre Sarthe","description":"Un site utilisant Les sites de R\u00e9seau Entreprendre","potentialAction":[{"@type":"SearchAction","target":{"@type":"EntryPoint","urlTemplate":"https:\/\/www.reseau-entreprendre.org\/sarthe\/?s={search_term_string}"},"query-input":{"@type":"PropertyValueSpecification","valueRequired":true,"valueName":"search_term_string"}}],"inLanguage":"fr-FR"}]}},"_links":{"self":[{"href":"https:\/\/www.reseau-entreprendre.org\/sarthe\/wp-json\/wp\/v2\/pages\/11","targetHints":{"allow":["GET"]}}],"collection":[{"href":"https:\/\/www.reseau-entreprendre.org\/sarthe\/wp-json\/wp\/v2\/pages"}],"about":[{"href":"https:\/\/www.reseau-entreprendre.org\/sarthe\/wp-json\/wp\/v2\/types\/page"}],"author":[{"embeddable":true,"href":"https:\/\/www.reseau-entreprendre.org\/sarthe\/wp-json\/wp\/v2\/users\/3"}],"replies":[{"embeddable":true,"href":"https:\/\/www.reseau-entreprendre.org\/sarthe\/wp-json\/wp\/v2\/comments?post=11"}],"version-history":[{"count":0,"href":"https:\/\/www.reseau-entreprendre.org\/sarthe\/wp-json\/wp\/v2\/pages\/11\/revisions"}],"wp:attachment":[{"href":"https:\/\/www.reseau-entreprendre.org\/sarthe\/wp-json\/wp\/v2\/media?parent=11"}],"curies":[{"name":"wp","href":"https:\/\/api.w.org\/{rel}","templated":true}]}}