{"id":15,"date":"2017-04-28T12:33:47","date_gmt":"2017-04-28T10:33:47","guid":{"rendered":"http:\/\/re-preprod-entreprendre.fr\/bretagne\/?page_id=15"},"modified":"2023-05-16T12:04:08","modified_gmt":"2023-05-16T10:04:08","slug":"accompagner","status":"publish","type":"page","link":"https:\/\/www.reseau-entreprendre.org\/sarthe\/accompagner\/","title":{"rendered":"Accompagner"},"content":{"rendered":"\n<h2 class=\"wp-block-heading has-text-align-center has-re-yellow-color has-text-color\" style=\"text-transform:uppercase\"><strong>R\u00e9seau Entreprendre Sarthe c\u2019est d\u2019abord :<\/strong><\/h2>\n\n\n\n<div style=\"height:25px\" aria-hidden=\"true\" class=\"wp-block-spacer\"><\/div>\n\n\n\n<p>Des chefs d\u2019entreprises b\u00e9n\u00e9voles qui partagent des valeurs communes destin\u00e9es \u00e0 favoriser l\u2019\u00e9mergence de futures PME porteuses de richesses et d\u2019emplois et \u00e0 dynamiser le tissu \u00e9conomique de la Sarthe.<\/p>\n\n\n\n<p><strong>\u00ab Faire \u00e9merger et r\u00e9ussir de nouveaux entrepreneurs \u00bb<\/strong><\/p>\n\n\n\n<div style=\"height:40px\" aria-hidden=\"true\" class=\"wp-block-spacer\"><\/div>\n\n\n\n<h2 class=\"wp-block-heading has-text-align-center has-re-yellow-color has-text-color has-large-font-size\" style=\"text-transform:uppercase\"><strong>L&#8217;accompagnement de R\u00e9seau Entreprendre Sarthe est fond\u00e9 sur la gratuit\u00e9 et l&#8217;entraide entre chefs d&#8217;entreprise<\/strong><\/h2>\n\n\n\n<div style=\"height:25px\" aria-hidden=\"true\" class=\"wp-block-spacer\"><\/div>\n\n\n\n<p>L&#8217;accompagnement de R\u00e9seau Entreprendre est fond\u00e9 sur 3 principes d&#8217;actions fondamentaux et indissociables. Au-del\u00e0 d&#8217;une marque, d&#8217;une cible et d&#8217;une offre communes, les associations R\u00e9seau Entreprendre partagent ces principes d&#8217;action qui, en plus de 30 ans, ont fait la preuve de leur efficacit\u00e9 :<\/p>\n\n\n\n<p><strong>L&#8217;important, c&#8217;est la personne<\/strong><br>Avant la qualit\u00e9 du projet qu&#8217;elle porte, c&#8217;est la personne m\u00eame, son potentiel \u00e0 devenir entrepreneur, qui mobilise le soutien des chefs d&#8217;entreprise<\/p>\n\n\n\n<p><strong>Le principe c&#8217;est la gratuit\u00e9<\/strong><br>La gratuit\u00e9 de l&#8217;offre aux cr\u00e9ateurs et repreneurs pour que toutes leurs ressources contribuent \u00e0 la r\u00e9ussite de leur projet ; esprit de gratuit\u00e9 de ceux qui les accompagnent (citoyennet\u00e9 \u00e9conomique)<\/p>\n\n\n\n<p><strong>L&#8217;esprit, c&#8217;est la r\u00e9ciprocit\u00e9<\/strong><br>Les b\u00e9n\u00e9ficiaires sont invit\u00e9s \u00e0 rendre demain \u00e0 d&#8217;autres, ce qu&#8217;ils re\u00e7oivent aujourd&#8217;hui, devenant ainsi le maillon d&#8217;une cha\u00eene d&#8217;entraide entre chefs d&#8217;entreprise.<\/p>\n\n\n\n<div style=\"height:25px\" aria-hidden=\"true\" class=\"wp-block-spacer\"><\/div>\n\n\n\n<hr class=\"wp-block-separator has-alpha-channel-opacity\" \/>\n\n\n\n<div style=\"height:40px\" aria-hidden=\"true\" class=\"wp-block-spacer\"><\/div>\n\n\n\n<h2 class=\"wp-block-heading has-text-align-center\"><strong>UNE IMPLICATION \u00c0 LA CARTE<\/strong><\/h2>\n\n\n\n<div style=\"height:25px\" aria-hidden=\"true\" class=\"wp-block-spacer\"><\/div>\n\n\n\n<p>L\u2019implication au R\u00e9seau Entreprendre<sup>\u00ae<\/sup>&nbsp;Sarthe est en fonction de chacun et peut se faire de diff\u00e9rentes mani\u00e8res : participer \u00e0 la s\u00e9lection des projets, accompagner des entrepreneurs, booster des projets et participer \u00e0 la vie active de l\u2019association \u2026<\/p>\n\n\n\n<div style=\"height:25px\" aria-hidden=\"true\" class=\"wp-block-spacer\"><\/div>\n\n\n\n<div class=\"wp-block-columns is-layout-flex wp-container-core-columns-is-layout-9d6595d7 wp-block-columns-is-layout-flex\">\n<div class=\"wp-block-column has-background is-layout-flow wp-block-column-is-layout-flow\" style=\"background-color:#f8f8f8\">\n<h2 class=\"wp-block-heading has-text-align-center has-re-yellow-color has-text-color has-medium-font-size\">Rejoignez un mouvement solidaire<\/h2>\n\n\n\n<p class=\"has-text-align-center\">15 000 chefs d&#8217;entreprises humanistes dont plus d&#8217;une cinquantaine en Sarthe<\/p>\n<\/div>\n\n\n\n<div class=\"wp-block-column has-background is-layout-flow wp-block-column-is-layout-flow\" style=\"background-color:#f8f8f8\">\n<h2 class=\"wp-block-heading has-text-align-center has-re-yellow-color has-text-color has-medium-font-size\">Impliquez-vous dans l&#8217;\u00e9cosyst\u00e8me<\/h2>\n\n\n\n<p class=\"has-text-align-center\">Devenez membres et participez aux \u00e9v\u00e8nements de R\u00e9seau Entreprendre Sarthe<\/p>\n<\/div>\n\n\n\n<div class=\"wp-block-column has-background is-layout-flow wp-block-column-is-layout-flow\" style=\"background-color:#f8f8f8\">\n<h2 class=\"wp-block-heading has-text-align-center has-re-yellow-color has-text-color has-medium-font-size\">Accompagnez les entrepreneurs<\/h2>\n\n\n\n<p class=\"has-text-align-center\">Transmettez-leur votre exp\u00e9rience et votre savoir faire en \u00e9tant dans l&#8217;action et l&#8217;\u00e9change<\/p>\n<\/div>\n<\/div>\n\n\n\n<div style=\"height:25px\" aria-hidden=\"true\" class=\"wp-block-spacer\"><\/div>\n\n\n\n<div class=\"wp-block-buttons is-content-justification-center is-layout-flex wp-container-core-buttons-is-layout-16018d1d wp-block-buttons-is-layout-flex\">\n<div class=\"wp-block-button\"><a class=\"wp-block-button__link has-re-yellow-background-color has-background wp-element-button\" href=\"https:\/\/www.reseau-entreprendre.org\/fr\/sengager\/formulaire-benevole\/\" target=\"_blank\" rel=\"noreferrer noopener\"><strong>DEVENIR MEMBRE<\/strong><\/a><\/div>\n<\/div>\n\n\n\n<div style=\"height:25px\" aria-hidden=\"true\" class=\"wp-block-spacer\"><\/div>\n\n\n\n<hr class=\"wp-block-separator has-alpha-channel-opacity\" \/>\n\n\n\n<div style=\"height:40px\" aria-hidden=\"true\" class=\"wp-block-spacer\"><\/div>\n\n\n\n<h2 class=\"wp-block-heading has-text-align-center\"><strong>R\u00c9SEAU ENTREPRENDRE EN TANT QUE MEMBRE<\/strong><\/h2>\n\n\n\n<div style=\"height:25px\" aria-hidden=\"true\" class=\"wp-block-spacer\"><\/div>\n\n\n\n<figure class=\"wp-block-embed aligncenter is-type-video is-provider-youtube wp-block-embed-youtube wp-embed-aspect-16-9 wp-has-aspect-ratio\"><div class=\"wp-block-embed__wrapper\">\n<iframe loading=\"lazy\" title=\"S&#039;engager avec R\u00e9seau Entreprendre\" width=\"500\" height=\"281\" src=\"https:\/\/www.youtube.com\/embed\/NUJCI0vCPuU?feature=oembed\" frameborder=\"0\" allow=\"accelerometer; autoplay; clipboard-write; encrypted-media; gyroscope; picture-in-picture; web-share\" referrerpolicy=\"strict-origin-when-cross-origin\" allowfullscreen><\/iframe>\n<\/div><\/figure>\n\n\n\n<div style=\"height:25px\" aria-hidden=\"true\" class=\"wp-block-spacer\"><\/div>\n\n\n\n<hr class=\"wp-block-separator has-alpha-channel-opacity\" \/>\n\n\n\n<div style=\"height:40px\" aria-hidden=\"true\" class=\"wp-block-spacer\"><\/div>\n\n\n\n<h2 class=\"wp-block-heading has-text-align-center\"><strong>INT\u00c9GRER R\u00c9SEAU ENTREPRENDRE SARTHE<\/strong><\/h2>\n\n\n\n<div style=\"height:25px\" aria-hidden=\"true\" class=\"wp-block-spacer\"><\/div>\n\n\n\n<p>Vous \u00eates un chef d\u2019entreprise et vous souhaitez faire b\u00e9n\u00e9ficier de votre exp\u00e9rience et vous enrichir aupr\u00e8s de jeunes entrepreneurs prometteurs, \u00e9nergiques et plein de bonnes id\u00e9es ?<\/p>\n\n\n\n<p>Vous partagez nos valeurs ? Devenez membre de R\u00e9seau Entreprendre<sup>\u00ae<\/sup>&nbsp;Sarthe !<\/p>\n\n\n\n<div style=\"height:25px\" aria-hidden=\"true\" class=\"wp-block-spacer\"><\/div>\n\n\n\n<div class=\"wp-block-buttons is-content-justification-center is-layout-flex wp-container-core-buttons-is-layout-16018d1d wp-block-buttons-is-layout-flex\">\n<div class=\"wp-block-button\"><a class=\"wp-block-button__link has-re-yellow-background-color has-background wp-element-button\" href=\"https:\/\/www.reseau-entreprendre.org\/fr\/sengager\/formulaire-benevole\/\" target=\"_blank\" rel=\"noreferrer noopener\"><strong>DEVENIR MEMBRE<\/strong><\/a><\/div>\n<\/div>\n","protected":false},"excerpt":{"rendered":"<p>R\u00e9seau Entreprendre Sarthe c\u2019est d\u2019abord : Des chefs d\u2019entreprises b\u00e9n\u00e9voles<\/p>\n","protected":false},"author":111,"featured_media":0,"parent":0,"menu_order":0,"comment_status":"closed","ping_status":"closed","template":"","meta":{"_acf_changed":false,"_monsterinsights_skip_tracking":false,"_monsterinsights_sitenote_active":false,"_monsterinsights_sitenote_note":"","_monsterinsights_sitenote_category":0,"footnotes":""},"class_list":["post-15","page","type-page","status-publish","hentry"],"acf":[],"yoast_head":"<!-- This site is optimized with the Yoast SEO plugin v27.4 - https:\/\/yoast.com\/product\/yoast-seo-wordpress\/ -->\n<title>Accompagner| Reseau Entreprendre Sarthe<\/title>\n<meta name=\"description\" content=\"Vous \u00eates chef d&#039;entreprise et souhaitez accompagner de nouveaux entrepreneurs ? Devenez membre b\u00e9n\u00e9vole de R\u00e9seau Entreprendre Sarthe !\" \/>\n<meta name=\"robots\" content=\"index, follow, max-snippet:-1, max-image-preview:large, max-video-preview:-1\" \/>\n<link rel=\"canonical\" href=\"https:\/\/www.reseau-entreprendre.org\/sarthe\/accompagner\/\" \/>\n<meta property=\"og:locale\" content=\"fr_FR\" \/>\n<meta property=\"og:type\" content=\"article\" \/>\n<meta property=\"og:title\" content=\"Accompagner| Reseau Entreprendre Sarthe\" \/>\n<meta property=\"og:description\" content=\"Vous \u00eates chef d&#039;entreprise et souhaitez accompagner de nouveaux entrepreneurs ? Devenez membre b\u00e9n\u00e9vole de R\u00e9seau Entreprendre Sarthe !\" \/>\n<meta property=\"og:url\" content=\"https:\/\/www.reseau-entreprendre.org\/sarthe\/accompagner\/\" \/>\n<meta property=\"og:site_name\" content=\"R\u00e9seau Entreprendre Sarthe\" \/>\n<meta property=\"article:publisher\" content=\"https:\/\/www.facebook.com\/reseauentreprendrebretagne\/\" \/>\n<meta property=\"article:modified_time\" content=\"2023-05-16T10:04:08+00:00\" \/>\n<meta name=\"twitter:card\" content=\"summary_large_image\" \/>\n<meta name=\"twitter:site\" content=\"@RE_Bretagne\" \/>\n<meta name=\"twitter:label1\" content=\"Dur\u00e9e de lecture estim\u00e9e\" \/>\n\t<meta name=\"twitter:data1\" content=\"2 minutes\" \/>\n<script type=\"application\/ld+json\" class=\"yoast-schema-graph\">{\"@context\":\"https:\\\/\\\/schema.org\",\"@graph\":[{\"@type\":\"WebPage\",\"@id\":\"https:\\\/\\\/www.reseau-entreprendre.org\\\/sarthe\\\/accompagner\\\/\",\"url\":\"https:\\\/\\\/www.reseau-entreprendre.org\\\/sarthe\\\/accompagner\\\/\",\"name\":\"Accompagner| Reseau Entreprendre Sarthe\",\"isPartOf\":{\"@id\":\"https:\\\/\\\/www.reseau-entreprendre.org\\\/sarthe\\\/#website\"},\"datePublished\":\"2017-04-28T10:33:47+00:00\",\"dateModified\":\"2023-05-16T10:04:08+00:00\",\"description\":\"Vous \u00eates chef d'entreprise et souhaitez accompagner de nouveaux entrepreneurs ? Devenez membre b\u00e9n\u00e9vole de R\u00e9seau Entreprendre Sarthe !\",\"breadcrumb\":{\"@id\":\"https:\\\/\\\/www.reseau-entreprendre.org\\\/sarthe\\\/accompagner\\\/#breadcrumb\"},\"inLanguage\":\"fr-FR\",\"potentialAction\":[{\"@type\":\"ReadAction\",\"target\":[\"https:\\\/\\\/www.reseau-entreprendre.org\\\/sarthe\\\/accompagner\\\/\"]}]},{\"@type\":\"BreadcrumbList\",\"@id\":\"https:\\\/\\\/www.reseau-entreprendre.org\\\/sarthe\\\/accompagner\\\/#breadcrumb\",\"itemListElement\":[{\"@type\":\"ListItem\",\"position\":1,\"name\":\"Accueil\",\"item\":\"https:\\\/\\\/www.reseau-entreprendre.org\\\/sarthe\\\/\"},{\"@type\":\"ListItem\",\"position\":2,\"name\":\"Accompagner\"}]},{\"@type\":\"WebSite\",\"@id\":\"https:\\\/\\\/www.reseau-entreprendre.org\\\/sarthe\\\/#website\",\"url\":\"https:\\\/\\\/www.reseau-entreprendre.org\\\/sarthe\\\/\",\"name\":\"R\u00e9seau Entreprendre Sarthe\",\"description\":\"Un site utilisant Les sites de R\u00e9seau Entreprendre\",\"potentialAction\":[{\"@type\":\"SearchAction\",\"target\":{\"@type\":\"EntryPoint\",\"urlTemplate\":\"https:\\\/\\\/www.reseau-entreprendre.org\\\/sarthe\\\/?s={search_term_string}\"},\"query-input\":{\"@type\":\"PropertyValueSpecification\",\"valueRequired\":true,\"valueName\":\"search_term_string\"}}],\"inLanguage\":\"fr-FR\"}]}<\/script>\n<!-- \/ Yoast SEO plugin. -->","yoast_head_json":{"title":"Accompagner| Reseau Entreprendre Sarthe","description":"Vous \u00eates chef d'entreprise et souhaitez accompagner de nouveaux entrepreneurs ? Devenez membre b\u00e9n\u00e9vole de R\u00e9seau Entreprendre Sarthe !","robots":{"index":"index","follow":"follow","max-snippet":"max-snippet:-1","max-image-preview":"max-image-preview:large","max-video-preview":"max-video-preview:-1"},"canonical":"https:\/\/www.reseau-entreprendre.org\/sarthe\/accompagner\/","og_locale":"fr_FR","og_type":"article","og_title":"Accompagner| Reseau Entreprendre Sarthe","og_description":"Vous \u00eates chef d'entreprise et souhaitez accompagner de nouveaux entrepreneurs ? Devenez membre b\u00e9n\u00e9vole de R\u00e9seau Entreprendre Sarthe !","og_url":"https:\/\/www.reseau-entreprendre.org\/sarthe\/accompagner\/","og_site_name":"R\u00e9seau Entreprendre Sarthe","article_publisher":"https:\/\/www.facebook.com\/reseauentreprendrebretagne\/","article_modified_time":"2023-05-16T10:04:08+00:00","twitter_card":"summary_large_image","twitter_site":"@RE_Bretagne","twitter_misc":{"Dur\u00e9e de lecture estim\u00e9e":"2 minutes"},"schema":{"@context":"https:\/\/schema.org","@graph":[{"@type":"WebPage","@id":"https:\/\/www.reseau-entreprendre.org\/sarthe\/accompagner\/","url":"https:\/\/www.reseau-entreprendre.org\/sarthe\/accompagner\/","name":"Accompagner| Reseau Entreprendre Sarthe","isPartOf":{"@id":"https:\/\/www.reseau-entreprendre.org\/sarthe\/#website"},"datePublished":"2017-04-28T10:33:47+00:00","dateModified":"2023-05-16T10:04:08+00:00","description":"Vous \u00eates chef d'entreprise et souhaitez accompagner de nouveaux entrepreneurs ? Devenez membre b\u00e9n\u00e9vole de R\u00e9seau Entreprendre Sarthe !","breadcrumb":{"@id":"https:\/\/www.reseau-entreprendre.org\/sarthe\/accompagner\/#breadcrumb"},"inLanguage":"fr-FR","potentialAction":[{"@type":"ReadAction","target":["https:\/\/www.reseau-entreprendre.org\/sarthe\/accompagner\/"]}]},{"@type":"BreadcrumbList","@id":"https:\/\/www.reseau-entreprendre.org\/sarthe\/accompagner\/#breadcrumb","itemListElement":[{"@type":"ListItem","position":1,"name":"Accueil","item":"https:\/\/www.reseau-entreprendre.org\/sarthe\/"},{"@type":"ListItem","position":2,"name":"Accompagner"}]},{"@type":"WebSite","@id":"https:\/\/www.reseau-entreprendre.org\/sarthe\/#website","url":"https:\/\/www.reseau-entreprendre.org\/sarthe\/","name":"R\u00e9seau Entreprendre Sarthe","description":"Un site utilisant Les sites de R\u00e9seau Entreprendre","potentialAction":[{"@type":"SearchAction","target":{"@type":"EntryPoint","urlTemplate":"https:\/\/www.reseau-entreprendre.org\/sarthe\/?s={search_term_string}"},"query-input":{"@type":"PropertyValueSpecification","valueRequired":true,"valueName":"search_term_string"}}],"inLanguage":"fr-FR"}]}},"_links":{"self":[{"href":"https:\/\/www.reseau-entreprendre.org\/sarthe\/wp-json\/wp\/v2\/pages\/15","targetHints":{"allow":["GET"]}}],"collection":[{"href":"https:\/\/www.reseau-entreprendre.org\/sarthe\/wp-json\/wp\/v2\/pages"}],"about":[{"href":"https:\/\/www.reseau-entreprendre.org\/sarthe\/wp-json\/wp\/v2\/types\/page"}],"author":[{"embeddable":true,"href":"https:\/\/www.reseau-entreprendre.org\/sarthe\/wp-json\/wp\/v2\/users\/111"}],"replies":[{"embeddable":true,"href":"https:\/\/www.reseau-entreprendre.org\/sarthe\/wp-json\/wp\/v2\/comments?post=15"}],"version-history":[{"count":0,"href":"https:\/\/www.reseau-entreprendre.org\/sarthe\/wp-json\/wp\/v2\/pages\/15\/revisions"}],"wp:attachment":[{"href":"https:\/\/www.reseau-entreprendre.org\/sarthe\/wp-json\/wp\/v2\/media?parent=15"}],"curies":[{"name":"wp","href":"https:\/\/api.w.org\/{rel}","templated":true}]}}