{"id":11,"date":"2017-04-28T12:33:20","date_gmt":"2017-04-28T10:33:20","guid":{"rendered":"https:\/\/www.reseau-entreprendre.org\/savoie\/?page_id=11"},"modified":"2023-06-02T15:16:32","modified_gmt":"2023-06-02T13:16:32","slug":"qui-sommes-nous","status":"publish","type":"page","link":"https:\/\/www.reseau-entreprendre.org\/savoie\/qui-sommes-nous\/","title":{"rendered":"Qui sommes-nous ?"},"content":{"rendered":"<div class=\"su-row\"><div class=\"su-column su-column-size-1-2\"><div class=\"su-column-inner su-u-clearfix su-u-trim\">\n<h2><span style=\"color: #268597\"><strong><span style=\"font-size: 36px\">Plus de 200 dirigeants<br \/>\nau service des (futurs)<br \/>\nentrepreneurs savoyards<\/span><\/strong><\/span><\/h2>\n<h3><span style=\"color: #268597\"><b><strong>Notre vocation :<\/strong><\/b><\/span><span style=\"color: #ff971d\"><br \/>\n<\/span><\/h3>\n<p style=\"text-align: justify\"><span style=\"font-size: 16px\">Favoriser la cr\u00e9ation d\u2019emplois par l\u2019accompagnement \u00e0 la cr\u00e9ation, la reprise et le d\u00e9veloppement d\u2019entreprise\u2026&nbsp;<\/span>Nos laur\u00e9ats sont accompagn\u00e9s individuellement pendant deux ans par un dirigeant d\u2019entreprise et collectivement en participant \u00e0 des clubs mensuels de laur\u00e9ats. Ils b\u00e9n\u00e9ficient \u00e9galement d\u2019un pr\u00eat d\u2019honneur pour renforcer leurs fonds propres et faciliter l\u2019obtention d\u2019un pr\u00eat bancaire.<\/p>\n<\/div><\/div>\n<div class=\"su-column su-column-size-1-2\"><div class=\"su-column-inner su-u-clearfix su-u-trim\">\n<p><img loading=\"lazy\" decoding=\"async\" class=\"alignnone size-full wp-image-1490\" src=\"https:\/\/www.reseau-entreprendre.org\/savoie\/wp-content\/uploads\/sites\/64\/2018\/06\/res.png\" alt=\"\" width=\"1024\" height=\"679\" srcset=\"https:\/\/www.reseau-entreprendre.org\/savoie\/wp-content\/uploads\/sites\/64\/2018\/06\/res.png 1024w, https:\/\/www.reseau-entreprendre.org\/savoie\/wp-content\/uploads\/sites\/64\/2018\/06\/res-300x199.png 300w, https:\/\/www.reseau-entreprendre.org\/savoie\/wp-content\/uploads\/sites\/64\/2018\/06\/res-768x509.png 768w\" sizes=\"auto, (max-width: 1024px) 100vw, 1024px\" \/><\/p>\n<\/div><\/div>\n<\/div>\n\n\n\n<h2 class=\"wp-block-heading\"><span style=\"color: #ff971d\"><strong><span style=\"color: #000000\">Le r\u00e9seau d\u2019entrepreneurs engag\u00e9s en Savoie\u00a0!<\/span><br><\/strong><\/span><br><span style=\"color: #ff971d\"><strong>216 dirigeants<\/strong><\/span><span style=\"color: #000000;font-size: 1rem\">\u00a0g\u00e9n\u00e9rant plus de\u00a0<\/span><span style=\"font-size: 1rem;color: #ff971d\"><strong><span style=\"font-size: 28px\">3 milliards d\u2019euros <\/span><\/strong><\/span><span style=\"color: #000000;font-size: 1rem\">de chiffre d\u2019affaires<br><\/span><span style=\"color: #000000;font-size: 16px\">pour<\/span><strong style=\"font-family: inherit;color: #000000;font-size: 1rem\"><span style=\"color: #268597;font-size: 28px\"><span style=\"color: #ff971d\">\u00a020 000 salari\u00e9s<\/span>\u00a0<\/span><\/strong><span style=\"font-family: inherit;color: #000000;font-size: 1rem\">et<\/span><span style=\"font-family: inherit;font-size: 2rem;color: #ff971d\"><strong style=\"font-size: 1rem\"><span style=\"font-size: 28px\"> 17 partenaires d&#8217;alliance<br><\/span><\/strong><\/span><span style=\"color: #000000;font-size: 16px\">se sont mobilis\u00e9s depuis 1999 pour :\u00a0<\/span><\/h2>\n\n\n<div class=\"su-row\"><div class=\"su-column su-column-size-1-3\"><div class=\"su-column-inner su-u-clearfix su-u-trim\">\n<p style=\"text-align: center\"><img loading=\"lazy\" decoding=\"async\" class=\"wp-image-1562 aligncenter\" src=\"https:\/\/www.reseau-entreprendre.org\/savoie\/wp-content\/uploads\/sites\/64\/2018\/06\/accompagnement.png\" alt=\"\" width=\"200\" height=\"145\"><strong><span style=\"font-size: 24px;color: #268597\">360 laur\u00e9ats<br \/>\n<\/span><\/strong><span style=\"font-size: 24px;color: #268597\"><span style=\"color: #000000;font-size: 16px\">accompagn\u00e9s<\/span><\/span><\/p>\n<\/div><\/div> <div class=\"su-column su-column-size-1-3\"><div class=\"su-column-inner su-u-clearfix su-u-trim\">\n<p><img loading=\"lazy\" decoding=\"async\" class=\"wp-image-1561 aligncenter\" src=\"https:\/\/www.reseau-entreprendre.org\/savoie\/wp-content\/uploads\/sites\/64\/2018\/06\/tirelire.png\" alt=\"\" width=\"200\" height=\"143\"><\/p>\n<p style=\"text-align: center\"><strong><span style=\"color: #ff971d;font-size: 24px\"><span style=\"color: #268597\">9,5 millions d\u2019euros<\/span> <\/span><\/strong><br \/>\nde pr\u00eats d\u2019honneur<\/p>\n<\/div><\/div> <div class=\"su-column su-column-size-1-3\"><div class=\"su-column-inner su-u-clearfix su-u-trim\">\n<p><img loading=\"lazy\" decoding=\"async\" class=\"wp-image-1565 aligncenter\" src=\"https:\/\/www.reseau-entreprendre.org\/savoie\/wp-content\/uploads\/sites\/64\/2018\/06\/malette-1.png\" alt=\"\" width=\"200\" height=\"124\"><\/p>\n<p style=\"text-align: center\"><span style=\"color: #268597\"><strong><span style=\"font-size: 24px\">2035 emplois en Savoie<\/span><\/strong><\/span><br \/>\ncr\u00e9\u00e9s ou maintenus<br \/>\n<\/div><\/div><\/div>\n\n\n\n<p class=\"has-text-align-center\"><\/p>\n\n\n<div class=\"su-row\"><div class=\"su-column su-column-size-1-2\"><div class=\"su-column-inner su-u-clearfix su-u-trim\">\n<p><img loading=\"lazy\" decoding=\"async\" class=\"aligncenter wp-image-1010\" src=\"https:\/\/www.reseau-entreprendre.org\/savoie\/wp-content\/uploads\/sites\/64\/2022\/10\/accompagnement-res-ghold-1024x614.jpg\" alt=\"\" width=\"539\" height=\"539\"><\/p>\n<\/div><\/div> <div class=\"su-column su-column-size-1-2\"><div class=\"su-column-inner su-u-clearfix su-u-trim\">\n<h2><strong>Un accompagnement gratuit par des dirigeants d\u2019entreprise exp\u00e9riment\u00e9s&nbsp;!<\/strong><\/h2>\n<p>Notre ADN&nbsp;: 1980h d\u2019accompagnement humain b\u00e9n\u00e9vole d\u00e9livr\u00e9es chaque ann\u00e9e par nos membres.<\/p>\n<p>Nous sommes fid\u00e8les \u00e0 la maxime de notre fondateur : \u00ab&nbsp;Qui mieux qu\u2019un dirigeant pour accompagner un autre dirigeant ?&nbsp;\u00bb<\/p>\n<p>La sp\u00e9cificit\u00e9 de R\u00e9seau Entreprendre\u00ae Savoie&nbsp;: <strong>nos membres paient pour \u00eatre b\u00e9n\u00e9vole&nbsp;! Paradoxe fort qui nous permet de les qualifier d\u2019entrepreneurs engag\u00e9s<\/strong> et d\u2019avoir 97% de notre budget de fonctionnement financ\u00e9 par des fonds priv\u00e9s et ainsi d\u2019\u00eatre le r\u00e9seau le plus \u00e9conome en fonds publics pour favoriser la cr\u00e9ation d\u2019emplois en Savoie.<\/p>\n<\/div><\/div><\/div>\n\n\n\n<h2 class=\"wp-block-heading\"><span style=\"color: #000000\"><strong>Vous \u00eates cr\u00e9ateur, repreneur, d\u00e9veloppeur d\u2019entreprise\u2026<\/strong><\/span><\/h2>\n\n\n<div class=\"su-row\"><div class=\"su-column su-column-size-1-2\"><div class=\"su-column-inner su-u-clearfix su-u-trim\">\n<p style=\"text-align: center\"><span style=\"font-size: 32px\"><strong>Votre secteur d\u2019activit\u00e9 :<\/strong><\/span><\/p>\n<p><img loading=\"lazy\" decoding=\"async\" class=\"alignnone size-full wp-image-1560\" src=\"https:\/\/www.reseau-entreprendre.org\/savoie\/wp-content\/uploads\/sites\/64\/2018\/06\/Untitled-1-1.jpg\" alt=\"\" width=\"1088\" height=\"736\" srcset=\"https:\/\/www.reseau-entreprendre.org\/savoie\/wp-content\/uploads\/sites\/64\/2018\/06\/Untitled-1-1.jpg 1088w, https:\/\/www.reseau-entreprendre.org\/savoie\/wp-content\/uploads\/sites\/64\/2018\/06\/Untitled-1-1-300x203.jpg 300w, https:\/\/www.reseau-entreprendre.org\/savoie\/wp-content\/uploads\/sites\/64\/2018\/06\/Untitled-1-1-768x520.jpg 768w, https:\/\/www.reseau-entreprendre.org\/savoie\/wp-content\/uploads\/sites\/64\/2018\/06\/Untitled-1-1-1024x693.jpg 1024w, https:\/\/www.reseau-entreprendre.org\/savoie\/wp-content\/uploads\/sites\/64\/2018\/06\/Untitled-1-1-370x250.jpg 370w\" sizes=\"auto, (max-width: 1088px) 100vw, 1088px\" \/><\/p>\n<\/div><\/div> <div class=\"su-column su-column-size-1-2\"><div class=\"su-column-inner su-u-clearfix su-u-trim\">\n<h3><strong><span style=\"color: #ff971d\">Tourisme&nbsp;? Industrie&nbsp;? Services&nbsp;? B\u00e2timent Second Oeuvre&nbsp;? BTP&nbsp;? Energie&nbsp;? TIC&nbsp;? N\u00e9goce&nbsp;? Loisirs&nbsp;? Agroalimentaire&nbsp;? Restauration&nbsp;? Commerce&nbsp;? Digital\u2026<\/span><\/strong><\/h3>\n<p>R\u00e9seau Entreprendre\u00ae Savoie s\u2019ouvre \u00e0 tous les secteurs d\u2019activit\u00e9. Curieux et ouvert \u00e0 l\u2019innovation, <strong>nous accompagnons aussi des start-up<\/strong>. De m\u00eame, sensibles \u00e0 la sp\u00e9cificit\u00e9 de notre territoire, nous accompagnons les activit\u00e9s li\u00e9es aux m\u00e9tiers de la saisonnalit\u00e9 en montagne\u2026<\/p>\n<a href=\"https:\/\/www.reseau-entreprendre.org\/savoie\/contact\" class=\"su-button su-button-style-soft\" style=\"color:#ffffff;background-color:#007399;border-color:#005c7b;border-radius:10px\" target=\"_self\"><span style=\"color:#ffffff;padding:0px 26px;font-size:20px;line-height:40px;border-color:#4d9db8;border-radius:10px;text-shadow:none\"> Parlez-nous de votre activit\u00e9&nbsp;!<\/span><\/a>\n<\/div><\/div><\/div>\n\n\n\n<p><\/p>\n\n\n\n<h2 class=\"wp-block-heading\"><strong><span style=\"color: #000000\">Un peu d\u2019histoire pour mieux nous conna\u00eetre<\/span><\/strong><\/h2>\n\n\n<div class=\"su-row\"><div class=\"su-column su-column-size-1-3\"><div class=\"su-column-inner su-u-clearfix su-u-trim\">\n<img loading=\"lazy\" decoding=\"async\" class=\"wp-image-3096 aligncenter\" src=\"https:\/\/www.reseau-entreprendre.org\/savoie\/wp-content\/uploads\/sites\/64\/2020\/10\/RESEAU-6.jpg\" alt=\"\" width=\"228\" height=\"342\" srcset=\"https:\/\/www.reseau-entreprendre.org\/savoie\/wp-content\/uploads\/sites\/64\/2020\/10\/RESEAU-6.jpg 600w, https:\/\/www.reseau-entreprendre.org\/savoie\/wp-content\/uploads\/sites\/64\/2020\/10\/RESEAU-6-200x300.jpg 200w\" sizes=\"auto, (max-width: 228px) 100vw, 228px\" \/><br \/>\n<\/div><\/div> <div class=\"su-column su-column-size-2-3\"><div class=\"su-column-inner su-u-clearfix su-u-trim\">\n<h3><strong><span style=\"color: #268597\">Une des 10 plus anciennes associations de R\u00e9seau Entreprendre<sup><sub>\u00ae<\/sub><\/sup><\/span><\/strong><\/h3>\n<p>Cr\u00e9\u00e9 en 1999, R\u00e9seau Entreprendre<sup>\u00ae<\/sup> Savoie fait partie d\u2019un r\u00e9seau national et international regroupant plus d\u2019une centaine d\u2019implantations en France et \u00e0 l\u2019international.<br \/>\nCe r\u00e9seau nous permet de favoriser le d\u00e9veloppement de nos entreprises laur\u00e9ates.<br \/>\nDepuis septembre 2020, Fr\u00e9d\u00e9ric LEMETAIS est le pr\u00e9sident de R\u00e9seau Entreprendre\u00ae Savoie.<br \/>\nIl incarne \u00e0 lui seul les trois valeurs fondatrices :<\/p>\n<\/div><\/div><\/div>\n\n\n<div class=\"su-row\"><div class=\"su-column su-column-size-1-3\"><div class=\"su-column-inner su-u-clearfix su-u-trim\">\n<p style=\"text-align: center\"><img loading=\"lazy\" decoding=\"async\" class=\"wp-image-1587 aligncenter\" src=\"https:\/\/www.reseau-entreprendre.org\/savoie\/wp-content\/uploads\/sites\/64\/2018\/06\/noir_valeurRE-personne.png\" alt=\"\" width=\"67\" height=\"49\"><span style=\"font-size: 18px\"><strong><span style=\"color: #268597\">L\u2019HUMAIN<br \/>\n<\/span><\/strong><\/span><span style=\"color: #268597;font-size: 18px\"><strong>L&#8217;important c&#8217;est la personne<\/strong><\/span><br \/>\n<span style=\"color: #268597;font-size: 18px\"><strong>au c\u0153ur du projet<\/strong><\/span><\/p>\n<p style=\"text-align: center\">Fr\u00e9d\u00e9ric LEMETAIS a tout d&#8217;abord \u00e9t\u00e9 laur\u00e9at 2006 RES avec COVERMETAL et a b\u00e9n\u00e9fici\u00e9 du programme d&#8217;accompagnement humain de deux ans<\/p>\n<\/div><\/div> <div class=\"su-column su-column-size-1-3\"><div class=\"su-column-inner su-u-clearfix su-u-trim\">\n<p><img loading=\"lazy\" decoding=\"async\" class=\"wp-image-1588 aligncenter\" src=\"https:\/\/www.reseau-entreprendre.org\/savoie\/wp-content\/uploads\/sites\/64\/2018\/06\/noir_valeurRE-gratuite.png\" alt=\"\" width=\"67\" height=\"43\"><\/p>\n<p style=\"text-align: center\"><strong><span style=\"color: #268597;font-size: 18px\">LA GRATUITE<br \/>\n<\/span><span style=\"color: #268597;font-size: 18px\">Le principe c&#8217;est la gratuit\u00e9 du conseil et de l&#8217;accompagnement<\/span><\/strong><\/p>\n<p style=\"text-align: center\">Apr\u00e8s avoir \u00e9t\u00e9 laur\u00e9at, Fr\u00e9d\u00e9ric LEMETAIS devient rapidement membre de l\u2019association et accompagnateur de laur\u00e9ats.<\/p>\n<\/div><\/div> <div class=\"su-column su-column-size-1-3\"><div class=\"su-column-inner su-u-clearfix su-u-trim\">\n<p><img loading=\"lazy\" decoding=\"async\" class=\"wp-image-1589 aligncenter\" src=\"https:\/\/www.reseau-entreprendre.org\/savoie\/wp-content\/uploads\/sites\/64\/2018\/06\/noir_valeurRE-reciprocite.png\" alt=\"\" width=\"67\" height=\"35\"><\/p>\n<p style=\"text-align: center\"><strong><span style=\"color: #268597;font-size: 18px\">LA RECIPROCITE<br \/>\n<\/span><span style=\"color: #268597;font-size: 18px\">L&#8217;esprit c&#8217;est la r\u00e9ciprocit\u00e9 avec le partage de comp\u00e9tences<\/span><span style=\"color: #268597;font-size: 18px\"><br \/>\n<\/span><\/strong><\/p>\n<p style=\"text-align: center\">&nbsp;Apr\u00e8s \u00eatre membre, il int\u00e8gre le conseil d\u2019administration puis le bureau avant d\u2019\u00eatre \u00e9lu pr\u00e9sident en septembre 2020.<br \/>\nAujourd\u2019hui, il anime un conseil d\u2019administration compos\u00e9 de 50% d&#8217;anciens laur\u00e9ats !<\/p>\n<\/div><\/div><\/div>\n\n\n\n<p class=\"has-text-align-center\">Il s\u2019appuie \u00e9galement sur une \u00e9quipe op\u00e9rationnelle de 5 personnes<br>\u00e0 votre \u00e9coute et au service de la r\u00e9ussite de votre projet, d\u00e9couvrez-les ci-dessous :<\/p>\n\n\n\n<figure class=\"wp-block-image\"><img loading=\"lazy\" decoding=\"async\" width=\"1200\" height=\"668\" src=\"https:\/\/www.reseau-entreprendre.org\/savoie\/wp-content\/uploads\/sites\/64\/2018\/06\/EQUIPE.png\" alt=\"\" class=\"wp-image-1602\" srcset=\"https:\/\/www.reseau-entreprendre.org\/savoie\/wp-content\/uploads\/sites\/64\/2018\/06\/EQUIPE.png 1200w, https:\/\/www.reseau-entreprendre.org\/savoie\/wp-content\/uploads\/sites\/64\/2018\/06\/EQUIPE-300x167.png 300w, https:\/\/www.reseau-entreprendre.org\/savoie\/wp-content\/uploads\/sites\/64\/2018\/06\/EQUIPE-768x428.png 768w, https:\/\/www.reseau-entreprendre.org\/savoie\/wp-content\/uploads\/sites\/64\/2018\/06\/EQUIPE-1024x570.png 1024w\" sizes=\"auto, (max-width: 1200px) 100vw, 1200px\" \/><\/figure>\n\n\n\n<p class=\"has-text-align-center\"><\/p>\n","protected":false},"excerpt":{"rendered":"<p>Le r\u00e9seau d\u2019entrepreneurs engag\u00e9s en Savoie\u00a0!216 dirigeants\u00a0g\u00e9n\u00e9rant plus de\u00a03 milliards<\/p>\n","protected":false},"author":65,"featured_media":0,"parent":0,"menu_order":0,"comment_status":"closed","ping_status":"closed","template":"","meta":{"_acf_changed":false,"_monsterinsights_skip_tracking":false,"_monsterinsights_sitenote_active":false,"_monsterinsights_sitenote_note":"","_monsterinsights_sitenote_category":0,"footnotes":""},"class_list":["post-11","page","type-page","status-publish","hentry"],"acf":[],"yoast_head":"<!-- This site is optimized with the Yoast SEO plugin v27.3 - https:\/\/yoast.com\/product\/yoast-seo-wordpress\/ -->\n<title>Qui sommes-nous ? | Reseau Entreprendre Savoie<\/title>\n<meta name=\"description\" content=\"R\u00e9seau Entreprendre Savoie : Favoriser la cr\u00e9ation d\u2019emplois par l\u2019accompagnement \u00e0 la cr\u00e9ation, la reprise et le d\u00e9veloppement d\u2019entreprise\u2026\" \/>\n<meta name=\"robots\" content=\"index, follow, max-snippet:-1, max-image-preview:large, max-video-preview:-1\" \/>\n<link rel=\"canonical\" href=\"https:\/\/www.reseau-entreprendre.org\/savoie\/qui-sommes-nous\/\" \/>\n<meta property=\"og:locale\" content=\"fr_FR\" \/>\n<meta property=\"og:type\" content=\"article\" \/>\n<meta property=\"og:title\" content=\"Qui sommes-nous ? | Reseau Entreprendre Savoie\" \/>\n<meta property=\"og:description\" content=\"R\u00e9seau Entreprendre Savoie : Favoriser la cr\u00e9ation d\u2019emplois par l\u2019accompagnement \u00e0 la cr\u00e9ation, la reprise et le d\u00e9veloppement d\u2019entreprise\u2026\" \/>\n<meta property=\"og:url\" content=\"https:\/\/www.reseau-entreprendre.org\/savoie\/qui-sommes-nous\/\" \/>\n<meta property=\"og:site_name\" content=\"R\u00e9seau Entreprendre Savoie\" \/>\n<meta property=\"article:modified_time\" content=\"2023-06-02T13:16:32+00:00\" \/>\n<meta property=\"og:image\" content=\"https:\/\/www.reseau-entreprendre.org\/savoie\/wp-content\/uploads\/sites\/64\/2018\/06\/res.png\" \/>\n<meta name=\"twitter:card\" content=\"summary_large_image\" \/>\n<meta name=\"twitter:label1\" content=\"Dur\u00e9e de lecture estim\u00e9e\" \/>\n\t<meta name=\"twitter:data1\" content=\"5 minutes\" \/>\n<script type=\"application\/ld+json\" class=\"yoast-schema-graph\">{\"@context\":\"https:\\\/\\\/schema.org\",\"@graph\":[{\"@type\":\"WebPage\",\"@id\":\"https:\\\/\\\/www.reseau-entreprendre.org\\\/savoie\\\/qui-sommes-nous\\\/\",\"url\":\"https:\\\/\\\/www.reseau-entreprendre.org\\\/savoie\\\/qui-sommes-nous\\\/\",\"name\":\"Qui sommes-nous ? | Reseau Entreprendre Savoie\",\"isPartOf\":{\"@id\":\"https:\\\/\\\/www.reseau-entreprendre.org\\\/savoie\\\/#website\"},\"primaryImageOfPage\":{\"@id\":\"https:\\\/\\\/www.reseau-entreprendre.org\\\/savoie\\\/qui-sommes-nous\\\/#primaryimage\"},\"image\":{\"@id\":\"https:\\\/\\\/www.reseau-entreprendre.org\\\/savoie\\\/qui-sommes-nous\\\/#primaryimage\"},\"thumbnailUrl\":\"https:\\\/\\\/www.reseau-entreprendre.org\\\/savoie\\\/wp-content\\\/uploads\\\/sites\\\/64\\\/2018\\\/06\\\/res.png\",\"datePublished\":\"2017-04-28T10:33:20+00:00\",\"dateModified\":\"2023-06-02T13:16:32+00:00\",\"description\":\"R\u00e9seau Entreprendre Savoie : Favoriser la cr\u00e9ation d\u2019emplois par l\u2019accompagnement \u00e0 la cr\u00e9ation, la reprise et le d\u00e9veloppement d\u2019entreprise\u2026\",\"breadcrumb\":{\"@id\":\"https:\\\/\\\/www.reseau-entreprendre.org\\\/savoie\\\/qui-sommes-nous\\\/#breadcrumb\"},\"inLanguage\":\"fr-FR\",\"potentialAction\":[{\"@type\":\"ReadAction\",\"target\":[\"https:\\\/\\\/www.reseau-entreprendre.org\\\/savoie\\\/qui-sommes-nous\\\/\"]}]},{\"@type\":\"ImageObject\",\"inLanguage\":\"fr-FR\",\"@id\":\"https:\\\/\\\/www.reseau-entreprendre.org\\\/savoie\\\/qui-sommes-nous\\\/#primaryimage\",\"url\":\"https:\\\/\\\/www.reseau-entreprendre.org\\\/savoie\\\/wp-content\\\/uploads\\\/sites\\\/64\\\/2018\\\/06\\\/res.png\",\"contentUrl\":\"https:\\\/\\\/www.reseau-entreprendre.org\\\/savoie\\\/wp-content\\\/uploads\\\/sites\\\/64\\\/2018\\\/06\\\/res.png\",\"width\":1024,\"height\":679},{\"@type\":\"BreadcrumbList\",\"@id\":\"https:\\\/\\\/www.reseau-entreprendre.org\\\/savoie\\\/qui-sommes-nous\\\/#breadcrumb\",\"itemListElement\":[{\"@type\":\"ListItem\",\"position\":1,\"name\":\"Accueil\",\"item\":\"https:\\\/\\\/www.reseau-entreprendre.org\\\/savoie\\\/\"},{\"@type\":\"ListItem\",\"position\":2,\"name\":\"Qui sommes-nous ?\"}]},{\"@type\":\"WebSite\",\"@id\":\"https:\\\/\\\/www.reseau-entreprendre.org\\\/savoie\\\/#website\",\"url\":\"https:\\\/\\\/www.reseau-entreprendre.org\\\/savoie\\\/\",\"name\":\"R\u00e9seau Entreprendre Savoie\",\"description\":\"Pour cr\u00e9er des emplois, cr\u00e9ons des employeurs !\",\"potentialAction\":[{\"@type\":\"SearchAction\",\"target\":{\"@type\":\"EntryPoint\",\"urlTemplate\":\"https:\\\/\\\/www.reseau-entreprendre.org\\\/savoie\\\/?s={search_term_string}\"},\"query-input\":{\"@type\":\"PropertyValueSpecification\",\"valueRequired\":true,\"valueName\":\"search_term_string\"}}],\"inLanguage\":\"fr-FR\"}]}<\/script>\n<!-- \/ Yoast SEO plugin. -->","yoast_head_json":{"title":"Qui sommes-nous ? | Reseau Entreprendre Savoie","description":"R\u00e9seau Entreprendre Savoie : Favoriser la cr\u00e9ation d\u2019emplois par l\u2019accompagnement \u00e0 la cr\u00e9ation, la reprise et le d\u00e9veloppement d\u2019entreprise\u2026","robots":{"index":"index","follow":"follow","max-snippet":"max-snippet:-1","max-image-preview":"max-image-preview:large","max-video-preview":"max-video-preview:-1"},"canonical":"https:\/\/www.reseau-entreprendre.org\/savoie\/qui-sommes-nous\/","og_locale":"fr_FR","og_type":"article","og_title":"Qui sommes-nous ? | Reseau Entreprendre Savoie","og_description":"R\u00e9seau Entreprendre Savoie : Favoriser la cr\u00e9ation d\u2019emplois par l\u2019accompagnement \u00e0 la cr\u00e9ation, la reprise et le d\u00e9veloppement d\u2019entreprise\u2026","og_url":"https:\/\/www.reseau-entreprendre.org\/savoie\/qui-sommes-nous\/","og_site_name":"R\u00e9seau Entreprendre Savoie","article_modified_time":"2023-06-02T13:16:32+00:00","og_image":[{"url":"https:\/\/www.reseau-entreprendre.org\/savoie\/wp-content\/uploads\/sites\/64\/2018\/06\/res.png","type":"","width":"","height":""}],"twitter_card":"summary_large_image","twitter_misc":{"Dur\u00e9e de lecture estim\u00e9e":"5 minutes"},"schema":{"@context":"https:\/\/schema.org","@graph":[{"@type":"WebPage","@id":"https:\/\/www.reseau-entreprendre.org\/savoie\/qui-sommes-nous\/","url":"https:\/\/www.reseau-entreprendre.org\/savoie\/qui-sommes-nous\/","name":"Qui sommes-nous ? | Reseau Entreprendre Savoie","isPartOf":{"@id":"https:\/\/www.reseau-entreprendre.org\/savoie\/#website"},"primaryImageOfPage":{"@id":"https:\/\/www.reseau-entreprendre.org\/savoie\/qui-sommes-nous\/#primaryimage"},"image":{"@id":"https:\/\/www.reseau-entreprendre.org\/savoie\/qui-sommes-nous\/#primaryimage"},"thumbnailUrl":"https:\/\/www.reseau-entreprendre.org\/savoie\/wp-content\/uploads\/sites\/64\/2018\/06\/res.png","datePublished":"2017-04-28T10:33:20+00:00","dateModified":"2023-06-02T13:16:32+00:00","description":"R\u00e9seau Entreprendre Savoie : Favoriser la cr\u00e9ation d\u2019emplois par l\u2019accompagnement \u00e0 la cr\u00e9ation, la reprise et le d\u00e9veloppement d\u2019entreprise\u2026","breadcrumb":{"@id":"https:\/\/www.reseau-entreprendre.org\/savoie\/qui-sommes-nous\/#breadcrumb"},"inLanguage":"fr-FR","potentialAction":[{"@type":"ReadAction","target":["https:\/\/www.reseau-entreprendre.org\/savoie\/qui-sommes-nous\/"]}]},{"@type":"ImageObject","inLanguage":"fr-FR","@id":"https:\/\/www.reseau-entreprendre.org\/savoie\/qui-sommes-nous\/#primaryimage","url":"https:\/\/www.reseau-entreprendre.org\/savoie\/wp-content\/uploads\/sites\/64\/2018\/06\/res.png","contentUrl":"https:\/\/www.reseau-entreprendre.org\/savoie\/wp-content\/uploads\/sites\/64\/2018\/06\/res.png","width":1024,"height":679},{"@type":"BreadcrumbList","@id":"https:\/\/www.reseau-entreprendre.org\/savoie\/qui-sommes-nous\/#breadcrumb","itemListElement":[{"@type":"ListItem","position":1,"name":"Accueil","item":"https:\/\/www.reseau-entreprendre.org\/savoie\/"},{"@type":"ListItem","position":2,"name":"Qui sommes-nous ?"}]},{"@type":"WebSite","@id":"https:\/\/www.reseau-entreprendre.org\/savoie\/#website","url":"https:\/\/www.reseau-entreprendre.org\/savoie\/","name":"R\u00e9seau Entreprendre Savoie","description":"Pour cr\u00e9er des emplois, cr\u00e9ons des employeurs !","potentialAction":[{"@type":"SearchAction","target":{"@type":"EntryPoint","urlTemplate":"https:\/\/www.reseau-entreprendre.org\/savoie\/?s={search_term_string}"},"query-input":{"@type":"PropertyValueSpecification","valueRequired":true,"valueName":"search_term_string"}}],"inLanguage":"fr-FR"}]}},"_links":{"self":[{"href":"https:\/\/www.reseau-entreprendre.org\/savoie\/wp-json\/wp\/v2\/pages\/11","targetHints":{"allow":["GET"]}}],"collection":[{"href":"https:\/\/www.reseau-entreprendre.org\/savoie\/wp-json\/wp\/v2\/pages"}],"about":[{"href":"https:\/\/www.reseau-entreprendre.org\/savoie\/wp-json\/wp\/v2\/types\/page"}],"author":[{"embeddable":true,"href":"https:\/\/www.reseau-entreprendre.org\/savoie\/wp-json\/wp\/v2\/users\/65"}],"replies":[{"embeddable":true,"href":"https:\/\/www.reseau-entreprendre.org\/savoie\/wp-json\/wp\/v2\/comments?post=11"}],"version-history":[{"count":0,"href":"https:\/\/www.reseau-entreprendre.org\/savoie\/wp-json\/wp\/v2\/pages\/11\/revisions"}],"wp:attachment":[{"href":"https:\/\/www.reseau-entreprendre.org\/savoie\/wp-json\/wp\/v2\/media?parent=11"}],"curies":[{"name":"wp","href":"https:\/\/api.w.org\/{rel}","templated":true}]}}