{"id":7772,"date":"2025-10-02T14:21:42","date_gmt":"2025-10-02T12:21:42","guid":{"rendered":"https:\/\/www.reseau-entreprendre.org\/savoie\/?page_id=7772"},"modified":"2025-11-17T11:40:09","modified_gmt":"2025-11-17T10:40:09","slug":"les-equipes","status":"publish","type":"page","link":"https:\/\/www.reseau-entreprendre.org\/savoie\/les-equipes\/","title":{"rendered":"Qui sommes-nous ?"},"content":{"rendered":"\n<div class=\"wp-block-columns is-layout-flex wp-container-core-columns-is-layout-9d6595d7 wp-block-columns-is-layout-flex\"><\/div>\n\n\n\n<div class=\"wp-block-buttons is-content-justification-center is-layout-flex wp-container-core-buttons-is-layout-16018d1d wp-block-buttons-is-layout-flex\"><\/div>\n\n\n\n<h2 class=\"wp-block-heading has-text-align-center has-re-blue-color has-text-color\"><strong><em>Membre du plus grand<\/em> <em>r\u00e9seau europ\u00e9en d\u2019accompagnement<\/em> <br><em>de chefs d\u2019entreprises<\/em> <em>par des chefs d\u2019entreprises<\/em><\/strong><\/h2>\n\n\n\n<div style=\"height:17px\" aria-hidden=\"true\" class=\"wp-block-spacer\"><\/div>\n\n\n\n<p>Cr\u00e9\u00e9 en 1999, R\u00e9seau Entreprendre\u00ae Savoie fait partie d\u2019un r\u00e9seau national et international regroupant plus d\u2019une centaine d\u2019implantations en France et \u00e0 l\u2019international. Ce r\u00e9seau nous permet de favoriser le d\u00e9veloppement de nos entreprises laur\u00e9ates en suivant trois valeurs :<\/p>\n\n\n\n<p class=\"has-text-align-center\"><strong>L\u2019HUMAIN : L\u2019important c\u2019est la personne au c\u0153ur du projet<br>LA GRATUITE : Le principe c\u2019est la gratuit\u00e9 du conseil et de l\u2019accompagnement<br>LA RECIPROCITE : L\u2019esprit c\u2019est la r\u00e9ciprocit\u00e9 avec le partage de comp\u00e9tences<\/strong><br><strong>LA METHODE : L&#8217;action, ce sont des m\u00e9thodes d&#8217;entreprises professionnelles et efficientes.<\/strong><\/p>\n\n\n\n<h4 class=\"wp-block-heading has-text-align-center has-re-blue-color has-text-color\"><strong>En Savoie, plus de 230 dirigeants au service des (futurs)entrepreneurs <\/strong><\/h4>\n\n\n\n<div style=\"height:17px\" aria-hidden=\"true\" class=\"wp-block-spacer\"><\/div>\n\n\n\n<h2 class=\"wp-block-heading has-text-align-center has-re-blue-color has-text-color\"><strong><strong>Notre organisation<\/strong><\/strong><\/h2>\n\n\n\n<div style=\"height:17px\" aria-hidden=\"true\" class=\"wp-block-spacer\"><\/div>\n\n\n\n<h3 class=\"wp-block-heading has-text-align-center has-black-color has-text-color\"><strong>L\u00e9a GAGET, pr\u00e9sidente de R\u00e9seau Entreprendre Savoie<\/strong><\/h3>\n\n\n\n<div style=\"height:17px\" aria-hidden=\"true\" class=\"wp-block-spacer\"><\/div>\n\n\n\n<div class=\"wp-block-columns is-layout-flex wp-container-core-columns-is-layout-9d6595d7 wp-block-columns-is-layout-flex\">\n<div class=\"wp-block-column is-layout-flow wp-block-column-is-layout-flow\">\n<figure class=\"wp-block-image size-large\"><img loading=\"lazy\" decoding=\"async\" width=\"1024\" height=\"552\" src=\"https:\/\/www.reseau-entreprendre.org\/savoie\/wp-content\/uploads\/sites\/64\/2025\/09\/lea-1024x552.png\" alt=\"\" class=\"wp-image-7779\" srcset=\"https:\/\/www.reseau-entreprendre.org\/savoie\/wp-content\/uploads\/sites\/64\/2025\/09\/lea-1024x552.png 1024w, https:\/\/www.reseau-entreprendre.org\/savoie\/wp-content\/uploads\/sites\/64\/2025\/09\/lea-300x162.png 300w, https:\/\/www.reseau-entreprendre.org\/savoie\/wp-content\/uploads\/sites\/64\/2025\/09\/lea-768x414.png 768w, https:\/\/www.reseau-entreprendre.org\/savoie\/wp-content\/uploads\/sites\/64\/2025\/09\/lea-1536x827.png 1536w, https:\/\/www.reseau-entreprendre.org\/savoie\/wp-content\/uploads\/sites\/64\/2025\/09\/lea-2048x1103.png 2048w, https:\/\/www.reseau-entreprendre.org\/savoie\/wp-content\/uploads\/sites\/64\/2025\/09\/lea-210x113.png 210w, https:\/\/www.reseau-entreprendre.org\/savoie\/wp-content\/uploads\/sites\/64\/2025\/09\/lea-100x54.png 100w\" sizes=\"auto, (max-width: 1024px) 100vw, 1024px\" \/><\/figure>\n<\/div>\n\n\n\n<div class=\"wp-block-column is-layout-flow wp-block-column-is-layout-flow\">\n<p style=\"font-size:15px\">\u00ab En tant que laur\u00e9ate 2019, j\u2019ai eu la chance de vivre avec mon associ\u00e9 un accompagnement d\u2019une richesse rare : exigeant, bienveillant et profond\u00e9ment humain. Ce parcours a marqu\u00e9 mon aventure entrepreneuriale !\u00a0<\/p>\n\n\n\n<p style=\"font-size:15px\">Ma boussole dans ce mandat ? La r\u00e9ciprocit\u00e9 (une valeur forte du R\u00e9seau Entreprendre) : faire en sorte qu\u2019un maximum entrepreneurs du territoire puissent vivre, elles et eux aussi, cette exp\u00e9rience puissante. \u00catre bien entour\u00e9, challeng\u00e9, soutenu\u2026 cela change tout !&nbsp;<\/p>\n\n\n\n<p style=\"font-size:15px\">R\u00e9seau Entreprendre Savoie, c\u2019est la force d\u2019un collectif. Un espace o\u00f9 les dirigeants s\u2019engagent pour faire grandir les autres. O\u00f9 l\u2019on apprend qu\u2019on ne r\u00e9ussit jamais seul. Et que c\u2019est ensemble qu\u2019on cr\u00e9e un impact r\u00e9el.&nbsp;<\/p>\n\n\n\n<p style=\"font-size:15px\">C\u2019est un honneur immense \u2013 et un d\u00e9fi que j\u2019ai accueilli avec humilit\u00e9 \u2013 de pr\u00e9sider aujourd\u2019hui R\u00e9seau Entreprendre Savoie.&nbsp;<\/p>\n\n\n\n<p style=\"font-size:15px\">Avec une incroyable \u00e9quipe op\u00e9rationnelle, un bureau solide et des administrateurs engag\u00e9s \u00e0 mes c\u00f4t\u00e9s, je suis d\u00e9termin\u00e9e \u00e0 faire rayonner nos valeurs et \u00e0 continuer d\u2019\u00e9crire, avec vous, cette belle aventure humaine et entrepreneuriale !\u00a0\u00bb<\/p>\n<\/div>\n<\/div>\n\n\n\n<h3 class=\"wp-block-heading has-text-align-center has-black-color has-text-color\"><strong>Le Conseil d\u2019Administration<\/strong><\/h3>\n\n\n\n<div style=\"height:20px\" aria-hidden=\"true\" class=\"wp-block-spacer\"><\/div>\n\n\n\n<div class=\"wp-block-columns is-layout-flex wp-container-core-columns-is-layout-9d6595d7 wp-block-columns-is-layout-flex\">\n<div class=\"wp-block-column has-background is-layout-flow wp-block-column-is-layout-flow\" style=\"background-color:#f2506300\"><div class=\"wp-block-image\">\n<figure class=\"aligncenter size-full\"><img loading=\"lazy\" decoding=\"async\" width=\"576\" height=\"697\" src=\"https:\/\/www.reseau-entreprendre.org\/savoie\/wp-content\/uploads\/sites\/64\/2025\/09\/GUIDE-2025-PART-1-1.png\" alt=\"\" class=\"wp-image-7777\" srcset=\"https:\/\/www.reseau-entreprendre.org\/savoie\/wp-content\/uploads\/sites\/64\/2025\/09\/GUIDE-2025-PART-1-1.png 576w, https:\/\/www.reseau-entreprendre.org\/savoie\/wp-content\/uploads\/sites\/64\/2025\/09\/GUIDE-2025-PART-1-1-248x300.png 248w, https:\/\/www.reseau-entreprendre.org\/savoie\/wp-content\/uploads\/sites\/64\/2025\/09\/GUIDE-2025-PART-1-1-107x130.png 107w, https:\/\/www.reseau-entreprendre.org\/savoie\/wp-content\/uploads\/sites\/64\/2025\/09\/GUIDE-2025-PART-1-1-83x100.png 83w\" sizes=\"auto, (max-width: 576px) 100vw, 576px\" \/><\/figure>\n<\/div><\/div>\n<\/div>\n\n\n\n<h3 class=\"wp-block-heading has-text-align-center has-black-color has-text-color\"><strong>L&#8217;\u00e9quipe op\u00e9rationnelle<\/strong><\/h3>\n\n\n\n<div style=\"height:20px\" aria-hidden=\"true\" class=\"wp-block-spacer\"><\/div>\n\n\n<div class=\"wp-block-image\">\n<figure class=\"aligncenter size-full is-resized\"><img loading=\"lazy\" decoding=\"async\" width=\"2560\" height=\"1087\" src=\"https:\/\/www.reseau-entreprendre.org\/savoie\/wp-content\/uploads\/sites\/64\/2025\/09\/PERSO-5-scaled.png\" alt=\"\" class=\"wp-image-7789\" style=\"width:675px;height:auto\" srcset=\"https:\/\/www.reseau-entreprendre.org\/savoie\/wp-content\/uploads\/sites\/64\/2025\/09\/PERSO-5-scaled.png 2560w, https:\/\/www.reseau-entreprendre.org\/savoie\/wp-content\/uploads\/sites\/64\/2025\/09\/PERSO-5-300x127.png 300w, https:\/\/www.reseau-entreprendre.org\/savoie\/wp-content\/uploads\/sites\/64\/2025\/09\/PERSO-5-1024x435.png 1024w, https:\/\/www.reseau-entreprendre.org\/savoie\/wp-content\/uploads\/sites\/64\/2025\/09\/PERSO-5-768x326.png 768w, https:\/\/www.reseau-entreprendre.org\/savoie\/wp-content\/uploads\/sites\/64\/2025\/09\/PERSO-5-1536x652.png 1536w, https:\/\/www.reseau-entreprendre.org\/savoie\/wp-content\/uploads\/sites\/64\/2025\/09\/PERSO-5-2048x870.png 2048w, https:\/\/www.reseau-entreprendre.org\/savoie\/wp-content\/uploads\/sites\/64\/2025\/09\/PERSO-5-210x89.png 210w, https:\/\/www.reseau-entreprendre.org\/savoie\/wp-content\/uploads\/sites\/64\/2025\/09\/PERSO-5-100x42.png 100w\" sizes=\"auto, (max-width: 2560px) 100vw, 2560px\" \/><\/figure>\n<\/div>\n\n\n<div style=\"height:17px\" aria-hidden=\"true\" class=\"wp-block-spacer\"><\/div>\n\n\n\n<p class=\"has-text-align-center\" style=\"font-size:20px\"><strong>Sylvie<\/strong>, charg\u00e9e d&#8217;accompagnement<br><strong>Christian<\/strong>, charg\u00e9 d&#8217;\u00e9tudes<br><strong>Lisa<\/strong>, assistante de direction, accompagnement collectif <br><strong>Audrey<\/strong>, graphiste webmaster<br><strong>Perrine<\/strong>, directrice<\/p>\n\n\n\n<p><\/p>\n","protected":false},"excerpt":{"rendered":"<p>Membre du plus grand r\u00e9seau europ\u00e9en d\u2019accompagnement de chefs d\u2019entreprises<\/p>\n","protected":false},"author":65,"featured_media":5448,"parent":0,"menu_order":0,"comment_status":"closed","ping_status":"closed","template":"views\/page-widescreen.blade.php","meta":{"_acf_changed":false,"_monsterinsights_skip_tracking":false,"_monsterinsights_sitenote_active":false,"_monsterinsights_sitenote_note":"","_monsterinsights_sitenote_category":0,"footnotes":""},"class_list":["post-7772","page","type-page","status-publish","has-post-thumbnail","hentry"],"acf":[],"yoast_head":"<!-- This site is optimized with the Yoast SEO plugin v27.4 - https:\/\/yoast.com\/product\/yoast-seo-wordpress\/ -->\n<title>Soutenir la r\u00e9ussite des entreprises savoyardes - Agir pour l&#039;emploi<\/title>\n<meta name=\"description\" content=\"Devenir Partenaire ou M\u00e9c\u00e8nes R\u00e9seau Entreprendre Savoie, c\u2019est participer \u00e0 une action contribuant \u00e0 la cr\u00e9ation d\u2019emplois\" \/>\n<meta name=\"robots\" content=\"index, follow, max-snippet:-1, max-image-preview:large, max-video-preview:-1\" \/>\n<link rel=\"canonical\" href=\"https:\/\/www.reseau-entreprendre.org\/savoie\/les-equipes\/\" \/>\n<meta property=\"og:locale\" content=\"fr_FR\" \/>\n<meta property=\"og:type\" content=\"article\" \/>\n<meta property=\"og:title\" content=\"Soutenir la r\u00e9ussite des entreprises savoyardes - Agir pour l&#039;emploi\" \/>\n<meta property=\"og:description\" content=\"Devenir Partenaire ou M\u00e9c\u00e8nes R\u00e9seau Entreprendre Savoie, c\u2019est participer \u00e0 une action contribuant \u00e0 la cr\u00e9ation d\u2019emplois\" \/>\n<meta property=\"og:url\" content=\"https:\/\/www.reseau-entreprendre.org\/savoie\/les-equipes\/\" \/>\n<meta property=\"og:site_name\" content=\"R\u00e9seau Entreprendre Savoie\" \/>\n<meta property=\"article:modified_time\" content=\"2025-11-17T10:40:09+00:00\" \/>\n<meta property=\"og:image\" content=\"https:\/\/www.reseau-entreprendre.org\/savoie\/wp-content\/uploads\/sites\/64\/2022\/09\/logo-partenaire-savoie-couleur.png\" \/>\n\t<meta property=\"og:image:width\" content=\"4016\" \/>\n\t<meta property=\"og:image:height\" content=\"3012\" \/>\n\t<meta property=\"og:image:type\" content=\"image\/png\" \/>\n<meta name=\"twitter:card\" content=\"summary_large_image\" \/>\n<meta name=\"twitter:label1\" content=\"Dur\u00e9e de lecture estim\u00e9e\" \/>\n\t<meta name=\"twitter:data1\" content=\"3 minutes\" \/>\n<script type=\"application\/ld+json\" class=\"yoast-schema-graph\">{\"@context\":\"https:\\\/\\\/schema.org\",\"@graph\":[{\"@type\":\"WebPage\",\"@id\":\"https:\\\/\\\/www.reseau-entreprendre.org\\\/savoie\\\/les-equipes\\\/\",\"url\":\"https:\\\/\\\/www.reseau-entreprendre.org\\\/savoie\\\/les-equipes\\\/\",\"name\":\"Soutenir la r\u00e9ussite des entreprises savoyardes - Agir pour l'emploi\",\"isPartOf\":{\"@id\":\"https:\\\/\\\/www.reseau-entreprendre.org\\\/savoie\\\/#website\"},\"primaryImageOfPage\":{\"@id\":\"https:\\\/\\\/www.reseau-entreprendre.org\\\/savoie\\\/les-equipes\\\/#primaryimage\"},\"image\":{\"@id\":\"https:\\\/\\\/www.reseau-entreprendre.org\\\/savoie\\\/les-equipes\\\/#primaryimage\"},\"thumbnailUrl\":\"https:\\\/\\\/www.reseau-entreprendre.org\\\/savoie\\\/wp-content\\\/uploads\\\/sites\\\/64\\\/2022\\\/09\\\/logo-partenaire-savoie-couleur.png\",\"datePublished\":\"2025-10-02T12:21:42+00:00\",\"dateModified\":\"2025-11-17T10:40:09+00:00\",\"description\":\"Devenir Partenaire ou M\u00e9c\u00e8nes R\u00e9seau Entreprendre Savoie, c\u2019est participer \u00e0 une action contribuant \u00e0 la cr\u00e9ation d\u2019emplois\",\"breadcrumb\":{\"@id\":\"https:\\\/\\\/www.reseau-entreprendre.org\\\/savoie\\\/les-equipes\\\/#breadcrumb\"},\"inLanguage\":\"fr-FR\",\"potentialAction\":[{\"@type\":\"ReadAction\",\"target\":[\"https:\\\/\\\/www.reseau-entreprendre.org\\\/savoie\\\/les-equipes\\\/\"]}]},{\"@type\":\"ImageObject\",\"inLanguage\":\"fr-FR\",\"@id\":\"https:\\\/\\\/www.reseau-entreprendre.org\\\/savoie\\\/les-equipes\\\/#primaryimage\",\"url\":\"https:\\\/\\\/www.reseau-entreprendre.org\\\/savoie\\\/wp-content\\\/uploads\\\/sites\\\/64\\\/2022\\\/09\\\/logo-partenaire-savoie-couleur.png\",\"contentUrl\":\"https:\\\/\\\/www.reseau-entreprendre.org\\\/savoie\\\/wp-content\\\/uploads\\\/sites\\\/64\\\/2022\\\/09\\\/logo-partenaire-savoie-couleur.png\",\"width\":4016,\"height\":3012},{\"@type\":\"BreadcrumbList\",\"@id\":\"https:\\\/\\\/www.reseau-entreprendre.org\\\/savoie\\\/les-equipes\\\/#breadcrumb\",\"itemListElement\":[{\"@type\":\"ListItem\",\"position\":1,\"name\":\"Accueil\",\"item\":\"https:\\\/\\\/www.reseau-entreprendre.org\\\/savoie\\\/\"},{\"@type\":\"ListItem\",\"position\":2,\"name\":\"Qui sommes-nous ?\"}]},{\"@type\":\"WebSite\",\"@id\":\"https:\\\/\\\/www.reseau-entreprendre.org\\\/savoie\\\/#website\",\"url\":\"https:\\\/\\\/www.reseau-entreprendre.org\\\/savoie\\\/\",\"name\":\"R\u00e9seau Entreprendre Savoie\",\"description\":\"Pour cr\u00e9er des emplois, cr\u00e9ons des employeurs !\",\"potentialAction\":[{\"@type\":\"SearchAction\",\"target\":{\"@type\":\"EntryPoint\",\"urlTemplate\":\"https:\\\/\\\/www.reseau-entreprendre.org\\\/savoie\\\/?s={search_term_string}\"},\"query-input\":{\"@type\":\"PropertyValueSpecification\",\"valueRequired\":true,\"valueName\":\"search_term_string\"}}],\"inLanguage\":\"fr-FR\"}]}<\/script>\n<!-- \/ Yoast SEO plugin. -->","yoast_head_json":{"title":"Soutenir la r\u00e9ussite des entreprises savoyardes - Agir pour l'emploi","description":"Devenir Partenaire ou M\u00e9c\u00e8nes R\u00e9seau Entreprendre Savoie, c\u2019est participer \u00e0 une action contribuant \u00e0 la cr\u00e9ation d\u2019emplois","robots":{"index":"index","follow":"follow","max-snippet":"max-snippet:-1","max-image-preview":"max-image-preview:large","max-video-preview":"max-video-preview:-1"},"canonical":"https:\/\/www.reseau-entreprendre.org\/savoie\/les-equipes\/","og_locale":"fr_FR","og_type":"article","og_title":"Soutenir la r\u00e9ussite des entreprises savoyardes - Agir pour l'emploi","og_description":"Devenir Partenaire ou M\u00e9c\u00e8nes R\u00e9seau Entreprendre Savoie, c\u2019est participer \u00e0 une action contribuant \u00e0 la cr\u00e9ation d\u2019emplois","og_url":"https:\/\/www.reseau-entreprendre.org\/savoie\/les-equipes\/","og_site_name":"R\u00e9seau Entreprendre Savoie","article_modified_time":"2025-11-17T10:40:09+00:00","og_image":[{"width":4016,"height":3012,"url":"https:\/\/www.reseau-entreprendre.org\/savoie\/wp-content\/uploads\/sites\/64\/2022\/09\/logo-partenaire-savoie-couleur.png","type":"image\/png"}],"twitter_card":"summary_large_image","twitter_misc":{"Dur\u00e9e de lecture estim\u00e9e":"3 minutes"},"schema":{"@context":"https:\/\/schema.org","@graph":[{"@type":"WebPage","@id":"https:\/\/www.reseau-entreprendre.org\/savoie\/les-equipes\/","url":"https:\/\/www.reseau-entreprendre.org\/savoie\/les-equipes\/","name":"Soutenir la r\u00e9ussite des entreprises savoyardes - Agir pour l'emploi","isPartOf":{"@id":"https:\/\/www.reseau-entreprendre.org\/savoie\/#website"},"primaryImageOfPage":{"@id":"https:\/\/www.reseau-entreprendre.org\/savoie\/les-equipes\/#primaryimage"},"image":{"@id":"https:\/\/www.reseau-entreprendre.org\/savoie\/les-equipes\/#primaryimage"},"thumbnailUrl":"https:\/\/www.reseau-entreprendre.org\/savoie\/wp-content\/uploads\/sites\/64\/2022\/09\/logo-partenaire-savoie-couleur.png","datePublished":"2025-10-02T12:21:42+00:00","dateModified":"2025-11-17T10:40:09+00:00","description":"Devenir Partenaire ou M\u00e9c\u00e8nes R\u00e9seau Entreprendre Savoie, c\u2019est participer \u00e0 une action contribuant \u00e0 la cr\u00e9ation d\u2019emplois","breadcrumb":{"@id":"https:\/\/www.reseau-entreprendre.org\/savoie\/les-equipes\/#breadcrumb"},"inLanguage":"fr-FR","potentialAction":[{"@type":"ReadAction","target":["https:\/\/www.reseau-entreprendre.org\/savoie\/les-equipes\/"]}]},{"@type":"ImageObject","inLanguage":"fr-FR","@id":"https:\/\/www.reseau-entreprendre.org\/savoie\/les-equipes\/#primaryimage","url":"https:\/\/www.reseau-entreprendre.org\/savoie\/wp-content\/uploads\/sites\/64\/2022\/09\/logo-partenaire-savoie-couleur.png","contentUrl":"https:\/\/www.reseau-entreprendre.org\/savoie\/wp-content\/uploads\/sites\/64\/2022\/09\/logo-partenaire-savoie-couleur.png","width":4016,"height":3012},{"@type":"BreadcrumbList","@id":"https:\/\/www.reseau-entreprendre.org\/savoie\/les-equipes\/#breadcrumb","itemListElement":[{"@type":"ListItem","position":1,"name":"Accueil","item":"https:\/\/www.reseau-entreprendre.org\/savoie\/"},{"@type":"ListItem","position":2,"name":"Qui sommes-nous ?"}]},{"@type":"WebSite","@id":"https:\/\/www.reseau-entreprendre.org\/savoie\/#website","url":"https:\/\/www.reseau-entreprendre.org\/savoie\/","name":"R\u00e9seau Entreprendre Savoie","description":"Pour cr\u00e9er des emplois, cr\u00e9ons des employeurs !","potentialAction":[{"@type":"SearchAction","target":{"@type":"EntryPoint","urlTemplate":"https:\/\/www.reseau-entreprendre.org\/savoie\/?s={search_term_string}"},"query-input":{"@type":"PropertyValueSpecification","valueRequired":true,"valueName":"search_term_string"}}],"inLanguage":"fr-FR"}]}},"_links":{"self":[{"href":"https:\/\/www.reseau-entreprendre.org\/savoie\/wp-json\/wp\/v2\/pages\/7772","targetHints":{"allow":["GET"]}}],"collection":[{"href":"https:\/\/www.reseau-entreprendre.org\/savoie\/wp-json\/wp\/v2\/pages"}],"about":[{"href":"https:\/\/www.reseau-entreprendre.org\/savoie\/wp-json\/wp\/v2\/types\/page"}],"author":[{"embeddable":true,"href":"https:\/\/www.reseau-entreprendre.org\/savoie\/wp-json\/wp\/v2\/users\/65"}],"replies":[{"embeddable":true,"href":"https:\/\/www.reseau-entreprendre.org\/savoie\/wp-json\/wp\/v2\/comments?post=7772"}],"version-history":[{"count":0,"href":"https:\/\/www.reseau-entreprendre.org\/savoie\/wp-json\/wp\/v2\/pages\/7772\/revisions"}],"wp:featuredmedia":[{"embeddable":true,"href":"https:\/\/www.reseau-entreprendre.org\/savoie\/wp-json\/wp\/v2\/media\/5448"}],"wp:attachment":[{"href":"https:\/\/www.reseau-entreprendre.org\/savoie\/wp-json\/wp\/v2\/media?parent=7772"}],"curies":[{"name":"wp","href":"https:\/\/api.w.org\/{rel}","templated":true}]}}