{"id":1199,"date":"2019-01-15T11:21:01","date_gmt":"2019-01-15T10:21:01","guid":{"rendered":"https:\/\/www.reseau-entreprendre.org\/seine-et-marne\/?page_id=1199"},"modified":"2023-01-24T11:39:44","modified_gmt":"2023-01-24T10:39:44","slug":"laureats-2018","status":"publish","type":"page","link":"https:\/\/www.reseau-entreprendre.org\/seine-et-marne\/notre-communaute\/laureats-2018\/","title":{"rendered":"Laur\u00e9ats 2018"},"content":{"rendered":"\n<div class=\"wp-block-media-text alignwide is-stacked-on-mobile\" style=\"grid-template-columns:30% auto\"><figure class=\"wp-block-media-text__media\"><img loading=\"lazy\" decoding=\"async\" width=\"328\" height=\"154\" src=\"https:\/\/www.reseau-entreprendre.org\/seine-et-marne\/wp-content\/uploads\/sites\/20\/2019\/01\/images.png\" alt=\"\" class=\"wp-image-1253 size-full\" srcset=\"https:\/\/www.reseau-entreprendre.org\/seine-et-marne\/wp-content\/uploads\/sites\/20\/2019\/01\/images.png 328w, https:\/\/www.reseau-entreprendre.org\/seine-et-marne\/wp-content\/uploads\/sites\/20\/2019\/01\/images-300x141.png 300w\" sizes=\"auto, (max-width: 328px) 100vw, 328px\" \/><\/figure><div class=\"wp-block-media-text__content\">\n<p><strong>St\u00e9phane SABATHE<\/strong><\/p>\n\n\n\n<p><strong>&nbsp;<span style=\"color: #ff971d\"><em>Reprise<\/em><\/span><\/strong><\/p>\n\n\n\n<p><em><strong>Oh la Vache :&nbsp;<\/strong><\/em>cr\u00e9ateur et producteur de&nbsp;mousses au chocolat<\/p>\n<\/div><\/div>\n\n\n\n<div style=\"height:15px\" aria-hidden=\"true\" class=\"wp-block-spacer\"><\/div>\n\n\n\n<hr class=\"wp-block-separator has-text-color has-re-blue-color has-alpha-channel-opacity has-re-blue-background-color has-background is-style-wide\" \/>\n\n\n\n<div style=\"height:15px\" aria-hidden=\"true\" class=\"wp-block-spacer\"><\/div>\n\n\n\n<div class=\"wp-block-media-text alignwide is-stacked-on-mobile\" style=\"grid-template-columns:30% auto\"><figure class=\"wp-block-media-text__media\"><img loading=\"lazy\" decoding=\"async\" width=\"384\" height=\"131\" src=\"https:\/\/www.reseau-entreprendre.org\/seine-et-marne\/wp-content\/uploads\/sites\/20\/2019\/01\/t\u00e9l\u00e9chargement.png\" alt=\"\" class=\"wp-image-1257 size-full\" srcset=\"https:\/\/www.reseau-entreprendre.org\/seine-et-marne\/wp-content\/uploads\/sites\/20\/2019\/01\/t\u00e9l\u00e9chargement.png 384w, https:\/\/www.reseau-entreprendre.org\/seine-et-marne\/wp-content\/uploads\/sites\/20\/2019\/01\/t\u00e9l\u00e9chargement-300x102.png 300w\" sizes=\"auto, (max-width: 384px) 100vw, 384px\" \/><\/figure><div class=\"wp-block-media-text__content\">\n<p><strong>Nicolas RICQUIER<\/strong><\/p>\n\n\n\n<p><strong>&nbsp;<span style=\"color: #ff971d\"><em>Reprise<\/em><\/span><\/strong><\/p>\n\n\n\n<p><em><strong>BG Batiment : <\/strong><\/em>R\u00e9alisation de chantiers de la ma\u00e7onnerie, couverture, plomberie, \u00e9lectricit\u00e9, isolation, chauffage \u00e0 la r\u00e9novation int\u00e9rieure.<\/p>\n<\/div><\/div>\n\n\n\n<div style=\"height:15px\" aria-hidden=\"true\" class=\"wp-block-spacer\"><\/div>\n\n\n\n<hr class=\"wp-block-separator has-text-color has-re-blue-color has-alpha-channel-opacity has-re-blue-background-color has-background is-style-wide\" \/>\n\n\n\n<div style=\"height:15px\" aria-hidden=\"true\" class=\"wp-block-spacer\"><\/div>\n\n\n\n<div class=\"wp-block-media-text alignwide is-stacked-on-mobile\" style=\"grid-template-columns:30% auto\"><figure class=\"wp-block-media-text__media\"><img loading=\"lazy\" decoding=\"async\" width=\"225\" height=\"224\" src=\"https:\/\/www.reseau-entreprendre.org\/seine-et-marne\/wp-content\/uploads\/sites\/20\/2019\/01\/t\u00e9l\u00e9chargement.jpg\" alt=\"\" class=\"wp-image-1256 size-full\" srcset=\"https:\/\/www.reseau-entreprendre.org\/seine-et-marne\/wp-content\/uploads\/sites\/20\/2019\/01\/t\u00e9l\u00e9chargement.jpg 225w, https:\/\/www.reseau-entreprendre.org\/seine-et-marne\/wp-content\/uploads\/sites\/20\/2019\/01\/t\u00e9l\u00e9chargement-150x150.jpg 150w\" sizes=\"auto, (max-width: 225px) 100vw, 225px\" \/><\/figure><div class=\"wp-block-media-text__content\">\n<p><strong>Marc SCIACCA<\/strong><\/p>\n\n\n\n<p><strong>&nbsp;<span style=\"color: #ff971d\"><em>Reprise<\/em><\/span><\/strong><\/p>\n\n\n\n<p><em><strong>Le Raccord Industriel : <\/strong>S<\/em>p\u00e9cialiste fran\u00e7ais des raccords et connexions pour l&#8217;industrie de la climatisation et du froid<\/p>\n<\/div><\/div>\n\n\n\n<div style=\"height:15px\" aria-hidden=\"true\" class=\"wp-block-spacer\"><\/div>\n\n\n\n<hr class=\"wp-block-separator has-text-color has-re-blue-color has-alpha-channel-opacity has-re-blue-background-color has-background is-style-wide\" \/>\n\n\n\n<div style=\"height:15px\" aria-hidden=\"true\" class=\"wp-block-spacer\"><\/div>\n\n\n\n<div class=\"wp-block-media-text alignwide is-stacked-on-mobile\" style=\"grid-template-columns:30% auto\"><figure class=\"wp-block-media-text__media\"><img loading=\"lazy\" decoding=\"async\" width=\"200\" height=\"200\" src=\"https:\/\/www.reseau-entreprendre.org\/seine-et-marne\/wp-content\/uploads\/sites\/20\/2019\/01\/images.jpg\" alt=\"\" class=\"wp-image-1252 size-full\" srcset=\"https:\/\/www.reseau-entreprendre.org\/seine-et-marne\/wp-content\/uploads\/sites\/20\/2019\/01\/images.jpg 200w, https:\/\/www.reseau-entreprendre.org\/seine-et-marne\/wp-content\/uploads\/sites\/20\/2019\/01\/images-150x150.jpg 150w\" sizes=\"auto, (max-width: 200px) 100vw, 200px\" \/><\/figure><div class=\"wp-block-media-text__content\">\n<p><strong>Christophe DELEAU<\/strong><\/p>\n\n\n\n<p><strong><span style=\"color: #268597\"><em>Cr\u00e9ation<\/em><\/span><\/strong><\/p>\n\n\n\n<p><em><strong>Hooke : <\/strong><\/em>Bureau d&#8217;\u00e9tude et d&#8217;ing\u00e9nierie m\u00e9canique ou industrielle<\/p>\n<\/div><\/div>\n\n\n\n<div style=\"height:15px\" aria-hidden=\"true\" class=\"wp-block-spacer\"><\/div>\n\n\n\n<hr class=\"wp-block-separator has-text-color has-re-blue-color has-alpha-channel-opacity has-re-blue-background-color has-background is-style-wide\" \/>\n\n\n\n<div style=\"height:15px\" aria-hidden=\"true\" class=\"wp-block-spacer\"><\/div>\n\n\n\n<div class=\"wp-block-media-text alignwide is-stacked-on-mobile\" style=\"grid-template-columns:30% auto\"><figure class=\"wp-block-media-text__media\"><img loading=\"lazy\" decoding=\"async\" width=\"496\" height=\"311\" src=\"https:\/\/www.reseau-entreprendre.org\/seine-et-marne\/wp-content\/uploads\/sites\/20\/2019\/01\/ecohammam.png\" alt=\"\" class=\"wp-image-1250 size-full\" srcset=\"https:\/\/www.reseau-entreprendre.org\/seine-et-marne\/wp-content\/uploads\/sites\/20\/2019\/01\/ecohammam.png 496w, https:\/\/www.reseau-entreprendre.org\/seine-et-marne\/wp-content\/uploads\/sites\/20\/2019\/01\/ecohammam-300x188.png 300w\" sizes=\"auto, (max-width: 496px) 100vw, 496px\" \/><\/figure><div class=\"wp-block-media-text__content\">\n<p><strong>Abdelkader TADJER<\/strong><\/p>\n\n\n\n<p><strong><span style=\"color: #268597\"><em>Cr\u00e9ation<\/em><\/span><\/strong><\/p>\n\n\n\n<p><em><strong>Meaux Spa 77 :&nbsp;<\/strong><\/em>Hammam citoyen, handi-accessible et \u00e9cologique<\/p>\n<\/div><\/div>\n\n\n\n<div style=\"height:15px\" aria-hidden=\"true\" class=\"wp-block-spacer\"><\/div>\n\n\n\n<hr class=\"wp-block-separator has-text-color has-re-blue-color has-alpha-channel-opacity has-re-blue-background-color has-background is-style-wide\" \/>\n\n\n\n<div style=\"height:15px\" aria-hidden=\"true\" class=\"wp-block-spacer\"><\/div>\n\n\n\n<div class=\"wp-block-media-text alignwide is-stacked-on-mobile\" style=\"grid-template-columns:30% auto\"><figure class=\"wp-block-media-text__media\"><img loading=\"lazy\" decoding=\"async\" width=\"225\" height=\"225\" src=\"https:\/\/www.reseau-entreprendre.org\/seine-et-marne\/wp-content\/uploads\/sites\/20\/2019\/01\/t\u00e9l\u00e9chargement-1.png\" alt=\"\" class=\"wp-image-1255 size-full\" srcset=\"https:\/\/www.reseau-entreprendre.org\/seine-et-marne\/wp-content\/uploads\/sites\/20\/2019\/01\/t\u00e9l\u00e9chargement-1.png 225w, https:\/\/www.reseau-entreprendre.org\/seine-et-marne\/wp-content\/uploads\/sites\/20\/2019\/01\/t\u00e9l\u00e9chargement-1-150x150.png 150w\" sizes=\"auto, (max-width: 225px) 100vw, 225px\" \/><\/figure><div class=\"wp-block-media-text__content\">\n<p><strong>Hubert MICHAUDET, Elodie GRIMOIN<\/strong><\/p>\n\n\n\n<p><strong><span style=\"color: #268597\"><em>Cr\u00e9ation<\/em><\/span><\/strong><\/p>\n\n\n\n<p><em><strong>Urban Canopee :&nbsp;<\/strong><\/em>Cr\u00e9ateurs de jardins suspendus pour lutter contre les effets du changement climatique en ville.<\/p>\n<\/div><\/div>\n\n\n\n<div style=\"height:15px\" aria-hidden=\"true\" class=\"wp-block-spacer\"><\/div>\n\n\n\n<hr class=\"wp-block-separator has-text-color has-re-blue-color has-alpha-channel-opacity has-re-blue-background-color has-background is-style-wide\" \/>\n\n\n\n<div style=\"height:15px\" aria-hidden=\"true\" class=\"wp-block-spacer\"><\/div>\n\n\n\n<div class=\"wp-block-media-text alignwide is-stacked-on-mobile\" style=\"grid-template-columns:30% auto\"><figure class=\"wp-block-media-text__media\"><img loading=\"lazy\" decoding=\"async\" width=\"197\" height=\"197\" src=\"https:\/\/www.reseau-entreprendre.org\/seine-et-marne\/wp-content\/uploads\/sites\/20\/2019\/01\/images-1.png\" alt=\"\" class=\"wp-image-1251 size-full\" srcset=\"https:\/\/www.reseau-entreprendre.org\/seine-et-marne\/wp-content\/uploads\/sites\/20\/2019\/01\/images-1.png 197w, https:\/\/www.reseau-entreprendre.org\/seine-et-marne\/wp-content\/uploads\/sites\/20\/2019\/01\/images-1-150x150.png 150w\" sizes=\"auto, (max-width: 197px) 100vw, 197px\" \/><\/figure><div class=\"wp-block-media-text__content\">\n<p><strong>Alessandra CERVINO<\/strong><\/p>\n\n\n\n<p><strong><span style=\"color: #268597\"><em>Cr\u00e9ation<\/em><\/span><\/strong><\/p>\n\n\n\n<p><em><strong>Luxia :&nbsp;<\/strong><\/em>Premi\u00e8re soci\u00e9t\u00e9\u0301 Fran\u00e7aise enti\u00e8rement d\u00e9di\u00e9e \u00e0 la recherche,&nbsp; sp\u00e9cialis\u00e9e dans l\u2019analyse du microbiote intestinal.<\/p>\n<\/div><\/div>\n\n\n\n<div style=\"height:15px\" aria-hidden=\"true\" class=\"wp-block-spacer\"><\/div>\n\n\n\n<hr class=\"wp-block-separator has-text-color has-re-blue-color has-alpha-channel-opacity has-re-blue-background-color has-background is-style-wide\" \/>\n\n\n\n<div style=\"height:15px\" aria-hidden=\"true\" class=\"wp-block-spacer\"><\/div>\n\n\n\n<div class=\"wp-block-media-text alignwide is-stacked-on-mobile\" style=\"grid-template-columns:30% auto\"><figure class=\"wp-block-media-text__media\"><img loading=\"lazy\" decoding=\"async\" width=\"250\" height=\"52\" src=\"https:\/\/www.reseau-entreprendre.org\/seine-et-marne\/wp-content\/uploads\/sites\/20\/2019\/01\/logo.png\" alt=\"\" class=\"wp-image-1254 size-full\" \/><\/figure><div class=\"wp-block-media-text__content\">\n<p><strong>Marie-Line GERMANE<\/strong><\/p>\n\n\n\n<p><strong><span style=\"color: #268597\"><em>Cr\u00e9ation<\/em><\/span><\/strong><\/p>\n\n\n\n<p><em><strong>Voyager Vrai :&nbsp;<\/strong><\/em>Tour-op\u00e9rateur et cr\u00e9ateur de voyage durable dans les Cara\u00efbes<\/p>\n<\/div><\/div>\n\n\n\n<div style=\"height:15px\" aria-hidden=\"true\" class=\"wp-block-spacer\"><\/div>\n\n\n\n<hr class=\"wp-block-separator has-text-color has-re-blue-color has-alpha-channel-opacity has-re-blue-background-color has-background is-style-wide\" \/>\n\n\n\n<div style=\"height:15px\" aria-hidden=\"true\" class=\"wp-block-spacer\"><\/div>\n\n\n\n<div class=\"wp-block-media-text alignwide is-stacked-on-mobile\" style=\"grid-template-columns:30% auto\"><figure class=\"wp-block-media-text__media\"><img loading=\"lazy\" decoding=\"async\" width=\"101\" height=\"68\" src=\"https:\/\/www.reseau-entreprendre.org\/seine-et-marne\/wp-content\/uploads\/sites\/20\/2019\/01\/Capture.png\" alt=\"\" class=\"wp-image-1248 size-full\" \/><\/figure><div class=\"wp-block-media-text__content\">\n<p><strong>Julien SAINT-GEORGES, Guillaume LARTIGAU<\/strong><\/p>\n\n\n\n<p><strong><span style=\"color: #268597\"><em>Cr\u00e9ation<\/em><\/span><\/strong><\/p>\n\n\n\n<p><em><strong>AXEL :<\/strong><\/em><span style=\"font-size: 1rem\">&nbsp;Offre digitale d\u2019investissement qui permet aux jeunes actifs de donner du sens \u00e0 leurs \u00e9conomies<\/span><\/p>\n<\/div><\/div>\n\n\n\n<div style=\"height:15px\" aria-hidden=\"true\" class=\"wp-block-spacer\"><\/div>\n\n\n\n<hr class=\"wp-block-separator has-text-color has-re-blue-color has-alpha-channel-opacity has-re-blue-background-color has-background is-style-wide\" \/>\n\n\n\n<div style=\"height:15px\" aria-hidden=\"true\" class=\"wp-block-spacer\"><\/div>\n\n\n\n<div class=\"wp-block-media-text alignwide is-stacked-on-mobile\" style=\"grid-template-columns:30% auto\"><figure class=\"wp-block-media-text__media\"><img loading=\"lazy\" decoding=\"async\" width=\"317\" height=\"132\" src=\"https:\/\/www.reseau-entreprendre.org\/seine-et-marne\/wp-content\/uploads\/sites\/20\/2020\/03\/botmind.png\" alt=\"\" class=\"wp-image-1750 size-full\" srcset=\"https:\/\/www.reseau-entreprendre.org\/seine-et-marne\/wp-content\/uploads\/sites\/20\/2020\/03\/botmind.png 317w, https:\/\/www.reseau-entreprendre.org\/seine-et-marne\/wp-content\/uploads\/sites\/20\/2020\/03\/botmind-300x125.png 300w\" sizes=\"auto, (max-width: 317px) 100vw, 317px\" \/><\/figure><div class=\"wp-block-media-text__content\">\n<p><strong>Christophe CHEVALIER<\/strong><\/p>\n\n\n\n<p><span style=\"color: #268597\"><em><strong>Cr\u00e9ation<\/strong><\/em><\/span><\/p>\n\n\n\n<p><em><strong>Botmind : <\/strong><\/em>Plateforme pour am\u00e9liorer l\u2019exp\u00e9rience client et intensifier son support gr\u00e2ce \u00e0 un agent IA virtuel<\/p>\n<\/div><\/div>\n\n\n\n<p>&nbsp;<\/p>\n","protected":false},"excerpt":{"rendered":"<p>St\u00e9phane SABATHE &nbsp;Reprise Oh la Vache :&nbsp;cr\u00e9ateur et producteur de&nbsp;mousses<\/p>\n","protected":false},"author":20,"featured_media":0,"parent":1933,"menu_order":5,"comment_status":"closed","ping_status":"closed","template":"","meta":{"_acf_changed":false,"_monsterinsights_skip_tracking":false,"_monsterinsights_sitenote_active":false,"_monsterinsights_sitenote_note":"","_monsterinsights_sitenote_category":0,"footnotes":""},"class_list":["post-1199","page","type-page","status-publish","hentry"],"acf":[],"yoast_head":"<!-- This site is optimized with the Yoast SEO plugin v27.4 - https:\/\/yoast.com\/product\/yoast-seo-wordpress\/ -->\n<title>Laur\u00e9ats 2018 - R\u00e9seau Entreprendre Seine et Marne<\/title>\n<meta name=\"robots\" content=\"index, follow, max-snippet:-1, max-image-preview:large, max-video-preview:-1\" \/>\n<link rel=\"canonical\" href=\"https:\/\/www.reseau-entreprendre.org\/seine-et-marne\/notre-communaute\/laureats-2018\/\" \/>\n<meta property=\"og:locale\" content=\"fr_FR\" \/>\n<meta property=\"og:type\" content=\"article\" \/>\n<meta property=\"og:title\" content=\"Laur\u00e9ats 2018 - R\u00e9seau Entreprendre Seine et Marne\" \/>\n<meta property=\"og:description\" content=\"St\u00e9phane SABATHE &nbsp;Reprise Oh la Vache :&nbsp;cr\u00e9ateur et producteur de&nbsp;mousses\" \/>\n<meta property=\"og:url\" content=\"https:\/\/www.reseau-entreprendre.org\/seine-et-marne\/notre-communaute\/laureats-2018\/\" \/>\n<meta property=\"og:site_name\" content=\"R\u00e9seau Entreprendre Seine et Marne\" \/>\n<meta property=\"article:publisher\" content=\"https:\/\/www.facebook.com\/RESeineetMarne\/\" \/>\n<meta property=\"article:modified_time\" content=\"2023-01-24T10:39:44+00:00\" \/>\n<meta property=\"og:image\" content=\"https:\/\/www.reseau-entreprendre.org\/seine-et-marne\/wp-content\/uploads\/sites\/20\/2019\/01\/images.png\" \/>\n<meta name=\"twitter:card\" content=\"summary_large_image\" \/>\n<meta name=\"twitter:site\" content=\"@RE_SeineetMarne\" \/>\n<meta name=\"twitter:label1\" content=\"Dur\u00e9e de lecture estim\u00e9e\" \/>\n\t<meta name=\"twitter:data1\" content=\"3 minutes\" \/>\n<script type=\"application\/ld+json\" class=\"yoast-schema-graph\">{\"@context\":\"https:\\\/\\\/schema.org\",\"@graph\":[{\"@type\":\"WebPage\",\"@id\":\"https:\\\/\\\/www.reseau-entreprendre.org\\\/seine-et-marne\\\/notre-communaute\\\/laureats-2018\\\/\",\"url\":\"https:\\\/\\\/www.reseau-entreprendre.org\\\/seine-et-marne\\\/notre-communaute\\\/laureats-2018\\\/\",\"name\":\"Laur\u00e9ats 2018 - R\u00e9seau Entreprendre Seine et Marne\",\"isPartOf\":{\"@id\":\"https:\\\/\\\/www.reseau-entreprendre.org\\\/seine-et-marne\\\/#website\"},\"primaryImageOfPage\":{\"@id\":\"https:\\\/\\\/www.reseau-entreprendre.org\\\/seine-et-marne\\\/notre-communaute\\\/laureats-2018\\\/#primaryimage\"},\"image\":{\"@id\":\"https:\\\/\\\/www.reseau-entreprendre.org\\\/seine-et-marne\\\/notre-communaute\\\/laureats-2018\\\/#primaryimage\"},\"thumbnailUrl\":\"https:\\\/\\\/www.reseau-entreprendre.org\\\/seine-et-marne\\\/wp-content\\\/uploads\\\/sites\\\/20\\\/2019\\\/01\\\/images.png\",\"datePublished\":\"2019-01-15T10:21:01+00:00\",\"dateModified\":\"2023-01-24T10:39:44+00:00\",\"breadcrumb\":{\"@id\":\"https:\\\/\\\/www.reseau-entreprendre.org\\\/seine-et-marne\\\/notre-communaute\\\/laureats-2018\\\/#breadcrumb\"},\"inLanguage\":\"fr-FR\",\"potentialAction\":[{\"@type\":\"ReadAction\",\"target\":[\"https:\\\/\\\/www.reseau-entreprendre.org\\\/seine-et-marne\\\/notre-communaute\\\/laureats-2018\\\/\"]}]},{\"@type\":\"ImageObject\",\"inLanguage\":\"fr-FR\",\"@id\":\"https:\\\/\\\/www.reseau-entreprendre.org\\\/seine-et-marne\\\/notre-communaute\\\/laureats-2018\\\/#primaryimage\",\"url\":\"https:\\\/\\\/www.reseau-entreprendre.org\\\/seine-et-marne\\\/wp-content\\\/uploads\\\/sites\\\/20\\\/2019\\\/01\\\/images.png\",\"contentUrl\":\"https:\\\/\\\/www.reseau-entreprendre.org\\\/seine-et-marne\\\/wp-content\\\/uploads\\\/sites\\\/20\\\/2019\\\/01\\\/images.png\",\"width\":328,\"height\":154},{\"@type\":\"BreadcrumbList\",\"@id\":\"https:\\\/\\\/www.reseau-entreprendre.org\\\/seine-et-marne\\\/notre-communaute\\\/laureats-2018\\\/#breadcrumb\",\"itemListElement\":[{\"@type\":\"ListItem\",\"position\":1,\"name\":\"Accueil\",\"item\":\"https:\\\/\\\/www.reseau-entreprendre.org\\\/seine-et-marne\\\/\"},{\"@type\":\"ListItem\",\"position\":2,\"name\":\"Nos Laur\u00e9ats\",\"item\":\"https:\\\/\\\/www.reseau-entreprendre.org\\\/seine-et-marne\\\/notre-communaute\\\/\"},{\"@type\":\"ListItem\",\"position\":3,\"name\":\"Laur\u00e9ats 2018\"}]},{\"@type\":\"WebSite\",\"@id\":\"https:\\\/\\\/www.reseau-entreprendre.org\\\/seine-et-marne\\\/#website\",\"url\":\"https:\\\/\\\/www.reseau-entreprendre.org\\\/seine-et-marne\\\/\",\"name\":\"R\u00e9seau Entreprendre Seine et Marne\",\"description\":\"Un site utilisant Les sites de R\u00e9seau Entreprendre\",\"potentialAction\":[{\"@type\":\"SearchAction\",\"target\":{\"@type\":\"EntryPoint\",\"urlTemplate\":\"https:\\\/\\\/www.reseau-entreprendre.org\\\/seine-et-marne\\\/?s={search_term_string}\"},\"query-input\":{\"@type\":\"PropertyValueSpecification\",\"valueRequired\":true,\"valueName\":\"search_term_string\"}}],\"inLanguage\":\"fr-FR\"}]}<\/script>\n<!-- \/ Yoast SEO plugin. -->","yoast_head_json":{"title":"Laur\u00e9ats 2018 - R\u00e9seau Entreprendre Seine et Marne","robots":{"index":"index","follow":"follow","max-snippet":"max-snippet:-1","max-image-preview":"max-image-preview:large","max-video-preview":"max-video-preview:-1"},"canonical":"https:\/\/www.reseau-entreprendre.org\/seine-et-marne\/notre-communaute\/laureats-2018\/","og_locale":"fr_FR","og_type":"article","og_title":"Laur\u00e9ats 2018 - R\u00e9seau Entreprendre Seine et Marne","og_description":"St\u00e9phane SABATHE &nbsp;Reprise Oh la Vache :&nbsp;cr\u00e9ateur et producteur de&nbsp;mousses","og_url":"https:\/\/www.reseau-entreprendre.org\/seine-et-marne\/notre-communaute\/laureats-2018\/","og_site_name":"R\u00e9seau Entreprendre Seine et Marne","article_publisher":"https:\/\/www.facebook.com\/RESeineetMarne\/","article_modified_time":"2023-01-24T10:39:44+00:00","og_image":[{"url":"https:\/\/www.reseau-entreprendre.org\/seine-et-marne\/wp-content\/uploads\/sites\/20\/2019\/01\/images.png","type":"","width":"","height":""}],"twitter_card":"summary_large_image","twitter_site":"@RE_SeineetMarne","twitter_misc":{"Dur\u00e9e de lecture estim\u00e9e":"3 minutes"},"schema":{"@context":"https:\/\/schema.org","@graph":[{"@type":"WebPage","@id":"https:\/\/www.reseau-entreprendre.org\/seine-et-marne\/notre-communaute\/laureats-2018\/","url":"https:\/\/www.reseau-entreprendre.org\/seine-et-marne\/notre-communaute\/laureats-2018\/","name":"Laur\u00e9ats 2018 - R\u00e9seau Entreprendre Seine et Marne","isPartOf":{"@id":"https:\/\/www.reseau-entreprendre.org\/seine-et-marne\/#website"},"primaryImageOfPage":{"@id":"https:\/\/www.reseau-entreprendre.org\/seine-et-marne\/notre-communaute\/laureats-2018\/#primaryimage"},"image":{"@id":"https:\/\/www.reseau-entreprendre.org\/seine-et-marne\/notre-communaute\/laureats-2018\/#primaryimage"},"thumbnailUrl":"https:\/\/www.reseau-entreprendre.org\/seine-et-marne\/wp-content\/uploads\/sites\/20\/2019\/01\/images.png","datePublished":"2019-01-15T10:21:01+00:00","dateModified":"2023-01-24T10:39:44+00:00","breadcrumb":{"@id":"https:\/\/www.reseau-entreprendre.org\/seine-et-marne\/notre-communaute\/laureats-2018\/#breadcrumb"},"inLanguage":"fr-FR","potentialAction":[{"@type":"ReadAction","target":["https:\/\/www.reseau-entreprendre.org\/seine-et-marne\/notre-communaute\/laureats-2018\/"]}]},{"@type":"ImageObject","inLanguage":"fr-FR","@id":"https:\/\/www.reseau-entreprendre.org\/seine-et-marne\/notre-communaute\/laureats-2018\/#primaryimage","url":"https:\/\/www.reseau-entreprendre.org\/seine-et-marne\/wp-content\/uploads\/sites\/20\/2019\/01\/images.png","contentUrl":"https:\/\/www.reseau-entreprendre.org\/seine-et-marne\/wp-content\/uploads\/sites\/20\/2019\/01\/images.png","width":328,"height":154},{"@type":"BreadcrumbList","@id":"https:\/\/www.reseau-entreprendre.org\/seine-et-marne\/notre-communaute\/laureats-2018\/#breadcrumb","itemListElement":[{"@type":"ListItem","position":1,"name":"Accueil","item":"https:\/\/www.reseau-entreprendre.org\/seine-et-marne\/"},{"@type":"ListItem","position":2,"name":"Nos Laur\u00e9ats","item":"https:\/\/www.reseau-entreprendre.org\/seine-et-marne\/notre-communaute\/"},{"@type":"ListItem","position":3,"name":"Laur\u00e9ats 2018"}]},{"@type":"WebSite","@id":"https:\/\/www.reseau-entreprendre.org\/seine-et-marne\/#website","url":"https:\/\/www.reseau-entreprendre.org\/seine-et-marne\/","name":"R\u00e9seau Entreprendre Seine et Marne","description":"Un site utilisant Les sites de R\u00e9seau Entreprendre","potentialAction":[{"@type":"SearchAction","target":{"@type":"EntryPoint","urlTemplate":"https:\/\/www.reseau-entreprendre.org\/seine-et-marne\/?s={search_term_string}"},"query-input":{"@type":"PropertyValueSpecification","valueRequired":true,"valueName":"search_term_string"}}],"inLanguage":"fr-FR"}]}},"_links":{"self":[{"href":"https:\/\/www.reseau-entreprendre.org\/seine-et-marne\/wp-json\/wp\/v2\/pages\/1199","targetHints":{"allow":["GET"]}}],"collection":[{"href":"https:\/\/www.reseau-entreprendre.org\/seine-et-marne\/wp-json\/wp\/v2\/pages"}],"about":[{"href":"https:\/\/www.reseau-entreprendre.org\/seine-et-marne\/wp-json\/wp\/v2\/types\/page"}],"author":[{"embeddable":true,"href":"https:\/\/www.reseau-entreprendre.org\/seine-et-marne\/wp-json\/wp\/v2\/users\/20"}],"replies":[{"embeddable":true,"href":"https:\/\/www.reseau-entreprendre.org\/seine-et-marne\/wp-json\/wp\/v2\/comments?post=1199"}],"version-history":[{"count":0,"href":"https:\/\/www.reseau-entreprendre.org\/seine-et-marne\/wp-json\/wp\/v2\/pages\/1199\/revisions"}],"up":[{"embeddable":true,"href":"https:\/\/www.reseau-entreprendre.org\/seine-et-marne\/wp-json\/wp\/v2\/pages\/1933"}],"wp:attachment":[{"href":"https:\/\/www.reseau-entreprendre.org\/seine-et-marne\/wp-json\/wp\/v2\/media?parent=1199"}],"curies":[{"name":"wp","href":"https:\/\/api.w.org\/{rel}","templated":true}]}}