{"id":1209,"date":"2019-01-15T10:49:39","date_gmt":"2019-01-15T09:49:39","guid":{"rendered":"https:\/\/www.reseau-entreprendre.org\/seine-et-marne\/?page_id=1209"},"modified":"2023-01-24T11:43:22","modified_gmt":"2023-01-24T10:43:22","slug":"laureats-2017","status":"publish","type":"page","link":"https:\/\/www.reseau-entreprendre.org\/seine-et-marne\/notre-communaute\/laureats-2017\/","title":{"rendered":"Laur\u00e9ats 2017"},"content":{"rendered":"\n<div class=\"wp-block-media-text alignwide is-stacked-on-mobile\" style=\"grid-template-columns:30% auto\"><figure class=\"wp-block-media-text__media\"><img loading=\"lazy\" decoding=\"async\" width=\"69\" height=\"69\" src=\"https:\/\/www.reseau-entreprendre.org\/seine-et-marne\/wp-content\/uploads\/sites\/20\/2019\/01\/Image1.png\" alt=\"\" class=\"wp-image-1223 size-full\" \/><\/figure><div class=\"wp-block-media-text__content\">\n<p><b>Edith DEPOND<\/b><\/p>\n\n\n\n<p><span style=\"color: #268597\"><em><strong>Cr\u00e9ation<\/strong><\/em><\/span><\/p>\n\n\n\n<p><b><i>La Mor\u00e9taine :&nbsp;<\/i><\/b>V\u00eatements donnant acc\u00e8s \u00e0 un contenu num\u00e9rique gr\u00e2ce \u00e0 un logo intelligent.<\/p>\n<\/div><\/div>\n\n\n\n<div style=\"height:15px\" aria-hidden=\"true\" class=\"wp-block-spacer\"><\/div>\n\n\n\n<hr class=\"wp-block-separator has-text-color has-re-blue-color has-alpha-channel-opacity has-re-blue-background-color has-background is-style-wide\" \/>\n\n\n\n<div style=\"height:15px\" aria-hidden=\"true\" class=\"wp-block-spacer\"><\/div>\n\n\n\n<div class=\"wp-block-media-text alignwide is-stacked-on-mobile\" style=\"grid-template-columns:30% auto\"><figure class=\"wp-block-media-text__media\"><img loading=\"lazy\" decoding=\"async\" width=\"167\" height=\"167\" src=\"https:\/\/www.reseau-entreprendre.org\/seine-et-marne\/wp-content\/uploads\/sites\/20\/2019\/01\/Image13.jpg\" alt=\"\" class=\"wp-image-1235 size-full\" srcset=\"https:\/\/www.reseau-entreprendre.org\/seine-et-marne\/wp-content\/uploads\/sites\/20\/2019\/01\/Image13.jpg 167w, https:\/\/www.reseau-entreprendre.org\/seine-et-marne\/wp-content\/uploads\/sites\/20\/2019\/01\/Image13-150x150.jpg 150w\" sizes=\"auto, (max-width: 167px) 100vw, 167px\" \/><\/figure><div class=\"wp-block-media-text__content\">\n<p><b>Marion CARRE<\/b><\/p>\n\n\n\n<p><span style=\"color: #268597\"><em><strong>Cr\u00e9ation<\/strong><\/em><\/span><\/p>\n\n\n\n<p><em><b>Ask Mona : <\/b><\/em>Conception de chatbots pour les institutions culturelles<\/p>\n<\/div><\/div>\n\n\n\n<div style=\"height:15px\" aria-hidden=\"true\" class=\"wp-block-spacer\"><\/div>\n\n\n\n<hr class=\"wp-block-separator has-text-color has-re-blue-color has-alpha-channel-opacity has-re-blue-background-color has-background is-style-wide\" \/>\n\n\n\n<div style=\"height:15px\" aria-hidden=\"true\" class=\"wp-block-spacer\"><\/div>\n\n\n\n<div class=\"wp-block-media-text alignwide is-stacked-on-mobile\" style=\"grid-template-columns:30% auto\"><figure class=\"wp-block-media-text__media\"><img loading=\"lazy\" decoding=\"async\" width=\"40\" height=\"40\" src=\"https:\/\/www.reseau-entreprendre.org\/seine-et-marne\/wp-content\/uploads\/sites\/20\/2019\/01\/Image2-1.png\" alt=\"\" class=\"wp-image-1236 size-full\" \/><\/figure><div class=\"wp-block-media-text__content\">\n<p><b>Kalide BRASSIER <\/b><\/p>\n\n\n\n<p><span style=\"color: #268597\"><em><strong>Cr\u00e9ation<\/strong><\/em><\/span><\/p>\n\n\n\n<p><b><i>Trust &amp; Market :&nbsp;<\/i><\/b><span style=\"font-family: inherit;font-size: inherit;background-color: transparent\">Plateforme de mise en relation destin\u00e9e au monde&nbsp;<\/span>de l\u2019audiovisuel (musique, vid\u00e9o, photo\u2026).<\/p>\n<\/div><\/div>\n\n\n\n<div style=\"height:15px\" aria-hidden=\"true\" class=\"wp-block-spacer\"><\/div>\n\n\n\n<hr class=\"wp-block-separator has-text-color has-re-blue-color has-alpha-channel-opacity has-re-blue-background-color has-background is-style-wide\" \/>\n\n\n\n<div style=\"height:15px\" aria-hidden=\"true\" class=\"wp-block-spacer\"><\/div>\n\n\n\n<div class=\"wp-block-media-text alignwide is-stacked-on-mobile\" style=\"grid-template-columns:30% auto\"><figure class=\"wp-block-media-text__media\"><img loading=\"lazy\" decoding=\"async\" width=\"51\" height=\"52\" src=\"https:\/\/www.reseau-entreprendre.org\/seine-et-marne\/wp-content\/uploads\/sites\/20\/2019\/01\/Image3.png\" alt=\"\" class=\"wp-image-1225 size-full\" \/><\/figure><div class=\"wp-block-media-text__content\">\n<p><b>Julien ICARD,&nbsp;<\/b><b style=\"font-family: inherit;font-size: inherit;background-color: transparent\">Antonin PARENTI<\/b><\/p>\n\n\n\n<p><span style=\"color: #268597\"><em><strong>Cr\u00e9ation<\/strong><\/em><\/span><\/p>\n\n\n\n<p><b><i>Le Bon Bocal :&nbsp;<\/i><\/b>Traiteur et \u00e9laboration de repas en bocaux, disponibles dans des distributeurs en entreprise.<\/p>\n<\/div><\/div>\n\n\n\n<div style=\"height:15px\" aria-hidden=\"true\" class=\"wp-block-spacer\"><\/div>\n\n\n\n<hr class=\"wp-block-separator has-text-color has-re-blue-color has-alpha-channel-opacity has-re-blue-background-color has-background is-style-wide\" \/>\n\n\n\n<div style=\"height:15px\" aria-hidden=\"true\" class=\"wp-block-spacer\"><\/div>\n\n\n\n<div class=\"wp-block-media-text alignwide is-stacked-on-mobile\" style=\"grid-template-columns:30% auto\"><figure class=\"wp-block-media-text__media\"><img loading=\"lazy\" decoding=\"async\" width=\"42\" height=\"51\" src=\"https:\/\/www.reseau-entreprendre.org\/seine-et-marne\/wp-content\/uploads\/sites\/20\/2019\/01\/Image4.png\" alt=\"\" class=\"wp-image-1226 size-full\" \/><\/figure><div class=\"wp-block-media-text__content\">\n<p><b>Simon SOW<\/b><\/p>\n\n\n\n<p><span style=\"color: #268597\"><em><strong>Cr\u00e9ation<\/strong><\/em><\/span><\/p>\n\n\n\n<p><b><i>Mask Generation France :&nbsp;<\/i><\/b>Masques anti-pollution efficaces, design et bient\u00f4t connect\u00e9s.<\/p>\n<\/div><\/div>\n\n\n\n<div style=\"height:15px\" aria-hidden=\"true\" class=\"wp-block-spacer\"><\/div>\n\n\n\n<hr class=\"wp-block-separator has-text-color has-re-blue-color has-alpha-channel-opacity has-re-blue-background-color has-background is-style-wide\" \/>\n\n\n\n<div style=\"height:15px\" aria-hidden=\"true\" class=\"wp-block-spacer\"><\/div>\n\n\n\n<div class=\"wp-block-media-text alignwide is-stacked-on-mobile\" style=\"grid-template-columns:30% auto\"><figure class=\"wp-block-media-text__media\"><img loading=\"lazy\" decoding=\"async\" width=\"134\" height=\"34\" src=\"https:\/\/www.reseau-entreprendre.org\/seine-et-marne\/wp-content\/uploads\/sites\/20\/2019\/01\/Image5.png\" alt=\"\" class=\"wp-image-1227 size-full\" \/><\/figure><div class=\"wp-block-media-text__content\">\n<p><b>Sophie HOUZEAU<\/b><\/p>\n\n\n\n<p><span style=\"color: #268597\"><em><strong>Cr\u00e9ation<\/strong><\/em><\/span><\/p>\n\n\n\n<p><b><i>Ch\u00e2teau d\u2019Ax :&nbsp;<\/i><\/b>Ameublement haut de gamme.<\/p>\n<\/div><\/div>\n\n\n\n<div style=\"height:15px\" aria-hidden=\"true\" class=\"wp-block-spacer\"><\/div>\n\n\n\n<hr class=\"wp-block-separator has-text-color has-re-blue-color has-alpha-channel-opacity has-re-blue-background-color has-background is-style-wide\" \/>\n\n\n\n<div style=\"height:15px\" aria-hidden=\"true\" class=\"wp-block-spacer\"><\/div>\n\n\n\n<div class=\"wp-block-media-text alignwide is-stacked-on-mobile\" style=\"grid-template-columns:30% auto\"><figure class=\"wp-block-media-text__media\"><img loading=\"lazy\" decoding=\"async\" width=\"73\" height=\"63\" src=\"https:\/\/www.reseau-entreprendre.org\/seine-et-marne\/wp-content\/uploads\/sites\/20\/2019\/01\/Image6.jpg\" alt=\"\" class=\"wp-image-1228 size-full\" \/><\/figure><div class=\"wp-block-media-text__content\">\n<p><b>Ang\u00e8le RADJAGOBAL<\/b><\/p>\n\n\n\n<p><span style=\"color: #268597\"><em><strong>Cr\u00e9ation<\/strong><\/em><\/span><\/p>\n\n\n\n<p><b><i>Soundary Cycle :&nbsp;<\/i><\/b>Accessoires design destin\u00e9s \u00e0 l\u2019univers du v\u00e9lo.<\/p>\n<\/div><\/div>\n\n\n\n<div style=\"height:15px\" aria-hidden=\"true\" class=\"wp-block-spacer\"><\/div>\n\n\n\n<hr class=\"wp-block-separator has-text-color has-re-blue-color has-alpha-channel-opacity has-re-blue-background-color has-background is-style-wide\" \/>\n\n\n\n<div style=\"height:15px\" aria-hidden=\"true\" class=\"wp-block-spacer\"><\/div>\n\n\n\n<div class=\"wp-block-media-text alignwide is-stacked-on-mobile\" style=\"grid-template-columns:30% auto\"><figure class=\"wp-block-media-text__media\"><img loading=\"lazy\" decoding=\"async\" width=\"81\" height=\"37\" src=\"https:\/\/www.reseau-entreprendre.org\/seine-et-marne\/wp-content\/uploads\/sites\/20\/2019\/01\/Image7.jpg\" alt=\"\" class=\"wp-image-1229 size-full\" \/><\/figure><div class=\"wp-block-media-text__content\">\n<p><b>Alexandre WEIL, R\u00e9mi PELLETIER<\/b><\/p>\n\n\n\n<p><span style=\"color: #268597\"><em><strong>Cr\u00e9ation<\/strong><\/em><\/span><\/p>\n\n\n\n<p><b><i>Precifield :&nbsp;<\/i><\/b>Diagnostic et conseil sur l\u2019exploitation des sols.<\/p>\n<\/div><\/div>\n\n\n\n<div style=\"height:15px\" aria-hidden=\"true\" class=\"wp-block-spacer\"><\/div>\n\n\n\n<hr class=\"wp-block-separator has-text-color has-re-blue-color has-alpha-channel-opacity has-re-blue-background-color has-background is-style-wide\" \/>\n\n\n\n<div style=\"height:15px\" aria-hidden=\"true\" class=\"wp-block-spacer\"><\/div>\n\n\n\n<div class=\"wp-block-media-text alignwide is-stacked-on-mobile\" style=\"grid-template-columns:30% auto\"><figure class=\"wp-block-media-text__media\"><img loading=\"lazy\" decoding=\"async\" width=\"73\" height=\"80\" src=\"https:\/\/www.reseau-entreprendre.org\/seine-et-marne\/wp-content\/uploads\/sites\/20\/2019\/01\/Image8.png\" alt=\"\" class=\"wp-image-1230 size-full\" \/><\/figure><div class=\"wp-block-media-text__content\">\n<p><b>Amandine MARINHO<\/b><\/p>\n\n\n\n<p><span style=\"color: #268597\"><em><strong>Cr\u00e9ation<\/strong><\/em><\/span><\/p>\n\n\n\n<p><b><i>Les Petits Pirates : <\/i><\/b>Cr\u00e9ation de micro-cr\u00e8ches.<\/p>\n<\/div><\/div>\n\n\n\n<div style=\"height:15px\" aria-hidden=\"true\" class=\"wp-block-spacer\"><\/div>\n\n\n\n<hr class=\"wp-block-separator has-text-color has-re-blue-color has-alpha-channel-opacity has-re-blue-background-color has-background is-style-wide\" \/>\n\n\n\n<div style=\"height:15px\" aria-hidden=\"true\" class=\"wp-block-spacer\"><\/div>\n\n\n\n<div class=\"wp-block-media-text alignwide is-stacked-on-mobile\" style=\"grid-template-columns:30% auto\"><figure class=\"wp-block-media-text__media\"><img loading=\"lazy\" decoding=\"async\" width=\"62\" height=\"62\" src=\"https:\/\/www.reseau-entreprendre.org\/seine-et-marne\/wp-content\/uploads\/sites\/20\/2019\/01\/Image10.png\" alt=\"\" class=\"wp-image-1232 size-full\" \/><\/figure><div class=\"wp-block-media-text__content\">\n<p><b>P.Oliver MOUTON,&nbsp;&nbsp;F.Gilles RICARD <\/b><\/p>\n\n\n\n<p><span style=\"color: #268597\"><em><strong>Cr\u00e9ation<\/strong><\/em><\/span><\/p>\n\n\n\n<p><b><i>Work&amp;Play :&nbsp;<\/i><\/b>Solutions ludiques et interactives \u00e0 destination des entreprises.<\/p>\n<\/div><\/div>\n\n\n\n<div style=\"height:15px\" aria-hidden=\"true\" class=\"wp-block-spacer\"><\/div>\n\n\n\n<hr class=\"wp-block-separator has-text-color has-re-blue-color has-alpha-channel-opacity has-re-blue-background-color has-background is-style-wide\" \/>\n\n\n\n<div style=\"height:15px\" aria-hidden=\"true\" class=\"wp-block-spacer\"><\/div>\n\n\n\n<div class=\"wp-block-media-text alignwide is-stacked-on-mobile\" style=\"grid-template-columns:30% auto\"><figure class=\"wp-block-media-text__media\"><img loading=\"lazy\" decoding=\"async\" width=\"72\" height=\"40\" src=\"https:\/\/www.reseau-entreprendre.org\/seine-et-marne\/wp-content\/uploads\/sites\/20\/2019\/01\/Image11-1.png\" alt=\"\" class=\"wp-image-1238 size-full\" \/><\/figure><div class=\"wp-block-media-text__content\">\n<p><b>Julian JOUMOUILL\u00c9,&nbsp; C\u00e9line DOURLET <\/b><\/p>\n\n\n\n<p><span style=\"color: #268597\"><em><strong>Cr\u00e9ation<\/strong><\/em><\/span><\/p>\n\n\n\n<p><b><i>Quos :&nbsp;<\/i><\/b>Mobilier urbain, connect\u00e9 et durable.<\/p>\n<\/div><\/div>\n\n\n\n<div style=\"height:15px\" aria-hidden=\"true\" class=\"wp-block-spacer\"><\/div>\n\n\n\n<hr class=\"wp-block-separator has-text-color has-re-blue-color has-alpha-channel-opacity has-re-blue-background-color has-background is-style-wide\" \/>\n\n\n\n<div style=\"height:15px\" aria-hidden=\"true\" class=\"wp-block-spacer\"><\/div>\n\n\n\n<div class=\"wp-block-media-text alignwide is-stacked-on-mobile\" style=\"grid-template-columns:30% auto\"><figure class=\"wp-block-media-text__media\"><img loading=\"lazy\" decoding=\"async\" width=\"97\" height=\"98\" src=\"https:\/\/www.reseau-entreprendre.org\/seine-et-marne\/wp-content\/uploads\/sites\/20\/2019\/01\/Image12.png\" alt=\"\" class=\"wp-image-1234 size-full\" \/><\/figure><div class=\"wp-block-media-text__content\">\n<p><b>Michael CHAUVE, Julien PAQUET<\/b><\/p>\n\n\n\n<p><span style=\"color: #268597\"><em><strong>Cr\u00e9ation<\/strong><\/em><\/span><\/p>\n\n\n\n<p><b><i>The Sports Room :&nbsp;<\/i><\/b>Organisation d\u2019\u00e9v\u00e8nements sportifs et du 1er salon du Triathlon en France<\/p>\n<\/div><\/div>\n\n\n\n<div style=\"height:15px\" aria-hidden=\"true\" class=\"wp-block-spacer\"><\/div>\n\n\n\n<hr class=\"wp-block-separator has-text-color has-re-blue-color has-alpha-channel-opacity has-re-blue-background-color has-background is-style-wide\" \/>\n\n\n\n<div style=\"height:15px\" aria-hidden=\"true\" class=\"wp-block-spacer\"><\/div>\n\n\n\n<div class=\"wp-block-media-text alignwide is-stacked-on-mobile\" style=\"grid-template-columns:30% auto\"><figure class=\"wp-block-media-text__media\"><img loading=\"lazy\" decoding=\"async\" width=\"112\" height=\"26\" src=\"https:\/\/www.reseau-entreprendre.org\/seine-et-marne\/wp-content\/uploads\/sites\/20\/2019\/01\/Image9.png\" alt=\"\" class=\"wp-image-1231 size-full\" \/><\/figure><div class=\"wp-block-media-text__content\">\n<p><b>Laurent LAMALCH<\/b><\/p>\n\n\n\n<p><span style=\"color: #ff971d\"><em><strong>Reprise<\/strong><\/em><\/span><\/p>\n\n\n\n<p><b><i>T2 Technology :&nbsp;<\/i><\/b>Solutions novatrices en imagerie m\u00e9dicale.<\/p>\n<\/div><\/div>\n\n\n\n<p>&nbsp;<\/p>\n","protected":false},"excerpt":{"rendered":"<p>Edith DEPOND Cr\u00e9ation La Mor\u00e9taine :&nbsp;V\u00eatements donnant acc\u00e8s \u00e0 un<\/p>\n","protected":false},"author":20,"featured_media":0,"parent":1933,"menu_order":6,"comment_status":"closed","ping_status":"closed","template":"","meta":{"_acf_changed":false,"_monsterinsights_skip_tracking":false,"_monsterinsights_sitenote_active":false,"_monsterinsights_sitenote_note":"","_monsterinsights_sitenote_category":0,"footnotes":""},"class_list":["post-1209","page","type-page","status-publish","hentry"],"acf":[],"yoast_head":"<!-- This site is optimized with the Yoast SEO plugin v27.4 - https:\/\/yoast.com\/product\/yoast-seo-wordpress\/ -->\n<title>Laur\u00e9ats 2017 - R\u00e9seau Entreprendre Seine et Marne<\/title>\n<meta name=\"robots\" content=\"index, follow, max-snippet:-1, max-image-preview:large, max-video-preview:-1\" \/>\n<link rel=\"canonical\" href=\"https:\/\/www.reseau-entreprendre.org\/seine-et-marne\/notre-communaute\/laureats-2017\/\" \/>\n<meta property=\"og:locale\" content=\"fr_FR\" \/>\n<meta property=\"og:type\" content=\"article\" \/>\n<meta property=\"og:title\" content=\"Laur\u00e9ats 2017 - R\u00e9seau Entreprendre Seine et Marne\" \/>\n<meta property=\"og:description\" content=\"Edith DEPOND Cr\u00e9ation La Mor\u00e9taine :&nbsp;V\u00eatements donnant acc\u00e8s \u00e0 un\" \/>\n<meta property=\"og:url\" content=\"https:\/\/www.reseau-entreprendre.org\/seine-et-marne\/notre-communaute\/laureats-2017\/\" \/>\n<meta property=\"og:site_name\" content=\"R\u00e9seau Entreprendre Seine et Marne\" \/>\n<meta property=\"article:publisher\" content=\"https:\/\/www.facebook.com\/RESeineetMarne\/\" \/>\n<meta property=\"article:modified_time\" content=\"2023-01-24T10:43:22+00:00\" \/>\n<meta property=\"og:image\" content=\"https:\/\/www.reseau-entreprendre.org\/seine-et-marne\/wp-content\/uploads\/sites\/20\/2019\/01\/Image1.png\" \/>\n<meta name=\"twitter:card\" content=\"summary_large_image\" \/>\n<meta name=\"twitter:site\" content=\"@RE_SeineetMarne\" \/>\n<meta name=\"twitter:label1\" content=\"Dur\u00e9e de lecture estim\u00e9e\" \/>\n\t<meta name=\"twitter:data1\" content=\"4 minutes\" \/>\n<script type=\"application\/ld+json\" class=\"yoast-schema-graph\">{\"@context\":\"https:\\\/\\\/schema.org\",\"@graph\":[{\"@type\":\"WebPage\",\"@id\":\"https:\\\/\\\/www.reseau-entreprendre.org\\\/seine-et-marne\\\/notre-communaute\\\/laureats-2017\\\/\",\"url\":\"https:\\\/\\\/www.reseau-entreprendre.org\\\/seine-et-marne\\\/notre-communaute\\\/laureats-2017\\\/\",\"name\":\"Laur\u00e9ats 2017 - R\u00e9seau Entreprendre Seine et Marne\",\"isPartOf\":{\"@id\":\"https:\\\/\\\/www.reseau-entreprendre.org\\\/seine-et-marne\\\/#website\"},\"primaryImageOfPage\":{\"@id\":\"https:\\\/\\\/www.reseau-entreprendre.org\\\/seine-et-marne\\\/notre-communaute\\\/laureats-2017\\\/#primaryimage\"},\"image\":{\"@id\":\"https:\\\/\\\/www.reseau-entreprendre.org\\\/seine-et-marne\\\/notre-communaute\\\/laureats-2017\\\/#primaryimage\"},\"thumbnailUrl\":\"https:\\\/\\\/www.reseau-entreprendre.org\\\/seine-et-marne\\\/wp-content\\\/uploads\\\/sites\\\/20\\\/2019\\\/01\\\/Image1.png\",\"datePublished\":\"2019-01-15T09:49:39+00:00\",\"dateModified\":\"2023-01-24T10:43:22+00:00\",\"breadcrumb\":{\"@id\":\"https:\\\/\\\/www.reseau-entreprendre.org\\\/seine-et-marne\\\/notre-communaute\\\/laureats-2017\\\/#breadcrumb\"},\"inLanguage\":\"fr-FR\",\"potentialAction\":[{\"@type\":\"ReadAction\",\"target\":[\"https:\\\/\\\/www.reseau-entreprendre.org\\\/seine-et-marne\\\/notre-communaute\\\/laureats-2017\\\/\"]}]},{\"@type\":\"ImageObject\",\"inLanguage\":\"fr-FR\",\"@id\":\"https:\\\/\\\/www.reseau-entreprendre.org\\\/seine-et-marne\\\/notre-communaute\\\/laureats-2017\\\/#primaryimage\",\"url\":\"https:\\\/\\\/www.reseau-entreprendre.org\\\/seine-et-marne\\\/wp-content\\\/uploads\\\/sites\\\/20\\\/2019\\\/01\\\/Image1.png\",\"contentUrl\":\"https:\\\/\\\/www.reseau-entreprendre.org\\\/seine-et-marne\\\/wp-content\\\/uploads\\\/sites\\\/20\\\/2019\\\/01\\\/Image1.png\",\"width\":69,\"height\":69},{\"@type\":\"BreadcrumbList\",\"@id\":\"https:\\\/\\\/www.reseau-entreprendre.org\\\/seine-et-marne\\\/notre-communaute\\\/laureats-2017\\\/#breadcrumb\",\"itemListElement\":[{\"@type\":\"ListItem\",\"position\":1,\"name\":\"Accueil\",\"item\":\"https:\\\/\\\/www.reseau-entreprendre.org\\\/seine-et-marne\\\/\"},{\"@type\":\"ListItem\",\"position\":2,\"name\":\"Nos Laur\u00e9ats\",\"item\":\"https:\\\/\\\/www.reseau-entreprendre.org\\\/seine-et-marne\\\/notre-communaute\\\/\"},{\"@type\":\"ListItem\",\"position\":3,\"name\":\"Laur\u00e9ats 2017\"}]},{\"@type\":\"WebSite\",\"@id\":\"https:\\\/\\\/www.reseau-entreprendre.org\\\/seine-et-marne\\\/#website\",\"url\":\"https:\\\/\\\/www.reseau-entreprendre.org\\\/seine-et-marne\\\/\",\"name\":\"R\u00e9seau Entreprendre Seine et Marne\",\"description\":\"Un site utilisant Les sites de R\u00e9seau Entreprendre\",\"potentialAction\":[{\"@type\":\"SearchAction\",\"target\":{\"@type\":\"EntryPoint\",\"urlTemplate\":\"https:\\\/\\\/www.reseau-entreprendre.org\\\/seine-et-marne\\\/?s={search_term_string}\"},\"query-input\":{\"@type\":\"PropertyValueSpecification\",\"valueRequired\":true,\"valueName\":\"search_term_string\"}}],\"inLanguage\":\"fr-FR\"}]}<\/script>\n<!-- \/ Yoast SEO plugin. -->","yoast_head_json":{"title":"Laur\u00e9ats 2017 - R\u00e9seau Entreprendre Seine et Marne","robots":{"index":"index","follow":"follow","max-snippet":"max-snippet:-1","max-image-preview":"max-image-preview:large","max-video-preview":"max-video-preview:-1"},"canonical":"https:\/\/www.reseau-entreprendre.org\/seine-et-marne\/notre-communaute\/laureats-2017\/","og_locale":"fr_FR","og_type":"article","og_title":"Laur\u00e9ats 2017 - R\u00e9seau Entreprendre Seine et Marne","og_description":"Edith DEPOND Cr\u00e9ation La Mor\u00e9taine :&nbsp;V\u00eatements donnant acc\u00e8s \u00e0 un","og_url":"https:\/\/www.reseau-entreprendre.org\/seine-et-marne\/notre-communaute\/laureats-2017\/","og_site_name":"R\u00e9seau Entreprendre Seine et Marne","article_publisher":"https:\/\/www.facebook.com\/RESeineetMarne\/","article_modified_time":"2023-01-24T10:43:22+00:00","og_image":[{"url":"https:\/\/www.reseau-entreprendre.org\/seine-et-marne\/wp-content\/uploads\/sites\/20\/2019\/01\/Image1.png","type":"","width":"","height":""}],"twitter_card":"summary_large_image","twitter_site":"@RE_SeineetMarne","twitter_misc":{"Dur\u00e9e de lecture estim\u00e9e":"4 minutes"},"schema":{"@context":"https:\/\/schema.org","@graph":[{"@type":"WebPage","@id":"https:\/\/www.reseau-entreprendre.org\/seine-et-marne\/notre-communaute\/laureats-2017\/","url":"https:\/\/www.reseau-entreprendre.org\/seine-et-marne\/notre-communaute\/laureats-2017\/","name":"Laur\u00e9ats 2017 - R\u00e9seau Entreprendre Seine et Marne","isPartOf":{"@id":"https:\/\/www.reseau-entreprendre.org\/seine-et-marne\/#website"},"primaryImageOfPage":{"@id":"https:\/\/www.reseau-entreprendre.org\/seine-et-marne\/notre-communaute\/laureats-2017\/#primaryimage"},"image":{"@id":"https:\/\/www.reseau-entreprendre.org\/seine-et-marne\/notre-communaute\/laureats-2017\/#primaryimage"},"thumbnailUrl":"https:\/\/www.reseau-entreprendre.org\/seine-et-marne\/wp-content\/uploads\/sites\/20\/2019\/01\/Image1.png","datePublished":"2019-01-15T09:49:39+00:00","dateModified":"2023-01-24T10:43:22+00:00","breadcrumb":{"@id":"https:\/\/www.reseau-entreprendre.org\/seine-et-marne\/notre-communaute\/laureats-2017\/#breadcrumb"},"inLanguage":"fr-FR","potentialAction":[{"@type":"ReadAction","target":["https:\/\/www.reseau-entreprendre.org\/seine-et-marne\/notre-communaute\/laureats-2017\/"]}]},{"@type":"ImageObject","inLanguage":"fr-FR","@id":"https:\/\/www.reseau-entreprendre.org\/seine-et-marne\/notre-communaute\/laureats-2017\/#primaryimage","url":"https:\/\/www.reseau-entreprendre.org\/seine-et-marne\/wp-content\/uploads\/sites\/20\/2019\/01\/Image1.png","contentUrl":"https:\/\/www.reseau-entreprendre.org\/seine-et-marne\/wp-content\/uploads\/sites\/20\/2019\/01\/Image1.png","width":69,"height":69},{"@type":"BreadcrumbList","@id":"https:\/\/www.reseau-entreprendre.org\/seine-et-marne\/notre-communaute\/laureats-2017\/#breadcrumb","itemListElement":[{"@type":"ListItem","position":1,"name":"Accueil","item":"https:\/\/www.reseau-entreprendre.org\/seine-et-marne\/"},{"@type":"ListItem","position":2,"name":"Nos Laur\u00e9ats","item":"https:\/\/www.reseau-entreprendre.org\/seine-et-marne\/notre-communaute\/"},{"@type":"ListItem","position":3,"name":"Laur\u00e9ats 2017"}]},{"@type":"WebSite","@id":"https:\/\/www.reseau-entreprendre.org\/seine-et-marne\/#website","url":"https:\/\/www.reseau-entreprendre.org\/seine-et-marne\/","name":"R\u00e9seau Entreprendre Seine et Marne","description":"Un site utilisant Les sites de R\u00e9seau Entreprendre","potentialAction":[{"@type":"SearchAction","target":{"@type":"EntryPoint","urlTemplate":"https:\/\/www.reseau-entreprendre.org\/seine-et-marne\/?s={search_term_string}"},"query-input":{"@type":"PropertyValueSpecification","valueRequired":true,"valueName":"search_term_string"}}],"inLanguage":"fr-FR"}]}},"_links":{"self":[{"href":"https:\/\/www.reseau-entreprendre.org\/seine-et-marne\/wp-json\/wp\/v2\/pages\/1209","targetHints":{"allow":["GET"]}}],"collection":[{"href":"https:\/\/www.reseau-entreprendre.org\/seine-et-marne\/wp-json\/wp\/v2\/pages"}],"about":[{"href":"https:\/\/www.reseau-entreprendre.org\/seine-et-marne\/wp-json\/wp\/v2\/types\/page"}],"author":[{"embeddable":true,"href":"https:\/\/www.reseau-entreprendre.org\/seine-et-marne\/wp-json\/wp\/v2\/users\/20"}],"replies":[{"embeddable":true,"href":"https:\/\/www.reseau-entreprendre.org\/seine-et-marne\/wp-json\/wp\/v2\/comments?post=1209"}],"version-history":[{"count":0,"href":"https:\/\/www.reseau-entreprendre.org\/seine-et-marne\/wp-json\/wp\/v2\/pages\/1209\/revisions"}],"up":[{"embeddable":true,"href":"https:\/\/www.reseau-entreprendre.org\/seine-et-marne\/wp-json\/wp\/v2\/pages\/1933"}],"wp:attachment":[{"href":"https:\/\/www.reseau-entreprendre.org\/seine-et-marne\/wp-json\/wp\/v2\/media?parent=1209"}],"curies":[{"name":"wp","href":"https:\/\/api.w.org\/{rel}","templated":true}]}}