{"id":13,"date":"2017-04-28T12:33:34","date_gmt":"2017-04-28T10:33:34","guid":{"rendered":"https:\/\/www.reseau-entreprendre.org\/seine-et-marne\/?page_id=13"},"modified":"2021-09-22T15:06:53","modified_gmt":"2021-09-22T13:06:53","slug":"entreprendre","status":"publish","type":"page","link":"https:\/\/www.reseau-entreprendre.org\/seine-et-marne\/entreprendre\/","title":{"rendered":"Entreprendre"},"content":{"rendered":"\n<h2 class=\"wp-block-heading\">Entreprendre<\/h2>\n\n\n\n<h4 class=\"wp-block-heading\">Entrepreneurs, b\u00e9n\u00e9ficiez d&#8217;un accompagnement gratuit de R\u00e9seau Entreprendre Seine &amp; Marne.<\/h4>\n\n\n\n<p>Les entrepreneurs ?<\/p>\n\n\n\n<p>Ce sont des cr\u00e9atifs qui ne manquent pas d&#8217;id\u00e9es.<br>Ce sont des porteurs de projets qui deviennent des chefs d&#8217;entreprise.<br>Ce sont des personnes qui dynamisent le territoire et d\u00e9veloppent l&#8217;\u00e9conomie locale.<br>Ce sont eux qui cr\u00e9ent des emplois.<\/p>\n\n\n\n<p>C&#8217;est pourquoi R\u00e9seau Entreprendre Seine &amp; Marne les accompagne. C&#8217;est 92 % d&#8217;entreprises toujours en activit\u00e9 3 ans apr\u00e8s d\u00e9marrage. C&#8217;est 30 000 emplois cr\u00e9\u00e9s ou maintenus depuis 5 ans. Cette r\u00e9ussite est possible gr\u00e2ce aux chefs d&#8217;entreprise, &nbsp;adh\u00e9rents de l&#8217;association, &nbsp;qui &nbsp;accordent &nbsp;gratuitement plus de 90 000 heures de conseils chaque ann\u00e9e.<\/p>\n\n\n\n<h3 class=\"wp-block-heading\">Faites-vous accompagner :<\/h3>\n\n\n\n<p>Pendant deux ans, les Laur\u00e9ats sont accompagn\u00e9s par un Membre, un chef d\u2019entreprise exp\u00e9riment\u00e9, qu\u2019ils rencontrent une fois par mois. Habit\u00e9 par la passion d&#8217;entreprendre, celui-ci donne de son temps pour partager son exp\u00e9rience.<\/p>\n\n\n\n<div class=\"wp-block-image\"><figure class=\"alignleft\"><img loading=\"lazy\" decoding=\"async\" width=\"300\" height=\"200\" src=\"https:\/\/www.reseau-entreprendre.org\/seine-et-marne\/wp-content\/uploads\/sites\/20\/2017\/04\/Laur\u00e9ats-300x200.jpg\" alt=\"\" class=\"wp-image-451\" srcset=\"https:\/\/www.reseau-entreprendre.org\/seine-et-marne\/wp-content\/uploads\/sites\/20\/2017\/04\/Laur\u00e9ats-300x200.jpg 300w, https:\/\/www.reseau-entreprendre.org\/seine-et-marne\/wp-content\/uploads\/sites\/20\/2017\/04\/Laur\u00e9ats.jpg 500w\" sizes=\"auto, (max-width: 300px) 100vw, 300px\" \/><\/figure><\/div>\n\n\n\n<p>Pendant ces deux ans d\u2019accompagnement, les cr\u00e9ateurs et repreneurs accompagn\u00e9s font partie d\u2019un &#8220;club de Laur\u00e9ats&#8221; qui se r\u00e9unit une fois par mois autour d&#8217;un d\u00e9jeuner. Ils peuvent ainsi \u00e9changer librement entre eux, se conseiller, parler de leurs difficult\u00e9s et de leurs r\u00e9ussites. Lors de ces clubs, des professionnels interviennent pour aborder des th\u00e9matiques importantes concernant le droit, le commercial, les ressources humaines ou encore le bien-\u00eatre (par exemple, la responsabilit\u00e9 p\u00e9nale et civile du chef d\u2019entreprise, l\u2019optimisation de la r\u00e9mun\u00e9ration du dirigeant, le d\u00e9veloppement commercial&#8230;). Les Laur\u00e9ats peuvent en outre participer &nbsp;\u00e0 toutes &nbsp;les &nbsp;rencontres &nbsp;de &nbsp;R\u00e9seau Entreprendre Seine &amp; Marne &nbsp;favorisant &nbsp;la mise &nbsp;en r\u00e9seau aupr\u00e8s de 14 000 chefs d\u2019entreprises.<\/p>\n\n\n\n<p>D\u00e8s qu\u2019un cr\u00e9ateur ou repreneur d\u2019entreprise devient Laur\u00e9at, il obtient un pr\u00eat d\u2019honneur personnel de R\u00e9seau Entreprendre Seine &amp; Marne d\u2019un montant allant&nbsp;de 15 000 \u00e0 50 000 euros (jusqu\u2019\u00e0 100 000 euros pour les projets innovants).<\/p>\n\n\n\n<h3 class=\"wp-block-heading\">Comment devenir Laur\u00e9at ?<\/h3>\n\n\n\n<p>Pour \u00eatre Laur\u00e9at de R\u00e9seau Entreprendre Seine &amp; Marne, il faut r\u00e9pondre \u00e0 plusieurs crit\u00e8res.<\/p>\n\n\n\n<h5 class=\"wp-block-heading\">Les projets de cr\u00e9ation<\/h5>\n\n\n\n<ul class=\"wp-block-list\"><li style=\"text-align: justify;\">Le projet doit \u00eatre celui d&#8217;une future PME (besoin de financement, apport personnel et capital social en cons\u00e9quences)<\/li><li style=\"text-align: justify;\">Le projet doit \u00eatre cr\u00e9ateur d&#8217;emplois : 5 emplois \u00e0 3 ans, comprenant celui du\/des cr\u00e9ateur(s)<\/li><li>Etre immatricul\u00e9 et\/ou cr\u00e9er des emplois en Seine-et-Marne<\/li><\/ul>\n\n\n\n<p>Les projets de cr\u00e9ation sont \u00e9ligibles avant leur cr\u00e9ation juridique et dans leurs deux premi\u00e8res ann\u00e9es de lancement.<\/p>\n\n\n\n<h5 class=\"wp-block-heading\">Les projets de reprise :<\/h5>\n\n\n\n<ul class=\"wp-block-list\"><li>Le management de l&#8217;entreprise reprise doit constituer l&#8217;activit\u00e9 principale du candidat<\/li><li>Le ou les porteurs de projet doivent disposer du contr\u00f4le de l&#8217;entreprise et d\u00e9tenir la majorit\u00e9 dans le capital de la soci\u00e9t\u00e9<\/li><li>Le projet doit maintenir des emplois en Seine-et-Marne (5 emplois minimum)<\/li><\/ul>\n\n\n\n<h5 class=\"wp-block-heading\">Le comit\u00e9 d&#8217;engagement<\/h5>\n\n\n\n<p>Suite \u00e0 l&#8217;envoi du business plan et des \u00e9l\u00e9ments financiers d\u00e9montrant une strat\u00e9gie \u00e9quilibr\u00e9e et viable, une \u00e9tude pouss\u00e9e du projet et du porteur est r\u00e9alis\u00e9e par les Membres. Le candidat pourra ensuite passer devant un&nbsp;comit\u00e9 d\u2019engagement, form\u00e9 de chefs d&#8217;entreprises, o\u00f9 il sera \u00e9lu ou non en tant que Laur\u00e9at de R\u00e9seau Entreprendre Seine &amp; Marne.<\/p>\n\n\n\n<p><strong>Parole d&#8217;un Laur\u00e9at devenu Membre :<\/strong><\/p>\n\n\n\n<div class=\"wp-block-image\"><figure class=\"alignleft\"><img loading=\"lazy\" decoding=\"async\" width=\"200\" height=\"200\" src=\"https:\/\/www.reseau-entreprendre.org\/seine-et-marne\/wp-content\/uploads\/sites\/20\/2017\/04\/COMPAGNON-Thierry.jpg\" alt=\"\" class=\"wp-image-448\" srcset=\"https:\/\/www.reseau-entreprendre.org\/seine-et-marne\/wp-content\/uploads\/sites\/20\/2017\/04\/COMPAGNON-Thierry.jpg 200w, https:\/\/www.reseau-entreprendre.org\/seine-et-marne\/wp-content\/uploads\/sites\/20\/2017\/04\/COMPAGNON-Thierry-150x150.jpg 150w\" sizes=\"auto, (max-width: 200px) 100vw, 200px\" \/><\/figure><\/div>\n\n\n\n<p>&#8220;Le comit\u00e9 d&#8217;engagement reste un moment fort pour tous les Laur\u00e9ats. Confronter son projet \u00e0 une dizaine de chefs d&#8217;entreprise aguerris est un challenge en soi. Avec le recul je m&#8217;en amuse, car il y a beaucoup de bienveillance dans l&#8217;exercice, et le non est toujours dans l&#8217;int\u00e9r\u00eat du porteur de projet.&#8221;<\/p>\n\n\n\n<p>Thierry COMPAGNON, MUG6TEM\/ILLICO CAFE, adh\u00e9rent<\/p>\n","protected":false},"excerpt":{"rendered":"<p>Entreprendre Entrepreneurs, b\u00e9n\u00e9ficiez d&#8217;un accompagnement gratuit de R\u00e9seau Entreprendre Seine<\/p>\n","protected":false},"author":20,"featured_media":0,"parent":0,"menu_order":0,"comment_status":"closed","ping_status":"closed","template":"","meta":{"_acf_changed":false,"_monsterinsights_skip_tracking":false,"_monsterinsights_sitenote_active":false,"_monsterinsights_sitenote_note":"","_monsterinsights_sitenote_category":0,"footnotes":""},"class_list":["post-13","page","type-page","status-publish","hentry"],"acf":[],"yoast_head":"<!-- This site is optimized with the Yoast SEO plugin v27.4 - https:\/\/yoast.com\/product\/yoast-seo-wordpress\/ -->\n<title>Entreprendre | Reseau Entreprendre Seine et Marne<\/title>\n<meta name=\"description\" content=\"Vous avez un projet de cr\u00e9ation d&#039;entreprise ? R\u00e9seau Entreprendre Seine et Marne vous accompagne gratuitement et dans la dur\u00e9e\" \/>\n<meta name=\"robots\" content=\"index, follow, max-snippet:-1, max-image-preview:large, max-video-preview:-1\" \/>\n<link rel=\"canonical\" href=\"https:\/\/www.reseau-entreprendre.org\/seine-et-marne\/entreprendre\/\" \/>\n<meta property=\"og:locale\" content=\"fr_FR\" \/>\n<meta property=\"og:type\" content=\"article\" \/>\n<meta property=\"og:title\" content=\"Entreprendre | Reseau Entreprendre Seine et Marne\" \/>\n<meta property=\"og:description\" content=\"Vous avez un projet de cr\u00e9ation d&#039;entreprise ? R\u00e9seau Entreprendre Seine et Marne vous accompagne gratuitement et dans la dur\u00e9e\" \/>\n<meta property=\"og:url\" content=\"https:\/\/www.reseau-entreprendre.org\/seine-et-marne\/entreprendre\/\" \/>\n<meta property=\"og:site_name\" content=\"R\u00e9seau Entreprendre Seine et Marne\" \/>\n<meta property=\"article:publisher\" content=\"https:\/\/www.facebook.com\/RESeineetMarne\/\" \/>\n<meta property=\"article:modified_time\" content=\"2021-09-22T13:06:53+00:00\" \/>\n<meta property=\"og:image\" content=\"https:\/\/www.reseau-entreprendre.org\/seine-et-marne\/wp-content\/uploads\/sites\/20\/2017\/04\/Laur\u00e9ats-300x200.jpg\" \/>\n<meta name=\"twitter:card\" content=\"summary_large_image\" \/>\n<meta name=\"twitter:site\" content=\"@RE_SeineetMarne\" \/>\n<meta name=\"twitter:label1\" content=\"Dur\u00e9e de lecture estim\u00e9e\" \/>\n\t<meta name=\"twitter:data1\" content=\"3 minutes\" \/>\n<script type=\"application\/ld+json\" class=\"yoast-schema-graph\">{\"@context\":\"https:\\\/\\\/schema.org\",\"@graph\":[{\"@type\":\"WebPage\",\"@id\":\"https:\\\/\\\/www.reseau-entreprendre.org\\\/seine-et-marne\\\/entreprendre\\\/\",\"url\":\"https:\\\/\\\/www.reseau-entreprendre.org\\\/seine-et-marne\\\/entreprendre\\\/\",\"name\":\"Entreprendre | Reseau Entreprendre Seine et Marne\",\"isPartOf\":{\"@id\":\"https:\\\/\\\/www.reseau-entreprendre.org\\\/seine-et-marne\\\/#website\"},\"primaryImageOfPage\":{\"@id\":\"https:\\\/\\\/www.reseau-entreprendre.org\\\/seine-et-marne\\\/entreprendre\\\/#primaryimage\"},\"image\":{\"@id\":\"https:\\\/\\\/www.reseau-entreprendre.org\\\/seine-et-marne\\\/entreprendre\\\/#primaryimage\"},\"thumbnailUrl\":\"https:\\\/\\\/www.reseau-entreprendre.org\\\/seine-et-marne\\\/wp-content\\\/uploads\\\/sites\\\/20\\\/2017\\\/04\\\/COMPAGNON-Thierry.jpg\",\"datePublished\":\"2017-04-28T10:33:34+00:00\",\"dateModified\":\"2021-09-22T13:06:53+00:00\",\"description\":\"Vous avez un projet de cr\u00e9ation d'entreprise ? R\u00e9seau Entreprendre Seine et Marne vous accompagne gratuitement et dans la dur\u00e9e\",\"breadcrumb\":{\"@id\":\"https:\\\/\\\/www.reseau-entreprendre.org\\\/seine-et-marne\\\/entreprendre\\\/#breadcrumb\"},\"inLanguage\":\"fr-FR\",\"potentialAction\":[{\"@type\":\"ReadAction\",\"target\":[\"https:\\\/\\\/www.reseau-entreprendre.org\\\/seine-et-marne\\\/entreprendre\\\/\"]}]},{\"@type\":\"ImageObject\",\"inLanguage\":\"fr-FR\",\"@id\":\"https:\\\/\\\/www.reseau-entreprendre.org\\\/seine-et-marne\\\/entreprendre\\\/#primaryimage\",\"url\":\"https:\\\/\\\/www.reseau-entreprendre.org\\\/seine-et-marne\\\/wp-content\\\/uploads\\\/sites\\\/20\\\/2017\\\/04\\\/COMPAGNON-Thierry.jpg\",\"contentUrl\":\"https:\\\/\\\/www.reseau-entreprendre.org\\\/seine-et-marne\\\/wp-content\\\/uploads\\\/sites\\\/20\\\/2017\\\/04\\\/COMPAGNON-Thierry.jpg\",\"width\":200,\"height\":200},{\"@type\":\"BreadcrumbList\",\"@id\":\"https:\\\/\\\/www.reseau-entreprendre.org\\\/seine-et-marne\\\/entreprendre\\\/#breadcrumb\",\"itemListElement\":[{\"@type\":\"ListItem\",\"position\":1,\"name\":\"Accueil\",\"item\":\"https:\\\/\\\/www.reseau-entreprendre.org\\\/seine-et-marne\\\/\"},{\"@type\":\"ListItem\",\"position\":2,\"name\":\"Entreprendre\"}]},{\"@type\":\"WebSite\",\"@id\":\"https:\\\/\\\/www.reseau-entreprendre.org\\\/seine-et-marne\\\/#website\",\"url\":\"https:\\\/\\\/www.reseau-entreprendre.org\\\/seine-et-marne\\\/\",\"name\":\"R\u00e9seau Entreprendre Seine et Marne\",\"description\":\"Un site utilisant Les sites de R\u00e9seau Entreprendre\",\"potentialAction\":[{\"@type\":\"SearchAction\",\"target\":{\"@type\":\"EntryPoint\",\"urlTemplate\":\"https:\\\/\\\/www.reseau-entreprendre.org\\\/seine-et-marne\\\/?s={search_term_string}\"},\"query-input\":{\"@type\":\"PropertyValueSpecification\",\"valueRequired\":true,\"valueName\":\"search_term_string\"}}],\"inLanguage\":\"fr-FR\"}]}<\/script>\n<!-- \/ Yoast SEO plugin. -->","yoast_head_json":{"title":"Entreprendre | Reseau Entreprendre Seine et Marne","description":"Vous avez un projet de cr\u00e9ation d'entreprise ? R\u00e9seau Entreprendre Seine et Marne vous accompagne gratuitement et dans la dur\u00e9e","robots":{"index":"index","follow":"follow","max-snippet":"max-snippet:-1","max-image-preview":"max-image-preview:large","max-video-preview":"max-video-preview:-1"},"canonical":"https:\/\/www.reseau-entreprendre.org\/seine-et-marne\/entreprendre\/","og_locale":"fr_FR","og_type":"article","og_title":"Entreprendre | Reseau Entreprendre Seine et Marne","og_description":"Vous avez un projet de cr\u00e9ation d'entreprise ? R\u00e9seau Entreprendre Seine et Marne vous accompagne gratuitement et dans la dur\u00e9e","og_url":"https:\/\/www.reseau-entreprendre.org\/seine-et-marne\/entreprendre\/","og_site_name":"R\u00e9seau Entreprendre Seine et Marne","article_publisher":"https:\/\/www.facebook.com\/RESeineetMarne\/","article_modified_time":"2021-09-22T13:06:53+00:00","og_image":[{"url":"https:\/\/www.reseau-entreprendre.org\/seine-et-marne\/wp-content\/uploads\/sites\/20\/2017\/04\/Laur\u00e9ats-300x200.jpg","type":"","width":"","height":""}],"twitter_card":"summary_large_image","twitter_site":"@RE_SeineetMarne","twitter_misc":{"Dur\u00e9e de lecture estim\u00e9e":"3 minutes"},"schema":{"@context":"https:\/\/schema.org","@graph":[{"@type":"WebPage","@id":"https:\/\/www.reseau-entreprendre.org\/seine-et-marne\/entreprendre\/","url":"https:\/\/www.reseau-entreprendre.org\/seine-et-marne\/entreprendre\/","name":"Entreprendre | Reseau Entreprendre Seine et Marne","isPartOf":{"@id":"https:\/\/www.reseau-entreprendre.org\/seine-et-marne\/#website"},"primaryImageOfPage":{"@id":"https:\/\/www.reseau-entreprendre.org\/seine-et-marne\/entreprendre\/#primaryimage"},"image":{"@id":"https:\/\/www.reseau-entreprendre.org\/seine-et-marne\/entreprendre\/#primaryimage"},"thumbnailUrl":"https:\/\/www.reseau-entreprendre.org\/seine-et-marne\/wp-content\/uploads\/sites\/20\/2017\/04\/COMPAGNON-Thierry.jpg","datePublished":"2017-04-28T10:33:34+00:00","dateModified":"2021-09-22T13:06:53+00:00","description":"Vous avez un projet de cr\u00e9ation d'entreprise ? R\u00e9seau Entreprendre Seine et Marne vous accompagne gratuitement et dans la dur\u00e9e","breadcrumb":{"@id":"https:\/\/www.reseau-entreprendre.org\/seine-et-marne\/entreprendre\/#breadcrumb"},"inLanguage":"fr-FR","potentialAction":[{"@type":"ReadAction","target":["https:\/\/www.reseau-entreprendre.org\/seine-et-marne\/entreprendre\/"]}]},{"@type":"ImageObject","inLanguage":"fr-FR","@id":"https:\/\/www.reseau-entreprendre.org\/seine-et-marne\/entreprendre\/#primaryimage","url":"https:\/\/www.reseau-entreprendre.org\/seine-et-marne\/wp-content\/uploads\/sites\/20\/2017\/04\/COMPAGNON-Thierry.jpg","contentUrl":"https:\/\/www.reseau-entreprendre.org\/seine-et-marne\/wp-content\/uploads\/sites\/20\/2017\/04\/COMPAGNON-Thierry.jpg","width":200,"height":200},{"@type":"BreadcrumbList","@id":"https:\/\/www.reseau-entreprendre.org\/seine-et-marne\/entreprendre\/#breadcrumb","itemListElement":[{"@type":"ListItem","position":1,"name":"Accueil","item":"https:\/\/www.reseau-entreprendre.org\/seine-et-marne\/"},{"@type":"ListItem","position":2,"name":"Entreprendre"}]},{"@type":"WebSite","@id":"https:\/\/www.reseau-entreprendre.org\/seine-et-marne\/#website","url":"https:\/\/www.reseau-entreprendre.org\/seine-et-marne\/","name":"R\u00e9seau Entreprendre Seine et Marne","description":"Un site utilisant Les sites de R\u00e9seau Entreprendre","potentialAction":[{"@type":"SearchAction","target":{"@type":"EntryPoint","urlTemplate":"https:\/\/www.reseau-entreprendre.org\/seine-et-marne\/?s={search_term_string}"},"query-input":{"@type":"PropertyValueSpecification","valueRequired":true,"valueName":"search_term_string"}}],"inLanguage":"fr-FR"}]}},"_links":{"self":[{"href":"https:\/\/www.reseau-entreprendre.org\/seine-et-marne\/wp-json\/wp\/v2\/pages\/13","targetHints":{"allow":["GET"]}}],"collection":[{"href":"https:\/\/www.reseau-entreprendre.org\/seine-et-marne\/wp-json\/wp\/v2\/pages"}],"about":[{"href":"https:\/\/www.reseau-entreprendre.org\/seine-et-marne\/wp-json\/wp\/v2\/types\/page"}],"author":[{"embeddable":true,"href":"https:\/\/www.reseau-entreprendre.org\/seine-et-marne\/wp-json\/wp\/v2\/users\/20"}],"replies":[{"embeddable":true,"href":"https:\/\/www.reseau-entreprendre.org\/seine-et-marne\/wp-json\/wp\/v2\/comments?post=13"}],"version-history":[{"count":0,"href":"https:\/\/www.reseau-entreprendre.org\/seine-et-marne\/wp-json\/wp\/v2\/pages\/13\/revisions"}],"wp:attachment":[{"href":"https:\/\/www.reseau-entreprendre.org\/seine-et-marne\/wp-json\/wp\/v2\/media?parent=13"}],"curies":[{"name":"wp","href":"https:\/\/api.w.org\/{rel}","templated":true}]}}