{"id":15,"date":"2017-04-28T12:33:47","date_gmt":"2017-04-28T10:33:47","guid":{"rendered":"https:\/\/www.reseau-entreprendre.org\/seine-et-marne\/?page_id=15"},"modified":"2022-12-02T10:33:04","modified_gmt":"2022-12-02T09:33:04","slug":"accompagner","status":"publish","type":"page","link":"https:\/\/www.reseau-entreprendre.org\/seine-et-marne\/accompagner\/","title":{"rendered":"Adh\u00e9rer"},"content":{"rendered":"\n<h1 class=\"has-re-red-color has-text-color wp-block-heading\"><strong>Adh\u00e9rer<\/strong><\/h1>\n\n\n\n<div style=\"height:30px\" aria-hidden=\"true\" class=\"wp-block-spacer\"><\/div>\n\n\n\n<h2 class=\"has-re-blue-color has-text-color wp-block-heading\"><strong>Rejoignez un r\u00e9seau unique d&#8217;entraide entrepreneuriale.<\/strong><\/h2>\n\n\n\n<div style=\"height:20px\" aria-hidden=\"true\" class=\"wp-block-spacer\"><\/div>\n\n\n\n<ul class=\"wp-block-list\">\n<li>Contribuez au d\u00e9veloppement \u00e9conomique local : validez des projets et accompagnez de nouveaux entrepreneurs sur votre territoire.<\/li>\n\n\n\n<li>Animez, t\u00e9moignez et transmettez votre passion d&#8217;entreprendre.<\/li>\n\n\n\n<li>Grandissez au contact de cr\u00e9ateurs et repreneurs d&#8217;entreprise.<\/li>\n<\/ul>\n\n\n\n<div class=\"wp-block-media-text alignwide is-stacked-on-mobile\"><figure class=\"wp-block-media-text__media\"><img loading=\"lazy\" decoding=\"async\" width=\"500\" height=\"334\" src=\"https:\/\/www.reseau-entreprendre.org\/seine-et-marne\/wp-content\/uploads\/sites\/20\/2017\/06\/Jaccompagne-jaide.jpg\" alt=\"\" class=\"wp-image-436 size-full\" srcset=\"https:\/\/www.reseau-entreprendre.org\/seine-et-marne\/wp-content\/uploads\/sites\/20\/2017\/06\/Jaccompagne-jaide.jpg 500w, https:\/\/www.reseau-entreprendre.org\/seine-et-marne\/wp-content\/uploads\/sites\/20\/2017\/06\/Jaccompagne-jaide-300x200.jpg 300w\" sizes=\"auto, (max-width: 500px) 100vw, 500px\" \/><\/figure><div class=\"wp-block-media-text__content\">\n<p class=\"has-medium-font-size\">Le r\u00f4le de l\u2019association et de ses Membres est d&#8217;accompagner les chefs d&#8217;entreprise laur\u00e9ats.<\/p>\n\n\n\n<p class=\"has-medium-font-size\">C\u2019est pourquoi les Membres sont essentiels pour R\u00e9seau Entreprendre Seine &amp; Marne : Ces chefs d\u2019entreprise exp\u00e9riment\u00e9s\u00a0accomplissent les missions importantes et permettent \u00e0 l&#8217;association de fonctionner.<\/p>\n\n\n\n<p class=\"has-medium-font-size\">Ils sont tous r\u00e9unis autour de la m\u00eame cause\u00a0: agir pour la cr\u00e9ation d\u2019emplois.<\/p>\n<\/div><\/div>\n\n\n\n<hr class=\"wp-block-separator has-text-color has-re-blue-color has-alpha-channel-opacity has-re-blue-background-color has-background is-style-wide\" \/>\n\n\n\n<div style=\"height:30px\" aria-hidden=\"true\" class=\"wp-block-spacer\"><\/div>\n\n\n\n<h2 class=\"has-re-yellow-color has-text-color wp-block-heading\"><strong>Et pourquoi pas vous\u00a0?<\/strong><\/h2>\n\n\n\n<div style=\"height:20px\" aria-hidden=\"true\" class=\"wp-block-spacer\"><\/div>\n\n\n\n<ul class=\"wp-block-list\">\n<li>Participez \u00e0 la s\u00e9lection des projets\u00a0: Rencontrez les porteurs de projet en rendez-vous de validation pr\u00e9-comit\u00e9 et participez aux Comit\u00e9s d\u2019Engagement qui se prononcent sur la viabilit\u00e9 des projets. \u00c9lisez les Laur\u00e9ats R\u00e9seau Entreprendre Seine &amp; Marne.<br>\n<ul class=\"wp-block-list\"><\/ul>\n<\/li>\n\n\n\n<li>Accompagnez les entrepreneurs\u00a0: Accompagnez un Laur\u00e9at pendant 2 ans, intervenez lors d\u2019un Club de Laur\u00e9ats sur votre domaine d\u2019expertise ou participez aux commissions d\u2019entraide entrepreneuriale \u00e0 destination des Laur\u00e9ats et Membres\u00a0: \u00ab\u00a0La Main tendue\u00a0\u00bb.<br><\/li>\n\n\n\n<li>D\u00e9veloppez votre r\u00e9seau\u00a0: Vous \u00eates invit\u00e9s \u00e0 tous les \u00e9v\u00e9nements de l\u2019association (un par mois), comme des visites d\u2019entreprises, des conf\u00e9rences, des d\u00e9jeuners Lunch &amp; R\u00e9seau, des conviviales\u2026 Profitez de l\u2019acc\u00e8s au r\u00e9seau de l\u2019association qui comporte 14\u00a0000 chefs d\u2019entreprise.<br><\/li>\n\n\n\n<li>Soutenez l\u2019association&nbsp;: Faites partie d\u2019une commission de travail sur la vie de l\u2019Association (Communication, Accompagnement, D\u00e9veloppement,\u2026) et soutenez financi\u00e8rement l\u2019Association pour accompagner son d\u00e9veloppement.<\/li>\n<\/ul>\n\n\n\n<p class=\"has-medium-font-size\">Il y a diff\u00e9rentes&nbsp;mani\u00e8res de s\u2019impliquer dans l\u2019association, nous restons ouverts \u00e0 toutes les propositions et toutes les id\u00e9es !<\/p>\n\n\n\n<hr class=\"wp-block-separator has-text-color has-re-yellow-color has-alpha-channel-opacity has-re-yellow-background-color has-background is-style-wide\" \/>\n\n\n\n<div style=\"height:30px\" aria-hidden=\"true\" class=\"wp-block-spacer\"><\/div>\n\n\n\n<h2 class=\"has-re-red-color has-text-color wp-block-heading\"><strong>Adh\u00e9rer, c&#8217;est aussi :<\/strong><\/h2>\n\n\n\n<div style=\"height:20px\" aria-hidden=\"true\" class=\"wp-block-spacer\"><\/div>\n\n\n\n<div class=\"wp-block-group alignwide is-vertical is-layout-flex wp-container-core-group-is-layout-8cf370e7 wp-block-group-is-layout-flex\">\n<div class=\"wp-block-group is-vertical is-content-justification-left is-layout-flex wp-container-core-group-is-layout-c0ca7d81 wp-block-group-is-layout-flex\">\n<p><img loading=\"lazy\" decoding=\"async\" width=\"17\" height=\"14\" class=\"alignnone wp-image-755\" src=\"https:\/\/www.reseau-entreprendre.org\/seine-et-marne\/wp-content\/uploads\/sites\/20\/2017\/04\/Plus.jpg\" alt=\"\"> De rencontres ! Participez \u00e0 nos moments conviviaux, d\u00e9jeuners, d\u00eeners,\u00a0after work&#8230; Rencontrez nos Membres pour\u00a0\u00e9changer et d\u00e9velopper votre r\u00e9seau !<\/p>\n\n\n\n<p><img loading=\"lazy\" decoding=\"async\" width=\"17\" height=\"14\" class=\"alignnone wp-image-755\" src=\"https:\/\/www.reseau-entreprendre.org\/seine-et-marne\/wp-content\/uploads\/sites\/20\/2017\/04\/Plus.jpg\" alt=\"\">\u00a0De partages ! Venez assister\u00a0\u00e0 des conf\u00e9rences de qualit\u00e9 men\u00e9es par nos Membres sur leurs domaines d&#8217;expertise !<\/p>\n\n\n\n<p><img loading=\"lazy\" decoding=\"async\" width=\"17\" height=\"14\" class=\"alignnone wp-image-755\" src=\"https:\/\/www.reseau-entreprendre.org\/seine-et-marne\/wp-content\/uploads\/sites\/20\/2017\/04\/Plus.jpg\" alt=\"\">\u00a0D&#8217;\u00e9changes ! F\u00eatez avec R\u00e9seau Entreprendre Seine &amp; Marne les grands \u00e9v\u00e9nements de l&#8217;ann\u00e9e : participez au d\u00eener festif et \u00e0 la rencontre\u00a0de juin. Assistez \u00e0 la f\u00eate des Laur\u00e9ats qui mets \u00e0 l&#8217;honneur les cr\u00e9ateurs et repreneurs seine-et-marnais !<\/p>\n\n\n\n<p><img loading=\"lazy\" decoding=\"async\" width=\"17\" height=\"14\" class=\"alignnone wp-image-755\" src=\"https:\/\/www.reseau-entreprendre.org\/seine-et-marne\/wp-content\/uploads\/sites\/20\/2017\/04\/Plus.jpg\" alt=\"\">\u00a0D&#8217;opportunit\u00e9s ! Mettez en valeur votre soci\u00e9t\u00e9 en participant \u00e0 nos visites d&#8217;entreprise !<\/p>\n<\/div>\n<\/div>\n\n\n\n<hr class=\"wp-block-separator has-text-color has-re-red-color has-alpha-channel-opacity has-re-red-background-color has-background is-style-wide\" \/>\n\n\n\n<div style=\"height:30px\" aria-hidden=\"true\" class=\"wp-block-spacer\"><\/div>\n\n\n\n<h2 class=\"has-re-blue-color has-text-color wp-block-heading\"><strong>Pourquoi s&#8217;engager avec R\u00e9seau Entreprendre ?<\/strong><\/h2>\n\n\n\n<div style=\"height:20px\" aria-hidden=\"true\" class=\"wp-block-spacer\"><\/div>\n\n\n\n<figure class=\"wp-block-embed aligncenter is-type-video is-provider-youtube wp-block-embed-youtube wp-embed-aspect-16-9 wp-has-aspect-ratio\"><div class=\"wp-block-embed__wrapper\">\n<iframe loading=\"lazy\" title=\"Pourquoi s&#039;engager avec R\u00e9seau Entreprendre ?\" width=\"500\" height=\"281\" src=\"https:\/\/www.youtube.com\/embed\/PgzSz81qvYo?start=4&#038;feature=oembed\" frameborder=\"0\" allow=\"accelerometer; autoplay; clipboard-write; encrypted-media; gyroscope; picture-in-picture; web-share\" referrerpolicy=\"strict-origin-when-cross-origin\" allowfullscreen><\/iframe>\n<\/div><\/figure>\n\n\n\n<hr class=\"wp-block-separator aligncenter has-text-color has-re-blue-color has-alpha-channel-opacity has-re-blue-background-color has-background is-style-wide\" \/>\n","protected":false},"excerpt":{"rendered":"<p>Adh\u00e9rer Rejoignez un r\u00e9seau unique d&#8217;entraide entrepreneuriale. Le r\u00f4le de<\/p>\n","protected":false},"author":20,"featured_media":0,"parent":0,"menu_order":0,"comment_status":"closed","ping_status":"closed","template":"","meta":{"_acf_changed":false,"_monsterinsights_skip_tracking":false,"_monsterinsights_sitenote_active":false,"_monsterinsights_sitenote_note":"","_monsterinsights_sitenote_category":0,"footnotes":""},"class_list":["post-15","page","type-page","status-publish","hentry"],"acf":[],"yoast_head":"<!-- This site is optimized with the Yoast SEO plugin v27.4 - https:\/\/yoast.com\/product\/yoast-seo-wordpress\/ -->\n<title>Accompagner| Reseau Entreprendre Seine &amp; Marne<\/title>\n<meta name=\"description\" content=\"Vous \u00eates chef d&#039;entreprise et souhaitez accompagner de nouveaux entrepreneurs ? Devenez membre b\u00e9n\u00e9vole de R\u00e9seau Entreprendre Seine et Marne !\" \/>\n<meta name=\"robots\" content=\"index, follow, max-snippet:-1, max-image-preview:large, max-video-preview:-1\" \/>\n<link rel=\"canonical\" href=\"https:\/\/www.reseau-entreprendre.org\/seine-et-marne\/accompagner\/\" \/>\n<meta property=\"og:locale\" content=\"fr_FR\" \/>\n<meta property=\"og:type\" content=\"article\" \/>\n<meta property=\"og:title\" content=\"Accompagner| Reseau Entreprendre Seine &amp; Marne\" \/>\n<meta property=\"og:description\" content=\"Vous \u00eates chef d&#039;entreprise et souhaitez accompagner de nouveaux entrepreneurs ? Devenez membre b\u00e9n\u00e9vole de R\u00e9seau Entreprendre Seine et Marne !\" \/>\n<meta property=\"og:url\" content=\"https:\/\/www.reseau-entreprendre.org\/seine-et-marne\/accompagner\/\" \/>\n<meta property=\"og:site_name\" content=\"R\u00e9seau Entreprendre Seine et Marne\" \/>\n<meta property=\"article:publisher\" content=\"https:\/\/www.facebook.com\/RESeineetMarne\/\" \/>\n<meta property=\"article:modified_time\" content=\"2022-12-02T09:33:04+00:00\" \/>\n<meta property=\"og:image\" content=\"https:\/\/www.reseau-entreprendre.org\/seine-et-marne\/wp-content\/uploads\/sites\/20\/2017\/06\/Jaccompagne-jaide.jpg\" \/>\n<meta name=\"twitter:card\" content=\"summary_large_image\" \/>\n<meta name=\"twitter:site\" content=\"@RE_SeineetMarne\" \/>\n<meta name=\"twitter:label1\" content=\"Dur\u00e9e de lecture estim\u00e9e\" \/>\n\t<meta name=\"twitter:data1\" content=\"3 minutes\" \/>\n<script type=\"application\/ld+json\" class=\"yoast-schema-graph\">{\"@context\":\"https:\\\/\\\/schema.org\",\"@graph\":[{\"@type\":\"WebPage\",\"@id\":\"https:\\\/\\\/www.reseau-entreprendre.org\\\/seine-et-marne\\\/accompagner\\\/\",\"url\":\"https:\\\/\\\/www.reseau-entreprendre.org\\\/seine-et-marne\\\/accompagner\\\/\",\"name\":\"Accompagner| Reseau Entreprendre Seine & Marne\",\"isPartOf\":{\"@id\":\"https:\\\/\\\/www.reseau-entreprendre.org\\\/seine-et-marne\\\/#website\"},\"primaryImageOfPage\":{\"@id\":\"https:\\\/\\\/www.reseau-entreprendre.org\\\/seine-et-marne\\\/accompagner\\\/#primaryimage\"},\"image\":{\"@id\":\"https:\\\/\\\/www.reseau-entreprendre.org\\\/seine-et-marne\\\/accompagner\\\/#primaryimage\"},\"thumbnailUrl\":\"https:\\\/\\\/www.reseau-entreprendre.org\\\/seine-et-marne\\\/wp-content\\\/uploads\\\/sites\\\/20\\\/2017\\\/06\\\/Jaccompagne-jaide.jpg\",\"datePublished\":\"2017-04-28T10:33:47+00:00\",\"dateModified\":\"2022-12-02T09:33:04+00:00\",\"description\":\"Vous \u00eates chef d'entreprise et souhaitez accompagner de nouveaux entrepreneurs ? Devenez membre b\u00e9n\u00e9vole de R\u00e9seau Entreprendre Seine et Marne !\",\"breadcrumb\":{\"@id\":\"https:\\\/\\\/www.reseau-entreprendre.org\\\/seine-et-marne\\\/accompagner\\\/#breadcrumb\"},\"inLanguage\":\"fr-FR\",\"potentialAction\":[{\"@type\":\"ReadAction\",\"target\":[\"https:\\\/\\\/www.reseau-entreprendre.org\\\/seine-et-marne\\\/accompagner\\\/\"]}]},{\"@type\":\"ImageObject\",\"inLanguage\":\"fr-FR\",\"@id\":\"https:\\\/\\\/www.reseau-entreprendre.org\\\/seine-et-marne\\\/accompagner\\\/#primaryimage\",\"url\":\"https:\\\/\\\/www.reseau-entreprendre.org\\\/seine-et-marne\\\/wp-content\\\/uploads\\\/sites\\\/20\\\/2017\\\/06\\\/Jaccompagne-jaide.jpg\",\"contentUrl\":\"https:\\\/\\\/www.reseau-entreprendre.org\\\/seine-et-marne\\\/wp-content\\\/uploads\\\/sites\\\/20\\\/2017\\\/06\\\/Jaccompagne-jaide.jpg\",\"width\":500,\"height\":334},{\"@type\":\"BreadcrumbList\",\"@id\":\"https:\\\/\\\/www.reseau-entreprendre.org\\\/seine-et-marne\\\/accompagner\\\/#breadcrumb\",\"itemListElement\":[{\"@type\":\"ListItem\",\"position\":1,\"name\":\"Accueil\",\"item\":\"https:\\\/\\\/www.reseau-entreprendre.org\\\/seine-et-marne\\\/\"},{\"@type\":\"ListItem\",\"position\":2,\"name\":\"Adh\u00e9rer\"}]},{\"@type\":\"WebSite\",\"@id\":\"https:\\\/\\\/www.reseau-entreprendre.org\\\/seine-et-marne\\\/#website\",\"url\":\"https:\\\/\\\/www.reseau-entreprendre.org\\\/seine-et-marne\\\/\",\"name\":\"R\u00e9seau Entreprendre Seine et Marne\",\"description\":\"Un site utilisant Les sites de R\u00e9seau Entreprendre\",\"potentialAction\":[{\"@type\":\"SearchAction\",\"target\":{\"@type\":\"EntryPoint\",\"urlTemplate\":\"https:\\\/\\\/www.reseau-entreprendre.org\\\/seine-et-marne\\\/?s={search_term_string}\"},\"query-input\":{\"@type\":\"PropertyValueSpecification\",\"valueRequired\":true,\"valueName\":\"search_term_string\"}}],\"inLanguage\":\"fr-FR\"}]}<\/script>\n<!-- \/ Yoast SEO plugin. -->","yoast_head_json":{"title":"Accompagner| Reseau Entreprendre Seine & Marne","description":"Vous \u00eates chef d'entreprise et souhaitez accompagner de nouveaux entrepreneurs ? Devenez membre b\u00e9n\u00e9vole de R\u00e9seau Entreprendre Seine et Marne !","robots":{"index":"index","follow":"follow","max-snippet":"max-snippet:-1","max-image-preview":"max-image-preview:large","max-video-preview":"max-video-preview:-1"},"canonical":"https:\/\/www.reseau-entreprendre.org\/seine-et-marne\/accompagner\/","og_locale":"fr_FR","og_type":"article","og_title":"Accompagner| Reseau Entreprendre Seine & Marne","og_description":"Vous \u00eates chef d'entreprise et souhaitez accompagner de nouveaux entrepreneurs ? Devenez membre b\u00e9n\u00e9vole de R\u00e9seau Entreprendre Seine et Marne !","og_url":"https:\/\/www.reseau-entreprendre.org\/seine-et-marne\/accompagner\/","og_site_name":"R\u00e9seau Entreprendre Seine et Marne","article_publisher":"https:\/\/www.facebook.com\/RESeineetMarne\/","article_modified_time":"2022-12-02T09:33:04+00:00","og_image":[{"url":"https:\/\/www.reseau-entreprendre.org\/seine-et-marne\/wp-content\/uploads\/sites\/20\/2017\/06\/Jaccompagne-jaide.jpg","type":"","width":"","height":""}],"twitter_card":"summary_large_image","twitter_site":"@RE_SeineetMarne","twitter_misc":{"Dur\u00e9e de lecture estim\u00e9e":"3 minutes"},"schema":{"@context":"https:\/\/schema.org","@graph":[{"@type":"WebPage","@id":"https:\/\/www.reseau-entreprendre.org\/seine-et-marne\/accompagner\/","url":"https:\/\/www.reseau-entreprendre.org\/seine-et-marne\/accompagner\/","name":"Accompagner| Reseau Entreprendre Seine & Marne","isPartOf":{"@id":"https:\/\/www.reseau-entreprendre.org\/seine-et-marne\/#website"},"primaryImageOfPage":{"@id":"https:\/\/www.reseau-entreprendre.org\/seine-et-marne\/accompagner\/#primaryimage"},"image":{"@id":"https:\/\/www.reseau-entreprendre.org\/seine-et-marne\/accompagner\/#primaryimage"},"thumbnailUrl":"https:\/\/www.reseau-entreprendre.org\/seine-et-marne\/wp-content\/uploads\/sites\/20\/2017\/06\/Jaccompagne-jaide.jpg","datePublished":"2017-04-28T10:33:47+00:00","dateModified":"2022-12-02T09:33:04+00:00","description":"Vous \u00eates chef d'entreprise et souhaitez accompagner de nouveaux entrepreneurs ? Devenez membre b\u00e9n\u00e9vole de R\u00e9seau Entreprendre Seine et Marne !","breadcrumb":{"@id":"https:\/\/www.reseau-entreprendre.org\/seine-et-marne\/accompagner\/#breadcrumb"},"inLanguage":"fr-FR","potentialAction":[{"@type":"ReadAction","target":["https:\/\/www.reseau-entreprendre.org\/seine-et-marne\/accompagner\/"]}]},{"@type":"ImageObject","inLanguage":"fr-FR","@id":"https:\/\/www.reseau-entreprendre.org\/seine-et-marne\/accompagner\/#primaryimage","url":"https:\/\/www.reseau-entreprendre.org\/seine-et-marne\/wp-content\/uploads\/sites\/20\/2017\/06\/Jaccompagne-jaide.jpg","contentUrl":"https:\/\/www.reseau-entreprendre.org\/seine-et-marne\/wp-content\/uploads\/sites\/20\/2017\/06\/Jaccompagne-jaide.jpg","width":500,"height":334},{"@type":"BreadcrumbList","@id":"https:\/\/www.reseau-entreprendre.org\/seine-et-marne\/accompagner\/#breadcrumb","itemListElement":[{"@type":"ListItem","position":1,"name":"Accueil","item":"https:\/\/www.reseau-entreprendre.org\/seine-et-marne\/"},{"@type":"ListItem","position":2,"name":"Adh\u00e9rer"}]},{"@type":"WebSite","@id":"https:\/\/www.reseau-entreprendre.org\/seine-et-marne\/#website","url":"https:\/\/www.reseau-entreprendre.org\/seine-et-marne\/","name":"R\u00e9seau Entreprendre Seine et Marne","description":"Un site utilisant Les sites de R\u00e9seau Entreprendre","potentialAction":[{"@type":"SearchAction","target":{"@type":"EntryPoint","urlTemplate":"https:\/\/www.reseau-entreprendre.org\/seine-et-marne\/?s={search_term_string}"},"query-input":{"@type":"PropertyValueSpecification","valueRequired":true,"valueName":"search_term_string"}}],"inLanguage":"fr-FR"}]}},"_links":{"self":[{"href":"https:\/\/www.reseau-entreprendre.org\/seine-et-marne\/wp-json\/wp\/v2\/pages\/15","targetHints":{"allow":["GET"]}}],"collection":[{"href":"https:\/\/www.reseau-entreprendre.org\/seine-et-marne\/wp-json\/wp\/v2\/pages"}],"about":[{"href":"https:\/\/www.reseau-entreprendre.org\/seine-et-marne\/wp-json\/wp\/v2\/types\/page"}],"author":[{"embeddable":true,"href":"https:\/\/www.reseau-entreprendre.org\/seine-et-marne\/wp-json\/wp\/v2\/users\/20"}],"replies":[{"embeddable":true,"href":"https:\/\/www.reseau-entreprendre.org\/seine-et-marne\/wp-json\/wp\/v2\/comments?post=15"}],"version-history":[{"count":0,"href":"https:\/\/www.reseau-entreprendre.org\/seine-et-marne\/wp-json\/wp\/v2\/pages\/15\/revisions"}],"wp:attachment":[{"href":"https:\/\/www.reseau-entreprendre.org\/seine-et-marne\/wp-json\/wp\/v2\/media?parent=15"}],"curies":[{"name":"wp","href":"https:\/\/api.w.org\/{rel}","templated":true}]}}