{"id":1732,"date":"2020-03-03T15:58:16","date_gmt":"2020-03-03T14:58:16","guid":{"rendered":"https:\/\/www.reseau-entreprendre.org\/seine-et-marne\/?page_id=1732"},"modified":"2020-07-21T12:42:04","modified_gmt":"2020-07-21T10:42:04","slug":"calendrier-2020","status":"publish","type":"page","link":"https:\/\/www.reseau-entreprendre.org\/seine-et-marne\/accueil-2\/calendrier-2020\/","title":{"rendered":"Calendrier"},"content":{"rendered":"<div class=\"mec-wrap mec-skin-list-container  \" id=\"mec_skin_938\">\r\n\r\n    \r\n        <div class=\"mec-skin-list-events-container\" id=\"mec_skin_events_938\">\r\n        Aucun \u00e9v\u00e9nement trouv\u00e9 !    <\/div>\r\n    \r\n    \r\n<\/div>\r\n\n","protected":false},"excerpt":{"rendered":"","protected":false},"author":20,"featured_media":0,"parent":45,"menu_order":0,"comment_status":"closed","ping_status":"closed","template":"","meta":{"_acf_changed":false,"_monsterinsights_skip_tracking":false,"_monsterinsights_sitenote_active":false,"_monsterinsights_sitenote_note":"","_monsterinsights_sitenote_category":0,"footnotes":""},"class_list":["post-1732","page","type-page","status-publish","hentry"],"acf":[],"yoast_head":"<!-- This site is optimized with the Yoast SEO plugin v27.4 - https:\/\/yoast.com\/product\/yoast-seo-wordpress\/ -->\n<title>Calendrier - R\u00e9seau Entreprendre Seine et Marne<\/title>\n<meta name=\"robots\" content=\"index, follow, max-snippet:-1, max-image-preview:large, max-video-preview:-1\" \/>\n<link rel=\"canonical\" href=\"https:\/\/www.reseau-entreprendre.org\/seine-et-marne\/accueil-2\/calendrier-2020\/\" \/>\n<meta property=\"og:locale\" content=\"fr_FR\" \/>\n<meta property=\"og:type\" content=\"article\" \/>\n<meta property=\"og:title\" content=\"Calendrier - R\u00e9seau Entreprendre Seine et Marne\" \/>\n<meta property=\"og:url\" content=\"https:\/\/www.reseau-entreprendre.org\/seine-et-marne\/accueil-2\/calendrier-2020\/\" \/>\n<meta property=\"og:site_name\" content=\"R\u00e9seau Entreprendre Seine et Marne\" \/>\n<meta property=\"article:publisher\" content=\"https:\/\/www.facebook.com\/RESeineetMarne\/\" \/>\n<meta property=\"article:modified_time\" content=\"2020-07-21T10:42:04+00:00\" \/>\n<meta name=\"twitter:card\" content=\"summary_large_image\" \/>\n<meta name=\"twitter:site\" content=\"@RE_SeineetMarne\" \/>\n<script type=\"application\/ld+json\" class=\"yoast-schema-graph\">{\"@context\":\"https:\\\/\\\/schema.org\",\"@graph\":[{\"@type\":\"WebPage\",\"@id\":\"https:\\\/\\\/www.reseau-entreprendre.org\\\/seine-et-marne\\\/accueil-2\\\/calendrier-2020\\\/\",\"url\":\"https:\\\/\\\/www.reseau-entreprendre.org\\\/seine-et-marne\\\/accueil-2\\\/calendrier-2020\\\/\",\"name\":\"Calendrier - R\u00e9seau Entreprendre Seine et Marne\",\"isPartOf\":{\"@id\":\"https:\\\/\\\/www.reseau-entreprendre.org\\\/seine-et-marne\\\/#website\"},\"datePublished\":\"2020-03-03T14:58:16+00:00\",\"dateModified\":\"2020-07-21T10:42:04+00:00\",\"breadcrumb\":{\"@id\":\"https:\\\/\\\/www.reseau-entreprendre.org\\\/seine-et-marne\\\/accueil-2\\\/calendrier-2020\\\/#breadcrumb\"},\"inLanguage\":\"fr-FR\",\"potentialAction\":[{\"@type\":\"ReadAction\",\"target\":[\"https:\\\/\\\/www.reseau-entreprendre.org\\\/seine-et-marne\\\/accueil-2\\\/calendrier-2020\\\/\"]}]},{\"@type\":\"BreadcrumbList\",\"@id\":\"https:\\\/\\\/www.reseau-entreprendre.org\\\/seine-et-marne\\\/accueil-2\\\/calendrier-2020\\\/#breadcrumb\",\"itemListElement\":[{\"@type\":\"ListItem\",\"position\":1,\"name\":\"Accueil\",\"item\":\"https:\\\/\\\/www.reseau-entreprendre.org\\\/seine-et-marne\\\/\"},{\"@type\":\"ListItem\",\"position\":2,\"name\":\"Accueil\",\"item\":\"https:\\\/\\\/www.reseau-entreprendre.org\\\/seine-et-marne\\\/\"},{\"@type\":\"ListItem\",\"position\":3,\"name\":\"Calendrier\"}]},{\"@type\":\"WebSite\",\"@id\":\"https:\\\/\\\/www.reseau-entreprendre.org\\\/seine-et-marne\\\/#website\",\"url\":\"https:\\\/\\\/www.reseau-entreprendre.org\\\/seine-et-marne\\\/\",\"name\":\"R\u00e9seau Entreprendre Seine et Marne\",\"description\":\"Un site utilisant Les sites de R\u00e9seau Entreprendre\",\"potentialAction\":[{\"@type\":\"SearchAction\",\"target\":{\"@type\":\"EntryPoint\",\"urlTemplate\":\"https:\\\/\\\/www.reseau-entreprendre.org\\\/seine-et-marne\\\/?s={search_term_string}\"},\"query-input\":{\"@type\":\"PropertyValueSpecification\",\"valueRequired\":true,\"valueName\":\"search_term_string\"}}],\"inLanguage\":\"fr-FR\"}]}<\/script>\n<!-- \/ Yoast SEO plugin. -->","yoast_head_json":{"title":"Calendrier - R\u00e9seau Entreprendre Seine et Marne","robots":{"index":"index","follow":"follow","max-snippet":"max-snippet:-1","max-image-preview":"max-image-preview:large","max-video-preview":"max-video-preview:-1"},"canonical":"https:\/\/www.reseau-entreprendre.org\/seine-et-marne\/accueil-2\/calendrier-2020\/","og_locale":"fr_FR","og_type":"article","og_title":"Calendrier - R\u00e9seau Entreprendre Seine et Marne","og_url":"https:\/\/www.reseau-entreprendre.org\/seine-et-marne\/accueil-2\/calendrier-2020\/","og_site_name":"R\u00e9seau Entreprendre Seine et Marne","article_publisher":"https:\/\/www.facebook.com\/RESeineetMarne\/","article_modified_time":"2020-07-21T10:42:04+00:00","twitter_card":"summary_large_image","twitter_site":"@RE_SeineetMarne","schema":{"@context":"https:\/\/schema.org","@graph":[{"@type":"WebPage","@id":"https:\/\/www.reseau-entreprendre.org\/seine-et-marne\/accueil-2\/calendrier-2020\/","url":"https:\/\/www.reseau-entreprendre.org\/seine-et-marne\/accueil-2\/calendrier-2020\/","name":"Calendrier - R\u00e9seau Entreprendre Seine et Marne","isPartOf":{"@id":"https:\/\/www.reseau-entreprendre.org\/seine-et-marne\/#website"},"datePublished":"2020-03-03T14:58:16+00:00","dateModified":"2020-07-21T10:42:04+00:00","breadcrumb":{"@id":"https:\/\/www.reseau-entreprendre.org\/seine-et-marne\/accueil-2\/calendrier-2020\/#breadcrumb"},"inLanguage":"fr-FR","potentialAction":[{"@type":"ReadAction","target":["https:\/\/www.reseau-entreprendre.org\/seine-et-marne\/accueil-2\/calendrier-2020\/"]}]},{"@type":"BreadcrumbList","@id":"https:\/\/www.reseau-entreprendre.org\/seine-et-marne\/accueil-2\/calendrier-2020\/#breadcrumb","itemListElement":[{"@type":"ListItem","position":1,"name":"Accueil","item":"https:\/\/www.reseau-entreprendre.org\/seine-et-marne\/"},{"@type":"ListItem","position":2,"name":"Accueil","item":"https:\/\/www.reseau-entreprendre.org\/seine-et-marne\/"},{"@type":"ListItem","position":3,"name":"Calendrier"}]},{"@type":"WebSite","@id":"https:\/\/www.reseau-entreprendre.org\/seine-et-marne\/#website","url":"https:\/\/www.reseau-entreprendre.org\/seine-et-marne\/","name":"R\u00e9seau Entreprendre Seine et Marne","description":"Un site utilisant Les sites de R\u00e9seau Entreprendre","potentialAction":[{"@type":"SearchAction","target":{"@type":"EntryPoint","urlTemplate":"https:\/\/www.reseau-entreprendre.org\/seine-et-marne\/?s={search_term_string}"},"query-input":{"@type":"PropertyValueSpecification","valueRequired":true,"valueName":"search_term_string"}}],"inLanguage":"fr-FR"}]}},"_links":{"self":[{"href":"https:\/\/www.reseau-entreprendre.org\/seine-et-marne\/wp-json\/wp\/v2\/pages\/1732","targetHints":{"allow":["GET"]}}],"collection":[{"href":"https:\/\/www.reseau-entreprendre.org\/seine-et-marne\/wp-json\/wp\/v2\/pages"}],"about":[{"href":"https:\/\/www.reseau-entreprendre.org\/seine-et-marne\/wp-json\/wp\/v2\/types\/page"}],"author":[{"embeddable":true,"href":"https:\/\/www.reseau-entreprendre.org\/seine-et-marne\/wp-json\/wp\/v2\/users\/20"}],"replies":[{"embeddable":true,"href":"https:\/\/www.reseau-entreprendre.org\/seine-et-marne\/wp-json\/wp\/v2\/comments?post=1732"}],"version-history":[{"count":0,"href":"https:\/\/www.reseau-entreprendre.org\/seine-et-marne\/wp-json\/wp\/v2\/pages\/1732\/revisions"}],"up":[{"embeddable":true,"href":"https:\/\/www.reseau-entreprendre.org\/seine-et-marne\/wp-json\/wp\/v2\/pages\/45"}],"wp:attachment":[{"href":"https:\/\/www.reseau-entreprendre.org\/seine-et-marne\/wp-json\/wp\/v2\/media?parent=1732"}],"curies":[{"name":"wp","href":"https:\/\/api.w.org\/{rel}","templated":true}]}}