{"id":13,"date":"2017-04-28T12:33:34","date_gmt":"2017-04-28T10:33:34","guid":{"rendered":"http:\/\/re-preprod-entreprendre.fr\/tarn\/?page_id=13"},"modified":"2025-06-05T15:58:43","modified_gmt":"2025-06-05T13:58:43","slug":"entreprendre","status":"publish","type":"page","link":"https:\/\/www.reseau-entreprendre.org\/tarn\/entreprendre\/","title":{"rendered":"Entreprendre"},"content":{"rendered":"\n<h2 class=\"wp-block-heading has-re-red-color has-text-color has-link-color wp-elements-b44a0d2c78a087cc75e7384737c2c1f1\"><strong>Notre accompagnement <\/strong><\/h2>\n\n\n\n<div style=\"height:50px\" aria-hidden=\"true\" class=\"wp-block-spacer\"><\/div>\n\n\n\n<p class=\"has-medium-font-size\">Chez R\u00e9seau Entreprendre\u00ae Tarn Aveyron, nous croyons que la r\u00e9ussite d\u2019un entrepreneur ne repose pas uniquement sur un financement, mais sur un v\u00e9ritable accompagnement humain et structur\u00e9.<\/p>\n\n\n\n<p class=\"has-medium-font-size\"><strong>Chaque entrepreneur b\u00e9n\u00e9ficie d&#8217;un : <\/strong><\/p>\n\n\n\n<div style=\"height:40px\" aria-hidden=\"true\" class=\"wp-block-spacer\"><\/div>\n\n\n\n<div class=\"wp-block-columns has-background is-layout-flex wp-container-core-columns-is-layout-9d6595d7 wp-block-columns-is-layout-flex\" style=\"background-color:#f3f3f3\">\n<div class=\"wp-block-column is-layout-flow wp-block-column-is-layout-flow\">\n<div class=\"wp-block-columns is-layout-flex wp-container-core-columns-is-layout-9d6595d7 wp-block-columns-is-layout-flex\">\n<div class=\"wp-block-column is-layout-flow wp-block-column-is-layout-flow\">\n<div style=\"height:20px\" aria-hidden=\"true\" class=\"wp-block-spacer\"><\/div>\n\n\n\n<h3 class=\"wp-block-heading has-text-align-center has-re-blue-color has-text-color has-link-color has-medium-font-size wp-elements-61970abb00faf5b7385e173cc4516da2\"><strong>Accompagnement individuel et collectif<\/strong><\/h3>\n<\/div>\n\n\n\n<div class=\"wp-block-column is-layout-flow wp-block-column-is-layout-flow\">\n<div style=\"height:40px\" aria-hidden=\"true\" class=\"wp-block-spacer\"><\/div>\n\n\n\n<h3 class=\"wp-block-heading has-text-align-center has-re-yellow-color has-text-color has-link-color has-medium-font-size wp-elements-d85d0b1ac81b5390ceac6a7783f2d284\"><strong>Parcours sur-mesure<\/strong><\/h3>\n\n\n\n<div style=\"height:10px\" aria-hidden=\"true\" class=\"wp-block-spacer\"><\/div>\n<\/div>\n<\/div>\n<\/div>\n\n\n\n<div class=\"wp-block-column is-vertically-aligned-center is-layout-flow wp-block-column-is-layout-flow\">\n<div class=\"wp-block-columns is-layout-flex wp-container-core-columns-is-layout-9d6595d7 wp-block-columns-is-layout-flex\">\n<div class=\"wp-block-column is-layout-flow wp-block-column-is-layout-flow\">\n<div style=\"height:50px\" aria-hidden=\"true\" class=\"wp-block-spacer\"><\/div>\n\n\n\n<h3 class=\"wp-block-heading has-text-align-center has-re-red-color has-text-color has-link-color has-medium-font-size wp-elements-884dbcf43ea5422725d678d6e5c7514a\"><strong>Financement<\/strong><\/h3>\n\n\n\n<div style=\"height:10px\" aria-hidden=\"true\" class=\"wp-block-spacer\"><\/div>\n<\/div>\n\n\n\n<div class=\"wp-block-column is-layout-flow wp-block-column-is-layout-flow\">\n<div style=\"height:20px\" aria-hidden=\"true\" class=\"wp-block-spacer\"><\/div>\n\n\n\n<h3 class=\"wp-block-heading has-text-align-center has-re-blue-color has-text-color has-link-color has-medium-font-size wp-elements-5396bf45b4c6929d9b4154f7d39bb8fa\"><strong>R\u00e9seau local, national et international<\/strong><\/h3>\n<\/div>\n<\/div>\n<\/div>\n<\/div>\n\n\n\n<h4 class=\"wp-block-heading has-text-align-center\"><strong>Notre moteur :  Vaincre la solitude du dirigeant.<\/strong><\/h4>\n\n\n\n<div style=\"height:40px\" aria-hidden=\"true\" class=\"wp-block-spacer\"><\/div>\n\n\n\n<p class=\"has-text-align-center has-medium-font-size\">R\u00e9seau Entreprendre\u00ae Tarn Aveyron <strong>propose des programmes vari\u00e9s<\/strong> pour accompagner les porteurs de projets <strong>en fonction de leurs besoins <\/strong>sp\u00e9cifiques.<\/p>\n\n\n\n<p class=\"has-text-align-center has-medium-font-size\">Que ce soit pour la cr\u00e9ation, la reprise, le d\u00e9veloppement ou la sauvegarde d&#8217;une entreprise en difficult\u00e9, ces dispositifs sont con\u00e7us pour offrir un soutien personnalis\u00e9 \u00e0 chaque \u00e9tape du parcours entrepreneurial.<\/p>\n\n\n\n<div style=\"height:40px\" aria-hidden=\"true\" class=\"wp-block-spacer\"><\/div>\n\n\n\n<h2 class=\"wp-block-heading has-re-blue-color has-text-color has-link-color wp-elements-da6b9f3c171be744a19863c0362f9b89\"><strong>Notre parcours d&#8217;accompagnement :<\/strong><\/h2>\n\n\n\n<div style=\"height:20px\" aria-hidden=\"true\" class=\"wp-block-spacer\"><\/div>\n\n\n<div class=\"wp-block-image\">\n<figure class=\"aligncenter size-full\"><img loading=\"lazy\" decoding=\"async\" width=\"644\" height=\"459\" src=\"https:\/\/www.reseau-entreprendre.org\/tarn\/wp-content\/uploads\/sites\/26\/2025\/05\/parcours-accompagnement.png\" alt=\"\" class=\"wp-image-2523\" srcset=\"https:\/\/www.reseau-entreprendre.org\/tarn\/wp-content\/uploads\/sites\/26\/2025\/05\/parcours-accompagnement.png 644w, https:\/\/www.reseau-entreprendre.org\/tarn\/wp-content\/uploads\/sites\/26\/2025\/05\/parcours-accompagnement-300x214.png 300w, https:\/\/www.reseau-entreprendre.org\/tarn\/wp-content\/uploads\/sites\/26\/2025\/05\/parcours-accompagnement-182x130.png 182w, https:\/\/www.reseau-entreprendre.org\/tarn\/wp-content\/uploads\/sites\/26\/2025\/05\/parcours-accompagnement-100x71.png 100w\" sizes=\"auto, (max-width: 644px) 100vw, 644px\" \/><\/figure>\n<\/div>\n\n\n<div style=\"height:40px\" aria-hidden=\"true\" class=\"wp-block-spacer\"><\/div>\n\n\n\n<h2 class=\"wp-block-heading has-re-yellow-color has-text-color has-link-color wp-elements-4debe8d6d7c3a099e7330ac865f4f398\"><strong>Nos 3 programmes d&#8217;accompagnement <\/strong><\/h2>\n\n\n\n<div style=\"height:20px\" aria-hidden=\"true\" class=\"wp-block-spacer\"><\/div>\n\n\n\n<div class=\"wp-block-columns is-layout-flex wp-container-core-columns-is-layout-9d6595d7 wp-block-columns-is-layout-flex\">\n<div class=\"wp-block-column is-vertically-aligned-stretch has-background is-layout-flow wp-block-column-is-layout-flow\" style=\"background-color:#f3f3f3\">\n<div style=\"height:20px\" aria-hidden=\"true\" class=\"wp-block-spacer\"><\/div>\n\n\n\n<h2 class=\"wp-block-heading alignwide has-text-align-center\"><strong>START<\/strong><\/h2>\n\n\n\n<div style=\"height:20px\" aria-hidden=\"true\" class=\"wp-block-spacer\"><\/div>\n\n\n\n<p class=\"has-text-align-center has-medium-font-size\">Pour les entrepreneurs qui souhaitent <strong>cr\u00e9er <\/strong>ou en <strong>reprendre<\/strong><\/p>\n\n\n\n<div style=\"height:20px\" aria-hidden=\"true\" class=\"wp-block-spacer\"><\/div>\n\n\n\n<div class=\"wp-block-buttons is-content-justification-center is-layout-flex wp-container-core-buttons-is-layout-16018d1d wp-block-buttons-is-layout-flex\">\n<div class=\"wp-block-button\"><a class=\"wp-block-button__link has-re-blue-background-color has-background has-custom-font-size wp-element-button\" href=\"https:\/\/www.reseau-entreprendre.org\/tarn\/start\/\" style=\"border-radius:8px;font-size:15px\">D\u00e9couvrir<\/a><\/div>\n<\/div>\n\n\n\n<div style=\"height:20px\" aria-hidden=\"true\" class=\"wp-block-spacer\"><\/div>\n<\/div>\n\n\n\n<div class=\"wp-block-column is-vertically-aligned-stretch has-background is-layout-flow wp-block-column-is-layout-flow\" style=\"background-color:#f3f3f3\">\n<div style=\"height:20px\" aria-hidden=\"true\" class=\"wp-block-spacer\"><\/div>\n\n\n\n<h2 class=\"wp-block-heading alignfull has-text-align-center\"><strong>BOOSTER<\/strong><\/h2>\n\n\n\n<div style=\"height:20px\" aria-hidden=\"true\" class=\"wp-block-spacer\"><\/div>\n\n\n\n<p class=\"has-text-align-center has-medium-font-size\">Pour les entrepreneurs qui souhaitent se <strong>d\u00e9velopper<\/strong><\/p>\n\n\n\n<div style=\"height:20px\" aria-hidden=\"true\" class=\"wp-block-spacer\"><\/div>\n\n\n\n<div class=\"wp-block-buttons is-content-justification-center is-layout-flex wp-container-core-buttons-is-layout-16018d1d wp-block-buttons-is-layout-flex\">\n<div class=\"wp-block-button\"><a class=\"wp-block-button__link has-re-yellow-background-color has-background has-custom-font-size wp-element-button\" href=\"https:\/\/www.reseau-entreprendre.org\/tarn\/booster\/\" style=\"border-radius:8px;font-size:15px\">D\u00e9couvrir<\/a><\/div>\n<\/div>\n\n\n\n<div style=\"height:20px\" aria-hidden=\"true\" class=\"wp-block-spacer\"><\/div>\n<\/div>\n\n\n\n<div class=\"wp-block-column is-vertically-aligned-stretch has-background is-layout-flow wp-block-column-is-layout-flow\" style=\"background-color:#f3f3f3\">\n<div style=\"height:20px\" aria-hidden=\"true\" class=\"wp-block-spacer\"><\/div>\n\n\n\n<h2 class=\"wp-block-heading alignfull has-text-align-center\"><strong>SAFE<\/strong><\/h2>\n\n\n\n<div style=\"height:20px\" aria-hidden=\"true\" class=\"wp-block-spacer\"><\/div>\n\n\n\n<p class=\"has-text-align-center has-medium-font-size\">Pour les entrepreneurs qui se <strong>questionnent<\/strong><\/p>\n\n\n\n<div style=\"height:20px\" aria-hidden=\"true\" class=\"wp-block-spacer\"><\/div>\n\n\n\n<div class=\"wp-block-buttons is-content-justification-center is-layout-flex wp-container-core-buttons-is-layout-16018d1d wp-block-buttons-is-layout-flex\">\n<div class=\"wp-block-button\"><a class=\"wp-block-button__link has-re-red-background-color has-background has-custom-font-size wp-element-button\" href=\"https:\/\/www.reseau-entreprendre.org\/tarn\/start-2\/\" style=\"border-radius:8px;font-size:15px\">D\u00e9couvrir<\/a><\/div>\n<\/div>\n\n\n\n<div style=\"height:20px\" aria-hidden=\"true\" class=\"wp-block-spacer\"><\/div>\n<\/div>\n<\/div>\n\n\n\n<div style=\"height:20px\" aria-hidden=\"true\" class=\"wp-block-spacer\"><\/div>\n\n\n\n<hr class=\"wp-block-separator has-alpha-channel-opacity\" \/>\n\n\n\n<div style=\"height:20px\" aria-hidden=\"true\" class=\"wp-block-spacer\"><\/div>\n\n\n\n<h2 class=\"wp-block-heading has-re-blue-color has-text-color has-link-color wp-elements-dbf01e7a84ba40e989324c1905a7ac20\"><strong>Nous les avons accompagn\u00e9s <\/strong><\/h2>\n\n\n\n<div style=\"height:20px\" aria-hidden=\"true\" class=\"wp-block-spacer\"><\/div>\n\n\n<div data-block_1d12a2fbf6c7e7bb0fbd2c462e3a084a class=\"re-testimonials alignauto\">\n      <div class=\"content\">\n      \n    <\/div>\n  \n  <div class=\"testimonials\">\n                   <div class=\"testimonial\">\n          <div class=\"row justify-content-between\">\n            <div class=\"col-lg-4 col-image\">\n              <a href=\"https:\/\/www.reseau-entreprendre.org\/tarn\/2025\/02\/07\/temoignage-de-sebastien-terral-laureat-2023\/\" class=\"aspect-ratio\" data-aos=\"fade-right\">\n                                  <img loading=\"lazy\" decoding=\"async\" width=\"546\" height=\"572\" src=\"https:\/\/www.reseau-entreprendre.org\/tarn\/wp-content\/uploads\/sites\/26\/2025\/02\/IMG_1206-2-546x572.jpeg\" class=\"aspect-ratio-item wp-post-image\" alt=\"\" \/>                              <\/a>\n            <\/div>\n            <div class=\"col-lg-8 my-auto col-info\" data-aos=\"fade-left\">\n              <div class=\"description\">\n                <p>S\u00e9bastien Terral, laur\u00e9at 2023, revient sur son exp\u00e9rience avec R\u00e9seau<\/p>\n              <\/div>\n              <div class=\"person\">\n                  <span class=\"author\">\n                      T\u00e9moignage de S\u00e9bastien TERRAL &#8211; Laur\u00e9at 2023\n                  <\/span>\n                  <span class=\"company\">\n                      \n                  <\/span>\n              <\/div>\n\n              <footer>\n                  <a class='btn btn-outline-re-blue' href=\"https:\/\/www.reseau-entreprendre.org\/tarn\/2025\/02\/07\/temoignage-de-sebastien-terral-laureat-2023\/\">Lire la suite<\/a>\n              <\/footer>\n            <\/div>\n          <\/div>\n        <\/div>\n               <div class=\"testimonial\">\n          <div class=\"row justify-content-between\">\n            <div class=\"col-lg-4 col-image\">\n              <a href=\"https:\/\/www.reseau-entreprendre.org\/tarn\/2025\/02\/07\/temoignage-de-cyrille-rozan-laureat-2021\/\" class=\"aspect-ratio\" data-aos=\"fade-right\">\n                                  <img loading=\"lazy\" decoding=\"async\" width=\"546\" height=\"572\" src=\"https:\/\/www.reseau-entreprendre.org\/tarn\/wp-content\/uploads\/sites\/26\/2025\/02\/Cyrille-Rozan-photo-2024-546x572.jpg\" class=\"aspect-ratio-item wp-post-image\" alt=\"\" \/>                              <\/a>\n            <\/div>\n            <div class=\"col-lg-8 my-auto col-info\" data-aos=\"fade-left\">\n              <div class=\"description\">\n                <p>Cyrille Rozan, laur\u00e9at 2021, partage son exp\u00e9rience avec R\u00e9seau Entreprendre<\/p>\n              <\/div>\n              <div class=\"person\">\n                  <span class=\"author\">\n                      T\u00e9moignage de Cyrille ROZAN &#8211; Laur\u00e9at 2021\n                  <\/span>\n                  <span class=\"company\">\n                      \n                  <\/span>\n              <\/div>\n\n              <footer>\n                  <a class='btn btn-outline-re-blue' href=\"https:\/\/www.reseau-entreprendre.org\/tarn\/2025\/02\/07\/temoignage-de-cyrille-rozan-laureat-2021\/\">Lire la suite<\/a>\n              <\/footer>\n            <\/div>\n          <\/div>\n        <\/div>\n                  <\/div>\n  <div class=\"testimonials-arrows\"><\/div>\n<\/div>\n\n\n\n\n<div style=\"height:20px\" aria-hidden=\"true\" class=\"wp-block-spacer\"><\/div>\n\n\n\n<hr class=\"wp-block-separator has-alpha-channel-opacity\" \/>\n","protected":false},"excerpt":{"rendered":"<p>Notre accompagnement Chez R\u00e9seau Entreprendre\u00ae Tarn Aveyron, nous croyons que<\/p>\n","protected":false},"author":27,"featured_media":0,"parent":0,"menu_order":0,"comment_status":"closed","ping_status":"closed","template":"","meta":{"_acf_changed":false,"_monsterinsights_skip_tracking":false,"_monsterinsights_sitenote_active":false,"_monsterinsights_sitenote_note":"","_monsterinsights_sitenote_category":0,"footnotes":""},"class_list":["post-13","page","type-page","status-publish","hentry"],"acf":[],"yoast_head":"<!-- This site is optimized with the Yoast SEO plugin v27.4 - https:\/\/yoast.com\/product\/yoast-seo-wordpress\/ -->\n<title>Entreprendre | Reseau Entreprendre Tarn<\/title>\n<meta name=\"description\" content=\"Vous avez un projet de cr\u00e9ation d&#039;entreprise ? R\u00e9seau Entreprendre Tarn vous accompagne gratuitement et dans la dur\u00e9e\" \/>\n<meta name=\"robots\" content=\"index, follow, max-snippet:-1, max-image-preview:large, max-video-preview:-1\" \/>\n<link rel=\"canonical\" href=\"https:\/\/www.reseau-entreprendre.org\/tarn\/entreprendre\/\" \/>\n<meta property=\"og:locale\" content=\"fr_FR\" \/>\n<meta property=\"og:type\" content=\"article\" \/>\n<meta property=\"og:title\" content=\"Entreprendre | Reseau Entreprendre Tarn\" \/>\n<meta property=\"og:description\" content=\"Vous avez un projet de cr\u00e9ation d&#039;entreprise ? R\u00e9seau Entreprendre Tarn vous accompagne gratuitement et dans la dur\u00e9e\" \/>\n<meta property=\"og:url\" content=\"https:\/\/www.reseau-entreprendre.org\/tarn\/entreprendre\/\" \/>\n<meta property=\"og:site_name\" content=\"R\u00e9seau Entreprendre Tarn Aveyron\" \/>\n<meta property=\"article:modified_time\" content=\"2025-06-05T13:58:43+00:00\" \/>\n<meta property=\"og:image\" content=\"https:\/\/www.reseau-entreprendre.org\/tarn\/wp-content\/uploads\/sites\/26\/2025\/05\/parcours-accompagnement.png\" \/>\n\t<meta property=\"og:image:width\" content=\"644\" \/>\n\t<meta property=\"og:image:height\" content=\"459\" \/>\n\t<meta property=\"og:image:type\" content=\"image\/png\" \/>\n<meta name=\"twitter:card\" content=\"summary_large_image\" \/>\n<meta name=\"twitter:label1\" content=\"Dur\u00e9e de lecture estim\u00e9e\" \/>\n\t<meta name=\"twitter:data1\" content=\"1 minute\" \/>\n<script type=\"application\/ld+json\" class=\"yoast-schema-graph\">{\"@context\":\"https:\\\/\\\/schema.org\",\"@graph\":[{\"@type\":\"WebPage\",\"@id\":\"https:\\\/\\\/www.reseau-entreprendre.org\\\/tarn\\\/entreprendre\\\/\",\"url\":\"https:\\\/\\\/www.reseau-entreprendre.org\\\/tarn\\\/entreprendre\\\/\",\"name\":\"Entreprendre | Reseau Entreprendre Tarn\",\"isPartOf\":{\"@id\":\"https:\\\/\\\/www.reseau-entreprendre.org\\\/tarn\\\/#website\"},\"primaryImageOfPage\":{\"@id\":\"https:\\\/\\\/www.reseau-entreprendre.org\\\/tarn\\\/entreprendre\\\/#primaryimage\"},\"image\":{\"@id\":\"https:\\\/\\\/www.reseau-entreprendre.org\\\/tarn\\\/entreprendre\\\/#primaryimage\"},\"thumbnailUrl\":\"https:\\\/\\\/www.reseau-entreprendre.org\\\/tarn\\\/wp-content\\\/uploads\\\/sites\\\/26\\\/2025\\\/05\\\/parcours-accompagnement.png\",\"datePublished\":\"2017-04-28T10:33:34+00:00\",\"dateModified\":\"2025-06-05T13:58:43+00:00\",\"description\":\"Vous avez un projet de cr\u00e9ation d'entreprise ? R\u00e9seau Entreprendre Tarn vous accompagne gratuitement et dans la dur\u00e9e\",\"breadcrumb\":{\"@id\":\"https:\\\/\\\/www.reseau-entreprendre.org\\\/tarn\\\/entreprendre\\\/#breadcrumb\"},\"inLanguage\":\"fr-FR\",\"potentialAction\":[{\"@type\":\"ReadAction\",\"target\":[\"https:\\\/\\\/www.reseau-entreprendre.org\\\/tarn\\\/entreprendre\\\/\"]}]},{\"@type\":\"ImageObject\",\"inLanguage\":\"fr-FR\",\"@id\":\"https:\\\/\\\/www.reseau-entreprendre.org\\\/tarn\\\/entreprendre\\\/#primaryimage\",\"url\":\"https:\\\/\\\/www.reseau-entreprendre.org\\\/tarn\\\/wp-content\\\/uploads\\\/sites\\\/26\\\/2025\\\/05\\\/parcours-accompagnement.png\",\"contentUrl\":\"https:\\\/\\\/www.reseau-entreprendre.org\\\/tarn\\\/wp-content\\\/uploads\\\/sites\\\/26\\\/2025\\\/05\\\/parcours-accompagnement.png\",\"width\":644,\"height\":459},{\"@type\":\"BreadcrumbList\",\"@id\":\"https:\\\/\\\/www.reseau-entreprendre.org\\\/tarn\\\/entreprendre\\\/#breadcrumb\",\"itemListElement\":[{\"@type\":\"ListItem\",\"position\":1,\"name\":\"Accueil\",\"item\":\"https:\\\/\\\/www.reseau-entreprendre.org\\\/tarn\\\/\"},{\"@type\":\"ListItem\",\"position\":2,\"name\":\"Entreprendre\"}]},{\"@type\":\"WebSite\",\"@id\":\"https:\\\/\\\/www.reseau-entreprendre.org\\\/tarn\\\/#website\",\"url\":\"https:\\\/\\\/www.reseau-entreprendre.org\\\/tarn\\\/\",\"name\":\"R\u00e9seau Entreprendre Tarn Aveyron\",\"description\":\"Un site utilisant Les sites de R\u00e9seau Entreprendre\",\"potentialAction\":[{\"@type\":\"SearchAction\",\"target\":{\"@type\":\"EntryPoint\",\"urlTemplate\":\"https:\\\/\\\/www.reseau-entreprendre.org\\\/tarn\\\/?s={search_term_string}\"},\"query-input\":{\"@type\":\"PropertyValueSpecification\",\"valueRequired\":true,\"valueName\":\"search_term_string\"}}],\"inLanguage\":\"fr-FR\"}]}<\/script>\n<!-- \/ Yoast SEO plugin. -->","yoast_head_json":{"title":"Entreprendre | Reseau Entreprendre Tarn","description":"Vous avez un projet de cr\u00e9ation d'entreprise ? R\u00e9seau Entreprendre Tarn vous accompagne gratuitement et dans la dur\u00e9e","robots":{"index":"index","follow":"follow","max-snippet":"max-snippet:-1","max-image-preview":"max-image-preview:large","max-video-preview":"max-video-preview:-1"},"canonical":"https:\/\/www.reseau-entreprendre.org\/tarn\/entreprendre\/","og_locale":"fr_FR","og_type":"article","og_title":"Entreprendre | Reseau Entreprendre Tarn","og_description":"Vous avez un projet de cr\u00e9ation d'entreprise ? R\u00e9seau Entreprendre Tarn vous accompagne gratuitement et dans la dur\u00e9e","og_url":"https:\/\/www.reseau-entreprendre.org\/tarn\/entreprendre\/","og_site_name":"R\u00e9seau Entreprendre Tarn Aveyron","article_modified_time":"2025-06-05T13:58:43+00:00","og_image":[{"width":644,"height":459,"url":"https:\/\/www.reseau-entreprendre.org\/tarn\/wp-content\/uploads\/sites\/26\/2025\/05\/parcours-accompagnement.png","type":"image\/png"}],"twitter_card":"summary_large_image","twitter_misc":{"Dur\u00e9e de lecture estim\u00e9e":"1 minute"},"schema":{"@context":"https:\/\/schema.org","@graph":[{"@type":"WebPage","@id":"https:\/\/www.reseau-entreprendre.org\/tarn\/entreprendre\/","url":"https:\/\/www.reseau-entreprendre.org\/tarn\/entreprendre\/","name":"Entreprendre | Reseau Entreprendre Tarn","isPartOf":{"@id":"https:\/\/www.reseau-entreprendre.org\/tarn\/#website"},"primaryImageOfPage":{"@id":"https:\/\/www.reseau-entreprendre.org\/tarn\/entreprendre\/#primaryimage"},"image":{"@id":"https:\/\/www.reseau-entreprendre.org\/tarn\/entreprendre\/#primaryimage"},"thumbnailUrl":"https:\/\/www.reseau-entreprendre.org\/tarn\/wp-content\/uploads\/sites\/26\/2025\/05\/parcours-accompagnement.png","datePublished":"2017-04-28T10:33:34+00:00","dateModified":"2025-06-05T13:58:43+00:00","description":"Vous avez un projet de cr\u00e9ation d'entreprise ? R\u00e9seau Entreprendre Tarn vous accompagne gratuitement et dans la dur\u00e9e","breadcrumb":{"@id":"https:\/\/www.reseau-entreprendre.org\/tarn\/entreprendre\/#breadcrumb"},"inLanguage":"fr-FR","potentialAction":[{"@type":"ReadAction","target":["https:\/\/www.reseau-entreprendre.org\/tarn\/entreprendre\/"]}]},{"@type":"ImageObject","inLanguage":"fr-FR","@id":"https:\/\/www.reseau-entreprendre.org\/tarn\/entreprendre\/#primaryimage","url":"https:\/\/www.reseau-entreprendre.org\/tarn\/wp-content\/uploads\/sites\/26\/2025\/05\/parcours-accompagnement.png","contentUrl":"https:\/\/www.reseau-entreprendre.org\/tarn\/wp-content\/uploads\/sites\/26\/2025\/05\/parcours-accompagnement.png","width":644,"height":459},{"@type":"BreadcrumbList","@id":"https:\/\/www.reseau-entreprendre.org\/tarn\/entreprendre\/#breadcrumb","itemListElement":[{"@type":"ListItem","position":1,"name":"Accueil","item":"https:\/\/www.reseau-entreprendre.org\/tarn\/"},{"@type":"ListItem","position":2,"name":"Entreprendre"}]},{"@type":"WebSite","@id":"https:\/\/www.reseau-entreprendre.org\/tarn\/#website","url":"https:\/\/www.reseau-entreprendre.org\/tarn\/","name":"R\u00e9seau Entreprendre Tarn Aveyron","description":"Un site utilisant Les sites de R\u00e9seau Entreprendre","potentialAction":[{"@type":"SearchAction","target":{"@type":"EntryPoint","urlTemplate":"https:\/\/www.reseau-entreprendre.org\/tarn\/?s={search_term_string}"},"query-input":{"@type":"PropertyValueSpecification","valueRequired":true,"valueName":"search_term_string"}}],"inLanguage":"fr-FR"}]}},"_links":{"self":[{"href":"https:\/\/www.reseau-entreprendre.org\/tarn\/wp-json\/wp\/v2\/pages\/13","targetHints":{"allow":["GET"]}}],"collection":[{"href":"https:\/\/www.reseau-entreprendre.org\/tarn\/wp-json\/wp\/v2\/pages"}],"about":[{"href":"https:\/\/www.reseau-entreprendre.org\/tarn\/wp-json\/wp\/v2\/types\/page"}],"author":[{"embeddable":true,"href":"https:\/\/www.reseau-entreprendre.org\/tarn\/wp-json\/wp\/v2\/users\/27"}],"replies":[{"embeddable":true,"href":"https:\/\/www.reseau-entreprendre.org\/tarn\/wp-json\/wp\/v2\/comments?post=13"}],"version-history":[{"count":0,"href":"https:\/\/www.reseau-entreprendre.org\/tarn\/wp-json\/wp\/v2\/pages\/13\/revisions"}],"wp:attachment":[{"href":"https:\/\/www.reseau-entreprendre.org\/tarn\/wp-json\/wp\/v2\/media?parent=13"}],"curies":[{"name":"wp","href":"https:\/\/api.w.org\/{rel}","templated":true}]}}