{"id":17,"date":"2017-04-28T12:34:01","date_gmt":"2017-04-28T10:34:01","guid":{"rendered":"http:\/\/re-preprod-entreprendre.fr\/tarn\/?page_id=17"},"modified":"2025-06-19T11:40:00","modified_gmt":"2025-06-19T09:40:00","slug":"soutenir","status":"publish","type":"page","link":"https:\/\/www.reseau-entreprendre.org\/tarn\/soutenir\/","title":{"rendered":"Soutenir"},"content":{"rendered":"\n<h1 class=\"wp-block-heading has-re-yellow-color has-text-color has-link-color wp-elements-22ba1eef517da3e30ce7314755f9baa2\"><strong>Pourquoi soutenir R\u00e9seau Entreprendre\u00ae Tarn Aveyron ? <\/strong><\/h1>\n\n\n\n<div style=\"height:15px\" aria-hidden=\"true\" class=\"wp-block-spacer\"><\/div>\n\n\n\n<p class=\"has-medium-font-size\">En tant que partenaire, vous :<\/p>\n\n\n\n<ul class=\"wp-block-list\">\n<li class=\"has-medium-font-size\"><strong>Participez \u00e0 une action concr\u00e8te<\/strong> en faveur de la cr\u00e9ation et du d\u00e9veloppement d&#8217;entreprises locales.<\/li>\n\n\n\n<li class=\"has-medium-font-size\"><strong>Contribuez \u00e0 la cr\u00e9ation d&#8217;emplois durables<\/strong> dans le Tarn et l&#8217;Aveyron.<\/li>\n\n\n\n<li class=\"has-medium-font-size\"><strong>Associez votre image<\/strong> \u00e0 un r\u00e9seau reconnu pour son engagement et son impact positif sur le territoire.<\/li>\n\n\n\n<li class=\"has-medium-font-size\"><strong>Int\u00e9grez une communaut\u00e9<\/strong> de plus de 180 chefs d&#8217;entreprise issus de secteurs vari\u00e9s, partageant des valeurs communes de solidarit\u00e9 et de citoyennet\u00e9 \u00e9conomique<\/li>\n<\/ul>\n\n\n\n<div style=\"height:16px\" aria-hidden=\"true\" class=\"wp-block-spacer\"><\/div>\n\n\n\n<h2 class=\"wp-block-heading has-re-blue-color has-text-color has-link-color wp-elements-df9079b6387ccf12e9f91516ef45d061\"><strong>Nos Partenaires annuels<\/strong><\/h2>\n\n\n\n<div style=\"height:16px\" aria-hidden=\"true\" class=\"wp-block-spacer\"><\/div>\n\n\n\n<p class=\"has-medium-font-size\">Ils nous accompagnent <strong>tout au long de l\u2019ann\u00e9e<\/strong> et soutiennent durablement notre mission d&#8217;accompagnement entrepreneurial. Leur <strong>engagement<\/strong> permet \u00e0 notre association de <strong>rayonner <\/strong>sur le Tarn et l\u2019Aveyron.<\/p>\n\n\n\n<div style=\"height:16px\" aria-hidden=\"true\" class=\"wp-block-spacer\"><\/div>\n\n\n<div data-block_e24fe7ac3da0dfbfc6444b68308f8b59 class=\"re-partners alignwide\">\n  <\/div>\n\n\n\n<div style=\"height:20px\" aria-hidden=\"true\" class=\"wp-block-spacer\"><\/div>\n\n\n\n<hr class=\"wp-block-separator has-alpha-channel-opacity\" \/>\n\n\n\n<div style=\"height:30px\" aria-hidden=\"true\" class=\"wp-block-spacer\"><\/div>\n\n\n\n<h2 class=\"wp-block-heading has-re-red-color has-text-color has-link-color wp-elements-6ec7e82b17866ab820dad72766020371\"><strong>Nos partenaires \u00e9v\u00e9nementiels<\/strong><\/h2>\n\n\n\n<div style=\"height:15px\" aria-hidden=\"true\" class=\"wp-block-spacer\"><\/div>\n\n\n\n<div class=\"wp-block-columns alignwide are-vertically-aligned-center is-layout-flex wp-container-core-columns-is-layout-9d6595d7 wp-block-columns-is-layout-flex\">\n<div class=\"wp-block-column is-vertically-aligned-center is-layout-flow wp-block-column-is-layout-flow\" style=\"flex-basis:66.66%\">\n<figure class=\"wp-block-embed is-type-video is-provider-youtube wp-block-embed-youtube wp-embed-aspect-16-9 wp-has-aspect-ratio\"><div class=\"wp-block-embed__wrapper\">\n<iframe loading=\"lazy\" title=\"Journ\u00e9e des Partenaires F\u00eate des Laur\u00e9ats 2024\" width=\"500\" height=\"281\" src=\"https:\/\/www.youtube.com\/embed\/UldcS1ITFIU?feature=oembed\" frameborder=\"0\" allow=\"accelerometer; autoplay; clipboard-write; encrypted-media; gyroscope; picture-in-picture; web-share\" referrerpolicy=\"strict-origin-when-cross-origin\" allowfullscreen><\/iframe>\n<\/div><\/figure>\n<\/div>\n\n\n\n<div class=\"wp-block-column is-vertically-aligned-center is-layout-flow wp-block-column-is-layout-flow\" style=\"flex-basis:33.33%\">\n<p class=\"has-medium-font-size\"><strong>Gr\u00e2ce \u00e0 nos partenaires \u00e9v\u00e9nementiels, nous pouvons organiser des temps forts conviviaux et inspirants qui valorisent l\u2019engagement des chefs d\u2019entreprise et la r\u00e9ussite des laur\u00e9ats<\/strong>.<\/p>\n<\/div>\n<\/div>\n\n\n\n<div style=\"height:20px\" aria-hidden=\"true\" class=\"wp-block-spacer\"><\/div>\n\n\n\n<p class=\"has-medium-font-size\">Leur soutien logistique, mat\u00e9riel ou financier est essentiel pour faire rayonner l\u2019entrepreneuriat sur nos territoires lors de nos clubs, soir\u00e9es et remises de prix.<\/p>\n\n\n\n<div style=\"height:30px\" aria-hidden=\"true\" class=\"wp-block-spacer\"><\/div>\n\n\n\n<hr class=\"wp-block-separator has-alpha-channel-opacity\" \/>\n\n\n\n<div style=\"height:30px\" aria-hidden=\"true\" class=\"wp-block-spacer\"><\/div>\n\n\n\n<h2 class=\"wp-block-heading has-re-yellow-color has-text-color has-link-color wp-elements-a6498fe627fbf46cf62da902d8368a63\"><strong>Devenez acteur du d\u00e9veloppement \u00e9conomique local<\/strong><\/h2>\n\n\n\n<div style=\"height:15px\" aria-hidden=\"true\" class=\"wp-block-spacer\"><\/div>\n\n\n\n<p class=\"has-medium-font-size\">Plusieurs formes de soutien sont possibles :<\/p>\n\n\n\n<ul class=\"wp-block-list\">\n<li class=\"has-medium-font-size\"><strong>Partenariat financier<\/strong> : contribuez au financement de nos actions et b\u00e9n\u00e9ficiez d&#8217;une visibilit\u00e9 accrue.<\/li>\n\n\n\n<li class=\"has-medium-font-size\"><strong>M\u00e9c\u00e9nat de comp\u00e9tences<\/strong> : mettez \u00e0 disposition vos expertises au service des entrepreneurs accompagn\u00e9s.<\/li>\n\n\n\n<li class=\"has-medium-font-size\"><strong>Participation aux \u00e9v\u00e9nements<\/strong> : impliquez-vous dans nos comit\u00e9s d&#8217;engagement, clubs de laur\u00e9ats et autres manifestations.<\/li>\n<\/ul>\n\n\n\n<p class=\"has-medium-font-size\">Pour en savoir plus sur les modalit\u00e9s de partenariat, n&#8217;h\u00e9sitez pas \u00e0 nous <strong>contacter<\/strong>. <\/p>\n\n\n\n<div style=\"height:20px\" aria-hidden=\"true\" class=\"wp-block-spacer\"><\/div>\n\n\n\n<hr class=\"wp-block-separator has-alpha-channel-opacity\" \/>\n\n\n\n<div style=\"height:14px\" aria-hidden=\"true\" class=\"wp-block-spacer\"><\/div>\n\n\n\n<h2 class=\"wp-block-heading has-re-red-color has-text-color has-link-color wp-elements-b64e4ec12fd29c053c1b9498519e282d\"><strong>Envie de rejoindre l&#8217;aventure ? <\/strong><\/h2>\n\n\n\n<div style=\"height:14px\" aria-hidden=\"true\" class=\"wp-block-spacer\"><\/div>\n\n\n\n<p class=\"has-medium-font-size\">Vous souhaitez soutenir l&#8217;entrepreneuriat local et contribuer \u00e0 la cr\u00e9ation d&#8217;emplois durables dans le Tarn et l&#8217;Aveyron ? <strong>Rejoignez-nous en tant que partenaire !<\/strong><\/p>\n\n\n\n<div style=\"height:14px\" aria-hidden=\"true\" class=\"wp-block-spacer\"><\/div>\n\n\n\n<div class=\"wp-block-buttons is-content-justification-center is-layout-flex wp-container-core-buttons-is-layout-16018d1d wp-block-buttons-is-layout-flex\">\n<div class=\"wp-block-button\"><a class=\"wp-block-button__link has-re-red-background-color has-background wp-element-button\" href=\"https:\/\/www.reseau-entreprendre.org\/tarn\/formulaire-partenaire\/\" style=\"border-radius:8px\">Je souhaite devenir partenaire<\/a><\/div>\n<\/div>\n\n\n\n<p><\/p>\n","protected":false},"excerpt":{"rendered":"<p>Pourquoi soutenir R\u00e9seau Entreprendre\u00ae Tarn Aveyron ? En tant que<\/p>\n","protected":false},"author":27,"featured_media":0,"parent":0,"menu_order":0,"comment_status":"closed","ping_status":"closed","template":"","meta":{"_acf_changed":false,"_monsterinsights_skip_tracking":false,"_monsterinsights_sitenote_active":false,"_monsterinsights_sitenote_note":"","_monsterinsights_sitenote_category":0,"footnotes":""},"class_list":["post-17","page","type-page","status-publish","hentry"],"acf":[],"yoast_head":"<!-- This site is optimized with the Yoast SEO plugin v27.4 - https:\/\/yoast.com\/product\/yoast-seo-wordpress\/ -->\n<title>Soutenir | Reseau Entreprendre Tarn<\/title>\n<meta name=\"description\" content=\"Partenaire, vous souhaitez soutenir un r\u00e9seau 100% chefs d&#039;entreprise ? Rejoignez R\u00e9seau Entreprendre Tarn\" \/>\n<meta name=\"robots\" content=\"index, follow, max-snippet:-1, max-image-preview:large, max-video-preview:-1\" \/>\n<link rel=\"canonical\" href=\"https:\/\/www.reseau-entreprendre.org\/tarn\/soutenir\/\" \/>\n<meta property=\"og:locale\" content=\"fr_FR\" \/>\n<meta property=\"og:type\" content=\"article\" \/>\n<meta property=\"og:title\" content=\"Soutenir | Reseau Entreprendre Tarn\" \/>\n<meta property=\"og:description\" content=\"Partenaire, vous souhaitez soutenir un r\u00e9seau 100% chefs d&#039;entreprise ? Rejoignez R\u00e9seau Entreprendre Tarn\" \/>\n<meta property=\"og:url\" content=\"https:\/\/www.reseau-entreprendre.org\/tarn\/soutenir\/\" \/>\n<meta property=\"og:site_name\" content=\"R\u00e9seau Entreprendre Tarn Aveyron\" \/>\n<meta property=\"article:modified_time\" content=\"2025-06-19T09:40:00+00:00\" \/>\n<meta name=\"twitter:card\" content=\"summary_large_image\" \/>\n<meta name=\"twitter:label1\" content=\"Dur\u00e9e de lecture estim\u00e9e\" \/>\n\t<meta name=\"twitter:data1\" content=\"2 minutes\" \/>\n<script type=\"application\/ld+json\" class=\"yoast-schema-graph\">{\"@context\":\"https:\\\/\\\/schema.org\",\"@graph\":[{\"@type\":\"WebPage\",\"@id\":\"https:\\\/\\\/www.reseau-entreprendre.org\\\/tarn\\\/soutenir\\\/\",\"url\":\"https:\\\/\\\/www.reseau-entreprendre.org\\\/tarn\\\/soutenir\\\/\",\"name\":\"Soutenir | Reseau Entreprendre Tarn\",\"isPartOf\":{\"@id\":\"https:\\\/\\\/www.reseau-entreprendre.org\\\/tarn\\\/#website\"},\"datePublished\":\"2017-04-28T10:34:01+00:00\",\"dateModified\":\"2025-06-19T09:40:00+00:00\",\"description\":\"Partenaire, vous souhaitez soutenir un r\u00e9seau 100% chefs d'entreprise ? Rejoignez R\u00e9seau Entreprendre Tarn\",\"breadcrumb\":{\"@id\":\"https:\\\/\\\/www.reseau-entreprendre.org\\\/tarn\\\/soutenir\\\/#breadcrumb\"},\"inLanguage\":\"fr-FR\",\"potentialAction\":[{\"@type\":\"ReadAction\",\"target\":[\"https:\\\/\\\/www.reseau-entreprendre.org\\\/tarn\\\/soutenir\\\/\"]}]},{\"@type\":\"BreadcrumbList\",\"@id\":\"https:\\\/\\\/www.reseau-entreprendre.org\\\/tarn\\\/soutenir\\\/#breadcrumb\",\"itemListElement\":[{\"@type\":\"ListItem\",\"position\":1,\"name\":\"Accueil\",\"item\":\"https:\\\/\\\/www.reseau-entreprendre.org\\\/tarn\\\/\"},{\"@type\":\"ListItem\",\"position\":2,\"name\":\"Soutenir\"}]},{\"@type\":\"WebSite\",\"@id\":\"https:\\\/\\\/www.reseau-entreprendre.org\\\/tarn\\\/#website\",\"url\":\"https:\\\/\\\/www.reseau-entreprendre.org\\\/tarn\\\/\",\"name\":\"R\u00e9seau Entreprendre Tarn Aveyron\",\"description\":\"Un site utilisant Les sites de R\u00e9seau Entreprendre\",\"potentialAction\":[{\"@type\":\"SearchAction\",\"target\":{\"@type\":\"EntryPoint\",\"urlTemplate\":\"https:\\\/\\\/www.reseau-entreprendre.org\\\/tarn\\\/?s={search_term_string}\"},\"query-input\":{\"@type\":\"PropertyValueSpecification\",\"valueRequired\":true,\"valueName\":\"search_term_string\"}}],\"inLanguage\":\"fr-FR\"}]}<\/script>\n<!-- \/ Yoast SEO plugin. -->","yoast_head_json":{"title":"Soutenir | Reseau Entreprendre Tarn","description":"Partenaire, vous souhaitez soutenir un r\u00e9seau 100% chefs d'entreprise ? Rejoignez R\u00e9seau Entreprendre Tarn","robots":{"index":"index","follow":"follow","max-snippet":"max-snippet:-1","max-image-preview":"max-image-preview:large","max-video-preview":"max-video-preview:-1"},"canonical":"https:\/\/www.reseau-entreprendre.org\/tarn\/soutenir\/","og_locale":"fr_FR","og_type":"article","og_title":"Soutenir | Reseau Entreprendre Tarn","og_description":"Partenaire, vous souhaitez soutenir un r\u00e9seau 100% chefs d'entreprise ? Rejoignez R\u00e9seau Entreprendre Tarn","og_url":"https:\/\/www.reseau-entreprendre.org\/tarn\/soutenir\/","og_site_name":"R\u00e9seau Entreprendre Tarn Aveyron","article_modified_time":"2025-06-19T09:40:00+00:00","twitter_card":"summary_large_image","twitter_misc":{"Dur\u00e9e de lecture estim\u00e9e":"2 minutes"},"schema":{"@context":"https:\/\/schema.org","@graph":[{"@type":"WebPage","@id":"https:\/\/www.reseau-entreprendre.org\/tarn\/soutenir\/","url":"https:\/\/www.reseau-entreprendre.org\/tarn\/soutenir\/","name":"Soutenir | Reseau Entreprendre Tarn","isPartOf":{"@id":"https:\/\/www.reseau-entreprendre.org\/tarn\/#website"},"datePublished":"2017-04-28T10:34:01+00:00","dateModified":"2025-06-19T09:40:00+00:00","description":"Partenaire, vous souhaitez soutenir un r\u00e9seau 100% chefs d'entreprise ? Rejoignez R\u00e9seau Entreprendre Tarn","breadcrumb":{"@id":"https:\/\/www.reseau-entreprendre.org\/tarn\/soutenir\/#breadcrumb"},"inLanguage":"fr-FR","potentialAction":[{"@type":"ReadAction","target":["https:\/\/www.reseau-entreprendre.org\/tarn\/soutenir\/"]}]},{"@type":"BreadcrumbList","@id":"https:\/\/www.reseau-entreprendre.org\/tarn\/soutenir\/#breadcrumb","itemListElement":[{"@type":"ListItem","position":1,"name":"Accueil","item":"https:\/\/www.reseau-entreprendre.org\/tarn\/"},{"@type":"ListItem","position":2,"name":"Soutenir"}]},{"@type":"WebSite","@id":"https:\/\/www.reseau-entreprendre.org\/tarn\/#website","url":"https:\/\/www.reseau-entreprendre.org\/tarn\/","name":"R\u00e9seau Entreprendre Tarn Aveyron","description":"Un site utilisant Les sites de R\u00e9seau Entreprendre","potentialAction":[{"@type":"SearchAction","target":{"@type":"EntryPoint","urlTemplate":"https:\/\/www.reseau-entreprendre.org\/tarn\/?s={search_term_string}"},"query-input":{"@type":"PropertyValueSpecification","valueRequired":true,"valueName":"search_term_string"}}],"inLanguage":"fr-FR"}]}},"_links":{"self":[{"href":"https:\/\/www.reseau-entreprendre.org\/tarn\/wp-json\/wp\/v2\/pages\/17","targetHints":{"allow":["GET"]}}],"collection":[{"href":"https:\/\/www.reseau-entreprendre.org\/tarn\/wp-json\/wp\/v2\/pages"}],"about":[{"href":"https:\/\/www.reseau-entreprendre.org\/tarn\/wp-json\/wp\/v2\/types\/page"}],"author":[{"embeddable":true,"href":"https:\/\/www.reseau-entreprendre.org\/tarn\/wp-json\/wp\/v2\/users\/27"}],"replies":[{"embeddable":true,"href":"https:\/\/www.reseau-entreprendre.org\/tarn\/wp-json\/wp\/v2\/comments?post=17"}],"version-history":[{"count":0,"href":"https:\/\/www.reseau-entreprendre.org\/tarn\/wp-json\/wp\/v2\/pages\/17\/revisions"}],"wp:attachment":[{"href":"https:\/\/www.reseau-entreprendre.org\/tarn\/wp-json\/wp\/v2\/media?parent=17"}],"curies":[{"name":"wp","href":"https:\/\/api.w.org\/{rel}","templated":true}]}}