{"id":2560,"date":"2025-05-09T09:56:18","date_gmt":"2025-05-09T07:56:18","guid":{"rendered":"https:\/\/www.reseau-entreprendre.org\/tarn\/?page_id=2560"},"modified":"2025-05-12T09:39:09","modified_gmt":"2025-05-12T07:39:09","slug":"booster","status":"publish","type":"page","link":"https:\/\/www.reseau-entreprendre.org\/tarn\/booster\/","title":{"rendered":"Booster"},"content":{"rendered":"\n<p class=\"has-text-align-center\">Ouvert \u00e0 tous les entrepreneurs (ayant b\u00e9n\u00e9fici\u00e9 ou non d\u2019un accompagnement by R\u00e9seau Entreprendre)<\/p>\n\n\n\n<div style=\"height:20px\" aria-hidden=\"true\" class=\"wp-block-spacer\"><\/div>\n\n\n\n<h2 class=\"wp-block-heading has-re-yellow-color has-text-color has-link-color wp-elements-c16aedf5ecaf3f8182f2da1204dcaa23\"><strong>Parcours <\/strong><\/h2>\n\n\n\n<div aria-hidden=\"true\" class=\"wp-block-spacer\"><\/div>\n\n\n\n<p><strong>Accompagnement individuel par un chef d\u2019entreprise :<\/strong><\/p>\n\n\n\n<div aria-hidden=\"true\" class=\"wp-block-spacer\"><\/div>\n\n\n\n<ul class=\"wp-block-list\">\n<li>De pair \u00e0 pair<\/li>\n<\/ul>\n\n\n\n<ul class=\"wp-block-list\">\n<li>Chaque mois pendant 2 ans<\/li>\n<\/ul>\n\n\n\n<p><strong>Accompagnement collectif : Clubs des laur\u00e9ats<\/strong><\/p>\n\n\n\n<div aria-hidden=\"true\" class=\"wp-block-spacer\"><\/div>\n\n\n\n<ul class=\"wp-block-list\">\n<li>Clubs mensuels obligatoires autour d\u2019une th\u00e9matique<\/li>\n<\/ul>\n\n\n\n<ul class=\"wp-block-list\">\n<li>Lieu de partage en toute confiance et confidentialit\u00e9<\/li>\n<\/ul>\n\n\n\n<p><strong>Pr\u00eat d\u2019honneur (optionnel):<\/strong><\/p>\n\n\n\n<div aria-hidden=\"true\" class=\"wp-block-spacer\"><\/div>\n\n\n\n<ul class=\"wp-block-list\">\n<li>De 20 000\u20ac \u00e0 70 000\u20ac sans int\u00e9r\u00eat et sans garantie<\/li>\n<\/ul>\n\n\n\n<p><strong>Mise en r\u00e9seau<\/strong> locale, nationale et internationale avec plus de 15 000 chefs d\u2019entreprises.<\/p>\n\n\n\n<div aria-hidden=\"true\" class=\"wp-block-spacer\"><\/div>\n\n\n\n<hr class=\"wp-block-separator has-alpha-channel-opacity\" \/>\n\n\n\n<div style=\"height:15px\" aria-hidden=\"true\" class=\"wp-block-spacer\"><\/div>\n\n\n<div class=\"wp-block-image\">\n<figure class=\"aligncenter size-full\"><img loading=\"lazy\" decoding=\"async\" width=\"518\" height=\"241\" src=\"https:\/\/www.reseau-entreprendre.org\/tarn\/wp-content\/uploads\/sites\/26\/2025\/05\/parcours-booster.png\" alt=\"\" class=\"wp-image-2561\" srcset=\"https:\/\/www.reseau-entreprendre.org\/tarn\/wp-content\/uploads\/sites\/26\/2025\/05\/parcours-booster.png 518w, https:\/\/www.reseau-entreprendre.org\/tarn\/wp-content\/uploads\/sites\/26\/2025\/05\/parcours-booster-300x140.png 300w, https:\/\/www.reseau-entreprendre.org\/tarn\/wp-content\/uploads\/sites\/26\/2025\/05\/parcours-booster-210x98.png 210w, https:\/\/www.reseau-entreprendre.org\/tarn\/wp-content\/uploads\/sites\/26\/2025\/05\/parcours-booster-100x47.png 100w\" sizes=\"auto, (max-width: 518px) 100vw, 518px\" \/><\/figure>\n<\/div>\n\n\n<div style=\"height:20px\" aria-hidden=\"true\" class=\"wp-block-spacer\"><\/div>\n\n\n\n<hr class=\"wp-block-separator has-alpha-channel-opacity\" \/>\n\n\n\n<div style=\"height:20px\" aria-hidden=\"true\" class=\"wp-block-spacer\"><\/div>\n\n\n\n<div class=\"wp-block-columns is-layout-flex wp-container-core-columns-is-layout-9d6595d7 wp-block-columns-is-layout-flex\">\n<div class=\"wp-block-column is-vertically-aligned-stretch has-background is-layout-flow wp-block-column-is-layout-flow\" style=\"background-color:#f3f3f3\">\n<div style=\"height:20px\" aria-hidden=\"true\" class=\"wp-block-spacer\"><\/div>\n\n\n\n<h2 class=\"wp-block-heading has-text-align-center has-re-red-color has-text-color has-link-color wp-elements-d822074c666e5fe2827252e887f312e4\"><strong>Les crit\u00e8res <\/strong><\/h2>\n\n\n\n<div style=\"height:20px\" aria-hidden=\"true\" class=\"wp-block-spacer\"><\/div>\n\n\n\n<ul class=\"wp-block-list\">\n<li>Avoir <strong>un chiffre d\u2019affaires<\/strong> sup\u00e9rieur \u00e0 500 000\u20ac<\/li>\n<\/ul>\n\n\n\n<ul class=\"wp-block-list\">\n<li>Avoir <strong>plus de 5 <\/strong>salari\u00e9s<\/li>\n<\/ul>\n\n\n\n<ul class=\"wp-block-list\">\n<li><strong>D\u00e9velopper l\u2019activit\u00e9<\/strong> de l\u2019entreprise (croissance externe, d\u00e9veloppement \u00e0 l\u2019international, &#8230;)<\/li>\n<\/ul>\n\n\n\n<ul class=\"wp-block-list\">\n<li>\u00catre <strong>implant\u00e9<\/strong> dans le Tarn ou l\u2019Aveyron<\/li>\n<\/ul>\n\n\n\n<div style=\"height:20px\" aria-hidden=\"true\" class=\"wp-block-spacer\"><\/div>\n<\/div>\n\n\n\n<div class=\"wp-block-column is-vertically-aligned-stretch has-background is-layout-flow wp-block-column-is-layout-flow\" style=\"background-color:#f3f3f3\">\n<div style=\"height:20px\" aria-hidden=\"true\" class=\"wp-block-spacer\"><\/div>\n\n\n\n<h2 class=\"wp-block-heading has-text-align-center has-re-blue-color has-text-color has-link-color wp-elements-d2f580bef3e317852aeef56d8b3bf99f\"><strong>Les b\u00e9n\u00e9fices<\/strong><\/h2>\n\n\n\n<div style=\"height:20px\" aria-hidden=\"true\" class=\"wp-block-spacer\"><\/div>\n\n\n\n<ul class=\"wp-block-list\">\n<li><strong>Aider \u00e0 structurer<\/strong> votre projet de d\u00e9veloppement<\/li>\n<\/ul>\n\n\n\n<ul class=\"wp-block-list\">\n<li><strong>Donner de la lisibilit\u00e9<\/strong> sur la conduite de votre projet<\/li>\n<\/ul>\n\n\n\n<ul class=\"wp-block-list\">\n<li><strong>Eviter les risques<\/strong> de d\u00e9rapage de votre projet<\/li>\n<\/ul>\n\n\n\n<div style=\"height:20px\" aria-hidden=\"true\" class=\"wp-block-spacer\"><\/div>\n<\/div>\n<\/div>\n\n\n\n<div style=\"height:20px\" aria-hidden=\"true\" class=\"wp-block-spacer\"><\/div>\n\n\n\n<hr class=\"wp-block-separator has-alpha-channel-opacity\" \/>\n\n\n\n<div style=\"height:25px\" aria-hidden=\"true\" class=\"wp-block-spacer\"><\/div>\n\n\n\n<p class=\"has-text-align-center has-medium-font-size\"><strong>Pr\u00eat(e) \u00e0 donner vie \u00e0 votre projet ? Rejoignez R\u00e9seau Entreprendre\u00ae Tarn Aveyron et b\u00e9n\u00e9ficiez d\u2019un accompagnement sur-mesure.<\/strong><\/p>\n\n\n\n<div class=\"wp-block-buttons is-content-justification-center is-layout-flex wp-container-core-buttons-is-layout-16018d1d wp-block-buttons-is-layout-flex\">\n<div class=\"wp-block-button has-custom-font-size has-medium-font-size\"><a class=\"wp-block-button__link has-re-blue-background-color has-background wp-element-button\" href=\"https:\/\/www.reseau-entreprendre.org\/tarn\/deposer-une-demande\/\" style=\"border-radius:8px\"><strong>Candidater<\/strong><\/a><\/div>\n<\/div>\n\n\n\n<p><\/p>\n","protected":false},"excerpt":{"rendered":"<p>Ouvert \u00e0 tous les entrepreneurs (ayant b\u00e9n\u00e9fici\u00e9 ou non d\u2019un<\/p>\n","protected":false},"author":27,"featured_media":0,"parent":0,"menu_order":0,"comment_status":"closed","ping_status":"closed","template":"","meta":{"_acf_changed":false,"_monsterinsights_skip_tracking":false,"_monsterinsights_sitenote_active":false,"_monsterinsights_sitenote_note":"","_monsterinsights_sitenote_category":0,"footnotes":""},"class_list":["post-2560","page","type-page","status-publish","hentry"],"acf":[],"yoast_head":"<!-- This site is optimized with the Yoast SEO plugin v27.4 - https:\/\/yoast.com\/product\/yoast-seo-wordpress\/ -->\n<title>Booster - R\u00e9seau Entreprendre Tarn Aveyron<\/title>\n<meta name=\"description\" content=\"Acc\u00e9l\u00e9rez la croissance de votre entreprise avec le programme BOOST de R\u00e9seau Entreprendre Tarn Aveyron. Un accompagnement personnalis\u00e9 pour structurer votre d\u00e9veloppement, renforcer votre strat\u00e9gie et atteindre vos objectifs.\" \/>\n<meta name=\"robots\" content=\"index, follow, max-snippet:-1, max-image-preview:large, max-video-preview:-1\" \/>\n<link rel=\"canonical\" href=\"https:\/\/www.reseau-entreprendre.org\/tarn\/booster\/\" \/>\n<meta property=\"og:locale\" content=\"fr_FR\" \/>\n<meta property=\"og:type\" content=\"article\" \/>\n<meta property=\"og:title\" content=\"Booster - R\u00e9seau Entreprendre Tarn Aveyron\" \/>\n<meta property=\"og:description\" content=\"Acc\u00e9l\u00e9rez la croissance de votre entreprise avec le programme BOOST de R\u00e9seau Entreprendre Tarn Aveyron. Un accompagnement personnalis\u00e9 pour structurer votre d\u00e9veloppement, renforcer votre strat\u00e9gie et atteindre vos objectifs.\" \/>\n<meta property=\"og:url\" content=\"https:\/\/www.reseau-entreprendre.org\/tarn\/booster\/\" \/>\n<meta property=\"og:site_name\" content=\"R\u00e9seau Entreprendre Tarn Aveyron\" \/>\n<meta property=\"article:modified_time\" content=\"2025-05-12T07:39:09+00:00\" \/>\n<meta property=\"og:image\" content=\"https:\/\/www.reseau-entreprendre.org\/tarn\/wp-content\/uploads\/sites\/26\/2025\/05\/parcours-booster.png\" \/>\n\t<meta property=\"og:image:width\" content=\"518\" \/>\n\t<meta property=\"og:image:height\" content=\"241\" \/>\n\t<meta property=\"og:image:type\" content=\"image\/png\" \/>\n<meta name=\"twitter:card\" content=\"summary_large_image\" \/>\n<meta name=\"twitter:label1\" content=\"Dur\u00e9e de lecture estim\u00e9e\" \/>\n\t<meta name=\"twitter:data1\" content=\"1 minute\" \/>\n<script type=\"application\/ld+json\" class=\"yoast-schema-graph\">{\"@context\":\"https:\\\/\\\/schema.org\",\"@graph\":[{\"@type\":\"WebPage\",\"@id\":\"https:\\\/\\\/www.reseau-entreprendre.org\\\/tarn\\\/booster\\\/\",\"url\":\"https:\\\/\\\/www.reseau-entreprendre.org\\\/tarn\\\/booster\\\/\",\"name\":\"Booster - R\u00e9seau Entreprendre Tarn Aveyron\",\"isPartOf\":{\"@id\":\"https:\\\/\\\/www.reseau-entreprendre.org\\\/tarn\\\/#website\"},\"primaryImageOfPage\":{\"@id\":\"https:\\\/\\\/www.reseau-entreprendre.org\\\/tarn\\\/booster\\\/#primaryimage\"},\"image\":{\"@id\":\"https:\\\/\\\/www.reseau-entreprendre.org\\\/tarn\\\/booster\\\/#primaryimage\"},\"thumbnailUrl\":\"https:\\\/\\\/www.reseau-entreprendre.org\\\/tarn\\\/wp-content\\\/uploads\\\/sites\\\/26\\\/2025\\\/05\\\/parcours-booster.png\",\"datePublished\":\"2025-05-09T07:56:18+00:00\",\"dateModified\":\"2025-05-12T07:39:09+00:00\",\"description\":\"Acc\u00e9l\u00e9rez la croissance de votre entreprise avec le programme BOOST de R\u00e9seau Entreprendre Tarn Aveyron. Un accompagnement personnalis\u00e9 pour structurer votre d\u00e9veloppement, renforcer votre strat\u00e9gie et atteindre vos objectifs.\",\"breadcrumb\":{\"@id\":\"https:\\\/\\\/www.reseau-entreprendre.org\\\/tarn\\\/booster\\\/#breadcrumb\"},\"inLanguage\":\"fr-FR\",\"potentialAction\":[{\"@type\":\"ReadAction\",\"target\":[\"https:\\\/\\\/www.reseau-entreprendre.org\\\/tarn\\\/booster\\\/\"]}]},{\"@type\":\"ImageObject\",\"inLanguage\":\"fr-FR\",\"@id\":\"https:\\\/\\\/www.reseau-entreprendre.org\\\/tarn\\\/booster\\\/#primaryimage\",\"url\":\"https:\\\/\\\/www.reseau-entreprendre.org\\\/tarn\\\/wp-content\\\/uploads\\\/sites\\\/26\\\/2025\\\/05\\\/parcours-booster.png\",\"contentUrl\":\"https:\\\/\\\/www.reseau-entreprendre.org\\\/tarn\\\/wp-content\\\/uploads\\\/sites\\\/26\\\/2025\\\/05\\\/parcours-booster.png\",\"width\":518,\"height\":241},{\"@type\":\"BreadcrumbList\",\"@id\":\"https:\\\/\\\/www.reseau-entreprendre.org\\\/tarn\\\/booster\\\/#breadcrumb\",\"itemListElement\":[{\"@type\":\"ListItem\",\"position\":1,\"name\":\"Accueil\",\"item\":\"https:\\\/\\\/www.reseau-entreprendre.org\\\/tarn\\\/\"},{\"@type\":\"ListItem\",\"position\":2,\"name\":\"Booster\"}]},{\"@type\":\"WebSite\",\"@id\":\"https:\\\/\\\/www.reseau-entreprendre.org\\\/tarn\\\/#website\",\"url\":\"https:\\\/\\\/www.reseau-entreprendre.org\\\/tarn\\\/\",\"name\":\"R\u00e9seau Entreprendre Tarn Aveyron\",\"description\":\"Un site utilisant Les sites de R\u00e9seau Entreprendre\",\"potentialAction\":[{\"@type\":\"SearchAction\",\"target\":{\"@type\":\"EntryPoint\",\"urlTemplate\":\"https:\\\/\\\/www.reseau-entreprendre.org\\\/tarn\\\/?s={search_term_string}\"},\"query-input\":{\"@type\":\"PropertyValueSpecification\",\"valueRequired\":true,\"valueName\":\"search_term_string\"}}],\"inLanguage\":\"fr-FR\"}]}<\/script>\n<!-- \/ Yoast SEO plugin. -->","yoast_head_json":{"title":"Booster - R\u00e9seau Entreprendre Tarn Aveyron","description":"Acc\u00e9l\u00e9rez la croissance de votre entreprise avec le programme BOOST de R\u00e9seau Entreprendre Tarn Aveyron. Un accompagnement personnalis\u00e9 pour structurer votre d\u00e9veloppement, renforcer votre strat\u00e9gie et atteindre vos objectifs.","robots":{"index":"index","follow":"follow","max-snippet":"max-snippet:-1","max-image-preview":"max-image-preview:large","max-video-preview":"max-video-preview:-1"},"canonical":"https:\/\/www.reseau-entreprendre.org\/tarn\/booster\/","og_locale":"fr_FR","og_type":"article","og_title":"Booster - R\u00e9seau Entreprendre Tarn Aveyron","og_description":"Acc\u00e9l\u00e9rez la croissance de votre entreprise avec le programme BOOST de R\u00e9seau Entreprendre Tarn Aveyron. Un accompagnement personnalis\u00e9 pour structurer votre d\u00e9veloppement, renforcer votre strat\u00e9gie et atteindre vos objectifs.","og_url":"https:\/\/www.reseau-entreprendre.org\/tarn\/booster\/","og_site_name":"R\u00e9seau Entreprendre Tarn Aveyron","article_modified_time":"2025-05-12T07:39:09+00:00","og_image":[{"width":518,"height":241,"url":"https:\/\/www.reseau-entreprendre.org\/tarn\/wp-content\/uploads\/sites\/26\/2025\/05\/parcours-booster.png","type":"image\/png"}],"twitter_card":"summary_large_image","twitter_misc":{"Dur\u00e9e de lecture estim\u00e9e":"1 minute"},"schema":{"@context":"https:\/\/schema.org","@graph":[{"@type":"WebPage","@id":"https:\/\/www.reseau-entreprendre.org\/tarn\/booster\/","url":"https:\/\/www.reseau-entreprendre.org\/tarn\/booster\/","name":"Booster - R\u00e9seau Entreprendre Tarn Aveyron","isPartOf":{"@id":"https:\/\/www.reseau-entreprendre.org\/tarn\/#website"},"primaryImageOfPage":{"@id":"https:\/\/www.reseau-entreprendre.org\/tarn\/booster\/#primaryimage"},"image":{"@id":"https:\/\/www.reseau-entreprendre.org\/tarn\/booster\/#primaryimage"},"thumbnailUrl":"https:\/\/www.reseau-entreprendre.org\/tarn\/wp-content\/uploads\/sites\/26\/2025\/05\/parcours-booster.png","datePublished":"2025-05-09T07:56:18+00:00","dateModified":"2025-05-12T07:39:09+00:00","description":"Acc\u00e9l\u00e9rez la croissance de votre entreprise avec le programme BOOST de R\u00e9seau Entreprendre Tarn Aveyron. Un accompagnement personnalis\u00e9 pour structurer votre d\u00e9veloppement, renforcer votre strat\u00e9gie et atteindre vos objectifs.","breadcrumb":{"@id":"https:\/\/www.reseau-entreprendre.org\/tarn\/booster\/#breadcrumb"},"inLanguage":"fr-FR","potentialAction":[{"@type":"ReadAction","target":["https:\/\/www.reseau-entreprendre.org\/tarn\/booster\/"]}]},{"@type":"ImageObject","inLanguage":"fr-FR","@id":"https:\/\/www.reseau-entreprendre.org\/tarn\/booster\/#primaryimage","url":"https:\/\/www.reseau-entreprendre.org\/tarn\/wp-content\/uploads\/sites\/26\/2025\/05\/parcours-booster.png","contentUrl":"https:\/\/www.reseau-entreprendre.org\/tarn\/wp-content\/uploads\/sites\/26\/2025\/05\/parcours-booster.png","width":518,"height":241},{"@type":"BreadcrumbList","@id":"https:\/\/www.reseau-entreprendre.org\/tarn\/booster\/#breadcrumb","itemListElement":[{"@type":"ListItem","position":1,"name":"Accueil","item":"https:\/\/www.reseau-entreprendre.org\/tarn\/"},{"@type":"ListItem","position":2,"name":"Booster"}]},{"@type":"WebSite","@id":"https:\/\/www.reseau-entreprendre.org\/tarn\/#website","url":"https:\/\/www.reseau-entreprendre.org\/tarn\/","name":"R\u00e9seau Entreprendre Tarn Aveyron","description":"Un site utilisant Les sites de R\u00e9seau Entreprendre","potentialAction":[{"@type":"SearchAction","target":{"@type":"EntryPoint","urlTemplate":"https:\/\/www.reseau-entreprendre.org\/tarn\/?s={search_term_string}"},"query-input":{"@type":"PropertyValueSpecification","valueRequired":true,"valueName":"search_term_string"}}],"inLanguage":"fr-FR"}]}},"_links":{"self":[{"href":"https:\/\/www.reseau-entreprendre.org\/tarn\/wp-json\/wp\/v2\/pages\/2560","targetHints":{"allow":["GET"]}}],"collection":[{"href":"https:\/\/www.reseau-entreprendre.org\/tarn\/wp-json\/wp\/v2\/pages"}],"about":[{"href":"https:\/\/www.reseau-entreprendre.org\/tarn\/wp-json\/wp\/v2\/types\/page"}],"author":[{"embeddable":true,"href":"https:\/\/www.reseau-entreprendre.org\/tarn\/wp-json\/wp\/v2\/users\/27"}],"replies":[{"embeddable":true,"href":"https:\/\/www.reseau-entreprendre.org\/tarn\/wp-json\/wp\/v2\/comments?post=2560"}],"version-history":[{"count":0,"href":"https:\/\/www.reseau-entreprendre.org\/tarn\/wp-json\/wp\/v2\/pages\/2560\/revisions"}],"wp:attachment":[{"href":"https:\/\/www.reseau-entreprendre.org\/tarn\/wp-json\/wp\/v2\/media?parent=2560"}],"curies":[{"name":"wp","href":"https:\/\/api.w.org\/{rel}","templated":true}]}}