{"id":2564,"date":"2025-05-09T10:25:14","date_gmt":"2025-05-09T08:25:14","guid":{"rendered":"https:\/\/www.reseau-entreprendre.org\/tarn\/?page_id=2564"},"modified":"2025-05-09T10:25:15","modified_gmt":"2025-05-09T08:25:15","slug":"start-2","status":"publish","type":"page","link":"https:\/\/www.reseau-entreprendre.org\/tarn\/start-2\/","title":{"rendered":"Safe"},"content":{"rendered":"\n<p class=\"has-text-align-center\">Ouvert \u00e0 tous les entrepreneurs (ayant b\u00e9n\u00e9fici\u00e9 ou non d\u2019un accompagnement by R\u00e9seau Entreprendre\u00ae Tarn Aveyron)<\/p>\n\n\n\n<div style=\"height:22px\" aria-hidden=\"true\" class=\"wp-block-spacer\"><\/div>\n\n\n\n<div class=\"wp-block-columns is-layout-flex wp-container-core-columns-is-layout-9d6595d7 wp-block-columns-is-layout-flex\">\n<div class=\"wp-block-column is-vertically-aligned-stretch has-background is-layout-flow wp-block-column-is-layout-flow\" style=\"background-color:#f3f3f3\">\n<h2 class=\"wp-block-heading has-re-blue-color has-text-color has-link-color wp-elements-3eeb8dea34c4d6f7e3bd979561178a7b\"><strong>Parcours<\/strong><\/h2>\n\n\n\n<div style=\"height:21px\" aria-hidden=\"true\" class=\"wp-block-spacer\"><\/div>\n\n\n\n<ul class=\"wp-block-list\">\n<li><strong>Mise en place <\/strong>d\u20191 \u00e0 3 GAR (Groupe d\u2019accompagnement Renforc\u00e9) et\/ou de Co-d\u00e9veloppement sur 9 mois<\/li>\n<\/ul>\n\n\n\n<ul class=\"wp-block-list\">\n<li><strong>Etablir un plan d\u2019actions <\/strong>d\u00e9taill\u00e9 gr\u00e2ce \u00e0 l\u2019intelligence collective<\/li>\n<\/ul>\n\n\n\n<ul class=\"wp-block-list\">\n<li><strong>Mise en r\u00e9seau locale<\/strong><\/li>\n<\/ul>\n\n\n\n<div style=\"height:21px\" aria-hidden=\"true\" class=\"wp-block-spacer\"><\/div>\n<\/div>\n\n\n\n<div class=\"wp-block-column is-vertically-aligned-stretch has-background is-layout-flow wp-block-column-is-layout-flow\" style=\"background-color:#f3f3f3\">\n<h2 class=\"wp-block-heading has-re-red-color has-text-color has-link-color wp-elements-00165ee033b39fbeca41ee3eb465cf25\"><strong>Crit\u00e8res<\/strong><\/h2>\n\n\n\n<div style=\"height:21px\" aria-hidden=\"true\" class=\"wp-block-spacer\"><\/div>\n\n\n\n<ul class=\"wp-block-list\">\n<li>\u00catre chef d\u2019entreprise <strong>en activit\u00e9<\/strong><\/li>\n<\/ul>\n\n\n\n<ul class=\"wp-block-list\">\n<li>Avoir <strong>plusieurs salari\u00e9s<\/strong><\/li>\n<\/ul>\n\n\n\n<div style=\"height:21px\" aria-hidden=\"true\" class=\"wp-block-spacer\"><\/div>\n<\/div>\n<\/div>\n\n\n\n<hr class=\"wp-block-separator has-alpha-channel-opacity\" \/>\n\n\n\n<h2 class=\"wp-block-heading has-re-yellow-color has-text-color has-link-color wp-elements-f889fef95315e4c4f2014c3837f75262\"><strong>B\u00e9n\u00e9fices<\/strong><\/h2>\n\n\n\n<div style=\"height:21px\" aria-hidden=\"true\" class=\"wp-block-spacer\"><\/div>\n\n\n\n<ul class=\"wp-block-list\">\n<li>Permettre \u00e0 un dirigeant de <strong>ne pas se sentir seul<\/strong> en rencontrant d\u2019autres chefs d\u2019entreprises et <strong>essayer de renverser la tendance<\/strong><\/li>\n<\/ul>\n\n\n\n<ul class=\"wp-block-list\">\n<li><strong>Pendre du recul<\/strong> sur leur situation<\/li>\n<\/ul>\n\n\n\n<ul class=\"wp-block-list\">\n<li><strong>L<\/strong>\u2019<strong>aider \u00e0 traverser<\/strong> une phase difficile ou de questionnement<\/li>\n<\/ul>\n\n\n\n<ul class=\"wp-block-list\">\n<li><strong>P\u00e9renniser<\/strong> un maximum d\u2019<strong>emplois<\/strong><\/li>\n<\/ul>\n\n\n\n<div style=\"height:25px\" aria-hidden=\"true\" class=\"wp-block-spacer\"><\/div>\n\n\n\n<hr class=\"wp-block-separator has-alpha-channel-opacity\" \/>\n\n\n\n<div style=\"height:25px\" aria-hidden=\"true\" class=\"wp-block-spacer\"><\/div>\n\n\n\n<h2 class=\"wp-block-heading has-text-align-center has-re-blue-color has-text-color has-link-color wp-elements-8a4fd91a6138b1baa3312097b86c1426\"><strong>On m&#8217;accompagne si :<\/strong><\/h2>\n\n\n\n<div class=\"wp-block-columns is-layout-flex wp-container-core-columns-is-layout-9d6595d7 wp-block-columns-is-layout-flex\">\n<div class=\"wp-block-column is-vertically-aligned-stretch is-layout-flow wp-block-column-is-layout-flow\"><div class=\"wp-block-image\">\n<figure class=\"aligncenter size-full\"><img loading=\"lazy\" decoding=\"async\" width=\"138\" height=\"179\" src=\"https:\/\/www.reseau-entreprendre.org\/tarn\/wp-content\/uploads\/sites\/26\/2025\/05\/persona-1.png\" alt=\"\" class=\"wp-image-2565\" srcset=\"https:\/\/www.reseau-entreprendre.org\/tarn\/wp-content\/uploads\/sites\/26\/2025\/05\/persona-1.png 138w, https:\/\/www.reseau-entreprendre.org\/tarn\/wp-content\/uploads\/sites\/26\/2025\/05\/persona-1-100x130.png 100w, https:\/\/www.reseau-entreprendre.org\/tarn\/wp-content\/uploads\/sites\/26\/2025\/05\/persona-1-77x100.png 77w\" sizes=\"auto, (max-width: 138px) 100vw, 138px\" \/><\/figure>\n<\/div><\/div>\n\n\n\n<div class=\"wp-block-column is-vertically-aligned-stretch is-layout-flow wp-block-column-is-layout-flow\"><div class=\"wp-block-image\">\n<figure class=\"aligncenter size-full\"><img loading=\"lazy\" decoding=\"async\" width=\"192\" height=\"168\" src=\"https:\/\/www.reseau-entreprendre.org\/tarn\/wp-content\/uploads\/sites\/26\/2025\/05\/persona-2.png\" alt=\"\" class=\"wp-image-2566\" srcset=\"https:\/\/www.reseau-entreprendre.org\/tarn\/wp-content\/uploads\/sites\/26\/2025\/05\/persona-2.png 192w, https:\/\/www.reseau-entreprendre.org\/tarn\/wp-content\/uploads\/sites\/26\/2025\/05\/persona-2-149x130.png 149w, https:\/\/www.reseau-entreprendre.org\/tarn\/wp-content\/uploads\/sites\/26\/2025\/05\/persona-2-100x88.png 100w\" sizes=\"auto, (max-width: 192px) 100vw, 192px\" \/><\/figure>\n<\/div><\/div>\n\n\n\n<div class=\"wp-block-column is-vertically-aligned-stretch is-layout-flow wp-block-column-is-layout-flow\"><div class=\"wp-block-image\">\n<figure class=\"aligncenter size-full\"><img loading=\"lazy\" decoding=\"async\" width=\"116\" height=\"170\" src=\"https:\/\/www.reseau-entreprendre.org\/tarn\/wp-content\/uploads\/sites\/26\/2025\/05\/persona-3.png\" alt=\"\" class=\"wp-image-2567\" srcset=\"https:\/\/www.reseau-entreprendre.org\/tarn\/wp-content\/uploads\/sites\/26\/2025\/05\/persona-3.png 116w, https:\/\/www.reseau-entreprendre.org\/tarn\/wp-content\/uploads\/sites\/26\/2025\/05\/persona-3-89x130.png 89w, https:\/\/www.reseau-entreprendre.org\/tarn\/wp-content\/uploads\/sites\/26\/2025\/05\/persona-3-68x100.png 68w\" sizes=\"auto, (max-width: 116px) 100vw, 116px\" \/><\/figure>\n<\/div><\/div>\n<\/div>\n\n\n\n<div style=\"height:25px\" aria-hidden=\"true\" class=\"wp-block-spacer\"><\/div>\n\n\n\n<p class=\"has-text-align-center has-medium-font-size\"><strong>Pr\u00eat(e) \u00e0 donner vie \u00e0 votre projet ? Rejoignez R\u00e9seau Entreprendre\u00ae Tarn Aveyron et b\u00e9n\u00e9ficiez d\u2019un accompagnement sur-mesure.<\/strong><\/p>\n\n\n\n<div class=\"wp-block-buttons is-content-justification-center is-layout-flex wp-container-core-buttons-is-layout-16018d1d wp-block-buttons-is-layout-flex\">\n<div class=\"wp-block-button has-custom-font-size has-medium-font-size\"><a class=\"wp-block-button__link has-re-blue-background-color has-background wp-element-button\" href=\"https:\/\/www.reseau-entreprendre.org\/tarn\/deposer-une-demande\/\" style=\"border-radius:8px\"><strong>Candidater<\/strong><\/a><\/div>\n<\/div>\n\n\n\n<p><\/p>\n","protected":false},"excerpt":{"rendered":"<p>Ouvert \u00e0 tous les entrepreneurs (ayant b\u00e9n\u00e9fici\u00e9 ou non d\u2019un<\/p>\n","protected":false},"author":27,"featured_media":0,"parent":0,"menu_order":0,"comment_status":"closed","ping_status":"closed","template":"","meta":{"_acf_changed":false,"_monsterinsights_skip_tracking":false,"_monsterinsights_sitenote_active":false,"_monsterinsights_sitenote_note":"","_monsterinsights_sitenote_category":0,"footnotes":""},"class_list":["post-2564","page","type-page","status-publish","hentry"],"acf":[],"yoast_head":"<!-- This site is optimized with the Yoast SEO plugin v27.4 - https:\/\/yoast.com\/product\/yoast-seo-wordpress\/ -->\n<title>Safe - R\u00e9seau Entreprendre Tarn Aveyron<\/title>\n<meta name=\"description\" content=\"S\u00e9curisez votre entreprise avec le programme SAFE de R\u00e9seau Entreprendre Tarn Aveyron. B\u00e9n\u00e9ficiez d\u2019un accompagnement strat\u00e9gique pour anticiper, transformer et p\u00e9renniser votre activit\u00e9.\" \/>\n<meta name=\"robots\" content=\"index, follow, max-snippet:-1, max-image-preview:large, max-video-preview:-1\" \/>\n<link rel=\"canonical\" href=\"https:\/\/www.reseau-entreprendre.org\/tarn\/start-2\/\" \/>\n<meta property=\"og:locale\" content=\"fr_FR\" \/>\n<meta property=\"og:type\" content=\"article\" \/>\n<meta property=\"og:title\" content=\"Safe - R\u00e9seau Entreprendre Tarn Aveyron\" \/>\n<meta property=\"og:description\" content=\"S\u00e9curisez votre entreprise avec le programme SAFE de R\u00e9seau Entreprendre Tarn Aveyron. B\u00e9n\u00e9ficiez d\u2019un accompagnement strat\u00e9gique pour anticiper, transformer et p\u00e9renniser votre activit\u00e9.\" \/>\n<meta property=\"og:url\" content=\"https:\/\/www.reseau-entreprendre.org\/tarn\/start-2\/\" \/>\n<meta property=\"og:site_name\" content=\"R\u00e9seau Entreprendre Tarn Aveyron\" \/>\n<meta property=\"article:modified_time\" content=\"2025-05-09T08:25:15+00:00\" \/>\n<meta property=\"og:image\" content=\"https:\/\/www.reseau-entreprendre.org\/tarn\/wp-content\/uploads\/sites\/26\/2025\/05\/persona-1.png\" \/>\n\t<meta property=\"og:image:width\" content=\"138\" \/>\n\t<meta property=\"og:image:height\" content=\"179\" \/>\n\t<meta property=\"og:image:type\" content=\"image\/png\" \/>\n<meta name=\"twitter:card\" content=\"summary_large_image\" \/>\n<meta name=\"twitter:label1\" content=\"Dur\u00e9e de lecture estim\u00e9e\" \/>\n\t<meta name=\"twitter:data1\" content=\"2 minutes\" \/>\n<script type=\"application\/ld+json\" class=\"yoast-schema-graph\">{\"@context\":\"https:\\\/\\\/schema.org\",\"@graph\":[{\"@type\":\"WebPage\",\"@id\":\"https:\\\/\\\/www.reseau-entreprendre.org\\\/tarn\\\/start-2\\\/\",\"url\":\"https:\\\/\\\/www.reseau-entreprendre.org\\\/tarn\\\/start-2\\\/\",\"name\":\"Safe - R\u00e9seau Entreprendre Tarn Aveyron\",\"isPartOf\":{\"@id\":\"https:\\\/\\\/www.reseau-entreprendre.org\\\/tarn\\\/#website\"},\"primaryImageOfPage\":{\"@id\":\"https:\\\/\\\/www.reseau-entreprendre.org\\\/tarn\\\/start-2\\\/#primaryimage\"},\"image\":{\"@id\":\"https:\\\/\\\/www.reseau-entreprendre.org\\\/tarn\\\/start-2\\\/#primaryimage\"},\"thumbnailUrl\":\"https:\\\/\\\/www.reseau-entreprendre.org\\\/tarn\\\/wp-content\\\/uploads\\\/sites\\\/26\\\/2025\\\/05\\\/persona-1.png\",\"datePublished\":\"2025-05-09T08:25:14+00:00\",\"dateModified\":\"2025-05-09T08:25:15+00:00\",\"description\":\"S\u00e9curisez votre entreprise avec le programme SAFE de R\u00e9seau Entreprendre Tarn Aveyron. B\u00e9n\u00e9ficiez d\u2019un accompagnement strat\u00e9gique pour anticiper, transformer et p\u00e9renniser votre activit\u00e9.\",\"breadcrumb\":{\"@id\":\"https:\\\/\\\/www.reseau-entreprendre.org\\\/tarn\\\/start-2\\\/#breadcrumb\"},\"inLanguage\":\"fr-FR\",\"potentialAction\":[{\"@type\":\"ReadAction\",\"target\":[\"https:\\\/\\\/www.reseau-entreprendre.org\\\/tarn\\\/start-2\\\/\"]}]},{\"@type\":\"ImageObject\",\"inLanguage\":\"fr-FR\",\"@id\":\"https:\\\/\\\/www.reseau-entreprendre.org\\\/tarn\\\/start-2\\\/#primaryimage\",\"url\":\"https:\\\/\\\/www.reseau-entreprendre.org\\\/tarn\\\/wp-content\\\/uploads\\\/sites\\\/26\\\/2025\\\/05\\\/persona-1.png\",\"contentUrl\":\"https:\\\/\\\/www.reseau-entreprendre.org\\\/tarn\\\/wp-content\\\/uploads\\\/sites\\\/26\\\/2025\\\/05\\\/persona-1.png\",\"width\":138,\"height\":179},{\"@type\":\"BreadcrumbList\",\"@id\":\"https:\\\/\\\/www.reseau-entreprendre.org\\\/tarn\\\/start-2\\\/#breadcrumb\",\"itemListElement\":[{\"@type\":\"ListItem\",\"position\":1,\"name\":\"Accueil\",\"item\":\"https:\\\/\\\/www.reseau-entreprendre.org\\\/tarn\\\/\"},{\"@type\":\"ListItem\",\"position\":2,\"name\":\"Safe\"}]},{\"@type\":\"WebSite\",\"@id\":\"https:\\\/\\\/www.reseau-entreprendre.org\\\/tarn\\\/#website\",\"url\":\"https:\\\/\\\/www.reseau-entreprendre.org\\\/tarn\\\/\",\"name\":\"R\u00e9seau Entreprendre Tarn Aveyron\",\"description\":\"Un site utilisant Les sites de R\u00e9seau Entreprendre\",\"potentialAction\":[{\"@type\":\"SearchAction\",\"target\":{\"@type\":\"EntryPoint\",\"urlTemplate\":\"https:\\\/\\\/www.reseau-entreprendre.org\\\/tarn\\\/?s={search_term_string}\"},\"query-input\":{\"@type\":\"PropertyValueSpecification\",\"valueRequired\":true,\"valueName\":\"search_term_string\"}}],\"inLanguage\":\"fr-FR\"}]}<\/script>\n<!-- \/ Yoast SEO plugin. -->","yoast_head_json":{"title":"Safe - R\u00e9seau Entreprendre Tarn Aveyron","description":"S\u00e9curisez votre entreprise avec le programme SAFE de R\u00e9seau Entreprendre Tarn Aveyron. B\u00e9n\u00e9ficiez d\u2019un accompagnement strat\u00e9gique pour anticiper, transformer et p\u00e9renniser votre activit\u00e9.","robots":{"index":"index","follow":"follow","max-snippet":"max-snippet:-1","max-image-preview":"max-image-preview:large","max-video-preview":"max-video-preview:-1"},"canonical":"https:\/\/www.reseau-entreprendre.org\/tarn\/start-2\/","og_locale":"fr_FR","og_type":"article","og_title":"Safe - R\u00e9seau Entreprendre Tarn Aveyron","og_description":"S\u00e9curisez votre entreprise avec le programme SAFE de R\u00e9seau Entreprendre Tarn Aveyron. B\u00e9n\u00e9ficiez d\u2019un accompagnement strat\u00e9gique pour anticiper, transformer et p\u00e9renniser votre activit\u00e9.","og_url":"https:\/\/www.reseau-entreprendre.org\/tarn\/start-2\/","og_site_name":"R\u00e9seau Entreprendre Tarn Aveyron","article_modified_time":"2025-05-09T08:25:15+00:00","og_image":[{"width":138,"height":179,"url":"https:\/\/www.reseau-entreprendre.org\/tarn\/wp-content\/uploads\/sites\/26\/2025\/05\/persona-1.png","type":"image\/png"}],"twitter_card":"summary_large_image","twitter_misc":{"Dur\u00e9e de lecture estim\u00e9e":"2 minutes"},"schema":{"@context":"https:\/\/schema.org","@graph":[{"@type":"WebPage","@id":"https:\/\/www.reseau-entreprendre.org\/tarn\/start-2\/","url":"https:\/\/www.reseau-entreprendre.org\/tarn\/start-2\/","name":"Safe - R\u00e9seau Entreprendre Tarn Aveyron","isPartOf":{"@id":"https:\/\/www.reseau-entreprendre.org\/tarn\/#website"},"primaryImageOfPage":{"@id":"https:\/\/www.reseau-entreprendre.org\/tarn\/start-2\/#primaryimage"},"image":{"@id":"https:\/\/www.reseau-entreprendre.org\/tarn\/start-2\/#primaryimage"},"thumbnailUrl":"https:\/\/www.reseau-entreprendre.org\/tarn\/wp-content\/uploads\/sites\/26\/2025\/05\/persona-1.png","datePublished":"2025-05-09T08:25:14+00:00","dateModified":"2025-05-09T08:25:15+00:00","description":"S\u00e9curisez votre entreprise avec le programme SAFE de R\u00e9seau Entreprendre Tarn Aveyron. B\u00e9n\u00e9ficiez d\u2019un accompagnement strat\u00e9gique pour anticiper, transformer et p\u00e9renniser votre activit\u00e9.","breadcrumb":{"@id":"https:\/\/www.reseau-entreprendre.org\/tarn\/start-2\/#breadcrumb"},"inLanguage":"fr-FR","potentialAction":[{"@type":"ReadAction","target":["https:\/\/www.reseau-entreprendre.org\/tarn\/start-2\/"]}]},{"@type":"ImageObject","inLanguage":"fr-FR","@id":"https:\/\/www.reseau-entreprendre.org\/tarn\/start-2\/#primaryimage","url":"https:\/\/www.reseau-entreprendre.org\/tarn\/wp-content\/uploads\/sites\/26\/2025\/05\/persona-1.png","contentUrl":"https:\/\/www.reseau-entreprendre.org\/tarn\/wp-content\/uploads\/sites\/26\/2025\/05\/persona-1.png","width":138,"height":179},{"@type":"BreadcrumbList","@id":"https:\/\/www.reseau-entreprendre.org\/tarn\/start-2\/#breadcrumb","itemListElement":[{"@type":"ListItem","position":1,"name":"Accueil","item":"https:\/\/www.reseau-entreprendre.org\/tarn\/"},{"@type":"ListItem","position":2,"name":"Safe"}]},{"@type":"WebSite","@id":"https:\/\/www.reseau-entreprendre.org\/tarn\/#website","url":"https:\/\/www.reseau-entreprendre.org\/tarn\/","name":"R\u00e9seau Entreprendre Tarn Aveyron","description":"Un site utilisant Les sites de R\u00e9seau Entreprendre","potentialAction":[{"@type":"SearchAction","target":{"@type":"EntryPoint","urlTemplate":"https:\/\/www.reseau-entreprendre.org\/tarn\/?s={search_term_string}"},"query-input":{"@type":"PropertyValueSpecification","valueRequired":true,"valueName":"search_term_string"}}],"inLanguage":"fr-FR"}]}},"_links":{"self":[{"href":"https:\/\/www.reseau-entreprendre.org\/tarn\/wp-json\/wp\/v2\/pages\/2564","targetHints":{"allow":["GET"]}}],"collection":[{"href":"https:\/\/www.reseau-entreprendre.org\/tarn\/wp-json\/wp\/v2\/pages"}],"about":[{"href":"https:\/\/www.reseau-entreprendre.org\/tarn\/wp-json\/wp\/v2\/types\/page"}],"author":[{"embeddable":true,"href":"https:\/\/www.reseau-entreprendre.org\/tarn\/wp-json\/wp\/v2\/users\/27"}],"replies":[{"embeddable":true,"href":"https:\/\/www.reseau-entreprendre.org\/tarn\/wp-json\/wp\/v2\/comments?post=2564"}],"version-history":[{"count":0,"href":"https:\/\/www.reseau-entreprendre.org\/tarn\/wp-json\/wp\/v2\/pages\/2564\/revisions"}],"wp:attachment":[{"href":"https:\/\/www.reseau-entreprendre.org\/tarn\/wp-json\/wp\/v2\/media?parent=2564"}],"curies":[{"name":"wp","href":"https:\/\/api.w.org\/{rel}","templated":true}]}}