{"id":13,"date":"2017-04-28T12:33:34","date_gmt":"2017-04-28T10:33:34","guid":{"rendered":"http:\/\/re-dev-entreprendre.fr\/tunisie\/?page_id=13"},"modified":"2021-10-20T15:51:37","modified_gmt":"2021-10-20T13:51:37","slug":"entreprendre","status":"publish","type":"page","link":"https:\/\/www.reseau-entreprendre.org\/tunisie\/entreprendre\/","title":{"rendered":"Entreprendre"},"content":{"rendered":"\n<p>La mission de R\u00e9seau Entreprendre Tunisie est de contribuer \u00e0 la r\u00e9ussite de nouveaux entrepreneurs cr\u00e9ateurs d&#8217;emplois et de richesses en leur offrant un accompagnement dans la r\u00e9alisation de leurs projets.<\/p>\n\n\n\n<p>Le c\u0153ur de m\u00e9tier de R\u00e9seau Entreprendre Tunisie est l\u2019accompagnement. Devenir laur\u00e9at de l\u2019association c&#8217;est b\u00e9n\u00e9ficier de :<\/p>\n\n\n\n<h5 class=\"wp-block-heading\"><span style=\"color: #268597;\"><strong>Un accompagnement individuel par un chef d&#8217;entreprise qui dure jusqu\u2019\u00e0 3ans<\/strong>&nbsp;:<\/span><\/h5>\n\n\n\n<p>l&#8217;engagement des chefs d&#8217;entreprise au sein de l\u2019association est aliment\u00e9 par leur passion de l&#8217;entrepreneuriat et leur envie de la transmettre \u00e0 de nouveaux entrepreneurs dans un esprit de citoyennet\u00e9 \u00e9conomique. Ainsi, les membres donnent b\u00e9n\u00e9volement de leur temps, expertise et exp\u00e9rience pour \u00e9tudier les projets, challenger les porteurs de projets dans les rendez-vous de validation, participer aux comit\u00e9s d&#8217;engagement et accompagner les laur\u00e9ats.<\/p>\n\n\n\n<h5 class=\"wp-block-heading\"><span style=\"color: #268597;\"><strong>Un accompagnement financier sous forme de pr\u00eats d&#8217;honneur&nbsp;<\/strong>:<\/span><\/h5>\n\n\n\n<p>ce pr\u00eat d\u2019honneur est accord\u00e9 \u00e0 la personne, d\u2019un montant compris entre 10 000 et 30 000 DT, remboursable sur 5ans sans int\u00e9r\u00eats ni garanties avec 18 mois de gr\u00e2ce, qui vient renforcer les fonds propres des nouveaux entrepreneurs.<\/p>\n\n\n\n<h5 class=\"wp-block-heading\"><span style=\"color: #268597;\"><strong>Un accompagnement collectif<\/strong>&nbsp;:<\/span><\/h5>\n\n\n\n<p>il s\u2019agit de la mise en r\u00e9seautage des nouveaux laur\u00e9ats de l\u2019association avec les anciens laur\u00e9ats accompagn\u00e9s via les clubs des laur\u00e9ats&nbsp;; lieux d\u2019\u00e9changes et rencontres mensuelles d&#8217;entraide et de formation, ainsi qu\u2019avec les membres chefs d\u2019entreprise \u00e0 travers les conviviale r\u00e9gionales et la f\u00eate des laur\u00e9ats annuelle, ce qui en facilite leur int\u00e9gration dans le tissu \u00e9conomique.<\/p>\n\n\n\n<p>De plus, cette mise en r\u00e9seau unique permettra au jeune entrepreneur de s&#8217;int\u00e9grer et se d\u00e9velopper plus rapidement via une son insertion dans les r\u00e9seaux \u00e9conomiques locaux, nationaux et internationaux.<\/p>\n\n\n\n<h2 class=\"has-re-blue-color has-text-color wp-block-heading\">Pour b\u00e9n\u00e9ficier de l&#8217;accompagnement de l\u2019association, le candidat nouvel entrepreneur doit r\u00e9pondre \u00e0 un certain nombre de <strong>crit\u00e8res de s\u00e9lection<\/strong> pour devenir Laur\u00e9at&nbsp;:<\/h2>\n\n\n\n<h3 class=\"has-re-red-color has-text-color wp-block-heading\"><strong>Un r\u00e9el besoin d\u2019accompagnement<\/strong>:<\/h3>\n\n\n\n<p>Le candidat doit avoir un r\u00e9el besoin d\u2019\u00eatre accompagn\u00e9 dans la cr\u00e9ation de son entreprise en manifester le souhait. Celui qui s&#8217;adresse \u00e0 l&#8217;association uniquement pour obtenir un&nbsp;pr\u00eat d&#8217;honneur&nbsp;est hors cible.<\/p>\n\n\n\n<h3 class=\"has-re-red-color has-text-color wp-block-heading\"><strong>Etre g\u00e9rant de l\u2019entreprise et d\u00e9tenir la majorit\u00e9 dans le capital<\/strong>:<\/h3>\n\n\n\n<p>Le porteur de projet doit&nbsp;disposer de la g\u00e9rance de l&#8217;entreprise&nbsp;et d\u00e9tenir la&nbsp;majorit\u00e9 dans le capital&nbsp;de la soci\u00e9t\u00e9.<\/p>\n\n\n\n<h3 class=\"has-re-red-color has-text-color wp-block-heading\"><strong>Une dimension strat\u00e9gique de d\u00e9veloppement<\/strong>:<\/h3>\n\n\n\n<p>Cet accompagnement de R\u00e9seau Entreprendre Tunisie s&#8217;adresse aux cr\u00e9ateurs qui, par l&#8217;ambition qu&#8217;ils portent, leur potentiel entrepreneurial, leur m\u00e9tier et le march\u00e9 auquel ils s&#8217;adressent, sont susceptibles de faire de leur entreprise, une PME apte \u00e0 se d\u00e9velopper.<\/p>\n\n\n\n<p>Ainsi, l\u2019entreprise doit g\u00e9n\u00e9rer 3 emplois \u00e0 la 1<sup>\u00e8re<\/sup> ann\u00e9e au d\u00e9marrage, et vise \u00e0 se d\u00e9velopper pour atteindre 10 emplois \u00e0 la 5<sup>\u00e8me<\/sup> ann\u00e9e d\u2019activit\u00e9.<\/p>\n\n\n\n<h3 class=\"has-re-red-color has-text-color wp-block-heading\"><strong>Ne d\u00e9passe pas les deux ans d\u2019activit\u00e9<\/strong>:<\/h3>\n\n\n\n<p>Si l\u2019entreprise est d\u00e9j\u00e0 cr\u00e9\u00e9e, il ne faut pas qu\u2019elle ait d\u00e9pass\u00e9 les 2 ans d\u2019activit\u00e9 (comptabilis\u00e9e \u00e0 partir de la date de la 1<sup>\u00e8re<\/sup> facturation effectu\u00e9e).<\/p>\n","protected":false},"excerpt":{"rendered":"<p>La mission de R\u00e9seau Entreprendre Tunisie est de contribuer \u00e0<\/p>\n","protected":false},"author":1,"featured_media":0,"parent":0,"menu_order":0,"comment_status":"closed","ping_status":"closed","template":"","meta":{"_acf_changed":false,"_monsterinsights_skip_tracking":false,"_monsterinsights_sitenote_active":false,"_monsterinsights_sitenote_note":"","_monsterinsights_sitenote_category":0,"footnotes":""},"class_list":["post-13","page","type-page","status-publish","hentry"],"acf":[],"yoast_head":"<!-- This site is optimized with the Yoast SEO plugin v27.4 - https:\/\/yoast.com\/product\/yoast-seo-wordpress\/ -->\n<title>Entreprendre | Reseau Entreprendre Tunisie<\/title>\n<meta name=\"description\" content=\"Vous avez un projet de cr\u00e9ation d&#039;entreprise ? R\u00e9seau Entreprendre Tunisie vous accompagne gratuitement et dans la dur\u00e9e\" \/>\n<meta name=\"robots\" content=\"index, follow, max-snippet:-1, max-image-preview:large, max-video-preview:-1\" \/>\n<link rel=\"canonical\" href=\"https:\/\/www.reseau-entreprendre.org\/tunisie\/entreprendre\/\" \/>\n<meta property=\"og:locale\" content=\"fr_FR\" \/>\n<meta property=\"og:type\" content=\"article\" \/>\n<meta property=\"og:title\" content=\"Entreprendre | Reseau Entreprendre Tunisie\" \/>\n<meta property=\"og:description\" content=\"Vous avez un projet de cr\u00e9ation d&#039;entreprise ? R\u00e9seau Entreprendre Tunisie vous accompagne gratuitement et dans la dur\u00e9e\" \/>\n<meta property=\"og:url\" content=\"https:\/\/www.reseau-entreprendre.org\/tunisie\/entreprendre\/\" \/>\n<meta property=\"og:site_name\" content=\"R\u00e9seau Entreprendre Tunisie\" \/>\n<meta property=\"article:modified_time\" content=\"2021-10-20T13:51:37+00:00\" \/>\n<meta name=\"twitter:card\" content=\"summary_large_image\" \/>\n<meta name=\"twitter:label1\" content=\"Dur\u00e9e de lecture estim\u00e9e\" \/>\n\t<meta name=\"twitter:data1\" content=\"2 minutes\" \/>\n<script type=\"application\/ld+json\" class=\"yoast-schema-graph\">{\"@context\":\"https:\\\/\\\/schema.org\",\"@graph\":[{\"@type\":\"WebPage\",\"@id\":\"https:\\\/\\\/www.reseau-entreprendre.org\\\/tunisie\\\/entreprendre\\\/\",\"url\":\"https:\\\/\\\/www.reseau-entreprendre.org\\\/tunisie\\\/entreprendre\\\/\",\"name\":\"Entreprendre | Reseau Entreprendre Tunisie\",\"isPartOf\":{\"@id\":\"https:\\\/\\\/www.reseau-entreprendre.org\\\/tunisie\\\/#website\"},\"datePublished\":\"2017-04-28T10:33:34+00:00\",\"dateModified\":\"2021-10-20T13:51:37+00:00\",\"description\":\"Vous avez un projet de cr\u00e9ation d'entreprise ? R\u00e9seau Entreprendre Tunisie vous accompagne gratuitement et dans la dur\u00e9e\",\"breadcrumb\":{\"@id\":\"https:\\\/\\\/www.reseau-entreprendre.org\\\/tunisie\\\/entreprendre\\\/#breadcrumb\"},\"inLanguage\":\"fr-FR\",\"potentialAction\":[{\"@type\":\"ReadAction\",\"target\":[\"https:\\\/\\\/www.reseau-entreprendre.org\\\/tunisie\\\/entreprendre\\\/\"]}]},{\"@type\":\"BreadcrumbList\",\"@id\":\"https:\\\/\\\/www.reseau-entreprendre.org\\\/tunisie\\\/entreprendre\\\/#breadcrumb\",\"itemListElement\":[{\"@type\":\"ListItem\",\"position\":1,\"name\":\"Accueil\",\"item\":\"https:\\\/\\\/www.reseau-entreprendre.org\\\/tunisie\\\/\"},{\"@type\":\"ListItem\",\"position\":2,\"name\":\"Entreprendre\"}]},{\"@type\":\"WebSite\",\"@id\":\"https:\\\/\\\/www.reseau-entreprendre.org\\\/tunisie\\\/#website\",\"url\":\"https:\\\/\\\/www.reseau-entreprendre.org\\\/tunisie\\\/\",\"name\":\"R\u00e9seau Entreprendre Tunisie\",\"description\":\"Un site utilisant Les sites de R\u00e9seau Entreprendre\",\"potentialAction\":[{\"@type\":\"SearchAction\",\"target\":{\"@type\":\"EntryPoint\",\"urlTemplate\":\"https:\\\/\\\/www.reseau-entreprendre.org\\\/tunisie\\\/?s={search_term_string}\"},\"query-input\":{\"@type\":\"PropertyValueSpecification\",\"valueRequired\":true,\"valueName\":\"search_term_string\"}}],\"inLanguage\":\"fr-FR\"}]}<\/script>\n<!-- \/ Yoast SEO plugin. -->","yoast_head_json":{"title":"Entreprendre | Reseau Entreprendre Tunisie","description":"Vous avez un projet de cr\u00e9ation d'entreprise ? R\u00e9seau Entreprendre Tunisie vous accompagne gratuitement et dans la dur\u00e9e","robots":{"index":"index","follow":"follow","max-snippet":"max-snippet:-1","max-image-preview":"max-image-preview:large","max-video-preview":"max-video-preview:-1"},"canonical":"https:\/\/www.reseau-entreprendre.org\/tunisie\/entreprendre\/","og_locale":"fr_FR","og_type":"article","og_title":"Entreprendre | Reseau Entreprendre Tunisie","og_description":"Vous avez un projet de cr\u00e9ation d'entreprise ? R\u00e9seau Entreprendre Tunisie vous accompagne gratuitement et dans la dur\u00e9e","og_url":"https:\/\/www.reseau-entreprendre.org\/tunisie\/entreprendre\/","og_site_name":"R\u00e9seau Entreprendre Tunisie","article_modified_time":"2021-10-20T13:51:37+00:00","twitter_card":"summary_large_image","twitter_misc":{"Dur\u00e9e de lecture estim\u00e9e":"2 minutes"},"schema":{"@context":"https:\/\/schema.org","@graph":[{"@type":"WebPage","@id":"https:\/\/www.reseau-entreprendre.org\/tunisie\/entreprendre\/","url":"https:\/\/www.reseau-entreprendre.org\/tunisie\/entreprendre\/","name":"Entreprendre | Reseau Entreprendre Tunisie","isPartOf":{"@id":"https:\/\/www.reseau-entreprendre.org\/tunisie\/#website"},"datePublished":"2017-04-28T10:33:34+00:00","dateModified":"2021-10-20T13:51:37+00:00","description":"Vous avez un projet de cr\u00e9ation d'entreprise ? R\u00e9seau Entreprendre Tunisie vous accompagne gratuitement et dans la dur\u00e9e","breadcrumb":{"@id":"https:\/\/www.reseau-entreprendre.org\/tunisie\/entreprendre\/#breadcrumb"},"inLanguage":"fr-FR","potentialAction":[{"@type":"ReadAction","target":["https:\/\/www.reseau-entreprendre.org\/tunisie\/entreprendre\/"]}]},{"@type":"BreadcrumbList","@id":"https:\/\/www.reseau-entreprendre.org\/tunisie\/entreprendre\/#breadcrumb","itemListElement":[{"@type":"ListItem","position":1,"name":"Accueil","item":"https:\/\/www.reseau-entreprendre.org\/tunisie\/"},{"@type":"ListItem","position":2,"name":"Entreprendre"}]},{"@type":"WebSite","@id":"https:\/\/www.reseau-entreprendre.org\/tunisie\/#website","url":"https:\/\/www.reseau-entreprendre.org\/tunisie\/","name":"R\u00e9seau Entreprendre Tunisie","description":"Un site utilisant Les sites de R\u00e9seau Entreprendre","potentialAction":[{"@type":"SearchAction","target":{"@type":"EntryPoint","urlTemplate":"https:\/\/www.reseau-entreprendre.org\/tunisie\/?s={search_term_string}"},"query-input":{"@type":"PropertyValueSpecification","valueRequired":true,"valueName":"search_term_string"}}],"inLanguage":"fr-FR"}]}},"_links":{"self":[{"href":"https:\/\/www.reseau-entreprendre.org\/tunisie\/wp-json\/wp\/v2\/pages\/13","targetHints":{"allow":["GET"]}}],"collection":[{"href":"https:\/\/www.reseau-entreprendre.org\/tunisie\/wp-json\/wp\/v2\/pages"}],"about":[{"href":"https:\/\/www.reseau-entreprendre.org\/tunisie\/wp-json\/wp\/v2\/types\/page"}],"author":[{"embeddable":true,"href":"https:\/\/www.reseau-entreprendre.org\/tunisie\/wp-json\/wp\/v2\/users\/1"}],"replies":[{"embeddable":true,"href":"https:\/\/www.reseau-entreprendre.org\/tunisie\/wp-json\/wp\/v2\/comments?post=13"}],"version-history":[{"count":0,"href":"https:\/\/www.reseau-entreprendre.org\/tunisie\/wp-json\/wp\/v2\/pages\/13\/revisions"}],"wp:attachment":[{"href":"https:\/\/www.reseau-entreprendre.org\/tunisie\/wp-json\/wp\/v2\/media?parent=13"}],"curies":[{"name":"wp","href":"https:\/\/api.w.org\/{rel}","templated":true}]}}