{"id":15,"date":"2017-04-28T12:33:47","date_gmt":"2017-04-28T10:33:47","guid":{"rendered":"http:\/\/re-dev-entreprendre.fr\/tunisie\/?page_id=15"},"modified":"2021-10-20T15:30:39","modified_gmt":"2021-10-20T13:30:39","slug":"accompagner","status":"publish","type":"page","link":"https:\/\/www.reseau-entreprendre.org\/tunisie\/accompagner\/","title":{"rendered":"Accompagner"},"content":{"rendered":"\n<h3 class=\"has-re-red-color has-text-color wp-block-heading\">Aujourd\u2019hui, R\u00e9seau Entreprendre Tunisie compte plus de 200 membres actifs couvrant tout le territoire du pays et \u0153uvrant dans diff\u00e9rents secteurs d\u2019activit\u00e9.<\/h3>\n\n\n\n<p>En adh\u00e9rant \u00e0 l\u2019association, vous vous faites accompagn\u00e9 par un de nos membres chefs d\u2019entreprise, membres engag\u00e9s dans l\u2019association, qui donnent b\u00e9n\u00e9volement de leur temps, de leur expertise, et de leur exp\u00e9rience afin de faire b\u00e9n\u00e9ficier les jeunes porteurs de projets d\u2019un accompagnement individuel qui dure jusqu\u2019\u00e0 3ans. Ces adh\u00e9rents \u0153uvrent dans diff\u00e9rents secteurs d\u2019activit\u00e9&nbsp;: les TICs, l\u2019industrie, l\u2019agriculture, l\u2019agroalimentaire, pharmaceutique, la finance, \u2026 et disposent de plusieurs d\u2019ann\u00e9es d\u2019exp\u00e9rience en tant que chefs d\u2019entreprise chevronn\u00e9es.<\/p>\n\n\n\n<p>Au-del\u00e0 d&#8217;une marque, d&#8217;une cible et d&#8217;une offre commune, toutes les associations internationales de R\u00e9seau Entreprendre partagent des valeurs fondamentales et indissociables, qui ont fait preuve de leur efficacit\u00e9 en 30 ans d\u2019exp\u00e9rience. En effet, le respect de ces <strong>3<\/strong> <strong>valeurs fondatrices<\/strong> est primordial chez R\u00e9seau Entreprendre Tunisie&nbsp;:<\/p>\n\n\n\n<p><strong>L&#8217;important, c&#8217;est la personne<br><\/strong>Avant la qualit\u00e9 du projet qu&#8217;elle porte, c&#8217;est la personne m\u00eame, son potentiel \u00e0 devenir entrepreneur, qui mobilise le soutien des chefs d&#8217;entreprise<\/p>\n\n\n\n<p><strong>Le principe c&#8217;est la gratuit\u00e9<\/strong><br>La gratuit\u00e9 de l&#8217;offre aux cr\u00e9ateurs et repreneurs pour que toutes leurs ressources contribuent \u00e0 la r\u00e9ussite de leur projet ; esprit de gratuit\u00e9 de ceux qui les accompagnent (citoyennet\u00e9 \u00e9conomique)<\/p>\n\n\n\n<p><strong>L&#8217;esprit, c&#8217;est la r\u00e9ciprocit\u00e9<\/strong><br>Les b\u00e9n\u00e9ficiaires sont invit\u00e9s \u00e0 rendre demain \u00e0 d&#8217;autres, ce qu&#8217;ils re\u00e7oivent aujourd&#8217;hui, devenant ainsi le maillon d&#8217;une cha\u00eene d&#8217;entraide entre chefs d&#8217;entreprise.<\/p>\n\n\n\n<p><strong>La convivialit\u00e9, la confiance mutuelle et la confidentialit\u00e9<\/strong><br>Tout se passe dans une ambiance conviviale, la confiance et le respect de la confidentialit\u00e9 des projets.<\/p>\n","protected":false},"excerpt":{"rendered":"<p>Aujourd\u2019hui, R\u00e9seau Entreprendre Tunisie compte plus de 200 membres actifs<\/p>\n","protected":false},"author":1,"featured_media":0,"parent":0,"menu_order":0,"comment_status":"closed","ping_status":"closed","template":"","meta":{"_acf_changed":false,"_monsterinsights_skip_tracking":false,"_monsterinsights_sitenote_active":false,"_monsterinsights_sitenote_note":"","_monsterinsights_sitenote_category":0,"footnotes":""},"class_list":["post-15","page","type-page","status-publish","hentry"],"acf":[],"yoast_head":"<!-- This site is optimized with the Yoast SEO plugin v27.4 - https:\/\/yoast.com\/product\/yoast-seo-wordpress\/ -->\n<title>Accompagner| Reseau Entreprendre Tunisie<\/title>\n<meta name=\"description\" content=\"Vous \u00eates chef d&#039;entreprise et souhaitez accompagner de nouveaux entrepreneurs ? Devenez membre b\u00e9n\u00e9vole de R\u00e9seau Entreprendre Tunisie !\" \/>\n<meta name=\"robots\" content=\"index, follow, max-snippet:-1, max-image-preview:large, max-video-preview:-1\" \/>\n<link rel=\"canonical\" href=\"https:\/\/www.reseau-entreprendre.org\/tunisie\/accompagner\/\" \/>\n<meta property=\"og:locale\" content=\"fr_FR\" \/>\n<meta property=\"og:type\" content=\"article\" \/>\n<meta property=\"og:title\" content=\"Accompagner| Reseau Entreprendre Tunisie\" \/>\n<meta property=\"og:description\" content=\"Vous \u00eates chef d&#039;entreprise et souhaitez accompagner de nouveaux entrepreneurs ? Devenez membre b\u00e9n\u00e9vole de R\u00e9seau Entreprendre Tunisie !\" \/>\n<meta property=\"og:url\" content=\"https:\/\/www.reseau-entreprendre.org\/tunisie\/accompagner\/\" \/>\n<meta property=\"og:site_name\" content=\"R\u00e9seau Entreprendre Tunisie\" \/>\n<meta property=\"article:modified_time\" content=\"2021-10-20T13:30:39+00:00\" \/>\n<meta name=\"twitter:card\" content=\"summary_large_image\" \/>\n<meta name=\"twitter:label1\" content=\"Dur\u00e9e de lecture estim\u00e9e\" \/>\n\t<meta name=\"twitter:data1\" content=\"2 minutes\" \/>\n<script type=\"application\/ld+json\" class=\"yoast-schema-graph\">{\"@context\":\"https:\\\/\\\/schema.org\",\"@graph\":[{\"@type\":\"WebPage\",\"@id\":\"https:\\\/\\\/www.reseau-entreprendre.org\\\/tunisie\\\/accompagner\\\/\",\"url\":\"https:\\\/\\\/www.reseau-entreprendre.org\\\/tunisie\\\/accompagner\\\/\",\"name\":\"Accompagner| Reseau Entreprendre Tunisie\",\"isPartOf\":{\"@id\":\"https:\\\/\\\/www.reseau-entreprendre.org\\\/tunisie\\\/#website\"},\"datePublished\":\"2017-04-28T10:33:47+00:00\",\"dateModified\":\"2021-10-20T13:30:39+00:00\",\"description\":\"Vous \u00eates chef d'entreprise et souhaitez accompagner de nouveaux entrepreneurs ? Devenez membre b\u00e9n\u00e9vole de R\u00e9seau Entreprendre Tunisie !\",\"breadcrumb\":{\"@id\":\"https:\\\/\\\/www.reseau-entreprendre.org\\\/tunisie\\\/accompagner\\\/#breadcrumb\"},\"inLanguage\":\"fr-FR\",\"potentialAction\":[{\"@type\":\"ReadAction\",\"target\":[\"https:\\\/\\\/www.reseau-entreprendre.org\\\/tunisie\\\/accompagner\\\/\"]}]},{\"@type\":\"BreadcrumbList\",\"@id\":\"https:\\\/\\\/www.reseau-entreprendre.org\\\/tunisie\\\/accompagner\\\/#breadcrumb\",\"itemListElement\":[{\"@type\":\"ListItem\",\"position\":1,\"name\":\"Accueil\",\"item\":\"https:\\\/\\\/www.reseau-entreprendre.org\\\/tunisie\\\/\"},{\"@type\":\"ListItem\",\"position\":2,\"name\":\"Accompagner\"}]},{\"@type\":\"WebSite\",\"@id\":\"https:\\\/\\\/www.reseau-entreprendre.org\\\/tunisie\\\/#website\",\"url\":\"https:\\\/\\\/www.reseau-entreprendre.org\\\/tunisie\\\/\",\"name\":\"R\u00e9seau Entreprendre Tunisie\",\"description\":\"Un site utilisant Les sites de R\u00e9seau Entreprendre\",\"potentialAction\":[{\"@type\":\"SearchAction\",\"target\":{\"@type\":\"EntryPoint\",\"urlTemplate\":\"https:\\\/\\\/www.reseau-entreprendre.org\\\/tunisie\\\/?s={search_term_string}\"},\"query-input\":{\"@type\":\"PropertyValueSpecification\",\"valueRequired\":true,\"valueName\":\"search_term_string\"}}],\"inLanguage\":\"fr-FR\"}]}<\/script>\n<!-- \/ Yoast SEO plugin. -->","yoast_head_json":{"title":"Accompagner| Reseau Entreprendre Tunisie","description":"Vous \u00eates chef d'entreprise et souhaitez accompagner de nouveaux entrepreneurs ? Devenez membre b\u00e9n\u00e9vole de R\u00e9seau Entreprendre Tunisie !","robots":{"index":"index","follow":"follow","max-snippet":"max-snippet:-1","max-image-preview":"max-image-preview:large","max-video-preview":"max-video-preview:-1"},"canonical":"https:\/\/www.reseau-entreprendre.org\/tunisie\/accompagner\/","og_locale":"fr_FR","og_type":"article","og_title":"Accompagner| Reseau Entreprendre Tunisie","og_description":"Vous \u00eates chef d'entreprise et souhaitez accompagner de nouveaux entrepreneurs ? Devenez membre b\u00e9n\u00e9vole de R\u00e9seau Entreprendre Tunisie !","og_url":"https:\/\/www.reseau-entreprendre.org\/tunisie\/accompagner\/","og_site_name":"R\u00e9seau Entreprendre Tunisie","article_modified_time":"2021-10-20T13:30:39+00:00","twitter_card":"summary_large_image","twitter_misc":{"Dur\u00e9e de lecture estim\u00e9e":"2 minutes"},"schema":{"@context":"https:\/\/schema.org","@graph":[{"@type":"WebPage","@id":"https:\/\/www.reseau-entreprendre.org\/tunisie\/accompagner\/","url":"https:\/\/www.reseau-entreprendre.org\/tunisie\/accompagner\/","name":"Accompagner| Reseau Entreprendre Tunisie","isPartOf":{"@id":"https:\/\/www.reseau-entreprendre.org\/tunisie\/#website"},"datePublished":"2017-04-28T10:33:47+00:00","dateModified":"2021-10-20T13:30:39+00:00","description":"Vous \u00eates chef d'entreprise et souhaitez accompagner de nouveaux entrepreneurs ? Devenez membre b\u00e9n\u00e9vole de R\u00e9seau Entreprendre Tunisie !","breadcrumb":{"@id":"https:\/\/www.reseau-entreprendre.org\/tunisie\/accompagner\/#breadcrumb"},"inLanguage":"fr-FR","potentialAction":[{"@type":"ReadAction","target":["https:\/\/www.reseau-entreprendre.org\/tunisie\/accompagner\/"]}]},{"@type":"BreadcrumbList","@id":"https:\/\/www.reseau-entreprendre.org\/tunisie\/accompagner\/#breadcrumb","itemListElement":[{"@type":"ListItem","position":1,"name":"Accueil","item":"https:\/\/www.reseau-entreprendre.org\/tunisie\/"},{"@type":"ListItem","position":2,"name":"Accompagner"}]},{"@type":"WebSite","@id":"https:\/\/www.reseau-entreprendre.org\/tunisie\/#website","url":"https:\/\/www.reseau-entreprendre.org\/tunisie\/","name":"R\u00e9seau Entreprendre Tunisie","description":"Un site utilisant Les sites de R\u00e9seau Entreprendre","potentialAction":[{"@type":"SearchAction","target":{"@type":"EntryPoint","urlTemplate":"https:\/\/www.reseau-entreprendre.org\/tunisie\/?s={search_term_string}"},"query-input":{"@type":"PropertyValueSpecification","valueRequired":true,"valueName":"search_term_string"}}],"inLanguage":"fr-FR"}]}},"_links":{"self":[{"href":"https:\/\/www.reseau-entreprendre.org\/tunisie\/wp-json\/wp\/v2\/pages\/15","targetHints":{"allow":["GET"]}}],"collection":[{"href":"https:\/\/www.reseau-entreprendre.org\/tunisie\/wp-json\/wp\/v2\/pages"}],"about":[{"href":"https:\/\/www.reseau-entreprendre.org\/tunisie\/wp-json\/wp\/v2\/types\/page"}],"author":[{"embeddable":true,"href":"https:\/\/www.reseau-entreprendre.org\/tunisie\/wp-json\/wp\/v2\/users\/1"}],"replies":[{"embeddable":true,"href":"https:\/\/www.reseau-entreprendre.org\/tunisie\/wp-json\/wp\/v2\/comments?post=15"}],"version-history":[{"count":0,"href":"https:\/\/www.reseau-entreprendre.org\/tunisie\/wp-json\/wp\/v2\/pages\/15\/revisions"}],"wp:attachment":[{"href":"https:\/\/www.reseau-entreprendre.org\/tunisie\/wp-json\/wp\/v2\/media?parent=15"}],"curies":[{"name":"wp","href":"https:\/\/api.w.org\/{rel}","templated":true}]}}