{"id":17,"date":"2017-04-28T12:34:01","date_gmt":"2017-04-28T10:34:01","guid":{"rendered":"http:\/\/re-dev-entreprendre.fr\/tunisie\/?page_id=17"},"modified":"2021-10-20T15:38:35","modified_gmt":"2021-10-20T13:38:35","slug":"soutenir","status":"publish","type":"page","link":"https:\/\/www.reseau-entreprendre.org\/tunisie\/soutenir\/","title":{"rendered":"Soutenir"},"content":{"rendered":"<h2>Soutenir<\/h2>\n<h3>Les sept sections r\u00e9gionales de R\u00e9seau Entreprendre Tunisie sont autonomes dans leur fonctionnement.<\/h3>\n<p>Leur budget d&#8217;exploitation est couvert majoritairement par les cotisations des chefs d&#8217;entreprise, en compl\u00e9ment du b\u00e9n\u00e9volat apport\u00e9. Les fonds de pr\u00eats d&#8217;honneur sont constitu\u00e9s avec le soutien des collectivit\u00e9s territoriales, de la Caisse des D\u00e9p\u00f4ts, d&#8217;acteurs priv\u00e9s (donateurs, \u00e9tablissements bancaires, \u2026).<\/p>\n<hr>\n<p>Les partenaires financiers de R\u00e9seau Entreprendre Tunisie&nbsp;sont&nbsp;:<\/p>\n<ul>\n<li>Agence Fran\u00e7aise de D\u00e9veloppement (AFD) : Fonds de pr\u00eats, formations destin\u00e9es aux candidats en phase d\u2019instruction de projets, formations des laur\u00e9ats de l\u2019association et formation de l\u2019\u00e9quipe op\u00e9rationnelle en softskills.<\/li>\n<li>Middle East Partnership Initiative (MEPI) : Ev\u00e8nement de networking \u00e0 l\u2019\u00e9tranger pour les laur\u00e9ats, un projet de plaidoyer au nom d\u2019Aventures d\u2019Entrepreneurs.<\/li>\n<li>Hivos International&nbsp;: Financement des tourn\u00e9es \u00ab&nbsp;RAIDA Meet-Ups&nbsp;\u00bb&nbsp;; des formations gratuites d\u00e9livr\u00e9es aux femmes entrepreneures dans les r\u00e9gions.<\/li>\n<li>Minist\u00e8re de la femme, de la famille et de l\u2019enfance&nbsp;: des formations en BMC &amp; Pitch destin\u00e9es aux femmes entrepreneures dipl\u00f4m\u00e9es ayant un projet ou une id\u00e9e de projet, des fonds de pr\u00eats pour les laur\u00e9ates RAIDA (programme de d\u00e9veloppement de l\u2019entrepreneuriat f\u00e9minin).<\/li>\n<li>Caisse des D\u00e9p\u00f4ts (CDC)&nbsp;: des fonds de pr\u00eats<\/li>\n<li>Banque Europ\u00e9enne d\u2019Investissement (BEI), Banque Tuniso-Kowe\u00eftienne (BTK), Amen Bank et Banque de Tunisie (BT)&nbsp;: La BEI a accord\u00e9 une ligne de cr\u00e9dits accessible aux laur\u00e9ats de l\u2019association \u00e0 travers les 3 banques&nbsp;: BTK, Amen Bank et BT avec l\u2019octroi de cr\u00e9dits \u00e0 des taux d\u2019int\u00e9r\u00eats pr\u00e9f\u00e9rentiels \u00e0 ceux du march\u00e9.<\/li>\n<li>Tunisie Leasing&nbsp;: Fonds de pr\u00eats et renforcement des capacit\u00e9s<\/li>\n<\/ul>\n<hr>\n<p>Les partenaires techniques de R\u00e9seau Entreprendre Tunisie&nbsp;sont&nbsp;:<\/p>\n<ul>\n<li>Agence de Promotion de l&#8217;Industrie et de l&#8217;Innovation (APII)<\/li>\n<li>Agence de Promotion des Investissements Agricoles (APIA)<\/li>\n<li>LAB\u2019ESS<\/li>\n<li>Association des Tunisiens des Grandes Ecoles (ATUGE)<\/li>\n<li>Education For Employment Tunisia (EFE)<\/li>\n<li>Tunisian American Enterprise Fund (TAEF)<\/li>\n<li>Communaut\u00e9 Tunisienne R\u00e9sidente en Suisse (CTRS)<\/li>\n<li>Carthage Business Angels (CBA)<\/li>\n<\/ul>\n","protected":false},"excerpt":{"rendered":"<p>Soutenir Les sept sections r\u00e9gionales de R\u00e9seau Entreprendre Tunisie sont<\/p>\n","protected":false},"author":1,"featured_media":0,"parent":0,"menu_order":0,"comment_status":"closed","ping_status":"closed","template":"","meta":{"_acf_changed":false,"_monsterinsights_skip_tracking":false,"_monsterinsights_sitenote_active":false,"_monsterinsights_sitenote_note":"","_monsterinsights_sitenote_category":0,"footnotes":""},"class_list":["post-17","page","type-page","status-publish","hentry"],"acf":[],"yoast_head":"<!-- This site is optimized with the Yoast SEO plugin v27.4 - https:\/\/yoast.com\/product\/yoast-seo-wordpress\/ -->\n<title>Soutenir | Reseau Entreprendre Tunisie<\/title>\n<meta name=\"description\" content=\"Partenaire, vous souhaitez soutenir un r\u00e9seau 100% chefs d&#039;entreprise ? Rejoignez R\u00e9seau Entreprendre Tunisie\" \/>\n<meta name=\"robots\" content=\"index, follow, max-snippet:-1, max-image-preview:large, max-video-preview:-1\" \/>\n<link rel=\"canonical\" href=\"https:\/\/www.reseau-entreprendre.org\/tunisie\/soutenir\/\" \/>\n<meta property=\"og:locale\" content=\"fr_FR\" \/>\n<meta property=\"og:type\" content=\"article\" \/>\n<meta property=\"og:title\" content=\"Soutenir | Reseau Entreprendre Tunisie\" \/>\n<meta property=\"og:description\" content=\"Partenaire, vous souhaitez soutenir un r\u00e9seau 100% chefs d&#039;entreprise ? Rejoignez R\u00e9seau Entreprendre Tunisie\" \/>\n<meta property=\"og:url\" content=\"https:\/\/www.reseau-entreprendre.org\/tunisie\/soutenir\/\" \/>\n<meta property=\"og:site_name\" content=\"R\u00e9seau Entreprendre Tunisie\" \/>\n<meta property=\"article:modified_time\" content=\"2021-10-20T13:38:35+00:00\" \/>\n<meta name=\"twitter:card\" content=\"summary_large_image\" \/>\n<meta name=\"twitter:label1\" content=\"Dur\u00e9e de lecture estim\u00e9e\" \/>\n\t<meta name=\"twitter:data1\" content=\"2 minutes\" \/>\n<script type=\"application\/ld+json\" class=\"yoast-schema-graph\">{\"@context\":\"https:\\\/\\\/schema.org\",\"@graph\":[{\"@type\":\"WebPage\",\"@id\":\"https:\\\/\\\/www.reseau-entreprendre.org\\\/tunisie\\\/soutenir\\\/\",\"url\":\"https:\\\/\\\/www.reseau-entreprendre.org\\\/tunisie\\\/soutenir\\\/\",\"name\":\"Soutenir | Reseau Entreprendre Tunisie\",\"isPartOf\":{\"@id\":\"https:\\\/\\\/www.reseau-entreprendre.org\\\/tunisie\\\/#website\"},\"datePublished\":\"2017-04-28T10:34:01+00:00\",\"dateModified\":\"2021-10-20T13:38:35+00:00\",\"description\":\"Partenaire, vous souhaitez soutenir un r\u00e9seau 100% chefs d'entreprise ? Rejoignez R\u00e9seau Entreprendre Tunisie\",\"breadcrumb\":{\"@id\":\"https:\\\/\\\/www.reseau-entreprendre.org\\\/tunisie\\\/soutenir\\\/#breadcrumb\"},\"inLanguage\":\"fr-FR\",\"potentialAction\":[{\"@type\":\"ReadAction\",\"target\":[\"https:\\\/\\\/www.reseau-entreprendre.org\\\/tunisie\\\/soutenir\\\/\"]}]},{\"@type\":\"BreadcrumbList\",\"@id\":\"https:\\\/\\\/www.reseau-entreprendre.org\\\/tunisie\\\/soutenir\\\/#breadcrumb\",\"itemListElement\":[{\"@type\":\"ListItem\",\"position\":1,\"name\":\"Accueil\",\"item\":\"https:\\\/\\\/www.reseau-entreprendre.org\\\/tunisie\\\/\"},{\"@type\":\"ListItem\",\"position\":2,\"name\":\"Soutenir\"}]},{\"@type\":\"WebSite\",\"@id\":\"https:\\\/\\\/www.reseau-entreprendre.org\\\/tunisie\\\/#website\",\"url\":\"https:\\\/\\\/www.reseau-entreprendre.org\\\/tunisie\\\/\",\"name\":\"R\u00e9seau Entreprendre Tunisie\",\"description\":\"Un site utilisant Les sites de R\u00e9seau Entreprendre\",\"potentialAction\":[{\"@type\":\"SearchAction\",\"target\":{\"@type\":\"EntryPoint\",\"urlTemplate\":\"https:\\\/\\\/www.reseau-entreprendre.org\\\/tunisie\\\/?s={search_term_string}\"},\"query-input\":{\"@type\":\"PropertyValueSpecification\",\"valueRequired\":true,\"valueName\":\"search_term_string\"}}],\"inLanguage\":\"fr-FR\"}]}<\/script>\n<!-- \/ Yoast SEO plugin. -->","yoast_head_json":{"title":"Soutenir | Reseau Entreprendre Tunisie","description":"Partenaire, vous souhaitez soutenir un r\u00e9seau 100% chefs d'entreprise ? Rejoignez R\u00e9seau Entreprendre Tunisie","robots":{"index":"index","follow":"follow","max-snippet":"max-snippet:-1","max-image-preview":"max-image-preview:large","max-video-preview":"max-video-preview:-1"},"canonical":"https:\/\/www.reseau-entreprendre.org\/tunisie\/soutenir\/","og_locale":"fr_FR","og_type":"article","og_title":"Soutenir | Reseau Entreprendre Tunisie","og_description":"Partenaire, vous souhaitez soutenir un r\u00e9seau 100% chefs d'entreprise ? Rejoignez R\u00e9seau Entreprendre Tunisie","og_url":"https:\/\/www.reseau-entreprendre.org\/tunisie\/soutenir\/","og_site_name":"R\u00e9seau Entreprendre Tunisie","article_modified_time":"2021-10-20T13:38:35+00:00","twitter_card":"summary_large_image","twitter_misc":{"Dur\u00e9e de lecture estim\u00e9e":"2 minutes"},"schema":{"@context":"https:\/\/schema.org","@graph":[{"@type":"WebPage","@id":"https:\/\/www.reseau-entreprendre.org\/tunisie\/soutenir\/","url":"https:\/\/www.reseau-entreprendre.org\/tunisie\/soutenir\/","name":"Soutenir | Reseau Entreprendre Tunisie","isPartOf":{"@id":"https:\/\/www.reseau-entreprendre.org\/tunisie\/#website"},"datePublished":"2017-04-28T10:34:01+00:00","dateModified":"2021-10-20T13:38:35+00:00","description":"Partenaire, vous souhaitez soutenir un r\u00e9seau 100% chefs d'entreprise ? Rejoignez R\u00e9seau Entreprendre Tunisie","breadcrumb":{"@id":"https:\/\/www.reseau-entreprendre.org\/tunisie\/soutenir\/#breadcrumb"},"inLanguage":"fr-FR","potentialAction":[{"@type":"ReadAction","target":["https:\/\/www.reseau-entreprendre.org\/tunisie\/soutenir\/"]}]},{"@type":"BreadcrumbList","@id":"https:\/\/www.reseau-entreprendre.org\/tunisie\/soutenir\/#breadcrumb","itemListElement":[{"@type":"ListItem","position":1,"name":"Accueil","item":"https:\/\/www.reseau-entreprendre.org\/tunisie\/"},{"@type":"ListItem","position":2,"name":"Soutenir"}]},{"@type":"WebSite","@id":"https:\/\/www.reseau-entreprendre.org\/tunisie\/#website","url":"https:\/\/www.reseau-entreprendre.org\/tunisie\/","name":"R\u00e9seau Entreprendre Tunisie","description":"Un site utilisant Les sites de R\u00e9seau Entreprendre","potentialAction":[{"@type":"SearchAction","target":{"@type":"EntryPoint","urlTemplate":"https:\/\/www.reseau-entreprendre.org\/tunisie\/?s={search_term_string}"},"query-input":{"@type":"PropertyValueSpecification","valueRequired":true,"valueName":"search_term_string"}}],"inLanguage":"fr-FR"}]}},"_links":{"self":[{"href":"https:\/\/www.reseau-entreprendre.org\/tunisie\/wp-json\/wp\/v2\/pages\/17","targetHints":{"allow":["GET"]}}],"collection":[{"href":"https:\/\/www.reseau-entreprendre.org\/tunisie\/wp-json\/wp\/v2\/pages"}],"about":[{"href":"https:\/\/www.reseau-entreprendre.org\/tunisie\/wp-json\/wp\/v2\/types\/page"}],"author":[{"embeddable":true,"href":"https:\/\/www.reseau-entreprendre.org\/tunisie\/wp-json\/wp\/v2\/users\/1"}],"replies":[{"embeddable":true,"href":"https:\/\/www.reseau-entreprendre.org\/tunisie\/wp-json\/wp\/v2\/comments?post=17"}],"version-history":[{"count":0,"href":"https:\/\/www.reseau-entreprendre.org\/tunisie\/wp-json\/wp\/v2\/pages\/17\/revisions"}],"wp:attachment":[{"href":"https:\/\/www.reseau-entreprendre.org\/tunisie\/wp-json\/wp\/v2\/media?parent=17"}],"curies":[{"name":"wp","href":"https:\/\/api.w.org\/{rel}","templated":true}]}}