{"id":2843,"date":"2024-05-06T15:10:50","date_gmt":"2024-05-06T13:10:50","guid":{"rendered":"https:\/\/www.reseau-entreprendre.org\/val-d-oise\/?page_id=2843"},"modified":"2026-03-17T10:39:29","modified_gmt":"2026-03-17T09:39:29","slug":"decouvrez-reseau-entreprendre-val-doise","status":"publish","type":"page","link":"https:\/\/www.reseau-entreprendre.org\/val-d-oise\/decouvrez-reseau-entreprendre-val-doise\/","title":{"rendered":"D\u00e9couvrez R\u00e9seau Entreprendre Val d&#8217;Oise"},"content":{"rendered":"\n<div class=\"wp-block-columns is-layout-flex wp-container-core-columns-is-layout-9d6595d7 wp-block-columns-is-layout-flex\">\n<div class=\"wp-block-column is-layout-flow wp-block-column-is-layout-flow\">\n<figure class=\"wp-block-image size-large\"><img loading=\"lazy\" decoding=\"async\" width=\"2560\" height=\"1439\" src=\"https:\/\/www.reseau-entreprendre.org\/val-d-oise\/wp-content\/uploads\/sites\/27\/2025\/06\/Reseau-entreprendre-Val-Doise_0-edited-scaled.jpg\" alt=\"\" class=\"wp-image-4338\" srcset=\"https:\/\/www.reseau-entreprendre.org\/val-d-oise\/wp-content\/uploads\/sites\/27\/2025\/06\/Reseau-entreprendre-Val-Doise_0-edited-scaled.jpg 2560w, https:\/\/www.reseau-entreprendre.org\/val-d-oise\/wp-content\/uploads\/sites\/27\/2025\/06\/Reseau-entreprendre-Val-Doise_0-edited-300x169.jpg 300w, https:\/\/www.reseau-entreprendre.org\/val-d-oise\/wp-content\/uploads\/sites\/27\/2025\/06\/Reseau-entreprendre-Val-Doise_0-edited-1024x576.jpg 1024w, https:\/\/www.reseau-entreprendre.org\/val-d-oise\/wp-content\/uploads\/sites\/27\/2025\/06\/Reseau-entreprendre-Val-Doise_0-edited-768x432.jpg 768w, https:\/\/www.reseau-entreprendre.org\/val-d-oise\/wp-content\/uploads\/sites\/27\/2025\/06\/Reseau-entreprendre-Val-Doise_0-edited-1536x864.jpg 1536w, https:\/\/www.reseau-entreprendre.org\/val-d-oise\/wp-content\/uploads\/sites\/27\/2025\/06\/Reseau-entreprendre-Val-Doise_0-edited-2048x1151.jpg 2048w, https:\/\/www.reseau-entreprendre.org\/val-d-oise\/wp-content\/uploads\/sites\/27\/2025\/06\/Reseau-entreprendre-Val-Doise_0-edited-210x118.jpg 210w, https:\/\/www.reseau-entreprendre.org\/val-d-oise\/wp-content\/uploads\/sites\/27\/2025\/06\/Reseau-entreprendre-Val-Doise_0-edited-100x56.jpg 100w\" sizes=\"auto, (max-width: 2560px) 100vw, 2560px\" \/><\/figure>\n<\/div>\n<\/div>\n\n\n\n<h2 class=\"wp-block-heading has-text-align-center has-re-red-color has-text-color has-link-color wp-elements-c11866e6f9829585313f5b8d739de2b2\"><strong>&#8220;Pour cr\u00e9er des emplois, cr\u00e9ons des employeurs&#8221;<\/strong><\/h2>\n\n\n\n<p class=\"has-text-align-center\"><em><strong>par Andr\u00e9 Mulliez, fondateur de R\u00e9seau Entreprendre<\/strong><\/em>\u00ae<\/p>\n\n\n\n<div style=\"height:11px\" aria-hidden=\"true\" class=\"wp-block-spacer\"><\/div>\n\n\n\n<p style=\"font-size:20px\">Reconnue d\u2019int\u00e9r\u00eat g\u00e9n\u00e9ral, R\u00e9seau Entreprendre Val d&#8217;Oise est l\u2019une des\u00a0<a href=\"https:\/\/www.reseau-entreprendre.org\/fr\/nos-associations-a-travers-le-monde\/\">144 associations membres de la F\u00e9d\u00e9ration R\u00e9seau Entreprendre<\/a>\u00a0qui r\u00e9unit au total 15 000 chefs d\u2019entreprise dans plus de 10 pays.<\/p>\n\n\n\n<p style=\"font-size:20px\">R\u00e9seau Entreprendre est n\u00e9e de la conscience d\u2019un industriel du Nord de la France&nbsp;: Andr\u00e9 Mulliez, alors PDG du Groupe Phildar. Pour faire face aux enjeux du ch\u00f4mage, il lance le concept de R\u00e9seau Entreprendre en 1986 autour d\u2019une maxime visionnaire&nbsp;<strong>\u00ab&nbsp;Pour cr\u00e9er des emplois, cr\u00e9ons des employeurs.&nbsp;\u00bb<\/strong>&nbsp;Il sera suivi par des chefs d\u2019entreprises d\u2019autres r\u00e9gions, convaincus que l\u2019entrepreneuriat participe \u00e0 la dynamisation des territoires.<\/p>\n\n\n\n<div style=\"height:17px\" aria-hidden=\"true\" class=\"wp-block-spacer\"><\/div>\n\n\n\n<h4 class=\"wp-block-heading has-text-align-center has-background\" style=\"background-color:#ffe0b8;font-size:30px\"><strong>Nos missions<\/strong><\/h4>\n\n\n\n<div style=\"height:12px\" aria-hidden=\"true\" class=\"wp-block-spacer\"><\/div>\n\n\n\n<div class=\"wp-block-columns is-layout-flex wp-container-core-columns-is-layout-9d6595d7 wp-block-columns-is-layout-flex\">\n<div class=\"wp-block-column is-layout-flow wp-block-column-is-layout-flow\">\n<p class=\"has-text-align-center has-re-blue-color has-text-color has-link-color wp-elements-9237d966a12c26bd687e00048fd7d49f\" style=\"font-size:20px\"><strong>1.<\/strong><br><strong>Cr\u00e9er et maintenir des emplois sur le territoire du Val d&#8217;Oise en accompagnant des dirigeants d\u2019entreprises dans la r\u00e9ussite de leur activit\u00e9.<\/strong><\/p>\n<\/div>\n\n\n\n<div class=\"wp-block-column is-layout-flow wp-block-column-is-layout-flow\">\n<p class=\"has-text-align-center has-re-red-color has-text-color has-link-color wp-elements-8eb693bc1ab107ff00742e79ed6d65a4\" style=\"font-size:20px\"><strong>2.<br>F\u00e9d\u00e9rer une communaut\u00e9 engag\u00e9e et solidaire de chefs d\u2019entreprises autour d\u2019une dynamique \u00e9conomique commune<\/strong><\/p>\n<\/div>\n<\/div>\n\n\n\n<p style=\"font-size:17px\"><\/p>\n\n\n\n<div style=\"height:15px\" aria-hidden=\"true\" class=\"wp-block-spacer\"><\/div>\n\n\n\n<h2 class=\"wp-block-heading has-text-align-center has-background\" style=\"background-color:#cdeaf3;font-size:30px\"><strong>Solidarit\u00e9, r\u00e9ciprocit\u00e9 et gratuit\u00e9<\/strong><\/h2>\n\n\n\n<div style=\"height:14px\" aria-hidden=\"true\" class=\"wp-block-spacer\"><\/div>\n\n\n\n<p style=\"font-size:20px\">Cr\u00e9\u00e9e en 2010, l\u2019association accompagne gratuitement des entrepreneurs et entrepreneuses \u00ab&nbsp;<strong>laur\u00e9ats<\/strong>&nbsp;\u00bb dans l\u2019apprentissage de leur m\u00e9tier et les diff\u00e9rents stades de d\u00e9veloppement de leur activit\u00e9.<\/p>\n\n\n\n<p style=\"font-size:20px\">Cet accompagnement est rendu possible gr\u00e2ce \u00e0 des chefs et cheffes d\u2019entreprise b\u00e9n\u00e9voles \u00ab&nbsp;<strong>membres<\/strong>&nbsp;\u00bb, anim\u00e9s par l\u2019envie de transmettre leur exp\u00e9rience et accompagner la rel\u00e8ve. Acteur majeur de l\u2019entrepreneuriat parisien, R\u00e9seau Entreprendre\u00ae Val d&#8217;Oise est une communaut\u00e9 r\u00e9unie autour d\u2019une ambition commune&nbsp;: promouvoir un entrepreneuriat pluriel, humaniste, responsable et engag\u00e9, porteur de solutions pour l\u2019avenir.<\/p>\n\n\n\n<p style=\"font-size:20px\">En 14 ans, la structure a accompagn\u00e9 plus de 160 projets (<a href=\"https:\/\/www.mp-logistique.fr\/\">MiPi<\/a>,&nbsp;<a href=\"https:\/\/mendo.ai\/\">Mendo<\/a>,&nbsp;<a href=\"https:\/\/neolitik.fr\/\">Neolitik<\/a>,&nbsp;<a href=\"https:\/\/www.savane-mousson.fr\/\">Savane &amp; Mousson<\/a>,&nbsp;<a href=\"https:\/\/www.studapart.com\/fr\">Studapart<\/a>&nbsp;\u2026), apport\u00e9 5 millions d&#8217;euros de pr\u00eats d\u2019honneur et accompagn\u00e9 la cr\u00e9ation de plus de 1 500 emplois.<\/p>\n\n\n\n<div style=\"height:21px\" aria-hidden=\"true\" class=\"wp-block-spacer\"><\/div>\n\n\n\n<div class=\"wp-block-buttons is-content-justification-center is-layout-flex wp-container-core-buttons-is-layout-16018d1d wp-block-buttons-is-layout-flex\">\n<div class=\"wp-block-button\"><a class=\"wp-block-button__link has-medium-font-size has-custom-font-size wp-element-button\" href=\"https:\/\/www.reseau-entreprendre.org\/val-d-oise\/success-story\/\" style=\"border-radius:20px\">Voir les entreprises accompagn\u00e9es<\/a><\/div>\n<\/div>\n\n\n\n<div style=\"height:23px\" aria-hidden=\"true\" class=\"wp-block-spacer\"><\/div>\n\n\n\n<hr class=\"wp-block-separator has-alpha-channel-opacity\" \/>\n\n\n\n<div style=\"height:17px\" aria-hidden=\"true\" class=\"wp-block-spacer\"><\/div>\n\n\n\n<p class=\"has-text-align-center has-re-yellow-color has-text-color has-link-color wp-elements-fc5e8cc5598f96a5afa1fa09fb47032a\" style=\"font-size:29px\"><strong>D\u00e9couvre le R\u00e9seau Entreprendre Val d&#8217;Oise en quelques secondes <\/strong><\/p>\n\n\n\n<div class=\"wp-block-columns is-layout-flex wp-container-core-columns-is-layout-9d6595d7 wp-block-columns-is-layout-flex\">\n<div class=\"wp-block-column is-vertically-aligned-center is-layout-flow wp-block-column-is-layout-flow\">\n<figure class=\"wp-block-embed aligncenter is-type-video is-provider-youtube wp-block-embed-youtube wp-embed-aspect-16-9 wp-has-aspect-ratio\"><div class=\"wp-block-embed__wrapper\">\n<iframe loading=\"lazy\" title=\"Pr\u00e9sentation de R\u00e9seau Entreprendre Val d&#039;Oise\" width=\"500\" height=\"281\" src=\"https:\/\/www.youtube.com\/embed\/O94RJkpdbc8?feature=oembed\" frameborder=\"0\" allow=\"accelerometer; autoplay; clipboard-write; encrypted-media; gyroscope; picture-in-picture; web-share\" referrerpolicy=\"strict-origin-when-cross-origin\" allowfullscreen><\/iframe>\n<\/div><\/figure>\n<\/div>\n<\/div>\n\n\n\n<div style=\"height:41px\" aria-hidden=\"true\" class=\"wp-block-spacer\"><\/div>\n\n\n\n<div class=\"wp-block-columns has-background is-layout-flex wp-container-core-columns-is-layout-9d6595d7 wp-block-columns-is-layout-flex\" style=\"background-color:#f2fbff\">\n<div class=\"wp-block-column is-layout-flow wp-block-column-is-layout-flow\">\n<div class=\"wp-block-group has-background is-vertical is-content-justification-center is-layout-flex wp-container-core-group-is-layout-4b2eccd6 wp-block-group-is-layout-flex\" style=\"background-color:#effbff\">\n<figure class=\"wp-block-image\"><img decoding=\"async\" src=\"https:\/\/www.reseau-entreprendre.org\/paris\/wp-content\/uploads\/sites\/19\/2021\/12\/1-1.png\" alt=\"\" class=\"wp-image-6294\" \/><\/figure>\n\n\n\n<p class=\"has-re-red-color has-text-color has-link-color wp-elements-79bec8f7589855ef75da57f128518434\"><strong>L\u2019important, c\u2019est la personne<\/strong><\/p>\n\n\n\n<p class=\"has-text-align-center\">Avant la qualit\u00e9 du projet qu\u2019elle porte, c\u2019est la personne m\u00eame, son potentiel \u00e0 devenir entrepreneur, qui mobilise le soutien des chefs d\u2019entreprise.<\/p>\n<\/div>\n<\/div>\n\n\n\n<div class=\"wp-block-column is-layout-flow wp-block-column-is-layout-flow\">\n<div class=\"wp-block-group is-vertical is-content-justification-center is-layout-flex wp-container-core-group-is-layout-4b2eccd6 wp-block-group-is-layout-flex\">\n<figure class=\"wp-block-image\"><img decoding=\"async\" src=\"https:\/\/www.reseau-entreprendre.org\/paris\/wp-content\/uploads\/sites\/19\/2021\/12\/3-2.png\" alt=\"\" class=\"wp-image-6298\" \/><\/figure>\n\n\n\n<p class=\"has-re-yellow-color has-text-color has-link-color wp-elements-198e9bc3f691a3d940808e04f0695a44\"><strong>Le principe, c\u2019est la gratuit\u00e9<\/strong><\/p>\n\n\n\n<p class=\"has-text-align-center\">La gratuit\u00e9 de l\u2019offre aux cr\u00e9ateurs et repreneurs pour que toutes leurs ressources contribuent \u00e0 la r\u00e9ussite de leur projet.<\/p>\n<\/div>\n<\/div>\n\n\n\n<div class=\"wp-block-column is-layout-flow wp-block-column-is-layout-flow\">\n<div class=\"wp-block-group is-vertical is-content-justification-center is-layout-flex wp-container-core-group-is-layout-4b2eccd6 wp-block-group-is-layout-flex\">\n<figure class=\"wp-block-image\"><img decoding=\"async\" src=\"https:\/\/www.reseau-entreprendre.org\/paris\/wp-content\/uploads\/sites\/19\/2021\/12\/2-2.png\" alt=\"\" class=\"wp-image-6297\" \/><\/figure>\n\n\n\n<p class=\"has-re-blue-color has-text-color has-link-color wp-elements-b24a64408661502efb8323f1396a0afb\"><strong>L\u2019esprit, c\u2019est la r\u00e9ciprocit\u00e9<\/strong><\/p>\n\n\n\n<p class=\"has-text-align-center\">Les b\u00e9n\u00e9ficiaires sont invit\u00e9s \u00e0 rendre demain \u00e0 d\u2019autres, ce qu\u2019ils re\u00e7oivent aujourd\u2019hui, devenant ainsi le maillon d\u2019une cha\u00eene d\u2019entraide entre chefs d\u2019entreprise.<\/p>\n<\/div>\n<\/div>\n<\/div>\n","protected":false},"excerpt":{"rendered":"<p>&#8220;Pour cr\u00e9er des emplois, cr\u00e9ons des employeurs&#8221; par Andr\u00e9 Mulliez,<\/p>\n","protected":false},"author":28,"featured_media":0,"parent":0,"menu_order":0,"comment_status":"closed","ping_status":"closed","template":"","meta":{"_acf_changed":false,"_monsterinsights_skip_tracking":false,"_monsterinsights_sitenote_active":false,"_monsterinsights_sitenote_note":"","_monsterinsights_sitenote_category":0,"footnotes":""},"class_list":["post-2843","page","type-page","status-publish","hentry"],"acf":[],"yoast_head":"<!-- This site is optimized with the Yoast SEO plugin v27.4 - https:\/\/yoast.com\/product\/yoast-seo-wordpress\/ -->\n<title>D\u00e9couvrez R\u00e9seau Entreprendre Val d&#039;Oise - R\u00e9seau Entreprendre Val d&#039;Oise<\/title>\n<meta name=\"description\" content=\"D\u00e9couvrez R\u00e9seau Entreprendre Val d&#039;Oise, son histoire, ses valeurs fondatrices et rencontrez notre \u00e9quipe.\" \/>\n<meta name=\"robots\" content=\"index, follow, max-snippet:-1, max-image-preview:large, max-video-preview:-1\" \/>\n<link rel=\"canonical\" href=\"https:\/\/www.reseau-entreprendre.org\/val-d-oise\/decouvrez-reseau-entreprendre-val-doise\/\" \/>\n<meta property=\"og:locale\" content=\"fr_FR\" \/>\n<meta property=\"og:type\" content=\"article\" \/>\n<meta property=\"og:title\" content=\"D\u00e9couvrez R\u00e9seau Entreprendre Val d&#039;Oise - R\u00e9seau Entreprendre Val d&#039;Oise\" \/>\n<meta property=\"og:description\" content=\"D\u00e9couvrez R\u00e9seau Entreprendre Val d&#039;Oise, son histoire, ses valeurs fondatrices et rencontrez notre \u00e9quipe.\" \/>\n<meta property=\"og:url\" content=\"https:\/\/www.reseau-entreprendre.org\/val-d-oise\/decouvrez-reseau-entreprendre-val-doise\/\" \/>\n<meta property=\"og:site_name\" content=\"R\u00e9seau Entreprendre Val d&#039;Oise\" \/>\n<meta property=\"article:modified_time\" content=\"2026-03-17T09:39:29+00:00\" \/>\n<meta property=\"og:image\" content=\"https:\/\/www.reseau-entreprendre.org\/val-d-oise\/wp-content\/uploads\/sites\/27\/2025\/06\/Reseau-entreprendre-Val-Doise_0-edited-scaled.jpg\" \/>\n\t<meta property=\"og:image:width\" content=\"2560\" \/>\n\t<meta property=\"og:image:height\" content=\"1439\" \/>\n\t<meta property=\"og:image:type\" content=\"image\/jpeg\" \/>\n<meta name=\"twitter:card\" content=\"summary_large_image\" \/>\n<meta name=\"twitter:label1\" content=\"Dur\u00e9e de lecture estim\u00e9e\" \/>\n\t<meta name=\"twitter:data1\" content=\"3 minutes\" \/>\n<script type=\"application\/ld+json\" class=\"yoast-schema-graph\">{\"@context\":\"https:\\\/\\\/schema.org\",\"@graph\":[{\"@type\":\"WebPage\",\"@id\":\"https:\\\/\\\/www.reseau-entreprendre.org\\\/val-d-oise\\\/decouvrez-reseau-entreprendre-val-doise\\\/\",\"url\":\"https:\\\/\\\/www.reseau-entreprendre.org\\\/val-d-oise\\\/decouvrez-reseau-entreprendre-val-doise\\\/\",\"name\":\"D\u00e9couvrez R\u00e9seau Entreprendre Val d'Oise - R\u00e9seau Entreprendre Val d&#039;Oise\",\"isPartOf\":{\"@id\":\"https:\\\/\\\/www.reseau-entreprendre.org\\\/val-d-oise\\\/#website\"},\"primaryImageOfPage\":{\"@id\":\"https:\\\/\\\/www.reseau-entreprendre.org\\\/val-d-oise\\\/decouvrez-reseau-entreprendre-val-doise\\\/#primaryimage\"},\"image\":{\"@id\":\"https:\\\/\\\/www.reseau-entreprendre.org\\\/val-d-oise\\\/decouvrez-reseau-entreprendre-val-doise\\\/#primaryimage\"},\"thumbnailUrl\":\"https:\\\/\\\/www.reseau-entreprendre.org\\\/val-d-oise\\\/wp-content\\\/uploads\\\/sites\\\/27\\\/2025\\\/06\\\/Reseau-entreprendre-Val-Doise_0-edited-scaled.jpg\",\"datePublished\":\"2024-05-06T13:10:50+00:00\",\"dateModified\":\"2026-03-17T09:39:29+00:00\",\"description\":\"D\u00e9couvrez R\u00e9seau Entreprendre Val d'Oise, son histoire, ses valeurs fondatrices et rencontrez notre \u00e9quipe.\",\"breadcrumb\":{\"@id\":\"https:\\\/\\\/www.reseau-entreprendre.org\\\/val-d-oise\\\/decouvrez-reseau-entreprendre-val-doise\\\/#breadcrumb\"},\"inLanguage\":\"fr-FR\",\"potentialAction\":[{\"@type\":\"ReadAction\",\"target\":[\"https:\\\/\\\/www.reseau-entreprendre.org\\\/val-d-oise\\\/decouvrez-reseau-entreprendre-val-doise\\\/\"]}]},{\"@type\":\"ImageObject\",\"inLanguage\":\"fr-FR\",\"@id\":\"https:\\\/\\\/www.reseau-entreprendre.org\\\/val-d-oise\\\/decouvrez-reseau-entreprendre-val-doise\\\/#primaryimage\",\"url\":\"https:\\\/\\\/www.reseau-entreprendre.org\\\/val-d-oise\\\/wp-content\\\/uploads\\\/sites\\\/27\\\/2025\\\/06\\\/Reseau-entreprendre-Val-Doise_0-edited-scaled.jpg\",\"contentUrl\":\"https:\\\/\\\/www.reseau-entreprendre.org\\\/val-d-oise\\\/wp-content\\\/uploads\\\/sites\\\/27\\\/2025\\\/06\\\/Reseau-entreprendre-Val-Doise_0-edited-scaled.jpg\",\"width\":2560,\"height\":1439},{\"@type\":\"BreadcrumbList\",\"@id\":\"https:\\\/\\\/www.reseau-entreprendre.org\\\/val-d-oise\\\/decouvrez-reseau-entreprendre-val-doise\\\/#breadcrumb\",\"itemListElement\":[{\"@type\":\"ListItem\",\"position\":1,\"name\":\"Accueil\",\"item\":\"https:\\\/\\\/www.reseau-entreprendre.org\\\/val-d-oise\\\/\"},{\"@type\":\"ListItem\",\"position\":2,\"name\":\"D\u00e9couvrez R\u00e9seau Entreprendre Val d&#8217;Oise\"}]},{\"@type\":\"WebSite\",\"@id\":\"https:\\\/\\\/www.reseau-entreprendre.org\\\/val-d-oise\\\/#website\",\"url\":\"https:\\\/\\\/www.reseau-entreprendre.org\\\/val-d-oise\\\/\",\"name\":\"R\u00e9seau Entreprendre Val d&#039;Oise\",\"description\":\"\",\"potentialAction\":[{\"@type\":\"SearchAction\",\"target\":{\"@type\":\"EntryPoint\",\"urlTemplate\":\"https:\\\/\\\/www.reseau-entreprendre.org\\\/val-d-oise\\\/?s={search_term_string}\"},\"query-input\":{\"@type\":\"PropertyValueSpecification\",\"valueRequired\":true,\"valueName\":\"search_term_string\"}}],\"inLanguage\":\"fr-FR\"}]}<\/script>\n<!-- \/ Yoast SEO plugin. -->","yoast_head_json":{"title":"D\u00e9couvrez R\u00e9seau Entreprendre Val d'Oise - R\u00e9seau Entreprendre Val d&#039;Oise","description":"D\u00e9couvrez R\u00e9seau Entreprendre Val d'Oise, son histoire, ses valeurs fondatrices et rencontrez notre \u00e9quipe.","robots":{"index":"index","follow":"follow","max-snippet":"max-snippet:-1","max-image-preview":"max-image-preview:large","max-video-preview":"max-video-preview:-1"},"canonical":"https:\/\/www.reseau-entreprendre.org\/val-d-oise\/decouvrez-reseau-entreprendre-val-doise\/","og_locale":"fr_FR","og_type":"article","og_title":"D\u00e9couvrez R\u00e9seau Entreprendre Val d'Oise - R\u00e9seau Entreprendre Val d&#039;Oise","og_description":"D\u00e9couvrez R\u00e9seau Entreprendre Val d'Oise, son histoire, ses valeurs fondatrices et rencontrez notre \u00e9quipe.","og_url":"https:\/\/www.reseau-entreprendre.org\/val-d-oise\/decouvrez-reseau-entreprendre-val-doise\/","og_site_name":"R\u00e9seau Entreprendre Val d&#039;Oise","article_modified_time":"2026-03-17T09:39:29+00:00","og_image":[{"width":2560,"height":1439,"url":"https:\/\/www.reseau-entreprendre.org\/val-d-oise\/wp-content\/uploads\/sites\/27\/2025\/06\/Reseau-entreprendre-Val-Doise_0-edited-scaled.jpg","type":"image\/jpeg"}],"twitter_card":"summary_large_image","twitter_misc":{"Dur\u00e9e de lecture estim\u00e9e":"3 minutes"},"schema":{"@context":"https:\/\/schema.org","@graph":[{"@type":"WebPage","@id":"https:\/\/www.reseau-entreprendre.org\/val-d-oise\/decouvrez-reseau-entreprendre-val-doise\/","url":"https:\/\/www.reseau-entreprendre.org\/val-d-oise\/decouvrez-reseau-entreprendre-val-doise\/","name":"D\u00e9couvrez R\u00e9seau Entreprendre Val d'Oise - R\u00e9seau Entreprendre Val d&#039;Oise","isPartOf":{"@id":"https:\/\/www.reseau-entreprendre.org\/val-d-oise\/#website"},"primaryImageOfPage":{"@id":"https:\/\/www.reseau-entreprendre.org\/val-d-oise\/decouvrez-reseau-entreprendre-val-doise\/#primaryimage"},"image":{"@id":"https:\/\/www.reseau-entreprendre.org\/val-d-oise\/decouvrez-reseau-entreprendre-val-doise\/#primaryimage"},"thumbnailUrl":"https:\/\/www.reseau-entreprendre.org\/val-d-oise\/wp-content\/uploads\/sites\/27\/2025\/06\/Reseau-entreprendre-Val-Doise_0-edited-scaled.jpg","datePublished":"2024-05-06T13:10:50+00:00","dateModified":"2026-03-17T09:39:29+00:00","description":"D\u00e9couvrez R\u00e9seau Entreprendre Val d'Oise, son histoire, ses valeurs fondatrices et rencontrez notre \u00e9quipe.","breadcrumb":{"@id":"https:\/\/www.reseau-entreprendre.org\/val-d-oise\/decouvrez-reseau-entreprendre-val-doise\/#breadcrumb"},"inLanguage":"fr-FR","potentialAction":[{"@type":"ReadAction","target":["https:\/\/www.reseau-entreprendre.org\/val-d-oise\/decouvrez-reseau-entreprendre-val-doise\/"]}]},{"@type":"ImageObject","inLanguage":"fr-FR","@id":"https:\/\/www.reseau-entreprendre.org\/val-d-oise\/decouvrez-reseau-entreprendre-val-doise\/#primaryimage","url":"https:\/\/www.reseau-entreprendre.org\/val-d-oise\/wp-content\/uploads\/sites\/27\/2025\/06\/Reseau-entreprendre-Val-Doise_0-edited-scaled.jpg","contentUrl":"https:\/\/www.reseau-entreprendre.org\/val-d-oise\/wp-content\/uploads\/sites\/27\/2025\/06\/Reseau-entreprendre-Val-Doise_0-edited-scaled.jpg","width":2560,"height":1439},{"@type":"BreadcrumbList","@id":"https:\/\/www.reseau-entreprendre.org\/val-d-oise\/decouvrez-reseau-entreprendre-val-doise\/#breadcrumb","itemListElement":[{"@type":"ListItem","position":1,"name":"Accueil","item":"https:\/\/www.reseau-entreprendre.org\/val-d-oise\/"},{"@type":"ListItem","position":2,"name":"D\u00e9couvrez R\u00e9seau Entreprendre Val d&#8217;Oise"}]},{"@type":"WebSite","@id":"https:\/\/www.reseau-entreprendre.org\/val-d-oise\/#website","url":"https:\/\/www.reseau-entreprendre.org\/val-d-oise\/","name":"R\u00e9seau Entreprendre Val d&#039;Oise","description":"","potentialAction":[{"@type":"SearchAction","target":{"@type":"EntryPoint","urlTemplate":"https:\/\/www.reseau-entreprendre.org\/val-d-oise\/?s={search_term_string}"},"query-input":{"@type":"PropertyValueSpecification","valueRequired":true,"valueName":"search_term_string"}}],"inLanguage":"fr-FR"}]}},"_links":{"self":[{"href":"https:\/\/www.reseau-entreprendre.org\/val-d-oise\/wp-json\/wp\/v2\/pages\/2843","targetHints":{"allow":["GET"]}}],"collection":[{"href":"https:\/\/www.reseau-entreprendre.org\/val-d-oise\/wp-json\/wp\/v2\/pages"}],"about":[{"href":"https:\/\/www.reseau-entreprendre.org\/val-d-oise\/wp-json\/wp\/v2\/types\/page"}],"author":[{"embeddable":true,"href":"https:\/\/www.reseau-entreprendre.org\/val-d-oise\/wp-json\/wp\/v2\/users\/28"}],"replies":[{"embeddable":true,"href":"https:\/\/www.reseau-entreprendre.org\/val-d-oise\/wp-json\/wp\/v2\/comments?post=2843"}],"version-history":[{"count":0,"href":"https:\/\/www.reseau-entreprendre.org\/val-d-oise\/wp-json\/wp\/v2\/pages\/2843\/revisions"}],"wp:attachment":[{"href":"https:\/\/www.reseau-entreprendre.org\/val-d-oise\/wp-json\/wp\/v2\/media?parent=2843"}],"curies":[{"name":"wp","href":"https:\/\/api.w.org\/{rel}","templated":true}]}}