{"id":2913,"date":"2024-02-23T17:05:51","date_gmt":"2024-02-23T16:05:51","guid":{"rendered":"https:\/\/www.reseau-entreprendre.org\/val-d-oise\/?page_id=2913"},"modified":"2024-02-23T17:37:44","modified_gmt":"2024-02-23T16:37:44","slug":"laureats-2023","status":"publish","type":"page","link":"https:\/\/www.reseau-entreprendre.org\/val-d-oise\/laureats-2023\/","title":{"rendered":"Laur\u00e9ats 2023"},"content":{"rendered":"\n<div class=\"wp-block-columns is-layout-flex wp-container-core-columns-is-layout-9d6595d7 wp-block-columns-is-layout-flex\">\n<div class=\"wp-block-column is-layout-flow wp-block-column-is-layout-flow\"><div class=\"wp-block-image\">\n<figure class=\"aligncenter size-full\"><a href=\"https:\/\/abracadaparc.fr\/\"><img loading=\"lazy\" decoding=\"async\" width=\"500\" height=\"500\" src=\"https:\/\/www.reseau-entreprendre.org\/val-d-oise\/wp-content\/uploads\/sites\/27\/2024\/02\/Laureats-2023-1.png\" alt=\"\" class=\"wp-image-2915\" srcset=\"https:\/\/www.reseau-entreprendre.org\/val-d-oise\/wp-content\/uploads\/sites\/27\/2024\/02\/Laureats-2023-1.png 500w, https:\/\/www.reseau-entreprendre.org\/val-d-oise\/wp-content\/uploads\/sites\/27\/2024\/02\/Laureats-2023-1-300x300.png 300w, https:\/\/www.reseau-entreprendre.org\/val-d-oise\/wp-content\/uploads\/sites\/27\/2024\/02\/Laureats-2023-1-150x150.png 150w, https:\/\/www.reseau-entreprendre.org\/val-d-oise\/wp-content\/uploads\/sites\/27\/2024\/02\/Laureats-2023-1-130x130.png 130w\" sizes=\"auto, (max-width: 500px) 100vw, 500px\" \/><\/a><figcaption class=\"wp-element-caption\"><br>D\u00e9couvrez&nbsp;<a href=\"https:\/\/abracadaparc.fr\/\">AbracadaParc,<\/a> un lieu magique o\u00f9 la nature et l\u2019aventure se rejoignent pour offrir des exp\u00e9riences inoubliables. Avec leurs parcours spectaculaires et leurs mers de filets suspendus, chaque visiteur est invit\u00e9 \u00e0 plonger dans un monde f\u00e9erique o\u00f9 les d\u00e9fis sont \u00e0 la hauteur des rires et des souvenirs partag\u00e9s en famille, entre amis ou en groupe.<a href=\"https:\/\/www.linkedin.com\/in\/vanessa-schweitzer\/\"> [Vanessa SCHWEITZER]<\/a><\/figcaption><\/figure>\n<\/div><\/div>\n\n\n\n<div class=\"wp-block-column is-layout-flow wp-block-column-is-layout-flow\"><div class=\"wp-block-image\">\n<figure class=\"aligncenter size-full\"><a href=\"https:\/\/distillerie-de-la-roche-guyon.myshopify.com\/\"><img loading=\"lazy\" decoding=\"async\" width=\"500\" height=\"500\" src=\"https:\/\/www.reseau-entreprendre.org\/val-d-oise\/wp-content\/uploads\/sites\/27\/2024\/02\/Laureats-2023-3.png\" alt=\"\" class=\"wp-image-2917\" srcset=\"https:\/\/www.reseau-entreprendre.org\/val-d-oise\/wp-content\/uploads\/sites\/27\/2024\/02\/Laureats-2023-3.png 500w, https:\/\/www.reseau-entreprendre.org\/val-d-oise\/wp-content\/uploads\/sites\/27\/2024\/02\/Laureats-2023-3-300x300.png 300w, https:\/\/www.reseau-entreprendre.org\/val-d-oise\/wp-content\/uploads\/sites\/27\/2024\/02\/Laureats-2023-3-150x150.png 150w, https:\/\/www.reseau-entreprendre.org\/val-d-oise\/wp-content\/uploads\/sites\/27\/2024\/02\/Laureats-2023-3-130x130.png 130w\" sizes=\"auto, (max-width: 500px) 100vw, 500px\" \/><\/a><figcaption class=\"wp-element-caption\"><br>La <a href=\"https:\/\/distillerie-de-la-roche-guyon.myshopify.com\/\">Distillerie de la Roche-Guyon<\/a> propose des produits distill\u00e9s sur place, au Ch\u00e2teau de la Roche-Guyon, ainsi que des initiations \u00e0 la distillation. <a href=\"https:\/\/www.linkedin.com\/in\/louis-antoine-de-la-rochefoucauld-96b62820a\/\">[Louis-Antoine DE LA ROCHEFOUCAULD]<\/a><\/figcaption><\/figure>\n<\/div><\/div>\n\n\n\n<div class=\"wp-block-column is-layout-flow wp-block-column-is-layout-flow\"><div class=\"wp-block-image\">\n<figure class=\"aligncenter size-full is-resized\"><a href=\"https:\/\/ecklo.fr\/\"><img loading=\"lazy\" decoding=\"async\" width=\"500\" height=\"500\" src=\"https:\/\/www.reseau-entreprendre.org\/val-d-oise\/wp-content\/uploads\/sites\/27\/2024\/02\/Laureats-2023-5.png\" alt=\"\" class=\"wp-image-2937\" style=\"width:376px;height:auto\" srcset=\"https:\/\/www.reseau-entreprendre.org\/val-d-oise\/wp-content\/uploads\/sites\/27\/2024\/02\/Laureats-2023-5.png 500w, https:\/\/www.reseau-entreprendre.org\/val-d-oise\/wp-content\/uploads\/sites\/27\/2024\/02\/Laureats-2023-5-300x300.png 300w, https:\/\/www.reseau-entreprendre.org\/val-d-oise\/wp-content\/uploads\/sites\/27\/2024\/02\/Laureats-2023-5-150x150.png 150w, https:\/\/www.reseau-entreprendre.org\/val-d-oise\/wp-content\/uploads\/sites\/27\/2024\/02\/Laureats-2023-5-130x130.png 130w\" sizes=\"auto, (max-width: 500px) 100vw, 500px\" \/><\/a><figcaption class=\"wp-element-caption\"><a href=\"https:\/\/ecklo.fr\/\">Ecklo<\/a> est l\u2019alternative responsable et pratique au film plastique pour l\u2019emballage de marchandise transport\u00e9e sur palette. Elle propose \u00e0 ses clients, une housse pour palette r\u00e9utilisable alliant excellence environnementale et op\u00e9rationnelle. Leur solution est adaptable en hauteur, facile \u00e0 mettre en place et compact, ce qui facilite son int\u00e9gration dans les process existants. <a href=\"https:\/\/www.linkedin.com\/in\/corentin-dejean\/\">[Corentin DEJAN<\/a> et&nbsp;<a href=\"https:\/\/www.linkedin.com\/in\/robin-bruneau-535078179\/\">Robin BRUNEAU]<\/a><\/figcaption><\/figure>\n<\/div><\/div>\n<\/div>\n\n\n\n<div class=\"wp-block-columns is-layout-flex wp-container-core-columns-is-layout-9d6595d7 wp-block-columns-is-layout-flex\">\n<div class=\"wp-block-column is-layout-flow wp-block-column-is-layout-flow\"><div class=\"wp-block-image\">\n<figure class=\"aligncenter size-full\"><a href=\"https:\/\/loadz.io\/\"><img loading=\"lazy\" decoding=\"async\" width=\"500\" height=\"500\" src=\"https:\/\/www.reseau-entreprendre.org\/val-d-oise\/wp-content\/uploads\/sites\/27\/2024\/02\/Laureats-2023-7.png\" alt=\"\" class=\"wp-image-2939\" srcset=\"https:\/\/www.reseau-entreprendre.org\/val-d-oise\/wp-content\/uploads\/sites\/27\/2024\/02\/Laureats-2023-7.png 500w, https:\/\/www.reseau-entreprendre.org\/val-d-oise\/wp-content\/uploads\/sites\/27\/2024\/02\/Laureats-2023-7-300x300.png 300w, https:\/\/www.reseau-entreprendre.org\/val-d-oise\/wp-content\/uploads\/sites\/27\/2024\/02\/Laureats-2023-7-150x150.png 150w, https:\/\/www.reseau-entreprendre.org\/val-d-oise\/wp-content\/uploads\/sites\/27\/2024\/02\/Laureats-2023-7-130x130.png 130w\" sizes=\"auto, (max-width: 500px) 100vw, 500px\" \/><\/a><figcaption class=\"wp-element-caption\"><a href=\"https:\/\/loadz.io\/\">Loadz <\/a>est une soci\u00e9t\u00e9 sp\u00e9cialis\u00e9e dans l\u2019affichage digitale mobile et la recharge d\u2019appareils \u00e9lectroniques \u00e0 sa table.<a href=\"https:\/\/www.linkedin.com\/in\/alexandre-delprat-2393a2114\/\"> [Alexandre DELPRAT]<\/a><\/figcaption><\/figure>\n<\/div><\/div>\n\n\n\n<div class=\"wp-block-column is-layout-flow wp-block-column-is-layout-flow\"><div class=\"wp-block-image\">\n<figure class=\"aligncenter size-full\"><a href=\"https:\/\/www.marvelousfrance.fr\/\"><img loading=\"lazy\" decoding=\"async\" width=\"500\" height=\"500\" src=\"https:\/\/www.reseau-entreprendre.org\/val-d-oise\/wp-content\/uploads\/sites\/27\/2024\/02\/Laureats-2023-8.png\" alt=\"\" class=\"wp-image-2940\" srcset=\"https:\/\/www.reseau-entreprendre.org\/val-d-oise\/wp-content\/uploads\/sites\/27\/2024\/02\/Laureats-2023-8.png 500w, https:\/\/www.reseau-entreprendre.org\/val-d-oise\/wp-content\/uploads\/sites\/27\/2024\/02\/Laureats-2023-8-300x300.png 300w, https:\/\/www.reseau-entreprendre.org\/val-d-oise\/wp-content\/uploads\/sites\/27\/2024\/02\/Laureats-2023-8-150x150.png 150w, https:\/\/www.reseau-entreprendre.org\/val-d-oise\/wp-content\/uploads\/sites\/27\/2024\/02\/Laureats-2023-8-130x130.png 130w\" sizes=\"auto, (max-width: 500px) 100vw, 500px\" \/><\/a><figcaption class=\"wp-element-caption\">Leur objectif est de vous immerger dans leur Wonder Univers pour vivre une exp\u00e9rience gustative unique. Leur puissance ? Des menus gourmands et g\u00e9n\u00e9reux pr\u00e9par\u00e9s \u00e0 partir de produits frais et de qualit\u00e9. <a href=\"https:\/\/www.linkedin.com\/in\/anthony-dao-ngam-4192ab182\/\">[Anthony DAO NGAM]<\/a><\/figcaption><\/figure>\n<\/div><\/div>\n\n\n\n<div class=\"wp-block-column is-layout-flow wp-block-column-is-layout-flow\"><div class=\"wp-block-image\">\n<figure class=\"aligncenter size-full is-resized\"><a href=\"https:\/\/www.mp-logistique.fr\/\"><img loading=\"lazy\" decoding=\"async\" width=\"500\" height=\"500\" src=\"https:\/\/www.reseau-entreprendre.org\/val-d-oise\/wp-content\/uploads\/sites\/27\/2024\/02\/Laureats-2023-9.png\" alt=\"\" class=\"wp-image-2941\" style=\"width:372px;height:auto\" srcset=\"https:\/\/www.reseau-entreprendre.org\/val-d-oise\/wp-content\/uploads\/sites\/27\/2024\/02\/Laureats-2023-9.png 500w, https:\/\/www.reseau-entreprendre.org\/val-d-oise\/wp-content\/uploads\/sites\/27\/2024\/02\/Laureats-2023-9-300x300.png 300w, https:\/\/www.reseau-entreprendre.org\/val-d-oise\/wp-content\/uploads\/sites\/27\/2024\/02\/Laureats-2023-9-150x150.png 150w, https:\/\/www.reseau-entreprendre.org\/val-d-oise\/wp-content\/uploads\/sites\/27\/2024\/02\/Laureats-2023-9-130x130.png 130w\" sizes=\"auto, (max-width: 500px) 100vw, 500px\" \/><\/a><figcaption class=\"wp-element-caption\"><a href=\"https:\/\/www.mp-logistique.fr\/\">MiPi <\/a>(ex Midi Pile) est une soci\u00e9t\u00e9 de transport de marchandises responsable qui vise \u00e0 mettre l\u2019homme et l\u2019environnement au c\u0153ur de son processus.<a href=\"https:\/\/www.linkedin.com\/in\/yasmine-iamarene\/\">&nbsp;[Yasmine IAMARENE]<\/a><\/figcaption><\/figure>\n<\/div><\/div>\n<\/div>\n\n\n\n<div class=\"wp-block-columns is-layout-flex wp-container-core-columns-is-layout-9d6595d7 wp-block-columns-is-layout-flex\">\n<div class=\"wp-block-column is-layout-flow wp-block-column-is-layout-flow\"><div class=\"wp-block-image\">\n<figure class=\"aligncenter size-full\"><a href=\"https:\/\/neyos.odoo.com\/\"><img loading=\"lazy\" decoding=\"async\" width=\"500\" height=\"500\" src=\"https:\/\/www.reseau-entreprendre.org\/val-d-oise\/wp-content\/uploads\/sites\/27\/2024\/02\/Laureats-2023-10.png\" alt=\"\" class=\"wp-image-2942\" srcset=\"https:\/\/www.reseau-entreprendre.org\/val-d-oise\/wp-content\/uploads\/sites\/27\/2024\/02\/Laureats-2023-10.png 500w, https:\/\/www.reseau-entreprendre.org\/val-d-oise\/wp-content\/uploads\/sites\/27\/2024\/02\/Laureats-2023-10-300x300.png 300w, https:\/\/www.reseau-entreprendre.org\/val-d-oise\/wp-content\/uploads\/sites\/27\/2024\/02\/Laureats-2023-10-150x150.png 150w, https:\/\/www.reseau-entreprendre.org\/val-d-oise\/wp-content\/uploads\/sites\/27\/2024\/02\/Laureats-2023-10-130x130.png 130w\" sizes=\"auto, (max-width: 500px) 100vw, 500px\" \/><\/a><figcaption class=\"wp-element-caption\"><a href=\"https:\/\/neyos.odoo.com\/\">NEYOS <\/a>est un fabricant de produits de s\u00e9curit\u00e9 offrant \u00e0 tout utilisateur op\u00e9rant en milieu naturel hostile, la capacit\u00e9 de s\u2019orienter et de communiquer partout dans le monde. <a href=\"https:\/\/www.linkedin.com\/in\/kevin-guiot-a82633182\/\">[Kevin GUIOT<\/a>,&nbsp;<a href=\"https:\/\/www.linkedin.com\/in\/adrien-guilchard-a96a9514b\/?originalSubdomain=fr\">Adrien GUILCHARD<\/a>,&nbsp;<a href=\"https:\/\/www.linkedin.com\/in\/hugo-marrien\/\">Hugo MARRIEN<\/a>&nbsp;et Julie GUILLAUME]<\/figcaption><\/figure>\n<\/div><\/div>\n\n\n\n<div class=\"wp-block-column is-layout-flow wp-block-column-is-layout-flow\"><div class=\"wp-block-image\">\n<figure class=\"aligncenter size-full\"><a href=\"https:\/\/peppit.com\/\"><img loading=\"lazy\" decoding=\"async\" width=\"500\" height=\"500\" src=\"https:\/\/www.reseau-entreprendre.org\/val-d-oise\/wp-content\/uploads\/sites\/27\/2024\/02\/Laureats-2023-11.png\" alt=\"\" class=\"wp-image-2943\" srcset=\"https:\/\/www.reseau-entreprendre.org\/val-d-oise\/wp-content\/uploads\/sites\/27\/2024\/02\/Laureats-2023-11.png 500w, https:\/\/www.reseau-entreprendre.org\/val-d-oise\/wp-content\/uploads\/sites\/27\/2024\/02\/Laureats-2023-11-300x300.png 300w, https:\/\/www.reseau-entreprendre.org\/val-d-oise\/wp-content\/uploads\/sites\/27\/2024\/02\/Laureats-2023-11-150x150.png 150w, https:\/\/www.reseau-entreprendre.org\/val-d-oise\/wp-content\/uploads\/sites\/27\/2024\/02\/Laureats-2023-11-130x130.png 130w\" sizes=\"auto, (max-width: 500px) 100vw, 500px\" \/><\/a><figcaption class=\"wp-element-caption\"><a href=\"https:\/\/peppit.com\/\">Peppit <\/a>est la premi\u00e8re plateforme d\u2019investissement locatif cl\u00e9 en main ax\u00e9e sur la rentabilit\u00e9 positive. Elle accompagne les particuliers souhaitant investir dans l\u2019ancien tout en r\u00e9novant \u00e9nergiquement le parc de logement fran\u00e7ais. <a href=\"https:\/\/www.linkedin.com\/in\/sylvain-parmentier-3026182\/\">[Sylvain PARMENTIER]<\/a><\/figcaption><\/figure>\n<\/div><\/div>\n\n\n\n<div class=\"wp-block-column is-layout-flow wp-block-column-is-layout-flow\"><div class=\"wp-block-image\">\n<figure class=\"aligncenter size-full\"><a href=\"https:\/\/www.unique-app.com\/\"><img loading=\"lazy\" decoding=\"async\" width=\"500\" height=\"500\" src=\"https:\/\/www.reseau-entreprendre.org\/val-d-oise\/wp-content\/uploads\/sites\/27\/2024\/02\/Laureats-2023-14.png\" alt=\"\" class=\"wp-image-2958\" srcset=\"https:\/\/www.reseau-entreprendre.org\/val-d-oise\/wp-content\/uploads\/sites\/27\/2024\/02\/Laureats-2023-14.png 500w, https:\/\/www.reseau-entreprendre.org\/val-d-oise\/wp-content\/uploads\/sites\/27\/2024\/02\/Laureats-2023-14-300x300.png 300w, https:\/\/www.reseau-entreprendre.org\/val-d-oise\/wp-content\/uploads\/sites\/27\/2024\/02\/Laureats-2023-14-150x150.png 150w, https:\/\/www.reseau-entreprendre.org\/val-d-oise\/wp-content\/uploads\/sites\/27\/2024\/02\/Laureats-2023-14-130x130.png 130w\" sizes=\"auto, (max-width: 500px) 100vw, 500px\" \/><\/a><figcaption class=\"wp-element-caption\"><a href=\"https:\/\/www.unique-app.com\/\">Unique <\/a>est une application mobile qui permet de trouver les meilleures boutiques de seconde main, brocantes et \u00e9v\u00e9nements vintage autour de chez soi, ainsi que de commander des pi\u00e8ces de seconde main en ligne. <a href=\"https:\/\/www.linkedin.com\/in\/gregoiredeshusses\/\">[Gr\u00e9goire DESHUSSES<\/a> &amp; <a href=\"https:\/\/www.linkedin.com\/in\/j%C3%A9r%C3%A9my-plassmann-237302143\/\">J\u00e9r\u00e9my PLASSMANN]<\/a><\/figcaption><\/figure>\n<\/div><\/div>\n<\/div>\n\n\n\n<div class=\"wp-block-columns is-layout-flex wp-container-core-columns-is-layout-9d6595d7 wp-block-columns-is-layout-flex\">\n<div class=\"wp-block-column is-layout-flow wp-block-column-is-layout-flow\"><\/div>\n\n\n\n<div class=\"wp-block-column is-layout-flow wp-block-column-is-layout-flow\"><div class=\"wp-block-image\">\n<figure class=\"aligncenter size-full\"><a href=\"https:\/\/www.zenhome.io\/\"><img loading=\"lazy\" decoding=\"async\" width=\"500\" height=\"500\" src=\"https:\/\/www.reseau-entreprendre.org\/val-d-oise\/wp-content\/uploads\/sites\/27\/2024\/02\/Laureats-2023-13-1.png\" alt=\"\" class=\"wp-image-2953\" srcset=\"https:\/\/www.reseau-entreprendre.org\/val-d-oise\/wp-content\/uploads\/sites\/27\/2024\/02\/Laureats-2023-13-1.png 500w, https:\/\/www.reseau-entreprendre.org\/val-d-oise\/wp-content\/uploads\/sites\/27\/2024\/02\/Laureats-2023-13-1-300x300.png 300w, https:\/\/www.reseau-entreprendre.org\/val-d-oise\/wp-content\/uploads\/sites\/27\/2024\/02\/Laureats-2023-13-1-150x150.png 150w, https:\/\/www.reseau-entreprendre.org\/val-d-oise\/wp-content\/uploads\/sites\/27\/2024\/02\/Laureats-2023-13-1-130x130.png 130w\" sizes=\"auto, (max-width: 500px) 100vw, 500px\" \/><\/a><figcaption class=\"wp-element-caption\">Zenhome est la premi\u00e8re solution Mobile de suivi de travaux des particuliers en temps r\u00e9el. <a href=\"https:\/\/www.linkedin.com\/in\/nicolas-chevalier\/\">[Nicolas CHEVALIER]<\/a><\/figcaption><\/figure>\n<\/div><\/div>\n\n\n\n<div class=\"wp-block-column is-layout-flow wp-block-column-is-layout-flow\"><\/div>\n<\/div>\n","protected":false},"excerpt":{"rendered":"","protected":false},"author":28,"featured_media":0,"parent":0,"menu_order":0,"comment_status":"closed","ping_status":"closed","template":"","meta":{"_acf_changed":false,"_monsterinsights_skip_tracking":false,"_monsterinsights_sitenote_active":false,"_monsterinsights_sitenote_note":"","_monsterinsights_sitenote_category":0,"footnotes":""},"class_list":["post-2913","page","type-page","status-publish","hentry"],"acf":[],"yoast_head":"<!-- This site is optimized with the Yoast SEO plugin v27.4 - https:\/\/yoast.com\/product\/yoast-seo-wordpress\/ -->\n<title>Laur\u00e9ats 2023 - R\u00e9seau Entreprendre Val d&#039;Oise<\/title>\n<meta name=\"robots\" content=\"index, follow, max-snippet:-1, max-image-preview:large, max-video-preview:-1\" \/>\n<link rel=\"canonical\" href=\"https:\/\/www.reseau-entreprendre.org\/val-d-oise\/laureats-2023\/\" \/>\n<meta property=\"og:locale\" content=\"fr_FR\" \/>\n<meta property=\"og:type\" content=\"article\" \/>\n<meta property=\"og:title\" content=\"Laur\u00e9ats 2023 - R\u00e9seau Entreprendre Val d&#039;Oise\" \/>\n<meta property=\"og:url\" content=\"https:\/\/www.reseau-entreprendre.org\/val-d-oise\/laureats-2023\/\" \/>\n<meta property=\"og:site_name\" content=\"R\u00e9seau Entreprendre Val d&#039;Oise\" \/>\n<meta property=\"article:modified_time\" content=\"2024-02-23T16:37:44+00:00\" \/>\n<meta property=\"og:image\" content=\"https:\/\/www.reseau-entreprendre.org\/val-d-oise\/wp-content\/uploads\/sites\/27\/2024\/02\/Laureats-2023-1.png\" \/>\n<meta name=\"twitter:card\" content=\"summary_large_image\" \/>\n<meta name=\"twitter:label1\" content=\"Dur\u00e9e de lecture estim\u00e9e\" \/>\n\t<meta name=\"twitter:data1\" content=\"4 minutes\" \/>\n<script type=\"application\/ld+json\" class=\"yoast-schema-graph\">{\"@context\":\"https:\\\/\\\/schema.org\",\"@graph\":[{\"@type\":\"WebPage\",\"@id\":\"https:\\\/\\\/www.reseau-entreprendre.org\\\/val-d-oise\\\/laureats-2023\\\/\",\"url\":\"https:\\\/\\\/www.reseau-entreprendre.org\\\/val-d-oise\\\/laureats-2023\\\/\",\"name\":\"Laur\u00e9ats 2023 - R\u00e9seau Entreprendre Val d&#039;Oise\",\"isPartOf\":{\"@id\":\"https:\\\/\\\/www.reseau-entreprendre.org\\\/val-d-oise\\\/#website\"},\"primaryImageOfPage\":{\"@id\":\"https:\\\/\\\/www.reseau-entreprendre.org\\\/val-d-oise\\\/laureats-2023\\\/#primaryimage\"},\"image\":{\"@id\":\"https:\\\/\\\/www.reseau-entreprendre.org\\\/val-d-oise\\\/laureats-2023\\\/#primaryimage\"},\"thumbnailUrl\":\"https:\\\/\\\/www.reseau-entreprendre.org\\\/val-d-oise\\\/wp-content\\\/uploads\\\/sites\\\/27\\\/2024\\\/02\\\/Laureats-2023-1.png\",\"datePublished\":\"2024-02-23T16:05:51+00:00\",\"dateModified\":\"2024-02-23T16:37:44+00:00\",\"breadcrumb\":{\"@id\":\"https:\\\/\\\/www.reseau-entreprendre.org\\\/val-d-oise\\\/laureats-2023\\\/#breadcrumb\"},\"inLanguage\":\"fr-FR\",\"potentialAction\":[{\"@type\":\"ReadAction\",\"target\":[\"https:\\\/\\\/www.reseau-entreprendre.org\\\/val-d-oise\\\/laureats-2023\\\/\"]}]},{\"@type\":\"ImageObject\",\"inLanguage\":\"fr-FR\",\"@id\":\"https:\\\/\\\/www.reseau-entreprendre.org\\\/val-d-oise\\\/laureats-2023\\\/#primaryimage\",\"url\":\"https:\\\/\\\/www.reseau-entreprendre.org\\\/val-d-oise\\\/wp-content\\\/uploads\\\/sites\\\/27\\\/2024\\\/02\\\/Laureats-2023-1.png\",\"contentUrl\":\"https:\\\/\\\/www.reseau-entreprendre.org\\\/val-d-oise\\\/wp-content\\\/uploads\\\/sites\\\/27\\\/2024\\\/02\\\/Laureats-2023-1.png\",\"width\":500,\"height\":500},{\"@type\":\"BreadcrumbList\",\"@id\":\"https:\\\/\\\/www.reseau-entreprendre.org\\\/val-d-oise\\\/laureats-2023\\\/#breadcrumb\",\"itemListElement\":[{\"@type\":\"ListItem\",\"position\":1,\"name\":\"Accueil\",\"item\":\"https:\\\/\\\/www.reseau-entreprendre.org\\\/val-d-oise\\\/\"},{\"@type\":\"ListItem\",\"position\":2,\"name\":\"Laur\u00e9ats 2023\"}]},{\"@type\":\"WebSite\",\"@id\":\"https:\\\/\\\/www.reseau-entreprendre.org\\\/val-d-oise\\\/#website\",\"url\":\"https:\\\/\\\/www.reseau-entreprendre.org\\\/val-d-oise\\\/\",\"name\":\"R\u00e9seau Entreprendre Val d&#039;Oise\",\"description\":\"\",\"potentialAction\":[{\"@type\":\"SearchAction\",\"target\":{\"@type\":\"EntryPoint\",\"urlTemplate\":\"https:\\\/\\\/www.reseau-entreprendre.org\\\/val-d-oise\\\/?s={search_term_string}\"},\"query-input\":{\"@type\":\"PropertyValueSpecification\",\"valueRequired\":true,\"valueName\":\"search_term_string\"}}],\"inLanguage\":\"fr-FR\"}]}<\/script>\n<!-- \/ Yoast SEO plugin. -->","yoast_head_json":{"title":"Laur\u00e9ats 2023 - R\u00e9seau Entreprendre Val d&#039;Oise","robots":{"index":"index","follow":"follow","max-snippet":"max-snippet:-1","max-image-preview":"max-image-preview:large","max-video-preview":"max-video-preview:-1"},"canonical":"https:\/\/www.reseau-entreprendre.org\/val-d-oise\/laureats-2023\/","og_locale":"fr_FR","og_type":"article","og_title":"Laur\u00e9ats 2023 - R\u00e9seau Entreprendre Val d&#039;Oise","og_url":"https:\/\/www.reseau-entreprendre.org\/val-d-oise\/laureats-2023\/","og_site_name":"R\u00e9seau Entreprendre Val d&#039;Oise","article_modified_time":"2024-02-23T16:37:44+00:00","og_image":[{"url":"https:\/\/www.reseau-entreprendre.org\/val-d-oise\/wp-content\/uploads\/sites\/27\/2024\/02\/Laureats-2023-1.png","type":"","width":"","height":""}],"twitter_card":"summary_large_image","twitter_misc":{"Dur\u00e9e de lecture estim\u00e9e":"4 minutes"},"schema":{"@context":"https:\/\/schema.org","@graph":[{"@type":"WebPage","@id":"https:\/\/www.reseau-entreprendre.org\/val-d-oise\/laureats-2023\/","url":"https:\/\/www.reseau-entreprendre.org\/val-d-oise\/laureats-2023\/","name":"Laur\u00e9ats 2023 - R\u00e9seau Entreprendre Val d&#039;Oise","isPartOf":{"@id":"https:\/\/www.reseau-entreprendre.org\/val-d-oise\/#website"},"primaryImageOfPage":{"@id":"https:\/\/www.reseau-entreprendre.org\/val-d-oise\/laureats-2023\/#primaryimage"},"image":{"@id":"https:\/\/www.reseau-entreprendre.org\/val-d-oise\/laureats-2023\/#primaryimage"},"thumbnailUrl":"https:\/\/www.reseau-entreprendre.org\/val-d-oise\/wp-content\/uploads\/sites\/27\/2024\/02\/Laureats-2023-1.png","datePublished":"2024-02-23T16:05:51+00:00","dateModified":"2024-02-23T16:37:44+00:00","breadcrumb":{"@id":"https:\/\/www.reseau-entreprendre.org\/val-d-oise\/laureats-2023\/#breadcrumb"},"inLanguage":"fr-FR","potentialAction":[{"@type":"ReadAction","target":["https:\/\/www.reseau-entreprendre.org\/val-d-oise\/laureats-2023\/"]}]},{"@type":"ImageObject","inLanguage":"fr-FR","@id":"https:\/\/www.reseau-entreprendre.org\/val-d-oise\/laureats-2023\/#primaryimage","url":"https:\/\/www.reseau-entreprendre.org\/val-d-oise\/wp-content\/uploads\/sites\/27\/2024\/02\/Laureats-2023-1.png","contentUrl":"https:\/\/www.reseau-entreprendre.org\/val-d-oise\/wp-content\/uploads\/sites\/27\/2024\/02\/Laureats-2023-1.png","width":500,"height":500},{"@type":"BreadcrumbList","@id":"https:\/\/www.reseau-entreprendre.org\/val-d-oise\/laureats-2023\/#breadcrumb","itemListElement":[{"@type":"ListItem","position":1,"name":"Accueil","item":"https:\/\/www.reseau-entreprendre.org\/val-d-oise\/"},{"@type":"ListItem","position":2,"name":"Laur\u00e9ats 2023"}]},{"@type":"WebSite","@id":"https:\/\/www.reseau-entreprendre.org\/val-d-oise\/#website","url":"https:\/\/www.reseau-entreprendre.org\/val-d-oise\/","name":"R\u00e9seau Entreprendre Val d&#039;Oise","description":"","potentialAction":[{"@type":"SearchAction","target":{"@type":"EntryPoint","urlTemplate":"https:\/\/www.reseau-entreprendre.org\/val-d-oise\/?s={search_term_string}"},"query-input":{"@type":"PropertyValueSpecification","valueRequired":true,"valueName":"search_term_string"}}],"inLanguage":"fr-FR"}]}},"_links":{"self":[{"href":"https:\/\/www.reseau-entreprendre.org\/val-d-oise\/wp-json\/wp\/v2\/pages\/2913","targetHints":{"allow":["GET"]}}],"collection":[{"href":"https:\/\/www.reseau-entreprendre.org\/val-d-oise\/wp-json\/wp\/v2\/pages"}],"about":[{"href":"https:\/\/www.reseau-entreprendre.org\/val-d-oise\/wp-json\/wp\/v2\/types\/page"}],"author":[{"embeddable":true,"href":"https:\/\/www.reseau-entreprendre.org\/val-d-oise\/wp-json\/wp\/v2\/users\/28"}],"replies":[{"embeddable":true,"href":"https:\/\/www.reseau-entreprendre.org\/val-d-oise\/wp-json\/wp\/v2\/comments?post=2913"}],"version-history":[{"count":0,"href":"https:\/\/www.reseau-entreprendre.org\/val-d-oise\/wp-json\/wp\/v2\/pages\/2913\/revisions"}],"wp:attachment":[{"href":"https:\/\/www.reseau-entreprendre.org\/val-d-oise\/wp-json\/wp\/v2\/media?parent=2913"}],"curies":[{"name":"wp","href":"https:\/\/api.w.org\/{rel}","templated":true}]}}