{"id":4040,"date":"2025-05-26T14:16:12","date_gmt":"2025-05-26T12:16:12","guid":{"rendered":"https:\/\/www.reseau-entreprendre.org\/val-d-oise\/?page_id=4040"},"modified":"2025-05-26T14:40:13","modified_gmt":"2025-05-26T12:40:13","slug":"pass-entrepreneur-leader","status":"publish","type":"page","link":"https:\/\/www.reseau-entreprendre.org\/val-d-oise\/pass-entrepreneur-leader\/","title":{"rendered":"Pass Entrepreneur #Leader"},"content":{"rendered":"<div class=\"wp-block-image\">\n<figure class=\"aligncenter size-large is-resized\"><img loading=\"lazy\" decoding=\"async\" width=\"1024\" height=\"562\" src=\"https:\/\/www.reseau-entreprendre.org\/val-d-oise\/wp-content\/uploads\/sites\/27\/2025\/05\/Image1-1024x562.png\" alt=\"\" class=\"wp-image-4030\" style=\"width:452px;height:auto\" srcset=\"https:\/\/www.reseau-entreprendre.org\/val-d-oise\/wp-content\/uploads\/sites\/27\/2025\/05\/Image1-1024x562.png 1024w, https:\/\/www.reseau-entreprendre.org\/val-d-oise\/wp-content\/uploads\/sites\/27\/2025\/05\/Image1-300x165.png 300w, https:\/\/www.reseau-entreprendre.org\/val-d-oise\/wp-content\/uploads\/sites\/27\/2025\/05\/Image1-768x422.png 768w, https:\/\/www.reseau-entreprendre.org\/val-d-oise\/wp-content\/uploads\/sites\/27\/2025\/05\/Image1-210x115.png 210w, https:\/\/www.reseau-entreprendre.org\/val-d-oise\/wp-content\/uploads\/sites\/27\/2025\/05\/Image1-100x55.png 100w, https:\/\/www.reseau-entreprendre.org\/val-d-oise\/wp-content\/uploads\/sites\/27\/2025\/05\/Image1.png 1404w\" sizes=\"auto, (max-width: 1024px) 100vw, 1024px\" \/><\/figure>\n<\/div>\n\n\n<p>Vous \u00eates porteur de projet ou entrepreneur en \u00cele-de-France ? R\u00e9seau Entreprendre Val d&#8217;Oise vous accompagne \u00e0 chaque \u00e9tape de votre parcours gr\u00e2ce au dispositif<strong> Pass Entrepreneur#Leader<\/strong>, mis en place par la R\u00e9gion \u00cele-de-France. Que vous soyez en phase de cr\u00e9ation, de recherche de financements ou en d\u00e9veloppement, b\u00e9n\u00e9ficiez d\u2019un accompagnement individualis\u00e9 adapt\u00e9 \u00e0 vos besoins.<br><\/p>\n\n\n\n<div style=\"height:25px\" aria-hidden=\"true\" class=\"wp-block-spacer\"><\/div>\n\n\n\n<p class=\"has-text-align-center has-re-yellow-background-color has-text-color has-background has-link-color wp-elements-f37632f853e7f9b8c0312d83aa211a80\" style=\"color:#ffffff;font-size:29px\"><strong>Quel PASS est fait pour vous ?<\/strong><\/p>\n\n\n\n<div style=\"height:20px\" aria-hidden=\"true\" class=\"wp-block-spacer\"><\/div>\n\n\n\n<p class=\"has-re-blue-color has-text-color has-link-color wp-elements-adac1502021a6260ade36b2269247fc0\" style=\"font-size:27px\"><strong>PASS 1 \u2013 &#8220;Je cr\u00e9e mon entreprise&#8221;<br>Vous avez un projet de cr\u00e9ation ou de reprise d\u2019entreprise ? <\/strong><\/p>\n\n\n\n<p><\/p>\n\n\n\n<p class=\"has-medium-font-size\">Avec le PASS 1, b\u00e9n\u00e9ficiez d\u2019un accompagnement personnalis\u00e9 pour :<\/p>\n\n\n\n<p class=\"has-medium-font-size\">&#8211; Structurer votre projet et \u00e9laborer un plan d\u2019action clair,<br>&#8211; D\u00e9finir votre strat\u00e9gie commerciale et formaliser un business plan,<br>&#8211; Choisir le statut juridique, fiscal et social adapt\u00e9,<br>&#8211; Comprendre les fondamentaux de la gestion d\u2019entreprise,<br>&#8211; Identifier les meilleures solutions de financement.<\/p>\n\n\n\n<p class=\"has-medium-font-size\"><br><a href=\"https:\/\/www.iledefrance.fr\/aides-et-appels-a-projets\/pass-1-entrepreneurleader-je-cree-mon-entreprise\">En savoir plus sur le PASS 1 <\/a><\/p>\n\n\n\n<div style=\"height:11px\" aria-hidden=\"true\" class=\"wp-block-spacer\"><\/div>\n\n\n\n<hr class=\"wp-block-separator has-alpha-channel-opacity\" \/>\n\n\n\n<div style=\"height:25px\" aria-hidden=\"true\" class=\"wp-block-spacer\"><\/div>\n\n\n\n<p class=\"has-text-align-left has-re-yellow-color has-text-color has-link-color wp-elements-beee93d519a294aab7ca95e582cb063b\" style=\"font-size:27px\"><strong>PASS 2 \u2013 &#8220;Je finance mon entreprise&#8221;<br>Vous avez besoin d&#8217;un financement pour concr\u00e9tiser votre projet ?<\/strong><\/p>\n\n\n\n<p class=\"has-text-align-left has-medium-font-size\">Le PASS 2 vous aide \u00e0 structurer votre dossier et \u00e0 identifier les meilleures solutions de financement :<br>&#8211; Analyse et structuration financi\u00e8re de votre projet,<br>&#8211; Identification des financements adapt\u00e9s (microcr\u00e9dit, pr\u00eat d\u2019honneur, garantie bancaire, concours bancaire),<br>&#8211; Accompagnement \u00e0 la recherche et \u00e0 l\u2019obtention des financements.<\/p>\n\n\n\n<p class=\"has-text-align-left has-medium-font-size\"><br><a href=\"https:\/\/www.iledefrance.fr\/aides-et-appels-a-projets\/pass-2-entrepreneurleader-je-finance-mon-entreprise\">En savoir plus sur le PASS 2<\/a><\/p>\n\n\n\n<p class=\"has-text-align-left has-medium-font-size\"><\/p>\n\n\n\n<div style=\"height:14px\" aria-hidden=\"true\" class=\"wp-block-spacer\"><\/div>\n\n\n\n<hr class=\"wp-block-separator has-alpha-channel-opacity\" \/>\n\n\n\n<div style=\"height:17px\" aria-hidden=\"true\" class=\"wp-block-spacer\"><\/div>\n\n\n\n<p class=\"has-re-red-color has-text-color has-link-color wp-elements-12b53e1b1ea6d6991b9a962104aa961c\" style=\"font-size:27px\"><strong>PASS 3 \u2013 &#8220;Je dirige mon entreprise&#8221;<br>Vous avez d\u00e9j\u00e0 cr\u00e9\u00e9 votre entreprise et souhaitez la consolider ?<\/strong><\/p>\n\n\n\n<p class=\"has-medium-font-size\">Le PASS 3 vous permet de b\u00e9n\u00e9ficier d\u2019un accompagnement pour : <br>&#8211; Mettre en place des outils de gestion et de suivi,<br>&#8211; Optimiser votre strat\u00e9gie commerciale et digitale<br>&#8211; D\u00e9velopper vos comp\u00e9tences en gestion et pilotage d\u2019entreprise,<br>&#8211; \u00c9largir votre r\u00e9seau professionnel,<br>&#8211; Structurer votre croissance et anticiper vos besoins en recrutement.<\/p>\n\n\n\n<p class=\"has-medium-font-size\"><\/p>\n\n\n\n<p class=\"has-medium-font-size\"><a href=\"https:\/\/www.iledefrance.fr\/aides-et-appels-a-projets\/pass-3-entrepreneurleader-je-dirige-mon-entreprise\">En savoir plus sur le PASS 3<\/a><\/p>\n\n\n\n<div style=\"height:17px\" aria-hidden=\"true\" class=\"wp-block-spacer\"><\/div>\n\n\n\n<hr class=\"wp-block-separator has-alpha-channel-opacity\" \/>\n\n\n\n<div style=\"height:14px\" aria-hidden=\"true\" class=\"wp-block-spacer\"><\/div>\n\n\n\n<p style=\"font-size:27px\"><strong>Un accompagnement renforc\u00e9 est propos\u00e9 aux publics suivants :<br><\/strong><\/p>\n\n\n\n<p class=\"has-medium-font-size\">Les femmes, jeunes de moins de 30 ans, r\u00e9sidents des quartiers prioritaires et zones rurales, demandeurs d&#8217;emploi, personnes en situation de handicap et repreneurs d\u2019entreprise b\u00e9n\u00e9ficient d\u2019un accompagnement renforc\u00e9.<\/p>\n\n\n\n<div style=\"height:11px\" aria-hidden=\"true\" class=\"wp-block-spacer\"><\/div>\n\n\n\n<hr class=\"wp-block-separator has-alpha-channel-opacity\" \/>\n\n\n\n<div style=\"height:12px\" aria-hidden=\"true\" class=\"wp-block-spacer\"><\/div>\n\n\n\n<p style=\"font-size:27px\"><strong>Comment \u00e7a marche ?<\/strong><\/p>\n\n\n\n<ol class=\"wp-block-list\">\n<li class=\"has-medium-font-size\">Choisissez le PASS qui vous correspond et s\u00e9lectionnez R\u00e9seau Entreprendre Val d&#8217;Oise comme accompagnateur.<\/li>\n\n\n\n<li class=\"has-medium-font-size\">Prenez rendez-vous avec notre \u00e9quipe.<\/li>\n\n\n\n<li class=\"has-medium-font-size\">Faites valider votre entr\u00e9e dans l\u2019accompagnement en signant l\u2019attestation de la R\u00e9gion \u00cele-de-France.<\/li>\n\n\n\n<li class=\"has-medium-font-size\">D\u00e9posez votre demande en ligne sur le site MesD\u00e9marches sous 2 mois<\/li>\n\n\n\n<li class=\"has-medium-font-size\">Recevez votre notification d\u2019attribution de la part de la R\u00e9gion et d\u00e9marrez votre accompagnement avec nous !<\/li>\n\n\n\n<li class=\"has-medium-font-size\">Finalisez votre parcours avec notre accompagnement individualis\u00e9 dans un d\u00e9lai de 8 mois maximum.<br><br><a href=\"https:\/\/www.iledefrance.fr\/sites\/default\/files\/2025-03\/web_a5_flyer_ecd_06.pdf\">T\u00e9l\u00e9chargez la brochure Entrepreneur#Leader<\/a><\/li>\n<\/ol>\n","protected":false},"excerpt":{"rendered":"<p>Vous \u00eates porteur de projet ou entrepreneur en \u00cele-de-France ?<\/p>\n","protected":false},"author":28,"featured_media":0,"parent":0,"menu_order":0,"comment_status":"closed","ping_status":"closed","template":"","meta":{"_acf_changed":false,"_monsterinsights_skip_tracking":false,"_monsterinsights_sitenote_active":false,"_monsterinsights_sitenote_note":"","_monsterinsights_sitenote_category":0,"footnotes":""},"class_list":["post-4040","page","type-page","status-publish","hentry"],"acf":[],"yoast_head":"<!-- This site is optimized with the Yoast SEO plugin v27.4 - https:\/\/yoast.com\/product\/yoast-seo-wordpress\/ -->\n<title>Pass Entrepreneur #Leader - R\u00e9seau Entreprendre Val d&#039;Oise<\/title>\n<meta name=\"robots\" content=\"index, follow, max-snippet:-1, max-image-preview:large, max-video-preview:-1\" \/>\n<link rel=\"canonical\" href=\"https:\/\/www.reseau-entreprendre.org\/val-d-oise\/pass-entrepreneur-leader\/\" \/>\n<meta property=\"og:locale\" content=\"fr_FR\" \/>\n<meta property=\"og:type\" content=\"article\" \/>\n<meta property=\"og:title\" content=\"Pass Entrepreneur #Leader - R\u00e9seau Entreprendre Val d&#039;Oise\" \/>\n<meta property=\"og:description\" content=\"Vous \u00eates porteur de projet ou entrepreneur en \u00cele-de-France ?\" \/>\n<meta property=\"og:url\" content=\"https:\/\/www.reseau-entreprendre.org\/val-d-oise\/pass-entrepreneur-leader\/\" \/>\n<meta property=\"og:site_name\" content=\"R\u00e9seau Entreprendre Val d&#039;Oise\" \/>\n<meta property=\"article:modified_time\" content=\"2025-05-26T12:40:13+00:00\" \/>\n<meta property=\"og:image\" content=\"https:\/\/www.reseau-entreprendre.org\/val-d-oise\/wp-content\/uploads\/sites\/27\/2025\/05\/Image1.png\" \/>\n\t<meta property=\"og:image:width\" content=\"1404\" \/>\n\t<meta property=\"og:image:height\" content=\"771\" \/>\n\t<meta property=\"og:image:type\" content=\"image\/png\" \/>\n<meta name=\"twitter:card\" content=\"summary_large_image\" \/>\n<meta name=\"twitter:label1\" content=\"Dur\u00e9e de lecture estim\u00e9e\" \/>\n\t<meta name=\"twitter:data1\" content=\"3 minutes\" \/>\n<script type=\"application\/ld+json\" class=\"yoast-schema-graph\">{\"@context\":\"https:\\\/\\\/schema.org\",\"@graph\":[{\"@type\":\"WebPage\",\"@id\":\"https:\\\/\\\/www.reseau-entreprendre.org\\\/val-d-oise\\\/pass-entrepreneur-leader\\\/\",\"url\":\"https:\\\/\\\/www.reseau-entreprendre.org\\\/val-d-oise\\\/pass-entrepreneur-leader\\\/\",\"name\":\"Pass Entrepreneur #Leader - R\u00e9seau Entreprendre Val d&#039;Oise\",\"isPartOf\":{\"@id\":\"https:\\\/\\\/www.reseau-entreprendre.org\\\/val-d-oise\\\/#website\"},\"primaryImageOfPage\":{\"@id\":\"https:\\\/\\\/www.reseau-entreprendre.org\\\/val-d-oise\\\/pass-entrepreneur-leader\\\/#primaryimage\"},\"image\":{\"@id\":\"https:\\\/\\\/www.reseau-entreprendre.org\\\/val-d-oise\\\/pass-entrepreneur-leader\\\/#primaryimage\"},\"thumbnailUrl\":\"https:\\\/\\\/www.reseau-entreprendre.org\\\/val-d-oise\\\/wp-content\\\/uploads\\\/sites\\\/27\\\/2025\\\/05\\\/Image1-1024x562.png\",\"datePublished\":\"2025-05-26T12:16:12+00:00\",\"dateModified\":\"2025-05-26T12:40:13+00:00\",\"breadcrumb\":{\"@id\":\"https:\\\/\\\/www.reseau-entreprendre.org\\\/val-d-oise\\\/pass-entrepreneur-leader\\\/#breadcrumb\"},\"inLanguage\":\"fr-FR\",\"potentialAction\":[{\"@type\":\"ReadAction\",\"target\":[\"https:\\\/\\\/www.reseau-entreprendre.org\\\/val-d-oise\\\/pass-entrepreneur-leader\\\/\"]}]},{\"@type\":\"ImageObject\",\"inLanguage\":\"fr-FR\",\"@id\":\"https:\\\/\\\/www.reseau-entreprendre.org\\\/val-d-oise\\\/pass-entrepreneur-leader\\\/#primaryimage\",\"url\":\"https:\\\/\\\/www.reseau-entreprendre.org\\\/val-d-oise\\\/wp-content\\\/uploads\\\/sites\\\/27\\\/2025\\\/05\\\/Image1.png\",\"contentUrl\":\"https:\\\/\\\/www.reseau-entreprendre.org\\\/val-d-oise\\\/wp-content\\\/uploads\\\/sites\\\/27\\\/2025\\\/05\\\/Image1.png\",\"width\":1404,\"height\":771},{\"@type\":\"BreadcrumbList\",\"@id\":\"https:\\\/\\\/www.reseau-entreprendre.org\\\/val-d-oise\\\/pass-entrepreneur-leader\\\/#breadcrumb\",\"itemListElement\":[{\"@type\":\"ListItem\",\"position\":1,\"name\":\"Accueil\",\"item\":\"https:\\\/\\\/www.reseau-entreprendre.org\\\/val-d-oise\\\/\"},{\"@type\":\"ListItem\",\"position\":2,\"name\":\"Pass Entrepreneur #Leader\"}]},{\"@type\":\"WebSite\",\"@id\":\"https:\\\/\\\/www.reseau-entreprendre.org\\\/val-d-oise\\\/#website\",\"url\":\"https:\\\/\\\/www.reseau-entreprendre.org\\\/val-d-oise\\\/\",\"name\":\"R\u00e9seau Entreprendre Val d&#039;Oise\",\"description\":\"\",\"potentialAction\":[{\"@type\":\"SearchAction\",\"target\":{\"@type\":\"EntryPoint\",\"urlTemplate\":\"https:\\\/\\\/www.reseau-entreprendre.org\\\/val-d-oise\\\/?s={search_term_string}\"},\"query-input\":{\"@type\":\"PropertyValueSpecification\",\"valueRequired\":true,\"valueName\":\"search_term_string\"}}],\"inLanguage\":\"fr-FR\"}]}<\/script>\n<!-- \/ Yoast SEO plugin. -->","yoast_head_json":{"title":"Pass Entrepreneur #Leader - R\u00e9seau Entreprendre Val d&#039;Oise","robots":{"index":"index","follow":"follow","max-snippet":"max-snippet:-1","max-image-preview":"max-image-preview:large","max-video-preview":"max-video-preview:-1"},"canonical":"https:\/\/www.reseau-entreprendre.org\/val-d-oise\/pass-entrepreneur-leader\/","og_locale":"fr_FR","og_type":"article","og_title":"Pass Entrepreneur #Leader - R\u00e9seau Entreprendre Val d&#039;Oise","og_description":"Vous \u00eates porteur de projet ou entrepreneur en \u00cele-de-France ?","og_url":"https:\/\/www.reseau-entreprendre.org\/val-d-oise\/pass-entrepreneur-leader\/","og_site_name":"R\u00e9seau Entreprendre Val d&#039;Oise","article_modified_time":"2025-05-26T12:40:13+00:00","og_image":[{"width":1404,"height":771,"url":"https:\/\/www.reseau-entreprendre.org\/val-d-oise\/wp-content\/uploads\/sites\/27\/2025\/05\/Image1.png","type":"image\/png"}],"twitter_card":"summary_large_image","twitter_misc":{"Dur\u00e9e de lecture estim\u00e9e":"3 minutes"},"schema":{"@context":"https:\/\/schema.org","@graph":[{"@type":"WebPage","@id":"https:\/\/www.reseau-entreprendre.org\/val-d-oise\/pass-entrepreneur-leader\/","url":"https:\/\/www.reseau-entreprendre.org\/val-d-oise\/pass-entrepreneur-leader\/","name":"Pass Entrepreneur #Leader - R\u00e9seau Entreprendre Val d&#039;Oise","isPartOf":{"@id":"https:\/\/www.reseau-entreprendre.org\/val-d-oise\/#website"},"primaryImageOfPage":{"@id":"https:\/\/www.reseau-entreprendre.org\/val-d-oise\/pass-entrepreneur-leader\/#primaryimage"},"image":{"@id":"https:\/\/www.reseau-entreprendre.org\/val-d-oise\/pass-entrepreneur-leader\/#primaryimage"},"thumbnailUrl":"https:\/\/www.reseau-entreprendre.org\/val-d-oise\/wp-content\/uploads\/sites\/27\/2025\/05\/Image1-1024x562.png","datePublished":"2025-05-26T12:16:12+00:00","dateModified":"2025-05-26T12:40:13+00:00","breadcrumb":{"@id":"https:\/\/www.reseau-entreprendre.org\/val-d-oise\/pass-entrepreneur-leader\/#breadcrumb"},"inLanguage":"fr-FR","potentialAction":[{"@type":"ReadAction","target":["https:\/\/www.reseau-entreprendre.org\/val-d-oise\/pass-entrepreneur-leader\/"]}]},{"@type":"ImageObject","inLanguage":"fr-FR","@id":"https:\/\/www.reseau-entreprendre.org\/val-d-oise\/pass-entrepreneur-leader\/#primaryimage","url":"https:\/\/www.reseau-entreprendre.org\/val-d-oise\/wp-content\/uploads\/sites\/27\/2025\/05\/Image1.png","contentUrl":"https:\/\/www.reseau-entreprendre.org\/val-d-oise\/wp-content\/uploads\/sites\/27\/2025\/05\/Image1.png","width":1404,"height":771},{"@type":"BreadcrumbList","@id":"https:\/\/www.reseau-entreprendre.org\/val-d-oise\/pass-entrepreneur-leader\/#breadcrumb","itemListElement":[{"@type":"ListItem","position":1,"name":"Accueil","item":"https:\/\/www.reseau-entreprendre.org\/val-d-oise\/"},{"@type":"ListItem","position":2,"name":"Pass Entrepreneur #Leader"}]},{"@type":"WebSite","@id":"https:\/\/www.reseau-entreprendre.org\/val-d-oise\/#website","url":"https:\/\/www.reseau-entreprendre.org\/val-d-oise\/","name":"R\u00e9seau Entreprendre Val d&#039;Oise","description":"","potentialAction":[{"@type":"SearchAction","target":{"@type":"EntryPoint","urlTemplate":"https:\/\/www.reseau-entreprendre.org\/val-d-oise\/?s={search_term_string}"},"query-input":{"@type":"PropertyValueSpecification","valueRequired":true,"valueName":"search_term_string"}}],"inLanguage":"fr-FR"}]}},"_links":{"self":[{"href":"https:\/\/www.reseau-entreprendre.org\/val-d-oise\/wp-json\/wp\/v2\/pages\/4040","targetHints":{"allow":["GET"]}}],"collection":[{"href":"https:\/\/www.reseau-entreprendre.org\/val-d-oise\/wp-json\/wp\/v2\/pages"}],"about":[{"href":"https:\/\/www.reseau-entreprendre.org\/val-d-oise\/wp-json\/wp\/v2\/types\/page"}],"author":[{"embeddable":true,"href":"https:\/\/www.reseau-entreprendre.org\/val-d-oise\/wp-json\/wp\/v2\/users\/28"}],"replies":[{"embeddable":true,"href":"https:\/\/www.reseau-entreprendre.org\/val-d-oise\/wp-json\/wp\/v2\/comments?post=4040"}],"version-history":[{"count":0,"href":"https:\/\/www.reseau-entreprendre.org\/val-d-oise\/wp-json\/wp\/v2\/pages\/4040\/revisions"}],"wp:attachment":[{"href":"https:\/\/www.reseau-entreprendre.org\/val-d-oise\/wp-json\/wp\/v2\/media?parent=4040"}],"curies":[{"name":"wp","href":"https:\/\/api.w.org\/{rel}","templated":true}]}}