{"id":4664,"date":"2026-04-14T10:00:46","date_gmt":"2026-04-14T08:00:46","guid":{"rendered":"https:\/\/www.reseau-entreprendre.org\/val-d-oise\/?page_id=4664"},"modified":"2026-04-15T09:22:40","modified_gmt":"2026-04-15T07:22:40","slug":"laureats-2026-2","status":"publish","type":"page","link":"https:\/\/www.reseau-entreprendre.org\/val-d-oise\/success-story\/laureats-2026-2\/","title":{"rendered":"Laur\u00e9ats 2026"},"content":{"rendered":"\n<div class=\"wp-block-columns is-layout-flex wp-container-core-columns-is-layout-9d6595d7 wp-block-columns-is-layout-flex\">\n<div class=\"wp-block-column is-layout-flow wp-block-column-is-layout-flow\">\n<figure class=\"wp-block-image size-full\"><img loading=\"lazy\" decoding=\"async\" width=\"500\" height=\"500\" src=\"https:\/\/www.reseau-entreprendre.org\/val-d-oise\/wp-content\/uploads\/sites\/27\/2026\/04\/Lumen-AI.png\" alt=\"\" class=\"wp-image-4665\" srcset=\"https:\/\/www.reseau-entreprendre.org\/val-d-oise\/wp-content\/uploads\/sites\/27\/2026\/04\/Lumen-AI.png 500w, https:\/\/www.reseau-entreprendre.org\/val-d-oise\/wp-content\/uploads\/sites\/27\/2026\/04\/Lumen-AI-300x300.png 300w, https:\/\/www.reseau-entreprendre.org\/val-d-oise\/wp-content\/uploads\/sites\/27\/2026\/04\/Lumen-AI-150x150.png 150w, https:\/\/www.reseau-entreprendre.org\/val-d-oise\/wp-content\/uploads\/sites\/27\/2026\/04\/Lumen-AI-130x130.png 130w, https:\/\/www.reseau-entreprendre.org\/val-d-oise\/wp-content\/uploads\/sites\/27\/2026\/04\/Lumen-AI-100x100.png 100w\" sizes=\"auto, (max-width: 500px) 100vw, 500px\" \/><figcaption class=\"wp-element-caption\"><strong>[Start Cr\u00e9ation]<br><\/strong><a href=\"https:\/\/lumenenergies.com\/\" id=\"https:\/\/lumenenergies.com\/\">LumenAI<\/a> est une plateforme intelligente qui vous permet d\u2019exploiter pleinement le potentiel de vos donn\u00e9es sur les \u00e9nergies renouvelables. Elle transforme des indicateurs \u00e9nerg\u00e9tiques complexes en informations claires et actionnables, afin de g\u00e9n\u00e9rer des performances \u00e9conomiques concr\u00e8tes et mesurables. [Nadine DABOUZ]<\/figcaption><\/figure>\n<\/div>\n\n\n\n<div class=\"wp-block-column is-layout-flow wp-block-column-is-layout-flow\">\n<figure class=\"wp-block-image size-full is-style-default wp-duotone-unset-1\"><img loading=\"lazy\" decoding=\"async\" width=\"500\" height=\"500\" src=\"https:\/\/www.reseau-entreprendre.org\/val-d-oise\/wp-content\/uploads\/sites\/27\/2026\/04\/ASSTAL.png\" alt=\"\" class=\"wp-image-4666\" srcset=\"https:\/\/www.reseau-entreprendre.org\/val-d-oise\/wp-content\/uploads\/sites\/27\/2026\/04\/ASSTAL.png 500w, https:\/\/www.reseau-entreprendre.org\/val-d-oise\/wp-content\/uploads\/sites\/27\/2026\/04\/ASSTAL-300x300.png 300w, https:\/\/www.reseau-entreprendre.org\/val-d-oise\/wp-content\/uploads\/sites\/27\/2026\/04\/ASSTAL-150x150.png 150w, https:\/\/www.reseau-entreprendre.org\/val-d-oise\/wp-content\/uploads\/sites\/27\/2026\/04\/ASSTAL-130x130.png 130w, https:\/\/www.reseau-entreprendre.org\/val-d-oise\/wp-content\/uploads\/sites\/27\/2026\/04\/ASSTAL-100x100.png 100w\" sizes=\"auto, (max-width: 500px) 100vw, 500px\" \/><figcaption class=\"wp-element-caption\"><strong>[Start Reprise]<br><\/strong>Asstal est une entreprise s<em>p\u00e9cialis\u00e9e dans la vente et l&#8217;installation de syst\u00e8mes d&#8217;alarmes et de surveillance<\/em>. [<a href=\"https:\/\/www.linkedin.com\/in\/fabrice-gourguechon-391339146\/\" id=\"https:\/\/www.linkedin.com\/in\/fabrice-gourguechon-391339146\/\">Fabrice GOURGUECHON<\/a>]<\/figcaption><\/figure>\n<\/div>\n\n\n\n<div class=\"wp-block-column is-layout-flow wp-block-column-is-layout-flow\">\n<figure class=\"wp-block-image size-full\"><img loading=\"lazy\" decoding=\"async\" width=\"500\" height=\"500\" src=\"https:\/\/www.reseau-entreprendre.org\/val-d-oise\/wp-content\/uploads\/sites\/27\/2026\/04\/Locwatt1.png\" alt=\"\" class=\"wp-image-4678\" srcset=\"https:\/\/www.reseau-entreprendre.org\/val-d-oise\/wp-content\/uploads\/sites\/27\/2026\/04\/Locwatt1.png 500w, https:\/\/www.reseau-entreprendre.org\/val-d-oise\/wp-content\/uploads\/sites\/27\/2026\/04\/Locwatt1-300x300.png 300w, https:\/\/www.reseau-entreprendre.org\/val-d-oise\/wp-content\/uploads\/sites\/27\/2026\/04\/Locwatt1-150x150.png 150w, https:\/\/www.reseau-entreprendre.org\/val-d-oise\/wp-content\/uploads\/sites\/27\/2026\/04\/Locwatt1-130x130.png 130w, https:\/\/www.reseau-entreprendre.org\/val-d-oise\/wp-content\/uploads\/sites\/27\/2026\/04\/Locwatt1-100x100.png 100w\" sizes=\"auto, (max-width: 500px) 100vw, 500px\" \/><figcaption class=\"wp-element-caption\"><strong>[Start Cr\u00e9ation]<\/strong><br><a href=\"https:\/\/www.linkedin.com\/company\/locwatt\/\">LOCWATT<\/a> con\u00e7oit et r\u00e9alise des installations photovolta\u00efques, au sol comme sur ombri\u00e8res, au service de la transition \u00e9nerg\u00e9tique.[Antoine PETITPRE &amp; Bastien POURCELLE]<\/figcaption><\/figure>\n\n\n\n<p><\/p>\n\n\n\n<p style=\"font-style:normal;font-weight:400\"><\/p>\n<\/div>\n<\/div>\n\n\n\n<p><\/p>\n","protected":false},"excerpt":{"rendered":"","protected":false},"author":28,"featured_media":0,"parent":1425,"menu_order":0,"comment_status":"closed","ping_status":"closed","template":"","meta":{"_acf_changed":false,"_monsterinsights_skip_tracking":false,"_monsterinsights_sitenote_active":false,"_monsterinsights_sitenote_note":"","_monsterinsights_sitenote_category":0,"footnotes":""},"class_list":["post-4664","page","type-page","status-publish","hentry"],"acf":[],"yoast_head":"<!-- This site is optimized with the Yoast SEO plugin v27.3 - https:\/\/yoast.com\/product\/yoast-seo-wordpress\/ -->\n<title>Laur\u00e9ats 2026 - R\u00e9seau Entreprendre Val d&#039;Oise<\/title>\n<meta name=\"description\" content=\"D\u00e9couvrez la Promotion 2025 de R\u00e9seau Entreprendre Val d&#039;Oise. Pour cr\u00e9er des emplois, cr\u00e9ons des employeurs !\" \/>\n<meta name=\"robots\" content=\"index, follow, max-snippet:-1, max-image-preview:large, max-video-preview:-1\" \/>\n<link rel=\"canonical\" href=\"https:\/\/www.reseau-entreprendre.org\/val-d-oise\/success-story\/laureats-2026-2\/\" \/>\n<meta property=\"og:locale\" content=\"fr_FR\" \/>\n<meta property=\"og:type\" content=\"article\" \/>\n<meta property=\"og:title\" content=\"Laur\u00e9ats 2026 - R\u00e9seau Entreprendre Val d&#039;Oise\" \/>\n<meta property=\"og:description\" content=\"D\u00e9couvrez la Promotion 2025 de R\u00e9seau Entreprendre Val d&#039;Oise. Pour cr\u00e9er des emplois, cr\u00e9ons des employeurs !\" \/>\n<meta property=\"og:url\" content=\"https:\/\/www.reseau-entreprendre.org\/val-d-oise\/success-story\/laureats-2026-2\/\" \/>\n<meta property=\"og:site_name\" content=\"R\u00e9seau Entreprendre Val d&#039;Oise\" \/>\n<meta property=\"article:modified_time\" content=\"2026-04-15T07:22:40+00:00\" \/>\n<meta property=\"og:image\" content=\"https:\/\/www.reseau-entreprendre.org\/val-d-oise\/wp-content\/uploads\/sites\/27\/2026\/04\/Lumen-AI.png\" \/>\n\t<meta property=\"og:image:width\" content=\"500\" \/>\n\t<meta property=\"og:image:height\" content=\"500\" \/>\n\t<meta property=\"og:image:type\" content=\"image\/png\" \/>\n<meta name=\"twitter:card\" content=\"summary_large_image\" \/>\n<meta name=\"twitter:label1\" content=\"Dur\u00e9e de lecture estim\u00e9e\" \/>\n\t<meta name=\"twitter:data1\" content=\"2 minutes\" \/>\n<script type=\"application\/ld+json\" class=\"yoast-schema-graph\">{\"@context\":\"https:\\\/\\\/schema.org\",\"@graph\":[{\"@type\":\"WebPage\",\"@id\":\"https:\\\/\\\/www.reseau-entreprendre.org\\\/val-d-oise\\\/success-story\\\/laureats-2026-2\\\/\",\"url\":\"https:\\\/\\\/www.reseau-entreprendre.org\\\/val-d-oise\\\/success-story\\\/laureats-2026-2\\\/\",\"name\":\"Laur\u00e9ats 2026 - R\u00e9seau Entreprendre Val d&#039;Oise\",\"isPartOf\":{\"@id\":\"https:\\\/\\\/www.reseau-entreprendre.org\\\/val-d-oise\\\/#website\"},\"primaryImageOfPage\":{\"@id\":\"https:\\\/\\\/www.reseau-entreprendre.org\\\/val-d-oise\\\/success-story\\\/laureats-2026-2\\\/#primaryimage\"},\"image\":{\"@id\":\"https:\\\/\\\/www.reseau-entreprendre.org\\\/val-d-oise\\\/success-story\\\/laureats-2026-2\\\/#primaryimage\"},\"thumbnailUrl\":\"https:\\\/\\\/www.reseau-entreprendre.org\\\/val-d-oise\\\/wp-content\\\/uploads\\\/sites\\\/27\\\/2026\\\/04\\\/Lumen-AI.png\",\"datePublished\":\"2026-04-14T08:00:46+00:00\",\"dateModified\":\"2026-04-15T07:22:40+00:00\",\"description\":\"D\u00e9couvrez la Promotion 2025 de R\u00e9seau Entreprendre Val d'Oise. Pour cr\u00e9er des emplois, cr\u00e9ons des employeurs !\",\"breadcrumb\":{\"@id\":\"https:\\\/\\\/www.reseau-entreprendre.org\\\/val-d-oise\\\/success-story\\\/laureats-2026-2\\\/#breadcrumb\"},\"inLanguage\":\"fr-FR\",\"potentialAction\":[{\"@type\":\"ReadAction\",\"target\":[\"https:\\\/\\\/www.reseau-entreprendre.org\\\/val-d-oise\\\/success-story\\\/laureats-2026-2\\\/\"]}]},{\"@type\":\"ImageObject\",\"inLanguage\":\"fr-FR\",\"@id\":\"https:\\\/\\\/www.reseau-entreprendre.org\\\/val-d-oise\\\/success-story\\\/laureats-2026-2\\\/#primaryimage\",\"url\":\"https:\\\/\\\/www.reseau-entreprendre.org\\\/val-d-oise\\\/wp-content\\\/uploads\\\/sites\\\/27\\\/2026\\\/04\\\/Lumen-AI.png\",\"contentUrl\":\"https:\\\/\\\/www.reseau-entreprendre.org\\\/val-d-oise\\\/wp-content\\\/uploads\\\/sites\\\/27\\\/2026\\\/04\\\/Lumen-AI.png\",\"width\":500,\"height\":500},{\"@type\":\"BreadcrumbList\",\"@id\":\"https:\\\/\\\/www.reseau-entreprendre.org\\\/val-d-oise\\\/success-story\\\/laureats-2026-2\\\/#breadcrumb\",\"itemListElement\":[{\"@type\":\"ListItem\",\"position\":1,\"name\":\"Accueil\",\"item\":\"https:\\\/\\\/www.reseau-entreprendre.org\\\/val-d-oise\\\/\"},{\"@type\":\"ListItem\",\"position\":2,\"name\":\"Nous les avons accompagn\u00e9s\",\"item\":\"https:\\\/\\\/www.reseau-entreprendre.org\\\/val-d-oise\\\/success-story\\\/\"},{\"@type\":\"ListItem\",\"position\":3,\"name\":\"Laur\u00e9ats 2026\"}]},{\"@type\":\"WebSite\",\"@id\":\"https:\\\/\\\/www.reseau-entreprendre.org\\\/val-d-oise\\\/#website\",\"url\":\"https:\\\/\\\/www.reseau-entreprendre.org\\\/val-d-oise\\\/\",\"name\":\"R\u00e9seau Entreprendre Val d&#039;Oise\",\"description\":\"\",\"potentialAction\":[{\"@type\":\"SearchAction\",\"target\":{\"@type\":\"EntryPoint\",\"urlTemplate\":\"https:\\\/\\\/www.reseau-entreprendre.org\\\/val-d-oise\\\/?s={search_term_string}\"},\"query-input\":{\"@type\":\"PropertyValueSpecification\",\"valueRequired\":true,\"valueName\":\"search_term_string\"}}],\"inLanguage\":\"fr-FR\"}]}<\/script>\n<!-- \/ Yoast SEO plugin. -->","yoast_head_json":{"title":"Laur\u00e9ats 2026 - R\u00e9seau Entreprendre Val d&#039;Oise","description":"D\u00e9couvrez la Promotion 2025 de R\u00e9seau Entreprendre Val d'Oise. Pour cr\u00e9er des emplois, cr\u00e9ons des employeurs !","robots":{"index":"index","follow":"follow","max-snippet":"max-snippet:-1","max-image-preview":"max-image-preview:large","max-video-preview":"max-video-preview:-1"},"canonical":"https:\/\/www.reseau-entreprendre.org\/val-d-oise\/success-story\/laureats-2026-2\/","og_locale":"fr_FR","og_type":"article","og_title":"Laur\u00e9ats 2026 - R\u00e9seau Entreprendre Val d&#039;Oise","og_description":"D\u00e9couvrez la Promotion 2025 de R\u00e9seau Entreprendre Val d'Oise. Pour cr\u00e9er des emplois, cr\u00e9ons des employeurs !","og_url":"https:\/\/www.reseau-entreprendre.org\/val-d-oise\/success-story\/laureats-2026-2\/","og_site_name":"R\u00e9seau Entreprendre Val d&#039;Oise","article_modified_time":"2026-04-15T07:22:40+00:00","og_image":[{"width":500,"height":500,"url":"https:\/\/www.reseau-entreprendre.org\/val-d-oise\/wp-content\/uploads\/sites\/27\/2026\/04\/Lumen-AI.png","type":"image\/png"}],"twitter_card":"summary_large_image","twitter_misc":{"Dur\u00e9e de lecture estim\u00e9e":"2 minutes"},"schema":{"@context":"https:\/\/schema.org","@graph":[{"@type":"WebPage","@id":"https:\/\/www.reseau-entreprendre.org\/val-d-oise\/success-story\/laureats-2026-2\/","url":"https:\/\/www.reseau-entreprendre.org\/val-d-oise\/success-story\/laureats-2026-2\/","name":"Laur\u00e9ats 2026 - R\u00e9seau Entreprendre Val d&#039;Oise","isPartOf":{"@id":"https:\/\/www.reseau-entreprendre.org\/val-d-oise\/#website"},"primaryImageOfPage":{"@id":"https:\/\/www.reseau-entreprendre.org\/val-d-oise\/success-story\/laureats-2026-2\/#primaryimage"},"image":{"@id":"https:\/\/www.reseau-entreprendre.org\/val-d-oise\/success-story\/laureats-2026-2\/#primaryimage"},"thumbnailUrl":"https:\/\/www.reseau-entreprendre.org\/val-d-oise\/wp-content\/uploads\/sites\/27\/2026\/04\/Lumen-AI.png","datePublished":"2026-04-14T08:00:46+00:00","dateModified":"2026-04-15T07:22:40+00:00","description":"D\u00e9couvrez la Promotion 2025 de R\u00e9seau Entreprendre Val d'Oise. Pour cr\u00e9er des emplois, cr\u00e9ons des employeurs !","breadcrumb":{"@id":"https:\/\/www.reseau-entreprendre.org\/val-d-oise\/success-story\/laureats-2026-2\/#breadcrumb"},"inLanguage":"fr-FR","potentialAction":[{"@type":"ReadAction","target":["https:\/\/www.reseau-entreprendre.org\/val-d-oise\/success-story\/laureats-2026-2\/"]}]},{"@type":"ImageObject","inLanguage":"fr-FR","@id":"https:\/\/www.reseau-entreprendre.org\/val-d-oise\/success-story\/laureats-2026-2\/#primaryimage","url":"https:\/\/www.reseau-entreprendre.org\/val-d-oise\/wp-content\/uploads\/sites\/27\/2026\/04\/Lumen-AI.png","contentUrl":"https:\/\/www.reseau-entreprendre.org\/val-d-oise\/wp-content\/uploads\/sites\/27\/2026\/04\/Lumen-AI.png","width":500,"height":500},{"@type":"BreadcrumbList","@id":"https:\/\/www.reseau-entreprendre.org\/val-d-oise\/success-story\/laureats-2026-2\/#breadcrumb","itemListElement":[{"@type":"ListItem","position":1,"name":"Accueil","item":"https:\/\/www.reseau-entreprendre.org\/val-d-oise\/"},{"@type":"ListItem","position":2,"name":"Nous les avons accompagn\u00e9s","item":"https:\/\/www.reseau-entreprendre.org\/val-d-oise\/success-story\/"},{"@type":"ListItem","position":3,"name":"Laur\u00e9ats 2026"}]},{"@type":"WebSite","@id":"https:\/\/www.reseau-entreprendre.org\/val-d-oise\/#website","url":"https:\/\/www.reseau-entreprendre.org\/val-d-oise\/","name":"R\u00e9seau Entreprendre Val d&#039;Oise","description":"","potentialAction":[{"@type":"SearchAction","target":{"@type":"EntryPoint","urlTemplate":"https:\/\/www.reseau-entreprendre.org\/val-d-oise\/?s={search_term_string}"},"query-input":{"@type":"PropertyValueSpecification","valueRequired":true,"valueName":"search_term_string"}}],"inLanguage":"fr-FR"}]}},"_links":{"self":[{"href":"https:\/\/www.reseau-entreprendre.org\/val-d-oise\/wp-json\/wp\/v2\/pages\/4664","targetHints":{"allow":["GET"]}}],"collection":[{"href":"https:\/\/www.reseau-entreprendre.org\/val-d-oise\/wp-json\/wp\/v2\/pages"}],"about":[{"href":"https:\/\/www.reseau-entreprendre.org\/val-d-oise\/wp-json\/wp\/v2\/types\/page"}],"author":[{"embeddable":true,"href":"https:\/\/www.reseau-entreprendre.org\/val-d-oise\/wp-json\/wp\/v2\/users\/28"}],"replies":[{"embeddable":true,"href":"https:\/\/www.reseau-entreprendre.org\/val-d-oise\/wp-json\/wp\/v2\/comments?post=4664"}],"version-history":[{"count":2,"href":"https:\/\/www.reseau-entreprendre.org\/val-d-oise\/wp-json\/wp\/v2\/pages\/4664\/revisions"}],"predecessor-version":[{"id":4679,"href":"https:\/\/www.reseau-entreprendre.org\/val-d-oise\/wp-json\/wp\/v2\/pages\/4664\/revisions\/4679"}],"up":[{"embeddable":true,"href":"https:\/\/www.reseau-entreprendre.org\/val-d-oise\/wp-json\/wp\/v2\/pages\/1425"}],"wp:attachment":[{"href":"https:\/\/www.reseau-entreprendre.org\/val-d-oise\/wp-json\/wp\/v2\/media?parent=4664"}],"curies":[{"name":"wp","href":"https:\/\/api.w.org\/{rel}","templated":true}]}}