{"id":15,"date":"2017-04-28T12:33:47","date_gmt":"2017-04-28T10:33:47","guid":{"rendered":"http:\/\/re-preprod-entreprendre.fr\/val-de-marne\/?page_id=15"},"modified":"2024-05-30T16:54:37","modified_gmt":"2024-05-30T14:54:37","slug":"accompagner","status":"publish","type":"page","link":"https:\/\/www.reseau-entreprendre.org\/val-de-marne\/accompagner\/","title":{"rendered":"Devenir membre"},"content":{"rendered":"\n<p><\/p>\n\n\n\n<h2 class=\"wp-block-heading\"><\/h2>\n\n\n\n<p><\/p>\n\n\n\n<h2 class=\"wp-block-heading has-re-blue-color has-text-color\">R\u00e9seau Entreprendre Val-de-Marne, c\u2019est :<\/h2>\n\n\n\n<p><\/p>\n\n\n\n<p>Des chefs d\u2019entreprises qui partagent des <strong>valeurs communes<\/strong> destin\u00e9es \u00e0 favoriser l\u2019\u00e9mergence de futures entreprises viables et cr\u00e9atrices d\u2019emplois, dynamisant le tissu \u00e9conomique du Val-de-Marne.<\/p>\n\n\n\n<p>Les membres ont pour mission de recevoir les porteurs de projet et les conseiller au mieux dans les \u00e9tapes cl\u00e9s de la cr\u00e9ation ou reprise d\u2019entreprise : entretiens individuels et comit\u00e9 d\u2019engagement. <strong>L\u2019implication se fait \u00e0 la carte<\/strong>, en fonction de la disponibilit\u00e9 de chacun.<\/p>\n\n\n\n<p>Ces rencontres sont tout aussi enrichissante pour les candidats que pour les membres : d\u00e9couverte de nouveaux march\u00e9s et technologies pour les uns, retour d&#8217;exp\u00e9riences par des chefs d\u2019entreprises aguerris pour les autres.<\/p>\n\n\n\n<p>Les membres peuvent \u00e9galement profiter de la richesse de faire partie d\u2019un r\u00e9seau de chefs d\u2019entreprises, \u00e0 travers les nombreuses rencontres organis\u00e9es, mais aussi gr\u00e2ce \u00e0 notre <strong>Annuaire Digital,<\/strong> qui permet une interaction directe avec toute la communaut\u00e9 R\u00e9seau Entreprendre \u00e0 travers le monde.<\/p>\n\n\n\n<div style=\"height:40px\" aria-hidden=\"true\" class=\"wp-block-spacer\"><\/div>\n\n\n\n<h2 class=\"wp-block-heading has-re-blue-color has-text-color\">Int\u00e9grer R\u00e9seau Entreprendre Val de Marne, c\u2019est :<\/h2>\n\n\n\n<p><\/p>\n\n\n\n<ul class=\"wp-block-list\">\n<li><strong>Int\u00e9grer un r\u00e9seau puissant<\/strong> compos\u00e9 de plus de 100 chefs d&#8217;entreprise Val de Marnais b\u00e9n\u00e9voles engag\u00e9s dans la r\u00e9ussite de leur territoire.<\/li>\n<\/ul>\n\n\n\n<ul class=\"wp-block-list\">\n<li><strong>Se rencontrer et \u00e9changer<\/strong> gr\u00e2ce \u00e0 une programmation riche d&#8217;\u00e9v\u00e8nements et de rencontres plac\u00e9s sous le signe de la CONVIVIALITE.<\/li>\n<\/ul>\n\n\n\n<ul class=\"wp-block-list\">\n<li><strong>Partager et transmettre<\/strong>. Les occasions de s\u2019impliquer sont nombreuses et vari\u00e9es : Selon vos envies, vos disponibilit\u00e9s et vos besoins&nbsp;: comit\u00e9 d&#8217;engagement, animation, accompagnement, groupe de travail.<\/li>\n<\/ul>\n\n\n\n<ul class=\"wp-block-list\">\n<li><strong>S&#8217;enrichir<\/strong> aupr\u00e8s de jeunes entrepreneurs prometteurs et \u00e9nergiques.<\/li>\n<\/ul>\n\n\n\n<h2 class=\"wp-block-heading has-re-blue-color has-text-color\">Film Entreprendre sa vie avec R\u00e9seau Entreprendre.<\/h2>\n\n\n\n<p><strong><mark class=\"has-inline-color has-re-blue-color\">\u00ab Entreprendre sa vie \u00bb<\/mark><\/strong> en quelques chiffres: <\/p>\n\n\n\n<p>\u2022 24 interviews dont 4 \u00e0 l\u2019\u00e9tranger (Suisse, Espagne et Belgique) , 11 <strong>Chefs d\u2019entreprise<\/strong>,  11 <strong>Collaborateurs<\/strong> , 8 <strong>Membres<\/strong>, 5 <strong>administrateurs<\/strong>, 5000 km parcours.<\/p>\n\n\n\n<p><strong>Ces t\u00e9moignages incarnent l\u2019enthousiasme d\u2019un r\u00e9seau compos\u00e9 de femmes et d\u2019hommes enti\u00e8rement tourn\u00e9s vers la cr\u00e9ation d\u2019emplois sur leurs territoires.<\/strong><\/p>\n\n\n\n<figure class=\"wp-block-embed aligncenter is-type-video is-provider-youtube wp-block-embed-youtube wp-embed-aspect-16-9 wp-has-aspect-ratio\"><div class=\"wp-block-embed__wrapper\">\n<iframe loading=\"lazy\" title=\"Film Entreprendre sa vie avec R\u00e9seau Entreprendre 2022 VL\" width=\"500\" height=\"281\" src=\"https:\/\/www.youtube.com\/embed\/g7dk4u-b_zU?feature=oembed\" frameborder=\"0\" allow=\"accelerometer; autoplay; clipboard-write; encrypted-media; gyroscope; picture-in-picture; web-share\" referrerpolicy=\"strict-origin-when-cross-origin\" allowfullscreen><\/iframe>\n<\/div><\/figure>\n\n\n\n<div class=\"wp-block-buttons alignfull is-content-justification-center is-layout-flex wp-container-core-buttons-is-layout-16018d1d wp-block-buttons-is-layout-flex\">\n<div class=\"wp-block-button is-style-outline is-style-outline--1\"><a class=\"wp-block-button__link has-re-red-color has-text-color has-text-align-center wp-element-button\" href=\"https:\/\/www.reseau-entreprendre.org\/val-de-marne\/contact\/\">Nous contacter<\/a><\/div>\n<\/div>\n","protected":false},"excerpt":{"rendered":"<p>R\u00e9seau Entreprendre Val-de-Marne, c\u2019est : Des chefs d\u2019entreprises qui partagent<\/p>\n","protected":false},"author":29,"featured_media":0,"parent":0,"menu_order":0,"comment_status":"closed","ping_status":"closed","template":"","meta":{"_acf_changed":false,"_monsterinsights_skip_tracking":false,"_monsterinsights_sitenote_active":false,"_monsterinsights_sitenote_note":"","_monsterinsights_sitenote_category":0,"footnotes":""},"class_list":["post-15","page","type-page","status-publish","hentry"],"acf":[],"yoast_head":"<!-- This site is optimized with the Yoast SEO plugin v27.4 - https:\/\/yoast.com\/product\/yoast-seo-wordpress\/ -->\n<title>Accompagner| Reseau Entreprendre Val-de-Marne<\/title>\n<meta name=\"description\" content=\"Vous \u00eates chef d&#039;entreprise et souhaitez accompagner de nouveaux entrepreneurs ? Devenez membre b\u00e9n\u00e9vole de R\u00e9seau Entreprendre Val-de-Marne !\" \/>\n<meta name=\"robots\" content=\"index, follow, max-snippet:-1, max-image-preview:large, max-video-preview:-1\" \/>\n<link rel=\"canonical\" href=\"https:\/\/www.reseau-entreprendre.org\/val-de-marne\/accompagner\/\" \/>\n<meta property=\"og:locale\" content=\"fr_FR\" \/>\n<meta property=\"og:type\" content=\"article\" \/>\n<meta property=\"og:title\" content=\"Accompagner| Reseau Entreprendre Val-de-Marne\" \/>\n<meta property=\"og:description\" content=\"Vous \u00eates chef d&#039;entreprise et souhaitez accompagner de nouveaux entrepreneurs ? Devenez membre b\u00e9n\u00e9vole de R\u00e9seau Entreprendre Val-de-Marne !\" \/>\n<meta property=\"og:url\" content=\"https:\/\/www.reseau-entreprendre.org\/val-de-marne\/accompagner\/\" \/>\n<meta property=\"og:site_name\" content=\"R\u00e9seau Entreprendre Val de Marne\" \/>\n<meta property=\"article:modified_time\" content=\"2024-05-30T14:54:37+00:00\" \/>\n<meta name=\"twitter:card\" content=\"summary_large_image\" \/>\n<meta name=\"twitter:label1\" content=\"Dur\u00e9e de lecture estim\u00e9e\" \/>\n\t<meta name=\"twitter:data1\" content=\"2 minutes\" \/>\n<script type=\"application\/ld+json\" class=\"yoast-schema-graph\">{\"@context\":\"https:\\\/\\\/schema.org\",\"@graph\":[{\"@type\":\"WebPage\",\"@id\":\"https:\\\/\\\/www.reseau-entreprendre.org\\\/val-de-marne\\\/accompagner\\\/\",\"url\":\"https:\\\/\\\/www.reseau-entreprendre.org\\\/val-de-marne\\\/accompagner\\\/\",\"name\":\"Accompagner| Reseau Entreprendre Val-de-Marne\",\"isPartOf\":{\"@id\":\"https:\\\/\\\/www.reseau-entreprendre.org\\\/val-de-marne\\\/#website\"},\"datePublished\":\"2017-04-28T10:33:47+00:00\",\"dateModified\":\"2024-05-30T14:54:37+00:00\",\"description\":\"Vous \u00eates chef d'entreprise et souhaitez accompagner de nouveaux entrepreneurs ? Devenez membre b\u00e9n\u00e9vole de R\u00e9seau Entreprendre Val-de-Marne !\",\"breadcrumb\":{\"@id\":\"https:\\\/\\\/www.reseau-entreprendre.org\\\/val-de-marne\\\/accompagner\\\/#breadcrumb\"},\"inLanguage\":\"fr-FR\",\"potentialAction\":[{\"@type\":\"ReadAction\",\"target\":[\"https:\\\/\\\/www.reseau-entreprendre.org\\\/val-de-marne\\\/accompagner\\\/\"]}]},{\"@type\":\"BreadcrumbList\",\"@id\":\"https:\\\/\\\/www.reseau-entreprendre.org\\\/val-de-marne\\\/accompagner\\\/#breadcrumb\",\"itemListElement\":[{\"@type\":\"ListItem\",\"position\":1,\"name\":\"Accueil\",\"item\":\"https:\\\/\\\/www.reseau-entreprendre.org\\\/val-de-marne\\\/\"},{\"@type\":\"ListItem\",\"position\":2,\"name\":\"Devenir membre\"}]},{\"@type\":\"WebSite\",\"@id\":\"https:\\\/\\\/www.reseau-entreprendre.org\\\/val-de-marne\\\/#website\",\"url\":\"https:\\\/\\\/www.reseau-entreprendre.org\\\/val-de-marne\\\/\",\"name\":\"R\u00e9seau Entreprendre Val de Marne\",\"description\":\"\",\"potentialAction\":[{\"@type\":\"SearchAction\",\"target\":{\"@type\":\"EntryPoint\",\"urlTemplate\":\"https:\\\/\\\/www.reseau-entreprendre.org\\\/val-de-marne\\\/?s={search_term_string}\"},\"query-input\":{\"@type\":\"PropertyValueSpecification\",\"valueRequired\":true,\"valueName\":\"search_term_string\"}}],\"inLanguage\":\"fr-FR\"}]}<\/script>\n<!-- \/ Yoast SEO plugin. -->","yoast_head_json":{"title":"Accompagner| Reseau Entreprendre Val-de-Marne","description":"Vous \u00eates chef d'entreprise et souhaitez accompagner de nouveaux entrepreneurs ? Devenez membre b\u00e9n\u00e9vole de R\u00e9seau Entreprendre Val-de-Marne !","robots":{"index":"index","follow":"follow","max-snippet":"max-snippet:-1","max-image-preview":"max-image-preview:large","max-video-preview":"max-video-preview:-1"},"canonical":"https:\/\/www.reseau-entreprendre.org\/val-de-marne\/accompagner\/","og_locale":"fr_FR","og_type":"article","og_title":"Accompagner| Reseau Entreprendre Val-de-Marne","og_description":"Vous \u00eates chef d'entreprise et souhaitez accompagner de nouveaux entrepreneurs ? Devenez membre b\u00e9n\u00e9vole de R\u00e9seau Entreprendre Val-de-Marne !","og_url":"https:\/\/www.reseau-entreprendre.org\/val-de-marne\/accompagner\/","og_site_name":"R\u00e9seau Entreprendre Val de Marne","article_modified_time":"2024-05-30T14:54:37+00:00","twitter_card":"summary_large_image","twitter_misc":{"Dur\u00e9e de lecture estim\u00e9e":"2 minutes"},"schema":{"@context":"https:\/\/schema.org","@graph":[{"@type":"WebPage","@id":"https:\/\/www.reseau-entreprendre.org\/val-de-marne\/accompagner\/","url":"https:\/\/www.reseau-entreprendre.org\/val-de-marne\/accompagner\/","name":"Accompagner| Reseau Entreprendre Val-de-Marne","isPartOf":{"@id":"https:\/\/www.reseau-entreprendre.org\/val-de-marne\/#website"},"datePublished":"2017-04-28T10:33:47+00:00","dateModified":"2024-05-30T14:54:37+00:00","description":"Vous \u00eates chef d'entreprise et souhaitez accompagner de nouveaux entrepreneurs ? Devenez membre b\u00e9n\u00e9vole de R\u00e9seau Entreprendre Val-de-Marne !","breadcrumb":{"@id":"https:\/\/www.reseau-entreprendre.org\/val-de-marne\/accompagner\/#breadcrumb"},"inLanguage":"fr-FR","potentialAction":[{"@type":"ReadAction","target":["https:\/\/www.reseau-entreprendre.org\/val-de-marne\/accompagner\/"]}]},{"@type":"BreadcrumbList","@id":"https:\/\/www.reseau-entreprendre.org\/val-de-marne\/accompagner\/#breadcrumb","itemListElement":[{"@type":"ListItem","position":1,"name":"Accueil","item":"https:\/\/www.reseau-entreprendre.org\/val-de-marne\/"},{"@type":"ListItem","position":2,"name":"Devenir membre"}]},{"@type":"WebSite","@id":"https:\/\/www.reseau-entreprendre.org\/val-de-marne\/#website","url":"https:\/\/www.reseau-entreprendre.org\/val-de-marne\/","name":"R\u00e9seau Entreprendre Val de Marne","description":"","potentialAction":[{"@type":"SearchAction","target":{"@type":"EntryPoint","urlTemplate":"https:\/\/www.reseau-entreprendre.org\/val-de-marne\/?s={search_term_string}"},"query-input":{"@type":"PropertyValueSpecification","valueRequired":true,"valueName":"search_term_string"}}],"inLanguage":"fr-FR"}]}},"_links":{"self":[{"href":"https:\/\/www.reseau-entreprendre.org\/val-de-marne\/wp-json\/wp\/v2\/pages\/15","targetHints":{"allow":["GET"]}}],"collection":[{"href":"https:\/\/www.reseau-entreprendre.org\/val-de-marne\/wp-json\/wp\/v2\/pages"}],"about":[{"href":"https:\/\/www.reseau-entreprendre.org\/val-de-marne\/wp-json\/wp\/v2\/types\/page"}],"author":[{"embeddable":true,"href":"https:\/\/www.reseau-entreprendre.org\/val-de-marne\/wp-json\/wp\/v2\/users\/29"}],"replies":[{"embeddable":true,"href":"https:\/\/www.reseau-entreprendre.org\/val-de-marne\/wp-json\/wp\/v2\/comments?post=15"}],"version-history":[{"count":0,"href":"https:\/\/www.reseau-entreprendre.org\/val-de-marne\/wp-json\/wp\/v2\/pages\/15\/revisions"}],"wp:attachment":[{"href":"https:\/\/www.reseau-entreprendre.org\/val-de-marne\/wp-json\/wp\/v2\/media?parent=15"}],"curies":[{"name":"wp","href":"https:\/\/api.w.org\/{rel}","templated":true}]}}