{"id":1869,"date":"2019-05-20T11:02:21","date_gmt":"2019-05-20T09:02:21","guid":{"rendered":"https:\/\/re-preprod-entreprendre.fr\/val-de-marne\/?page_id=1869"},"modified":"2021-10-08T16:12:55","modified_gmt":"2021-10-08T14:12:55","slug":"laureats-2019","status":"publish","type":"page","link":"https:\/\/www.reseau-entreprendre.org\/val-de-marne\/actualites\/laureats-2019\/","title":{"rendered":"Laur\u00e9ats 2019"},"content":{"rendered":"<p style=\"text-align: center;\"><span style=\"font-size: 21px;\"><strong><span style=\"color: #ff971d;\">Laur\u00e9ats 2019<\/span><\/strong><\/span><\/p>\n<div class=\"su-table su-table-alternate\">\n<table>\n<tbody>\n<tr>\n<td><a href=\"https:\/\/www.reseau-entreprendre.org\/val-de-marne\/2019\/04\/26\/meet-in-class-laureat-2019\/\"><img loading=\"lazy\" decoding=\"async\" class=\"aligncenter wp-image-1879\" src=\"https:\/\/www.reseau-entreprendre.org\/val-de-marne\/wp-content\/uploads\/sites\/28\/2019\/05\/VISUEL_SI-2-e1558705370658-300x293.png\" alt=\"\" width=\"180\" height=\"176\" srcset=\"https:\/\/www.reseau-entreprendre.org\/val-de-marne\/wp-content\/uploads\/sites\/28\/2019\/05\/VISUEL_SI-2-e1558705370658-300x293.png 300w, https:\/\/www.reseau-entreprendre.org\/val-de-marne\/wp-content\/uploads\/sites\/28\/2019\/05\/VISUEL_SI-2-e1558705370658.png 697w\" sizes=\"auto, (max-width: 180px) 100vw, 180px\" \/><\/a><\/td>\n<td><a href=\"https:\/\/www.reseau-entreprendre.org\/val-de-marne\/2019\/04\/29\/mon-happy-home-seconde-laureate-2019\/\"><img loading=\"lazy\" decoding=\"async\" class=\"aligncenter wp-image-1881\" src=\"https:\/\/www.reseau-entreprendre.org\/val-de-marne\/wp-content\/uploads\/sites\/28\/2019\/05\/VISUEL_SI-3-297x300.png\" alt=\"\" width=\"181\" height=\"183\" srcset=\"https:\/\/www.reseau-entreprendre.org\/val-de-marne\/wp-content\/uploads\/sites\/28\/2019\/05\/VISUEL_SI-3-297x300.png 297w, https:\/\/www.reseau-entreprendre.org\/val-de-marne\/wp-content\/uploads\/sites\/28\/2019\/05\/VISUEL_SI-3.png 675w\" sizes=\"auto, (max-width: 181px) 100vw, 181px\" \/><\/a><\/td>\n<td><a href=\"https:\/\/www.reseau-entreprendre.org\/val-de-marne\/2019\/05\/03\/teelt-laureat-2019\/\"><img loading=\"lazy\" decoding=\"async\" class=\"aligncenter wp-image-1882\" src=\"https:\/\/www.reseau-entreprendre.org\/val-de-marne\/wp-content\/uploads\/sites\/28\/2019\/05\/VISUEL_SI-4-297x300.png\" alt=\"\" width=\"180\" height=\"182\" srcset=\"https:\/\/www.reseau-entreprendre.org\/val-de-marne\/wp-content\/uploads\/sites\/28\/2019\/05\/VISUEL_SI-4-297x300.png 297w, https:\/\/www.reseau-entreprendre.org\/val-de-marne\/wp-content\/uploads\/sites\/28\/2019\/05\/VISUEL_SI-4.png 675w\" sizes=\"auto, (max-width: 180px) 100vw, 180px\" \/><\/a><\/td>\n<\/tr>\n<tr>\n<td><a href=\"https:\/\/www.reseau-entreprendre.org\/val-de-marne\/2019\/05\/06\/les-miraculeux-laureat-2019\/\"><img loading=\"lazy\" decoding=\"async\" class=\"aligncenter wp-image-1877\" src=\"https:\/\/www.reseau-entreprendre.org\/val-de-marne\/wp-content\/uploads\/sites\/28\/2019\/05\/VISUEL_SI-297x300.png\" alt=\"\" width=\"181\" height=\"183\" srcset=\"https:\/\/www.reseau-entreprendre.org\/val-de-marne\/wp-content\/uploads\/sites\/28\/2019\/05\/VISUEL_SI-297x300.png 297w, https:\/\/www.reseau-entreprendre.org\/val-de-marne\/wp-content\/uploads\/sites\/28\/2019\/05\/VISUEL_SI.png 675w\" sizes=\"auto, (max-width: 181px) 100vw, 181px\" \/><\/a><\/td>\n<td><a href=\"https:\/\/www.reseau-entreprendre.org\/val-de-marne\/2019\/05\/17\/1812\/\"><img loading=\"lazy\" decoding=\"async\" class=\"aligncenter wp-image-1878\" src=\"https:\/\/www.reseau-entreprendre.org\/val-de-marne\/wp-content\/uploads\/sites\/28\/2019\/05\/VISUEL_SI-1-297x300.png\" alt=\"\" width=\"180\" height=\"182\" srcset=\"https:\/\/www.reseau-entreprendre.org\/val-de-marne\/wp-content\/uploads\/sites\/28\/2019\/05\/VISUEL_SI-1-297x300.png 297w, https:\/\/www.reseau-entreprendre.org\/val-de-marne\/wp-content\/uploads\/sites\/28\/2019\/05\/VISUEL_SI-1.png 675w\" sizes=\"auto, (max-width: 180px) 100vw, 180px\" \/><\/a><\/td>\n<td><a href=\"https:\/\/www.reseau-entreprendre.org\/val-de-marne\/2019\/05\/27\/la-maison-de-nora\/\"><img loading=\"lazy\" decoding=\"async\" class=\"aligncenter wp-image-2129\" src=\"https:\/\/www.reseau-entreprendre.org\/val-de-marne\/wp-content\/uploads\/sites\/28\/2019\/07\/Sans-titre-297x300.png\" alt=\"\" width=\"183\" height=\"185\" srcset=\"https:\/\/www.reseau-entreprendre.org\/val-de-marne\/wp-content\/uploads\/sites\/28\/2019\/07\/Sans-titre-297x300.png 297w, https:\/\/www.reseau-entreprendre.org\/val-de-marne\/wp-content\/uploads\/sites\/28\/2019\/07\/Sans-titre.png 675w\" sizes=\"auto, (max-width: 183px) 100vw, 183px\" \/><\/a><\/td>\n<\/tr>\n<\/tbody>\n<\/table>\n<table>\n<tbody>\n<tr>\n<td><a href=\"https:\/\/www.reseau-entreprendre.org\/val-de-marne\/2019\/10\/14\/4as-laureat-2019\/\"><img loading=\"lazy\" decoding=\"async\" class=\"aligncenter wp-image-2734\" src=\"https:\/\/www.reseau-entreprendre.org\/val-de-marne\/wp-content\/uploads\/sites\/28\/2020\/06\/4as.png\" alt=\"\" width=\"181\" height=\"182\" srcset=\"https:\/\/www.reseau-entreprendre.org\/val-de-marne\/wp-content\/uploads\/sites\/28\/2020\/06\/4as.png 504w, https:\/\/www.reseau-entreprendre.org\/val-de-marne\/wp-content\/uploads\/sites\/28\/2020\/06\/4as-298x300.png 298w, https:\/\/www.reseau-entreprendre.org\/val-de-marne\/wp-content\/uploads\/sites\/28\/2020\/06\/4as-150x150.png 150w, https:\/\/www.reseau-entreprendre.org\/val-de-marne\/wp-content\/uploads\/sites\/28\/2020\/06\/4as-300x300.png 300w\" sizes=\"auto, (max-width: 181px) 100vw, 181px\" \/><\/a><\/td>\n<td><a href=\"https:\/\/www.reseau-entreprendre.org\/val-de-marne\/2019\/08\/01\/publidata-laureats-2019\/\"><img loading=\"lazy\" decoding=\"async\" class=\"aligncenter wp-image-2743\" src=\"https:\/\/www.reseau-entreprendre.org\/val-de-marne\/wp-content\/uploads\/sites\/28\/2020\/06\/Publidata.png\" alt=\"\" width=\"181\" height=\"182\" srcset=\"https:\/\/www.reseau-entreprendre.org\/val-de-marne\/wp-content\/uploads\/sites\/28\/2020\/06\/Publidata.png 504w, https:\/\/www.reseau-entreprendre.org\/val-de-marne\/wp-content\/uploads\/sites\/28\/2020\/06\/Publidata-298x300.png 298w, https:\/\/www.reseau-entreprendre.org\/val-de-marne\/wp-content\/uploads\/sites\/28\/2020\/06\/Publidata-150x150.png 150w, https:\/\/www.reseau-entreprendre.org\/val-de-marne\/wp-content\/uploads\/sites\/28\/2020\/06\/Publidata-300x300.png 300w\" sizes=\"auto, (max-width: 181px) 100vw, 181px\" \/><\/a><\/td>\n<td><a href=\"https:\/\/www.reseau-entreprendre.org\/val-de-marne\/2019\/08\/01\/serenity-la-relaxation-immersive-laureat-2019\/\"><img loading=\"lazy\" decoding=\"async\" class=\"aligncenter wp-image-2733\" src=\"https:\/\/www.reseau-entreprendre.org\/val-de-marne\/wp-content\/uploads\/sites\/28\/2020\/06\/Serenity.png\" alt=\"\" width=\"181\" height=\"182\" srcset=\"https:\/\/www.reseau-entreprendre.org\/val-de-marne\/wp-content\/uploads\/sites\/28\/2020\/06\/Serenity.png 503w, https:\/\/www.reseau-entreprendre.org\/val-de-marne\/wp-content\/uploads\/sites\/28\/2020\/06\/Serenity-297x300.png 297w, https:\/\/www.reseau-entreprendre.org\/val-de-marne\/wp-content\/uploads\/sites\/28\/2020\/06\/Serenity-150x150.png 150w, https:\/\/www.reseau-entreprendre.org\/val-de-marne\/wp-content\/uploads\/sites\/28\/2020\/06\/Serenity-300x300.png 300w\" sizes=\"auto, (max-width: 181px) 100vw, 181px\" \/><\/a><\/td>\n<\/tr>\n<tr>\n<td><a href=\"https:\/\/www.reseau-entreprendre.org\/val-de-marne\/2019\/10\/02\/idocaps-laureat-2019\/\"><img loading=\"lazy\" decoding=\"async\" class=\"aligncenter wp-image-2737\" src=\"https:\/\/www.reseau-entreprendre.org\/val-de-marne\/wp-content\/uploads\/sites\/28\/2020\/06\/Idocaps.png\" alt=\"\" width=\"181\" height=\"182\" srcset=\"https:\/\/www.reseau-entreprendre.org\/val-de-marne\/wp-content\/uploads\/sites\/28\/2020\/06\/Idocaps.png 504w, https:\/\/www.reseau-entreprendre.org\/val-de-marne\/wp-content\/uploads\/sites\/28\/2020\/06\/Idocaps-298x300.png 298w, https:\/\/www.reseau-entreprendre.org\/val-de-marne\/wp-content\/uploads\/sites\/28\/2020\/06\/Idocaps-150x150.png 150w, https:\/\/www.reseau-entreprendre.org\/val-de-marne\/wp-content\/uploads\/sites\/28\/2020\/06\/Idocaps-300x300.png 300w\" sizes=\"auto, (max-width: 181px) 100vw, 181px\" \/><\/a><\/td>\n<td><a href=\"https:\/\/www.reseau-entreprendre.org\/val-de-marne\/2020\/02\/17\/inspiringtrend-laureats-2019\/\"><img loading=\"lazy\" decoding=\"async\" class=\"aligncenter wp-image-2738\" src=\"https:\/\/www.reseau-entreprendre.org\/val-de-marne\/wp-content\/uploads\/sites\/28\/2020\/06\/InspiringTrend.png\" alt=\"\" width=\"181\" height=\"183\" srcset=\"https:\/\/www.reseau-entreprendre.org\/val-de-marne\/wp-content\/uploads\/sites\/28\/2020\/06\/InspiringTrend.png 504w, https:\/\/www.reseau-entreprendre.org\/val-de-marne\/wp-content\/uploads\/sites\/28\/2020\/06\/InspiringTrend-298x300.png 298w\" sizes=\"auto, (max-width: 181px) 100vw, 181px\" \/><\/a><\/td>\n<td><a href=\"https:\/\/www.reseau-entreprendre.org\/val-de-marne\/2019\/10\/28\/onemillionsheet-laureats-2019\/\"><img loading=\"lazy\" decoding=\"async\" class=\"aligncenter wp-image-2741\" src=\"https:\/\/www.reseau-entreprendre.org\/val-de-marne\/wp-content\/uploads\/sites\/28\/2020\/06\/OMS.png\" alt=\"\" width=\"181\" height=\"182\" srcset=\"https:\/\/www.reseau-entreprendre.org\/val-de-marne\/wp-content\/uploads\/sites\/28\/2020\/06\/OMS.png 503w, https:\/\/www.reseau-entreprendre.org\/val-de-marne\/wp-content\/uploads\/sites\/28\/2020\/06\/OMS-298x300.png 298w, https:\/\/www.reseau-entreprendre.org\/val-de-marne\/wp-content\/uploads\/sites\/28\/2020\/06\/OMS-150x150.png 150w, https:\/\/www.reseau-entreprendre.org\/val-de-marne\/wp-content\/uploads\/sites\/28\/2020\/06\/OMS-300x300.png 300w\" sizes=\"auto, (max-width: 181px) 100vw, 181px\" \/><\/a><\/td>\n<\/tr>\n<\/tbody>\n<\/table>\n<table>\n<tbody>\n<tr>\n<td><a href=\"https:\/\/www.reseau-entreprendre.org\/val-de-marne\/2020\/01\/14\/junglevr-laureat-2019\/\"><img loading=\"lazy\" decoding=\"async\" class=\"aligncenter wp-image-2739\" src=\"https:\/\/www.reseau-entreprendre.org\/val-de-marne\/wp-content\/uploads\/sites\/28\/2020\/06\/Jungle-VR.png\" alt=\"\" width=\"181\" height=\"182\" srcset=\"https:\/\/www.reseau-entreprendre.org\/val-de-marne\/wp-content\/uploads\/sites\/28\/2020\/06\/Jungle-VR.png 504w, https:\/\/www.reseau-entreprendre.org\/val-de-marne\/wp-content\/uploads\/sites\/28\/2020\/06\/Jungle-VR-298x300.png 298w, https:\/\/www.reseau-entreprendre.org\/val-de-marne\/wp-content\/uploads\/sites\/28\/2020\/06\/Jungle-VR-150x150.png 150w, https:\/\/www.reseau-entreprendre.org\/val-de-marne\/wp-content\/uploads\/sites\/28\/2020\/06\/Jungle-VR-300x300.png 300w\" sizes=\"auto, (max-width: 181px) 100vw, 181px\" \/><\/a><\/td>\n<td><a href=\"https:\/\/www.reseau-entreprendre.org\/val-de-marne\/2020\/01\/14\/belavie-laureats-2019\/\"><img loading=\"lazy\" decoding=\"async\" class=\"aligncenter wp-image-2735\" src=\"https:\/\/www.reseau-entreprendre.org\/val-de-marne\/wp-content\/uploads\/sites\/28\/2020\/06\/BelAvie.png\" alt=\"\" width=\"181\" height=\"182\" srcset=\"https:\/\/www.reseau-entreprendre.org\/val-de-marne\/wp-content\/uploads\/sites\/28\/2020\/06\/BelAvie.png 504w, https:\/\/www.reseau-entreprendre.org\/val-de-marne\/wp-content\/uploads\/sites\/28\/2020\/06\/BelAvie-298x300.png 298w, https:\/\/www.reseau-entreprendre.org\/val-de-marne\/wp-content\/uploads\/sites\/28\/2020\/06\/BelAvie-150x150.png 150w, https:\/\/www.reseau-entreprendre.org\/val-de-marne\/wp-content\/uploads\/sites\/28\/2020\/06\/BelAvie-300x300.png 300w\" sizes=\"auto, (max-width: 181px) 100vw, 181px\" \/><\/a><\/td>\n<td><a href=\"https:\/\/www.reseau-entreprendre.org\/val-de-marne\/2020\/01\/14\/ontrain-laureat-2019\/\"><img loading=\"lazy\" decoding=\"async\" class=\"aligncenter wp-image-2742\" src=\"https:\/\/www.reseau-entreprendre.org\/val-de-marne\/wp-content\/uploads\/sites\/28\/2020\/06\/On-train.png\" alt=\"\" width=\"181\" height=\"145\" srcset=\"https:\/\/www.reseau-entreprendre.org\/val-de-marne\/wp-content\/uploads\/sites\/28\/2020\/06\/On-train.png 634w, https:\/\/www.reseau-entreprendre.org\/val-de-marne\/wp-content\/uploads\/sites\/28\/2020\/06\/On-train-300x240.png 300w\" sizes=\"auto, (max-width: 181px) 100vw, 181px\" \/><\/a><\/td>\n<\/tr>\n<tr>\n<td><a href=\"https:\/\/www.reseau-entreprendre.org\/val-de-marne\/2020\/02\/17\/moodz-laureates-2019\/\"><img loading=\"lazy\" decoding=\"async\" class=\"aligncenter wp-image-2740\" src=\"https:\/\/www.reseau-entreprendre.org\/val-de-marne\/wp-content\/uploads\/sites\/28\/2020\/06\/Moodz.png\" alt=\"\" width=\"181\" height=\"183\" srcset=\"https:\/\/www.reseau-entreprendre.org\/val-de-marne\/wp-content\/uploads\/sites\/28\/2020\/06\/Moodz.png 504w, https:\/\/www.reseau-entreprendre.org\/val-de-marne\/wp-content\/uploads\/sites\/28\/2020\/06\/Moodz-298x300.png 298w\" sizes=\"auto, (max-width: 181px) 100vw, 181px\" \/><\/a><\/td>\n<td><a href=\"https:\/\/www.reseau-entreprendre.org\/val-de-marne\/2020\/01\/14\/qotid-laureats-2019\/\"><img loading=\"lazy\" decoding=\"async\" class=\"aligncenter wp-image-2744\" src=\"https:\/\/www.reseau-entreprendre.org\/val-de-marne\/wp-content\/uploads\/sites\/28\/2020\/06\/Qotid.png\" alt=\"\" width=\"181\" height=\"182\" srcset=\"https:\/\/www.reseau-entreprendre.org\/val-de-marne\/wp-content\/uploads\/sites\/28\/2020\/06\/Qotid.png 504w, https:\/\/www.reseau-entreprendre.org\/val-de-marne\/wp-content\/uploads\/sites\/28\/2020\/06\/Qotid-298x300.png 298w, https:\/\/www.reseau-entreprendre.org\/val-de-marne\/wp-content\/uploads\/sites\/28\/2020\/06\/Qotid-150x150.png 150w, https:\/\/www.reseau-entreprendre.org\/val-de-marne\/wp-content\/uploads\/sites\/28\/2020\/06\/Qotid-300x300.png 300w\" sizes=\"auto, (max-width: 181px) 100vw, 181px\" \/><\/a><\/td>\n<td><a href=\"https:\/\/www.reseau-entreprendre.org\/val-de-marne\/2020\/01\/14\/good-meal-laureats-2019\/\"><img loading=\"lazy\" decoding=\"async\" class=\"aligncenter wp-image-2736\" src=\"https:\/\/www.reseau-entreprendre.org\/val-de-marne\/wp-content\/uploads\/sites\/28\/2020\/06\/Goodmeal.png\" alt=\"\" width=\"181\" height=\"182\" srcset=\"https:\/\/www.reseau-entreprendre.org\/val-de-marne\/wp-content\/uploads\/sites\/28\/2020\/06\/Goodmeal.png 503w, https:\/\/www.reseau-entreprendre.org\/val-de-marne\/wp-content\/uploads\/sites\/28\/2020\/06\/Goodmeal-297x300.png 297w, https:\/\/www.reseau-entreprendre.org\/val-de-marne\/wp-content\/uploads\/sites\/28\/2020\/06\/Goodmeal-150x150.png 150w, https:\/\/www.reseau-entreprendre.org\/val-de-marne\/wp-content\/uploads\/sites\/28\/2020\/06\/Goodmeal-300x300.png 300w\" sizes=\"auto, (max-width: 181px) 100vw, 181px\" \/><\/a><\/td>\n<\/tr>\n<\/tbody>\n<\/table>\n<\/div>\n<p><a href=\"https:\/\/www.reseau-entreprendre.org\/val-de-marne\/2019\/04\/26\/afterdata-un-laureat-2018\/\">\u00a0<\/a><\/p>\n","protected":false},"excerpt":{"rendered":"<p>Laur\u00e9ats 2019 \u00a0 \u00a0<\/p>\n","protected":false},"author":29,"featured_media":0,"parent":2756,"menu_order":0,"comment_status":"closed","ping_status":"closed","template":"","meta":{"_acf_changed":false,"_monsterinsights_skip_tracking":false,"_monsterinsights_sitenote_active":false,"_monsterinsights_sitenote_note":"","_monsterinsights_sitenote_category":0,"footnotes":""},"class_list":["post-1869","page","type-page","status-publish","hentry"],"acf":[],"yoast_head":"<!-- This site is optimized with the Yoast SEO plugin v27.4 - https:\/\/yoast.com\/product\/yoast-seo-wordpress\/ -->\n<title>Laur\u00e9ats 2019 - R\u00e9seau Entreprendre Val de Marne<\/title>\n<meta name=\"robots\" content=\"index, follow, max-snippet:-1, max-image-preview:large, max-video-preview:-1\" \/>\n<link rel=\"canonical\" href=\"https:\/\/www.reseau-entreprendre.org\/val-de-marne\/actualites\/laureats-2019\/\" \/>\n<meta property=\"og:locale\" content=\"fr_FR\" \/>\n<meta property=\"og:type\" content=\"article\" \/>\n<meta property=\"og:title\" content=\"Laur\u00e9ats 2019 - R\u00e9seau Entreprendre Val de Marne\" \/>\n<meta property=\"og:description\" content=\"Laur\u00e9ats 2019 \u00a0 \u00a0\" \/>\n<meta property=\"og:url\" content=\"https:\/\/www.reseau-entreprendre.org\/val-de-marne\/actualites\/laureats-2019\/\" \/>\n<meta property=\"og:site_name\" content=\"R\u00e9seau Entreprendre Val de Marne\" \/>\n<meta property=\"article:modified_time\" content=\"2021-10-08T14:12:55+00:00\" \/>\n<meta property=\"og:image\" content=\"https:\/\/www.reseau-entreprendre.org\/val-de-marne\/wp-content\/uploads\/sites\/28\/2019\/05\/VISUEL_SI-2-e1558705370658-300x293.png\" \/>\n<meta name=\"twitter:card\" content=\"summary_large_image\" \/>\n<meta name=\"twitter:label1\" content=\"Dur\u00e9e de lecture estim\u00e9e\" \/>\n\t<meta name=\"twitter:data1\" content=\"4 minutes\" \/>\n<script type=\"application\/ld+json\" class=\"yoast-schema-graph\">{\"@context\":\"https:\\\/\\\/schema.org\",\"@graph\":[{\"@type\":\"WebPage\",\"@id\":\"https:\\\/\\\/www.reseau-entreprendre.org\\\/val-de-marne\\\/actualites\\\/laureats-2019\\\/\",\"url\":\"https:\\\/\\\/www.reseau-entreprendre.org\\\/val-de-marne\\\/actualites\\\/laureats-2019\\\/\",\"name\":\"Laur\u00e9ats 2019 - R\u00e9seau Entreprendre Val de Marne\",\"isPartOf\":{\"@id\":\"https:\\\/\\\/www.reseau-entreprendre.org\\\/val-de-marne\\\/#website\"},\"primaryImageOfPage\":{\"@id\":\"https:\\\/\\\/www.reseau-entreprendre.org\\\/val-de-marne\\\/actualites\\\/laureats-2019\\\/#primaryimage\"},\"image\":{\"@id\":\"https:\\\/\\\/www.reseau-entreprendre.org\\\/val-de-marne\\\/actualites\\\/laureats-2019\\\/#primaryimage\"},\"thumbnailUrl\":\"https:\\\/\\\/www.reseau-entreprendre.org\\\/val-de-marne\\\/wp-content\\\/uploads\\\/sites\\\/28\\\/2019\\\/05\\\/VISUEL_SI-2-e1558705370658-300x293.png\",\"datePublished\":\"2019-05-20T09:02:21+00:00\",\"dateModified\":\"2021-10-08T14:12:55+00:00\",\"breadcrumb\":{\"@id\":\"https:\\\/\\\/www.reseau-entreprendre.org\\\/val-de-marne\\\/actualites\\\/laureats-2019\\\/#breadcrumb\"},\"inLanguage\":\"fr-FR\",\"potentialAction\":[{\"@type\":\"ReadAction\",\"target\":[\"https:\\\/\\\/www.reseau-entreprendre.org\\\/val-de-marne\\\/actualites\\\/laureats-2019\\\/\"]}]},{\"@type\":\"ImageObject\",\"inLanguage\":\"fr-FR\",\"@id\":\"https:\\\/\\\/www.reseau-entreprendre.org\\\/val-de-marne\\\/actualites\\\/laureats-2019\\\/#primaryimage\",\"url\":\"https:\\\/\\\/www.reseau-entreprendre.org\\\/val-de-marne\\\/wp-content\\\/uploads\\\/sites\\\/28\\\/2019\\\/05\\\/VISUEL_SI-2-e1558705370658.png\",\"contentUrl\":\"https:\\\/\\\/www.reseau-entreprendre.org\\\/val-de-marne\\\/wp-content\\\/uploads\\\/sites\\\/28\\\/2019\\\/05\\\/VISUEL_SI-2-e1558705370658.png\",\"width\":697,\"height\":681},{\"@type\":\"BreadcrumbList\",\"@id\":\"https:\\\/\\\/www.reseau-entreprendre.org\\\/val-de-marne\\\/actualites\\\/laureats-2019\\\/#breadcrumb\",\"itemListElement\":[{\"@type\":\"ListItem\",\"position\":1,\"name\":\"Accueil\",\"item\":\"https:\\\/\\\/www.reseau-entreprendre.org\\\/val-de-marne\\\/\"},{\"@type\":\"ListItem\",\"position\":2,\"name\":\"Actualit\u00e9s\",\"item\":\"https:\\\/\\\/www.reseau-entreprendre.org\\\/val-de-marne\\\/actualites\\\/\"},{\"@type\":\"ListItem\",\"position\":3,\"name\":\"Laur\u00e9ats 2019\"}]},{\"@type\":\"WebSite\",\"@id\":\"https:\\\/\\\/www.reseau-entreprendre.org\\\/val-de-marne\\\/#website\",\"url\":\"https:\\\/\\\/www.reseau-entreprendre.org\\\/val-de-marne\\\/\",\"name\":\"R\u00e9seau Entreprendre Val de Marne\",\"description\":\"\",\"potentialAction\":[{\"@type\":\"SearchAction\",\"target\":{\"@type\":\"EntryPoint\",\"urlTemplate\":\"https:\\\/\\\/www.reseau-entreprendre.org\\\/val-de-marne\\\/?s={search_term_string}\"},\"query-input\":{\"@type\":\"PropertyValueSpecification\",\"valueRequired\":true,\"valueName\":\"search_term_string\"}}],\"inLanguage\":\"fr-FR\"}]}<\/script>\n<!-- \/ Yoast SEO plugin. -->","yoast_head_json":{"title":"Laur\u00e9ats 2019 - R\u00e9seau Entreprendre Val de Marne","robots":{"index":"index","follow":"follow","max-snippet":"max-snippet:-1","max-image-preview":"max-image-preview:large","max-video-preview":"max-video-preview:-1"},"canonical":"https:\/\/www.reseau-entreprendre.org\/val-de-marne\/actualites\/laureats-2019\/","og_locale":"fr_FR","og_type":"article","og_title":"Laur\u00e9ats 2019 - R\u00e9seau Entreprendre Val de Marne","og_description":"Laur\u00e9ats 2019 \u00a0 \u00a0","og_url":"https:\/\/www.reseau-entreprendre.org\/val-de-marne\/actualites\/laureats-2019\/","og_site_name":"R\u00e9seau Entreprendre Val de Marne","article_modified_time":"2021-10-08T14:12:55+00:00","og_image":[{"url":"https:\/\/www.reseau-entreprendre.org\/val-de-marne\/wp-content\/uploads\/sites\/28\/2019\/05\/VISUEL_SI-2-e1558705370658-300x293.png","type":"","width":"","height":""}],"twitter_card":"summary_large_image","twitter_misc":{"Dur\u00e9e de lecture estim\u00e9e":"4 minutes"},"schema":{"@context":"https:\/\/schema.org","@graph":[{"@type":"WebPage","@id":"https:\/\/www.reseau-entreprendre.org\/val-de-marne\/actualites\/laureats-2019\/","url":"https:\/\/www.reseau-entreprendre.org\/val-de-marne\/actualites\/laureats-2019\/","name":"Laur\u00e9ats 2019 - R\u00e9seau Entreprendre Val de Marne","isPartOf":{"@id":"https:\/\/www.reseau-entreprendre.org\/val-de-marne\/#website"},"primaryImageOfPage":{"@id":"https:\/\/www.reseau-entreprendre.org\/val-de-marne\/actualites\/laureats-2019\/#primaryimage"},"image":{"@id":"https:\/\/www.reseau-entreprendre.org\/val-de-marne\/actualites\/laureats-2019\/#primaryimage"},"thumbnailUrl":"https:\/\/www.reseau-entreprendre.org\/val-de-marne\/wp-content\/uploads\/sites\/28\/2019\/05\/VISUEL_SI-2-e1558705370658-300x293.png","datePublished":"2019-05-20T09:02:21+00:00","dateModified":"2021-10-08T14:12:55+00:00","breadcrumb":{"@id":"https:\/\/www.reseau-entreprendre.org\/val-de-marne\/actualites\/laureats-2019\/#breadcrumb"},"inLanguage":"fr-FR","potentialAction":[{"@type":"ReadAction","target":["https:\/\/www.reseau-entreprendre.org\/val-de-marne\/actualites\/laureats-2019\/"]}]},{"@type":"ImageObject","inLanguage":"fr-FR","@id":"https:\/\/www.reseau-entreprendre.org\/val-de-marne\/actualites\/laureats-2019\/#primaryimage","url":"https:\/\/www.reseau-entreprendre.org\/val-de-marne\/wp-content\/uploads\/sites\/28\/2019\/05\/VISUEL_SI-2-e1558705370658.png","contentUrl":"https:\/\/www.reseau-entreprendre.org\/val-de-marne\/wp-content\/uploads\/sites\/28\/2019\/05\/VISUEL_SI-2-e1558705370658.png","width":697,"height":681},{"@type":"BreadcrumbList","@id":"https:\/\/www.reseau-entreprendre.org\/val-de-marne\/actualites\/laureats-2019\/#breadcrumb","itemListElement":[{"@type":"ListItem","position":1,"name":"Accueil","item":"https:\/\/www.reseau-entreprendre.org\/val-de-marne\/"},{"@type":"ListItem","position":2,"name":"Actualit\u00e9s","item":"https:\/\/www.reseau-entreprendre.org\/val-de-marne\/actualites\/"},{"@type":"ListItem","position":3,"name":"Laur\u00e9ats 2019"}]},{"@type":"WebSite","@id":"https:\/\/www.reseau-entreprendre.org\/val-de-marne\/#website","url":"https:\/\/www.reseau-entreprendre.org\/val-de-marne\/","name":"R\u00e9seau Entreprendre Val de Marne","description":"","potentialAction":[{"@type":"SearchAction","target":{"@type":"EntryPoint","urlTemplate":"https:\/\/www.reseau-entreprendre.org\/val-de-marne\/?s={search_term_string}"},"query-input":{"@type":"PropertyValueSpecification","valueRequired":true,"valueName":"search_term_string"}}],"inLanguage":"fr-FR"}]}},"_links":{"self":[{"href":"https:\/\/www.reseau-entreprendre.org\/val-de-marne\/wp-json\/wp\/v2\/pages\/1869","targetHints":{"allow":["GET"]}}],"collection":[{"href":"https:\/\/www.reseau-entreprendre.org\/val-de-marne\/wp-json\/wp\/v2\/pages"}],"about":[{"href":"https:\/\/www.reseau-entreprendre.org\/val-de-marne\/wp-json\/wp\/v2\/types\/page"}],"author":[{"embeddable":true,"href":"https:\/\/www.reseau-entreprendre.org\/val-de-marne\/wp-json\/wp\/v2\/users\/29"}],"replies":[{"embeddable":true,"href":"https:\/\/www.reseau-entreprendre.org\/val-de-marne\/wp-json\/wp\/v2\/comments?post=1869"}],"version-history":[{"count":0,"href":"https:\/\/www.reseau-entreprendre.org\/val-de-marne\/wp-json\/wp\/v2\/pages\/1869\/revisions"}],"up":[{"embeddable":true,"href":"https:\/\/www.reseau-entreprendre.org\/val-de-marne\/wp-json\/wp\/v2\/pages\/2756"}],"wp:attachment":[{"href":"https:\/\/www.reseau-entreprendre.org\/val-de-marne\/wp-json\/wp\/v2\/media?parent=1869"}],"curies":[{"name":"wp","href":"https:\/\/api.w.org\/{rel}","templated":true}]}}