{"id":3946,"date":"2024-05-27T10:52:45","date_gmt":"2024-05-27T08:52:45","guid":{"rendered":"https:\/\/www.reseau-entreprendre.org\/val-de-marne\/?page_id=3946"},"modified":"2024-09-05T09:44:41","modified_gmt":"2024-09-05T07:44:41","slug":"__trashed","status":"publish","type":"page","link":"https:\/\/www.reseau-entreprendre.org\/val-de-marne\/__trashed\/","title":{"rendered":"Laur\u00e9ats 2024"},"content":{"rendered":"<div data-block_0149cdb0a4c438992baddfa041d33a1d class=\"re-testimonials re-testimonials-acf-simple alignauto\">  \n    <div class=\"testimonials\">\n                                    <div class=\"testimonial\">\n                    <div class=\"row justify-content-between\">\n                        <div class=\"col-lg-4 col-image\">\n                            <div class=\"aspect-ratio\">\n                                                                    <img class=\"aspect-ratio-item\" data-aos=\"fade-right\" src='https:\/\/www.reseau-entreprendre.org\/val-de-marne\/wp-content\/uploads\/sites\/28\/2024\/05\/Design-sans-titre-35.png'>\n                                                                <\/span>\n                            <\/div>\n                        <\/div>\n                        <div class=\"col-lg-8 my-auto col-info\" data-aos=\"fade-left\">\n                                                        <div class=\"description\">\n                                <p><strong>Claym<\/strong> une Salestech qui aide les commerciaux en B2B \u00e0 exploiter leurs clients ambassadeurs pour rassurer leurs prospects de mani\u00e8re proactive et closer plus de deals plus vite.<\/p>\n\n                            <\/div>\n                            <div class=\"person\">\n                                <span class=\"author\">\n                                    CLAYM\n                                <\/span>\n                                <span class=\"company\">\n                                     Programme start\n                                <\/span>\n                            <\/div>\n                                                            <footer>\n                                    <a class='btn btn-outline-re-blue' target=\"_blank\" href=\"http:\/\/www.claym.ai\">Site web<\/a>\n                                <\/footer>\n                                                    <\/div>\n                    <\/div>\n                <\/div>\n                            <div class=\"testimonial\">\n                    <div class=\"row justify-content-between\">\n                        <div class=\"col-lg-4 col-image\">\n                            <div class=\"aspect-ratio\">\n                                                                    <img class=\"aspect-ratio-item\" data-aos=\"fade-right\" src='https:\/\/www.reseau-entreprendre.org\/val-de-marne\/wp-content\/uploads\/sites\/28\/2024\/05\/photo-Farah-pro.jpeg'>\n                                                                <\/span>\n                            <\/div>\n                        <\/div>\n                        <div class=\"col-lg-8 my-auto col-info\" data-aos=\"fade-left\">\n                                                        <div class=\"description\">\n                                <p><strong>Farah KERNOU<\/strong><\/p>\n<p>Founder @ CLAYM<\/p>\n\n                            <\/div>\n                            <div class=\"person\">\n                                <span class=\"author\">\n                                    \n                                <\/span>\n                                <span class=\"company\">\n                                     \n                                <\/span>\n                            <\/div>\n                                                    <\/div>\n                    <\/div>\n                <\/div>\n                        <\/div>\n    <div class=\"testimonials-arrows\"><\/div>\n<\/div>\n\n\n<div data-block_3100b3b102b07081bf18fb988d033ae1 class=\"re-testimonials re-testimonials-acf-simple alignauto\">  \n    <div class=\"testimonials\">\n                                    <div class=\"testimonial\">\n                    <div class=\"row justify-content-between\">\n                        <div class=\"col-lg-4 col-image\">\n                            <div class=\"aspect-ratio\">\n                                                                    <img class=\"aspect-ratio-item\" data-aos=\"fade-right\" src='https:\/\/www.reseau-entreprendre.org\/val-de-marne\/wp-content\/uploads\/sites\/28\/2024\/05\/Design-sans-titre-36.png'>\n                                                                <\/span>\n                            <\/div>\n                        <\/div>\n                        <div class=\"col-lg-8 my-auto col-info\" data-aos=\"fade-left\">\n                                                        <div class=\"description\">\n                                <p><strong>Les P\u2019tites Belettes<\/strong> est un \u00e9tablissement d\u2019accueil du jeune enfant, une micro cr\u00e8che plus pr\u00e9cis\u00e9ment soumis \u00e0 un agr\u00e9ment d\u00e9livr\u00e9 par la PMI (protection maternelle et infantile) de son d\u00e9partement d\u2019implantation. La structure est situ\u00e9e sur la commune de Choisy-le-Roi. Elle accueille jusqu\u2019\u00e0 14 enfants par jour, tous \u00e2g\u00e9s entre 3 mois et 4 ans.<\/p>\n\n                            <\/div>\n                            <div class=\"person\">\n                                <span class=\"author\">\n                                    LES PTITES BELETTES\n                                <\/span>\n                                <span class=\"company\">\n                                     Programme start\n                                <\/span>\n                            <\/div>\n                                                            <footer>\n                                    <a class='btn btn-outline-re-blue' target=\"_blank\" href=\"https:\/\/lesptitesbelettes-microcreche.fr\/\">Site web<\/a>\n                                <\/footer>\n                                                    <\/div>\n                    <\/div>\n                <\/div>\n                            <div class=\"testimonial\">\n                    <div class=\"row justify-content-between\">\n                        <div class=\"col-lg-4 col-image\">\n                            <div class=\"aspect-ratio\">\n                                                                    <img class=\"aspect-ratio-item\" data-aos=\"fade-right\" src='https:\/\/www.reseau-entreprendre.org\/val-de-marne\/wp-content\/uploads\/sites\/28\/2024\/05\/1661495771335.jpg'>\n                                                                <\/span>\n                            <\/div>\n                        <\/div>\n                        <div class=\"col-lg-8 my-auto col-info\" data-aos=\"fade-left\">\n                                                        <div class=\"description\">\n                                <p><strong>Nicolas MICHEL<\/strong><\/p>\n<p>Founder @ LES PTITES BELETTES<\/p>\n\n                            <\/div>\n                            <div class=\"person\">\n                                <span class=\"author\">\n                                    \n                                <\/span>\n                                <span class=\"company\">\n                                     \n                                <\/span>\n                            <\/div>\n                                                    <\/div>\n                    <\/div>\n                <\/div>\n                        <\/div>\n    <div class=\"testimonials-arrows\"><\/div>\n<\/div>\n\n\n<div data-block_cbe2c974916d48bec53f6dadca8ec819 class=\"re-testimonials re-testimonials-acf-simple alignauto\">  \n    <div class=\"testimonials\">\n                                    <div class=\"testimonial\">\n                    <div class=\"row justify-content-between\">\n                        <div class=\"col-lg-4 col-image\">\n                            <div class=\"aspect-ratio\">\n                                                                    <img class=\"aspect-ratio-item\" data-aos=\"fade-right\" src='https:\/\/www.reseau-entreprendre.org\/val-de-marne\/wp-content\/uploads\/sites\/28\/2024\/05\/Design-sans-titre-37.png'>\n                                                                <\/span>\n                            <\/div>\n                        <\/div>\n                        <div class=\"col-lg-8 my-auto col-info\" data-aos=\"fade-left\">\n                                                        <div class=\"description\">\n                                <p><strong>Avistar<\/strong> offre une solution innovante permettant aux entreprises de faciliter la collecte d&#8217;avis Google en magasin et de mesurer l&#8217;engagement des employ\u00e9s, am\u00e9liorant ainsi la r\u00e9putation en ligne et la satisfaction client.<\/p>\n\n                            <\/div>\n                            <div class=\"person\">\n                                <span class=\"author\">\n                                    AVISTAR\n                                <\/span>\n                                <span class=\"company\">\n                                     Programme start\n                                <\/span>\n                            <\/div>\n                                                            <footer>\n                                    <a class='btn btn-outline-re-blue' target=\"_blank\" href=\"https:\/\/avistar-app.com\/\">Site web<\/a>\n                                <\/footer>\n                                                    <\/div>\n                    <\/div>\n                <\/div>\n                            <div class=\"testimonial\">\n                    <div class=\"row justify-content-between\">\n                        <div class=\"col-lg-4 col-image\">\n                            <div class=\"aspect-ratio\">\n                                                                    <img class=\"aspect-ratio-item\" data-aos=\"fade-right\" src='https:\/\/www.reseau-entreprendre.org\/val-de-marne\/wp-content\/uploads\/sites\/28\/2024\/05\/Design-sans-titre-38.png'>\n                                                                <\/span>\n                            <\/div>\n                        <\/div>\n                        <div class=\"col-lg-8 my-auto col-info\" data-aos=\"fade-left\">\n                                                        <div class=\"description\">\n                                <p><strong>Rayan KHETTOU &amp; Samy EDWARD<\/strong><\/p>\n<p>Co-Founder @ AVISTAR<\/p>\n\n                            <\/div>\n                            <div class=\"person\">\n                                <span class=\"author\">\n                                    \n                                <\/span>\n                                <span class=\"company\">\n                                     \n                                <\/span>\n                            <\/div>\n                                                    <\/div>\n                    <\/div>\n                <\/div>\n                        <\/div>\n    <div class=\"testimonials-arrows\"><\/div>\n<\/div>\n\n\n<div data-block_3f22d1a0f767c010ebec8d3c04f916e3 class=\"re-testimonials re-testimonials-acf-simple alignauto\">  \n    <div class=\"testimonials\">\n                                    <div class=\"testimonial\">\n                    <div class=\"row justify-content-between\">\n                        <div class=\"col-lg-4 col-image\">\n                            <div class=\"aspect-ratio\">\n                                                                    <img decoding=\"async\" class=\"aspect-ratio-item\" src=\"https:\/\/www.reseau-entreprendre.org\/val-de-marne\/wp-content\/themes\/reseau-entreprendre-v2\/dist\/images\/avatar-default-resize_786a3700.jpg\" class=\"img-fluid mx-auto\" \/>\n                                                                <\/span>\n                            <\/div>\n                        <\/div>\n                        <div class=\"col-lg-8 my-auto col-info\" data-aos=\"fade-left\">\n                                                        <div class=\"description\">\n                                <p><strong>Smart Kaps<\/strong> a d\u00e9velopp\u00e9 une gamme de billes p\u00e9tillantes qui transforme votre eau plate en eau gazeuse avec la mission de limiter le plastique \u00e0 usage unique.<\/p>\n\n                            <\/div>\n                            <div class=\"person\">\n                                <span class=\"author\">\n                                    SMARTKAPS\n                                <\/span>\n                                <span class=\"company\">\n                                     Programme start\n                                <\/span>\n                            <\/div>\n                                                            <footer>\n                                    <a class='btn btn-outline-re-blue' target=\"_blank\" href=\"http:\/\/www.smartkaps.com\">Site web<\/a>\n                                <\/footer>\n                                                    <\/div>\n                    <\/div>\n                <\/div>\n                            <div class=\"testimonial\">\n                    <div class=\"row justify-content-between\">\n                        <div class=\"col-lg-4 col-image\">\n                            <div class=\"aspect-ratio\">\n                                                                    <img class=\"aspect-ratio-item\" data-aos=\"fade-right\" src='https:\/\/www.reseau-entreprendre.org\/val-de-marne\/wp-content\/uploads\/sites\/28\/2024\/05\/Edgar-DUBOUCHET.jpg'>\n                                                                <\/span>\n                            <\/div>\n                        <\/div>\n                        <div class=\"col-lg-8 my-auto col-info\" data-aos=\"fade-left\">\n                                                        <div class=\"description\">\n                                <p><strong>Edgar DUBOUCHET<\/strong><\/p>\n<p>Founder @ SMARTKAPS<\/p>\n\n                            <\/div>\n                            <div class=\"person\">\n                                <span class=\"author\">\n                                    \n                                <\/span>\n                                <span class=\"company\">\n                                     \n                                <\/span>\n                            <\/div>\n                                                    <\/div>\n                    <\/div>\n                <\/div>\n                        <\/div>\n    <div class=\"testimonials-arrows\"><\/div>\n<\/div>\n\n\n<div data-block_87a40a8fc709c8baa809d1d44ec68b34 class=\"re-testimonials re-testimonials-acf-simple alignauto\">  \n    <div class=\"testimonials\">\n            <\/div>\n    <div class=\"testimonials-arrows\"><\/div>\n<\/div>\n\n\n<div data-block_87a40a8fc709c8baa809d1d44ec68b34 class=\"re-testimonials re-testimonials-acf-simple alignauto\">  \n    <div class=\"testimonials\">\n            <\/div>\n    <div class=\"testimonials-arrows\"><\/div>\n<\/div>\n\n\n<div data-block_87a40a8fc709c8baa809d1d44ec68b34 class=\"re-testimonials re-testimonials-acf-simple alignauto\">  \n    <div class=\"testimonials\">\n            <\/div>\n    <div class=\"testimonials-arrows\"><\/div>\n<\/div>\n\n\n<div data-block_87a40a8fc709c8baa809d1d44ec68b34 class=\"re-testimonials re-testimonials-acf-simple alignauto\">  \n    <div class=\"testimonials\">\n            <\/div>\n    <div class=\"testimonials-arrows\"><\/div>\n<\/div>\n","protected":false},"excerpt":{"rendered":"","protected":false},"author":29,"featured_media":0,"parent":0,"menu_order":0,"comment_status":"closed","ping_status":"closed","template":"","meta":{"_acf_changed":false,"_monsterinsights_skip_tracking":false,"_monsterinsights_sitenote_active":false,"_monsterinsights_sitenote_note":"","_monsterinsights_sitenote_category":0,"footnotes":""},"class_list":["post-3946","page","type-page","status-publish","hentry"],"acf":[],"yoast_head":"<!-- This site is optimized with the Yoast SEO plugin v27.4 - https:\/\/yoast.com\/product\/yoast-seo-wordpress\/ -->\n<title>Laur\u00e9ats 2024 - R\u00e9seau Entreprendre Val de Marne<\/title>\n<meta name=\"robots\" content=\"index, follow, max-snippet:-1, max-image-preview:large, max-video-preview:-1\" \/>\n<link rel=\"canonical\" href=\"https:\/\/www.reseau-entreprendre.org\/val-de-marne\/__trashed\/\" \/>\n<meta property=\"og:locale\" content=\"fr_FR\" \/>\n<meta property=\"og:type\" content=\"article\" \/>\n<meta property=\"og:title\" content=\"Laur\u00e9ats 2024 - R\u00e9seau Entreprendre Val de Marne\" \/>\n<meta property=\"og:url\" content=\"https:\/\/www.reseau-entreprendre.org\/val-de-marne\/__trashed\/\" \/>\n<meta property=\"og:site_name\" content=\"R\u00e9seau Entreprendre Val de Marne\" \/>\n<meta property=\"article:modified_time\" content=\"2024-09-05T07:44:41+00:00\" \/>\n<meta name=\"twitter:card\" content=\"summary_large_image\" \/>\n<script type=\"application\/ld+json\" class=\"yoast-schema-graph\">{\"@context\":\"https:\\\/\\\/schema.org\",\"@graph\":[{\"@type\":\"WebPage\",\"@id\":\"https:\\\/\\\/www.reseau-entreprendre.org\\\/val-de-marne\\\/__trashed\\\/\",\"url\":\"https:\\\/\\\/www.reseau-entreprendre.org\\\/val-de-marne\\\/__trashed\\\/\",\"name\":\"Laur\u00e9ats 2024 - R\u00e9seau Entreprendre Val de Marne\",\"isPartOf\":{\"@id\":\"https:\\\/\\\/www.reseau-entreprendre.org\\\/val-de-marne\\\/#website\"},\"datePublished\":\"2024-05-27T08:52:45+00:00\",\"dateModified\":\"2024-09-05T07:44:41+00:00\",\"breadcrumb\":{\"@id\":\"https:\\\/\\\/www.reseau-entreprendre.org\\\/val-de-marne\\\/__trashed\\\/#breadcrumb\"},\"inLanguage\":\"fr-FR\",\"potentialAction\":[{\"@type\":\"ReadAction\",\"target\":[\"https:\\\/\\\/www.reseau-entreprendre.org\\\/val-de-marne\\\/__trashed\\\/\"]}]},{\"@type\":\"BreadcrumbList\",\"@id\":\"https:\\\/\\\/www.reseau-entreprendre.org\\\/val-de-marne\\\/__trashed\\\/#breadcrumb\",\"itemListElement\":[{\"@type\":\"ListItem\",\"position\":1,\"name\":\"Accueil\",\"item\":\"https:\\\/\\\/www.reseau-entreprendre.org\\\/val-de-marne\\\/\"},{\"@type\":\"ListItem\",\"position\":2,\"name\":\"Laur\u00e9ats 2024\"}]},{\"@type\":\"WebSite\",\"@id\":\"https:\\\/\\\/www.reseau-entreprendre.org\\\/val-de-marne\\\/#website\",\"url\":\"https:\\\/\\\/www.reseau-entreprendre.org\\\/val-de-marne\\\/\",\"name\":\"R\u00e9seau Entreprendre Val de Marne\",\"description\":\"\",\"potentialAction\":[{\"@type\":\"SearchAction\",\"target\":{\"@type\":\"EntryPoint\",\"urlTemplate\":\"https:\\\/\\\/www.reseau-entreprendre.org\\\/val-de-marne\\\/?s={search_term_string}\"},\"query-input\":{\"@type\":\"PropertyValueSpecification\",\"valueRequired\":true,\"valueName\":\"search_term_string\"}}],\"inLanguage\":\"fr-FR\"}]}<\/script>\n<!-- \/ Yoast SEO plugin. -->","yoast_head_json":{"title":"Laur\u00e9ats 2024 - R\u00e9seau Entreprendre Val de Marne","robots":{"index":"index","follow":"follow","max-snippet":"max-snippet:-1","max-image-preview":"max-image-preview:large","max-video-preview":"max-video-preview:-1"},"canonical":"https:\/\/www.reseau-entreprendre.org\/val-de-marne\/__trashed\/","og_locale":"fr_FR","og_type":"article","og_title":"Laur\u00e9ats 2024 - R\u00e9seau Entreprendre Val de Marne","og_url":"https:\/\/www.reseau-entreprendre.org\/val-de-marne\/__trashed\/","og_site_name":"R\u00e9seau Entreprendre Val de Marne","article_modified_time":"2024-09-05T07:44:41+00:00","twitter_card":"summary_large_image","schema":{"@context":"https:\/\/schema.org","@graph":[{"@type":"WebPage","@id":"https:\/\/www.reseau-entreprendre.org\/val-de-marne\/__trashed\/","url":"https:\/\/www.reseau-entreprendre.org\/val-de-marne\/__trashed\/","name":"Laur\u00e9ats 2024 - R\u00e9seau Entreprendre Val de Marne","isPartOf":{"@id":"https:\/\/www.reseau-entreprendre.org\/val-de-marne\/#website"},"datePublished":"2024-05-27T08:52:45+00:00","dateModified":"2024-09-05T07:44:41+00:00","breadcrumb":{"@id":"https:\/\/www.reseau-entreprendre.org\/val-de-marne\/__trashed\/#breadcrumb"},"inLanguage":"fr-FR","potentialAction":[{"@type":"ReadAction","target":["https:\/\/www.reseau-entreprendre.org\/val-de-marne\/__trashed\/"]}]},{"@type":"BreadcrumbList","@id":"https:\/\/www.reseau-entreprendre.org\/val-de-marne\/__trashed\/#breadcrumb","itemListElement":[{"@type":"ListItem","position":1,"name":"Accueil","item":"https:\/\/www.reseau-entreprendre.org\/val-de-marne\/"},{"@type":"ListItem","position":2,"name":"Laur\u00e9ats 2024"}]},{"@type":"WebSite","@id":"https:\/\/www.reseau-entreprendre.org\/val-de-marne\/#website","url":"https:\/\/www.reseau-entreprendre.org\/val-de-marne\/","name":"R\u00e9seau Entreprendre Val de Marne","description":"","potentialAction":[{"@type":"SearchAction","target":{"@type":"EntryPoint","urlTemplate":"https:\/\/www.reseau-entreprendre.org\/val-de-marne\/?s={search_term_string}"},"query-input":{"@type":"PropertyValueSpecification","valueRequired":true,"valueName":"search_term_string"}}],"inLanguage":"fr-FR"}]}},"_links":{"self":[{"href":"https:\/\/www.reseau-entreprendre.org\/val-de-marne\/wp-json\/wp\/v2\/pages\/3946","targetHints":{"allow":["GET"]}}],"collection":[{"href":"https:\/\/www.reseau-entreprendre.org\/val-de-marne\/wp-json\/wp\/v2\/pages"}],"about":[{"href":"https:\/\/www.reseau-entreprendre.org\/val-de-marne\/wp-json\/wp\/v2\/types\/page"}],"author":[{"embeddable":true,"href":"https:\/\/www.reseau-entreprendre.org\/val-de-marne\/wp-json\/wp\/v2\/users\/29"}],"replies":[{"embeddable":true,"href":"https:\/\/www.reseau-entreprendre.org\/val-de-marne\/wp-json\/wp\/v2\/comments?post=3946"}],"version-history":[{"count":0,"href":"https:\/\/www.reseau-entreprendre.org\/val-de-marne\/wp-json\/wp\/v2\/pages\/3946\/revisions"}],"wp:attachment":[{"href":"https:\/\/www.reseau-entreprendre.org\/val-de-marne\/wp-json\/wp\/v2\/media?parent=3946"}],"curies":[{"name":"wp","href":"https:\/\/api.w.org\/{rel}","templated":true}]}}