{"id":4252,"date":"2024-05-30T16:03:24","date_gmt":"2024-05-30T14:03:24","guid":{"rendered":"https:\/\/www.reseau-entreprendre.org\/val-de-marne\/?page_id=4252"},"modified":"2024-05-30T17:02:19","modified_gmt":"2024-05-30T15:02:19","slug":"antenne-de-rungis","status":"publish","type":"page","link":"https:\/\/www.reseau-entreprendre.org\/val-de-marne\/antenne-de-rungis\/","title":{"rendered":"Antenne de Rungis"},"content":{"rendered":"\n<p><\/p>\n\n\n\n<div class=\"wp-block-media-text is-stacked-on-mobile\"><figure class=\"wp-block-media-text__media\"><video controls src=\"https:\/\/www.reseau-entreprendre.org\/val-de-marne\/wp-content\/uploads\/sites\/28\/2024\/05\/RE94-Visite-virtuelle-antenne-Rungis.mp4\"><\/video><\/figure><div class=\"wp-block-media-text__content\">\n<p>Inaugur\u00e9e en 2022, l&#8217;antenne de <strong>R\u00e9seau Entreprendre Val-de-Marne <\/strong>accueille des <strong>Start-Up<\/strong> et tous les professionnels qui recherchent des locaux <strong>flexibles et ponctuels pour leurs activit\u00e9s professionnelles.<\/strong><\/p>\n\n\n\n<p>Elle accueille r\u00e9guli\u00e8rement des <strong>\u00e9v\u00e9nements<\/strong> autour de l&#8217;<strong>entrepreneuriat<\/strong>.<\/p>\n<\/div><\/div>\n\n\n\n<figure class=\"wp-block-gallery has-nested-images columns-default is-cropped wp-block-gallery-1 is-layout-flex wp-block-gallery-is-layout-flex\">\n<figure class=\"wp-block-image size-large\"><img loading=\"lazy\" decoding=\"async\" width=\"724\" height=\"1024\" data-id=\"4256\" src=\"https:\/\/www.reseau-entreprendre.org\/val-de-marne\/wp-content\/uploads\/sites\/28\/2024\/05\/Flyer-Rungis-final-2-724x1024.png\" alt=\"\" class=\"wp-image-4256\" srcset=\"https:\/\/www.reseau-entreprendre.org\/val-de-marne\/wp-content\/uploads\/sites\/28\/2024\/05\/Flyer-Rungis-final-2-724x1024.png 724w, https:\/\/www.reseau-entreprendre.org\/val-de-marne\/wp-content\/uploads\/sites\/28\/2024\/05\/Flyer-Rungis-final-2-212x300.png 212w, https:\/\/www.reseau-entreprendre.org\/val-de-marne\/wp-content\/uploads\/sites\/28\/2024\/05\/Flyer-Rungis-final-2-768x1086.png 768w, https:\/\/www.reseau-entreprendre.org\/val-de-marne\/wp-content\/uploads\/sites\/28\/2024\/05\/Flyer-Rungis-final-2-1086x1536.png 1086w, https:\/\/www.reseau-entreprendre.org\/val-de-marne\/wp-content\/uploads\/sites\/28\/2024\/05\/Flyer-Rungis-final-2-92x130.png 92w, https:\/\/www.reseau-entreprendre.org\/val-de-marne\/wp-content\/uploads\/sites\/28\/2024\/05\/Flyer-Rungis-final-2-71x100.png 71w, https:\/\/www.reseau-entreprendre.org\/val-de-marne\/wp-content\/uploads\/sites\/28\/2024\/05\/Flyer-Rungis-final-2.png 1414w\" sizes=\"auto, (max-width: 724px) 100vw, 724px\" \/><\/figure>\n\n\n\n<figure class=\"wp-block-image size-large\"><img loading=\"lazy\" decoding=\"async\" width=\"724\" height=\"1024\" data-id=\"4255\" src=\"https:\/\/www.reseau-entreprendre.org\/val-de-marne\/wp-content\/uploads\/sites\/28\/2024\/05\/Flyer-Rungis-final-1-724x1024.png\" alt=\"\" class=\"wp-image-4255\" srcset=\"https:\/\/www.reseau-entreprendre.org\/val-de-marne\/wp-content\/uploads\/sites\/28\/2024\/05\/Flyer-Rungis-final-1-724x1024.png 724w, https:\/\/www.reseau-entreprendre.org\/val-de-marne\/wp-content\/uploads\/sites\/28\/2024\/05\/Flyer-Rungis-final-1-212x300.png 212w, https:\/\/www.reseau-entreprendre.org\/val-de-marne\/wp-content\/uploads\/sites\/28\/2024\/05\/Flyer-Rungis-final-1-768x1086.png 768w, https:\/\/www.reseau-entreprendre.org\/val-de-marne\/wp-content\/uploads\/sites\/28\/2024\/05\/Flyer-Rungis-final-1-1086x1536.png 1086w, https:\/\/www.reseau-entreprendre.org\/val-de-marne\/wp-content\/uploads\/sites\/28\/2024\/05\/Flyer-Rungis-final-1-92x130.png 92w, https:\/\/www.reseau-entreprendre.org\/val-de-marne\/wp-content\/uploads\/sites\/28\/2024\/05\/Flyer-Rungis-final-1-71x100.png 71w, https:\/\/www.reseau-entreprendre.org\/val-de-marne\/wp-content\/uploads\/sites\/28\/2024\/05\/Flyer-Rungis-final-1.png 1414w\" sizes=\"auto, (max-width: 724px) 100vw, 724px\" \/><\/figure>\n<\/figure>\n\n\n\n<div class=\"wp-block-buttons is-content-justification-center is-layout-flex wp-container-core-buttons-is-layout-16018d1d wp-block-buttons-is-layout-flex\">\n<div class=\"wp-block-button is-style-outline is-style-outline--2\"><a class=\"wp-block-button__link has-re-red-color has-text-color wp-element-button\" href=\"https:\/\/www.reseau-entreprendre.org\/fr\/entreprendre\/formulaire-porteur-projet\/\" target=\"_blank\" rel=\"noreferrer noopener\">Contactez-nous<\/a><\/div>\n<\/div>\n","protected":false},"excerpt":{"rendered":"<p>Inaugur\u00e9e en 2022, l&#8217;antenne de R\u00e9seau Entreprendre Val-de-Marne accueille des<\/p>\n","protected":false},"author":29,"featured_media":0,"parent":0,"menu_order":0,"comment_status":"closed","ping_status":"closed","template":"","meta":{"_acf_changed":false,"_monsterinsights_skip_tracking":false,"_monsterinsights_sitenote_active":false,"_monsterinsights_sitenote_note":"","_monsterinsights_sitenote_category":0,"footnotes":""},"class_list":["post-4252","page","type-page","status-publish","hentry"],"acf":[],"yoast_head":"<!-- This site is optimized with the Yoast SEO plugin v27.4 - https:\/\/yoast.com\/product\/yoast-seo-wordpress\/ -->\n<title>Entreprendre | Reseau Entreprendre Val-de-Marne<\/title>\n<meta name=\"description\" content=\"Vous avez un projet de cr\u00e9ation d&#039;entreprise ? R\u00e9seau Entreprendre Val-de-Marne vous accompagne gratuitement et dans la dur\u00e9e\" \/>\n<meta name=\"robots\" content=\"index, follow, max-snippet:-1, max-image-preview:large, max-video-preview:-1\" \/>\n<link rel=\"canonical\" href=\"https:\/\/www.reseau-entreprendre.org\/val-de-marne\/antenne-de-rungis\/\" \/>\n<meta property=\"og:locale\" content=\"fr_FR\" \/>\n<meta property=\"og:type\" content=\"article\" \/>\n<meta property=\"og:title\" content=\"Entreprendre | Reseau Entreprendre Val-de-Marne\" \/>\n<meta property=\"og:description\" content=\"Vous avez un projet de cr\u00e9ation d&#039;entreprise ? R\u00e9seau Entreprendre Val-de-Marne vous accompagne gratuitement et dans la dur\u00e9e\" \/>\n<meta property=\"og:url\" content=\"https:\/\/www.reseau-entreprendre.org\/val-de-marne\/antenne-de-rungis\/\" \/>\n<meta property=\"og:site_name\" content=\"R\u00e9seau Entreprendre Val de Marne\" \/>\n<meta property=\"article:modified_time\" content=\"2024-05-30T15:02:19+00:00\" \/>\n<meta property=\"og:image\" content=\"https:\/\/www.reseau-entreprendre.org\/val-de-marne\/wp-content\/uploads\/sites\/28\/2024\/05\/Flyer-Rungis-final-2-724x1024.png\" \/>\n<meta name=\"twitter:card\" content=\"summary_large_image\" \/>\n<meta name=\"twitter:label1\" content=\"Dur\u00e9e de lecture estim\u00e9e\" \/>\n\t<meta name=\"twitter:data1\" content=\"1 minute\" \/>\n<script type=\"application\/ld+json\" class=\"yoast-schema-graph\">{\"@context\":\"https:\\\/\\\/schema.org\",\"@graph\":[{\"@type\":\"WebPage\",\"@id\":\"https:\\\/\\\/www.reseau-entreprendre.org\\\/val-de-marne\\\/antenne-de-rungis\\\/\",\"url\":\"https:\\\/\\\/www.reseau-entreprendre.org\\\/val-de-marne\\\/antenne-de-rungis\\\/\",\"name\":\"Entreprendre | Reseau Entreprendre Val-de-Marne\",\"isPartOf\":{\"@id\":\"https:\\\/\\\/www.reseau-entreprendre.org\\\/val-de-marne\\\/#website\"},\"primaryImageOfPage\":{\"@id\":\"https:\\\/\\\/www.reseau-entreprendre.org\\\/val-de-marne\\\/antenne-de-rungis\\\/#primaryimage\"},\"image\":{\"@id\":\"https:\\\/\\\/www.reseau-entreprendre.org\\\/val-de-marne\\\/antenne-de-rungis\\\/#primaryimage\"},\"thumbnailUrl\":\"https:\\\/\\\/www.reseau-entreprendre.org\\\/val-de-marne\\\/wp-content\\\/uploads\\\/sites\\\/28\\\/2024\\\/05\\\/Flyer-Rungis-final-2-724x1024.png\",\"datePublished\":\"2024-05-30T14:03:24+00:00\",\"dateModified\":\"2024-05-30T15:02:19+00:00\",\"description\":\"Vous avez un projet de cr\u00e9ation d'entreprise ? R\u00e9seau Entreprendre Val-de-Marne vous accompagne gratuitement et dans la dur\u00e9e\",\"breadcrumb\":{\"@id\":\"https:\\\/\\\/www.reseau-entreprendre.org\\\/val-de-marne\\\/antenne-de-rungis\\\/#breadcrumb\"},\"inLanguage\":\"fr-FR\",\"potentialAction\":[{\"@type\":\"ReadAction\",\"target\":[\"https:\\\/\\\/www.reseau-entreprendre.org\\\/val-de-marne\\\/antenne-de-rungis\\\/\"]}]},{\"@type\":\"ImageObject\",\"inLanguage\":\"fr-FR\",\"@id\":\"https:\\\/\\\/www.reseau-entreprendre.org\\\/val-de-marne\\\/antenne-de-rungis\\\/#primaryimage\",\"url\":\"https:\\\/\\\/www.reseau-entreprendre.org\\\/val-de-marne\\\/wp-content\\\/uploads\\\/sites\\\/28\\\/2024\\\/05\\\/Flyer-Rungis-final-2.png\",\"contentUrl\":\"https:\\\/\\\/www.reseau-entreprendre.org\\\/val-de-marne\\\/wp-content\\\/uploads\\\/sites\\\/28\\\/2024\\\/05\\\/Flyer-Rungis-final-2.png\",\"width\":1414,\"height\":2000},{\"@type\":\"BreadcrumbList\",\"@id\":\"https:\\\/\\\/www.reseau-entreprendre.org\\\/val-de-marne\\\/antenne-de-rungis\\\/#breadcrumb\",\"itemListElement\":[{\"@type\":\"ListItem\",\"position\":1,\"name\":\"Accueil\",\"item\":\"https:\\\/\\\/www.reseau-entreprendre.org\\\/val-de-marne\\\/\"},{\"@type\":\"ListItem\",\"position\":2,\"name\":\"Antenne de Rungis\"}]},{\"@type\":\"WebSite\",\"@id\":\"https:\\\/\\\/www.reseau-entreprendre.org\\\/val-de-marne\\\/#website\",\"url\":\"https:\\\/\\\/www.reseau-entreprendre.org\\\/val-de-marne\\\/\",\"name\":\"R\u00e9seau Entreprendre Val de Marne\",\"description\":\"\",\"potentialAction\":[{\"@type\":\"SearchAction\",\"target\":{\"@type\":\"EntryPoint\",\"urlTemplate\":\"https:\\\/\\\/www.reseau-entreprendre.org\\\/val-de-marne\\\/?s={search_term_string}\"},\"query-input\":{\"@type\":\"PropertyValueSpecification\",\"valueRequired\":true,\"valueName\":\"search_term_string\"}}],\"inLanguage\":\"fr-FR\"}]}<\/script>\n<!-- \/ Yoast SEO plugin. -->","yoast_head_json":{"title":"Entreprendre | Reseau Entreprendre Val-de-Marne","description":"Vous avez un projet de cr\u00e9ation d'entreprise ? R\u00e9seau Entreprendre Val-de-Marne vous accompagne gratuitement et dans la dur\u00e9e","robots":{"index":"index","follow":"follow","max-snippet":"max-snippet:-1","max-image-preview":"max-image-preview:large","max-video-preview":"max-video-preview:-1"},"canonical":"https:\/\/www.reseau-entreprendre.org\/val-de-marne\/antenne-de-rungis\/","og_locale":"fr_FR","og_type":"article","og_title":"Entreprendre | Reseau Entreprendre Val-de-Marne","og_description":"Vous avez un projet de cr\u00e9ation d'entreprise ? R\u00e9seau Entreprendre Val-de-Marne vous accompagne gratuitement et dans la dur\u00e9e","og_url":"https:\/\/www.reseau-entreprendre.org\/val-de-marne\/antenne-de-rungis\/","og_site_name":"R\u00e9seau Entreprendre Val de Marne","article_modified_time":"2024-05-30T15:02:19+00:00","og_image":[{"url":"https:\/\/www.reseau-entreprendre.org\/val-de-marne\/wp-content\/uploads\/sites\/28\/2024\/05\/Flyer-Rungis-final-2-724x1024.png","type":"","width":"","height":""}],"twitter_card":"summary_large_image","twitter_misc":{"Dur\u00e9e de lecture estim\u00e9e":"1 minute"},"schema":{"@context":"https:\/\/schema.org","@graph":[{"@type":"WebPage","@id":"https:\/\/www.reseau-entreprendre.org\/val-de-marne\/antenne-de-rungis\/","url":"https:\/\/www.reseau-entreprendre.org\/val-de-marne\/antenne-de-rungis\/","name":"Entreprendre | Reseau Entreprendre Val-de-Marne","isPartOf":{"@id":"https:\/\/www.reseau-entreprendre.org\/val-de-marne\/#website"},"primaryImageOfPage":{"@id":"https:\/\/www.reseau-entreprendre.org\/val-de-marne\/antenne-de-rungis\/#primaryimage"},"image":{"@id":"https:\/\/www.reseau-entreprendre.org\/val-de-marne\/antenne-de-rungis\/#primaryimage"},"thumbnailUrl":"https:\/\/www.reseau-entreprendre.org\/val-de-marne\/wp-content\/uploads\/sites\/28\/2024\/05\/Flyer-Rungis-final-2-724x1024.png","datePublished":"2024-05-30T14:03:24+00:00","dateModified":"2024-05-30T15:02:19+00:00","description":"Vous avez un projet de cr\u00e9ation d'entreprise ? R\u00e9seau Entreprendre Val-de-Marne vous accompagne gratuitement et dans la dur\u00e9e","breadcrumb":{"@id":"https:\/\/www.reseau-entreprendre.org\/val-de-marne\/antenne-de-rungis\/#breadcrumb"},"inLanguage":"fr-FR","potentialAction":[{"@type":"ReadAction","target":["https:\/\/www.reseau-entreprendre.org\/val-de-marne\/antenne-de-rungis\/"]}]},{"@type":"ImageObject","inLanguage":"fr-FR","@id":"https:\/\/www.reseau-entreprendre.org\/val-de-marne\/antenne-de-rungis\/#primaryimage","url":"https:\/\/www.reseau-entreprendre.org\/val-de-marne\/wp-content\/uploads\/sites\/28\/2024\/05\/Flyer-Rungis-final-2.png","contentUrl":"https:\/\/www.reseau-entreprendre.org\/val-de-marne\/wp-content\/uploads\/sites\/28\/2024\/05\/Flyer-Rungis-final-2.png","width":1414,"height":2000},{"@type":"BreadcrumbList","@id":"https:\/\/www.reseau-entreprendre.org\/val-de-marne\/antenne-de-rungis\/#breadcrumb","itemListElement":[{"@type":"ListItem","position":1,"name":"Accueil","item":"https:\/\/www.reseau-entreprendre.org\/val-de-marne\/"},{"@type":"ListItem","position":2,"name":"Antenne de Rungis"}]},{"@type":"WebSite","@id":"https:\/\/www.reseau-entreprendre.org\/val-de-marne\/#website","url":"https:\/\/www.reseau-entreprendre.org\/val-de-marne\/","name":"R\u00e9seau Entreprendre Val de Marne","description":"","potentialAction":[{"@type":"SearchAction","target":{"@type":"EntryPoint","urlTemplate":"https:\/\/www.reseau-entreprendre.org\/val-de-marne\/?s={search_term_string}"},"query-input":{"@type":"PropertyValueSpecification","valueRequired":true,"valueName":"search_term_string"}}],"inLanguage":"fr-FR"}]}},"_links":{"self":[{"href":"https:\/\/www.reseau-entreprendre.org\/val-de-marne\/wp-json\/wp\/v2\/pages\/4252","targetHints":{"allow":["GET"]}}],"collection":[{"href":"https:\/\/www.reseau-entreprendre.org\/val-de-marne\/wp-json\/wp\/v2\/pages"}],"about":[{"href":"https:\/\/www.reseau-entreprendre.org\/val-de-marne\/wp-json\/wp\/v2\/types\/page"}],"author":[{"embeddable":true,"href":"https:\/\/www.reseau-entreprendre.org\/val-de-marne\/wp-json\/wp\/v2\/users\/29"}],"replies":[{"embeddable":true,"href":"https:\/\/www.reseau-entreprendre.org\/val-de-marne\/wp-json\/wp\/v2\/comments?post=4252"}],"version-history":[{"count":0,"href":"https:\/\/www.reseau-entreprendre.org\/val-de-marne\/wp-json\/wp\/v2\/pages\/4252\/revisions"}],"wp:attachment":[{"href":"https:\/\/www.reseau-entreprendre.org\/val-de-marne\/wp-json\/wp\/v2\/media?parent=4252"}],"curies":[{"name":"wp","href":"https:\/\/api.w.org\/{rel}","templated":true}]}}