{"id":15,"date":"2017-04-28T12:33:47","date_gmt":"2017-04-28T10:33:47","guid":{"rendered":"https:\/\/www.reseau-entreprendre.org\/var\/?page_id=15"},"modified":"2022-02-08T15:21:15","modified_gmt":"2022-02-08T14:21:15","slug":"accompagner","status":"publish","type":"page","link":"https:\/\/www.reseau-entreprendre.org\/var\/accompagner\/","title":{"rendered":"ACCOMPAGNER"},"content":{"rendered":"\n<h1 class=\"wp-block-heading\" id=\"l-engagement-des-chefs-d-entreprise-au-coeur-du-modele-reseau-entreprendre\">L\u2019engagement des chefs d\u2019entreprise au c\u0153ur du mod\u00e8le R\u00e9seau Entreprendre<\/h1>\n\n\n\n<div class=\"container\">\n<div class=\"row row-icon-box row-eq-height \">&nbsp;<\/div>\n<\/div>\n\n\n\n<h4 class=\"wp-block-heading\">&nbsp;<\/h4>\n\n\n\n<h4 class=\"wp-block-heading\" id=\"un-reseau-100-chefs-d-entreprise-un-accompagnement-100-chef-d-entreprise\"><span style=\"font-size: 28px\">Un r\u00e9seau 100% chefs d\u2019entreprise &#8230; <\/span><span style=\"font-size: 28px\">un accompagnement 100% chef d\u2019entreprise !<\/span><\/h4>\n\n\n\n<p><span style=\"font-size: 1rem;color: #666666\">R\u00e9seau Entreprendre Var est <strong>une aventure humaine<\/strong> port\u00e9e par une \u00e9quipe de <a style=\"color: #666666\" href=\"https:\/\/www.reseau-entreprendre.org\/var\/ils-temoignent\/\">70 membres<\/a> sur le territoire varois, chefs d\u2019entreprise de tous secteurs d\u2019activit\u00e9, dirigeants confirm\u00e9s d\u00e9sireux de consacrer du temps pour encadrer, conseiller et accompagner des cr\u00e9ateurs et des repreneurs d\u2019entreprise <strong>vers la r\u00e9ussite et la cr\u00e9ation d\u2019emploi<\/strong>. Leur engagement est porteur de valeur ajout\u00e9e pour les porteurs de projet et pour les laur\u00e9ats. Ils interviennent \u00e0 tous les niveaux de la vie de l&#8217;association : validation des projets, Comit\u00e9 d&#8217;Engagement, accompagnement des cr\u00e9ateurs et repreneurs d&#8217;entreprise laur\u00e9ats, animations diverses, t\u00e9moignages, cooptation de nouveaux adh\u00e9rents, etc.<\/span><\/p>\n\n\n\n<p><span style=\"color: #666666\">Tous nos membres sont des <strong>b\u00e9n\u00e9voles<\/strong>. Leur engagement au sein de l\u2019association est aliment\u00e9 par leur <strong>passion de l&#8217;entrepreneuriat<\/strong> et leur envie de la transmettre \u00e0 de nouveaux entrepreneurs. <span style=\"font-size: 1rem\">Gr\u00e2ce \u00e0 l\u2019entraide b\u00e9n\u00e9vole des chefs d\u2019entreprise, R\u00e9seau Entreprendre Var est une v\u00e9ritable communaut\u00e9 de solidarit\u00e9. <\/span>Les laur\u00e9ats de R\u00e9seau Entreprendre b\u00e9n\u00e9ficient de l\u2019appui d\u2019un parrain pendant un accompagnement d&#8217;une p\u00e9riode de deux \u00e0 trois ans. <span style=\"font-size: 1rem\">Le lien de confiance qui s\u2019installe favorise un v\u00e9ritable partage d&#8217;exp\u00e9riences et ainsi d\u2019accompagner vers la r\u00e9ussite le nouvel entrepreneur !<\/span><\/span><\/p>\n\n\n\n<p><span style=\"font-size: 1rem;color: #666666\">Le financement de R\u00e9seau Entreprendre Var est essentiellement priv\u00e9. Une cotisation est ainsi requise pour int\u00e9grer R\u00e9seau Entreprendre Var. <\/span><\/p>\n\n\n\n<h4 class=\"wp-block-heading\">&nbsp;<\/h4>\n\n\n\n<h4 class=\"wp-block-heading\" id=\"et-vous\"><span style=\"font-size: 28px\">Et vous ?<\/span><\/h4>\n\n\n\n<p><span style=\"color: #666666\">Vous souhaitez vous engager aux c\u00f4t\u00e9s des chefs d\u2019entreprise du Var et rejoindre une association reconnue d\u2019int\u00e9r\u00eat g\u00e9n\u00e9ral ? Vous avez envie de transmettre votre exp\u00e9rience \u00e0 de nouveaux entrepreneurs ?<\/span><\/p>\n\n\n\n<p><span style=\"color: #666666\">Votre participation est libre et adapt\u00e9e \u00e0 vos disponibilit\u00e9s : vous pourrez participer \u00e0 un comit\u00e9 d\u2019engagement pour vous prononcer sur la candidature d\u2019un entrepreneur, accompagner dans la dur\u00e9e un laur\u00e9at pour r\u00e9ussir.<\/span><\/p>\n\n\n\n<p><span style=\"color: #666666\">De plus, devenir membre de R\u00e9seau Entreprendre Var vous permet d\u2019int\u00e9grer une communaut\u00e9 d\u2019entrepreneurs, de participer \u00e0 la vie de l\u2019association, \u00e0 l\u2019ensemble des \u00e9v\u00e9nements et de faire partie du r\u00e9seau social interne. <span style=\"font-size: 16px\">Rejoignez un r\u00e9seau unique d&#8217;entraide entrepreneuriale, pr\u00e9sent partout en France et \u00e0 l&#8217;international !<\/span><\/span><\/p>\n\n\n\n<hr class=\"wp-block-separator\" \/>\n\n\n\n<h4 class=\"wp-block-heading\" id=\"vous-souhaitez-vous-engageravec-reseau-entreprendre\">Vous souhaitez vous engager<br>avec R\u00e9seau Entreprendre ?<\/h4>\n\n\n\n<div class=\"wp-block-buttons is-layout-flex wp-block-buttons-is-layout-flex\">\n<div class=\"wp-block-button\"><a class=\"wp-block-button__link\" href=\"https:\/\/www.reseau-entreprendre.org\/var\/contact\/\" target=\"_blank\" rel=\"noreferrer noopener\">CONTACT<\/a><\/div>\n<\/div>\n\n\n\n<p><\/p>\n","protected":false},"excerpt":{"rendered":"<p>L\u2019engagement des chefs d\u2019entreprise au c\u0153ur du mod\u00e8le R\u00e9seau Entreprendre<\/p>\n","protected":false},"author":50,"featured_media":0,"parent":0,"menu_order":0,"comment_status":"closed","ping_status":"closed","template":"","meta":{"_acf_changed":false,"_monsterinsights_skip_tracking":false,"_monsterinsights_sitenote_active":false,"_monsterinsights_sitenote_note":"","_monsterinsights_sitenote_category":0,"footnotes":""},"class_list":["post-15","page","type-page","status-publish","hentry"],"acf":[],"yoast_head":"<!-- This site is optimized with the Yoast SEO plugin v27.4 - https:\/\/yoast.com\/product\/yoast-seo-wordpress\/ -->\n<title>Accompagner| Reseau Entreprendre Var<\/title>\n<meta name=\"description\" content=\"Vous \u00eates chef d&#039;entreprise et souhaitez accompagner de nouveaux entrepreneurs ? Devenez membre b\u00e9n\u00e9vole de R\u00e9seau Entreprendre Var !\" \/>\n<meta name=\"robots\" content=\"index, follow, max-snippet:-1, max-image-preview:large, max-video-preview:-1\" \/>\n<link rel=\"canonical\" href=\"https:\/\/www.reseau-entreprendre.org\/var\/accompagner\/\" \/>\n<meta property=\"og:locale\" content=\"fr_FR\" \/>\n<meta property=\"og:type\" content=\"article\" \/>\n<meta property=\"og:title\" content=\"Accompagner| Reseau Entreprendre Var\" \/>\n<meta property=\"og:description\" content=\"Vous \u00eates chef d&#039;entreprise et souhaitez accompagner de nouveaux entrepreneurs ? Devenez membre b\u00e9n\u00e9vole de R\u00e9seau Entreprendre Var !\" \/>\n<meta property=\"og:url\" content=\"https:\/\/www.reseau-entreprendre.org\/var\/accompagner\/\" \/>\n<meta property=\"og:site_name\" content=\"R\u00e9seau Entreprendre Var\" \/>\n<meta property=\"article:modified_time\" content=\"2022-02-08T14:21:15+00:00\" \/>\n<meta name=\"twitter:card\" content=\"summary_large_image\" \/>\n<meta name=\"twitter:label1\" content=\"Dur\u00e9e de lecture estim\u00e9e\" \/>\n\t<meta name=\"twitter:data1\" content=\"2 minutes\" \/>\n<script type=\"application\/ld+json\" class=\"yoast-schema-graph\">{\"@context\":\"https:\\\/\\\/schema.org\",\"@graph\":[{\"@type\":\"WebPage\",\"@id\":\"https:\\\/\\\/www.reseau-entreprendre.org\\\/var\\\/accompagner\\\/\",\"url\":\"https:\\\/\\\/www.reseau-entreprendre.org\\\/var\\\/accompagner\\\/\",\"name\":\"Accompagner| Reseau Entreprendre Var\",\"isPartOf\":{\"@id\":\"https:\\\/\\\/www.reseau-entreprendre.org\\\/var\\\/#website\"},\"datePublished\":\"2017-04-28T10:33:47+00:00\",\"dateModified\":\"2022-02-08T14:21:15+00:00\",\"description\":\"Vous \u00eates chef d'entreprise et souhaitez accompagner de nouveaux entrepreneurs ? Devenez membre b\u00e9n\u00e9vole de R\u00e9seau Entreprendre Var !\",\"breadcrumb\":{\"@id\":\"https:\\\/\\\/www.reseau-entreprendre.org\\\/var\\\/accompagner\\\/#breadcrumb\"},\"inLanguage\":\"fr-FR\",\"potentialAction\":[{\"@type\":\"ReadAction\",\"target\":[\"https:\\\/\\\/www.reseau-entreprendre.org\\\/var\\\/accompagner\\\/\"]}]},{\"@type\":\"BreadcrumbList\",\"@id\":\"https:\\\/\\\/www.reseau-entreprendre.org\\\/var\\\/accompagner\\\/#breadcrumb\",\"itemListElement\":[{\"@type\":\"ListItem\",\"position\":1,\"name\":\"Accueil\",\"item\":\"https:\\\/\\\/www.reseau-entreprendre.org\\\/var\\\/\"},{\"@type\":\"ListItem\",\"position\":2,\"name\":\"ACCOMPAGNER\"}]},{\"@type\":\"WebSite\",\"@id\":\"https:\\\/\\\/www.reseau-entreprendre.org\\\/var\\\/#website\",\"url\":\"https:\\\/\\\/www.reseau-entreprendre.org\\\/var\\\/\",\"name\":\"R\u00e9seau Entreprendre Var\",\"description\":\"Aucun entrepreneur ne doit rester seul \",\"potentialAction\":[{\"@type\":\"SearchAction\",\"target\":{\"@type\":\"EntryPoint\",\"urlTemplate\":\"https:\\\/\\\/www.reseau-entreprendre.org\\\/var\\\/?s={search_term_string}\"},\"query-input\":{\"@type\":\"PropertyValueSpecification\",\"valueRequired\":true,\"valueName\":\"search_term_string\"}}],\"inLanguage\":\"fr-FR\"}]}<\/script>\n<!-- \/ Yoast SEO plugin. -->","yoast_head_json":{"title":"Accompagner| Reseau Entreprendre Var","description":"Vous \u00eates chef d'entreprise et souhaitez accompagner de nouveaux entrepreneurs ? Devenez membre b\u00e9n\u00e9vole de R\u00e9seau Entreprendre Var !","robots":{"index":"index","follow":"follow","max-snippet":"max-snippet:-1","max-image-preview":"max-image-preview:large","max-video-preview":"max-video-preview:-1"},"canonical":"https:\/\/www.reseau-entreprendre.org\/var\/accompagner\/","og_locale":"fr_FR","og_type":"article","og_title":"Accompagner| Reseau Entreprendre Var","og_description":"Vous \u00eates chef d'entreprise et souhaitez accompagner de nouveaux entrepreneurs ? Devenez membre b\u00e9n\u00e9vole de R\u00e9seau Entreprendre Var !","og_url":"https:\/\/www.reseau-entreprendre.org\/var\/accompagner\/","og_site_name":"R\u00e9seau Entreprendre Var","article_modified_time":"2022-02-08T14:21:15+00:00","twitter_card":"summary_large_image","twitter_misc":{"Dur\u00e9e de lecture estim\u00e9e":"2 minutes"},"schema":{"@context":"https:\/\/schema.org","@graph":[{"@type":"WebPage","@id":"https:\/\/www.reseau-entreprendre.org\/var\/accompagner\/","url":"https:\/\/www.reseau-entreprendre.org\/var\/accompagner\/","name":"Accompagner| Reseau Entreprendre Var","isPartOf":{"@id":"https:\/\/www.reseau-entreprendre.org\/var\/#website"},"datePublished":"2017-04-28T10:33:47+00:00","dateModified":"2022-02-08T14:21:15+00:00","description":"Vous \u00eates chef d'entreprise et souhaitez accompagner de nouveaux entrepreneurs ? Devenez membre b\u00e9n\u00e9vole de R\u00e9seau Entreprendre Var !","breadcrumb":{"@id":"https:\/\/www.reseau-entreprendre.org\/var\/accompagner\/#breadcrumb"},"inLanguage":"fr-FR","potentialAction":[{"@type":"ReadAction","target":["https:\/\/www.reseau-entreprendre.org\/var\/accompagner\/"]}]},{"@type":"BreadcrumbList","@id":"https:\/\/www.reseau-entreprendre.org\/var\/accompagner\/#breadcrumb","itemListElement":[{"@type":"ListItem","position":1,"name":"Accueil","item":"https:\/\/www.reseau-entreprendre.org\/var\/"},{"@type":"ListItem","position":2,"name":"ACCOMPAGNER"}]},{"@type":"WebSite","@id":"https:\/\/www.reseau-entreprendre.org\/var\/#website","url":"https:\/\/www.reseau-entreprendre.org\/var\/","name":"R\u00e9seau Entreprendre Var","description":"Aucun entrepreneur ne doit rester seul ","potentialAction":[{"@type":"SearchAction","target":{"@type":"EntryPoint","urlTemplate":"https:\/\/www.reseau-entreprendre.org\/var\/?s={search_term_string}"},"query-input":{"@type":"PropertyValueSpecification","valueRequired":true,"valueName":"search_term_string"}}],"inLanguage":"fr-FR"}]}},"_links":{"self":[{"href":"https:\/\/www.reseau-entreprendre.org\/var\/wp-json\/wp\/v2\/pages\/15","targetHints":{"allow":["GET"]}}],"collection":[{"href":"https:\/\/www.reseau-entreprendre.org\/var\/wp-json\/wp\/v2\/pages"}],"about":[{"href":"https:\/\/www.reseau-entreprendre.org\/var\/wp-json\/wp\/v2\/types\/page"}],"author":[{"embeddable":true,"href":"https:\/\/www.reseau-entreprendre.org\/var\/wp-json\/wp\/v2\/users\/50"}],"replies":[{"embeddable":true,"href":"https:\/\/www.reseau-entreprendre.org\/var\/wp-json\/wp\/v2\/comments?post=15"}],"version-history":[{"count":0,"href":"https:\/\/www.reseau-entreprendre.org\/var\/wp-json\/wp\/v2\/pages\/15\/revisions"}],"wp:attachment":[{"href":"https:\/\/www.reseau-entreprendre.org\/var\/wp-json\/wp\/v2\/media?parent=15"}],"curies":[{"name":"wp","href":"https:\/\/api.w.org\/{rel}","templated":true}]}}