{"id":17,"date":"2017-04-28T12:34:01","date_gmt":"2017-04-28T10:34:01","guid":{"rendered":"https:\/\/www.reseau-entreprendre.org\/var\/?page_id=17"},"modified":"2023-05-31T16:14:16","modified_gmt":"2023-05-31T14:14:16","slug":"soutenir","status":"publish","type":"page","link":"https:\/\/www.reseau-entreprendre.org\/var\/soutenir\/","title":{"rendered":"SOUTENIR"},"content":{"rendered":"\n<h2 class=\"wp-block-heading\" id=\"pourquoi-devenir-partenaire-de-reseau-entreprendre-var\">Pourquoi devenir partenaire de R\u00e9seau Entreprendre Var ?<\/h2>\n\n\n\n<p><span style=\"color: #666666\">R\u00e9seau Entreprendre a \u00e9t\u00e9 cr\u00e9\u00e9 \u00e0 l\u2019initiative de chefs d\u2019entreprise ayant la volont\u00e9 de dynamiser leur territoire et de contribuer \u00e0 la cr\u00e9ation d&#8217;emplois. Aujourd\u2019hui encore, ce sont les chefs d\u2019entreprise b\u00e9n\u00e9voles et les partenaires qui contribuent par leurs comp\u00e9tences, leur \u00e9nergie et leur apport financier \u00e0 la r\u00e9ussite des nouveaux entrepreneurs. R\u00e9seau Entreprendre est une grande communaut\u00e9 internationale unie par les m\u00eames valeurs: l&#8217;important c&#8217;est la <strong>personne<\/strong> et son potentiel \u00e0 devenir entrepreneur, le principe c&#8217;est la <strong>gratuit\u00e9<\/strong> de l&#8217;aide et l&#8217;esprit c&#8217;est la <strong>r\u00e9ciprocit\u00e9<\/strong> et l&#8217;entraide.<\/span><\/p>\n\n\n\n<p><span style=\"color: #666666\">En accompagnant nos \u00e9v\u00e9nements, les partenaires vivent et partagent des moments uniques de convivialit\u00e9 et d\u2019\u00e9nergie.<\/span><\/p>\n\n\n\n<div class=\"container\">\n<div class=\"row row-icon-box row-eq-height \">\n<div class=\"col-sm-6\">\n<div class=\"col-sm-12 picto-box \"><img loading=\"lazy\" decoding=\"async\" class=\"alignnone size-full wp-image-430\" src=\"https:\/\/www.reseau-entreprendre.org\/wp-content\/uploads\/2017\/04\/chef-entreprise.png\" alt=\"chef entreprise\" width=\"100\" height=\"100\"><br><span style=\"color: #666666\">Une communaut\u00e9 de<strong><br><span style=\"color: #268597\">14 500 chefs d\u2019entreprise<\/span><br><\/strong>de PME et start-up<\/span><\/div>\n<\/div>\n<div class=\"col-sm-6\">\n<div class=\"col-sm-12 picto-box \"><img loading=\"lazy\" decoding=\"async\" class=\"alignnone wp-image-338 size-full\" src=\"https:\/\/www.reseau-entreprendre.org\/wp-content\/uploads\/2017\/04\/people.png\" alt=\"\" width=\"100\" height=\"100\"><br><span style=\"color: #666666\">Des entrepreneurs<br>\u201claur\u00e9ats\u201d <span style=\"color: #268597\"><strong>\u00e0 succ\u00e8s<\/strong><\/span><br>et<strong><span style=\"color: #268597\"> innovants<\/span><\/strong><\/span><\/div>\n<\/div>\n<\/div>\n<\/div>\n\n\n\n<div class=\"container\">\n<div class=\"row row-icon-box row-eq-height \">\n<div class=\"col-sm-6\">\n<div class=\"col-sm-12 picto-box \"><img loading=\"lazy\" decoding=\"async\" class=\"alignnone wp-image-431 size-full\" src=\"https:\/\/www.reseau-entreprendre.org\/wp-content\/uploads\/2017\/04\/monde.png\" alt=\"monde\" width=\"100\" height=\"100\"><br><span style=\"color: #666666\">Un maillage territorial de<br><span style=\"color: #268597\"><strong>130 implantations<\/strong><\/span><br>dans <span style=\"color: #268597\"><strong>10 pays<\/strong><\/span><\/span><\/div>\n<\/div>\n<div class=\"col-sm-6\">\n<div class=\"col-sm-12 picto-box \"><img loading=\"lazy\" decoding=\"async\" class=\"alignnone wp-image-284 size-full\" src=\"https:\/\/www.reseau-entreprendre.org\/wp-content\/uploads\/2017\/04\/accompagner-2.png\" alt=\"accompagner\" width=\"100\" height=\"100\"><br><span style=\"color: #666666\">Des <strong><span style=\"color: #268597\">supports<\/span><\/strong> de<\/span><br><span style=\"color: #666666\">communication et des<\/span><br><span style=\"color: #666666\"><span style=\"color: #268597\"><strong>\u00e9v\u00e9nements<\/strong><\/span> multiples<\/span><\/div>\n<\/div>\n<\/div>\n<\/div>\n\n\n\n<div class=\"row row-icon-box row-eq-height \">&nbsp;<\/div>\n\n\n\n<div>&nbsp;<\/div>\n\n\n\n<h3 class=\"wp-block-heading\" id=\"etre-partenaire-de-reseau-entreprendre-var-c-est\"><span style=\"color: #666666\">\u00catre partenaire de R\u00e9seau Entreprendre Var, c&#8217;est :<\/span><\/h3>\n\n\n\n<ul class=\"wp-block-list\">\n<li>Contribuer \u00e0 la naissance des start-ups \u00e0 succ\u00e8s<\/li>\n\n\n\n<li>Booster votre cr\u00e9ativit\u00e9 et votre innovation<\/li>\n\n\n\n<li>Afficher votre soutien \u00e0 l\u2019\u00e9conomie et \u00e0 la cr\u00e9ation d\u2019emplois dans le territoire<\/li>\n\n\n\n<li>Soutenir des projets ambitieux<\/li>\n<\/ul>\n\n\n\n<h3 class=\"wp-block-heading\" id=\"mais-egalement\">&#8230; mais \u00e9galement :<\/h3>\n\n\n\n<ul class=\"wp-block-list\">\n<li>B\u00e9n\u00e9ficier d&#8217;une<span style=\"color: #666666\"> visibilit\u00e9 globale sur l&#8217;ensemble des actions de communication (logo visible sur les supports de communication, sur le site internet, salons, etc.). La diffusion des supports de communication est \u00e9largie. Elle touche aussi bien les membres, les laur\u00e9ats, les partenaires que l\u2019ensemble des acteurs \u00e9conomiques locaux. <\/span><\/li>\n\n\n\n<li>Participer aux \u00e9v\u00e9nements tout au long de l\u2019ann\u00e9e : les F\u00eates des Laur\u00e9ats, les Conviviales ou encore les Clubs des Laur\u00e9ats et Comit\u00e9s d\u2019engagement.<\/li>\n<\/ul>\n\n\n\n<hr class=\"wp-block-separator has-css-opacity\" \/>\n\n\n\n<p><span style=\"color: #666666\"><span style=\"font-size: 16px;text-align: center\">En vous associant \u00e0 R\u00e9seau Entreprendre, vous b\u00e9n\u00e9ficiez de l\u2019acc\u00e8s \u00e0 <strong>une communaut\u00e9 internationale <\/strong><\/span><strong><span style=\"font-size: 16px\">100% chefs d\u2019entreprise<\/span><\/strong><span style=\"font-size: 16px;text-align: center\">. En rejoignant R\u00e9seau Entreprendre, vous contribuez \u00e0 la <\/span><\/span><span style=\"font-size: 16px;text-align: center\">cr\u00e9ation d\u2019emplois<\/span><span style=\"color: #666666\"><span style=\"font-size: 16px;text-align: center\"> et participez aux actions d\u2019un <strong>r\u00e9seau d\u2019entrepreneurs ambitieux<\/strong>.<\/span><\/span><\/p>\n\n\n\n<p><\/p>\n\n\n\n<p><\/p>\n\n\n\n<h4 class=\"wp-block-heading\">Vous souhaitez \u00eatre accompagn\u00e9<br>par R\u00e9seau Entreprendre ?<\/h4>\n\n\n\n<div class=\"wp-block-buttons is-layout-flex wp-block-buttons-is-layout-flex\">\n<div class=\"wp-block-button\"><a class=\"wp-block-button__link wp-element-button\" href=\"https:\/\/www.reseau-entreprendre.org\/var\/contact\/\">CONTACT<\/a><\/div>\n<\/div>\n\n\n\n<p><\/p>\n","protected":false},"excerpt":{"rendered":"<p>Pourquoi devenir partenaire de R\u00e9seau Entreprendre Var ? R\u00e9seau Entreprendre<\/p>\n","protected":false},"author":50,"featured_media":0,"parent":0,"menu_order":0,"comment_status":"closed","ping_status":"closed","template":"","meta":{"_acf_changed":false,"_monsterinsights_skip_tracking":false,"_monsterinsights_sitenote_active":false,"_monsterinsights_sitenote_note":"","_monsterinsights_sitenote_category":0,"footnotes":""},"class_list":["post-17","page","type-page","status-publish","hentry"],"acf":[],"yoast_head":"<!-- This site is optimized with the Yoast SEO plugin v27.4 - https:\/\/yoast.com\/product\/yoast-seo-wordpress\/ -->\n<title>Soutenir | Reseau Entreprendre Var<\/title>\n<meta name=\"description\" content=\"Partenaire, vous souhaitez soutenir un r\u00e9seau 100% chefs d&#039;entreprise ? Rejoignez R\u00e9seau Entreprendre Var\" \/>\n<meta name=\"robots\" content=\"index, follow, max-snippet:-1, max-image-preview:large, max-video-preview:-1\" \/>\n<link rel=\"canonical\" href=\"https:\/\/www.reseau-entreprendre.org\/var\/soutenir\/\" \/>\n<meta property=\"og:locale\" content=\"fr_FR\" \/>\n<meta property=\"og:type\" content=\"article\" \/>\n<meta property=\"og:title\" content=\"Soutenir | Reseau Entreprendre Var\" \/>\n<meta property=\"og:description\" content=\"Partenaire, vous souhaitez soutenir un r\u00e9seau 100% chefs d&#039;entreprise ? Rejoignez R\u00e9seau Entreprendre Var\" \/>\n<meta property=\"og:url\" content=\"https:\/\/www.reseau-entreprendre.org\/var\/soutenir\/\" \/>\n<meta property=\"og:site_name\" content=\"R\u00e9seau Entreprendre Var\" \/>\n<meta property=\"article:modified_time\" content=\"2023-05-31T14:14:16+00:00\" \/>\n<meta property=\"og:image\" content=\"https:\/\/www.reseau-entreprendre.org\/wp-content\/uploads\/2017\/04\/chef-entreprise.png\" \/>\n<meta name=\"twitter:card\" content=\"summary_large_image\" \/>\n<meta name=\"twitter:label1\" content=\"Dur\u00e9e de lecture estim\u00e9e\" \/>\n\t<meta name=\"twitter:data1\" content=\"3 minutes\" \/>\n<script type=\"application\/ld+json\" class=\"yoast-schema-graph\">{\"@context\":\"https:\\\/\\\/schema.org\",\"@graph\":[{\"@type\":\"WebPage\",\"@id\":\"https:\\\/\\\/www.reseau-entreprendre.org\\\/var\\\/soutenir\\\/\",\"url\":\"https:\\\/\\\/www.reseau-entreprendre.org\\\/var\\\/soutenir\\\/\",\"name\":\"Soutenir | Reseau Entreprendre Var\",\"isPartOf\":{\"@id\":\"https:\\\/\\\/www.reseau-entreprendre.org\\\/var\\\/#website\"},\"primaryImageOfPage\":{\"@id\":\"https:\\\/\\\/www.reseau-entreprendre.org\\\/var\\\/soutenir\\\/#primaryimage\"},\"image\":{\"@id\":\"https:\\\/\\\/www.reseau-entreprendre.org\\\/var\\\/soutenir\\\/#primaryimage\"},\"thumbnailUrl\":\"https:\\\/\\\/www.reseau-entreprendre.org\\\/wp-content\\\/uploads\\\/2017\\\/04\\\/chef-entreprise.png\",\"datePublished\":\"2017-04-28T10:34:01+00:00\",\"dateModified\":\"2023-05-31T14:14:16+00:00\",\"description\":\"Partenaire, vous souhaitez soutenir un r\u00e9seau 100% chefs d'entreprise ? Rejoignez R\u00e9seau Entreprendre Var\",\"breadcrumb\":{\"@id\":\"https:\\\/\\\/www.reseau-entreprendre.org\\\/var\\\/soutenir\\\/#breadcrumb\"},\"inLanguage\":\"fr-FR\",\"potentialAction\":[{\"@type\":\"ReadAction\",\"target\":[\"https:\\\/\\\/www.reseau-entreprendre.org\\\/var\\\/soutenir\\\/\"]}]},{\"@type\":\"ImageObject\",\"inLanguage\":\"fr-FR\",\"@id\":\"https:\\\/\\\/www.reseau-entreprendre.org\\\/var\\\/soutenir\\\/#primaryimage\",\"url\":\"https:\\\/\\\/www.reseau-entreprendre.org\\\/wp-content\\\/uploads\\\/2017\\\/04\\\/chef-entreprise.png\",\"contentUrl\":\"https:\\\/\\\/www.reseau-entreprendre.org\\\/wp-content\\\/uploads\\\/2017\\\/04\\\/chef-entreprise.png\"},{\"@type\":\"BreadcrumbList\",\"@id\":\"https:\\\/\\\/www.reseau-entreprendre.org\\\/var\\\/soutenir\\\/#breadcrumb\",\"itemListElement\":[{\"@type\":\"ListItem\",\"position\":1,\"name\":\"Accueil\",\"item\":\"https:\\\/\\\/www.reseau-entreprendre.org\\\/var\\\/\"},{\"@type\":\"ListItem\",\"position\":2,\"name\":\"SOUTENIR\"}]},{\"@type\":\"WebSite\",\"@id\":\"https:\\\/\\\/www.reseau-entreprendre.org\\\/var\\\/#website\",\"url\":\"https:\\\/\\\/www.reseau-entreprendre.org\\\/var\\\/\",\"name\":\"R\u00e9seau Entreprendre Var\",\"description\":\"Aucun entrepreneur ne doit rester seul \",\"potentialAction\":[{\"@type\":\"SearchAction\",\"target\":{\"@type\":\"EntryPoint\",\"urlTemplate\":\"https:\\\/\\\/www.reseau-entreprendre.org\\\/var\\\/?s={search_term_string}\"},\"query-input\":{\"@type\":\"PropertyValueSpecification\",\"valueRequired\":true,\"valueName\":\"search_term_string\"}}],\"inLanguage\":\"fr-FR\"}]}<\/script>\n<!-- \/ Yoast SEO plugin. -->","yoast_head_json":{"title":"Soutenir | Reseau Entreprendre Var","description":"Partenaire, vous souhaitez soutenir un r\u00e9seau 100% chefs d'entreprise ? Rejoignez R\u00e9seau Entreprendre Var","robots":{"index":"index","follow":"follow","max-snippet":"max-snippet:-1","max-image-preview":"max-image-preview:large","max-video-preview":"max-video-preview:-1"},"canonical":"https:\/\/www.reseau-entreprendre.org\/var\/soutenir\/","og_locale":"fr_FR","og_type":"article","og_title":"Soutenir | Reseau Entreprendre Var","og_description":"Partenaire, vous souhaitez soutenir un r\u00e9seau 100% chefs d'entreprise ? Rejoignez R\u00e9seau Entreprendre Var","og_url":"https:\/\/www.reseau-entreprendre.org\/var\/soutenir\/","og_site_name":"R\u00e9seau Entreprendre Var","article_modified_time":"2023-05-31T14:14:16+00:00","og_image":[{"url":"https:\/\/www.reseau-entreprendre.org\/wp-content\/uploads\/2017\/04\/chef-entreprise.png","type":"","width":"","height":""}],"twitter_card":"summary_large_image","twitter_misc":{"Dur\u00e9e de lecture estim\u00e9e":"3 minutes"},"schema":{"@context":"https:\/\/schema.org","@graph":[{"@type":"WebPage","@id":"https:\/\/www.reseau-entreprendre.org\/var\/soutenir\/","url":"https:\/\/www.reseau-entreprendre.org\/var\/soutenir\/","name":"Soutenir | Reseau Entreprendre Var","isPartOf":{"@id":"https:\/\/www.reseau-entreprendre.org\/var\/#website"},"primaryImageOfPage":{"@id":"https:\/\/www.reseau-entreprendre.org\/var\/soutenir\/#primaryimage"},"image":{"@id":"https:\/\/www.reseau-entreprendre.org\/var\/soutenir\/#primaryimage"},"thumbnailUrl":"https:\/\/www.reseau-entreprendre.org\/wp-content\/uploads\/2017\/04\/chef-entreprise.png","datePublished":"2017-04-28T10:34:01+00:00","dateModified":"2023-05-31T14:14:16+00:00","description":"Partenaire, vous souhaitez soutenir un r\u00e9seau 100% chefs d'entreprise ? Rejoignez R\u00e9seau Entreprendre Var","breadcrumb":{"@id":"https:\/\/www.reseau-entreprendre.org\/var\/soutenir\/#breadcrumb"},"inLanguage":"fr-FR","potentialAction":[{"@type":"ReadAction","target":["https:\/\/www.reseau-entreprendre.org\/var\/soutenir\/"]}]},{"@type":"ImageObject","inLanguage":"fr-FR","@id":"https:\/\/www.reseau-entreprendre.org\/var\/soutenir\/#primaryimage","url":"https:\/\/www.reseau-entreprendre.org\/wp-content\/uploads\/2017\/04\/chef-entreprise.png","contentUrl":"https:\/\/www.reseau-entreprendre.org\/wp-content\/uploads\/2017\/04\/chef-entreprise.png"},{"@type":"BreadcrumbList","@id":"https:\/\/www.reseau-entreprendre.org\/var\/soutenir\/#breadcrumb","itemListElement":[{"@type":"ListItem","position":1,"name":"Accueil","item":"https:\/\/www.reseau-entreprendre.org\/var\/"},{"@type":"ListItem","position":2,"name":"SOUTENIR"}]},{"@type":"WebSite","@id":"https:\/\/www.reseau-entreprendre.org\/var\/#website","url":"https:\/\/www.reseau-entreprendre.org\/var\/","name":"R\u00e9seau Entreprendre Var","description":"Aucun entrepreneur ne doit rester seul ","potentialAction":[{"@type":"SearchAction","target":{"@type":"EntryPoint","urlTemplate":"https:\/\/www.reseau-entreprendre.org\/var\/?s={search_term_string}"},"query-input":{"@type":"PropertyValueSpecification","valueRequired":true,"valueName":"search_term_string"}}],"inLanguage":"fr-FR"}]}},"_links":{"self":[{"href":"https:\/\/www.reseau-entreprendre.org\/var\/wp-json\/wp\/v2\/pages\/17","targetHints":{"allow":["GET"]}}],"collection":[{"href":"https:\/\/www.reseau-entreprendre.org\/var\/wp-json\/wp\/v2\/pages"}],"about":[{"href":"https:\/\/www.reseau-entreprendre.org\/var\/wp-json\/wp\/v2\/types\/page"}],"author":[{"embeddable":true,"href":"https:\/\/www.reseau-entreprendre.org\/var\/wp-json\/wp\/v2\/users\/50"}],"replies":[{"embeddable":true,"href":"https:\/\/www.reseau-entreprendre.org\/var\/wp-json\/wp\/v2\/comments?post=17"}],"version-history":[{"count":0,"href":"https:\/\/www.reseau-entreprendre.org\/var\/wp-json\/wp\/v2\/pages\/17\/revisions"}],"wp:attachment":[{"href":"https:\/\/www.reseau-entreprendre.org\/var\/wp-json\/wp\/v2\/media?parent=17"}],"curies":[{"name":"wp","href":"https:\/\/api.w.org\/{rel}","templated":true}]}}