{"id":19,"date":"2017-04-28T12:34:18","date_gmt":"2017-04-28T10:34:18","guid":{"rendered":"https:\/\/www.reseau-entreprendre.org\/var\/?page_id=19"},"modified":"2026-04-01T11:01:21","modified_gmt":"2026-04-01T09:01:21","slug":"contact","status":"publish","type":"page","link":"https:\/\/www.reseau-entreprendre.org\/var\/contact\/","title":{"rendered":"Contact"},"content":{"rendered":"\n<h2 class=\"wp-block-heading\">Vous souhaitez&#8230;<\/h2>\n\n\n\n<div style=\"height:20px\" aria-hidden=\"true\" class=\"wp-block-spacer\"><\/div>\n\n\n\n<div class=\"wp-block-group is-content-justification-left is-nowrap is-layout-flex wp-container-core-group-is-layout-f56a869c wp-block-group-is-layout-flex\">\n<div class=\"wp-block-buttons is-layout-flex wp-block-buttons-is-layout-flex\">\n<div class=\"wp-block-button is-style-outline is-style-outline--1\"><a class=\"wp-block-button__link has-re-red-color has-text-color wp-element-button\" href=\"https:\/\/www.reseau-entreprendre.org\/var\/deposer-une-demande\/\" style=\"border-radius:4px\"><strong>ENTREPRENDRE<\/strong><\/a><\/div>\n<\/div>\n\n\n\n<div class=\"wp-block-buttons is-layout-flex wp-block-buttons-is-layout-flex\">\n<div class=\"wp-block-button has-custom-width wp-block-button__width-100 is-style-outline is-style-outline--2\"><a class=\"wp-block-button__link has-re-yellow-color has-text-color wp-element-button\" href=\"https:\/\/www.reseau-entreprendre.org\/var\/formulaire-benevole\/\" style=\"border-radius:4px\"><strong>S&#8217;ENGAGER<\/strong><\/a><\/div>\n<\/div>\n\n\n\n<div class=\"wp-block-buttons is-layout-flex wp-block-buttons-is-layout-flex\">\n<div class=\"wp-block-button is-style-outline is-style-outline--3\"><a class=\"wp-block-button__link has-re-blue-color has-text-color wp-element-button\" style=\"border-radius:4px\"><strong>SOUTENIR<\/strong><\/a><\/div>\n<\/div>\n\n\n\n<div class=\"wp-block-buttons is-layout-flex wp-block-buttons-is-layout-flex\"><\/div>\n<\/div>\n\n\n\n<hr class=\"wp-block-separator has-css-opacity\" \/>\n\n\n\n<h2 class=\"wp-block-heading\">Une simple question ?  Appelez &#8211; nous  !<\/h2>\n\n\n\n<div style=\"height:34px\" aria-hidden=\"true\" class=\"wp-block-spacer\"><\/div>\n\n\n\n<div class=\"wp-block-columns is-layout-flex wp-container-core-columns-is-layout-9d6595d7 wp-block-columns-is-layout-flex\">\n<div class=\"wp-block-column is-layout-flow wp-block-column-is-layout-flow\">\n<div class=\"wp-block-columns is-layout-flex wp-container-core-columns-is-layout-9d6595d7 wp-block-columns-is-layout-flex\">\n<div class=\"wp-block-column is-layout-flow wp-block-column-is-layout-flow\" style=\"flex-basis:33.33%\">\n<figure class=\"wp-block-image size-large is-resized\"><img loading=\"lazy\" decoding=\"async\" width=\"36\" height=\"113\" src=\"https:\/\/www.reseau-entreprendre.org\/var\/wp-content\/uploads\/sites\/49\/2021\/09\/icon-mail.svg\" alt=\"\" class=\"wp-image-1632\" style=\"width:33px;height:auto\" \/><\/figure>\n<\/div>\n\n\n\n<div class=\"wp-block-column is-layout-flow wp-block-column-is-layout-flow\" style=\"flex-basis:66.66%\">\n<p class=\"has-normal-font-size\">var@reseau-entreprendre.org<\/p>\n\n\n\n<p>06 73 26 26 61<\/p>\n<\/div>\n<\/div>\n<\/div>\n\n\n\n<div class=\"wp-block-column is-layout-flow wp-block-column-is-layout-flow\">\n<div class=\"wp-block-columns is-layout-flex wp-container-core-columns-is-layout-9d6595d7 wp-block-columns-is-layout-flex\">\n<div class=\"wp-block-column is-layout-flow wp-block-column-is-layout-flow\" style=\"flex-basis:33.33%\">\n<figure class=\"wp-block-image size-large is-resized\"><img loading=\"lazy\" decoding=\"async\" width=\"36\" height=\"113\" src=\"https:\/\/www.reseau-entreprendre.org\/var\/wp-content\/uploads\/sites\/49\/2021\/09\/icon-map-marker.svg\" alt=\"\" class=\"wp-image-1631\" style=\"width:30px;height:auto\" \/><\/figure>\n<\/div>\n\n\n\n<div class=\"wp-block-column is-layout-flow wp-block-column-is-layout-flow\" style=\"flex-basis:66.66%\">\n<p class=\"has-normal-font-size\">Maison du Num\u00e9rique et de l\u2019Innovation<br>Place Georges Pompidou<br>83000 Toulon<\/p>\n<\/div>\n<\/div>\n<\/div>\n<\/div>\n\n\n\n<div class=\"wp-block-columns is-layout-flex wp-container-core-columns-is-layout-9d6595d7 wp-block-columns-is-layout-flex\">\n<div class=\"wp-block-column is-layout-flow wp-block-column-is-layout-flow\"><div data-block_1521630ad79b222e4daa5d25e35c8917 class=\"re-team-member alignauto\">\n  <figure>\n          <img decoding=\"async\" data-aos=\"fade-right\" src=\"https:\/\/www.reseau-entreprendre.org\/var\/wp-content\/uploads\/sites\/49\/2026\/03\/one-2-300x300.jpg\" alt=\"\">\n      <\/figure>\n  <aside>\n    <h2 class=\"name\">Thomas LANNUZEL<\/h2>\n    <div class=\"title\">Pr\u00e9sident<\/div>\n    <div class=\"subtitle\"><\/div>\n\n    \n  <\/aside>\n<\/div>\n<\/div>\n\n\n\n<div class=\"wp-block-column is-layout-flow wp-block-column-is-layout-flow\"><div data-block_3d9b0188079ccb52ee98081e027d307e class=\"re-team-member alignauto\">\n  <figure>\n          <img decoding=\"async\" data-aos=\"fade-right\" src=\"https:\/\/www.reseau-entreprendre.org\/var\/wp-content\/uploads\/sites\/49\/2024\/01\/Capture-decran-2024-01-30-a-09.27.59-300x300.png\" alt=\"\">\n      <\/figure>\n  <aside>\n    <h2 class=\"name\">Fabiola VELAZQUEZ<\/h2>\n    <div class=\"title\">Directrice<\/div>\n    <div class=\"subtitle\"><\/div>\n\n          <hr>\n      <div class=\"contacts\">\n                  <a href=\"tel:07 87 14 54 03\">\n            <svg class=\"icon\" width=\"21\" height=\"21\" viewBox=\"0 0 21 21\" fill=\"none\" xmlns=\"http:\/\/www.w3.org\/2000\/svg\">\n<path fill-rule=\"evenodd\" clip-rule=\"evenodd\" d=\"M13.3175 12.1719L11.6419 13.4649C11.2577 13.7615 10.7185 13.7468 10.3515 13.4297L8.8791 12.1571L7.57142 10.6437C7.25433 10.2766 7.23958 9.73741 7.53537 9.35393L8.82912 7.67824C9.1839 7.21774 9.19209 6.57778 8.84878 6.10908L5.59351 1.66134C5.03225 0.894374 3.91957 0.771463 3.22067 1.41388C-2.42875 6.60892 4.33171 13.9082 5.60498 15.1914L5.60334 15.193C5.60334 15.193 13.8845 24.0115 19.5987 17.7602C20.232 17.0678 20.0944 15.9649 19.3365 15.4093L14.8858 12.1522C14.4171 11.8089 13.778 11.8162 13.3175 12.1719Z\" stroke=\"#1595BF\" stroke-width=\"1.2\"\/>\n<\/svg>            <span>07 87 14 54 03<\/span>\n          <\/a>\n                          <a href=\"mailto:fvelazquez@reseau-entreprendre.org\">\n            <svg class=\"icon\" width=\"24\" height=\"19\" viewBox=\"0 0 24 19\" fill=\"none\" xmlns=\"http:\/\/www.w3.org\/2000\/svg\">\n    <path fill-rule=\"evenodd\" clip-rule=\"evenodd\" d=\"M19.4756 17.9137H4.59479C2.83079 17.9137 1.40039 16.4833 1.40039 14.7193V4.59455C1.40039 2.83055 2.83079 1.40015 4.59479 1.40015H19.4756C21.2404 1.40015 22.67 2.83055 22.67 4.59455V14.7193C22.67 16.4833 21.2404 17.9137 19.4756 17.9137Z\"  stroke-width=\"1.2\"\/>\n    <path d=\"M2.3418 2.33014L11.0154 11.0733C11.577 11.6397 12.493 11.6397 13.0546 11.0733L21.7282 2.33014\"  stroke-width=\"1.2\"\/>\n    <path d=\"M9.6106 9.65674L2.3418 16.9839\" stroke-width=\"1.2\"\/>\n    <path d=\"M14.46 9.65674L21.7288 16.9839\" stroke-width=\"1.2\"\/>\n<\/svg>            <span>fvelazquez@reseau-entreprendre.org<\/span>\n          <\/a>\n              <\/div>\n    \n  <\/aside>\n<\/div>\n<\/div>\n\n\n\n<div class=\"wp-block-column is-layout-flow wp-block-column-is-layout-flow\">\n<div class=\"wp-block-group is-nowrap is-layout-flex wp-container-core-group-is-layout-ad2f72ca wp-block-group-is-layout-flex\"><div data-block_a8bce3a648600e54f96e3a4d442b15ca class=\"re-team-member alignauto\">\n  <figure>\n          <img decoding=\"async\" data-aos=\"fade-right\" src=\"https:\/\/www.reseau-entreprendre.org\/var\/wp-content\/uploads\/sites\/49\/2024\/01\/438-300x300.jpg\" alt=\"\">\n      <\/figure>\n  <aside>\n    <h2 class=\"name\">Christophe BOUREAU<\/h2>\n    <div class=\"title\">B\u00e9n\u00e9vole<\/div>\n    <div class=\"subtitle\"><\/div>\n\n          <hr>\n      <div class=\"contacts\">\n                  <a href=\"tel:06 88 91 23 97\">\n            <svg class=\"icon\" width=\"21\" height=\"21\" viewBox=\"0 0 21 21\" fill=\"none\" xmlns=\"http:\/\/www.w3.org\/2000\/svg\">\n<path fill-rule=\"evenodd\" clip-rule=\"evenodd\" d=\"M13.3175 12.1719L11.6419 13.4649C11.2577 13.7615 10.7185 13.7468 10.3515 13.4297L8.8791 12.1571L7.57142 10.6437C7.25433 10.2766 7.23958 9.73741 7.53537 9.35393L8.82912 7.67824C9.1839 7.21774 9.19209 6.57778 8.84878 6.10908L5.59351 1.66134C5.03225 0.894374 3.91957 0.771463 3.22067 1.41388C-2.42875 6.60892 4.33171 13.9082 5.60498 15.1914L5.60334 15.193C5.60334 15.193 13.8845 24.0115 19.5987 17.7602C20.232 17.0678 20.0944 15.9649 19.3365 15.4093L14.8858 12.1522C14.4171 11.8089 13.778 11.8162 13.3175 12.1719Z\" stroke=\"#1595BF\" stroke-width=\"1.2\"\/>\n<\/svg>            <span>06 88 91 23 97<\/span>\n          <\/a>\n                          <a href=\"mailto:cboureau@reseau-entreprendre.org\">\n            <svg class=\"icon\" width=\"24\" height=\"19\" viewBox=\"0 0 24 19\" fill=\"none\" xmlns=\"http:\/\/www.w3.org\/2000\/svg\">\n    <path fill-rule=\"evenodd\" clip-rule=\"evenodd\" d=\"M19.4756 17.9137H4.59479C2.83079 17.9137 1.40039 16.4833 1.40039 14.7193V4.59455C1.40039 2.83055 2.83079 1.40015 4.59479 1.40015H19.4756C21.2404 1.40015 22.67 2.83055 22.67 4.59455V14.7193C22.67 16.4833 21.2404 17.9137 19.4756 17.9137Z\"  stroke-width=\"1.2\"\/>\n    <path d=\"M2.3418 2.33014L11.0154 11.0733C11.577 11.6397 12.493 11.6397 13.0546 11.0733L21.7282 2.33014\"  stroke-width=\"1.2\"\/>\n    <path d=\"M9.6106 9.65674L2.3418 16.9839\" stroke-width=\"1.2\"\/>\n    <path d=\"M14.46 9.65674L21.7288 16.9839\" stroke-width=\"1.2\"\/>\n<\/svg>            <span>cboureau@reseau-entreprendre.org<\/span>\n          <\/a>\n              <\/div>\n    \n  <\/aside>\n<\/div>\n<\/div>\n<\/div>\n<\/div>\n\n\n\n<div class=\"wp-block-columns is-layout-flex wp-container-core-columns-is-layout-9d6595d7 wp-block-columns-is-layout-flex\">\n<div class=\"wp-block-column is-layout-flow wp-block-column-is-layout-flow\"><div data-block_62e2afb63d1915447bdabea9a58d72d6 class=\"re-team-member alignauto\">\n  <figure>\n          <img decoding=\"async\" data-aos=\"fade-right\" src=\"https:\/\/www.reseau-entreprendre.org\/var\/wp-content\/uploads\/sites\/49\/2024\/07\/1711277406805-300x300.jpeg\" alt=\"\">\n      <\/figure>\n  <aside>\n    <h2 class=\"name\">Emilie PAG\u00c8S<\/h2>\n    <div class=\"title\">Charg\u00e9e de communication<\/div>\n    <div class=\"subtitle\"><\/div>\n\n          <hr>\n      <div class=\"contacts\">\n                          <a href=\"mailto:epages@reseau-entreprendre.org\">\n            <svg class=\"icon\" width=\"24\" height=\"19\" viewBox=\"0 0 24 19\" fill=\"none\" xmlns=\"http:\/\/www.w3.org\/2000\/svg\">\n    <path fill-rule=\"evenodd\" clip-rule=\"evenodd\" d=\"M19.4756 17.9137H4.59479C2.83079 17.9137 1.40039 16.4833 1.40039 14.7193V4.59455C1.40039 2.83055 2.83079 1.40015 4.59479 1.40015H19.4756C21.2404 1.40015 22.67 2.83055 22.67 4.59455V14.7193C22.67 16.4833 21.2404 17.9137 19.4756 17.9137Z\"  stroke-width=\"1.2\"\/>\n    <path d=\"M2.3418 2.33014L11.0154 11.0733C11.577 11.6397 12.493 11.6397 13.0546 11.0733L21.7282 2.33014\"  stroke-width=\"1.2\"\/>\n    <path d=\"M9.6106 9.65674L2.3418 16.9839\" stroke-width=\"1.2\"\/>\n    <path d=\"M14.46 9.65674L21.7288 16.9839\" stroke-width=\"1.2\"\/>\n<\/svg>            <span>epages@reseau-entreprendre.org<\/span>\n          <\/a>\n              <\/div>\n    \n  <\/aside>\n<\/div>\n<\/div>\n\n\n\n<div class=\"wp-block-column is-layout-flow wp-block-column-is-layout-flow\"><div data-block_3723f026f05b74b36784c8b663ea6192 class=\"re-team-member alignauto\">\n  <figure>\n          <img decoding=\"async\" data-aos=\"fade-right\" src=\"https:\/\/www.reseau-entreprendre.org\/var\/wp-content\/uploads\/sites\/49\/2024\/08\/Emma-Cerny-300x300.jpg\" alt=\"\">\n      <\/figure>\n  <aside>\n    <h2 class=\"name\">Emma Cerny<\/h2>\n    <div class=\"title\">Charg\u00e9e de communication<\/div>\n    <div class=\"subtitle\"><\/div>\n\n          <hr>\n      <div class=\"contacts\">\n                  <a href=\"tel:06 08 05 43 11\">\n            <svg class=\"icon\" width=\"21\" height=\"21\" viewBox=\"0 0 21 21\" fill=\"none\" xmlns=\"http:\/\/www.w3.org\/2000\/svg\">\n<path fill-rule=\"evenodd\" clip-rule=\"evenodd\" d=\"M13.3175 12.1719L11.6419 13.4649C11.2577 13.7615 10.7185 13.7468 10.3515 13.4297L8.8791 12.1571L7.57142 10.6437C7.25433 10.2766 7.23958 9.73741 7.53537 9.35393L8.82912 7.67824C9.1839 7.21774 9.19209 6.57778 8.84878 6.10908L5.59351 1.66134C5.03225 0.894374 3.91957 0.771463 3.22067 1.41388C-2.42875 6.60892 4.33171 13.9082 5.60498 15.1914L5.60334 15.193C5.60334 15.193 13.8845 24.0115 19.5987 17.7602C20.232 17.0678 20.0944 15.9649 19.3365 15.4093L14.8858 12.1522C14.4171 11.8089 13.778 11.8162 13.3175 12.1719Z\" stroke=\"#1595BF\" stroke-width=\"1.2\"\/>\n<\/svg>            <span>06 08 05 43 11<\/span>\n          <\/a>\n                          <a href=\"mailto:ecerny@reseau-entreprendre.org\">\n            <svg class=\"icon\" width=\"24\" height=\"19\" viewBox=\"0 0 24 19\" fill=\"none\" xmlns=\"http:\/\/www.w3.org\/2000\/svg\">\n    <path fill-rule=\"evenodd\" clip-rule=\"evenodd\" d=\"M19.4756 17.9137H4.59479C2.83079 17.9137 1.40039 16.4833 1.40039 14.7193V4.59455C1.40039 2.83055 2.83079 1.40015 4.59479 1.40015H19.4756C21.2404 1.40015 22.67 2.83055 22.67 4.59455V14.7193C22.67 16.4833 21.2404 17.9137 19.4756 17.9137Z\"  stroke-width=\"1.2\"\/>\n    <path d=\"M2.3418 2.33014L11.0154 11.0733C11.577 11.6397 12.493 11.6397 13.0546 11.0733L21.7282 2.33014\"  stroke-width=\"1.2\"\/>\n    <path d=\"M9.6106 9.65674L2.3418 16.9839\" stroke-width=\"1.2\"\/>\n    <path d=\"M14.46 9.65674L21.7288 16.9839\" stroke-width=\"1.2\"\/>\n<\/svg>            <span>ecerny@reseau-entreprendre.org<\/span>\n          <\/a>\n              <\/div>\n    \n  <\/aside>\n<\/div>\n<\/div>\n<\/div>\n\n\n\n<div style=\"height:34px\" aria-hidden=\"true\" class=\"wp-block-spacer\"><\/div>\n\n\n\n<hr class=\"wp-block-separator has-css-opacity\" \/>\n","protected":false},"excerpt":{"rendered":"<p>Vous souhaitez&#8230; Une simple question ? Appelez &#8211; nous !<\/p>\n","protected":false},"author":50,"featured_media":0,"parent":0,"menu_order":0,"comment_status":"closed","ping_status":"closed","template":"","meta":{"_acf_changed":false,"_monsterinsights_skip_tracking":false,"_monsterinsights_sitenote_active":false,"_monsterinsights_sitenote_note":"","_monsterinsights_sitenote_category":0,"footnotes":""},"class_list":["post-19","page","type-page","status-publish","hentry"],"acf":[],"yoast_head":"<!-- This site is optimized with the Yoast SEO plugin v27.4 - https:\/\/yoast.com\/product\/yoast-seo-wordpress\/ -->\n<title>Contact | Reseau Entreprendre Var<\/title>\n<meta name=\"description\" content=\"Contactez R\u00e9seau Entreprendre Var pour \u00eatre accompagn\u00e9 par un chef d&#039;entreprise de votre r\u00e9gion, devenir membre ou partenaire\" \/>\n<meta name=\"robots\" content=\"index, follow, max-snippet:-1, max-image-preview:large, max-video-preview:-1\" \/>\n<link rel=\"canonical\" href=\"https:\/\/www.reseau-entreprendre.org\/var\/contact\/\" \/>\n<meta property=\"og:locale\" content=\"fr_FR\" \/>\n<meta property=\"og:type\" content=\"article\" \/>\n<meta property=\"og:title\" content=\"Contact | Reseau Entreprendre Var\" \/>\n<meta property=\"og:description\" content=\"Contactez R\u00e9seau Entreprendre Var pour \u00eatre accompagn\u00e9 par un chef d&#039;entreprise de votre r\u00e9gion, devenir membre ou partenaire\" \/>\n<meta property=\"og:url\" content=\"https:\/\/www.reseau-entreprendre.org\/var\/contact\/\" \/>\n<meta property=\"og:site_name\" content=\"R\u00e9seau Entreprendre Var\" \/>\n<meta property=\"article:modified_time\" content=\"2026-04-01T09:01:21+00:00\" \/>\n<meta name=\"twitter:card\" content=\"summary_large_image\" \/>\n<meta name=\"twitter:label1\" content=\"Dur\u00e9e de lecture estim\u00e9e\" \/>\n\t<meta name=\"twitter:data1\" content=\"1 minute\" \/>\n<script type=\"application\/ld+json\" class=\"yoast-schema-graph\">{\"@context\":\"https:\\\/\\\/schema.org\",\"@graph\":[{\"@type\":\"WebPage\",\"@id\":\"https:\\\/\\\/www.reseau-entreprendre.org\\\/var\\\/contact\\\/\",\"url\":\"https:\\\/\\\/www.reseau-entreprendre.org\\\/var\\\/contact\\\/\",\"name\":\"Contact | Reseau Entreprendre Var\",\"isPartOf\":{\"@id\":\"https:\\\/\\\/www.reseau-entreprendre.org\\\/var\\\/#website\"},\"primaryImageOfPage\":{\"@id\":\"https:\\\/\\\/www.reseau-entreprendre.org\\\/var\\\/contact\\\/#primaryimage\"},\"image\":{\"@id\":\"https:\\\/\\\/www.reseau-entreprendre.org\\\/var\\\/contact\\\/#primaryimage\"},\"thumbnailUrl\":\"https:\\\/\\\/www.reseau-entreprendre.org\\\/var\\\/wp-content\\\/uploads\\\/sites\\\/49\\\/2021\\\/09\\\/icon-mail.svg\",\"datePublished\":\"2017-04-28T10:34:18+00:00\",\"dateModified\":\"2026-04-01T09:01:21+00:00\",\"description\":\"Contactez R\u00e9seau Entreprendre Var pour \u00eatre accompagn\u00e9 par un chef d'entreprise de votre r\u00e9gion, devenir membre ou partenaire\",\"breadcrumb\":{\"@id\":\"https:\\\/\\\/www.reseau-entreprendre.org\\\/var\\\/contact\\\/#breadcrumb\"},\"inLanguage\":\"fr-FR\",\"potentialAction\":[{\"@type\":\"ReadAction\",\"target\":[\"https:\\\/\\\/www.reseau-entreprendre.org\\\/var\\\/contact\\\/\"]}]},{\"@type\":\"ImageObject\",\"inLanguage\":\"fr-FR\",\"@id\":\"https:\\\/\\\/www.reseau-entreprendre.org\\\/var\\\/contact\\\/#primaryimage\",\"url\":\"https:\\\/\\\/www.reseau-entreprendre.org\\\/var\\\/wp-content\\\/uploads\\\/sites\\\/49\\\/2021\\\/09\\\/icon-mail.svg\",\"contentUrl\":\"https:\\\/\\\/www.reseau-entreprendre.org\\\/var\\\/wp-content\\\/uploads\\\/sites\\\/49\\\/2021\\\/09\\\/icon-mail.svg\",\"width\":36,\"height\":113},{\"@type\":\"BreadcrumbList\",\"@id\":\"https:\\\/\\\/www.reseau-entreprendre.org\\\/var\\\/contact\\\/#breadcrumb\",\"itemListElement\":[{\"@type\":\"ListItem\",\"position\":1,\"name\":\"Accueil\",\"item\":\"https:\\\/\\\/www.reseau-entreprendre.org\\\/var\\\/\"},{\"@type\":\"ListItem\",\"position\":2,\"name\":\"Contact\"}]},{\"@type\":\"WebSite\",\"@id\":\"https:\\\/\\\/www.reseau-entreprendre.org\\\/var\\\/#website\",\"url\":\"https:\\\/\\\/www.reseau-entreprendre.org\\\/var\\\/\",\"name\":\"R\u00e9seau Entreprendre Var\",\"description\":\"Aucun entrepreneur ne doit rester seul \",\"potentialAction\":[{\"@type\":\"SearchAction\",\"target\":{\"@type\":\"EntryPoint\",\"urlTemplate\":\"https:\\\/\\\/www.reseau-entreprendre.org\\\/var\\\/?s={search_term_string}\"},\"query-input\":{\"@type\":\"PropertyValueSpecification\",\"valueRequired\":true,\"valueName\":\"search_term_string\"}}],\"inLanguage\":\"fr-FR\"}]}<\/script>\n<!-- \/ Yoast SEO plugin. -->","yoast_head_json":{"title":"Contact | Reseau Entreprendre Var","description":"Contactez R\u00e9seau Entreprendre Var pour \u00eatre accompagn\u00e9 par un chef d'entreprise de votre r\u00e9gion, devenir membre ou partenaire","robots":{"index":"index","follow":"follow","max-snippet":"max-snippet:-1","max-image-preview":"max-image-preview:large","max-video-preview":"max-video-preview:-1"},"canonical":"https:\/\/www.reseau-entreprendre.org\/var\/contact\/","og_locale":"fr_FR","og_type":"article","og_title":"Contact | Reseau Entreprendre Var","og_description":"Contactez R\u00e9seau Entreprendre Var pour \u00eatre accompagn\u00e9 par un chef d'entreprise de votre r\u00e9gion, devenir membre ou partenaire","og_url":"https:\/\/www.reseau-entreprendre.org\/var\/contact\/","og_site_name":"R\u00e9seau Entreprendre Var","article_modified_time":"2026-04-01T09:01:21+00:00","twitter_card":"summary_large_image","twitter_misc":{"Dur\u00e9e de lecture estim\u00e9e":"1 minute"},"schema":{"@context":"https:\/\/schema.org","@graph":[{"@type":"WebPage","@id":"https:\/\/www.reseau-entreprendre.org\/var\/contact\/","url":"https:\/\/www.reseau-entreprendre.org\/var\/contact\/","name":"Contact | Reseau Entreprendre Var","isPartOf":{"@id":"https:\/\/www.reseau-entreprendre.org\/var\/#website"},"primaryImageOfPage":{"@id":"https:\/\/www.reseau-entreprendre.org\/var\/contact\/#primaryimage"},"image":{"@id":"https:\/\/www.reseau-entreprendre.org\/var\/contact\/#primaryimage"},"thumbnailUrl":"https:\/\/www.reseau-entreprendre.org\/var\/wp-content\/uploads\/sites\/49\/2021\/09\/icon-mail.svg","datePublished":"2017-04-28T10:34:18+00:00","dateModified":"2026-04-01T09:01:21+00:00","description":"Contactez R\u00e9seau Entreprendre Var pour \u00eatre accompagn\u00e9 par un chef d'entreprise de votre r\u00e9gion, devenir membre ou partenaire","breadcrumb":{"@id":"https:\/\/www.reseau-entreprendre.org\/var\/contact\/#breadcrumb"},"inLanguage":"fr-FR","potentialAction":[{"@type":"ReadAction","target":["https:\/\/www.reseau-entreprendre.org\/var\/contact\/"]}]},{"@type":"ImageObject","inLanguage":"fr-FR","@id":"https:\/\/www.reseau-entreprendre.org\/var\/contact\/#primaryimage","url":"https:\/\/www.reseau-entreprendre.org\/var\/wp-content\/uploads\/sites\/49\/2021\/09\/icon-mail.svg","contentUrl":"https:\/\/www.reseau-entreprendre.org\/var\/wp-content\/uploads\/sites\/49\/2021\/09\/icon-mail.svg","width":36,"height":113},{"@type":"BreadcrumbList","@id":"https:\/\/www.reseau-entreprendre.org\/var\/contact\/#breadcrumb","itemListElement":[{"@type":"ListItem","position":1,"name":"Accueil","item":"https:\/\/www.reseau-entreprendre.org\/var\/"},{"@type":"ListItem","position":2,"name":"Contact"}]},{"@type":"WebSite","@id":"https:\/\/www.reseau-entreprendre.org\/var\/#website","url":"https:\/\/www.reseau-entreprendre.org\/var\/","name":"R\u00e9seau Entreprendre Var","description":"Aucun entrepreneur ne doit rester seul ","potentialAction":[{"@type":"SearchAction","target":{"@type":"EntryPoint","urlTemplate":"https:\/\/www.reseau-entreprendre.org\/var\/?s={search_term_string}"},"query-input":{"@type":"PropertyValueSpecification","valueRequired":true,"valueName":"search_term_string"}}],"inLanguage":"fr-FR"}]}},"_links":{"self":[{"href":"https:\/\/www.reseau-entreprendre.org\/var\/wp-json\/wp\/v2\/pages\/19","targetHints":{"allow":["GET"]}}],"collection":[{"href":"https:\/\/www.reseau-entreprendre.org\/var\/wp-json\/wp\/v2\/pages"}],"about":[{"href":"https:\/\/www.reseau-entreprendre.org\/var\/wp-json\/wp\/v2\/types\/page"}],"author":[{"embeddable":true,"href":"https:\/\/www.reseau-entreprendre.org\/var\/wp-json\/wp\/v2\/users\/50"}],"replies":[{"embeddable":true,"href":"https:\/\/www.reseau-entreprendre.org\/var\/wp-json\/wp\/v2\/comments?post=19"}],"version-history":[{"count":0,"href":"https:\/\/www.reseau-entreprendre.org\/var\/wp-json\/wp\/v2\/pages\/19\/revisions"}],"wp:attachment":[{"href":"https:\/\/www.reseau-entreprendre.org\/var\/wp-json\/wp\/v2\/media?parent=19"}],"curies":[{"name":"wp","href":"https:\/\/api.w.org\/{rel}","templated":true}]}}